{"id":20096,"date":"2024-03-01T16:55:58","date_gmt":"2024-03-01T15:55:58","guid":{"rendered":"https:\/\/u15jnbdpoq.preview.infomaniak.website\/produit\/50-pastaschachteln-aus-weissem-karton-16-x-5-cm\/"},"modified":"2026-04-18T02:12:50","modified_gmt":"2026-04-18T00:12:50","slug":"50-pastaschachteln-aus-weissem-karton-16-x-5-cm","status":"publish","type":"product","link":"https:\/\/www.csj-emballages.com\/de\/produit\/50-pastaschachteln-aus-weissem-karton-16-x-5-cm\/","title":{"rendered":"Konditoreidose aus wei\u00dfem Karton 16 x 5 cm pro 50"},"content":{"rendered":"<h2 class=\"ai-optimize-26\">Konditoreischachtel<\/h2>\n<hr>\n<h3 class=\"ai-optimize-27\">Beschreibung unserer Konditoreidose aus wei\u00dfem Karton 16 x 5 cm pro 50 St\u00fcck<\/h3>\n<p><!--more--><\/p>\n<div class=\"flex-1 overflow-hidden\">\n<div class=\"h-full\">\n<div class=\"react-scroll-to-bottom--css-topht-79elbk h-full\">\n<div class=\"react-scroll-to-bottom--css-topht-1n7m0yu\">\n<div class=\"flex flex-col text-sm md:pb-9\">\n<article class=\"w-full text-token-text-primary focus-visible:outline-2 focus-visible:outline-offset-[-4px]\" dir=\"auto\" data-testid=\"conversation-turn-3\" data-scroll-anchor=\"true\">\n<div class=\"text-base py-[18px] px-3 md:px-4 m-auto w-full md:px-5 lg:px-1 xl:px-5\">\n<div class=\"mx-auto flex flex-1 gap-4 text-base md:gap-5 lg:gap-6 md:max-w-3xl lg:max-w-[40rem] xl:max-w-[48rem]\">\n<div class=\"group\/conversation-turn relative flex w-full min-w-0 flex-col agent-turn\">\n<div class=\"flex-col gap-1 md:gap-3\">\n<div class=\"flex max-w-full flex-col flex-grow\">\n<div class=\"min-h-[20px] text-message flex w-full flex-col items-end gap-2 whitespace-normal break-words [.text-message+&amp;]:mt-5\" dir=\"auto\" data-message-author-role=\"assistant\" data-message-id=\"9b3be93c-2125-4d4a-a54f-505a21bded71\">\n<div class=\"flex w-full flex-col gap-1 empty:hidden first:pt-[3px]\">\n<div class=\"markdown prose w-full break-words dark:prose-invert light\">\n<div class=\"flex-1 overflow-hidden\">\n<div class=\"h-full\">\n<div class=\"react-scroll-to-bottom--css-topht-79elbk h-full\">\n<div class=\"react-scroll-to-bottom--css-topht-1n7m0yu\">\n<div class=\"flex flex-col text-sm md:pb-9\">\n<article class=\"w-full text-token-text-primary focus-visible:outline-2 focus-visible:outline-offset-[-4px]\" dir=\"auto\" data-testid=\"conversation-turn-3\" data-scroll-anchor=\"true\">\n<div class=\"text-base py-[18px] px-3 md:px-4 m-auto w-full md:px-5 lg:px-1 xl:px-5\">\n<div class=\"mx-auto flex flex-1 gap-4 text-base md:gap-5 lg:gap-6 md:max-w-3xl lg:max-w-[40rem] xl:max-w-[48rem]\">\n<div class=\"group\/conversation-turn relative flex w-full min-w-0 flex-col agent-turn\">\n<div class=\"flex-col gap-1 md:gap-3\">\n<div class=\"flex max-w-full flex-col flex-grow\">\n<div class=\"min-h-[20px] text-message flex w-full flex-col items-end gap-2 whitespace-normal break-words [.text-message+&amp;]:mt-5\" dir=\"auto\" data-message-author-role=\"assistant\" data-message-id=\"9b3be93c-2125-4d4a-a54f-505a21bded71\">\n<div class=\"flex w-full flex-col gap-1 empty:hidden first:pt-[3px]\">\n<div class=\"markdown prose w-full break-words dark:prose-invert light\">\n<p class=\"ai-optimize-42 ai-optimize-introduction\" data-start=\"381\" data-end=\"723\">Ob B\u00e4ckerei- und Konditoreiprofis, Caterer oder leidenschaftliche Hobbyb\u00e4cker &#8211; diese <strong>16 x 5 cm<\/strong> gro\u00dfe <strong>Konditoreischachtel aus wei\u00dfem Karton<\/strong> ist ein Muss f\u00fcr Ihren Alltag. Sie ist schlicht, elegant und wurde entwickelt, um <strong data-start=\"589\" data-end=\"616\">Ihre Kreationen aufzuwerten<\/strong>. Sie bietet Ihnen eine praktische und hygienische L\u00f6sung f\u00fcr den Transport und die Pr\u00e4sentation Ihrer Desserts. <\/p>\n<p class=\"ai-optimize-43\" data-start=\"725\" data-end=\"1049\">Sie besteht aus festem, lebensmittelechtem <strong>Karton<\/strong> und eignet sich <strong data-start=\"785\" data-end=\"839\">hervorragend f\u00fcr einzelne Geb\u00e4ckst\u00fccke<\/strong>, Mignardises, Kuchenst\u00fccke, kleine Desserts oder sogar feine K\u00e4sesorten. Die <strong data-start=\"918\" data-end=\"937\">wei\u00dfe Farbe<\/strong> verleiht ihr ein professionelles Aussehen und hebt gleichzeitig Ihre Produkte hervor, ohne \u00fcberfl\u00fcssige Volants oder Visualisierungen. <\/p>\n<p class=\"ai-optimize-44\" data-start=\"1051\" data-end=\"1297\">Das kompakte Format von <strong>16 cm L\u00e4nge<\/strong> und <strong>5 cm H\u00f6he<\/strong> macht sie zu einer sehr <strong data-start=\"1129\" data-end=\"1144\">vielseitigen<\/strong> <strong>Konditoreidose<\/strong>, die sich ideal f\u00fcr kleine Formate zum Mitnehmen eignet. Sie l\u00e4sst sich <strong data-start=\"1192\" data-end=\"1214\">schnell<\/strong> und ohne Klebstoff <strong data-start=\"1192\" data-end=\"1214\">zusammenbauen<\/strong>, sodass Sie bei der Zubereitung wertvolle Zeit sparen. <\/p>\n<p class=\"ai-optimize-45\" data-start=\"1299\" data-end=\"1505\">Ebenso erf\u00fcllt diese Box, die in <strong data-start=\"1310\" data-end=\"1330\">Packungen zu 50 St\u00fcck<\/strong> geliefert wird, die Anforderungen an professionelle Mengen.<\/p>\n<p>&nbsp;<\/p>\n<p><!--more--><\/p>\n<\/div>\n<\/div>\n<\/div>\n<\/div>\n<\/div>\n<\/div>\n<\/div>\n<\/div>\n<\/article>\n<\/div>\n<\/div>\n<\/div>\n<\/div>\n<\/div>\n<div class=\"flex-1 overflow-hidden\">\n<div class=\"h-full\">\n<div class=\"react-scroll-to-bottom--css-topht-79elbk h-full\">\n<div class=\"react-scroll-to-bottom--css-topht-1n7m0yu\">\n<div class=\"flex flex-col text-sm md:pb-9\">\n<article class=\"w-full text-token-text-primary focus-visible:outline-2 focus-visible:outline-offset-[-4px]\" dir=\"auto\" data-testid=\"conversation-turn-3\" data-scroll-anchor=\"true\">\n<div class=\"text-base py-[18px] px-3 md:px-4 m-auto w-full md:px-5 lg:px-1 xl:px-5\">\n<div class=\"mx-auto flex flex-1 gap-4 text-base md:gap-5 lg:gap-6 md:max-w-3xl lg:max-w-[40rem] xl:max-w-[48rem]\">\n<div class=\"group\/conversation-turn relative flex w-full min-w-0 flex-col agent-turn\">\n<div class=\"flex-col gap-1 md:gap-3\">\n<div class=\"flex max-w-full flex-col flex-grow\">\n<div class=\"min-h-[20px] text-message flex w-full flex-col items-end gap-2 whitespace-normal break-words [.text-message+&amp;]:mt-5\" dir=\"auto\" data-message-author-role=\"assistant\" data-message-id=\"9b3be93c-2125-4d4a-a54f-505a21bded71\">\n<div class=\"flex w-full flex-col gap-1 empty:hidden first:pt-[3px]\">\n<div class=\"markdown prose w-full break-words dark:prose-invert light\">\n<p class=\"ai-optimize-35\">Sie k\u00f6nnen sie f\u00fcr verschiedene Arten von Geb\u00e4ck verwenden, von Kuchen bis hin zu Kleingeb\u00e4ck.<\/p>\n<\/div>\n<\/div>\n<\/div>\n<\/div>\n<\/div>\n<\/div>\n<\/div>\n<\/div>\n<\/article>\n<\/div>\n<\/div>\n<\/div>\n<\/div>\n<\/div>\n<p>&nbsp;<\/p>\n<p><!--more--><\/p>\n<h4 class=\"ai-optimize-36\"><strong>Ihre Vorteile :<\/strong><\/h4>\n<ul>\n<li class=\"ai-optimize-37\"><strong>Kompaktes und praktisches Format<\/strong>: perfekt f\u00fcr eine Einzelportion.<\/li>\n<li class=\"ai-optimize-38\">Hochwertiger <strong>Hartkarton <\/strong>: guter Halt, auch bei feuchten Produkten.<\/li>\n<li class=\"ai-optimize-39\"><strong>50er-Pack<\/strong>: kosteng\u00fcnstig und f\u00fcr den regelm\u00e4\u00dfigen Bedarf geeignet.<\/li>\n<li class=\"ai-optimize-40\">Diese Konditoreibox ist schnell und einfach zu montieren.<\/li>\n<li class=\"ai-optimize-46\">Dank ihres schlichten und professionellen Looks wertet sie alle Arten von Kreationen auf.<\/li>\n<\/ul>\n<p>&nbsp;<\/p>\n<p><!--more--><\/p>\n<p class=\"ai-optimize-47\">Alle unsere Konditoreidosen in der H\u00f6he 5 cm sind hier erh\u00e4ltlich : <span style=\"color: #d12727;\"><a style=\"color: #d12727;\" href=\"https:\/\/www.csj-emballages.com\/es\/produit\/50-cajas-de-carton-blanco-para-pasteleria-de-14-x-5-cm\/\">14 x 5 cm<\/a><\/span> \/ <span style=\"color: #d12727;\"><a style=\"color: #d12727;\" href=\"https:\/\/www.csj-emballages.com\/es\/produit\/50-cajas-de-carton-blanco-para-pasteleria-de-18-x-5-cm\/\">18 x 5 cm<\/a><\/span> \/ <span style=\"color: #d12727;\"><a style=\"color: #d12727;\" href=\"https:\/\/www.csj-emballages.com\/es\/produit\/50-cajas-de-carton-blanco-para-pasteleria-de-20-x-5-cm\/\">20 x 5 cm<\/a><\/span> \/ <span style=\"color: #d12727;\"><a style=\"color: #d12727;\" href=\"https:\/\/www.csj-emballages.com\/es\/produit\/50-cajas-de-carton-blanco-para-pasteleria-23-x-5-cm\/\">23 x 5 cm<\/a><\/span> \/ <span style=\"color: #d12727;\"><a style=\"color: #d12727;\" href=\"https:\/\/www.csj-emballages.com\/es\/produit\/50-cajas-de-carton-blanco-para-pasteleria-26-x-5-cm\/\">26 x 5 cm<\/a><\/span> \/ <span style=\"color: #d12727;\"><a style=\"color: #d12727;\" href=\"https:\/\/www.csj-emballages.com\/es\/produit\/50-cajas-de-carton-blanco-para-pasteleria-29-x-5-cm\/\">29 x 5 cm<\/a><\/span> \/ <span style=\"color: #d12727;\"><a style=\"color: #d12727;\" href=\"https:\/\/www.csj-emballages.com\/es\/produit\/50-cajas-de-carton-blanco-para-pasteleria-33-x-5-cm\/\">33 x 5 cm<\/a><\/span><\/p>\n<p>&nbsp;<\/p>\n<p><!--more--><\/p>\n<p class=\"ai-optimize-41\"><a href=\"https:\/\/www.csj-emballages.com\/de\/categorie-produit\/lebensmittelverpackungen\/backerei-und-konditorei\/schachteln-und-etuis\/gebackschachteln\/weise-gebackschachteln\/\">Sehen Sie sich den Rest unseres Sortiments an wei\u00dfen Geb\u00e4ckdosen an.<\/a><\/p>\n<\/div>\n<\/div>\n<\/div>\n<\/div>\n<\/div>\n<\/div>\n<\/div>\n<\/div>\n<\/article>\n<\/div>\n<\/div>\n<\/div>\n<\/div>\n<\/div>\n","protected":false},"excerpt":{"rendered":"<p>Konditoreischachtel Beschreibung unserer Konditoreidose aus wei\u00dfem Karton 16 x 5 cm pro 50 St\u00fcck<\/p>\n","protected":false},"featured_media":237328,"template":"","meta":{"_acf_changed":false},"product_brand":[],"product_cat":[1137,1171,1256,2317],"product_tag":[],"class_list":{"0":"post-20096","1":"product","2":"type-product","3":"status-publish","4":"has-post-thumbnail","6":"product_cat-lebensmittelverpackungen","7":"product_cat-backerei-und-konditorei","8":"product_cat-gebackschachteln","9":"product_cat-weise-gebackschachteln","11":"first","12":"instock","13":"taxable","14":"shipping-taxable","15":"purchasable","16":"product-type-simple"},"acf":[],"yoast_head":"<!-- This site is optimized with the Yoast SEO Premium plugin v26.6 (Yoast SEO v26.6) - https:\/\/yoast.com\/wordpress\/plugins\/seo\/ -->\n<title>Konditoreibox aus wei\u00dfem Karton 16 x 5 cm pro 50 St\u00fcck<\/title>\n<meta name=\"description\" content=\"Wei\u00dfe Konditoreischachtel aus Karton 16 x 5 cm - ideal f\u00fcr einzelne St\u00fccke oder Mignardises. Set mit 50 St\u00fcck, einfache Montage, Profi-Qualit\u00e4t.\" \/>\n<meta name=\"robots\" content=\"index, follow, max-snippet:-1, max-image-preview:large, max-video-preview:-1\" \/>\n<link rel=\"canonical\" href=\"https:\/\/www.csj-emballages.com\/de\/produit\/50-pastaschachteln-aus-weissem-karton-16-x-5-cm\/\" \/>\n<meta property=\"og:locale\" content=\"de_DE\" \/>\n<meta property=\"og:type\" content=\"article\" \/>\n<meta property=\"og:title\" content=\"Konditoreidose aus wei\u00dfem Karton 16 x 5 cm pro 50\" \/>\n<meta property=\"og:description\" content=\"Wei\u00dfe Konditoreischachtel aus Karton 16 x 5 cm - ideal f\u00fcr einzelne St\u00fccke oder Mignardises. Set mit 50 St\u00fcck, einfache Montage, Profi-Qualit\u00e4t.\" \/>\n<meta property=\"og:url\" content=\"https:\/\/www.csj-emballages.com\/de\/produit\/50-pastaschachteln-aus-weissem-karton-16-x-5-cm\/\" \/>\n<meta property=\"og:site_name\" content=\"CSJ Emballages\" \/>\n<meta property=\"article:publisher\" content=\"https:\/\/www.facebook.com\/csjemballages\" \/>\n<meta property=\"article:modified_time\" content=\"2026-04-18T00:12:50+00:00\" \/>\n<meta property=\"og:image\" content=\"https:\/\/www.csj-emballages.com\/wp-content\/uploads\/2025\/03\/Boite-patissiere.webp\" \/>\n\t<meta property=\"og:image:width\" content=\"800\" \/>\n\t<meta property=\"og:image:height\" content=\"800\" \/>\n\t<meta property=\"og:image:type\" content=\"image\/webp\" \/>\n<meta name=\"twitter:card\" content=\"summary_large_image\" \/>\n<meta name=\"twitter:label1\" content=\"Gesch\u00e4tzte Lesezeit\" \/>\n\t<meta name=\"twitter:data1\" content=\"1\u00a0Minute\" \/>\n<script type=\"application\/ld+json\" class=\"yoast-schema-graph\">{\"@context\":\"https:\/\/schema.org\",\"@graph\":[{\"@type\":\"WebPage\",\"@id\":\"https:\/\/www.csj-emballages.com\/de\/produit\/50-pastaschachteln-aus-weissem-karton-16-x-5-cm\/\",\"url\":\"https:\/\/www.csj-emballages.com\/de\/produit\/50-pastaschachteln-aus-weissem-karton-16-x-5-cm\/\",\"name\":\"Konditoreibox aus wei\u00dfem Karton 16 x 5 cm pro 50 St\u00fcck\",\"isPartOf\":{\"@id\":\"https:\/\/www.csj-emballages.com\/de\/#website\"},\"primaryImageOfPage\":{\"@id\":\"https:\/\/www.csj-emballages.com\/de\/produit\/50-pastaschachteln-aus-weissem-karton-16-x-5-cm\/#primaryimage\"},\"image\":{\"@id\":\"https:\/\/www.csj-emballages.com\/de\/produit\/50-pastaschachteln-aus-weissem-karton-16-x-5-cm\/#primaryimage\"},\"thumbnailUrl\":\"https:\/\/www.csj-emballages.com\/wp-content\/uploads\/2025\/03\/Boite-patissiere.webp\",\"datePublished\":\"2024-03-01T15:55:58+00:00\",\"dateModified\":\"2026-04-18T00:12:50+00:00\",\"description\":\"Wei\u00dfe Konditoreischachtel aus Karton 16 x 5 cm - ideal f\u00fcr einzelne St\u00fccke oder Mignardises. Set mit 50 St\u00fcck, einfache Montage, Profi-Qualit\u00e4t.\",\"breadcrumb\":{\"@id\":\"https:\/\/www.csj-emballages.com\/de\/produit\/50-pastaschachteln-aus-weissem-karton-16-x-5-cm\/#breadcrumb\"},\"inLanguage\":\"de\",\"potentialAction\":[{\"@type\":\"ReadAction\",\"target\":[\"https:\/\/www.csj-emballages.com\/de\/produit\/50-pastaschachteln-aus-weissem-karton-16-x-5-cm\/\"]}]},{\"@type\":\"ImageObject\",\"inLanguage\":\"de\",\"@id\":\"https:\/\/www.csj-emballages.com\/de\/produit\/50-pastaschachteln-aus-weissem-karton-16-x-5-cm\/#primaryimage\",\"url\":\"https:\/\/www.csj-emballages.com\/wp-content\/uploads\/2025\/03\/Boite-patissiere.webp\",\"contentUrl\":\"https:\/\/www.csj-emballages.com\/wp-content\/uploads\/2025\/03\/Boite-patissiere.webp\",\"width\":800,\"height\":800,\"caption\":\"Boite p\u00e2tissi\u00e8re\"},{\"@type\":\"BreadcrumbList\",\"@id\":\"https:\/\/www.csj-emballages.com\/de\/produit\/50-pastaschachteln-aus-weissem-karton-16-x-5-cm\/#breadcrumb\",\"itemListElement\":[{\"@type\":\"ListItem\",\"position\":1,\"name\":\"Accueil\",\"item\":\"https:\/\/www.csj-emballages.com\/de\/universum-lebensmittelverpackungen\/\"},{\"@type\":\"ListItem\",\"position\":2,\"name\":\"Shop\",\"item\":\"https:\/\/www.csj-emballages.com\/shop\/\"},{\"@type\":\"ListItem\",\"position\":3,\"name\":\"Konditoreidose aus wei\u00dfem Karton 16 x 5 cm pro 50\"}]},{\"@type\":\"WebSite\",\"@id\":\"https:\/\/www.csj-emballages.com\/de\/#website\",\"url\":\"https:\/\/www.csj-emballages.com\/de\/\",\"name\":\"CSJ Emballages\",\"description\":\"\",\"publisher\":{\"@id\":\"https:\/\/www.csj-emballages.com\/de\/#organization\"},\"potentialAction\":[{\"@type\":\"SearchAction\",\"target\":{\"@type\":\"EntryPoint\",\"urlTemplate\":\"https:\/\/www.csj-emballages.com\/de\/?s={search_term_string}\"},\"query-input\":{\"@type\":\"PropertyValueSpecification\",\"valueRequired\":true,\"valueName\":\"search_term_string\"}}],\"inLanguage\":\"de\"},{\"@type\":\"Organization\",\"@id\":\"https:\/\/www.csj-emballages.com\/de\/#Organization\/\",\"name\":\"CSJ Emballages\",\"url\":\"https:\/\/www.csj-emballages.com\/de\/\",\"logo\":{\"@type\":\"ImageObject\",\"inLanguage\":\"de\",\"@id\":\"https:\/\/www.csj-emballages.com\/de\/#\/schema\/logo\/image\/\",\"url\":\"https:\/\/www.csj-emballages.com\/wp-content\/uploads\/2023\/10\/logo_csj.webp\",\"contentUrl\":\"https:\/\/www.csj-emballages.com\/wp-content\/uploads\/2023\/10\/logo_csj.webp\",\"width\":250,\"height\":95,\"caption\":\"CSJ Emballages\"},\"image\":{\"@id\":\"https:\/\/www.csj-emballages.com\/de\/#\/schema\/logo\/image\/\"},\"sameAs\":[\"https:\/\/www.facebook.com\/csjemballages\"],\"address\":{\"@type\":\"PostalAddress\",\"streetAddress\":\"ZI La Lechere\",\"addressLocality\":\"Patornay\",\"postalCode\":\"39130\",\"addressCountry\":\"FR\"},\"contactPoint\":[{\"@type\":\"ContactPoint\",\"contactType\":\"Service client\",\"telephone\":\"0384254272\",\"email\":\"contact@csj-emballages.com\"}]}]}<\/script>\n<!-- \/ Yoast SEO Premium plugin. -->","yoast_head_json":{"title":"Konditoreibox aus wei\u00dfem Karton 16 x 5 cm pro 50 St\u00fcck","description":"Wei\u00dfe Konditoreischachtel aus Karton 16 x 5 cm - ideal f\u00fcr einzelne St\u00fccke oder Mignardises. Set mit 50 St\u00fcck, einfache Montage, Profi-Qualit\u00e4t.","robots":{"index":"index","follow":"follow","max-snippet":"max-snippet:-1","max-image-preview":"max-image-preview:large","max-video-preview":"max-video-preview:-1"},"canonical":"https:\/\/www.csj-emballages.com\/de\/produit\/50-pastaschachteln-aus-weissem-karton-16-x-5-cm\/","og_locale":"de_DE","og_type":"article","og_title":"Konditoreidose aus wei\u00dfem Karton 16 x 5 cm pro 50","og_description":"Wei\u00dfe Konditoreischachtel aus Karton 16 x 5 cm - ideal f\u00fcr einzelne St\u00fccke oder Mignardises. Set mit 50 St\u00fcck, einfache Montage, Profi-Qualit\u00e4t.","og_url":"https:\/\/www.csj-emballages.com\/de\/produit\/50-pastaschachteln-aus-weissem-karton-16-x-5-cm\/","og_site_name":"CSJ Emballages","article_publisher":"https:\/\/www.facebook.com\/csjemballages","article_modified_time":"2026-04-18T00:12:50+00:00","og_image":[{"width":800,"height":800,"url":"https:\/\/www.csj-emballages.com\/wp-content\/uploads\/2025\/03\/Boite-patissiere.webp","type":"image\/webp"}],"twitter_card":"summary_large_image","twitter_misc":{"Gesch\u00e4tzte Lesezeit":"1\u00a0Minute"},"schema":{"@context":"https:\/\/schema.org","@graph":[{"@type":"WebPage","@id":"https:\/\/www.csj-emballages.com\/de\/produit\/50-pastaschachteln-aus-weissem-karton-16-x-5-cm\/","url":"https:\/\/www.csj-emballages.com\/de\/produit\/50-pastaschachteln-aus-weissem-karton-16-x-5-cm\/","name":"Konditoreibox aus wei\u00dfem Karton 16 x 5 cm pro 50 St\u00fcck","isPartOf":{"@id":"https:\/\/www.csj-emballages.com\/de\/#website"},"primaryImageOfPage":{"@id":"https:\/\/www.csj-emballages.com\/de\/produit\/50-pastaschachteln-aus-weissem-karton-16-x-5-cm\/#primaryimage"},"image":{"@id":"https:\/\/www.csj-emballages.com\/de\/produit\/50-pastaschachteln-aus-weissem-karton-16-x-5-cm\/#primaryimage"},"thumbnailUrl":"https:\/\/www.csj-emballages.com\/wp-content\/uploads\/2025\/03\/Boite-patissiere.webp","datePublished":"2024-03-01T15:55:58+00:00","dateModified":"2026-04-18T00:12:50+00:00","description":"Wei\u00dfe Konditoreischachtel aus Karton 16 x 5 cm - ideal f\u00fcr einzelne St\u00fccke oder Mignardises. Set mit 50 St\u00fcck, einfache Montage, Profi-Qualit\u00e4t.","breadcrumb":{"@id":"https:\/\/www.csj-emballages.com\/de\/produit\/50-pastaschachteln-aus-weissem-karton-16-x-5-cm\/#breadcrumb"},"inLanguage":"de","potentialAction":[{"@type":"ReadAction","target":["https:\/\/www.csj-emballages.com\/de\/produit\/50-pastaschachteln-aus-weissem-karton-16-x-5-cm\/"]}]},{"@type":"ImageObject","inLanguage":"de","@id":"https:\/\/www.csj-emballages.com\/de\/produit\/50-pastaschachteln-aus-weissem-karton-16-x-5-cm\/#primaryimage","url":"https:\/\/www.csj-emballages.com\/wp-content\/uploads\/2025\/03\/Boite-patissiere.webp","contentUrl":"https:\/\/www.csj-emballages.com\/wp-content\/uploads\/2025\/03\/Boite-patissiere.webp","width":800,"height":800,"caption":"Boite p\u00e2tissi\u00e8re"},{"@type":"BreadcrumbList","@id":"https:\/\/www.csj-emballages.com\/de\/produit\/50-pastaschachteln-aus-weissem-karton-16-x-5-cm\/#breadcrumb","itemListElement":[{"@type":"ListItem","position":1,"name":"Accueil","item":"https:\/\/www.csj-emballages.com\/de\/universum-lebensmittelverpackungen\/"},{"@type":"ListItem","position":2,"name":"Shop","item":"https:\/\/www.csj-emballages.com\/shop\/"},{"@type":"ListItem","position":3,"name":"Konditoreidose aus wei\u00dfem Karton 16 x 5 cm pro 50"}]},{"@type":"WebSite","@id":"https:\/\/www.csj-emballages.com\/de\/#website","url":"https:\/\/www.csj-emballages.com\/de\/","name":"CSJ Emballages","description":"","publisher":{"@id":"https:\/\/www.csj-emballages.com\/de\/#organization"},"potentialAction":[{"@type":"SearchAction","target":{"@type":"EntryPoint","urlTemplate":"https:\/\/www.csj-emballages.com\/de\/?s={search_term_string}"},"query-input":{"@type":"PropertyValueSpecification","valueRequired":true,"valueName":"search_term_string"}}],"inLanguage":"de"},{"@type":"Organization","@id":"https:\/\/www.csj-emballages.com\/de\/#Organization\/","name":"CSJ Emballages","url":"https:\/\/www.csj-emballages.com\/de\/","logo":{"@type":"ImageObject","inLanguage":"de","@id":"https:\/\/www.csj-emballages.com\/de\/#\/schema\/logo\/image\/","url":"https:\/\/www.csj-emballages.com\/wp-content\/uploads\/2023\/10\/logo_csj.webp","contentUrl":"https:\/\/www.csj-emballages.com\/wp-content\/uploads\/2023\/10\/logo_csj.webp","width":250,"height":95,"caption":"CSJ Emballages"},"image":{"@id":"https:\/\/www.csj-emballages.com\/de\/#\/schema\/logo\/image\/"},"sameAs":["https:\/\/www.facebook.com\/csjemballages"],"address":{"@type":"PostalAddress","streetAddress":"ZI La Lechere","addressLocality":"Patornay","postalCode":"39130","addressCountry":"FR"},"contactPoint":[{"@type":"ContactPoint","contactType":"Service client","telephone":"0384254272","email":"contact@csj-emballages.com"}]}]}},"df_price":7.78,"df_sale_price":"","df_regular_price":7.78,"df_image_link":"https:\/\/www.csj-emballages.com\/wp-content\/uploads\/2025\/03\/Boite-patissiere-300x300.webp","tiered_pricing_type":"fixed","tiered_pricing_fixed_rules":[],"tiered_pricing_percentage_rules":[],"tiered_pricing_minimum":1,"tiered_pricing_roles_data":[],"_links":{"self":[{"href":"https:\/\/www.csj-emballages.com\/de\/wp-json\/wp\/v2\/product\/20096","targetHints":{"allow":["GET"]}}],"collection":[{"href":"https:\/\/www.csj-emballages.com\/de\/wp-json\/wp\/v2\/product"}],"about":[{"href":"https:\/\/www.csj-emballages.com\/de\/wp-json\/wp\/v2\/types\/product"}],"wp:featuredmedia":[{"embeddable":true,"href":"https:\/\/www.csj-emballages.com\/de\/wp-json\/wp\/v2\/media\/237328"}],"wp:attachment":[{"href":"https:\/\/www.csj-emballages.com\/de\/wp-json\/wp\/v2\/media?parent=20096"}],"wp:term":[{"taxonomy":"product_brand","embeddable":true,"href":"https:\/\/www.csj-emballages.com\/de\/wp-json\/wp\/v2\/product_brand?post=20096"},{"taxonomy":"product_cat","embeddable":true,"href":"https:\/\/www.csj-emballages.com\/de\/wp-json\/wp\/v2\/product_cat?post=20096"},{"taxonomy":"product_tag","embeddable":true,"href":"https:\/\/www.csj-emballages.com\/de\/wp-json\/wp\/v2\/product_tag?post=20096"}],"curies":[{"name":"wp","href":"https:\/\/api.w.org\/{rel}","templated":true}]}}