{"id":20021,"date":"2024-03-01T16:56:00","date_gmt":"2024-03-01T15:56:00","guid":{"rendered":"https:\/\/u15jnbdpoq.preview.infomaniak.website\/produit\/25-weisse-holzschachteln-35-x-11-x-10-cm\/"},"modified":"2026-04-17T02:11:32","modified_gmt":"2026-04-17T00:11:32","slug":"25-weisse-holzschachteln-35-x-11-x-10-cm","status":"publish","type":"product","link":"https:\/\/www.csj-emballages.com\/de\/produit\/25-weisse-holzschachteln-35-x-11-x-10-cm\/","title":{"rendered":"Wei\u00dfe Holzscheitboxen 35 x 11 x 10 cm pro 25"},"content":{"rendered":"<div style=\"box-sizing: inherit; font-family: Roboto, sans-serif;\">\n<div style=\"box-sizing: inherit; font-family: Roboto, sans-serif;\">\n<div style=\"box-sizing: inherit; font-family: Roboto, sans-serif;\">\n<div style=\"box-sizing: inherit; font-family: Roboto, sans-serif;\">\n<div style=\"box-sizing: inherit; font-family: Roboto, sans-serif;\">\n<div style=\"box-sizing: inherit; font-family: Roboto, sans-serif;\">\n<div style=\"box-sizing: inherit; font-family: Roboto, sans-serif;\">\n<div style=\"box-sizing: inherit; font-family: Roboto, sans-serif;\">\n<div style=\"box-sizing: inherit; font-family: Roboto, sans-serif;\">\n<div style=\"box-sizing: inherit; font-family: Roboto, sans-serif;\">\n<div style=\"box-sizing: inherit; font-family: Roboto, sans-serif;\">\n<div style=\"box-sizing: inherit; font-family: Roboto, sans-serif;\">\n<div style=\"box-sizing: inherit; font-family: Roboto, sans-serif;\">\n<div class=\"flex flex-grow flex-col max-w-full\">\n<div class=\"min-h-[20px] text-message flex flex-col items-start whitespace-pre-wrap break-words [.text-message+&amp;]:mt-5 juice:w-full juice:items-end overflow-x-auto gap-2\" dir=\"auto\" data-message-author-role=\"assistant\" data-message-id=\"2034782e-88f9-44ef-b4dc-07dd7bf0115f\">\n<div class=\"flex w-full flex-col gap-1 juice:empty:hidden juice:first:pt-[3px]\">\n<div class=\"markdown prose w-full break-words dark:prose-invert light\">\n<div style=\"box-sizing: inherit; font-family: Roboto, sans-serif;\">\n<div style=\"box-sizing: inherit; font-family: Roboto, sans-serif;\">\n<div style=\"box-sizing: inherit; font-family: Roboto, sans-serif;\">\n<div style=\"box-sizing: inherit; font-family: Roboto, sans-serif;\">\n<div style=\"box-sizing: inherit; font-family: Roboto, sans-serif;\">\n<div style=\"box-sizing: inherit; font-family: Roboto, sans-serif;\">\n<h2>Holzkiste<\/h2>\n<div style=\"box-sizing: inherit; font-family: Roboto, sans-serif;\">\n<div style=\"box-sizing: inherit; font-family: Roboto, sans-serif;\">\n<div style=\"box-sizing: inherit; font-family: Roboto, sans-serif;\">\n<div style=\"text-align: center;\">\n<div style=\"box-sizing: inherit; font-family: Roboto, sans-serif;\">\n<div style=\"box-sizing: inherit; font-family: Roboto, sans-serif;\">\n<div style=\"box-sizing: inherit; font-family: Roboto, sans-serif;\">\n<div style=\"box-sizing: inherit; font-family: Roboto, sans-serif;\">\n<div style=\"box-sizing: inherit; font-family: Roboto, sans-serif;\">\n<div style=\"box-sizing: inherit; font-family: Roboto, sans-serif; text-align: left;\">\n<hr>\n<h3 style=\"text-align: left;\">Beschreibung unserer wei\u00dfen Holzschachtel 35x11x10 cm<!--more--><\/h3>\n<\/div>\n<\/div>\n<\/div>\n<\/div>\n<\/div>\n<\/div>\n<\/div>\n<\/div>\n<\/div>\n<\/div>\n<\/div>\n<\/div>\n<\/div>\n<\/div>\n<\/div>\n<\/div>\n<\/div>\n<\/div>\n<\/div>\n<\/div>\n<\/div>\n<\/div>\n<\/div>\n<\/div>\n<\/div>\n<\/div>\n<\/div>\n<\/div>\n<\/div>\n<\/div>\n<\/div>\n<\/div>\n<\/div>\n<p>Entdecken Sie die <strong>wei\u00dfe Holzschachtel<\/strong> <strong>35 x 11 x 10 cm<\/strong>, eine ideale Verpackung f\u00fcr Ihre Weihnachtsscheiterhaufen. Diese <strong>Schachtel f\u00fcr Weihnachtsstollen<\/strong> wurde entwickelt, um Ihre Desserts zu sch\u00fctzen und zu veredeln, und vereint Eleganz und Praktikabilit\u00e4t. Sie erf\u00fcllt die Anforderungen von professionellen Konditoren und Caterern, ist aber auch f\u00fcr Privatpersonen geeignet, die ihre Kreationen in einer raffinierten Schachtel anbieten m\u00f6chten.  <\/p>\n<p>Mit ihren Abmessungen von <strong>35 x 11 x 10 cm<\/strong> ist diese <strong>Schachtel<\/strong> perfekt f\u00fcr traditionelle und moderne Holzscheite geeignet. Sie sorgt f\u00fcr einen einwandfreien Halt Ihrer Desserts, selbst der zerbrechlichsten. Ihr schlichtes Design macht sie au\u00dferdem zu einer vielseitigen <strong>Schachtel<\/strong>, die sich in jede festliche Pr\u00e4sentation einf\u00fcgt. So k\u00f6nnen Sie sie f\u00fcr jede Art von Winterveranstaltung verwenden, sei es Weihnachten oder Neujahr.   <\/p>\n<p>&nbsp;<\/p>\n<p><!--more--><\/p>\n<h4>Warum sollten Sie unsere Holzkisten verwenden?<\/h4>\n<p>Diese <strong>Weihnachtsschachtel<\/strong> ist so konzipiert, dass sie St\u00f6\u00dfen standh\u00e4lt. Sie erm\u00f6glicht also einen einfachen Transport Ihres Holzscheits ohne Besch\u00e4digungsrisiko. Professionelle Konditoren werden ihre Robustheit und ihr jungfr\u00e4uliches Design zu sch\u00e4tzen wissen, die ihre Kreationen im Wesentlichen aufwerten.  <\/p>\n<p>Neben ihrer Schutzfunktion tr\u00e4gt die <strong>Weihnachtsschachtel<\/strong> auch dazu bei, Ihr Dessert hervorzuheben. Die wei\u00dfe Farbe der <strong>Schachtel<\/strong> bildet einen angenehmen Kontrast zu den Farben des Holzscheits und zieht so die Blicke Ihrer Kunden oder G\u00e4ste auf sich. Dar\u00fcber hinaus verf\u00fcgt sie \u00fcber eine glatte Innenseite, die ein einfaches Einsetzen und Herausnehmen des Holzscheits erm\u00f6glicht, wodurch das Risiko von Besch\u00e4digungen bei der Handhabung verringert wird.  <\/p>\n<p>Ihr schlichtes Design passt perfekt zu jeder Tischdekoration. Sie kann auch mit personalisierten B\u00e4ndern oder Etiketten versch\u00f6nert werden, um noch mehr Individualit\u00e4t zu erreichen. <\/p>\n<p>&nbsp;<\/p>\n<p><!--more--><\/p>\n<div style=\"box-sizing: inherit; font-family: Roboto, sans-serif;\">\n<div style=\"box-sizing: inherit; font-family: Roboto, sans-serif;\">\n<div style=\"box-sizing: inherit; font-family: Roboto, sans-serif;\">\n<div style=\"box-sizing: inherit; font-family: Roboto, sans-serif;\">\n<div style=\"box-sizing: inherit; font-family: Roboto, sans-serif;\">\n<div style=\"box-sizing: inherit; font-family: Roboto, sans-serif;\">\n<div style=\"box-sizing: inherit; font-family: Roboto, sans-serif;\">\n<div style=\"box-sizing: inherit; font-family: Roboto, sans-serif;\">\n<div style=\"box-sizing: inherit; font-family: Roboto, sans-serif;\">\n<div style=\"box-sizing: inherit; font-family: Roboto, sans-serif;\">\n<div style=\"box-sizing: inherit; font-family: Roboto, sans-serif;\">\n<div style=\"box-sizing: inherit; font-family: Roboto, sans-serif;\">\n<div style=\"box-sizing: inherit; font-family: Roboto, sans-serif;\">\n<div class=\"flex flex-grow flex-col max-w-full\">\n<div class=\"min-h-[20px] text-message flex flex-col items-start whitespace-pre-wrap break-words [.text-message+&amp;]:mt-5 juice:w-full juice:items-end overflow-x-auto gap-2\" dir=\"auto\" data-message-author-role=\"assistant\" data-message-id=\"2034782e-88f9-44ef-b4dc-07dd7bf0115f\">\n<div class=\"flex w-full flex-col gap-1 juice:empty:hidden juice:first:pt-[3px]\">\n<div class=\"markdown prose w-full break-words dark:prose-invert light\">\n<div style=\"box-sizing: inherit; font-family: Roboto, sans-serif;\">\n<div style=\"box-sizing: inherit; font-family: Roboto, sans-serif;\">\n<div style=\"box-sizing: inherit; font-family: Roboto, sans-serif;\">\n<div style=\"box-sizing: inherit; font-family: Roboto, sans-serif;\">\n<div style=\"box-sizing: inherit; font-family: Roboto, sans-serif;\">\n<div style=\"box-sizing: inherit; font-family: Roboto, sans-serif;\">\n<p>Die <strong>Schachtel &#8222;Buche Noel<\/strong> &#8220; ist auch in Packungen zu <strong>25<\/strong> St\u00fcck erh\u00e4ltlich. Diese preisg\u00fcnstige Verpackung ist ideal f\u00fcr Gesch\u00e4ftsleute, die die Nachfrage zum Jahresende vorwegnehmen m\u00f6chten. So haben Sie gen\u00fcgend Schachteln, um die Bestellungen Ihrer Kunden zu erf\u00fcllen, und sparen dabei auch noch Geld.  <\/p>\n<p>Schlie\u00dflich entspricht diese <strong>Schachtel<\/strong> den Lebensmittelstandards und sorgt f\u00fcr eine einwandfreie Pr\u00e4sentation. Die wei\u00dfe Farbe ist eine gute Wahl f\u00fcr Geb\u00e4ck in vielen Farben und Geschmacksrichtungen. Versch\u00f6nern Sie Ihre Backkreationen und bieten Sie ihnen eine Schachtel, die Ihren Talenten entspricht, mit dieser <strong>Schachtel f\u00fcr Weihnachtsstollen<\/strong>.  <\/p>\n<p>&nbsp;<\/p>\n<p>&nbsp;<\/p>\n<p><!--more--><\/p>\n<h4 style=\"text-align: left;\"><strong>Die Vorteile unserer <\/strong>wei\u00dfen Holzschachtel <strong>35 x 11 x 10 cm<\/strong> <strong>:<\/strong><\/h4>\n<ul style=\"text-align: left;\">\n<li><strong>Geeignete Gr\u00f6\u00dfe<\/strong>: Die Ma\u00dfe von <strong>35 x 11 x 10 cm<\/strong> eignen sich perfekt f\u00fcr einen gro\u00dfen Holzscheit.<\/li>\n<li><strong>Blanko-Design<\/strong>: Mit ihrer blanko \u00c4sthetik bietet diese <strong>Schachtel <\/strong>die M\u00f6glichkeit, Ihre Kreationen hervorzuheben oder sie nach Ihrem Geschmack zu gestalten.<\/li>\n<li><strong>Optimaler Schutz<\/strong>: Die <strong>Schachtel<\/strong> ist mit einem sicheren Verschluss versehen, der Ihr Holz w\u00e4hrend des Transports oder der Lagerung wirksam sch\u00fctzt.<\/li>\n<li><strong>Zweckm\u00e4\u00dfigkeit<\/strong>: Das Design erm\u00f6glicht eine einfache Handhabung und eine sorgf\u00e4ltige Pr\u00e4sentation.<\/li>\n<\/ul>\n<\/div>\n<\/div>\n<\/div>\n<\/div>\n<\/div>\n<\/div>\n<\/div>\n<\/div>\n<\/div>\n<\/div>\n<\/div>\n<\/div>\n<p>&nbsp;<\/p>\n<\/div>\n<\/div>\n<\/div>\n<\/div>\n<\/div>\n<\/div>\n<\/div>\n<\/div>\n<\/div>\n<\/div>\n<\/div>\n<p><!--more--><\/p>\n<h4>Weitere Informationen zu diesem Produkt :<\/h4>\n<ul style=\"box-sizing: inherit; font-family: Roboto, sans-serif;\">\n<li><strong>Verpackung<\/strong>: Packung mit 25 St\u00fcck<\/li>\n<li><span style=\"font-weight: bold;\">Gr\u00f6\u00dfe<\/span>: 35 x 11 x 10 cm<\/li>\n<li><strong>Material<\/strong>: Karton<\/li>\n<\/ul>\n<p>&nbsp;<\/p>\n<p><!--more--><\/p>\n<p>Erh\u00e4ltlich in verschiedenen Gr\u00f6\u00dfen : <span style=\"color: #d12727;\"><a style=\"color: #d12727;\" href=\"https:\/\/www.csj-emballages.com\/produit\/25-boites-a-buche-blanches-20x11x10-cm-noel-fetes-rectangle-fermeture\/\">20x11x10 cm<\/a><\/span> \/ <span style=\"color: #d12727;\"><a style=\"color: #d12727;\" href=\"https:\/\/www.csj-emballages.com\/produit\/25-boites-a-buche-blanches-25x11x10-cm-noel-fetes-rectangle-fermeture\/\">25x11x10 cm<\/a><\/span> \/ <span style=\"color: #d12727;\"><a style=\"color: #d12727;\" href=\"https:\/\/www.csj-emballages.com\/produit\/25-boites-a-buche-blanches-30x11x10-cm-noel-fetes-rectangle-fermeture\/\">30x11x10 cm<\/a><\/span> \/ <span style=\"color: #d12727;\"><a style=\"color: #d12727;\" href=\"https:\/\/www.csj-emballages.com\/produit\/25-boites-a-buche-blanches-40-x-11-x-10-cm\/\">40x11x10 cm<\/a><\/span> \/ <span style=\"color: #d12727;\"><a style=\"color: #d12727;\" href=\"https:\/\/www.csj-emballages.com\/produit\/25-boites-a-buche-blanches-45-x-11-x-10-cm\/\">45x11x10 cm<\/a><\/span> \/ <span style=\"color: #d12727;\"><a style=\"color: #d12727;\" href=\"https:\/\/www.csj-emballages.com\/produit\/25-boites-a-buche-blanches-50-x-11-x-10-cm\/\">50x11x10 cm<\/a><\/span> \/ <span style=\"color: #d12727;\"><a style=\"color: #d12727;\" href=\"https:\/\/www.csj-emballages.com\/produit\/25-boites-a-buche-blanches-60-x-11-x-9-cm\/\">60x11x10 cm<\/a><\/span><\/p>\n<p>&nbsp;<\/p>\n<p><!--more--><\/p>\n<p>Befragen Sie auch die <span style=\"color: #d12727;\"><a style=\"color: #d12727;\" href=\"https:\/\/www.csj-emballages.com\/produit\/50-semelles-bords-droits-or-noir-35-x-10-cm\/\">Holzscheitsohle<\/a><\/span> f\u00fcr diese Boxen entworfen<\/p>\n<p>&nbsp;<\/p>\n<p><!--more--><\/p>\n<p><a href=\"https:\/\/www.csj-emballages.com\/de\/categorie-produit\/lebensmittelverpackungen\/backerei-und-konditorei\/schachteln-und-etuis\/holzschachteln\/weise-holzschachteln\/\">Sehen Sie sich den Rest unseres Sortiments an wei\u00dfen Holzschachteln an.<\/a><\/p>\n<h2><\/h2>\n","protected":false},"excerpt":{"rendered":"<p>Holzkiste Beschreibung unserer wei\u00dfen Holzschachtel 35x11x10 cm<\/p>\n","protected":false},"featured_media":6835,"template":"","meta":{"_acf_changed":false},"product_brand":[],"product_cat":[1137,1171,2067,2299],"product_tag":[],"class_list":{"0":"post-20021","1":"product","2":"type-product","3":"status-publish","4":"has-post-thumbnail","6":"product_cat-lebensmittelverpackungen","7":"product_cat-backerei-und-konditorei","8":"product_cat-holzschachteln","9":"product_cat-weise-holzschachteln","11":"first","12":"instock","13":"taxable","14":"shipping-taxable","15":"purchasable","16":"product-type-simple"},"acf":[],"yoast_head":"<!-- This site is optimized with the Yoast SEO Premium plugin v26.6 (Yoast SEO v26.6) - https:\/\/yoast.com\/wordpress\/plugins\/seo\/ -->\n<title>Wei\u00dfe Holzschachtel 35x11x10 cm<\/title>\n<meta name=\"description\" content=\"Entdecken Sie unsere wei\u00dfe Holzschachtel 35x11x10 cm: optimaler Schutz, modernes Design und schnelle Montage, um Ihre Backwaren zu veredeln.\" \/>\n<meta name=\"robots\" content=\"index, follow, max-snippet:-1, max-image-preview:large, max-video-preview:-1\" \/>\n<link rel=\"canonical\" href=\"https:\/\/www.csj-emballages.com\/de\/produit\/25-weisse-holzschachteln-35-x-11-x-10-cm\/\" \/>\n<meta property=\"og:locale\" content=\"de_DE\" \/>\n<meta property=\"og:type\" content=\"article\" \/>\n<meta property=\"og:title\" content=\"Wei\u00dfe Holzschachtel 35x11x10 cm\" \/>\n<meta property=\"og:description\" content=\"Entdecken Sie unsere wei\u00dfe Holzschachtel 35x11x10 cm: optimaler Schutz, modernes Design und schnelle Montage, um Ihre Backwaren zu veredeln.\" \/>\n<meta property=\"og:url\" content=\"https:\/\/www.csj-emballages.com\/de\/produit\/25-weisse-holzschachteln-35-x-11-x-10-cm\/\" \/>\n<meta property=\"og:site_name\" content=\"CSJ Emballages\" \/>\n<meta property=\"article:publisher\" content=\"https:\/\/www.facebook.com\/csjemballages\" \/>\n<meta property=\"article:modified_time\" content=\"2026-04-17T00:11:32+00:00\" \/>\n<meta property=\"og:image\" content=\"https:\/\/www.csj-emballages.com\/wp-content\/uploads\/2024\/03\/boite-buche-carton-noel-blanche-colore-grossiste-csj-emballages-zoom-3-jpg.webp\" \/>\n\t<meta property=\"og:image:width\" content=\"300\" \/>\n\t<meta property=\"og:image:height\" content=\"300\" \/>\n\t<meta property=\"og:image:type\" content=\"image\/jpeg\" \/>\n<meta name=\"twitter:card\" content=\"summary_large_image\" \/>\n<meta name=\"twitter:title\" content=\"Wei\u00dfe Holzschachtel 35x11x10 cm\" \/>\n<meta name=\"twitter:description\" content=\"Entdecken Sie unsere wei\u00dfe Holzschachtel 35x11x10 cm: optimaler Schutz, modernes Design und schnelle Montage, um Ihre Backwaren zu veredeln.\" \/>\n<meta name=\"twitter:label1\" content=\"Gesch\u00e4tzte Lesezeit\" \/>\n\t<meta name=\"twitter:data1\" content=\"3 Minuten\" \/>\n<script type=\"application\/ld+json\" class=\"yoast-schema-graph\">{\"@context\":\"https:\/\/schema.org\",\"@graph\":[{\"@type\":\"WebPage\",\"@id\":\"https:\/\/www.csj-emballages.com\/de\/produit\/25-weisse-holzschachteln-35-x-11-x-10-cm\/\",\"url\":\"https:\/\/www.csj-emballages.com\/de\/produit\/25-weisse-holzschachteln-35-x-11-x-10-cm\/\",\"name\":\"Wei\u00dfe Holzschachtel 35x11x10 cm\",\"isPartOf\":{\"@id\":\"https:\/\/www.csj-emballages.com\/de\/#website\"},\"primaryImageOfPage\":{\"@id\":\"https:\/\/www.csj-emballages.com\/de\/produit\/25-weisse-holzschachteln-35-x-11-x-10-cm\/#primaryimage\"},\"image\":{\"@id\":\"https:\/\/www.csj-emballages.com\/de\/produit\/25-weisse-holzschachteln-35-x-11-x-10-cm\/#primaryimage\"},\"thumbnailUrl\":\"https:\/\/www.csj-emballages.com\/wp-content\/uploads\/2024\/03\/boite-buche-carton-noel-blanche-colore-grossiste-csj-emballages-zoom-3-jpg.webp\",\"datePublished\":\"2024-03-01T15:56:00+00:00\",\"dateModified\":\"2026-04-17T00:11:32+00:00\",\"description\":\"Entdecken Sie unsere wei\u00dfe Holzschachtel 35x11x10 cm: optimaler Schutz, modernes Design und schnelle Montage, um Ihre Backwaren zu veredeln.\",\"breadcrumb\":{\"@id\":\"https:\/\/www.csj-emballages.com\/de\/produit\/25-weisse-holzschachteln-35-x-11-x-10-cm\/#breadcrumb\"},\"inLanguage\":\"de\",\"potentialAction\":[{\"@type\":\"ReadAction\",\"target\":[\"https:\/\/www.csj-emballages.com\/de\/produit\/25-weisse-holzschachteln-35-x-11-x-10-cm\/\"]}]},{\"@type\":\"ImageObject\",\"inLanguage\":\"de\",\"@id\":\"https:\/\/www.csj-emballages.com\/de\/produit\/25-weisse-holzschachteln-35-x-11-x-10-cm\/#primaryimage\",\"url\":\"https:\/\/www.csj-emballages.com\/wp-content\/uploads\/2024\/03\/boite-buche-carton-noel-blanche-colore-grossiste-csj-emballages-zoom-3-jpg.webp\",\"contentUrl\":\"https:\/\/www.csj-emballages.com\/wp-content\/uploads\/2024\/03\/boite-buche-carton-noel-blanche-colore-grossiste-csj-emballages-zoom-3-jpg.webp\",\"width\":300,\"height\":300,\"caption\":\"bo\u00eetes b\u00fbche blanches 35x11x10 cm\"},{\"@type\":\"BreadcrumbList\",\"@id\":\"https:\/\/www.csj-emballages.com\/de\/produit\/25-weisse-holzschachteln-35-x-11-x-10-cm\/#breadcrumb\",\"itemListElement\":[{\"@type\":\"ListItem\",\"position\":1,\"name\":\"Accueil\",\"item\":\"https:\/\/www.csj-emballages.com\/de\/universum-lebensmittelverpackungen\/\"},{\"@type\":\"ListItem\",\"position\":2,\"name\":\"Shop\",\"item\":\"https:\/\/www.csj-emballages.com\/shop\/\"},{\"@type\":\"ListItem\",\"position\":3,\"name\":\"Wei\u00dfe Holzscheitboxen 35 x 11 x 10 cm pro 25\"}]},{\"@type\":\"WebSite\",\"@id\":\"https:\/\/www.csj-emballages.com\/de\/#website\",\"url\":\"https:\/\/www.csj-emballages.com\/de\/\",\"name\":\"CSJ Emballages\",\"description\":\"\",\"publisher\":{\"@id\":\"https:\/\/www.csj-emballages.com\/de\/#organization\"},\"potentialAction\":[{\"@type\":\"SearchAction\",\"target\":{\"@type\":\"EntryPoint\",\"urlTemplate\":\"https:\/\/www.csj-emballages.com\/de\/?s={search_term_string}\"},\"query-input\":{\"@type\":\"PropertyValueSpecification\",\"valueRequired\":true,\"valueName\":\"search_term_string\"}}],\"inLanguage\":\"de\"},{\"@type\":\"Organization\",\"@id\":\"https:\/\/www.csj-emballages.com\/de\/#Organization\/\",\"name\":\"CSJ Emballages\",\"url\":\"https:\/\/www.csj-emballages.com\/de\/\",\"logo\":{\"@type\":\"ImageObject\",\"inLanguage\":\"de\",\"@id\":\"https:\/\/www.csj-emballages.com\/de\/#\/schema\/logo\/image\/\",\"url\":\"https:\/\/www.csj-emballages.com\/wp-content\/uploads\/2023\/10\/logo_csj.webp\",\"contentUrl\":\"https:\/\/www.csj-emballages.com\/wp-content\/uploads\/2023\/10\/logo_csj.webp\",\"width\":250,\"height\":95,\"caption\":\"CSJ Emballages\"},\"image\":{\"@id\":\"https:\/\/www.csj-emballages.com\/de\/#\/schema\/logo\/image\/\"},\"sameAs\":[\"https:\/\/www.facebook.com\/csjemballages\"],\"address\":{\"@type\":\"PostalAddress\",\"streetAddress\":\"ZI La Lechere\",\"addressLocality\":\"Patornay\",\"postalCode\":\"39130\",\"addressCountry\":\"FR\"},\"contactPoint\":[{\"@type\":\"ContactPoint\",\"contactType\":\"Service client\",\"telephone\":\"0384254272\",\"email\":\"contact@csj-emballages.com\"}]}]}<\/script>\n<!-- \/ Yoast SEO Premium plugin. -->","yoast_head_json":{"title":"Wei\u00dfe Holzschachtel 35x11x10 cm","description":"Entdecken Sie unsere wei\u00dfe Holzschachtel 35x11x10 cm: optimaler Schutz, modernes Design und schnelle Montage, um Ihre Backwaren zu veredeln.","robots":{"index":"index","follow":"follow","max-snippet":"max-snippet:-1","max-image-preview":"max-image-preview:large","max-video-preview":"max-video-preview:-1"},"canonical":"https:\/\/www.csj-emballages.com\/de\/produit\/25-weisse-holzschachteln-35-x-11-x-10-cm\/","og_locale":"de_DE","og_type":"article","og_title":"Wei\u00dfe Holzschachtel 35x11x10 cm","og_description":"Entdecken Sie unsere wei\u00dfe Holzschachtel 35x11x10 cm: optimaler Schutz, modernes Design und schnelle Montage, um Ihre Backwaren zu veredeln.","og_url":"https:\/\/www.csj-emballages.com\/de\/produit\/25-weisse-holzschachteln-35-x-11-x-10-cm\/","og_site_name":"CSJ Emballages","article_publisher":"https:\/\/www.facebook.com\/csjemballages","article_modified_time":"2026-04-17T00:11:32+00:00","og_image":[{"width":300,"height":300,"url":"https:\/\/www.csj-emballages.com\/wp-content\/uploads\/2024\/03\/boite-buche-carton-noel-blanche-colore-grossiste-csj-emballages-zoom-3-jpg.webp","type":"image\/jpeg"}],"twitter_card":"summary_large_image","twitter_title":"Wei\u00dfe Holzschachtel 35x11x10 cm","twitter_description":"Entdecken Sie unsere wei\u00dfe Holzschachtel 35x11x10 cm: optimaler Schutz, modernes Design und schnelle Montage, um Ihre Backwaren zu veredeln.","twitter_misc":{"Gesch\u00e4tzte Lesezeit":"3 Minuten"},"schema":{"@context":"https:\/\/schema.org","@graph":[{"@type":"WebPage","@id":"https:\/\/www.csj-emballages.com\/de\/produit\/25-weisse-holzschachteln-35-x-11-x-10-cm\/","url":"https:\/\/www.csj-emballages.com\/de\/produit\/25-weisse-holzschachteln-35-x-11-x-10-cm\/","name":"Wei\u00dfe Holzschachtel 35x11x10 cm","isPartOf":{"@id":"https:\/\/www.csj-emballages.com\/de\/#website"},"primaryImageOfPage":{"@id":"https:\/\/www.csj-emballages.com\/de\/produit\/25-weisse-holzschachteln-35-x-11-x-10-cm\/#primaryimage"},"image":{"@id":"https:\/\/www.csj-emballages.com\/de\/produit\/25-weisse-holzschachteln-35-x-11-x-10-cm\/#primaryimage"},"thumbnailUrl":"https:\/\/www.csj-emballages.com\/wp-content\/uploads\/2024\/03\/boite-buche-carton-noel-blanche-colore-grossiste-csj-emballages-zoom-3-jpg.webp","datePublished":"2024-03-01T15:56:00+00:00","dateModified":"2026-04-17T00:11:32+00:00","description":"Entdecken Sie unsere wei\u00dfe Holzschachtel 35x11x10 cm: optimaler Schutz, modernes Design und schnelle Montage, um Ihre Backwaren zu veredeln.","breadcrumb":{"@id":"https:\/\/www.csj-emballages.com\/de\/produit\/25-weisse-holzschachteln-35-x-11-x-10-cm\/#breadcrumb"},"inLanguage":"de","potentialAction":[{"@type":"ReadAction","target":["https:\/\/www.csj-emballages.com\/de\/produit\/25-weisse-holzschachteln-35-x-11-x-10-cm\/"]}]},{"@type":"ImageObject","inLanguage":"de","@id":"https:\/\/www.csj-emballages.com\/de\/produit\/25-weisse-holzschachteln-35-x-11-x-10-cm\/#primaryimage","url":"https:\/\/www.csj-emballages.com\/wp-content\/uploads\/2024\/03\/boite-buche-carton-noel-blanche-colore-grossiste-csj-emballages-zoom-3-jpg.webp","contentUrl":"https:\/\/www.csj-emballages.com\/wp-content\/uploads\/2024\/03\/boite-buche-carton-noel-blanche-colore-grossiste-csj-emballages-zoom-3-jpg.webp","width":300,"height":300,"caption":"bo\u00eetes b\u00fbche blanches 35x11x10 cm"},{"@type":"BreadcrumbList","@id":"https:\/\/www.csj-emballages.com\/de\/produit\/25-weisse-holzschachteln-35-x-11-x-10-cm\/#breadcrumb","itemListElement":[{"@type":"ListItem","position":1,"name":"Accueil","item":"https:\/\/www.csj-emballages.com\/de\/universum-lebensmittelverpackungen\/"},{"@type":"ListItem","position":2,"name":"Shop","item":"https:\/\/www.csj-emballages.com\/shop\/"},{"@type":"ListItem","position":3,"name":"Wei\u00dfe Holzscheitboxen 35 x 11 x 10 cm pro 25"}]},{"@type":"WebSite","@id":"https:\/\/www.csj-emballages.com\/de\/#website","url":"https:\/\/www.csj-emballages.com\/de\/","name":"CSJ Emballages","description":"","publisher":{"@id":"https:\/\/www.csj-emballages.com\/de\/#organization"},"potentialAction":[{"@type":"SearchAction","target":{"@type":"EntryPoint","urlTemplate":"https:\/\/www.csj-emballages.com\/de\/?s={search_term_string}"},"query-input":{"@type":"PropertyValueSpecification","valueRequired":true,"valueName":"search_term_string"}}],"inLanguage":"de"},{"@type":"Organization","@id":"https:\/\/www.csj-emballages.com\/de\/#Organization\/","name":"CSJ Emballages","url":"https:\/\/www.csj-emballages.com\/de\/","logo":{"@type":"ImageObject","inLanguage":"de","@id":"https:\/\/www.csj-emballages.com\/de\/#\/schema\/logo\/image\/","url":"https:\/\/www.csj-emballages.com\/wp-content\/uploads\/2023\/10\/logo_csj.webp","contentUrl":"https:\/\/www.csj-emballages.com\/wp-content\/uploads\/2023\/10\/logo_csj.webp","width":250,"height":95,"caption":"CSJ Emballages"},"image":{"@id":"https:\/\/www.csj-emballages.com\/de\/#\/schema\/logo\/image\/"},"sameAs":["https:\/\/www.facebook.com\/csjemballages"],"address":{"@type":"PostalAddress","streetAddress":"ZI La Lechere","addressLocality":"Patornay","postalCode":"39130","addressCountry":"FR"},"contactPoint":[{"@type":"ContactPoint","contactType":"Service client","telephone":"0384254272","email":"contact@csj-emballages.com"}]}]}},"df_price":11.18,"df_sale_price":"","df_regular_price":11.18,"df_image_link":"https:\/\/www.csj-emballages.com\/wp-content\/uploads\/2024\/03\/boite-buche-carton-noel-blanche-colore-grossiste-csj-emballages-zoom-3-jpg.webp","tiered_pricing_type":"fixed","tiered_pricing_fixed_rules":[],"tiered_pricing_percentage_rules":[],"tiered_pricing_minimum":1,"tiered_pricing_roles_data":[],"_links":{"self":[{"href":"https:\/\/www.csj-emballages.com\/de\/wp-json\/wp\/v2\/product\/20021","targetHints":{"allow":["GET"]}}],"collection":[{"href":"https:\/\/www.csj-emballages.com\/de\/wp-json\/wp\/v2\/product"}],"about":[{"href":"https:\/\/www.csj-emballages.com\/de\/wp-json\/wp\/v2\/types\/product"}],"wp:featuredmedia":[{"embeddable":true,"href":"https:\/\/www.csj-emballages.com\/de\/wp-json\/wp\/v2\/media\/6835"}],"wp:attachment":[{"href":"https:\/\/www.csj-emballages.com\/de\/wp-json\/wp\/v2\/media?parent=20021"}],"wp:term":[{"taxonomy":"product_brand","embeddable":true,"href":"https:\/\/www.csj-emballages.com\/de\/wp-json\/wp\/v2\/product_brand?post=20021"},{"taxonomy":"product_cat","embeddable":true,"href":"https:\/\/www.csj-emballages.com\/de\/wp-json\/wp\/v2\/product_cat?post=20021"},{"taxonomy":"product_tag","embeddable":true,"href":"https:\/\/www.csj-emballages.com\/de\/wp-json\/wp\/v2\/product_tag?post=20021"}],"curies":[{"name":"wp","href":"https:\/\/api.w.org\/{rel}","templated":true}]}}