{"id":20015,"date":"2024-03-01T16:56:01","date_gmt":"2024-03-01T15:56:01","guid":{"rendered":"https:\/\/u15jnbdpoq.preview.infomaniak.website\/produit\/25-weisse-feinkostdosen-42-5-x-28-5-x-6-cm\/"},"modified":"2026-04-16T02:11:37","modified_gmt":"2026-04-16T00:11:37","slug":"25-weisse-feinkostdosen-42-5-x-28-5-x-6-cm","status":"publish","type":"product","link":"https:\/\/www.csj-emballages.com\/de\/produit\/25-weisse-feinkostdosen-42-5-x-28-5-x-6-cm\/","title":{"rendered":"Box f\u00fcr Traiteur-Tablett wei\u00df 42 x 28 x 6 cm pro 25"},"content":{"rendered":"<h2 class=\"p1\">Box f\u00fcr Traiteur-Tablett<\/h2>\n<hr>\n<h3>Beschreibung unserer Schachtel f\u00fcr Traiteur-Tablett wei\u00df 42 x 28 x 6 cm pro 25<\/h3>\n<p><!--more--><\/p>\n<p class=\"\" data-start=\"217\" data-end=\"620\">Bieten Sie Ihren Kunden eine gepflegte und professionelle Pr\u00e4sentation mit dieser <strong data-start=\"296\" data-end=\"335\">wei\u00dfen Schachtel f\u00fcr Feinkostplatten<\/strong> im gro\u00dfz\u00fcgigen Format von <strong data-start=\"358\" data-end=\"376\">42 x 28 x 6 cm<\/strong>. Sie wird im <strong>25er-Set<\/strong> verkauft und wurde speziell f\u00fcr die Anforderungen von Caterern, Restaurantbesitzern oder Eventveranstaltern entwickelt, die ihre Speisen auf einem <span style=\"color: #d12727\"><a style=\"color: #d12727\" href=\"\/?product_cat=plateaux-traiteurs\"><strong>Feinkosttablett<\/strong><\/a><\/span> mit Eleganz und Sicherheit. Diese aus festem Karton hergestellte <strong>Feinkostschachtel<\/strong> sorgt f\u00fcr einen ausgezeichneten Halt beim Transport und sch\u00fctzt Ihre Gerichte vor \u00e4u\u00dferen Einfl\u00fcssen. Durch ihre neutrale und schlichte <strong>wei\u00dfe Farbe <\/strong>passt sie zu allen Arten von Veranstaltungen: Hochzeiten, Cocktailpartys, Empf\u00e4ngen oder hochwertigen Lieferungen. Ebenso ist sein flaches und breites Format ideal f\u00fcr die Aufnahme von <span style=\"color: #d12727\"><a style=\"color: #d12727\" href=\"\/?product_cat=plateaux-traiteurs\"><strong>Tabletts<\/strong><\/a><\/span> Aufschnitt, K\u00e4se, Petits Fours, Canap\u00e9s, Desserts oder andere kulinarische Zusammenstellungen.    <\/p>\n<p class=\"\" data-start=\"1080\" data-end=\"1391\">Dank ihrer <strong data-start=\"1091\" data-end=\"1110\">H\u00f6he von 6 cm<\/strong> h\u00e4lt sie die Pr\u00e4sentation Ihrer Speisen aufrecht und bietet gleichzeitig genug Platz, um sie zu sch\u00fctzen, ohne sie zu zerdr\u00fccken. Zusammenfassend l\u00e4sst sich sagen, dass diese leicht zu montierende, stapelbare und leichte <strong>Box f\u00fcr Feinkosttabletts in Wei\u00df<\/strong> sowohl praktisch als auch elegant ist. Sie ist die perfekte Wahl, um Funktionalit\u00e4t und \u00c4sthetik zu vereinen. <\/p>\n<p data-start=\"1080\" data-end=\"1391\"><!--more--><\/p>\n<p data-pm-slice=\"1 1 []\"><span style=\"color: #ff0000\"><strong>*Die Catering-Tabletts werden separat verkauft.<\/strong><\/span><\/p>\n<h3><\/h3>\n<p><!--more--><\/p>\n<h4><strong>Ihre Vorteile : <\/strong><\/h4>\n<ul>\n<li><strong data-start=\"132\" data-end=\"157\">Gro\u00dfz\u00fcgige Abmessungen<\/strong>: 42 x 28 x 6 cm, perfekt f\u00fcr Feinkostplatten.<\/li>\n<li><strong data-start=\"218\" data-end=\"245\">Schlichtes, elegantes Design<\/strong>: Dank seiner wei\u00dfen Farbe eignet er sich f\u00fcr alle Arten von Veranstaltungen.<\/li>\n<li><strong data-start=\"503\" data-end=\"526\">Vielseitig<\/strong> einsetzbar: Ideal f\u00fcr Buffets, Aperitifs, Desserts, K\u00e4se- oder Wurstplatten.<\/li>\n<li><strong data-start=\"619\" data-end=\"637\">Einfache Montage<\/strong>: zeitsparend und praktisch im Alltag.<\/li>\n<li><strong data-start=\"750\" data-end=\"780\">Sparsame Verpackung<\/strong>: Wird in Packungen zu 25 St\u00fcck verkauft, um den Bed\u00fcrfnissen von Profis gerecht zu werden.<\/li>\n<\/ul>\n<p>&nbsp;<\/p>\n<p><!--more--><\/p>\n<h4>Weitere Informationen :<\/h4>\n<ul>\n<li><strong>Verpackung<\/strong>: Packung mit 25 St\u00fcck<\/li>\n<li><strong>Ma\u00dfe<\/strong>: 42 x 28 x 6 ( L x B x H in cm)<\/li>\n<li><strong>Material<\/strong>: Karton<\/li>\n<li><strong>Farbe<\/strong>: Wei\u00df<\/li>\n<\/ul>\n<p>&nbsp;<\/p>\n<p><!--more--><\/p>\n<p><span style=\"color: #d12727\"><a style=\"color: #d12727\" href=\"https:\/\/www.csj-emballages.com\/de\/categorie-produit\/lebensmittelverpackungen\/metzgerei-und-feinkostgeschaft\/schalen-dosen-und-glaser\/catering-lunchboxen\/\">Finden Sie hier unser Angebot an Feinkostplatten<\/a><\/span><\/p>\n<h2><\/h2>\n<p><!--more--><\/p>\n<p>Dieses Produkt ist in verschiedenen Gr\u00f6\u00dfen erh\u00e4ltlich : <span style=\"color: #d12727\"><a style=\"color: #d12727\" href=\"https:\/\/www.csj-emballages.com\/produit\/25-boites-traiteurs-rectangles-blanches-28-x-20-x-5-cm\/\">28 x 20 x 6 cm<\/a><\/span> \/ <span style=\"color: #d12727\"><a style=\"color: #d12727\" href=\"https:\/\/www.csj-emballages.com\/produit\/25-boites-traiteurs-blanches-42-x-32-x-6-cm\/\">43 x 33 x 6 cm<\/a><\/span><\/p>\n<p>&nbsp;<\/p>\n<p><!--more--><\/p>\n<p><span style=\"color: #000000\"><a style=\"color: #000000\" href=\"https:\/\/www.csj-emballages.com\/de\/categorie-produit\/lebensmittelverpackungen\/metzgerei-und-feinkostgeschaft\/schalen-dosen-und-glaser\/catering-lunchboxen\/\">Sehen Sie sich den Rest unseres Sortiments an Schachteln f\u00fcr Catering-Tabletts an<\/a><\/span><\/p>\n","protected":false},"excerpt":{"rendered":"<p>Box f\u00fcr Traiteur-Tablett Beschreibung unserer Schachtel f\u00fcr Traiteur-Tablett wei\u00df 42 x 28 x 6 cm pro 25<\/p>\n","protected":false},"featured_media":230356,"template":"","meta":{"_acf_changed":false},"product_brand":[],"product_cat":[1137,1170,1169,1171,3964,1256,3119],"product_tag":[],"class_list":{"0":"post-20015","1":"product","2":"type-product","3":"status-publish","4":"has-post-thumbnail","6":"product_cat-lebensmittelverpackungen","7":"product_cat-metzgerei-und-feinkostgeschaft","8":"product_cat-catering-lunchboxen","9":"product_cat-backerei-und-konditorei","10":"product_cat-schachteln-und-etuis","11":"product_cat-gebackschachteln","12":"product_cat-gebackschachteln-de","14":"first","15":"instock","16":"taxable","17":"shipping-taxable","18":"purchasable","19":"product-type-simple"},"acf":[],"yoast_head":"<!-- This site is optimized with the Yoast SEO Premium plugin v26.6 (Yoast SEO v26.6) - https:\/\/yoast.com\/wordpress\/plugins\/seo\/ -->\n<title>Box f\u00fcr Traiteur-Tablett Wei\u00df 42 x 28 x 6 cm pro 25<\/title>\n<meta name=\"description\" content=\"Wei\u00dfe Tablettbox f\u00fcr Feinkost 42 x 28 x 6 cm - ideal f\u00fcr Feinkosttabletts, sicheren Transport und Hervorhebung Ihrer Speisen. Set mit 25 St\u00fcck.\" \/>\n<meta name=\"robots\" content=\"index, follow, max-snippet:-1, max-image-preview:large, max-video-preview:-1\" \/>\n<link rel=\"canonical\" href=\"https:\/\/www.csj-emballages.com\/de\/produit\/25-weisse-feinkostdosen-42-5-x-28-5-x-6-cm\/\" \/>\n<meta property=\"og:locale\" content=\"de_DE\" \/>\n<meta property=\"og:type\" content=\"article\" \/>\n<meta property=\"og:title\" content=\"Box f\u00fcr Traiteur-Tablett wei\u00df 42 x 28 x 6 cm pro 25\" \/>\n<meta property=\"og:description\" content=\"Wei\u00dfe Tablettbox f\u00fcr Feinkost 42 x 28 x 6 cm - ideal f\u00fcr Feinkosttabletts, sicheren Transport und Hervorhebung Ihrer Speisen. Set mit 25 St\u00fcck.\" \/>\n<meta property=\"og:url\" content=\"https:\/\/www.csj-emballages.com\/de\/produit\/25-weisse-feinkostdosen-42-5-x-28-5-x-6-cm\/\" \/>\n<meta property=\"og:site_name\" content=\"CSJ Emballages\" \/>\n<meta property=\"article:publisher\" content=\"https:\/\/www.facebook.com\/csjemballages\" \/>\n<meta property=\"article:modified_time\" content=\"2026-04-16T00:11:37+00:00\" \/>\n<meta property=\"og:image\" content=\"https:\/\/www.csj-emballages.com\/wp-content\/uploads\/2024\/03\/Boite-traiteur.webp\" \/>\n\t<meta property=\"og:image:width\" content=\"800\" \/>\n\t<meta property=\"og:image:height\" content=\"800\" \/>\n\t<meta property=\"og:image:type\" content=\"image\/webp\" \/>\n<meta name=\"twitter:card\" content=\"summary_large_image\" \/>\n<meta name=\"twitter:label1\" content=\"Gesch\u00e4tzte Lesezeit\" \/>\n\t<meta name=\"twitter:data1\" content=\"2 Minuten\" \/>\n<script type=\"application\/ld+json\" class=\"yoast-schema-graph\">{\"@context\":\"https:\/\/schema.org\",\"@graph\":[{\"@type\":\"WebPage\",\"@id\":\"https:\/\/www.csj-emballages.com\/de\/produit\/25-weisse-feinkostdosen-42-5-x-28-5-x-6-cm\/\",\"url\":\"https:\/\/www.csj-emballages.com\/de\/produit\/25-weisse-feinkostdosen-42-5-x-28-5-x-6-cm\/\",\"name\":\"Box f\u00fcr Traiteur-Tablett Wei\u00df 42 x 28 x 6 cm pro 25\",\"isPartOf\":{\"@id\":\"https:\/\/www.csj-emballages.com\/de\/#website\"},\"primaryImageOfPage\":{\"@id\":\"https:\/\/www.csj-emballages.com\/de\/produit\/25-weisse-feinkostdosen-42-5-x-28-5-x-6-cm\/#primaryimage\"},\"image\":{\"@id\":\"https:\/\/www.csj-emballages.com\/de\/produit\/25-weisse-feinkostdosen-42-5-x-28-5-x-6-cm\/#primaryimage\"},\"thumbnailUrl\":\"https:\/\/www.csj-emballages.com\/wp-content\/uploads\/2024\/03\/Boite-traiteur.webp\",\"datePublished\":\"2024-03-01T15:56:01+00:00\",\"dateModified\":\"2026-04-16T00:11:37+00:00\",\"description\":\"Wei\u00dfe Tablettbox f\u00fcr Feinkost 42 x 28 x 6 cm - ideal f\u00fcr Feinkosttabletts, sicheren Transport und Hervorhebung Ihrer Speisen. Set mit 25 St\u00fcck.\",\"breadcrumb\":{\"@id\":\"https:\/\/www.csj-emballages.com\/de\/produit\/25-weisse-feinkostdosen-42-5-x-28-5-x-6-cm\/#breadcrumb\"},\"inLanguage\":\"de\",\"potentialAction\":[{\"@type\":\"ReadAction\",\"target\":[\"https:\/\/www.csj-emballages.com\/de\/produit\/25-weisse-feinkostdosen-42-5-x-28-5-x-6-cm\/\"]}]},{\"@type\":\"ImageObject\",\"inLanguage\":\"de\",\"@id\":\"https:\/\/www.csj-emballages.com\/de\/produit\/25-weisse-feinkostdosen-42-5-x-28-5-x-6-cm\/#primaryimage\",\"url\":\"https:\/\/www.csj-emballages.com\/wp-content\/uploads\/2024\/03\/Boite-traiteur.webp\",\"contentUrl\":\"https:\/\/www.csj-emballages.com\/wp-content\/uploads\/2024\/03\/Boite-traiteur.webp\",\"width\":800,\"height\":800,\"caption\":\"Boite pour plateau traiteur\"},{\"@type\":\"BreadcrumbList\",\"@id\":\"https:\/\/www.csj-emballages.com\/de\/produit\/25-weisse-feinkostdosen-42-5-x-28-5-x-6-cm\/#breadcrumb\",\"itemListElement\":[{\"@type\":\"ListItem\",\"position\":1,\"name\":\"Accueil\",\"item\":\"https:\/\/www.csj-emballages.com\/de\/universum-lebensmittelverpackungen\/\"},{\"@type\":\"ListItem\",\"position\":2,\"name\":\"Shop\",\"item\":\"https:\/\/www.csj-emballages.com\/shop\/\"},{\"@type\":\"ListItem\",\"position\":3,\"name\":\"Box f\u00fcr Traiteur-Tablett wei\u00df 42 x 28 x 6 cm pro 25\"}]},{\"@type\":\"WebSite\",\"@id\":\"https:\/\/www.csj-emballages.com\/de\/#website\",\"url\":\"https:\/\/www.csj-emballages.com\/de\/\",\"name\":\"CSJ Emballages\",\"description\":\"\",\"publisher\":{\"@id\":\"https:\/\/www.csj-emballages.com\/de\/#organization\"},\"potentialAction\":[{\"@type\":\"SearchAction\",\"target\":{\"@type\":\"EntryPoint\",\"urlTemplate\":\"https:\/\/www.csj-emballages.com\/de\/?s={search_term_string}\"},\"query-input\":{\"@type\":\"PropertyValueSpecification\",\"valueRequired\":true,\"valueName\":\"search_term_string\"}}],\"inLanguage\":\"de\"},{\"@type\":\"Organization\",\"@id\":\"https:\/\/www.csj-emballages.com\/de\/#Organization\/\",\"name\":\"CSJ Emballages\",\"url\":\"https:\/\/www.csj-emballages.com\/de\/\",\"logo\":{\"@type\":\"ImageObject\",\"inLanguage\":\"de\",\"@id\":\"https:\/\/www.csj-emballages.com\/de\/#\/schema\/logo\/image\/\",\"url\":\"https:\/\/www.csj-emballages.com\/wp-content\/uploads\/2023\/10\/logo_csj.webp\",\"contentUrl\":\"https:\/\/www.csj-emballages.com\/wp-content\/uploads\/2023\/10\/logo_csj.webp\",\"width\":250,\"height\":95,\"caption\":\"CSJ Emballages\"},\"image\":{\"@id\":\"https:\/\/www.csj-emballages.com\/de\/#\/schema\/logo\/image\/\"},\"sameAs\":[\"https:\/\/www.facebook.com\/csjemballages\"],\"address\":{\"@type\":\"PostalAddress\",\"streetAddress\":\"ZI La Lechere\",\"addressLocality\":\"Patornay\",\"postalCode\":\"39130\",\"addressCountry\":\"FR\"},\"contactPoint\":[{\"@type\":\"ContactPoint\",\"contactType\":\"Service client\",\"telephone\":\"0384254272\",\"email\":\"contact@csj-emballages.com\"}]}]}<\/script>\n<!-- \/ Yoast SEO Premium plugin. -->","yoast_head_json":{"title":"Box f\u00fcr Traiteur-Tablett Wei\u00df 42 x 28 x 6 cm pro 25","description":"Wei\u00dfe Tablettbox f\u00fcr Feinkost 42 x 28 x 6 cm - ideal f\u00fcr Feinkosttabletts, sicheren Transport und Hervorhebung Ihrer Speisen. Set mit 25 St\u00fcck.","robots":{"index":"index","follow":"follow","max-snippet":"max-snippet:-1","max-image-preview":"max-image-preview:large","max-video-preview":"max-video-preview:-1"},"canonical":"https:\/\/www.csj-emballages.com\/de\/produit\/25-weisse-feinkostdosen-42-5-x-28-5-x-6-cm\/","og_locale":"de_DE","og_type":"article","og_title":"Box f\u00fcr Traiteur-Tablett wei\u00df 42 x 28 x 6 cm pro 25","og_description":"Wei\u00dfe Tablettbox f\u00fcr Feinkost 42 x 28 x 6 cm - ideal f\u00fcr Feinkosttabletts, sicheren Transport und Hervorhebung Ihrer Speisen. Set mit 25 St\u00fcck.","og_url":"https:\/\/www.csj-emballages.com\/de\/produit\/25-weisse-feinkostdosen-42-5-x-28-5-x-6-cm\/","og_site_name":"CSJ Emballages","article_publisher":"https:\/\/www.facebook.com\/csjemballages","article_modified_time":"2026-04-16T00:11:37+00:00","og_image":[{"width":800,"height":800,"url":"https:\/\/www.csj-emballages.com\/wp-content\/uploads\/2024\/03\/Boite-traiteur.webp","type":"image\/webp"}],"twitter_card":"summary_large_image","twitter_misc":{"Gesch\u00e4tzte Lesezeit":"2 Minuten"},"schema":{"@context":"https:\/\/schema.org","@graph":[{"@type":"WebPage","@id":"https:\/\/www.csj-emballages.com\/de\/produit\/25-weisse-feinkostdosen-42-5-x-28-5-x-6-cm\/","url":"https:\/\/www.csj-emballages.com\/de\/produit\/25-weisse-feinkostdosen-42-5-x-28-5-x-6-cm\/","name":"Box f\u00fcr Traiteur-Tablett Wei\u00df 42 x 28 x 6 cm pro 25","isPartOf":{"@id":"https:\/\/www.csj-emballages.com\/de\/#website"},"primaryImageOfPage":{"@id":"https:\/\/www.csj-emballages.com\/de\/produit\/25-weisse-feinkostdosen-42-5-x-28-5-x-6-cm\/#primaryimage"},"image":{"@id":"https:\/\/www.csj-emballages.com\/de\/produit\/25-weisse-feinkostdosen-42-5-x-28-5-x-6-cm\/#primaryimage"},"thumbnailUrl":"https:\/\/www.csj-emballages.com\/wp-content\/uploads\/2024\/03\/Boite-traiteur.webp","datePublished":"2024-03-01T15:56:01+00:00","dateModified":"2026-04-16T00:11:37+00:00","description":"Wei\u00dfe Tablettbox f\u00fcr Feinkost 42 x 28 x 6 cm - ideal f\u00fcr Feinkosttabletts, sicheren Transport und Hervorhebung Ihrer Speisen. Set mit 25 St\u00fcck.","breadcrumb":{"@id":"https:\/\/www.csj-emballages.com\/de\/produit\/25-weisse-feinkostdosen-42-5-x-28-5-x-6-cm\/#breadcrumb"},"inLanguage":"de","potentialAction":[{"@type":"ReadAction","target":["https:\/\/www.csj-emballages.com\/de\/produit\/25-weisse-feinkostdosen-42-5-x-28-5-x-6-cm\/"]}]},{"@type":"ImageObject","inLanguage":"de","@id":"https:\/\/www.csj-emballages.com\/de\/produit\/25-weisse-feinkostdosen-42-5-x-28-5-x-6-cm\/#primaryimage","url":"https:\/\/www.csj-emballages.com\/wp-content\/uploads\/2024\/03\/Boite-traiteur.webp","contentUrl":"https:\/\/www.csj-emballages.com\/wp-content\/uploads\/2024\/03\/Boite-traiteur.webp","width":800,"height":800,"caption":"Boite pour plateau traiteur"},{"@type":"BreadcrumbList","@id":"https:\/\/www.csj-emballages.com\/de\/produit\/25-weisse-feinkostdosen-42-5-x-28-5-x-6-cm\/#breadcrumb","itemListElement":[{"@type":"ListItem","position":1,"name":"Accueil","item":"https:\/\/www.csj-emballages.com\/de\/universum-lebensmittelverpackungen\/"},{"@type":"ListItem","position":2,"name":"Shop","item":"https:\/\/www.csj-emballages.com\/shop\/"},{"@type":"ListItem","position":3,"name":"Box f\u00fcr Traiteur-Tablett wei\u00df 42 x 28 x 6 cm pro 25"}]},{"@type":"WebSite","@id":"https:\/\/www.csj-emballages.com\/de\/#website","url":"https:\/\/www.csj-emballages.com\/de\/","name":"CSJ Emballages","description":"","publisher":{"@id":"https:\/\/www.csj-emballages.com\/de\/#organization"},"potentialAction":[{"@type":"SearchAction","target":{"@type":"EntryPoint","urlTemplate":"https:\/\/www.csj-emballages.com\/de\/?s={search_term_string}"},"query-input":{"@type":"PropertyValueSpecification","valueRequired":true,"valueName":"search_term_string"}}],"inLanguage":"de"},{"@type":"Organization","@id":"https:\/\/www.csj-emballages.com\/de\/#Organization\/","name":"CSJ Emballages","url":"https:\/\/www.csj-emballages.com\/de\/","logo":{"@type":"ImageObject","inLanguage":"de","@id":"https:\/\/www.csj-emballages.com\/de\/#\/schema\/logo\/image\/","url":"https:\/\/www.csj-emballages.com\/wp-content\/uploads\/2023\/10\/logo_csj.webp","contentUrl":"https:\/\/www.csj-emballages.com\/wp-content\/uploads\/2023\/10\/logo_csj.webp","width":250,"height":95,"caption":"CSJ Emballages"},"image":{"@id":"https:\/\/www.csj-emballages.com\/de\/#\/schema\/logo\/image\/"},"sameAs":["https:\/\/www.facebook.com\/csjemballages"],"address":{"@type":"PostalAddress","streetAddress":"ZI La Lechere","addressLocality":"Patornay","postalCode":"39130","addressCountry":"FR"},"contactPoint":[{"@type":"ContactPoint","contactType":"Service client","telephone":"0384254272","email":"contact@csj-emballages.com"}]}]}},"df_price":13.7,"df_sale_price":"","df_regular_price":13.7,"df_image_link":"https:\/\/www.csj-emballages.com\/wp-content\/uploads\/2024\/03\/Boite-traiteur-300x300.webp","tiered_pricing_type":"fixed","tiered_pricing_fixed_rules":[],"tiered_pricing_percentage_rules":[],"tiered_pricing_minimum":1,"tiered_pricing_roles_data":[],"_links":{"self":[{"href":"https:\/\/www.csj-emballages.com\/de\/wp-json\/wp\/v2\/product\/20015","targetHints":{"allow":["GET"]}}],"collection":[{"href":"https:\/\/www.csj-emballages.com\/de\/wp-json\/wp\/v2\/product"}],"about":[{"href":"https:\/\/www.csj-emballages.com\/de\/wp-json\/wp\/v2\/types\/product"}],"wp:featuredmedia":[{"embeddable":true,"href":"https:\/\/www.csj-emballages.com\/de\/wp-json\/wp\/v2\/media\/230356"}],"wp:attachment":[{"href":"https:\/\/www.csj-emballages.com\/de\/wp-json\/wp\/v2\/media?parent=20015"}],"wp:term":[{"taxonomy":"product_brand","embeddable":true,"href":"https:\/\/www.csj-emballages.com\/de\/wp-json\/wp\/v2\/product_brand?post=20015"},{"taxonomy":"product_cat","embeddable":true,"href":"https:\/\/www.csj-emballages.com\/de\/wp-json\/wp\/v2\/product_cat?post=20015"},{"taxonomy":"product_tag","embeddable":true,"href":"https:\/\/www.csj-emballages.com\/de\/wp-json\/wp\/v2\/product_tag?post=20015"}],"curies":[{"name":"wp","href":"https:\/\/api.w.org\/{rel}","templated":true}]}}