{"id":19992,"date":"2024-03-01T16:56:02","date_gmt":"2024-03-01T15:56:02","guid":{"rendered":"https:\/\/u15jnbdpoq.preview.infomaniak.website\/produit\/sockel-wc-kugelbuerste\/"},"modified":"2026-05-14T02:12:02","modified_gmt":"2026-05-14T00:12:02","slug":"sockel-wc-kugelbuerste","status":"publish","type":"product","link":"https:\/\/www.csj-emballages.com\/de\/produit\/sockel-wc-kugelbuerste\/","title":{"rendered":"Sockel + WC-Kugelb\u00fcrste"},"content":{"rendered":"<h2>Sockel + WC-Kugelb\u00fcrste<\/h2>\n<hr>\n<h3>Entdecken Sie unseren St\u00e4nder + Kugel-WC-B\u00fcrste<\/h3>\n<p><!--more--><\/p>\n<p data-start=\"197\" data-end=\"569\">Einfach, diskret und effizient: Dieser <strong data-start=\"229\" data-end=\"259\">St\u00e4nder mit Kugel-WC-B\u00fcrste<\/strong> erf\u00fcllt genau seinen Zweck, ohne aufdringlich zu wirken. Sein schlichtes wei\u00dfes Design f\u00fcgt sich nahtlos in alle Sanit\u00e4rbereiche ein, ob zu Hause, im Restaurant, B\u00fcro oder in Gesch\u00e4ftsr\u00e4umen. Er ist vielseitig einsetzbar und bleibt optisch sauber, selbst in stark frequentierten Bereichen.  <\/p>\n<p data-start=\"571\" data-end=\"902\">Die <strong>Kugelb\u00fcrste<\/strong> erm\u00f6glicht eine pr\u00e4zisere Reinigung. Dank dieser abgerundeten Form erreicht sie m\u00fchelos schwer zug\u00e4ngliche Stellen, insbesondere unter den <strong>R\u00e4ndern der Toilettensch\u00fcssel<\/strong>. Der lange Griff sorgt f\u00fcr einen guten Halt und vermeidet unn\u00f6tigen Kontakt, was die t\u00e4gliche Nutzung komfortabler und hygienischer macht.  <\/p>\n<p data-start=\"904\" data-end=\"1178\">Der <strong>St\u00e4nder h\u00e4lt die B\u00fcrste aufrecht<\/strong> und <strong>stabil<\/strong>. Er f\u00e4ngt \u00fcbersch\u00fcssiges Wasser nach Gebrauch auf, was hilft, den Boden sauber und trocken zu halten. Das Set ist leicht, einfach zu bewegen und ebenso leicht zu reinigen. Ein schnelles Absp\u00fclen gen\u00fcgt, um ein sauberes Aussehen zu bewahren.   <\/p>\n<p data-start=\"1180\" data-end=\"1476\">Dieses Modell wird besonders f\u00fcr seine Praktikabilit\u00e4t gesch\u00e4tzt. Es erfordert keine Installation, wird direkt auf den Boden gestellt und kann in Sekundenschnelle ausgetauscht oder verschoben werden. Es ist eine ideale L\u00f6sung f\u00fcr Einrichtungen, die funktionelle, wirtschaftliche und unkomplizierte Ausstattung suchen.  <\/p>\n<p data-start=\"1478\" data-end=\"1664\">Zusammenfassend konzentriert sich dieser <strong>St\u00e4nder mit WC-B\u00fcrste<\/strong> auf das Wesentliche. Er gew\u00e4hrleistet eine korrekte Hygiene, bleibt optisch diskret und passt sich perfekt sowohl intensivem Gebrauch als auch privaten Sanit\u00e4rbereichen an. <\/p>\n<p data-start=\"1478\" data-end=\"1664\">\n<p data-start=\"1478\" data-end=\"1664\"><!--more--><\/p>\n<h4 data-start=\"1478\" data-end=\"1664\">Vorteile :<\/h4>\n<ul>\n<li data-start=\"1692\" data-end=\"1737\"><strong>Kugelform<\/strong> f\u00fcr eine effizientere Reinigung.<\/li>\n<li data-start=\"1740\" data-end=\"1772\">Einfaches und vielseitiges Design.<\/li>\n<li data-start=\"1775\" data-end=\"1812\">Stabiler und pflegeleichter St\u00e4nder.<\/li>\n<li data-start=\"1815\" data-end=\"1836\">Guter Halt.<\/li>\n<li data-start=\"1839\" data-end=\"1889\">F\u00fcr Privat- und Gesch\u00e4ftskunden geeignet.<\/li>\n<\/ul>\n<p>&nbsp;<\/p>\n<p><!--more--><\/p>\n<h4>Weitere Informationen :<\/h4>\n<ul>\n<li><strong>Verpackung<\/strong>: Einzeln<\/li>\n<li><strong>Ma\u00dfe<\/strong>: 37 cm<\/li>\n<li><strong>Material<\/strong>: Polypropylen<\/li>\n<li><strong>Farbe<\/strong>: Wei\u00df<\/li>\n<\/ul>\n<p>&nbsp;<\/p>\n<p><!--more--><\/p>\n<p><a href=\"https:\/\/www.csj-emballages.com\/de\/categorie-produit\/hygiene-und-pflege\/bursten-und-besen\/\">Sehen Sie sich den Rest unseres Sortiments an B\u00fcrsten und Besen an<\/a><\/p>\n","protected":false},"excerpt":{"rendered":"<p>Sockel + WC-Kugelb\u00fcrste Entdecken Sie unseren St\u00e4nder + Kugel-WC-B\u00fcrste<\/p>\n","protected":false},"featured_media":7523,"template":"","meta":{"_acf_changed":false},"product_brand":[],"product_cat":[1218,1449,2279],"product_tag":[],"class_list":{"0":"post-19992","1":"product","2":"type-product","3":"status-publish","4":"has-post-thumbnail","6":"product_cat-hygiene-und-pflege","7":"product_cat-bursten-und-besen","8":"product_cat-wc-burste","10":"first","11":"instock","12":"taxable","13":"shipping-taxable","14":"purchasable","15":"product-type-simple"},"acf":[],"yoast_head":"<!-- This site is optimized with the Yoast SEO Premium plugin v26.6 (Yoast SEO v26.6) - https:\/\/yoast.com\/wordpress\/plugins\/seo\/ -->\n<title>St\u00e4nder + WC-B\u00fcrste<\/title>\n<meta name=\"description\" content=\"St\u00e4nder mit wei\u00dfer Kugel-WC-B\u00fcrste, praktisch und diskret. Effiziente Reinigung, einfache Pflege, ideal f\u00fcr private oder gewerbliche Sanit\u00e4rbereiche.\" \/>\n<meta name=\"robots\" content=\"index, follow, max-snippet:-1, max-image-preview:large, max-video-preview:-1\" \/>\n<link rel=\"canonical\" href=\"https:\/\/www.csj-emballages.com\/de\/produit\/sockel-wc-kugelbuerste\/\" \/>\n<meta property=\"og:locale\" content=\"de_DE\" \/>\n<meta property=\"og:type\" content=\"article\" \/>\n<meta property=\"og:title\" content=\"Sockel + WC-Kugelb\u00fcrste\" \/>\n<meta property=\"og:description\" content=\"St\u00e4nder mit wei\u00dfer Kugel-WC-B\u00fcrste, praktisch und diskret. Effiziente Reinigung, einfache Pflege, ideal f\u00fcr private oder gewerbliche Sanit\u00e4rbereiche.\" \/>\n<meta property=\"og:url\" content=\"https:\/\/www.csj-emballages.com\/de\/produit\/sockel-wc-kugelbuerste\/\" \/>\n<meta property=\"og:site_name\" content=\"CSJ Emballages\" \/>\n<meta property=\"article:publisher\" content=\"https:\/\/www.facebook.com\/csjemballages\" \/>\n<meta property=\"article:modified_time\" content=\"2026-05-14T00:12:02+00:00\" \/>\n<meta property=\"og:image\" content=\"https:\/\/www.csj-emballages.com\/wp-content\/uploads\/2024\/03\/brosse-wc-socle-blanc-plastique-qualite-resistant-pas-cher-discount-grossist-jpg.webp\" \/>\n\t<meta property=\"og:image:width\" content=\"600\" \/>\n\t<meta property=\"og:image:height\" content=\"600\" \/>\n\t<meta property=\"og:image:type\" content=\"image\/jpeg\" \/>\n<meta name=\"twitter:card\" content=\"summary_large_image\" \/>\n<meta name=\"twitter:label1\" content=\"Gesch\u00e4tzte Lesezeit\" \/>\n\t<meta name=\"twitter:data1\" content=\"2 Minuten\" \/>\n<script type=\"application\/ld+json\" class=\"yoast-schema-graph\">{\"@context\":\"https:\/\/schema.org\",\"@graph\":[{\"@type\":\"WebPage\",\"@id\":\"https:\/\/www.csj-emballages.com\/de\/produit\/sockel-wc-kugelbuerste\/\",\"url\":\"https:\/\/www.csj-emballages.com\/de\/produit\/sockel-wc-kugelbuerste\/\",\"name\":\"St\u00e4nder + WC-B\u00fcrste\",\"isPartOf\":{\"@id\":\"https:\/\/www.csj-emballages.com\/de\/#website\"},\"primaryImageOfPage\":{\"@id\":\"https:\/\/www.csj-emballages.com\/de\/produit\/sockel-wc-kugelbuerste\/#primaryimage\"},\"image\":{\"@id\":\"https:\/\/www.csj-emballages.com\/de\/produit\/sockel-wc-kugelbuerste\/#primaryimage\"},\"thumbnailUrl\":\"https:\/\/www.csj-emballages.com\/wp-content\/uploads\/2024\/03\/brosse-wc-socle-blanc-plastique-qualite-resistant-pas-cher-discount-grossist-jpg.webp\",\"datePublished\":\"2024-03-01T15:56:02+00:00\",\"dateModified\":\"2026-05-14T00:12:02+00:00\",\"description\":\"St\u00e4nder mit wei\u00dfer Kugel-WC-B\u00fcrste, praktisch und diskret. Effiziente Reinigung, einfache Pflege, ideal f\u00fcr private oder gewerbliche Sanit\u00e4rbereiche.\",\"breadcrumb\":{\"@id\":\"https:\/\/www.csj-emballages.com\/de\/produit\/sockel-wc-kugelbuerste\/#breadcrumb\"},\"inLanguage\":\"de\",\"potentialAction\":[{\"@type\":\"ReadAction\",\"target\":[\"https:\/\/www.csj-emballages.com\/de\/produit\/sockel-wc-kugelbuerste\/\"]}]},{\"@type\":\"ImageObject\",\"inLanguage\":\"de\",\"@id\":\"https:\/\/www.csj-emballages.com\/de\/produit\/sockel-wc-kugelbuerste\/#primaryimage\",\"url\":\"https:\/\/www.csj-emballages.com\/wp-content\/uploads\/2024\/03\/brosse-wc-socle-blanc-plastique-qualite-resistant-pas-cher-discount-grossist-jpg.webp\",\"contentUrl\":\"https:\/\/www.csj-emballages.com\/wp-content\/uploads\/2024\/03\/brosse-wc-socle-blanc-plastique-qualite-resistant-pas-cher-discount-grossist-jpg.webp\",\"width\":600,\"height\":600},{\"@type\":\"BreadcrumbList\",\"@id\":\"https:\/\/www.csj-emballages.com\/de\/produit\/sockel-wc-kugelbuerste\/#breadcrumb\",\"itemListElement\":[{\"@type\":\"ListItem\",\"position\":1,\"name\":\"Accueil\",\"item\":\"https:\/\/www.csj-emballages.com\/de\/universum-lebensmittelverpackungen\/\"},{\"@type\":\"ListItem\",\"position\":2,\"name\":\"Shop\",\"item\":\"https:\/\/www.csj-emballages.com\/shop\/\"},{\"@type\":\"ListItem\",\"position\":3,\"name\":\"Sockel + WC-Kugelb\u00fcrste\"}]},{\"@type\":\"WebSite\",\"@id\":\"https:\/\/www.csj-emballages.com\/de\/#website\",\"url\":\"https:\/\/www.csj-emballages.com\/de\/\",\"name\":\"CSJ Emballages\",\"description\":\"\",\"publisher\":{\"@id\":\"https:\/\/www.csj-emballages.com\/de\/#organization\"},\"potentialAction\":[{\"@type\":\"SearchAction\",\"target\":{\"@type\":\"EntryPoint\",\"urlTemplate\":\"https:\/\/www.csj-emballages.com\/de\/?s={search_term_string}\"},\"query-input\":{\"@type\":\"PropertyValueSpecification\",\"valueRequired\":true,\"valueName\":\"search_term_string\"}}],\"inLanguage\":\"de\"},{\"@type\":\"Organization\",\"@id\":\"https:\/\/www.csj-emballages.com\/de\/#Organization\/\",\"name\":\"CSJ Emballages\",\"url\":\"https:\/\/www.csj-emballages.com\/de\/\",\"logo\":{\"@type\":\"ImageObject\",\"inLanguage\":\"de\",\"@id\":\"https:\/\/www.csj-emballages.com\/de\/#\/schema\/logo\/image\/\",\"url\":\"https:\/\/www.csj-emballages.com\/wp-content\/uploads\/2023\/10\/logo_csj.webp\",\"contentUrl\":\"https:\/\/www.csj-emballages.com\/wp-content\/uploads\/2023\/10\/logo_csj.webp\",\"width\":250,\"height\":95,\"caption\":\"CSJ Emballages\"},\"image\":{\"@id\":\"https:\/\/www.csj-emballages.com\/de\/#\/schema\/logo\/image\/\"},\"sameAs\":[\"https:\/\/www.facebook.com\/csjemballages\"],\"address\":{\"@type\":\"PostalAddress\",\"streetAddress\":\"ZI La Lechere\",\"addressLocality\":\"Patornay\",\"postalCode\":\"39130\",\"addressCountry\":\"FR\"},\"contactPoint\":[{\"@type\":\"ContactPoint\",\"contactType\":\"Service client\",\"telephone\":\"0384254272\",\"email\":\"contact@csj-emballages.com\"}]}]}<\/script>\n<!-- \/ Yoast SEO Premium plugin. -->","yoast_head_json":{"title":"St\u00e4nder + WC-B\u00fcrste","description":"St\u00e4nder mit wei\u00dfer Kugel-WC-B\u00fcrste, praktisch und diskret. Effiziente Reinigung, einfache Pflege, ideal f\u00fcr private oder gewerbliche Sanit\u00e4rbereiche.","robots":{"index":"index","follow":"follow","max-snippet":"max-snippet:-1","max-image-preview":"max-image-preview:large","max-video-preview":"max-video-preview:-1"},"canonical":"https:\/\/www.csj-emballages.com\/de\/produit\/sockel-wc-kugelbuerste\/","og_locale":"de_DE","og_type":"article","og_title":"Sockel + WC-Kugelb\u00fcrste","og_description":"St\u00e4nder mit wei\u00dfer Kugel-WC-B\u00fcrste, praktisch und diskret. Effiziente Reinigung, einfache Pflege, ideal f\u00fcr private oder gewerbliche Sanit\u00e4rbereiche.","og_url":"https:\/\/www.csj-emballages.com\/de\/produit\/sockel-wc-kugelbuerste\/","og_site_name":"CSJ Emballages","article_publisher":"https:\/\/www.facebook.com\/csjemballages","article_modified_time":"2026-05-14T00:12:02+00:00","og_image":[{"width":600,"height":600,"url":"https:\/\/www.csj-emballages.com\/wp-content\/uploads\/2024\/03\/brosse-wc-socle-blanc-plastique-qualite-resistant-pas-cher-discount-grossist-jpg.webp","type":"image\/jpeg"}],"twitter_card":"summary_large_image","twitter_misc":{"Gesch\u00e4tzte Lesezeit":"2 Minuten"},"schema":{"@context":"https:\/\/schema.org","@graph":[{"@type":"WebPage","@id":"https:\/\/www.csj-emballages.com\/de\/produit\/sockel-wc-kugelbuerste\/","url":"https:\/\/www.csj-emballages.com\/de\/produit\/sockel-wc-kugelbuerste\/","name":"St\u00e4nder + WC-B\u00fcrste","isPartOf":{"@id":"https:\/\/www.csj-emballages.com\/de\/#website"},"primaryImageOfPage":{"@id":"https:\/\/www.csj-emballages.com\/de\/produit\/sockel-wc-kugelbuerste\/#primaryimage"},"image":{"@id":"https:\/\/www.csj-emballages.com\/de\/produit\/sockel-wc-kugelbuerste\/#primaryimage"},"thumbnailUrl":"https:\/\/www.csj-emballages.com\/wp-content\/uploads\/2024\/03\/brosse-wc-socle-blanc-plastique-qualite-resistant-pas-cher-discount-grossist-jpg.webp","datePublished":"2024-03-01T15:56:02+00:00","dateModified":"2026-05-14T00:12:02+00:00","description":"St\u00e4nder mit wei\u00dfer Kugel-WC-B\u00fcrste, praktisch und diskret. Effiziente Reinigung, einfache Pflege, ideal f\u00fcr private oder gewerbliche Sanit\u00e4rbereiche.","breadcrumb":{"@id":"https:\/\/www.csj-emballages.com\/de\/produit\/sockel-wc-kugelbuerste\/#breadcrumb"},"inLanguage":"de","potentialAction":[{"@type":"ReadAction","target":["https:\/\/www.csj-emballages.com\/de\/produit\/sockel-wc-kugelbuerste\/"]}]},{"@type":"ImageObject","inLanguage":"de","@id":"https:\/\/www.csj-emballages.com\/de\/produit\/sockel-wc-kugelbuerste\/#primaryimage","url":"https:\/\/www.csj-emballages.com\/wp-content\/uploads\/2024\/03\/brosse-wc-socle-blanc-plastique-qualite-resistant-pas-cher-discount-grossist-jpg.webp","contentUrl":"https:\/\/www.csj-emballages.com\/wp-content\/uploads\/2024\/03\/brosse-wc-socle-blanc-plastique-qualite-resistant-pas-cher-discount-grossist-jpg.webp","width":600,"height":600},{"@type":"BreadcrumbList","@id":"https:\/\/www.csj-emballages.com\/de\/produit\/sockel-wc-kugelbuerste\/#breadcrumb","itemListElement":[{"@type":"ListItem","position":1,"name":"Accueil","item":"https:\/\/www.csj-emballages.com\/de\/universum-lebensmittelverpackungen\/"},{"@type":"ListItem","position":2,"name":"Shop","item":"https:\/\/www.csj-emballages.com\/shop\/"},{"@type":"ListItem","position":3,"name":"Sockel + WC-Kugelb\u00fcrste"}]},{"@type":"WebSite","@id":"https:\/\/www.csj-emballages.com\/de\/#website","url":"https:\/\/www.csj-emballages.com\/de\/","name":"CSJ Emballages","description":"","publisher":{"@id":"https:\/\/www.csj-emballages.com\/de\/#organization"},"potentialAction":[{"@type":"SearchAction","target":{"@type":"EntryPoint","urlTemplate":"https:\/\/www.csj-emballages.com\/de\/?s={search_term_string}"},"query-input":{"@type":"PropertyValueSpecification","valueRequired":true,"valueName":"search_term_string"}}],"inLanguage":"de"},{"@type":"Organization","@id":"https:\/\/www.csj-emballages.com\/de\/#Organization\/","name":"CSJ Emballages","url":"https:\/\/www.csj-emballages.com\/de\/","logo":{"@type":"ImageObject","inLanguage":"de","@id":"https:\/\/www.csj-emballages.com\/de\/#\/schema\/logo\/image\/","url":"https:\/\/www.csj-emballages.com\/wp-content\/uploads\/2023\/10\/logo_csj.webp","contentUrl":"https:\/\/www.csj-emballages.com\/wp-content\/uploads\/2023\/10\/logo_csj.webp","width":250,"height":95,"caption":"CSJ Emballages"},"image":{"@id":"https:\/\/www.csj-emballages.com\/de\/#\/schema\/logo\/image\/"},"sameAs":["https:\/\/www.facebook.com\/csjemballages"],"address":{"@type":"PostalAddress","streetAddress":"ZI La Lechere","addressLocality":"Patornay","postalCode":"39130","addressCountry":"FR"},"contactPoint":[{"@type":"ContactPoint","contactType":"Service client","telephone":"0384254272","email":"contact@csj-emballages.com"}]}]}},"df_price":1.88,"df_sale_price":"","df_regular_price":1.88,"df_image_link":"https:\/\/www.csj-emballages.com\/wp-content\/uploads\/2024\/03\/brosse-wc-socle-blanc-plastique-qualite-resistant-pas-cher-discount-grossist-300x300.webp","tiered_pricing_type":"fixed","tiered_pricing_fixed_rules":[],"tiered_pricing_percentage_rules":[],"tiered_pricing_minimum":1,"tiered_pricing_roles_data":[],"_links":{"self":[{"href":"https:\/\/www.csj-emballages.com\/de\/wp-json\/wp\/v2\/product\/19992","targetHints":{"allow":["GET"]}}],"collection":[{"href":"https:\/\/www.csj-emballages.com\/de\/wp-json\/wp\/v2\/product"}],"about":[{"href":"https:\/\/www.csj-emballages.com\/de\/wp-json\/wp\/v2\/types\/product"}],"wp:featuredmedia":[{"embeddable":true,"href":"https:\/\/www.csj-emballages.com\/de\/wp-json\/wp\/v2\/media\/7523"}],"wp:attachment":[{"href":"https:\/\/www.csj-emballages.com\/de\/wp-json\/wp\/v2\/media?parent=19992"}],"wp:term":[{"taxonomy":"product_brand","embeddable":true,"href":"https:\/\/www.csj-emballages.com\/de\/wp-json\/wp\/v2\/product_brand?post=19992"},{"taxonomy":"product_cat","embeddable":true,"href":"https:\/\/www.csj-emballages.com\/de\/wp-json\/wp\/v2\/product_cat?post=19992"},{"taxonomy":"product_tag","embeddable":true,"href":"https:\/\/www.csj-emballages.com\/de\/wp-json\/wp\/v2\/product_tag?post=19992"}],"curies":[{"name":"wp","href":"https:\/\/api.w.org\/{rel}","templated":true}]}}