{"id":19982,"date":"2024-03-01T16:56:03","date_gmt":"2024-03-01T15:56:03","guid":{"rendered":"https:\/\/u15jnbdpoq.preview.infomaniak.website\/produit\/200-schaschlikspiesse-250inox-420-plat-3x15schraegschnitt\/"},"modified":"2026-03-19T02:10:47","modified_gmt":"2026-03-19T01:10:47","slug":"200-schaschlikspiesse-250inox-420-plat-3x15schraegschnitt","status":"publish","type":"product","link":"https:\/\/www.csj-emballages.com\/de\/produit\/200-schaschlikspiesse-250inox-420-plat-3x15schraegschnitt\/","title":{"rendered":"200 Schaschlikspie\u00dfe 25 cm Edelstahl 420 flach 3 x 1,5 Schr\u00e4gschnitt"},"content":{"rendered":"<h2>Schaschlikspie\u00dfe 25 cm Edelstahl 420 flach 3 x 1,5 Schr\u00e4gschnitt &#8211; pro 200<\/h2>\n<hr>\n<h3>Beschreibung des Produkts<\/h3>\n<p><!--more--><\/p>\n<p>Entdecken Sie unsere 25 cm langen Spie\u00dfe aus rostfreiem Edelstahl, die f\u00fcr Fleischspie\u00dfe konzipiert wurden. Diese Spie\u00dfe sind aus rostfreiem Stahl gefertigt und garantieren Robustheit und Langlebigkeit, auch bei intensivem Gebrauch. Durch ihren schr\u00e4gen Schnitt lassen sich die Lebensmittel leicht durchstechen, ohne sie zu besch\u00e4digen. Die flache Form von 3 x 1,5 mm sorgt f\u00fcr einen perfekten Halt der St\u00fccke und verhindert, dass sie sich w\u00e4hrend des Kochens drehen. Ob Gem\u00fcse, Fleisch oder Obst &#8211; diese Spie\u00dfe sind vielseitig einsetzbar und passen sich all Ihren kulinarischen W\u00fcnschen an. Die L\u00e4nge von 25 cm ist ideal, um gro\u00dfz\u00fcgige Spie\u00dfe zuzubereiten, mit denen Sie Ihre G\u00e4ste verw\u00f6hnen k\u00f6nnen. Sie sind leicht zu reinigen und halten auch h\u00e4ufigem Sp\u00fclen stand, ohne zu rosten oder sich zu verformen. Dank des Materials aus 420er Edelstahl behalten sie ihren Glanz auch nach langer Zeit.       <\/p>\n<p>&nbsp;<\/p>\n<p><!--more--><\/p>\n<p>G\u00f6nnen Sie sich diese Schaschlikspie\u00dfe, damit Ihr Barbecue und Grillen ganz einfach gelingt.<\/p>\n<p>&nbsp;<\/p>\n<p><!--more--><\/p>\n<p><strong>Ihre Vorteile :<\/strong><\/p>\n<ul>\n<li><strong>Robustheit<\/strong>: Aus 420er Edelstahl gefertigt, sind sie sto\u00dffest und korrosionsbest\u00e4ndig.<\/li>\n<li><strong>Praktisch<\/strong>: Der schr\u00e4ge Schnitt erleichtert das Aufspie\u00dfen von Lebensmitteln, ohne sie zu besch\u00e4digen.<\/li>\n<li><strong>Stabilit\u00e4t<\/strong>: Die flache Form von 3 x 1,5 mm verhindert, dass sich die Speisen w\u00e4hrend des Kochens drehen.<\/li>\n<li><strong>Ideale L\u00e4nge<\/strong>: Mit ihren 25 cm lassen sich gro\u00dfz\u00fcgige Spie\u00dfe f\u00fcr gesellige Mahlzeiten zubereiten.<\/li>\n<\/ul>\n<p>&nbsp;<\/p>\n<p><!--more--><\/p>\n<p>Hier finden Sie die n\u00e4chstgr\u00f6\u00dfere Gr\u00f6\u00dfe : <span style=\"color: #d12727;\"><a style=\"color: #d12727;\" href=\"https:\/\/www.csj-emballages.com\/es\/produit\/200-brochetas-28-cm-acero-inoxidable-420-corte-plano-3-x-15-angulado\/\">BROC28INOX<\/a><\/span><\/p>\n<p>&nbsp;<\/p>\n<p><!--more--><\/p>\n<p><a href=\"https:\/\/www.csj-emballages.com\/de\/categorie-produit\/lebensmittelverpackungen\/metzgerei-und-feinkostgeschaft\/nahrungsmittelspiese\/\">Sehen Sie sich den Rest unseres Sortiments an Nahrungsspie\u00dfen an<\/a><\/p>\n","protected":false},"excerpt":{"rendered":"<p>Schaschlikspie\u00dfe 25 cm Edelstahl 420 flach 3 x 1,5 Schr\u00e4gschnitt &#8211; pro 200 Beschreibung des Produkts<\/p>\n","protected":false},"featured_media":10239,"template":"","meta":{"_acf_changed":false},"product_brand":[],"product_cat":[1170,2269],"product_tag":[],"class_list":{"0":"post-19982","1":"product","2":"type-product","3":"status-publish","4":"has-post-thumbnail","6":"product_cat-metzgerei-und-feinkostgeschaft","7":"product_cat-metallspiese","9":"first","10":"instock","11":"taxable","12":"shipping-taxable","13":"purchasable","14":"product-type-simple"},"acf":[],"yoast_head":"<!-- This site is optimized with the Yoast SEO Premium plugin v26.6 (Yoast SEO v26.6) - https:\/\/yoast.com\/wordpress\/plugins\/seo\/ -->\n<title>Schaschlikspie\u00dfe aus Edelstahl 25 cm - 3 x 1,5 Schr\u00e4gschnitt Packung mit 200 St\u00fcck<\/title>\n<meta name=\"description\" content=\"25 cm Edelstahl-Spie\u00dfe: robust, langlebig, einfach zu verwenden und zu reinigen, perfekt f\u00fcr schmackhafte Spie\u00dfe.\" \/>\n<meta name=\"robots\" content=\"index, follow, max-snippet:-1, max-image-preview:large, max-video-preview:-1\" \/>\n<link rel=\"canonical\" href=\"https:\/\/www.csj-emballages.com\/de\/produit\/200-schaschlikspiesse-250inox-420-plat-3x15schraegschnitt\/\" \/>\n<meta property=\"og:locale\" content=\"de_DE\" \/>\n<meta property=\"og:type\" content=\"article\" \/>\n<meta property=\"og:title\" content=\"200 Schaschlikspie\u00dfe 25 cm Edelstahl 420 flach 3 x 1,5 Schr\u00e4gschnitt\" \/>\n<meta property=\"og:description\" content=\"25 cm Edelstahl-Spie\u00dfe: robust, langlebig, einfach zu verwenden und zu reinigen, perfekt f\u00fcr schmackhafte Spie\u00dfe.\" \/>\n<meta property=\"og:url\" content=\"https:\/\/www.csj-emballages.com\/de\/produit\/200-schaschlikspiesse-250inox-420-plat-3x15schraegschnitt\/\" \/>\n<meta property=\"og:site_name\" content=\"CSJ Emballages\" \/>\n<meta property=\"article:publisher\" content=\"https:\/\/www.facebook.com\/csjemballages\" \/>\n<meta property=\"article:modified_time\" content=\"2026-03-19T01:10:47+00:00\" \/>\n<meta property=\"og:image\" content=\"https:\/\/www.csj-emballages.com\/wp-content\/uploads\/2024\/03\/pique-metal-viande-brochette-boucherie-grossiste-csj-emballages-zoom-jpg-e1725344877828.webp\" \/>\n\t<meta property=\"og:image:width\" content=\"800\" \/>\n\t<meta property=\"og:image:height\" content=\"800\" \/>\n\t<meta property=\"og:image:type\" content=\"image\/jpeg\" \/>\n<meta name=\"twitter:card\" content=\"summary_large_image\" \/>\n<meta name=\"twitter:label1\" content=\"Gesch\u00e4tzte Lesezeit\" \/>\n\t<meta name=\"twitter:data1\" content=\"1\u00a0Minute\" \/>\n<script type=\"application\/ld+json\" class=\"yoast-schema-graph\">{\"@context\":\"https:\/\/schema.org\",\"@graph\":[{\"@type\":\"WebPage\",\"@id\":\"https:\/\/www.csj-emballages.com\/de\/produit\/200-schaschlikspiesse-250inox-420-plat-3x15schraegschnitt\/\",\"url\":\"https:\/\/www.csj-emballages.com\/de\/produit\/200-schaschlikspiesse-250inox-420-plat-3x15schraegschnitt\/\",\"name\":\"Schaschlikspie\u00dfe aus Edelstahl 25 cm - 3 x 1,5 Schr\u00e4gschnitt Packung mit 200 St\u00fcck\",\"isPartOf\":{\"@id\":\"https:\/\/www.csj-emballages.com\/de\/#website\"},\"primaryImageOfPage\":{\"@id\":\"https:\/\/www.csj-emballages.com\/de\/produit\/200-schaschlikspiesse-250inox-420-plat-3x15schraegschnitt\/#primaryimage\"},\"image\":{\"@id\":\"https:\/\/www.csj-emballages.com\/de\/produit\/200-schaschlikspiesse-250inox-420-plat-3x15schraegschnitt\/#primaryimage\"},\"thumbnailUrl\":\"https:\/\/www.csj-emballages.com\/wp-content\/uploads\/2024\/03\/pique-metal-viande-brochette-boucherie-grossiste-csj-emballages-zoom-jpg-e1725344877828.webp\",\"datePublished\":\"2024-03-01T15:56:03+00:00\",\"dateModified\":\"2026-03-19T01:10:47+00:00\",\"description\":\"25 cm Edelstahl-Spie\u00dfe: robust, langlebig, einfach zu verwenden und zu reinigen, perfekt f\u00fcr schmackhafte Spie\u00dfe.\",\"breadcrumb\":{\"@id\":\"https:\/\/www.csj-emballages.com\/de\/produit\/200-schaschlikspiesse-250inox-420-plat-3x15schraegschnitt\/#breadcrumb\"},\"inLanguage\":\"de\",\"potentialAction\":[{\"@type\":\"ReadAction\",\"target\":[\"https:\/\/www.csj-emballages.com\/de\/produit\/200-schaschlikspiesse-250inox-420-plat-3x15schraegschnitt\/\"]}]},{\"@type\":\"ImageObject\",\"inLanguage\":\"de\",\"@id\":\"https:\/\/www.csj-emballages.com\/de\/produit\/200-schaschlikspiesse-250inox-420-plat-3x15schraegschnitt\/#primaryimage\",\"url\":\"https:\/\/www.csj-emballages.com\/wp-content\/uploads\/2024\/03\/pique-metal-viande-brochette-boucherie-grossiste-csj-emballages-zoom-jpg-e1725344877828.webp\",\"contentUrl\":\"https:\/\/www.csj-emballages.com\/wp-content\/uploads\/2024\/03\/pique-metal-viande-brochette-boucherie-grossiste-csj-emballages-zoom-jpg-e1725344877828.webp\",\"width\":800,\"height\":800,\"caption\":\"piques brochettes inox 28 cm\"},{\"@type\":\"BreadcrumbList\",\"@id\":\"https:\/\/www.csj-emballages.com\/de\/produit\/200-schaschlikspiesse-250inox-420-plat-3x15schraegschnitt\/#breadcrumb\",\"itemListElement\":[{\"@type\":\"ListItem\",\"position\":1,\"name\":\"Accueil\",\"item\":\"https:\/\/www.csj-emballages.com\/de\/universum-lebensmittelverpackungen\/\"},{\"@type\":\"ListItem\",\"position\":2,\"name\":\"Shop\",\"item\":\"https:\/\/www.csj-emballages.com\/shop\/\"},{\"@type\":\"ListItem\",\"position\":3,\"name\":\"200 Schaschlikspie\u00dfe 25 cm Edelstahl 420 flach 3 x 1,5 Schr\u00e4gschnitt\"}]},{\"@type\":\"WebSite\",\"@id\":\"https:\/\/www.csj-emballages.com\/de\/#website\",\"url\":\"https:\/\/www.csj-emballages.com\/de\/\",\"name\":\"CSJ Emballages\",\"description\":\"\",\"publisher\":{\"@id\":\"https:\/\/www.csj-emballages.com\/de\/#organization\"},\"potentialAction\":[{\"@type\":\"SearchAction\",\"target\":{\"@type\":\"EntryPoint\",\"urlTemplate\":\"https:\/\/www.csj-emballages.com\/de\/?s={search_term_string}\"},\"query-input\":{\"@type\":\"PropertyValueSpecification\",\"valueRequired\":true,\"valueName\":\"search_term_string\"}}],\"inLanguage\":\"de\"},{\"@type\":\"Organization\",\"@id\":\"https:\/\/www.csj-emballages.com\/de\/#Organization\/\",\"name\":\"CSJ Emballages\",\"url\":\"https:\/\/www.csj-emballages.com\/de\/\",\"logo\":{\"@type\":\"ImageObject\",\"inLanguage\":\"de\",\"@id\":\"https:\/\/www.csj-emballages.com\/de\/#\/schema\/logo\/image\/\",\"url\":\"https:\/\/www.csj-emballages.com\/wp-content\/uploads\/2023\/10\/logo_csj.webp\",\"contentUrl\":\"https:\/\/www.csj-emballages.com\/wp-content\/uploads\/2023\/10\/logo_csj.webp\",\"width\":250,\"height\":95,\"caption\":\"CSJ Emballages\"},\"image\":{\"@id\":\"https:\/\/www.csj-emballages.com\/de\/#\/schema\/logo\/image\/\"},\"sameAs\":[\"https:\/\/www.facebook.com\/csjemballages\"],\"address\":{\"@type\":\"PostalAddress\",\"streetAddress\":\"ZI La Lechere\",\"addressLocality\":\"Patornay\",\"postalCode\":\"39130\",\"addressCountry\":\"FR\"},\"contactPoint\":[{\"@type\":\"ContactPoint\",\"contactType\":\"Service client\",\"telephone\":\"0384254272\",\"email\":\"contact@csj-emballages.com\"}]}]}<\/script>\n<!-- \/ Yoast SEO Premium plugin. -->","yoast_head_json":{"title":"Schaschlikspie\u00dfe aus Edelstahl 25 cm - 3 x 1,5 Schr\u00e4gschnitt Packung mit 200 St\u00fcck","description":"25 cm Edelstahl-Spie\u00dfe: robust, langlebig, einfach zu verwenden und zu reinigen, perfekt f\u00fcr schmackhafte Spie\u00dfe.","robots":{"index":"index","follow":"follow","max-snippet":"max-snippet:-1","max-image-preview":"max-image-preview:large","max-video-preview":"max-video-preview:-1"},"canonical":"https:\/\/www.csj-emballages.com\/de\/produit\/200-schaschlikspiesse-250inox-420-plat-3x15schraegschnitt\/","og_locale":"de_DE","og_type":"article","og_title":"200 Schaschlikspie\u00dfe 25 cm Edelstahl 420 flach 3 x 1,5 Schr\u00e4gschnitt","og_description":"25 cm Edelstahl-Spie\u00dfe: robust, langlebig, einfach zu verwenden und zu reinigen, perfekt f\u00fcr schmackhafte Spie\u00dfe.","og_url":"https:\/\/www.csj-emballages.com\/de\/produit\/200-schaschlikspiesse-250inox-420-plat-3x15schraegschnitt\/","og_site_name":"CSJ Emballages","article_publisher":"https:\/\/www.facebook.com\/csjemballages","article_modified_time":"2026-03-19T01:10:47+00:00","og_image":[{"width":800,"height":800,"url":"https:\/\/www.csj-emballages.com\/wp-content\/uploads\/2024\/03\/pique-metal-viande-brochette-boucherie-grossiste-csj-emballages-zoom-jpg-e1725344877828.webp","type":"image\/jpeg"}],"twitter_card":"summary_large_image","twitter_misc":{"Gesch\u00e4tzte Lesezeit":"1\u00a0Minute"},"schema":{"@context":"https:\/\/schema.org","@graph":[{"@type":"WebPage","@id":"https:\/\/www.csj-emballages.com\/de\/produit\/200-schaschlikspiesse-250inox-420-plat-3x15schraegschnitt\/","url":"https:\/\/www.csj-emballages.com\/de\/produit\/200-schaschlikspiesse-250inox-420-plat-3x15schraegschnitt\/","name":"Schaschlikspie\u00dfe aus Edelstahl 25 cm - 3 x 1,5 Schr\u00e4gschnitt Packung mit 200 St\u00fcck","isPartOf":{"@id":"https:\/\/www.csj-emballages.com\/de\/#website"},"primaryImageOfPage":{"@id":"https:\/\/www.csj-emballages.com\/de\/produit\/200-schaschlikspiesse-250inox-420-plat-3x15schraegschnitt\/#primaryimage"},"image":{"@id":"https:\/\/www.csj-emballages.com\/de\/produit\/200-schaschlikspiesse-250inox-420-plat-3x15schraegschnitt\/#primaryimage"},"thumbnailUrl":"https:\/\/www.csj-emballages.com\/wp-content\/uploads\/2024\/03\/pique-metal-viande-brochette-boucherie-grossiste-csj-emballages-zoom-jpg-e1725344877828.webp","datePublished":"2024-03-01T15:56:03+00:00","dateModified":"2026-03-19T01:10:47+00:00","description":"25 cm Edelstahl-Spie\u00dfe: robust, langlebig, einfach zu verwenden und zu reinigen, perfekt f\u00fcr schmackhafte Spie\u00dfe.","breadcrumb":{"@id":"https:\/\/www.csj-emballages.com\/de\/produit\/200-schaschlikspiesse-250inox-420-plat-3x15schraegschnitt\/#breadcrumb"},"inLanguage":"de","potentialAction":[{"@type":"ReadAction","target":["https:\/\/www.csj-emballages.com\/de\/produit\/200-schaschlikspiesse-250inox-420-plat-3x15schraegschnitt\/"]}]},{"@type":"ImageObject","inLanguage":"de","@id":"https:\/\/www.csj-emballages.com\/de\/produit\/200-schaschlikspiesse-250inox-420-plat-3x15schraegschnitt\/#primaryimage","url":"https:\/\/www.csj-emballages.com\/wp-content\/uploads\/2024\/03\/pique-metal-viande-brochette-boucherie-grossiste-csj-emballages-zoom-jpg-e1725344877828.webp","contentUrl":"https:\/\/www.csj-emballages.com\/wp-content\/uploads\/2024\/03\/pique-metal-viande-brochette-boucherie-grossiste-csj-emballages-zoom-jpg-e1725344877828.webp","width":800,"height":800,"caption":"piques brochettes inox 28 cm"},{"@type":"BreadcrumbList","@id":"https:\/\/www.csj-emballages.com\/de\/produit\/200-schaschlikspiesse-250inox-420-plat-3x15schraegschnitt\/#breadcrumb","itemListElement":[{"@type":"ListItem","position":1,"name":"Accueil","item":"https:\/\/www.csj-emballages.com\/de\/universum-lebensmittelverpackungen\/"},{"@type":"ListItem","position":2,"name":"Shop","item":"https:\/\/www.csj-emballages.com\/shop\/"},{"@type":"ListItem","position":3,"name":"200 Schaschlikspie\u00dfe 25 cm Edelstahl 420 flach 3 x 1,5 Schr\u00e4gschnitt"}]},{"@type":"WebSite","@id":"https:\/\/www.csj-emballages.com\/de\/#website","url":"https:\/\/www.csj-emballages.com\/de\/","name":"CSJ Emballages","description":"","publisher":{"@id":"https:\/\/www.csj-emballages.com\/de\/#organization"},"potentialAction":[{"@type":"SearchAction","target":{"@type":"EntryPoint","urlTemplate":"https:\/\/www.csj-emballages.com\/de\/?s={search_term_string}"},"query-input":{"@type":"PropertyValueSpecification","valueRequired":true,"valueName":"search_term_string"}}],"inLanguage":"de"},{"@type":"Organization","@id":"https:\/\/www.csj-emballages.com\/de\/#Organization\/","name":"CSJ Emballages","url":"https:\/\/www.csj-emballages.com\/de\/","logo":{"@type":"ImageObject","inLanguage":"de","@id":"https:\/\/www.csj-emballages.com\/de\/#\/schema\/logo\/image\/","url":"https:\/\/www.csj-emballages.com\/wp-content\/uploads\/2023\/10\/logo_csj.webp","contentUrl":"https:\/\/www.csj-emballages.com\/wp-content\/uploads\/2023\/10\/logo_csj.webp","width":250,"height":95,"caption":"CSJ Emballages"},"image":{"@id":"https:\/\/www.csj-emballages.com\/de\/#\/schema\/logo\/image\/"},"sameAs":["https:\/\/www.facebook.com\/csjemballages"],"address":{"@type":"PostalAddress","streetAddress":"ZI La Lechere","addressLocality":"Patornay","postalCode":"39130","addressCountry":"FR"},"contactPoint":[{"@type":"ContactPoint","contactType":"Service client","telephone":"0384254272","email":"contact@csj-emballages.com"}]}]}},"df_price":41.52,"df_sale_price":"","df_regular_price":41.52,"df_image_link":"https:\/\/www.csj-emballages.com\/wp-content\/uploads\/2024\/03\/pique-metal-viande-brochette-boucherie-grossiste-csj-emballages-zoom-300x300.webp","tiered_pricing_type":"fixed","tiered_pricing_fixed_rules":[],"tiered_pricing_percentage_rules":[],"tiered_pricing_minimum":1,"tiered_pricing_roles_data":[],"_links":{"self":[{"href":"https:\/\/www.csj-emballages.com\/de\/wp-json\/wp\/v2\/product\/19982","targetHints":{"allow":["GET"]}}],"collection":[{"href":"https:\/\/www.csj-emballages.com\/de\/wp-json\/wp\/v2\/product"}],"about":[{"href":"https:\/\/www.csj-emballages.com\/de\/wp-json\/wp\/v2\/types\/product"}],"wp:featuredmedia":[{"embeddable":true,"href":"https:\/\/www.csj-emballages.com\/de\/wp-json\/wp\/v2\/media\/10239"}],"wp:attachment":[{"href":"https:\/\/www.csj-emballages.com\/de\/wp-json\/wp\/v2\/media?parent=19982"}],"wp:term":[{"taxonomy":"product_brand","embeddable":true,"href":"https:\/\/www.csj-emballages.com\/de\/wp-json\/wp\/v2\/product_brand?post=19982"},{"taxonomy":"product_cat","embeddable":true,"href":"https:\/\/www.csj-emballages.com\/de\/wp-json\/wp\/v2\/product_cat?post=19982"},{"taxonomy":"product_tag","embeddable":true,"href":"https:\/\/www.csj-emballages.com\/de\/wp-json\/wp\/v2\/product_tag?post=19982"}],"curies":[{"name":"wp","href":"https:\/\/api.w.org\/{rel}","templated":true}]}}