{"id":19932,"date":"2024-03-01T16:56:04","date_gmt":"2024-03-01T15:56:04","guid":{"rendered":"https:\/\/u15jnbdpoq.preview.infomaniak.website\/produit\/250-halter-tortenstueck-dreieck-aus-karton\/"},"modified":"2026-05-06T02:11:36","modified_gmt":"2026-05-06T00:11:36","slug":"250-halter-tortenstueck-dreieck-aus-karton","status":"publish","type":"product","link":"https:\/\/www.csj-emballages.com\/de\/produit\/250-halter-tortenstueck-dreieck-aus-karton\/","title":{"rendered":"Kartonunterlage f\u00fcr Einzelportionen 170 x 190 x 20 mm im 250er-Pack"},"content":{"rendered":"<h2>Pappunterlage<\/h2>\n<hr>\n<h3>Beschreibung unserer Kartonunterlage f\u00fcr Einzelportionen 170 x 190 x 20 mm im 250er-Pack<\/h3>\n<p><!--more--><\/p>\n<p data-start=\"235\" data-end=\"651\">Eine Portion zum Mitnehmen zu servieren mag einfach erscheinen, doch eine gute Unterlage macht den Unterschied. Diese <strong data-start=\"323\" data-end=\"382\">Kartonunterlage f\u00fcr Einzelportionen 170 x 190 x 20 mm<\/strong> wurde entwickelt, um den Service sauberer, praktischer und vor allem komfortabler zu gestalten, sowohl f\u00fcr Sie als auch f\u00fcr Ihre Kunden. Ihre leicht <strong>erh\u00f6hte Seitenform<\/strong> h\u00e4lt die Portion an Ort und Stelle und verhindert, dass sie w\u00e4hrend des Transports verrutscht oder sich verformt.  <\/p>\n<p data-start=\"653\" data-end=\"970\">Ob f\u00fcr ein <strong>St\u00fcck Pizza, Torte, Quiche oder sogar Kuchen<\/strong>, diese <strong>Unterlage<\/strong> bietet eine stabile und angenehm zu handhabende Basis. Dank ihres stabilen Kartons tr\u00e4gt sie problemlos hei\u00dfe oder kalte Speisen, ohne sich zu verbiegen. So gewinnen Sie an Gelassenheit beim Servieren, selbst in Sto\u00dfzeiten.  <\/p>\n<p data-start=\"972\" data-end=\"1309\">Ebenso ist ihr <strong>individuelles<\/strong> Format perfekt f\u00fcr den <strong>Au\u00dfer-Haus-Verkauf<\/strong>, f\u00fcr Imbisse, B\u00e4ckereien oder Pizzerien, die schnell und dennoch ordentlich arbeiten m\u00f6chten. Der Kunde kann seine Portion leicht halten, essen, ohne zu kleckern, und sein Produkt in vollen Z\u00fcgen genie\u00dfen. Es ist ein kleines Detail, das aber das Erlebnis deutlich verbessert.  <\/p>\n<p data-start=\"1311\" data-end=\"1564\"><strong data-start=\"1317\" data-end=\"1335\">Im 250er-Pack<\/strong> verkauft, erm\u00f6glicht Ihnen diese Unterlage, Ihren Lagerbestand effizient zu verwalten und immer die richtige Menge zur Hand zu haben. Einfach, unauff\u00e4llig und effektiv f\u00fcgt sie sich nahtlos in Ihre t\u00e4gliche Organisation ein, ohne zus\u00e4tzliche Einschr\u00e4nkungen zu schaffen. <\/p>\n<p data-start=\"1566\" data-end=\"1718\">Zusammenfassend ist diese <strong>Kartonunterlage f\u00fcr Einzelportionen<\/strong> eine praktische L\u00f6sung, um Einzelportionen sauber, schnell und ohne Kompromisse bei der Pr\u00e4sentation zu servieren.<\/p>\n<p data-start=\"1566\" data-end=\"1718\"><!--more--><\/p>\n<h4 data-start=\"1566\" data-end=\"1718\">Vorteile :<\/h4>\n<ul>\n<li data-start=\"1746\" data-end=\"1795\">Effektiver Halt der <strong>Portion dank der R\u00e4nder<\/strong>.<\/li>\n<li data-start=\"1798\" data-end=\"1824\"><strong>Stabiler und zuverl\u00e4ssiger Karton<\/strong>.<\/li>\n<li data-start=\"1827\" data-end=\"1866\">Geeignet f\u00fcr hei\u00dfe und kalte Produkte.<\/li>\n<li data-start=\"1869\" data-end=\"1907\">Einfache Handhabung f\u00fcr den Kunden.<\/li>\n<li data-start=\"1910\" data-end=\"1939\">Sparpack mit <strong>250 St\u00fcck<\/strong>.<\/li>\n<\/ul>\n<p>&nbsp;<\/p>\n<p><!--more--><\/p>\n<h4>Weitere Informationen :<\/h4>\n<ul>\n<li><strong>Verpackung<\/strong>: Packung mit 250 gerillten Dreiecken<\/li>\n<li><strong>Material<\/strong>: Karton<\/li>\n<li><strong>Abmessungen<\/strong>: 170 x 190 x 20 mm (ohne Rand)<\/li>\n<li>20 mm faltbare R\u00e4nder auf jeder Seite<\/li>\n<li><strong>Farbe<\/strong>: Wei\u00df<\/li>\n<\/ul>\n<p>&nbsp;<\/p>\n<p><!--more--><\/p>\n<p><a href=\"\/?product_cat=supports-triangulaires\">Sehen Sie sich den Rest unseres Sortiments an dreieckigen St\u00e4ndern an.<\/a><\/p>\n","protected":false},"excerpt":{"rendered":"<p>Pappunterlage Beschreibung unserer Kartonunterlage f\u00fcr Einzelportionen 170 x 190 x 20 mm im 250er-Pack<\/p>\n","protected":false},"featured_media":209238,"template":"","meta":{"_acf_changed":false},"product_brand":[],"product_cat":[1137,1171,1925,2253,1134,3977,2531],"product_tag":[],"class_list":{"0":"post-19932","1":"product","2":"type-product","3":"status-publish","4":"has-post-thumbnail","6":"product_cat-lebensmittelverpackungen","7":"product_cat-backerei-und-konditorei","8":"product_cat-kuchensohlenhalter","9":"product_cat-gerillte-quadrate","10":"product_cat-restauration-de","11":"product_cat-unterstutzung","12":"product_cat-quadratische-unterlagen","14":"first","15":"instock","16":"taxable","17":"shipping-taxable","18":"purchasable","19":"product-type-simple"},"acf":[],"yoast_head":"<!-- This site is optimized with the Yoast SEO Premium plugin v26.6 (Yoast SEO v26.6) - https:\/\/yoast.com\/wordpress\/plugins\/seo\/ -->\n<title>Papphalter f\u00fcr Tortenst\u00fcck Dreieck - 170 x 190 x 40 mm<\/title>\n<meta name=\"description\" content=\"Dreieckige Kartonunterlage f\u00fcr Tortenst\u00fccke \u2013 250er-Pack. Stabil, praktisch und recycelbar werten sie Ihre Desserts auf und erleichtern gleichzeitig den Transport.\" \/>\n<meta name=\"robots\" content=\"index, follow, max-snippet:-1, max-image-preview:large, max-video-preview:-1\" \/>\n<link rel=\"canonical\" href=\"https:\/\/www.csj-emballages.com\/de\/produit\/250-halter-tortenstueck-dreieck-aus-karton\/\" \/>\n<meta property=\"og:locale\" content=\"de_DE\" \/>\n<meta property=\"og:type\" content=\"article\" \/>\n<meta property=\"og:title\" content=\"Kartonunterlage f\u00fcr Einzelportionen 170 x 190 x 20 mm im 250er-Pack\" \/>\n<meta property=\"og:description\" content=\"Dreieckige Kartonunterlage f\u00fcr Tortenst\u00fccke \u2013 250er-Pack. Stabil, praktisch und recycelbar werten sie Ihre Desserts auf und erleichtern gleichzeitig den Transport.\" \/>\n<meta property=\"og:url\" content=\"https:\/\/www.csj-emballages.com\/de\/produit\/250-halter-tortenstueck-dreieck-aus-karton\/\" \/>\n<meta property=\"og:site_name\" content=\"CSJ Emballages\" \/>\n<meta property=\"article:publisher\" content=\"https:\/\/www.facebook.com\/csjemballages\" \/>\n<meta property=\"article:modified_time\" content=\"2026-05-06T00:11:36+00:00\" \/>\n<meta property=\"og:image\" content=\"https:\/\/www.csj-emballages.com\/wp-content\/uploads\/2024\/03\/PART-PIZZA-2.webp\" \/>\n\t<meta property=\"og:image:width\" content=\"802\" \/>\n\t<meta property=\"og:image:height\" content=\"802\" \/>\n\t<meta property=\"og:image:type\" content=\"image\/webp\" \/>\n<meta name=\"twitter:card\" content=\"summary_large_image\" \/>\n<meta name=\"twitter:label1\" content=\"Gesch\u00e4tzte Lesezeit\" \/>\n\t<meta name=\"twitter:data1\" content=\"2 Minuten\" \/>\n<script type=\"application\/ld+json\" class=\"yoast-schema-graph\">{\"@context\":\"https:\/\/schema.org\",\"@graph\":[{\"@type\":\"WebPage\",\"@id\":\"https:\/\/www.csj-emballages.com\/de\/produit\/250-halter-tortenstueck-dreieck-aus-karton\/\",\"url\":\"https:\/\/www.csj-emballages.com\/de\/produit\/250-halter-tortenstueck-dreieck-aus-karton\/\",\"name\":\"Papphalter f\u00fcr Tortenst\u00fcck Dreieck - 170 x 190 x 40 mm\",\"isPartOf\":{\"@id\":\"https:\/\/www.csj-emballages.com\/de\/#website\"},\"primaryImageOfPage\":{\"@id\":\"https:\/\/www.csj-emballages.com\/de\/produit\/250-halter-tortenstueck-dreieck-aus-karton\/#primaryimage\"},\"image\":{\"@id\":\"https:\/\/www.csj-emballages.com\/de\/produit\/250-halter-tortenstueck-dreieck-aus-karton\/#primaryimage\"},\"thumbnailUrl\":\"https:\/\/www.csj-emballages.com\/wp-content\/uploads\/2024\/03\/PART-PIZZA-2.webp\",\"datePublished\":\"2024-03-01T15:56:04+00:00\",\"dateModified\":\"2026-05-06T00:11:36+00:00\",\"description\":\"Dreieckige Kartonunterlage f\u00fcr Tortenst\u00fccke \u2013 250er-Pack. Stabil, praktisch und recycelbar werten sie Ihre Desserts auf und erleichtern gleichzeitig den Transport.\",\"breadcrumb\":{\"@id\":\"https:\/\/www.csj-emballages.com\/de\/produit\/250-halter-tortenstueck-dreieck-aus-karton\/#breadcrumb\"},\"inLanguage\":\"de\",\"potentialAction\":[{\"@type\":\"ReadAction\",\"target\":[\"https:\/\/www.csj-emballages.com\/de\/produit\/250-halter-tortenstueck-dreieck-aus-karton\/\"]}]},{\"@type\":\"ImageObject\",\"inLanguage\":\"de\",\"@id\":\"https:\/\/www.csj-emballages.com\/de\/produit\/250-halter-tortenstueck-dreieck-aus-karton\/#primaryimage\",\"url\":\"https:\/\/www.csj-emballages.com\/wp-content\/uploads\/2024\/03\/PART-PIZZA-2.webp\",\"contentUrl\":\"https:\/\/www.csj-emballages.com\/wp-content\/uploads\/2024\/03\/PART-PIZZA-2.webp\",\"width\":802,\"height\":802,\"caption\":\"Support carton\"},{\"@type\":\"BreadcrumbList\",\"@id\":\"https:\/\/www.csj-emballages.com\/de\/produit\/250-halter-tortenstueck-dreieck-aus-karton\/#breadcrumb\",\"itemListElement\":[{\"@type\":\"ListItem\",\"position\":1,\"name\":\"Accueil\",\"item\":\"https:\/\/www.csj-emballages.com\/de\/universum-lebensmittelverpackungen\/\"},{\"@type\":\"ListItem\",\"position\":2,\"name\":\"Shop\",\"item\":\"https:\/\/www.csj-emballages.com\/shop\/\"},{\"@type\":\"ListItem\",\"position\":3,\"name\":\"Kartonunterlage f\u00fcr Einzelportionen 170 x 190 x 20 mm im 250er-Pack\"}]},{\"@type\":\"WebSite\",\"@id\":\"https:\/\/www.csj-emballages.com\/de\/#website\",\"url\":\"https:\/\/www.csj-emballages.com\/de\/\",\"name\":\"CSJ Emballages\",\"description\":\"\",\"publisher\":{\"@id\":\"https:\/\/www.csj-emballages.com\/de\/#organization\"},\"potentialAction\":[{\"@type\":\"SearchAction\",\"target\":{\"@type\":\"EntryPoint\",\"urlTemplate\":\"https:\/\/www.csj-emballages.com\/de\/?s={search_term_string}\"},\"query-input\":{\"@type\":\"PropertyValueSpecification\",\"valueRequired\":true,\"valueName\":\"search_term_string\"}}],\"inLanguage\":\"de\"},{\"@type\":\"Organization\",\"@id\":\"https:\/\/www.csj-emballages.com\/de\/#Organization\/\",\"name\":\"CSJ Emballages\",\"url\":\"https:\/\/www.csj-emballages.com\/de\/\",\"logo\":{\"@type\":\"ImageObject\",\"inLanguage\":\"de\",\"@id\":\"https:\/\/www.csj-emballages.com\/de\/#\/schema\/logo\/image\/\",\"url\":\"https:\/\/www.csj-emballages.com\/wp-content\/uploads\/2023\/10\/logo_csj.webp\",\"contentUrl\":\"https:\/\/www.csj-emballages.com\/wp-content\/uploads\/2023\/10\/logo_csj.webp\",\"width\":250,\"height\":95,\"caption\":\"CSJ Emballages\"},\"image\":{\"@id\":\"https:\/\/www.csj-emballages.com\/de\/#\/schema\/logo\/image\/\"},\"sameAs\":[\"https:\/\/www.facebook.com\/csjemballages\"],\"address\":{\"@type\":\"PostalAddress\",\"streetAddress\":\"ZI La Lechere\",\"addressLocality\":\"Patornay\",\"postalCode\":\"39130\",\"addressCountry\":\"FR\"},\"contactPoint\":[{\"@type\":\"ContactPoint\",\"contactType\":\"Service client\",\"telephone\":\"0384254272\",\"email\":\"contact@csj-emballages.com\"}]}]}<\/script>\n<!-- \/ Yoast SEO Premium plugin. -->","yoast_head_json":{"title":"Papphalter f\u00fcr Tortenst\u00fcck Dreieck - 170 x 190 x 40 mm","description":"Dreieckige Kartonunterlage f\u00fcr Tortenst\u00fccke \u2013 250er-Pack. Stabil, praktisch und recycelbar werten sie Ihre Desserts auf und erleichtern gleichzeitig den Transport.","robots":{"index":"index","follow":"follow","max-snippet":"max-snippet:-1","max-image-preview":"max-image-preview:large","max-video-preview":"max-video-preview:-1"},"canonical":"https:\/\/www.csj-emballages.com\/de\/produit\/250-halter-tortenstueck-dreieck-aus-karton\/","og_locale":"de_DE","og_type":"article","og_title":"Kartonunterlage f\u00fcr Einzelportionen 170 x 190 x 20 mm im 250er-Pack","og_description":"Dreieckige Kartonunterlage f\u00fcr Tortenst\u00fccke \u2013 250er-Pack. Stabil, praktisch und recycelbar werten sie Ihre Desserts auf und erleichtern gleichzeitig den Transport.","og_url":"https:\/\/www.csj-emballages.com\/de\/produit\/250-halter-tortenstueck-dreieck-aus-karton\/","og_site_name":"CSJ Emballages","article_publisher":"https:\/\/www.facebook.com\/csjemballages","article_modified_time":"2026-05-06T00:11:36+00:00","og_image":[{"width":802,"height":802,"url":"https:\/\/www.csj-emballages.com\/wp-content\/uploads\/2024\/03\/PART-PIZZA-2.webp","type":"image\/webp"}],"twitter_card":"summary_large_image","twitter_misc":{"Gesch\u00e4tzte Lesezeit":"2 Minuten"},"schema":{"@context":"https:\/\/schema.org","@graph":[{"@type":"WebPage","@id":"https:\/\/www.csj-emballages.com\/de\/produit\/250-halter-tortenstueck-dreieck-aus-karton\/","url":"https:\/\/www.csj-emballages.com\/de\/produit\/250-halter-tortenstueck-dreieck-aus-karton\/","name":"Papphalter f\u00fcr Tortenst\u00fcck Dreieck - 170 x 190 x 40 mm","isPartOf":{"@id":"https:\/\/www.csj-emballages.com\/de\/#website"},"primaryImageOfPage":{"@id":"https:\/\/www.csj-emballages.com\/de\/produit\/250-halter-tortenstueck-dreieck-aus-karton\/#primaryimage"},"image":{"@id":"https:\/\/www.csj-emballages.com\/de\/produit\/250-halter-tortenstueck-dreieck-aus-karton\/#primaryimage"},"thumbnailUrl":"https:\/\/www.csj-emballages.com\/wp-content\/uploads\/2024\/03\/PART-PIZZA-2.webp","datePublished":"2024-03-01T15:56:04+00:00","dateModified":"2026-05-06T00:11:36+00:00","description":"Dreieckige Kartonunterlage f\u00fcr Tortenst\u00fccke \u2013 250er-Pack. Stabil, praktisch und recycelbar werten sie Ihre Desserts auf und erleichtern gleichzeitig den Transport.","breadcrumb":{"@id":"https:\/\/www.csj-emballages.com\/de\/produit\/250-halter-tortenstueck-dreieck-aus-karton\/#breadcrumb"},"inLanguage":"de","potentialAction":[{"@type":"ReadAction","target":["https:\/\/www.csj-emballages.com\/de\/produit\/250-halter-tortenstueck-dreieck-aus-karton\/"]}]},{"@type":"ImageObject","inLanguage":"de","@id":"https:\/\/www.csj-emballages.com\/de\/produit\/250-halter-tortenstueck-dreieck-aus-karton\/#primaryimage","url":"https:\/\/www.csj-emballages.com\/wp-content\/uploads\/2024\/03\/PART-PIZZA-2.webp","contentUrl":"https:\/\/www.csj-emballages.com\/wp-content\/uploads\/2024\/03\/PART-PIZZA-2.webp","width":802,"height":802,"caption":"Support carton"},{"@type":"BreadcrumbList","@id":"https:\/\/www.csj-emballages.com\/de\/produit\/250-halter-tortenstueck-dreieck-aus-karton\/#breadcrumb","itemListElement":[{"@type":"ListItem","position":1,"name":"Accueil","item":"https:\/\/www.csj-emballages.com\/de\/universum-lebensmittelverpackungen\/"},{"@type":"ListItem","position":2,"name":"Shop","item":"https:\/\/www.csj-emballages.com\/shop\/"},{"@type":"ListItem","position":3,"name":"Kartonunterlage f\u00fcr Einzelportionen 170 x 190 x 20 mm im 250er-Pack"}]},{"@type":"WebSite","@id":"https:\/\/www.csj-emballages.com\/de\/#website","url":"https:\/\/www.csj-emballages.com\/de\/","name":"CSJ Emballages","description":"","publisher":{"@id":"https:\/\/www.csj-emballages.com\/de\/#organization"},"potentialAction":[{"@type":"SearchAction","target":{"@type":"EntryPoint","urlTemplate":"https:\/\/www.csj-emballages.com\/de\/?s={search_term_string}"},"query-input":{"@type":"PropertyValueSpecification","valueRequired":true,"valueName":"search_term_string"}}],"inLanguage":"de"},{"@type":"Organization","@id":"https:\/\/www.csj-emballages.com\/de\/#Organization\/","name":"CSJ Emballages","url":"https:\/\/www.csj-emballages.com\/de\/","logo":{"@type":"ImageObject","inLanguage":"de","@id":"https:\/\/www.csj-emballages.com\/de\/#\/schema\/logo\/image\/","url":"https:\/\/www.csj-emballages.com\/wp-content\/uploads\/2023\/10\/logo_csj.webp","contentUrl":"https:\/\/www.csj-emballages.com\/wp-content\/uploads\/2023\/10\/logo_csj.webp","width":250,"height":95,"caption":"CSJ Emballages"},"image":{"@id":"https:\/\/www.csj-emballages.com\/de\/#\/schema\/logo\/image\/"},"sameAs":["https:\/\/www.facebook.com\/csjemballages"],"address":{"@type":"PostalAddress","streetAddress":"ZI La Lechere","addressLocality":"Patornay","postalCode":"39130","addressCountry":"FR"},"contactPoint":[{"@type":"ContactPoint","contactType":"Service client","telephone":"0384254272","email":"contact@csj-emballages.com"}]}]}},"df_price":13.18,"df_sale_price":"","df_regular_price":13.18,"df_image_link":"https:\/\/www.csj-emballages.com\/wp-content\/uploads\/2024\/03\/PART-PIZZA-2-300x300.webp","tiered_pricing_type":"fixed","tiered_pricing_fixed_rules":[],"tiered_pricing_percentage_rules":[],"tiered_pricing_minimum":1,"tiered_pricing_roles_data":[],"_links":{"self":[{"href":"https:\/\/www.csj-emballages.com\/de\/wp-json\/wp\/v2\/product\/19932","targetHints":{"allow":["GET"]}}],"collection":[{"href":"https:\/\/www.csj-emballages.com\/de\/wp-json\/wp\/v2\/product"}],"about":[{"href":"https:\/\/www.csj-emballages.com\/de\/wp-json\/wp\/v2\/types\/product"}],"wp:featuredmedia":[{"embeddable":true,"href":"https:\/\/www.csj-emballages.com\/de\/wp-json\/wp\/v2\/media\/209238"}],"wp:attachment":[{"href":"https:\/\/www.csj-emballages.com\/de\/wp-json\/wp\/v2\/media?parent=19932"}],"wp:term":[{"taxonomy":"product_brand","embeddable":true,"href":"https:\/\/www.csj-emballages.com\/de\/wp-json\/wp\/v2\/product_brand?post=19932"},{"taxonomy":"product_cat","embeddable":true,"href":"https:\/\/www.csj-emballages.com\/de\/wp-json\/wp\/v2\/product_cat?post=19932"},{"taxonomy":"product_tag","embeddable":true,"href":"https:\/\/www.csj-emballages.com\/de\/wp-json\/wp\/v2\/product_tag?post=19932"}],"curies":[{"name":"wp","href":"https:\/\/api.w.org\/{rel}","templated":true}]}}