{"id":19921,"date":"2024-03-01T16:56:05","date_gmt":"2024-03-01T15:56:05","guid":{"rendered":"https:\/\/u15jnbdpoq.preview.infomaniak.website\/produit\/25-huehnerboxen-gruener-karton-mit-fenster-130-x-90-x-130-mm-nr-0\/"},"modified":"2026-03-24T02:11:37","modified_gmt":"2026-03-24T01:11:37","slug":"25-huehnerboxen-gruener-karton-mit-fenster-130-x-90-x-130-mm-nr-0","status":"publish","type":"product","link":"https:\/\/www.csj-emballages.com\/de\/produit\/25-huehnerboxen-gruener-karton-mit-fenster-130-x-90-x-130-mm-nr-0\/","title":{"rendered":"25 H\u00fchnerboxen gr\u00fcner Karton mit Fenster 130 x 90 x 130 mm Nr. 0"},"content":{"rendered":"<h2 class=\"p1\">H\u00fchnerbox<\/h2>\n<hr>\n<h3>Beschreibung unserer H\u00fchnerbox aus Karton gr\u00fcn mit Fenster 130 x 90 x 130 mm Nr.0 pro 25<\/h3>\n<p><!--more--><\/p>\n<p>Die <strong data-start=\"31\" data-end=\"103\">gr\u00fcne Karton-H\u00fchnerbox mit Fenster (130 x 90 x 130 mm &#8211; Nr. 0)<\/strong> ist ideal f\u00fcr den sicheren Transport Ihres <strong>Schokoladenhuhns<\/strong>. Aus robustem Karton gefertigt, gew\u00e4hrleistet sie hervorragende Stabilit\u00e4t und optimalen Schutz w\u00e4hrend des Transports. Dank ihres <strong data-start=\"310\" data-end=\"334\" data-is-only-node=\"\">transparenten Fensters<\/strong> bietet sie sofortige Sicht auf den Inhalt und wertet so Ihr Produkt bei den Kunden auf. Verkauft im <strong>25er<\/strong>-Pack, ist sie perfekt auf die Bed\u00fcrfnisse von <b>B\u00e4ckereien und Konditoreien<\/b> zugeschnitten.<\/p>\n<p>&nbsp;<\/p>\n<p><!--more--><\/p>\n<p><strong>Ihre Vorteile :<\/strong><\/p>\n<div>\n<ul>\n<li data-start=\"589\" data-end=\"679\"><strong data-start=\"591\" data-end=\"611\">Widerstandsf\u00e4higer Karton<\/strong>: Sorgt f\u00fcr optimalen Schutz beim Transport der Osterh\u00fchner.<\/li>\n<li data-start=\"680\" data-end=\"765\"><strong data-start=\"682\" data-end=\"706\">Durchsichtiges Fenster<\/strong>: Hebt das Produkt hervor und erleichtert die Identifizierung.<\/li>\n<li data-start=\"766\" data-end=\"850\"><strong data-start=\"768\" data-end=\"807\">Praktisches Format (130 x 90 x 130 mm)<\/strong>: Ideal f\u00fcr kleine Schokoh\u00fchner.<\/li>\n<li data-start=\"851\" data-end=\"903\"><strong data-start=\"853\" data-end=\"867\">Umweltfreundlich<\/strong>: Hergestellt aus recycelbarem Karton.<\/li>\n<\/ul>\n<\/div>\n<p>&nbsp;<\/p>\n<p><!--more--><\/p>\n<h4>Weitere Informationen :<\/h4>\n<ul>\n<li><strong>Verpackung<\/strong>: Packung mit 25 St\u00fcck<\/li>\n<li><strong>Ma\u00dfe<\/strong>: 130 x 90 x 130 mm<\/li>\n<li><strong>Form<\/strong>: Henne<\/li>\n<li><strong>Material<\/strong>: Karton<\/li>\n<li><strong>Farbe<\/strong>: Gr\u00fcn<\/li>\n<\/ul>\n<p>&nbsp;<\/p>\n<p><!--more--><\/p>\n<p><a href=\"\/?product_cat=boites-paques-1\">Sehen Sie sich den Rest unseres Sortiments an Osterschachteln an<\/a><\/p>\n","protected":false},"excerpt":{"rendered":"<p>H\u00fchnerbox Beschreibung unserer H\u00fchnerbox aus Karton gr\u00fcn mit Fenster 130 x 90 x 130 mm Nr.0 pro 25<\/p>\n","protected":false},"featured_media":225040,"template":"","meta":{"_acf_changed":false},"product_brand":[],"product_cat":[1137,1171,1172,2074,1265],"product_tag":[],"class_list":{"0":"post-19921","1":"product","2":"type-product","3":"status-publish","4":"has-post-thumbnail","6":"product_cat-lebensmittelverpackungen","7":"product_cat-backerei-und-konditorei","8":"product_cat-fensterkasten","9":"product_cat-schachteln-zu-ostern","10":"product_cat-lagerbestande-promotion","12":"first","13":"instock","14":"sale","15":"taxable","16":"shipping-taxable","17":"purchasable","18":"product-type-simple"},"acf":[],"yoast_head":"<!-- This site is optimized with the Yoast SEO Premium plugin v26.6 (Yoast SEO v26.6) - https:\/\/yoast.com\/wordpress\/plugins\/seo\/ -->\n<title>H\u00fchnerbox aus gr\u00fcnem Karton mit Fenster 130 x 90 x 130 mm per 25<\/title>\n<meta name=\"description\" content=\"Gr\u00fcne H\u00fchnerbox aus Karton mit Fenster (130 x 90 x 130 mm). Praktisch, widerstandsf\u00e4hig und recycelbar, ideal f\u00fcr den sicheren Transport Ihrer Schokoladenh\u00fchner.\" \/>\n<meta name=\"robots\" content=\"index, follow, max-snippet:-1, max-image-preview:large, max-video-preview:-1\" \/>\n<link rel=\"canonical\" href=\"https:\/\/www.csj-emballages.com\/de\/produit\/25-huehnerboxen-gruener-karton-mit-fenster-130-x-90-x-130-mm-nr-0\/\" \/>\n<meta property=\"og:locale\" content=\"de_DE\" \/>\n<meta property=\"og:type\" content=\"article\" \/>\n<meta property=\"og:title\" content=\"25 H\u00fchnerboxen gr\u00fcner Karton mit Fenster 130 x 90 x 130 mm Nr. 0\" \/>\n<meta property=\"og:description\" content=\"Gr\u00fcne H\u00fchnerbox aus Karton mit Fenster (130 x 90 x 130 mm). Praktisch, widerstandsf\u00e4hig und recycelbar, ideal f\u00fcr den sicheren Transport Ihrer Schokoladenh\u00fchner.\" \/>\n<meta property=\"og:url\" content=\"https:\/\/www.csj-emballages.com\/de\/produit\/25-huehnerboxen-gruener-karton-mit-fenster-130-x-90-x-130-mm-nr-0\/\" \/>\n<meta property=\"og:site_name\" content=\"CSJ Emballages\" \/>\n<meta property=\"article:publisher\" content=\"https:\/\/www.facebook.com\/csjemballages\" \/>\n<meta property=\"article:modified_time\" content=\"2026-03-24T01:11:37+00:00\" \/>\n<meta property=\"og:image\" content=\"https:\/\/www.csj-emballages.com\/wp-content\/uploads\/2024\/03\/Boite-poule-verte-13-x-9-x-13.webp\" \/>\n\t<meta property=\"og:image:width\" content=\"801\" \/>\n\t<meta property=\"og:image:height\" content=\"801\" \/>\n\t<meta property=\"og:image:type\" content=\"image\/webp\" \/>\n<meta name=\"twitter:card\" content=\"summary_large_image\" \/>\n<meta name=\"twitter:label1\" content=\"Gesch\u00e4tzte Lesezeit\" \/>\n\t<meta name=\"twitter:data1\" content=\"1\u00a0Minute\" \/>\n<script type=\"application\/ld+json\" class=\"yoast-schema-graph\">{\"@context\":\"https:\/\/schema.org\",\"@graph\":[{\"@type\":\"WebPage\",\"@id\":\"https:\/\/www.csj-emballages.com\/de\/produit\/25-huehnerboxen-gruener-karton-mit-fenster-130-x-90-x-130-mm-nr-0\/\",\"url\":\"https:\/\/www.csj-emballages.com\/de\/produit\/25-huehnerboxen-gruener-karton-mit-fenster-130-x-90-x-130-mm-nr-0\/\",\"name\":\"H\u00fchnerbox aus gr\u00fcnem Karton mit Fenster 130 x 90 x 130 mm per 25\",\"isPartOf\":{\"@id\":\"https:\/\/www.csj-emballages.com\/de\/#website\"},\"primaryImageOfPage\":{\"@id\":\"https:\/\/www.csj-emballages.com\/de\/produit\/25-huehnerboxen-gruener-karton-mit-fenster-130-x-90-x-130-mm-nr-0\/#primaryimage\"},\"image\":{\"@id\":\"https:\/\/www.csj-emballages.com\/de\/produit\/25-huehnerboxen-gruener-karton-mit-fenster-130-x-90-x-130-mm-nr-0\/#primaryimage\"},\"thumbnailUrl\":\"https:\/\/www.csj-emballages.com\/wp-content\/uploads\/2024\/03\/Boite-poule-verte-13-x-9-x-13.webp\",\"datePublished\":\"2024-03-01T15:56:05+00:00\",\"dateModified\":\"2026-03-24T01:11:37+00:00\",\"description\":\"Gr\u00fcne H\u00fchnerbox aus Karton mit Fenster (130 x 90 x 130 mm). Praktisch, widerstandsf\u00e4hig und recycelbar, ideal f\u00fcr den sicheren Transport Ihrer Schokoladenh\u00fchner.\",\"breadcrumb\":{\"@id\":\"https:\/\/www.csj-emballages.com\/de\/produit\/25-huehnerboxen-gruener-karton-mit-fenster-130-x-90-x-130-mm-nr-0\/#breadcrumb\"},\"inLanguage\":\"de\",\"potentialAction\":[{\"@type\":\"ReadAction\",\"target\":[\"https:\/\/www.csj-emballages.com\/de\/produit\/25-huehnerboxen-gruener-karton-mit-fenster-130-x-90-x-130-mm-nr-0\/\"]}]},{\"@type\":\"ImageObject\",\"inLanguage\":\"de\",\"@id\":\"https:\/\/www.csj-emballages.com\/de\/produit\/25-huehnerboxen-gruener-karton-mit-fenster-130-x-90-x-130-mm-nr-0\/#primaryimage\",\"url\":\"https:\/\/www.csj-emballages.com\/wp-content\/uploads\/2024\/03\/Boite-poule-verte-13-x-9-x-13.webp\",\"contentUrl\":\"https:\/\/www.csj-emballages.com\/wp-content\/uploads\/2024\/03\/Boite-poule-verte-13-x-9-x-13.webp\",\"width\":801,\"height\":801,\"caption\":\"boites \u00e0 poule\"},{\"@type\":\"BreadcrumbList\",\"@id\":\"https:\/\/www.csj-emballages.com\/de\/produit\/25-huehnerboxen-gruener-karton-mit-fenster-130-x-90-x-130-mm-nr-0\/#breadcrumb\",\"itemListElement\":[{\"@type\":\"ListItem\",\"position\":1,\"name\":\"Accueil\",\"item\":\"https:\/\/www.csj-emballages.com\/de\/universum-lebensmittelverpackungen\/\"},{\"@type\":\"ListItem\",\"position\":2,\"name\":\"Shop\",\"item\":\"https:\/\/www.csj-emballages.com\/shop\/\"},{\"@type\":\"ListItem\",\"position\":3,\"name\":\"25 H\u00fchnerboxen gr\u00fcner Karton mit Fenster 130 x 90 x 130 mm Nr. 0\"}]},{\"@type\":\"WebSite\",\"@id\":\"https:\/\/www.csj-emballages.com\/de\/#website\",\"url\":\"https:\/\/www.csj-emballages.com\/de\/\",\"name\":\"CSJ Emballages\",\"description\":\"\",\"publisher\":{\"@id\":\"https:\/\/www.csj-emballages.com\/de\/#organization\"},\"potentialAction\":[{\"@type\":\"SearchAction\",\"target\":{\"@type\":\"EntryPoint\",\"urlTemplate\":\"https:\/\/www.csj-emballages.com\/de\/?s={search_term_string}\"},\"query-input\":{\"@type\":\"PropertyValueSpecification\",\"valueRequired\":true,\"valueName\":\"search_term_string\"}}],\"inLanguage\":\"de\"},{\"@type\":\"Organization\",\"@id\":\"https:\/\/www.csj-emballages.com\/de\/#Organization\/\",\"name\":\"CSJ Emballages\",\"url\":\"https:\/\/www.csj-emballages.com\/de\/\",\"logo\":{\"@type\":\"ImageObject\",\"inLanguage\":\"de\",\"@id\":\"https:\/\/www.csj-emballages.com\/de\/#\/schema\/logo\/image\/\",\"url\":\"https:\/\/www.csj-emballages.com\/wp-content\/uploads\/2023\/10\/logo_csj.webp\",\"contentUrl\":\"https:\/\/www.csj-emballages.com\/wp-content\/uploads\/2023\/10\/logo_csj.webp\",\"width\":250,\"height\":95,\"caption\":\"CSJ Emballages\"},\"image\":{\"@id\":\"https:\/\/www.csj-emballages.com\/de\/#\/schema\/logo\/image\/\"},\"sameAs\":[\"https:\/\/www.facebook.com\/csjemballages\"],\"address\":{\"@type\":\"PostalAddress\",\"streetAddress\":\"ZI La Lechere\",\"addressLocality\":\"Patornay\",\"postalCode\":\"39130\",\"addressCountry\":\"FR\"},\"contactPoint\":[{\"@type\":\"ContactPoint\",\"contactType\":\"Service client\",\"telephone\":\"0384254272\",\"email\":\"contact@csj-emballages.com\"}]}]}<\/script>\n<!-- \/ Yoast SEO Premium plugin. -->","yoast_head_json":{"title":"H\u00fchnerbox aus gr\u00fcnem Karton mit Fenster 130 x 90 x 130 mm per 25","description":"Gr\u00fcne H\u00fchnerbox aus Karton mit Fenster (130 x 90 x 130 mm). Praktisch, widerstandsf\u00e4hig und recycelbar, ideal f\u00fcr den sicheren Transport Ihrer Schokoladenh\u00fchner.","robots":{"index":"index","follow":"follow","max-snippet":"max-snippet:-1","max-image-preview":"max-image-preview:large","max-video-preview":"max-video-preview:-1"},"canonical":"https:\/\/www.csj-emballages.com\/de\/produit\/25-huehnerboxen-gruener-karton-mit-fenster-130-x-90-x-130-mm-nr-0\/","og_locale":"de_DE","og_type":"article","og_title":"25 H\u00fchnerboxen gr\u00fcner Karton mit Fenster 130 x 90 x 130 mm Nr. 0","og_description":"Gr\u00fcne H\u00fchnerbox aus Karton mit Fenster (130 x 90 x 130 mm). Praktisch, widerstandsf\u00e4hig und recycelbar, ideal f\u00fcr den sicheren Transport Ihrer Schokoladenh\u00fchner.","og_url":"https:\/\/www.csj-emballages.com\/de\/produit\/25-huehnerboxen-gruener-karton-mit-fenster-130-x-90-x-130-mm-nr-0\/","og_site_name":"CSJ Emballages","article_publisher":"https:\/\/www.facebook.com\/csjemballages","article_modified_time":"2026-03-24T01:11:37+00:00","og_image":[{"width":801,"height":801,"url":"https:\/\/www.csj-emballages.com\/wp-content\/uploads\/2024\/03\/Boite-poule-verte-13-x-9-x-13.webp","type":"image\/webp"}],"twitter_card":"summary_large_image","twitter_misc":{"Gesch\u00e4tzte Lesezeit":"1\u00a0Minute"},"schema":{"@context":"https:\/\/schema.org","@graph":[{"@type":"WebPage","@id":"https:\/\/www.csj-emballages.com\/de\/produit\/25-huehnerboxen-gruener-karton-mit-fenster-130-x-90-x-130-mm-nr-0\/","url":"https:\/\/www.csj-emballages.com\/de\/produit\/25-huehnerboxen-gruener-karton-mit-fenster-130-x-90-x-130-mm-nr-0\/","name":"H\u00fchnerbox aus gr\u00fcnem Karton mit Fenster 130 x 90 x 130 mm per 25","isPartOf":{"@id":"https:\/\/www.csj-emballages.com\/de\/#website"},"primaryImageOfPage":{"@id":"https:\/\/www.csj-emballages.com\/de\/produit\/25-huehnerboxen-gruener-karton-mit-fenster-130-x-90-x-130-mm-nr-0\/#primaryimage"},"image":{"@id":"https:\/\/www.csj-emballages.com\/de\/produit\/25-huehnerboxen-gruener-karton-mit-fenster-130-x-90-x-130-mm-nr-0\/#primaryimage"},"thumbnailUrl":"https:\/\/www.csj-emballages.com\/wp-content\/uploads\/2024\/03\/Boite-poule-verte-13-x-9-x-13.webp","datePublished":"2024-03-01T15:56:05+00:00","dateModified":"2026-03-24T01:11:37+00:00","description":"Gr\u00fcne H\u00fchnerbox aus Karton mit Fenster (130 x 90 x 130 mm). Praktisch, widerstandsf\u00e4hig und recycelbar, ideal f\u00fcr den sicheren Transport Ihrer Schokoladenh\u00fchner.","breadcrumb":{"@id":"https:\/\/www.csj-emballages.com\/de\/produit\/25-huehnerboxen-gruener-karton-mit-fenster-130-x-90-x-130-mm-nr-0\/#breadcrumb"},"inLanguage":"de","potentialAction":[{"@type":"ReadAction","target":["https:\/\/www.csj-emballages.com\/de\/produit\/25-huehnerboxen-gruener-karton-mit-fenster-130-x-90-x-130-mm-nr-0\/"]}]},{"@type":"ImageObject","inLanguage":"de","@id":"https:\/\/www.csj-emballages.com\/de\/produit\/25-huehnerboxen-gruener-karton-mit-fenster-130-x-90-x-130-mm-nr-0\/#primaryimage","url":"https:\/\/www.csj-emballages.com\/wp-content\/uploads\/2024\/03\/Boite-poule-verte-13-x-9-x-13.webp","contentUrl":"https:\/\/www.csj-emballages.com\/wp-content\/uploads\/2024\/03\/Boite-poule-verte-13-x-9-x-13.webp","width":801,"height":801,"caption":"boites \u00e0 poule"},{"@type":"BreadcrumbList","@id":"https:\/\/www.csj-emballages.com\/de\/produit\/25-huehnerboxen-gruener-karton-mit-fenster-130-x-90-x-130-mm-nr-0\/#breadcrumb","itemListElement":[{"@type":"ListItem","position":1,"name":"Accueil","item":"https:\/\/www.csj-emballages.com\/de\/universum-lebensmittelverpackungen\/"},{"@type":"ListItem","position":2,"name":"Shop","item":"https:\/\/www.csj-emballages.com\/shop\/"},{"@type":"ListItem","position":3,"name":"25 H\u00fchnerboxen gr\u00fcner Karton mit Fenster 130 x 90 x 130 mm Nr. 0"}]},{"@type":"WebSite","@id":"https:\/\/www.csj-emballages.com\/de\/#website","url":"https:\/\/www.csj-emballages.com\/de\/","name":"CSJ Emballages","description":"","publisher":{"@id":"https:\/\/www.csj-emballages.com\/de\/#organization"},"potentialAction":[{"@type":"SearchAction","target":{"@type":"EntryPoint","urlTemplate":"https:\/\/www.csj-emballages.com\/de\/?s={search_term_string}"},"query-input":{"@type":"PropertyValueSpecification","valueRequired":true,"valueName":"search_term_string"}}],"inLanguage":"de"},{"@type":"Organization","@id":"https:\/\/www.csj-emballages.com\/de\/#Organization\/","name":"CSJ Emballages","url":"https:\/\/www.csj-emballages.com\/de\/","logo":{"@type":"ImageObject","inLanguage":"de","@id":"https:\/\/www.csj-emballages.com\/de\/#\/schema\/logo\/image\/","url":"https:\/\/www.csj-emballages.com\/wp-content\/uploads\/2023\/10\/logo_csj.webp","contentUrl":"https:\/\/www.csj-emballages.com\/wp-content\/uploads\/2023\/10\/logo_csj.webp","width":250,"height":95,"caption":"CSJ Emballages"},"image":{"@id":"https:\/\/www.csj-emballages.com\/de\/#\/schema\/logo\/image\/"},"sameAs":["https:\/\/www.facebook.com\/csjemballages"],"address":{"@type":"PostalAddress","streetAddress":"ZI La Lechere","addressLocality":"Patornay","postalCode":"39130","addressCountry":"FR"},"contactPoint":[{"@type":"ContactPoint","contactType":"Service client","telephone":"0384254272","email":"contact@csj-emballages.com"}]}]}},"df_price":18.05,"df_sale_price":18.05,"df_regular_price":21.23,"df_image_link":"https:\/\/www.csj-emballages.com\/wp-content\/uploads\/2024\/03\/Boite-poule-verte-13-x-9-x-13-300x300.webp","tiered_pricing_type":"fixed","tiered_pricing_fixed_rules":[],"tiered_pricing_percentage_rules":[],"tiered_pricing_minimum":1,"tiered_pricing_roles_data":[],"_links":{"self":[{"href":"https:\/\/www.csj-emballages.com\/de\/wp-json\/wp\/v2\/product\/19921","targetHints":{"allow":["GET"]}}],"collection":[{"href":"https:\/\/www.csj-emballages.com\/de\/wp-json\/wp\/v2\/product"}],"about":[{"href":"https:\/\/www.csj-emballages.com\/de\/wp-json\/wp\/v2\/types\/product"}],"wp:featuredmedia":[{"embeddable":true,"href":"https:\/\/www.csj-emballages.com\/de\/wp-json\/wp\/v2\/media\/225040"}],"wp:attachment":[{"href":"https:\/\/www.csj-emballages.com\/de\/wp-json\/wp\/v2\/media?parent=19921"}],"wp:term":[{"taxonomy":"product_brand","embeddable":true,"href":"https:\/\/www.csj-emballages.com\/de\/wp-json\/wp\/v2\/product_brand?post=19921"},{"taxonomy":"product_cat","embeddable":true,"href":"https:\/\/www.csj-emballages.com\/de\/wp-json\/wp\/v2\/product_cat?post=19921"},{"taxonomy":"product_tag","embeddable":true,"href":"https:\/\/www.csj-emballages.com\/de\/wp-json\/wp\/v2\/product_tag?post=19921"}],"curies":[{"name":"wp","href":"https:\/\/api.w.org\/{rel}","templated":true}]}}