{"id":19911,"date":"2024-03-01T16:56:04","date_gmt":"2024-03-01T15:56:04","guid":{"rendered":"https:\/\/u15jnbdpoq.preview.infomaniak.website\/produit\/650-eps-schalen-270-x-135-x-25-mm\/"},"modified":"2026-04-23T02:11:25","modified_gmt":"2026-04-23T00:11:25","slug":"650-eps-schalen-270-x-135-x-25-mm","status":"publish","type":"product","link":"https:\/\/www.csj-emballages.com\/de\/produit\/650-eps-schalen-270-x-135-x-25-mm\/","title":{"rendered":"Schale aus EPS-Polystyrol 270 x 135 x 25 mm pro 650"},"content":{"rendered":"<h2 style=\"font-family: Roboto, sans-serif\">Polystyrol-Schale<\/h2>\n<hr>\n<h3 style=\"font-family: Roboto, sans-serif\"><span style=\"font-weight: bold\">Entdecken Sie unsere Polystyrol-Schale 270 x 135 x 25 mm pro 650<\/span><\/h3>\n<p><!--more--><\/p>\n<p>Die absorbierenden <strong>Schalen<\/strong>, die vollst\u00e4ndig aus expandiertem Polystyrol (EPS) hergestellt werden, beinhalten ein innovatives Design. Durch feine Perforationen werden Fl\u00fcssigkeiten direkt im Inneren der Schale absorbiert, wo sie in der Struktur des Materials zur\u00fcckgehalten werden. Dieses System macht die Verwendung von saugf\u00e4higen L\u00f6schbl\u00e4ttern \u00fcberfl\u00fcssig, vereinfacht die Verpackung und erh\u00f6ht gleichzeitig die Effizienz.  <\/p>\n<p>Diese <strong>Schalen<\/strong> sind ideal f\u00fcr die Verpackung von frischen Lebensmitteln mit kurzer Haltbarkeitsdauer. Sie vereinen geringes Gewicht und Stabilit\u00e4t und erf\u00fcllen damit perfekt die Anforderungen von Profis.<\/p>\n<p><!--more--><\/p>\n<h4>Gro\u00dfz\u00fcgige Abmessungen 270 x 135 x 25 mm<\/h4>\n<p>Mit den Ma\u00dfen <strong>270 x 135 x 25 mm<\/strong> eignen sie sich perfekt f\u00fcr die Verpackung von Lebensmitteln. Ebenso bietet dieses Set mit <strong>650 Schalen<\/strong> eine kosteng\u00fcnstige und nachhaltige L\u00f6sung f\u00fcr Ihre Zubereitungen. <\/p>\n<p>&nbsp;<\/p>\n<p><!--more--><\/p>\n<h4 style=\"margin: 0pt;font-family: Roboto, sans-serif\">Ihre Vorteile :<\/h4>\n<ul>\n<li><strong>Effektive Fl\u00fcssigkeitsaufnahme<\/strong>: Die Perforationen in der Struktur sorgen daf\u00fcr, dass Fl\u00fcssigkeiten aufgenommen und eingeschlossen werden k\u00f6nnen, sodass keine L\u00f6schbl\u00e4tter mehr ben\u00f6tigt werden.<\/li>\n<li><strong>Leicht und robust<\/strong>: Das expandierte Polystyrol verleiht den Schalen ein geringes Gewicht, ohne ihre Festigkeit zu beeintr\u00e4chtigen.<\/li>\n<li><strong>Einhaltung von Lebensmittelstandards<\/strong>: Diese Schalen sind ideal f\u00fcr die Verpackung von frischen Lebensmitteln, die den Gesundheitsstandards entsprechen.<\/li>\n<li><strong>Umweltfreundlich<\/strong>: Das verwendete expandierte Polystyrol ist recycelbar, wodurch die Umweltbelastung reduziert wird.<\/li>\n<\/ul>\n<p>&nbsp;<\/p>\n<p style=\"margin: 0pt;font-family: Roboto, sans-serif\"><!--more--><\/p>\n<h4>Weitere Informationen :<\/h4>\n<ul>\n<li><strong>Verpackung<\/strong>: Karton mit 650 St\u00fcck<\/li>\n<li><strong>Abmessungen<\/strong>: 270 x 135 x 25 (L x B x H in mm)<\/li>\n<li><strong>Material<\/strong>: EPS (expandiertes Polystyrol)<\/li>\n<li><strong>Farbe<\/strong>: Wei\u00df<\/li>\n<\/ul>\n<p>&nbsp;<\/p>\n<p><!--more--><\/p>\n<p><a href=\"https:\/\/www.csj-emballages.com\/de\/categorie-produit\/lebensmittelverpackungen\/metzgerei-und-feinkostgeschaft\/schalen-dosen-und-glaser\/schalen-dosen-glaser-fur-lebensmittel\/eps-schale\/\">Sehen Sie sich den Rest unseres Sortiments an EPS-Schalen an<\/a><\/p>\n","protected":false},"excerpt":{"rendered":"<p>Polystyrol-Schale Entdecken Sie unsere Polystyrol-Schale 270 x 135 x 25 mm pro 650<\/p>\n","protected":false},"featured_media":214651,"template":"","meta":{"_acf_changed":false},"product_brand":[],"product_cat":[1137,1170,2277,1513,6089],"product_tag":[],"class_list":{"0":"post-19911","1":"product","2":"type-product","3":"status-publish","4":"has-post-thumbnail","6":"product_cat-lebensmittelverpackungen","7":"product_cat-metzgerei-und-feinkostgeschaft","8":"product_cat-schalen-dosen-und-glaser","9":"product_cat-schalen-dosen-glaser-fur-lebensmittel","10":"product_cat-eps-schale","12":"first","13":"outofstock","14":"taxable","15":"shipping-taxable","16":"purchasable","17":"product-type-simple"},"acf":[],"yoast_head":"<!-- This site is optimized with the Yoast SEO Premium plugin v26.6 (Yoast SEO v26.6) - https:\/\/yoast.com\/wordpress\/plugins\/seo\/ -->\n<title>Schale Polystyrol - 270 x 135 x 25 mm<\/title>\n<meta name=\"description\" content=\"Absorbierende Styroporschalen aus expandiertem Polystyrol (EPS), leicht, stark und ideal zum Verpacken von frischen Lebensmitteln.\" \/>\n<meta name=\"robots\" content=\"index, follow, max-snippet:-1, max-image-preview:large, max-video-preview:-1\" \/>\n<link rel=\"canonical\" href=\"https:\/\/www.csj-emballages.com\/de\/produit\/650-eps-schalen-270-x-135-x-25-mm\/\" \/>\n<meta property=\"og:locale\" content=\"de_DE\" \/>\n<meta property=\"og:type\" content=\"article\" \/>\n<meta property=\"og:title\" content=\"Schale aus EPS-Polystyrol 270 x 135 x 25 mm pro 650\" \/>\n<meta property=\"og:description\" content=\"Absorbierende Styroporschalen aus expandiertem Polystyrol (EPS), leicht, stark und ideal zum Verpacken von frischen Lebensmitteln.\" \/>\n<meta property=\"og:url\" content=\"https:\/\/www.csj-emballages.com\/de\/produit\/650-eps-schalen-270-x-135-x-25-mm\/\" \/>\n<meta property=\"og:site_name\" content=\"CSJ Emballages\" \/>\n<meta property=\"article:publisher\" content=\"https:\/\/www.facebook.com\/csjemballages\" \/>\n<meta property=\"article:modified_time\" content=\"2026-04-23T00:11:25+00:00\" \/>\n<meta property=\"og:image\" content=\"https:\/\/www.csj-emballages.com\/wp-content\/uploads\/2024\/03\/barquette-PSE.webp\" \/>\n\t<meta property=\"og:image:width\" content=\"800\" \/>\n\t<meta property=\"og:image:height\" content=\"799\" \/>\n\t<meta property=\"og:image:type\" content=\"image\/webp\" \/>\n<meta name=\"twitter:card\" content=\"summary_large_image\" \/>\n<meta name=\"twitter:label1\" content=\"Gesch\u00e4tzte Lesezeit\" \/>\n\t<meta name=\"twitter:data1\" content=\"1\u00a0Minute\" \/>\n<script type=\"application\/ld+json\" class=\"yoast-schema-graph\">{\"@context\":\"https:\/\/schema.org\",\"@graph\":[{\"@type\":\"WebPage\",\"@id\":\"https:\/\/www.csj-emballages.com\/de\/produit\/650-eps-schalen-270-x-135-x-25-mm\/\",\"url\":\"https:\/\/www.csj-emballages.com\/de\/produit\/650-eps-schalen-270-x-135-x-25-mm\/\",\"name\":\"Schale Polystyrol - 270 x 135 x 25 mm\",\"isPartOf\":{\"@id\":\"https:\/\/www.csj-emballages.com\/de\/#website\"},\"primaryImageOfPage\":{\"@id\":\"https:\/\/www.csj-emballages.com\/de\/produit\/650-eps-schalen-270-x-135-x-25-mm\/#primaryimage\"},\"image\":{\"@id\":\"https:\/\/www.csj-emballages.com\/de\/produit\/650-eps-schalen-270-x-135-x-25-mm\/#primaryimage\"},\"thumbnailUrl\":\"https:\/\/www.csj-emballages.com\/wp-content\/uploads\/2024\/03\/barquette-PSE.webp\",\"datePublished\":\"2024-03-01T15:56:04+00:00\",\"dateModified\":\"2026-04-23T00:11:25+00:00\",\"description\":\"Absorbierende Styroporschalen aus expandiertem Polystyrol (EPS), leicht, stark und ideal zum Verpacken von frischen Lebensmitteln.\",\"breadcrumb\":{\"@id\":\"https:\/\/www.csj-emballages.com\/de\/produit\/650-eps-schalen-270-x-135-x-25-mm\/#breadcrumb\"},\"inLanguage\":\"de\",\"potentialAction\":[{\"@type\":\"ReadAction\",\"target\":[\"https:\/\/www.csj-emballages.com\/de\/produit\/650-eps-schalen-270-x-135-x-25-mm\/\"]}]},{\"@type\":\"ImageObject\",\"inLanguage\":\"de\",\"@id\":\"https:\/\/www.csj-emballages.com\/de\/produit\/650-eps-schalen-270-x-135-x-25-mm\/#primaryimage\",\"url\":\"https:\/\/www.csj-emballages.com\/wp-content\/uploads\/2024\/03\/barquette-PSE.webp\",\"contentUrl\":\"https:\/\/www.csj-emballages.com\/wp-content\/uploads\/2024\/03\/barquette-PSE.webp\",\"width\":800,\"height\":799,\"caption\":\"barquette polystyr\u00e8ne\"},{\"@type\":\"BreadcrumbList\",\"@id\":\"https:\/\/www.csj-emballages.com\/de\/produit\/650-eps-schalen-270-x-135-x-25-mm\/#breadcrumb\",\"itemListElement\":[{\"@type\":\"ListItem\",\"position\":1,\"name\":\"Accueil\",\"item\":\"https:\/\/www.csj-emballages.com\/de\/universum-lebensmittelverpackungen\/\"},{\"@type\":\"ListItem\",\"position\":2,\"name\":\"Shop\",\"item\":\"https:\/\/www.csj-emballages.com\/shop\/\"},{\"@type\":\"ListItem\",\"position\":3,\"name\":\"Schale aus EPS-Polystyrol 270 x 135 x 25 mm pro 650\"}]},{\"@type\":\"WebSite\",\"@id\":\"https:\/\/www.csj-emballages.com\/de\/#website\",\"url\":\"https:\/\/www.csj-emballages.com\/de\/\",\"name\":\"CSJ Emballages\",\"description\":\"\",\"publisher\":{\"@id\":\"https:\/\/www.csj-emballages.com\/de\/#organization\"},\"potentialAction\":[{\"@type\":\"SearchAction\",\"target\":{\"@type\":\"EntryPoint\",\"urlTemplate\":\"https:\/\/www.csj-emballages.com\/de\/?s={search_term_string}\"},\"query-input\":{\"@type\":\"PropertyValueSpecification\",\"valueRequired\":true,\"valueName\":\"search_term_string\"}}],\"inLanguage\":\"de\"},{\"@type\":\"Organization\",\"@id\":\"https:\/\/www.csj-emballages.com\/de\/#Organization\/\",\"name\":\"CSJ Emballages\",\"url\":\"https:\/\/www.csj-emballages.com\/de\/\",\"logo\":{\"@type\":\"ImageObject\",\"inLanguage\":\"de\",\"@id\":\"https:\/\/www.csj-emballages.com\/de\/#\/schema\/logo\/image\/\",\"url\":\"https:\/\/www.csj-emballages.com\/wp-content\/uploads\/2023\/10\/logo_csj.webp\",\"contentUrl\":\"https:\/\/www.csj-emballages.com\/wp-content\/uploads\/2023\/10\/logo_csj.webp\",\"width\":250,\"height\":95,\"caption\":\"CSJ Emballages\"},\"image\":{\"@id\":\"https:\/\/www.csj-emballages.com\/de\/#\/schema\/logo\/image\/\"},\"sameAs\":[\"https:\/\/www.facebook.com\/csjemballages\"],\"address\":{\"@type\":\"PostalAddress\",\"streetAddress\":\"ZI La Lechere\",\"addressLocality\":\"Patornay\",\"postalCode\":\"39130\",\"addressCountry\":\"FR\"},\"contactPoint\":[{\"@type\":\"ContactPoint\",\"contactType\":\"Service client\",\"telephone\":\"0384254272\",\"email\":\"contact@csj-emballages.com\"}]}]}<\/script>\n<!-- \/ Yoast SEO Premium plugin. -->","yoast_head_json":{"title":"Schale Polystyrol - 270 x 135 x 25 mm","description":"Absorbierende Styroporschalen aus expandiertem Polystyrol (EPS), leicht, stark und ideal zum Verpacken von frischen Lebensmitteln.","robots":{"index":"index","follow":"follow","max-snippet":"max-snippet:-1","max-image-preview":"max-image-preview:large","max-video-preview":"max-video-preview:-1"},"canonical":"https:\/\/www.csj-emballages.com\/de\/produit\/650-eps-schalen-270-x-135-x-25-mm\/","og_locale":"de_DE","og_type":"article","og_title":"Schale aus EPS-Polystyrol 270 x 135 x 25 mm pro 650","og_description":"Absorbierende Styroporschalen aus expandiertem Polystyrol (EPS), leicht, stark und ideal zum Verpacken von frischen Lebensmitteln.","og_url":"https:\/\/www.csj-emballages.com\/de\/produit\/650-eps-schalen-270-x-135-x-25-mm\/","og_site_name":"CSJ Emballages","article_publisher":"https:\/\/www.facebook.com\/csjemballages","article_modified_time":"2026-04-23T00:11:25+00:00","og_image":[{"width":800,"height":799,"url":"https:\/\/www.csj-emballages.com\/wp-content\/uploads\/2024\/03\/barquette-PSE.webp","type":"image\/webp"}],"twitter_card":"summary_large_image","twitter_misc":{"Gesch\u00e4tzte Lesezeit":"1\u00a0Minute"},"schema":{"@context":"https:\/\/schema.org","@graph":[{"@type":"WebPage","@id":"https:\/\/www.csj-emballages.com\/de\/produit\/650-eps-schalen-270-x-135-x-25-mm\/","url":"https:\/\/www.csj-emballages.com\/de\/produit\/650-eps-schalen-270-x-135-x-25-mm\/","name":"Schale Polystyrol - 270 x 135 x 25 mm","isPartOf":{"@id":"https:\/\/www.csj-emballages.com\/de\/#website"},"primaryImageOfPage":{"@id":"https:\/\/www.csj-emballages.com\/de\/produit\/650-eps-schalen-270-x-135-x-25-mm\/#primaryimage"},"image":{"@id":"https:\/\/www.csj-emballages.com\/de\/produit\/650-eps-schalen-270-x-135-x-25-mm\/#primaryimage"},"thumbnailUrl":"https:\/\/www.csj-emballages.com\/wp-content\/uploads\/2024\/03\/barquette-PSE.webp","datePublished":"2024-03-01T15:56:04+00:00","dateModified":"2026-04-23T00:11:25+00:00","description":"Absorbierende Styroporschalen aus expandiertem Polystyrol (EPS), leicht, stark und ideal zum Verpacken von frischen Lebensmitteln.","breadcrumb":{"@id":"https:\/\/www.csj-emballages.com\/de\/produit\/650-eps-schalen-270-x-135-x-25-mm\/#breadcrumb"},"inLanguage":"de","potentialAction":[{"@type":"ReadAction","target":["https:\/\/www.csj-emballages.com\/de\/produit\/650-eps-schalen-270-x-135-x-25-mm\/"]}]},{"@type":"ImageObject","inLanguage":"de","@id":"https:\/\/www.csj-emballages.com\/de\/produit\/650-eps-schalen-270-x-135-x-25-mm\/#primaryimage","url":"https:\/\/www.csj-emballages.com\/wp-content\/uploads\/2024\/03\/barquette-PSE.webp","contentUrl":"https:\/\/www.csj-emballages.com\/wp-content\/uploads\/2024\/03\/barquette-PSE.webp","width":800,"height":799,"caption":"barquette polystyr\u00e8ne"},{"@type":"BreadcrumbList","@id":"https:\/\/www.csj-emballages.com\/de\/produit\/650-eps-schalen-270-x-135-x-25-mm\/#breadcrumb","itemListElement":[{"@type":"ListItem","position":1,"name":"Accueil","item":"https:\/\/www.csj-emballages.com\/de\/universum-lebensmittelverpackungen\/"},{"@type":"ListItem","position":2,"name":"Shop","item":"https:\/\/www.csj-emballages.com\/shop\/"},{"@type":"ListItem","position":3,"name":"Schale aus EPS-Polystyrol 270 x 135 x 25 mm pro 650"}]},{"@type":"WebSite","@id":"https:\/\/www.csj-emballages.com\/de\/#website","url":"https:\/\/www.csj-emballages.com\/de\/","name":"CSJ Emballages","description":"","publisher":{"@id":"https:\/\/www.csj-emballages.com\/de\/#organization"},"potentialAction":[{"@type":"SearchAction","target":{"@type":"EntryPoint","urlTemplate":"https:\/\/www.csj-emballages.com\/de\/?s={search_term_string}"},"query-input":{"@type":"PropertyValueSpecification","valueRequired":true,"valueName":"search_term_string"}}],"inLanguage":"de"},{"@type":"Organization","@id":"https:\/\/www.csj-emballages.com\/de\/#Organization\/","name":"CSJ Emballages","url":"https:\/\/www.csj-emballages.com\/de\/","logo":{"@type":"ImageObject","inLanguage":"de","@id":"https:\/\/www.csj-emballages.com\/de\/#\/schema\/logo\/image\/","url":"https:\/\/www.csj-emballages.com\/wp-content\/uploads\/2023\/10\/logo_csj.webp","contentUrl":"https:\/\/www.csj-emballages.com\/wp-content\/uploads\/2023\/10\/logo_csj.webp","width":250,"height":95,"caption":"CSJ Emballages"},"image":{"@id":"https:\/\/www.csj-emballages.com\/de\/#\/schema\/logo\/image\/"},"sameAs":["https:\/\/www.facebook.com\/csjemballages"],"address":{"@type":"PostalAddress","streetAddress":"ZI La Lechere","addressLocality":"Patornay","postalCode":"39130","addressCountry":"FR"},"contactPoint":[{"@type":"ContactPoint","contactType":"Service client","telephone":"0384254272","email":"contact@csj-emballages.com"}]}]}},"df_price":69.7,"df_sale_price":"","df_regular_price":69.7,"df_image_link":"https:\/\/www.csj-emballages.com\/wp-content\/uploads\/2024\/03\/barquette-PSE-300x300.webp","tiered_pricing_type":"fixed","tiered_pricing_fixed_rules":[],"tiered_pricing_percentage_rules":[],"tiered_pricing_minimum":1,"tiered_pricing_roles_data":[],"_links":{"self":[{"href":"https:\/\/www.csj-emballages.com\/de\/wp-json\/wp\/v2\/product\/19911","targetHints":{"allow":["GET"]}}],"collection":[{"href":"https:\/\/www.csj-emballages.com\/de\/wp-json\/wp\/v2\/product"}],"about":[{"href":"https:\/\/www.csj-emballages.com\/de\/wp-json\/wp\/v2\/types\/product"}],"wp:featuredmedia":[{"embeddable":true,"href":"https:\/\/www.csj-emballages.com\/de\/wp-json\/wp\/v2\/media\/214651"}],"wp:attachment":[{"href":"https:\/\/www.csj-emballages.com\/de\/wp-json\/wp\/v2\/media?parent=19911"}],"wp:term":[{"taxonomy":"product_brand","embeddable":true,"href":"https:\/\/www.csj-emballages.com\/de\/wp-json\/wp\/v2\/product_brand?post=19911"},{"taxonomy":"product_cat","embeddable":true,"href":"https:\/\/www.csj-emballages.com\/de\/wp-json\/wp\/v2\/product_cat?post=19911"},{"taxonomy":"product_tag","embeddable":true,"href":"https:\/\/www.csj-emballages.com\/de\/wp-json\/wp\/v2\/product_tag?post=19911"}],"curies":[{"name":"wp","href":"https:\/\/api.w.org\/{rel}","templated":true}]}}