{"id":19877,"date":"2024-03-01T16:56:06","date_gmt":"2024-03-01T15:56:06","guid":{"rendered":"https:\/\/u15jnbdpoq.preview.infomaniak.website\/produit\/1-dose-fruchtpasten-250g\/"},"modified":"2026-03-12T16:15:22","modified_gmt":"2026-03-12T15:15:22","slug":"1-dose-fruchtpasten-250g","status":"publish","type":"product","link":"https:\/\/www.csj-emballages.com\/de\/produit\/1-dose-fruchtpasten-250g\/","title":{"rendered":"Dose Fruchtpasten 250g"},"content":{"rendered":"<h2>Schachtel mit Fruchtpasten<\/h2>\n<hr>\n<h3>Beschreibung unserer Dose Fruchtpasten 250g<\/h3>\n<p><!--more--><\/p>\n<p data-start=\"78\" data-end=\"486\">Schenken Sie Ihren S\u00fc\u00dfigkeiten eine gepflegte und elegante Pr\u00e4sentation mit unserer <strong data-start=\"151\" data-end=\"182\">Dose Fruchtpasten 250 g.<\/strong> Diese <strong data-start=\"289\" data-end=\"310\">Lebensmitteldose<\/strong> wurde speziell daf\u00fcr entworfen, Ihre handgemachten Kreationen zur Geltung zu bringen, und vereint Zweckm\u00e4\u00dfigkeit und \u00c4sthetik. Ihre ideale Gr\u00f6\u00dfe erm\u00f6glicht es, etwa <strong>250 g Fruchtpasten<\/strong> zu enthalten, was einem gro\u00dfz\u00fcgigen und f\u00fcr Ihre Kunden attraktiven Format entspricht.  <\/p>\n<p data-start=\"78\" data-end=\"486\">Diese <strong>Schachtel<\/strong> enth\u00e4lt im Inneren eine Pappplatte f\u00fcr eine bessere Pr\u00e4sentation.<\/p>\n<p data-start=\"488\" data-end=\"848\">Die aus hochwertigem <strong data-start=\"512\" data-end=\"543\">Hartplastik<\/strong> hergestellte Schachtel bietet einen ausgezeichneten Schutz vor Feuchtigkeit, St\u00f6\u00dfen und Staub. Ihr schlichtes und raffiniertes Design bietet einen professionellen Look, der sich perfekt f\u00fcr eine Boutique, ein Feinkostgesch\u00e4ft oder auch f\u00fcr den Einsatz bei Veranstaltungen wie Weihnachtsfeiern, Hochzeiten oder Firmengeschenken eignet. <\/p>\n<p data-start=\"850\" data-end=\"1218\">Diese <strong data-start=\"856\" data-end=\"876\">Schachtel mit Fruchtpasten<\/strong> ist auch f\u00fcr eine einfache Verpackung konzipiert: Sie l\u00e4sst sich schnell zusammenbauen, der Deckel schlie\u00dft sicher und das kompakte Format erleichtert die Aufbewahrung und den Transport. Sie k\u00f6nnen sie mit einer Schleife, einem Etikett oder Ihrem Logo personalisieren, um Ihr Markenimage zu st\u00e4rken und Ihre Kunden noch mehr zu begeistern. <\/p>\n<p data-start=\"1220\" data-end=\"1503\">Ob Sie nun ein Konditor, ein Chocolatier oder eine Privatperson sind, die ihre eigenen Kreationen verschenken m\u00f6chte, diese <strong data-start=\"1337\" data-end=\"1367\">Schachtel f\u00fcr Fruchtpasten<\/strong> stellt eine zuverl\u00e4ssige und \u00e4sthetische L\u00f6sung dar. Sie vereint Hygiene, Robustheit und Eleganz, um Ihre Leckereien bestm\u00f6glich zur Geltung zu bringen. <\/p>\n<p data-start=\"1423\" data-end=\"1694\"><!--more--><\/p>\n<h4 data-start=\"1423\" data-end=\"1694\">Vorteile :<\/h4>\n<ul>\n<li data-start=\"1423\" data-end=\"1694\">Ideales Format f\u00fcr <strong data-start=\"1546\" data-end=\"1574\">250 g Fruchtpasten.<\/strong><\/li>\n<li data-start=\"1423\" data-end=\"1694\"><strong data-start=\"1579\" data-end=\"1596\">Stabiler Kunststoff<\/strong> zum Schutz Ihrer Produkte.<\/li>\n<li data-start=\"1423\" data-end=\"1694\">Schlichtes, elegantes Design, das zu jedem Anlass passt.<\/li>\n<li data-start=\"1423\" data-end=\"1694\">Perfekt f\u00fcr die <strong data-start=\"1745\" data-end=\"1765\">Personalisierung<\/strong> (Band, Etikett).<\/li>\n<li data-start=\"1423\" data-end=\"1694\">Wertet Ihre handwerklichen Kreationen oder Feinschmeckergeschenke auf.<\/li>\n<\/ul>\n<p>&nbsp;<\/p>\n<p><!--more--><\/p>\n<h4>Weitere Informationen :<\/h4>\n<ul style=\"box-sizing: inherit; font-family: Roboto, sans-serif;\">\n<li><strong>Verpackung<\/strong>: Einzeln<\/li>\n<li><span style=\"font-weight: bold;\">Abmessungen<\/span>: 200 x 100 x 15 (L x B x H in mm)<\/li>\n<li><strong>Material<\/strong>: PVC-Kunststoff<\/li>\n<li><strong>Farbe<\/strong>: Kristallklar<\/li>\n<\/ul>\n<p>&nbsp;<\/p>\n<p><!--more--><\/p>\n<p>Dose auch in 375g erh\u00e4ltlich : <span style=\"color: #d12727;\"><a style=\"color: #d12727;\" href=\"https:\/\/www.csj-emballages.com\/de\/produit\/1-dose-fruchtpasten-375g\/\">BPF2<\/a><\/span><\/p>\n<p>&nbsp;<\/p>\n<p><!--more--><\/p>\n<p><a href=\"https:\/\/www.csj-emballages.com\/de\/produit\/1-dose-fruchtpasten-250g\/\">Sehen Sie sich den Rest unseres Sortiments an Schachteln mit Fruchtpaste an.<\/a><\/p>\n","protected":false},"excerpt":{"rendered":"<p>Schachtel mit Fruchtpasten Beschreibung unserer Dose Fruchtpasten 250g<\/p>\n","protected":false},"featured_media":242034,"template":"","meta":{"_acf_changed":false},"product_brand":[],"product_cat":[1137,1171,1728,2242],"product_tag":[],"class_list":{"0":"post-19877","1":"product","2":"type-product","3":"status-publish","4":"has-post-thumbnail","6":"product_cat-lebensmittelverpackungen","7":"product_cat-backerei-und-konditorei","8":"product_cat-macarons-schachteln-etuis","9":"product_cat-schachteln-mit-fruchtpasten","11":"first","12":"outofstock","13":"taxable","14":"shipping-taxable","15":"purchasable","16":"product-type-simple"},"acf":[],"yoast_head":"<!-- This site is optimized with the Yoast SEO Premium plugin v26.6 (Yoast SEO v26.6) - https:\/\/yoast.com\/wordpress\/plugins\/seo\/ -->\n<title>Dose Fruchtpasten 250g<\/title>\n<meta name=\"description\" content=\"Elegante Dose aus PVC-Kunststoff f\u00fcr 250 g Fruchtpasten. Stabil, praktisch und individuell gestaltbar, ideal, um Ihre selbstgemachten Leckereien aufzuwerten.\" \/>\n<meta name=\"robots\" content=\"index, follow, max-snippet:-1, max-image-preview:large, max-video-preview:-1\" \/>\n<link rel=\"canonical\" href=\"https:\/\/www.csj-emballages.com\/de\/produit\/1-dose-fruchtpasten-250g\/\" \/>\n<meta property=\"og:locale\" content=\"de_DE\" \/>\n<meta property=\"og:type\" content=\"article\" \/>\n<meta property=\"og:title\" content=\"Dose Fruchtpasten 250g\" \/>\n<meta property=\"og:description\" content=\"Elegante Dose aus PVC-Kunststoff f\u00fcr 250 g Fruchtpasten. Stabil, praktisch und individuell gestaltbar, ideal, um Ihre selbstgemachten Leckereien aufzuwerten.\" \/>\n<meta property=\"og:url\" content=\"https:\/\/www.csj-emballages.com\/de\/produit\/1-dose-fruchtpasten-250g\/\" \/>\n<meta property=\"og:site_name\" content=\"CSJ Emballages\" \/>\n<meta property=\"article:publisher\" content=\"https:\/\/www.facebook.com\/csjemballages\" \/>\n<meta property=\"article:modified_time\" content=\"2026-03-12T15:15:22+00:00\" \/>\n<meta property=\"og:image\" content=\"https:\/\/www.csj-emballages.com\/wp-content\/uploads\/2024\/03\/BPF1-2.webp\" \/>\n\t<meta property=\"og:image:width\" content=\"800\" \/>\n\t<meta property=\"og:image:height\" content=\"800\" \/>\n\t<meta property=\"og:image:type\" content=\"image\/webp\" \/>\n<meta name=\"twitter:card\" content=\"summary_large_image\" \/>\n<meta name=\"twitter:label1\" content=\"Gesch\u00e4tzte Lesezeit\" \/>\n\t<meta name=\"twitter:data1\" content=\"1\u00a0Minute\" \/>\n<script type=\"application\/ld+json\" class=\"yoast-schema-graph\">{\"@context\":\"https:\/\/schema.org\",\"@graph\":[{\"@type\":\"WebPage\",\"@id\":\"https:\/\/www.csj-emballages.com\/de\/produit\/1-dose-fruchtpasten-250g\/\",\"url\":\"https:\/\/www.csj-emballages.com\/de\/produit\/1-dose-fruchtpasten-250g\/\",\"name\":\"Dose Fruchtpasten 250g\",\"isPartOf\":{\"@id\":\"https:\/\/www.csj-emballages.com\/de\/#website\"},\"primaryImageOfPage\":{\"@id\":\"https:\/\/www.csj-emballages.com\/de\/produit\/1-dose-fruchtpasten-250g\/#primaryimage\"},\"image\":{\"@id\":\"https:\/\/www.csj-emballages.com\/de\/produit\/1-dose-fruchtpasten-250g\/#primaryimage\"},\"thumbnailUrl\":\"https:\/\/www.csj-emballages.com\/wp-content\/uploads\/2024\/03\/BPF1-2.webp\",\"datePublished\":\"2024-03-01T15:56:06+00:00\",\"dateModified\":\"2026-03-12T15:15:22+00:00\",\"description\":\"Elegante Dose aus PVC-Kunststoff f\u00fcr 250 g Fruchtpasten. Stabil, praktisch und individuell gestaltbar, ideal, um Ihre selbstgemachten Leckereien aufzuwerten.\",\"breadcrumb\":{\"@id\":\"https:\/\/www.csj-emballages.com\/de\/produit\/1-dose-fruchtpasten-250g\/#breadcrumb\"},\"inLanguage\":\"de\",\"potentialAction\":[{\"@type\":\"ReadAction\",\"target\":[\"https:\/\/www.csj-emballages.com\/de\/produit\/1-dose-fruchtpasten-250g\/\"]}]},{\"@type\":\"ImageObject\",\"inLanguage\":\"de\",\"@id\":\"https:\/\/www.csj-emballages.com\/de\/produit\/1-dose-fruchtpasten-250g\/#primaryimage\",\"url\":\"https:\/\/www.csj-emballages.com\/wp-content\/uploads\/2024\/03\/BPF1-2.webp\",\"contentUrl\":\"https:\/\/www.csj-emballages.com\/wp-content\/uploads\/2024\/03\/BPF1-2.webp\",\"width\":800,\"height\":800,\"caption\":\"Boite p\u00e2tes de fruits\"},{\"@type\":\"BreadcrumbList\",\"@id\":\"https:\/\/www.csj-emballages.com\/de\/produit\/1-dose-fruchtpasten-250g\/#breadcrumb\",\"itemListElement\":[{\"@type\":\"ListItem\",\"position\":1,\"name\":\"Accueil\",\"item\":\"https:\/\/www.csj-emballages.com\/de\/universum-lebensmittelverpackungen\/\"},{\"@type\":\"ListItem\",\"position\":2,\"name\":\"Shop\",\"item\":\"https:\/\/www.csj-emballages.com\/shop\/\"},{\"@type\":\"ListItem\",\"position\":3,\"name\":\"Dose Fruchtpasten 250g\"}]},{\"@type\":\"WebSite\",\"@id\":\"https:\/\/www.csj-emballages.com\/de\/#website\",\"url\":\"https:\/\/www.csj-emballages.com\/de\/\",\"name\":\"CSJ Emballages\",\"description\":\"\",\"publisher\":{\"@id\":\"https:\/\/www.csj-emballages.com\/de\/#organization\"},\"potentialAction\":[{\"@type\":\"SearchAction\",\"target\":{\"@type\":\"EntryPoint\",\"urlTemplate\":\"https:\/\/www.csj-emballages.com\/de\/?s={search_term_string}\"},\"query-input\":{\"@type\":\"PropertyValueSpecification\",\"valueRequired\":true,\"valueName\":\"search_term_string\"}}],\"inLanguage\":\"de\"},{\"@type\":\"Organization\",\"@id\":\"https:\/\/www.csj-emballages.com\/de\/#Organization\/\",\"name\":\"CSJ Emballages\",\"url\":\"https:\/\/www.csj-emballages.com\/de\/\",\"logo\":{\"@type\":\"ImageObject\",\"inLanguage\":\"de\",\"@id\":\"https:\/\/www.csj-emballages.com\/de\/#\/schema\/logo\/image\/\",\"url\":\"https:\/\/www.csj-emballages.com\/wp-content\/uploads\/2023\/10\/logo_csj.webp\",\"contentUrl\":\"https:\/\/www.csj-emballages.com\/wp-content\/uploads\/2023\/10\/logo_csj.webp\",\"width\":250,\"height\":95,\"caption\":\"CSJ Emballages\"},\"image\":{\"@id\":\"https:\/\/www.csj-emballages.com\/de\/#\/schema\/logo\/image\/\"},\"sameAs\":[\"https:\/\/www.facebook.com\/csjemballages\"],\"address\":{\"@type\":\"PostalAddress\",\"streetAddress\":\"ZI La Lechere\",\"addressLocality\":\"Patornay\",\"postalCode\":\"39130\",\"addressCountry\":\"FR\"},\"contactPoint\":[{\"@type\":\"ContactPoint\",\"contactType\":\"Service client\",\"telephone\":\"0384254272\",\"email\":\"contact@csj-emballages.com\"}]}]}<\/script>\n<!-- \/ Yoast SEO Premium plugin. -->","yoast_head_json":{"title":"Dose Fruchtpasten 250g","description":"Elegante Dose aus PVC-Kunststoff f\u00fcr 250 g Fruchtpasten. Stabil, praktisch und individuell gestaltbar, ideal, um Ihre selbstgemachten Leckereien aufzuwerten.","robots":{"index":"index","follow":"follow","max-snippet":"max-snippet:-1","max-image-preview":"max-image-preview:large","max-video-preview":"max-video-preview:-1"},"canonical":"https:\/\/www.csj-emballages.com\/de\/produit\/1-dose-fruchtpasten-250g\/","og_locale":"de_DE","og_type":"article","og_title":"Dose Fruchtpasten 250g","og_description":"Elegante Dose aus PVC-Kunststoff f\u00fcr 250 g Fruchtpasten. Stabil, praktisch und individuell gestaltbar, ideal, um Ihre selbstgemachten Leckereien aufzuwerten.","og_url":"https:\/\/www.csj-emballages.com\/de\/produit\/1-dose-fruchtpasten-250g\/","og_site_name":"CSJ Emballages","article_publisher":"https:\/\/www.facebook.com\/csjemballages","article_modified_time":"2026-03-12T15:15:22+00:00","og_image":[{"width":800,"height":800,"url":"https:\/\/www.csj-emballages.com\/wp-content\/uploads\/2024\/03\/BPF1-2.webp","type":"image\/webp"}],"twitter_card":"summary_large_image","twitter_misc":{"Gesch\u00e4tzte Lesezeit":"1\u00a0Minute"},"schema":{"@context":"https:\/\/schema.org","@graph":[{"@type":"WebPage","@id":"https:\/\/www.csj-emballages.com\/de\/produit\/1-dose-fruchtpasten-250g\/","url":"https:\/\/www.csj-emballages.com\/de\/produit\/1-dose-fruchtpasten-250g\/","name":"Dose Fruchtpasten 250g","isPartOf":{"@id":"https:\/\/www.csj-emballages.com\/de\/#website"},"primaryImageOfPage":{"@id":"https:\/\/www.csj-emballages.com\/de\/produit\/1-dose-fruchtpasten-250g\/#primaryimage"},"image":{"@id":"https:\/\/www.csj-emballages.com\/de\/produit\/1-dose-fruchtpasten-250g\/#primaryimage"},"thumbnailUrl":"https:\/\/www.csj-emballages.com\/wp-content\/uploads\/2024\/03\/BPF1-2.webp","datePublished":"2024-03-01T15:56:06+00:00","dateModified":"2026-03-12T15:15:22+00:00","description":"Elegante Dose aus PVC-Kunststoff f\u00fcr 250 g Fruchtpasten. Stabil, praktisch und individuell gestaltbar, ideal, um Ihre selbstgemachten Leckereien aufzuwerten.","breadcrumb":{"@id":"https:\/\/www.csj-emballages.com\/de\/produit\/1-dose-fruchtpasten-250g\/#breadcrumb"},"inLanguage":"de","potentialAction":[{"@type":"ReadAction","target":["https:\/\/www.csj-emballages.com\/de\/produit\/1-dose-fruchtpasten-250g\/"]}]},{"@type":"ImageObject","inLanguage":"de","@id":"https:\/\/www.csj-emballages.com\/de\/produit\/1-dose-fruchtpasten-250g\/#primaryimage","url":"https:\/\/www.csj-emballages.com\/wp-content\/uploads\/2024\/03\/BPF1-2.webp","contentUrl":"https:\/\/www.csj-emballages.com\/wp-content\/uploads\/2024\/03\/BPF1-2.webp","width":800,"height":800,"caption":"Boite p\u00e2tes de fruits"},{"@type":"BreadcrumbList","@id":"https:\/\/www.csj-emballages.com\/de\/produit\/1-dose-fruchtpasten-250g\/#breadcrumb","itemListElement":[{"@type":"ListItem","position":1,"name":"Accueil","item":"https:\/\/www.csj-emballages.com\/de\/universum-lebensmittelverpackungen\/"},{"@type":"ListItem","position":2,"name":"Shop","item":"https:\/\/www.csj-emballages.com\/shop\/"},{"@type":"ListItem","position":3,"name":"Dose Fruchtpasten 250g"}]},{"@type":"WebSite","@id":"https:\/\/www.csj-emballages.com\/de\/#website","url":"https:\/\/www.csj-emballages.com\/de\/","name":"CSJ Emballages","description":"","publisher":{"@id":"https:\/\/www.csj-emballages.com\/de\/#organization"},"potentialAction":[{"@type":"SearchAction","target":{"@type":"EntryPoint","urlTemplate":"https:\/\/www.csj-emballages.com\/de\/?s={search_term_string}"},"query-input":{"@type":"PropertyValueSpecification","valueRequired":true,"valueName":"search_term_string"}}],"inLanguage":"de"},{"@type":"Organization","@id":"https:\/\/www.csj-emballages.com\/de\/#Organization\/","name":"CSJ Emballages","url":"https:\/\/www.csj-emballages.com\/de\/","logo":{"@type":"ImageObject","inLanguage":"de","@id":"https:\/\/www.csj-emballages.com\/de\/#\/schema\/logo\/image\/","url":"https:\/\/www.csj-emballages.com\/wp-content\/uploads\/2023\/10\/logo_csj.webp","contentUrl":"https:\/\/www.csj-emballages.com\/wp-content\/uploads\/2023\/10\/logo_csj.webp","width":250,"height":95,"caption":"CSJ Emballages"},"image":{"@id":"https:\/\/www.csj-emballages.com\/de\/#\/schema\/logo\/image\/"},"sameAs":["https:\/\/www.facebook.com\/csjemballages"],"address":{"@type":"PostalAddress","streetAddress":"ZI La Lechere","addressLocality":"Patornay","postalCode":"39130","addressCountry":"FR"},"contactPoint":[{"@type":"ContactPoint","contactType":"Service client","telephone":"0384254272","email":"contact@csj-emballages.com"}]}]}},"df_price":2.4,"df_sale_price":"","df_regular_price":2.4,"df_image_link":"https:\/\/www.csj-emballages.com\/wp-content\/uploads\/2024\/03\/BPF1-2-300x300.webp","tiered_pricing_type":"fixed","tiered_pricing_fixed_rules":[],"tiered_pricing_percentage_rules":[],"tiered_pricing_minimum":1,"tiered_pricing_roles_data":[],"_links":{"self":[{"href":"https:\/\/www.csj-emballages.com\/de\/wp-json\/wp\/v2\/product\/19877","targetHints":{"allow":["GET"]}}],"collection":[{"href":"https:\/\/www.csj-emballages.com\/de\/wp-json\/wp\/v2\/product"}],"about":[{"href":"https:\/\/www.csj-emballages.com\/de\/wp-json\/wp\/v2\/types\/product"}],"wp:featuredmedia":[{"embeddable":true,"href":"https:\/\/www.csj-emballages.com\/de\/wp-json\/wp\/v2\/media\/242034"}],"wp:attachment":[{"href":"https:\/\/www.csj-emballages.com\/de\/wp-json\/wp\/v2\/media?parent=19877"}],"wp:term":[{"taxonomy":"product_brand","embeddable":true,"href":"https:\/\/www.csj-emballages.com\/de\/wp-json\/wp\/v2\/product_brand?post=19877"},{"taxonomy":"product_cat","embeddable":true,"href":"https:\/\/www.csj-emballages.com\/de\/wp-json\/wp\/v2\/product_cat?post=19877"},{"taxonomy":"product_tag","embeddable":true,"href":"https:\/\/www.csj-emballages.com\/de\/wp-json\/wp\/v2\/product_tag?post=19877"}],"curies":[{"name":"wp","href":"https:\/\/api.w.org\/{rel}","templated":true}]}}