{"id":19868,"date":"2024-03-01T16:56:07","date_gmt":"2024-03-01T15:56:07","guid":{"rendered":"https:\/\/u15jnbdpoq.preview.infomaniak.website\/produit\/100-pizzakartons-26-x-26-x-4-cm\/"},"modified":"2026-05-01T02:11:08","modified_gmt":"2026-05-01T00:11:08","slug":"100-pizzakartons-26-x-26-x-4-cm","status":"publish","type":"product","link":"https:\/\/www.csj-emballages.com\/de\/produit\/100-pizzakartons-26-x-26-x-4-cm\/","title":{"rendered":"Pizzakarton 26 x 26 x 4 cm pro 100"},"content":{"rendered":"<h2>Pizzaschachtel<\/h2>\n<hr>\n<h3>Beschreibung unserer Pizzaschachtel 26 x 26 x 4 cm pro 100<\/h3>\n<p><!--more--><\/p>\n<p data-start=\"213\" data-end=\"569\">Wenn Sie einen zuverl\u00e4ssigen, stabilen und alltagstauglichen <strong>Pizzakarton<\/strong> suchen, ist diese <strong data-start=\"306\" data-end=\"330\">Schachtel mit den Ma\u00dfen 26 x 26 x 4 cm<\/strong> genau das Richtige f\u00fcr Sie. Sie hat die perfekte Gr\u00f6\u00dfe f\u00fcr eine <g id=\"gid_2\">einzelne Pizza<\/g> oder eine <g id=\"gid_3\">kleine Pizza zum Teilen,<\/g> und vor allem liegt sie super gut in der Hand. Nichts wird zerdr\u00fcckt, nichts wellt sich, selbst wenn die Pizza gerade aus dem Ofen kommt.  <\/p>\n<p data-start=\"571\" data-end=\"976\">Da sie aus festem <strong>Karton<\/strong> hergestellt wird, ist sie sehr hitzebest\u00e4ndig. Das Ergebnis: Ihre Pizza bleibt fest an Ort und Stelle, wird nicht weich und kommt mit einem immer knusprigen Boden beim Kunden an. Dank des einfachen Verschlusssystems verpacken Sie in Sekundenschnelle, ohne mit einer launischen Lasche oder einem rei\u00dfenden Karton zu k\u00e4mpfen. Es ist fl\u00fcssig, schnell, effizient&#8230; kurz gesagt, perfekt f\u00fcr den Ansturm.   <\/p>\n<p data-start=\"978\" data-end=\"1305\">Und das ist noch nicht alles. Da der Karton mikrogerippt ist, wird die Kondensation eingeschr\u00e4nkt. Es gibt also keine durchweichte Pizza oder Pizza, die ihre Textur verliert. Wenn Ihr Kunde den Karton \u00f6ffnet, findet er eine noch warme, appetitliche Pizza mit all ihren guten Ger\u00fcchen vor. Das verbessert das Erlebnis und macht sich direkt in der Zufriedenheit bemerkbar.    <\/p>\n<p data-start=\"1536\" data-end=\"1725\">Ob Pizzeria, Imbiss, Foodtruck oder Restaurant mit Take-away-Service &#8211; mit diesem <strong>Set aus 100 Boxen<\/strong> k\u00f6nnen Sie Ihre Bestellungen stressfrei abwickeln und dabei eine gleichbleibende Qualit\u00e4t gew\u00e4hrleisten.<\/p>\n<p><!--more--><\/p>\n<h4><strong>Vorteile :<\/strong><\/h4>\n<ul>\n<li data-start=\"1753\" data-end=\"1801\">Stabiler Karton, der die Pizza knusprig h\u00e4lt.<\/li>\n<li data-start=\"1804\" data-end=\"1845\">Ideale Gr\u00f6\u00dfe f\u00fcr einzelne Pizzen.<\/li>\n<li data-start=\"1848\" data-end=\"1878\">Schneller und praktischer Verschluss.<\/li>\n<li data-start=\"1881\" data-end=\"1929\">Dieser Pizzakarton ist hitzebest\u00e4ndig und begrenzt die Kondensation.<\/li>\n<li data-start=\"1932\" data-end=\"1956\">Einfach anzupassen.<\/li>\n<li data-start=\"1959\" data-end=\"2012\"><strong>100er-Pack<\/strong>: Perfekt f\u00fcr Profis und sehr kosteng\u00fcnstig.<\/li>\n<\/ul>\n<p>&nbsp;<\/p>\n<p><!--more--><\/p>\n<h4>Weitere Informationen :<\/h4>\n<ul>\n<li><strong>Verpackung<\/strong>: Packung mit 100 St\u00fcck<\/li>\n<li><strong>Ma\u00dfe<\/strong>: 26 x 26 x 4 cm<\/li>\n<li><strong>Material<\/strong>: Karton<\/li>\n<\/ul>\n<p>&nbsp;<\/p>\n<p><!--more--><\/p>\n<p>Hier finden Sie unser Pizza-Stativ : <span style=\"color: #d12727;\"><a style=\"color: #d12727;\" href=\"https:\/\/www.csj-emballages.com\/pt-pt\/produit\/200-tripes-de-plastico-para-pizza-37-mm\/\">PP<\/a><\/span><\/p>\n<p>&nbsp;<\/p>\n<p><!--more--><\/p>\n<p>Diese Pizzaschachtel ist in verschiedenen Gr\u00f6\u00dfen erh\u00e4ltlich: <span style=\"color: #d12727;\"><a style=\"color: #d12727;\" href=\"https:\/\/www.csj-emballages.com\/pt-pt\/produit\/100-caixas-de-pizza-29-x-29-x-4-cm-2\/\">29 x 29 x 4 cm<\/a> <\/span>\/ <span style=\"color: #d12727;\"><a style=\"color: #d12727;\" href=\"https:\/\/www.csj-emballages.com\/produit\/100-boites-a-pizza-31-x-31-x-4-cm\/\">31 x 31 x 4 cm<\/a><\/span> \/ <span style=\"color: #d12727;\"><a style=\"color: #d12727;\" href=\"https:\/\/www.csj-emballages.com\/produit\/100-boites-a-pizza-33-x-33-x-4-cm\/\">33 x 33 x 4 cm<\/a><\/span> \/ <span style=\"color: #d12727;\"><a style=\"color: #d12727;\" href=\"https:\/\/www.csj-emballages.com\/produit\/100-boites-a-pizza-40-x-40-x-4-cm\/\">40 x 40 x 4 cm<\/a><\/span><\/p>\n<p>&nbsp;<\/p>\n<p><!--more--><\/p>\n<p><a href=\"https:\/\/www.csj-emballages.com\/de\/categorie-produit\/lebensmittelverpackungen\/restauration-de\/dosen-schalen-beutel-konen\/pizzakartons\/\">Sehen Sie sich den Rest unseres Sortiments an Pizzakartons an<\/a><\/p>\n","protected":false},"excerpt":{"rendered":"<p>Pizzaschachtel Beschreibung unserer Pizzaschachtel 26 x 26 x 4 cm pro 100<\/p>\n","protected":false},"featured_media":8035,"template":"","meta":{"_acf_changed":false},"product_brand":[],"product_cat":[1137,1134,2234],"product_tag":[],"class_list":{"0":"post-19868","1":"product","2":"type-product","3":"status-publish","4":"has-post-thumbnail","6":"product_cat-lebensmittelverpackungen","7":"product_cat-restauration-de","8":"product_cat-pizzakartons","10":"first","11":"instock","12":"taxable","13":"shipping-taxable","14":"purchasable","15":"product-type-simple"},"acf":[],"yoast_head":"<!-- This site is optimized with the Yoast SEO Premium plugin v26.6 (Yoast SEO v26.6) - https:\/\/yoast.com\/wordpress\/plugins\/seo\/ -->\n<title>Pizzabox 26 x 26 x 4 cm pro 100<\/title>\n<meta name=\"description\" content=\"Pizzakarton 26 x 26 x 4 cm pro 100 St\u00fcck. Stabil, praktisch und so konzipiert, dass die Pizza warm und knusprig bleibt. Ideal f\u00fcr Pizzerien und zum Mitnehmen.\" \/>\n<meta name=\"robots\" content=\"index, follow, max-snippet:-1, max-image-preview:large, max-video-preview:-1\" \/>\n<link rel=\"canonical\" href=\"https:\/\/www.csj-emballages.com\/de\/produit\/100-pizzakartons-26-x-26-x-4-cm\/\" \/>\n<meta property=\"og:locale\" content=\"de_DE\" \/>\n<meta property=\"og:type\" content=\"article\" \/>\n<meta property=\"og:title\" content=\"Pizzakarton 26 x 26 x 4 cm pro 100\" \/>\n<meta property=\"og:description\" content=\"Pizzakarton 26 x 26 x 4 cm pro 100 St\u00fcck. Stabil, praktisch und so konzipiert, dass die Pizza warm und knusprig bleibt. Ideal f\u00fcr Pizzerien und zum Mitnehmen.\" \/>\n<meta property=\"og:url\" content=\"https:\/\/www.csj-emballages.com\/de\/produit\/100-pizzakartons-26-x-26-x-4-cm\/\" \/>\n<meta property=\"og:site_name\" content=\"CSJ Emballages\" \/>\n<meta property=\"article:publisher\" content=\"https:\/\/www.facebook.com\/csjemballages\" \/>\n<meta property=\"article:modified_time\" content=\"2026-05-01T00:11:08+00:00\" \/>\n<meta property=\"og:image\" content=\"https:\/\/www.csj-emballages.com\/wp-content\/uploads\/2024\/03\/boite-pizza-carre-carton-qualite-pas-cher-discount-csj-emballages-zoom-3-jpg.webp\" \/>\n\t<meta property=\"og:image:width\" content=\"800\" \/>\n\t<meta property=\"og:image:height\" content=\"800\" \/>\n\t<meta property=\"og:image:type\" content=\"image\/jpeg\" \/>\n<meta name=\"twitter:card\" content=\"summary_large_image\" \/>\n<meta name=\"twitter:label1\" content=\"Gesch\u00e4tzte Lesezeit\" \/>\n\t<meta name=\"twitter:data1\" content=\"2 Minuten\" \/>\n<script type=\"application\/ld+json\" class=\"yoast-schema-graph\">{\"@context\":\"https:\/\/schema.org\",\"@graph\":[{\"@type\":\"WebPage\",\"@id\":\"https:\/\/www.csj-emballages.com\/de\/produit\/100-pizzakartons-26-x-26-x-4-cm\/\",\"url\":\"https:\/\/www.csj-emballages.com\/de\/produit\/100-pizzakartons-26-x-26-x-4-cm\/\",\"name\":\"Pizzabox 26 x 26 x 4 cm pro 100\",\"isPartOf\":{\"@id\":\"https:\/\/www.csj-emballages.com\/de\/#website\"},\"primaryImageOfPage\":{\"@id\":\"https:\/\/www.csj-emballages.com\/de\/produit\/100-pizzakartons-26-x-26-x-4-cm\/#primaryimage\"},\"image\":{\"@id\":\"https:\/\/www.csj-emballages.com\/de\/produit\/100-pizzakartons-26-x-26-x-4-cm\/#primaryimage\"},\"thumbnailUrl\":\"https:\/\/www.csj-emballages.com\/wp-content\/uploads\/2024\/03\/boite-pizza-carre-carton-qualite-pas-cher-discount-csj-emballages-zoom-3-jpg.webp\",\"datePublished\":\"2024-03-01T15:56:07+00:00\",\"dateModified\":\"2026-05-01T00:11:08+00:00\",\"description\":\"Pizzakarton 26 x 26 x 4 cm pro 100 St\u00fcck. Stabil, praktisch und so konzipiert, dass die Pizza warm und knusprig bleibt. Ideal f\u00fcr Pizzerien und zum Mitnehmen.\",\"breadcrumb\":{\"@id\":\"https:\/\/www.csj-emballages.com\/de\/produit\/100-pizzakartons-26-x-26-x-4-cm\/#breadcrumb\"},\"inLanguage\":\"de\",\"potentialAction\":[{\"@type\":\"ReadAction\",\"target\":[\"https:\/\/www.csj-emballages.com\/de\/produit\/100-pizzakartons-26-x-26-x-4-cm\/\"]}]},{\"@type\":\"ImageObject\",\"inLanguage\":\"de\",\"@id\":\"https:\/\/www.csj-emballages.com\/de\/produit\/100-pizzakartons-26-x-26-x-4-cm\/#primaryimage\",\"url\":\"https:\/\/www.csj-emballages.com\/wp-content\/uploads\/2024\/03\/boite-pizza-carre-carton-qualite-pas-cher-discount-csj-emballages-zoom-3-jpg.webp\",\"contentUrl\":\"https:\/\/www.csj-emballages.com\/wp-content\/uploads\/2024\/03\/boite-pizza-carre-carton-qualite-pas-cher-discount-csj-emballages-zoom-3-jpg.webp\",\"width\":800,\"height\":800,\"caption\":\"Bo\u00eete \u00e0 pizza 26 x 26 x 4 cm par 100. Solide, pratique et pens\u00e9e pour garder la pizza chaude et croustillante. Id\u00e9ale pour pizzerias et vente \u00e0 emporter.\"},{\"@type\":\"BreadcrumbList\",\"@id\":\"https:\/\/www.csj-emballages.com\/de\/produit\/100-pizzakartons-26-x-26-x-4-cm\/#breadcrumb\",\"itemListElement\":[{\"@type\":\"ListItem\",\"position\":1,\"name\":\"Accueil\",\"item\":\"https:\/\/www.csj-emballages.com\/de\/universum-lebensmittelverpackungen\/\"},{\"@type\":\"ListItem\",\"position\":2,\"name\":\"Shop\",\"item\":\"https:\/\/www.csj-emballages.com\/shop\/\"},{\"@type\":\"ListItem\",\"position\":3,\"name\":\"Pizzakarton 26 x 26 x 4 cm pro 100\"}]},{\"@type\":\"WebSite\",\"@id\":\"https:\/\/www.csj-emballages.com\/de\/#website\",\"url\":\"https:\/\/www.csj-emballages.com\/de\/\",\"name\":\"CSJ Emballages\",\"description\":\"\",\"publisher\":{\"@id\":\"https:\/\/www.csj-emballages.com\/de\/#organization\"},\"potentialAction\":[{\"@type\":\"SearchAction\",\"target\":{\"@type\":\"EntryPoint\",\"urlTemplate\":\"https:\/\/www.csj-emballages.com\/de\/?s={search_term_string}\"},\"query-input\":{\"@type\":\"PropertyValueSpecification\",\"valueRequired\":true,\"valueName\":\"search_term_string\"}}],\"inLanguage\":\"de\"},{\"@type\":\"Organization\",\"@id\":\"https:\/\/www.csj-emballages.com\/de\/#Organization\/\",\"name\":\"CSJ Emballages\",\"url\":\"https:\/\/www.csj-emballages.com\/de\/\",\"logo\":{\"@type\":\"ImageObject\",\"inLanguage\":\"de\",\"@id\":\"https:\/\/www.csj-emballages.com\/de\/#\/schema\/logo\/image\/\",\"url\":\"https:\/\/www.csj-emballages.com\/wp-content\/uploads\/2023\/10\/logo_csj.webp\",\"contentUrl\":\"https:\/\/www.csj-emballages.com\/wp-content\/uploads\/2023\/10\/logo_csj.webp\",\"width\":250,\"height\":95,\"caption\":\"CSJ Emballages\"},\"image\":{\"@id\":\"https:\/\/www.csj-emballages.com\/de\/#\/schema\/logo\/image\/\"},\"sameAs\":[\"https:\/\/www.facebook.com\/csjemballages\"],\"address\":{\"@type\":\"PostalAddress\",\"streetAddress\":\"ZI La Lechere\",\"addressLocality\":\"Patornay\",\"postalCode\":\"39130\",\"addressCountry\":\"FR\"},\"contactPoint\":[{\"@type\":\"ContactPoint\",\"contactType\":\"Service client\",\"telephone\":\"0384254272\",\"email\":\"contact@csj-emballages.com\"}]}]}<\/script>\n<!-- \/ Yoast SEO Premium plugin. -->","yoast_head_json":{"title":"Pizzabox 26 x 26 x 4 cm pro 100","description":"Pizzakarton 26 x 26 x 4 cm pro 100 St\u00fcck. Stabil, praktisch und so konzipiert, dass die Pizza warm und knusprig bleibt. Ideal f\u00fcr Pizzerien und zum Mitnehmen.","robots":{"index":"index","follow":"follow","max-snippet":"max-snippet:-1","max-image-preview":"max-image-preview:large","max-video-preview":"max-video-preview:-1"},"canonical":"https:\/\/www.csj-emballages.com\/de\/produit\/100-pizzakartons-26-x-26-x-4-cm\/","og_locale":"de_DE","og_type":"article","og_title":"Pizzakarton 26 x 26 x 4 cm pro 100","og_description":"Pizzakarton 26 x 26 x 4 cm pro 100 St\u00fcck. Stabil, praktisch und so konzipiert, dass die Pizza warm und knusprig bleibt. Ideal f\u00fcr Pizzerien und zum Mitnehmen.","og_url":"https:\/\/www.csj-emballages.com\/de\/produit\/100-pizzakartons-26-x-26-x-4-cm\/","og_site_name":"CSJ Emballages","article_publisher":"https:\/\/www.facebook.com\/csjemballages","article_modified_time":"2026-05-01T00:11:08+00:00","og_image":[{"width":800,"height":800,"url":"https:\/\/www.csj-emballages.com\/wp-content\/uploads\/2024\/03\/boite-pizza-carre-carton-qualite-pas-cher-discount-csj-emballages-zoom-3-jpg.webp","type":"image\/jpeg"}],"twitter_card":"summary_large_image","twitter_misc":{"Gesch\u00e4tzte Lesezeit":"2 Minuten"},"schema":{"@context":"https:\/\/schema.org","@graph":[{"@type":"WebPage","@id":"https:\/\/www.csj-emballages.com\/de\/produit\/100-pizzakartons-26-x-26-x-4-cm\/","url":"https:\/\/www.csj-emballages.com\/de\/produit\/100-pizzakartons-26-x-26-x-4-cm\/","name":"Pizzabox 26 x 26 x 4 cm pro 100","isPartOf":{"@id":"https:\/\/www.csj-emballages.com\/de\/#website"},"primaryImageOfPage":{"@id":"https:\/\/www.csj-emballages.com\/de\/produit\/100-pizzakartons-26-x-26-x-4-cm\/#primaryimage"},"image":{"@id":"https:\/\/www.csj-emballages.com\/de\/produit\/100-pizzakartons-26-x-26-x-4-cm\/#primaryimage"},"thumbnailUrl":"https:\/\/www.csj-emballages.com\/wp-content\/uploads\/2024\/03\/boite-pizza-carre-carton-qualite-pas-cher-discount-csj-emballages-zoom-3-jpg.webp","datePublished":"2024-03-01T15:56:07+00:00","dateModified":"2026-05-01T00:11:08+00:00","description":"Pizzakarton 26 x 26 x 4 cm pro 100 St\u00fcck. Stabil, praktisch und so konzipiert, dass die Pizza warm und knusprig bleibt. Ideal f\u00fcr Pizzerien und zum Mitnehmen.","breadcrumb":{"@id":"https:\/\/www.csj-emballages.com\/de\/produit\/100-pizzakartons-26-x-26-x-4-cm\/#breadcrumb"},"inLanguage":"de","potentialAction":[{"@type":"ReadAction","target":["https:\/\/www.csj-emballages.com\/de\/produit\/100-pizzakartons-26-x-26-x-4-cm\/"]}]},{"@type":"ImageObject","inLanguage":"de","@id":"https:\/\/www.csj-emballages.com\/de\/produit\/100-pizzakartons-26-x-26-x-4-cm\/#primaryimage","url":"https:\/\/www.csj-emballages.com\/wp-content\/uploads\/2024\/03\/boite-pizza-carre-carton-qualite-pas-cher-discount-csj-emballages-zoom-3-jpg.webp","contentUrl":"https:\/\/www.csj-emballages.com\/wp-content\/uploads\/2024\/03\/boite-pizza-carre-carton-qualite-pas-cher-discount-csj-emballages-zoom-3-jpg.webp","width":800,"height":800,"caption":"Bo\u00eete \u00e0 pizza 26 x 26 x 4 cm par 100. Solide, pratique et pens\u00e9e pour garder la pizza chaude et croustillante. Id\u00e9ale pour pizzerias et vente \u00e0 emporter."},{"@type":"BreadcrumbList","@id":"https:\/\/www.csj-emballages.com\/de\/produit\/100-pizzakartons-26-x-26-x-4-cm\/#breadcrumb","itemListElement":[{"@type":"ListItem","position":1,"name":"Accueil","item":"https:\/\/www.csj-emballages.com\/de\/universum-lebensmittelverpackungen\/"},{"@type":"ListItem","position":2,"name":"Shop","item":"https:\/\/www.csj-emballages.com\/shop\/"},{"@type":"ListItem","position":3,"name":"Pizzakarton 26 x 26 x 4 cm pro 100"}]},{"@type":"WebSite","@id":"https:\/\/www.csj-emballages.com\/de\/#website","url":"https:\/\/www.csj-emballages.com\/de\/","name":"CSJ Emballages","description":"","publisher":{"@id":"https:\/\/www.csj-emballages.com\/de\/#organization"},"potentialAction":[{"@type":"SearchAction","target":{"@type":"EntryPoint","urlTemplate":"https:\/\/www.csj-emballages.com\/de\/?s={search_term_string}"},"query-input":{"@type":"PropertyValueSpecification","valueRequired":true,"valueName":"search_term_string"}}],"inLanguage":"de"},{"@type":"Organization","@id":"https:\/\/www.csj-emballages.com\/de\/#Organization\/","name":"CSJ Emballages","url":"https:\/\/www.csj-emballages.com\/de\/","logo":{"@type":"ImageObject","inLanguage":"de","@id":"https:\/\/www.csj-emballages.com\/de\/#\/schema\/logo\/image\/","url":"https:\/\/www.csj-emballages.com\/wp-content\/uploads\/2023\/10\/logo_csj.webp","contentUrl":"https:\/\/www.csj-emballages.com\/wp-content\/uploads\/2023\/10\/logo_csj.webp","width":250,"height":95,"caption":"CSJ Emballages"},"image":{"@id":"https:\/\/www.csj-emballages.com\/de\/#\/schema\/logo\/image\/"},"sameAs":["https:\/\/www.facebook.com\/csjemballages"],"address":{"@type":"PostalAddress","streetAddress":"ZI La Lechere","addressLocality":"Patornay","postalCode":"39130","addressCountry":"FR"},"contactPoint":[{"@type":"ContactPoint","contactType":"Service client","telephone":"0384254272","email":"contact@csj-emballages.com"}]}]}},"df_price":22.73,"df_sale_price":"","df_regular_price":22.73,"df_image_link":"https:\/\/www.csj-emballages.com\/wp-content\/uploads\/2024\/03\/boite-pizza-carre-carton-qualite-pas-cher-discount-csj-emballages-zoom-3-300x300.webp","tiered_pricing_type":"fixed","tiered_pricing_fixed_rules":[],"tiered_pricing_percentage_rules":[],"tiered_pricing_minimum":1,"tiered_pricing_roles_data":[],"_links":{"self":[{"href":"https:\/\/www.csj-emballages.com\/de\/wp-json\/wp\/v2\/product\/19868","targetHints":{"allow":["GET"]}}],"collection":[{"href":"https:\/\/www.csj-emballages.com\/de\/wp-json\/wp\/v2\/product"}],"about":[{"href":"https:\/\/www.csj-emballages.com\/de\/wp-json\/wp\/v2\/types\/product"}],"wp:featuredmedia":[{"embeddable":true,"href":"https:\/\/www.csj-emballages.com\/de\/wp-json\/wp\/v2\/media\/8035"}],"wp:attachment":[{"href":"https:\/\/www.csj-emballages.com\/de\/wp-json\/wp\/v2\/media?parent=19868"}],"wp:term":[{"taxonomy":"product_brand","embeddable":true,"href":"https:\/\/www.csj-emballages.com\/de\/wp-json\/wp\/v2\/product_brand?post=19868"},{"taxonomy":"product_cat","embeddable":true,"href":"https:\/\/www.csj-emballages.com\/de\/wp-json\/wp\/v2\/product_cat?post=19868"},{"taxonomy":"product_tag","embeddable":true,"href":"https:\/\/www.csj-emballages.com\/de\/wp-json\/wp\/v2\/product_tag?post=19868"}],"curies":[{"name":"wp","href":"https:\/\/api.w.org\/{rel}","templated":true}]}}