{"id":19849,"date":"2024-03-01T16:56:09","date_gmt":"2024-03-01T15:56:09","guid":{"rendered":"https:\/\/u15jnbdpoq.preview.infomaniak.website\/produit\/100-weisse-einwegschalen-aus-kunststoff-heisser-gebrauch-400-ml\/"},"modified":"2026-04-04T02:11:11","modified_gmt":"2026-04-04T00:11:11","slug":"100-weisse-einwegschalen-aus-kunststoff-heisser-gebrauch-400-ml","status":"publish","type":"product","link":"https:\/\/www.csj-emballages.com\/de\/produit\/100-weisse-einwegschalen-aus-kunststoff-heisser-gebrauch-400-ml\/","title":{"rendered":"Wiederverwendbare Plastiksch\u00fcssel wei\u00df 400 ml pro 100"},"content":{"rendered":"<h2>Plastiksch\u00fcssel<\/h2>\n<hr>\n<h3>Beschreibung unserer wiederverwendbaren Plastiksch\u00fcssel wei\u00df 400 ml pro 100<\/h3>\n<p><!--more--><\/p>\n<p data-start=\"302\" data-end=\"660\">Einfach, praktisch und effizient: Diese <strong data-start=\"336\" data-end=\"382\">wei\u00dfe, wiederverwendbare 400-ml-Plastiksch\u00fcssel<\/strong> geh\u00f6rt eindeutig zu den unverzichtbaren Helfern, die das t\u00e4gliche Servieren erleichtern. Mit ihrem Format, das weder zu gro\u00df noch zu klein ist, eignet sie sich f\u00fcr eine Vielzahl von Verwendungszwecken. Ob Salate, Desserts, Beilagen, So\u00dfen oder Einzelportionen, alles findet darin leicht seinen Platz.  <\/p>\n<p data-start=\"662\" data-end=\"1024\">Das <strong>schlichte<\/strong> <strong>wei\u00dfe<\/strong> <strong>Design<\/strong> sorgt f\u00fcr eine saubere und gepflegte Pr\u00e4sentation, ohne dem Inhalt die Schau zu stehlen. Ob f\u00fcr einen schnellen Service, eine Veranstaltung, ein Buffet oder den Einsatz in der Gemeinschaftsverpflegung &#8211; diese <g id=\"gid_2\">Sch\u00fcssel<\/g> passt \u00fcberall hin. Ebenso sorgt ihre leicht gerippte Form f\u00fcr einen guten Griff und verhindert ein Ausrutschen, wenn das Servieren schneller wird.  <\/p>\n<p data-start=\"1026\" data-end=\"1396\">Da er aus <strong>wiederverwendbarem Kunststoff<\/strong> hergestellt ist, h\u00e4lt er auch wiederholter Handhabung gut stand. Sie k\u00f6nnen es problemlos stapeln, leicht transportieren und Ihren Lagerraum optimal nutzen. Das spart Zeit und Organisation, vor allem bei gro\u00dfen Mengen. Und mit einem <strong data-start=\"1313\" data-end=\"1327\">100er-Pack<\/strong> sind Sie auch f\u00fcr gro\u00dfe Services ger\u00fcstet, ohne dass Ihnen das Geschirr ausgeht.   <\/p>\n<p data-start=\"1398\" data-end=\"1688\">Au\u00dferdem l\u00e4sst sich diese <strong>Sch\u00fcssel<\/strong> leicht reinigen und h\u00e4lt auch intensivem Gebrauch stand. Sie ist daher eine interessante Alternative zu Einwegbeh\u00e4ltern und gleichzeitig einfach zu verwenden. Die <strong>400-ml-Gr\u00f6\u00dfe<\/strong> erm\u00f6glicht es, die Portionen zu kontrollieren, was ideal f\u00fcr ein genaueres Kostenmanagement ist.  <\/p>\n<p data-start=\"1690\" data-end=\"1906\">Zusammenfassend l\u00e4sst sich sagen, dass diese <strong>wiederverwendbare Plastiksch\u00fcssel<\/strong> alles richtig macht: vielseitig, robust und unauff\u00e4llig. Sie begleitet Ihr Gesch\u00e4ft ohne Einschr\u00e4nkungen und passt sich jedem Kontext an, vom Service vor Ort bis hin zu Veranstaltungen. <\/p>\n<p><!--more--><\/p>\n<p><strong><span style=\"color: #ff0000;\">*Diese Sch\u00fcssel ist mikrowellengeeignet<\/span><\/strong><\/p>\n<p>&nbsp;<\/p>\n<p><!--more--><\/p>\n<h4>Vorteile :<\/h4>\n<ul>\n<li data-start=\"1934\" data-end=\"1966\">Praktischer <strong>400-ml-Inhalt<\/strong>.<\/li>\n<li data-start=\"1969\" data-end=\"2007\">Schlichtes, professionelles wei\u00dfes Design.<\/li>\n<li data-start=\"2010\" data-end=\"2048\"><strong>Wiederverwendbarer<\/strong>, widerstandsf\u00e4higer Kunststoff.<\/li>\n<li data-start=\"2051\" data-end=\"2087\">Stapelbar f\u00fcr eine einfache Aufbewahrung.<\/li>\n<li data-start=\"2090\" data-end=\"2131\"><strong>100er-Pack<\/strong> ideal f\u00fcr den professionellen Einsatz.<\/li>\n<\/ul>\n<p>&nbsp;<\/p>\n<p><!--more--><\/p>\n<h4>Weitere Informationen :<\/h4>\n<ul>\n<li><strong>Verpackung<\/strong>: Packung mit 100 St\u00fcck<\/li>\n<li><strong>Farbe<\/strong>: Wei\u00df<\/li>\n<li><strong>Material<\/strong>: PP (Polypropylen)<\/li>\n<li><strong>Volumen<\/strong>: 400 ml<\/li>\n<li><strong>Gebrauchstemperatur<\/strong>: -20\u00b0C \/ + 130\u00b0C<\/li>\n<\/ul>\n<p>&nbsp;<\/p>\n<p><!--more--><\/p>\n<p>Hier finden Sie den passenden Deckel f\u00fcr diese Sch\u00fcssel : <span style=\"color: #d12727;\"><a style=\"color: #d12727;\" href=\"https:\/\/www.csj-emballages.com\/es\/produit\/100-tapas-de-plastico-translucido-bol400\/\">COUVBOL400<\/a><\/span><\/p>\n<p>&nbsp;<\/p>\n<p><!--more--><\/p>\n<p>Dieses Produkt gibt es in verschiedenen Farben und Gr\u00f6\u00dfen : <span style=\"color: #d12727;\"><a style=\"color: #d12727;\" href=\"https:\/\/www.csj-emballages.com\/es\/produit\/100-cuencos-de-plastico-pp-desechables-blancos-350-ml\/\">350 ml Wei\u00df<\/a><\/span> \/ <span style=\"color: #d12727;\"><a style=\"color: #d12727;\" href=\"https:\/\/www.csj-emballages.com\/produit\/100-bols-jetables-noirs-plastique-utilisation-chaud-400-ml\/\">400 ml Schwarz<\/a><\/span> \/ <span style=\"color: #d12727;\"><a style=\"color: #d12727;\" href=\"https:\/\/www.csj-emballages.com\/produit\/100-bols-jetables-blanc-en-plastique-ps-500-ml\/\">500 ml Wei\u00df<\/a><\/span><\/p>\n<p>&nbsp;<\/p>\n<p><!--more--><\/p>\n<p><a href=\"https:\/\/www.csj-emballages.com\/de\/categorie-produit\/lebensmittelverpackungen\/restauration-de\/topfe-schalen-becherhalter\/einwegschalen\/\">Sehen Sie sich den Rest unseres Sortiments an wiederverwendbaren Sch\u00fcsseln an  <\/a><\/p>\n<p>&nbsp;<\/p>\n","protected":false},"excerpt":{"rendered":"<p>Plastiksch\u00fcssel Beschreibung unserer wiederverwendbaren Plastiksch\u00fcssel wei\u00df 400 ml pro 100<\/p>\n","protected":false},"featured_media":203582,"template":"","meta":{"_acf_changed":false},"product_brand":[],"product_cat":[1137,1134,2226],"product_tag":[],"class_list":{"0":"post-19849","1":"product","2":"type-product","3":"status-publish","4":"has-post-thumbnail","6":"product_cat-lebensmittelverpackungen","7":"product_cat-restauration-de","8":"product_cat-einwegschalen","10":"first","11":"instock","12":"taxable","13":"shipping-taxable","14":"purchasable","15":"product-type-simple"},"acf":[],"yoast_head":"<!-- This site is optimized with the Yoast SEO Premium plugin v26.6 (Yoast SEO v26.6) - https:\/\/yoast.com\/wordpress\/plugins\/seo\/ -->\n<title>Wiederverwendbare Plastiksch\u00fcssel Wei\u00df 400 ml pro 100<\/title>\n<meta name=\"description\" content=\"Wei\u00dfe, wiederverwendbare Plastiksch\u00fcssel 400 ml, verkauft in 100 St\u00fcck. Praktisch, robust und vielseitig einsetzbar, ideal f\u00fcr Salate, Desserts und Einzelportionen.\" \/>\n<meta name=\"robots\" content=\"index, follow, max-snippet:-1, max-image-preview:large, max-video-preview:-1\" \/>\n<link rel=\"canonical\" href=\"https:\/\/www.csj-emballages.com\/de\/produit\/100-weisse-einwegschalen-aus-kunststoff-heisser-gebrauch-400-ml\/\" \/>\n<meta property=\"og:locale\" content=\"de_DE\" \/>\n<meta property=\"og:type\" content=\"article\" \/>\n<meta property=\"og:title\" content=\"Wiederverwendbare Plastiksch\u00fcssel wei\u00df 400 ml pro 100\" \/>\n<meta property=\"og:description\" content=\"Wei\u00dfe, wiederverwendbare Plastiksch\u00fcssel 400 ml, verkauft in 100 St\u00fcck. Praktisch, robust und vielseitig einsetzbar, ideal f\u00fcr Salate, Desserts und Einzelportionen.\" \/>\n<meta property=\"og:url\" content=\"https:\/\/www.csj-emballages.com\/de\/produit\/100-weisse-einwegschalen-aus-kunststoff-heisser-gebrauch-400-ml\/\" \/>\n<meta property=\"og:site_name\" content=\"CSJ Emballages\" \/>\n<meta property=\"article:publisher\" content=\"https:\/\/www.facebook.com\/csjemballages\" \/>\n<meta property=\"article:modified_time\" content=\"2026-04-04T00:11:11+00:00\" \/>\n<meta property=\"og:image\" content=\"https:\/\/www.csj-emballages.com\/wp-content\/uploads\/2024\/03\/BOL-350-PP-1.webp\" \/>\n\t<meta property=\"og:image:width\" content=\"801\" \/>\n\t<meta property=\"og:image:height\" content=\"801\" \/>\n\t<meta property=\"og:image:type\" content=\"image\/webp\" \/>\n<meta name=\"twitter:card\" content=\"summary_large_image\" \/>\n<meta name=\"twitter:label1\" content=\"Gesch\u00e4tzte Lesezeit\" \/>\n\t<meta name=\"twitter:data1\" content=\"2 Minuten\" \/>\n<script type=\"application\/ld+json\" class=\"yoast-schema-graph\">{\"@context\":\"https:\/\/schema.org\",\"@graph\":[{\"@type\":\"WebPage\",\"@id\":\"https:\/\/www.csj-emballages.com\/de\/produit\/100-weisse-einwegschalen-aus-kunststoff-heisser-gebrauch-400-ml\/\",\"url\":\"https:\/\/www.csj-emballages.com\/de\/produit\/100-weisse-einwegschalen-aus-kunststoff-heisser-gebrauch-400-ml\/\",\"name\":\"Wiederverwendbare Plastiksch\u00fcssel Wei\u00df 400 ml pro 100\",\"isPartOf\":{\"@id\":\"https:\/\/www.csj-emballages.com\/de\/#website\"},\"primaryImageOfPage\":{\"@id\":\"https:\/\/www.csj-emballages.com\/de\/produit\/100-weisse-einwegschalen-aus-kunststoff-heisser-gebrauch-400-ml\/#primaryimage\"},\"image\":{\"@id\":\"https:\/\/www.csj-emballages.com\/de\/produit\/100-weisse-einwegschalen-aus-kunststoff-heisser-gebrauch-400-ml\/#primaryimage\"},\"thumbnailUrl\":\"https:\/\/www.csj-emballages.com\/wp-content\/uploads\/2024\/03\/BOL-350-PP-1.webp\",\"datePublished\":\"2024-03-01T15:56:09+00:00\",\"dateModified\":\"2026-04-04T00:11:11+00:00\",\"description\":\"Wei\u00dfe, wiederverwendbare Plastiksch\u00fcssel 400 ml, verkauft in 100 St\u00fcck. Praktisch, robust und vielseitig einsetzbar, ideal f\u00fcr Salate, Desserts und Einzelportionen.\",\"breadcrumb\":{\"@id\":\"https:\/\/www.csj-emballages.com\/de\/produit\/100-weisse-einwegschalen-aus-kunststoff-heisser-gebrauch-400-ml\/#breadcrumb\"},\"inLanguage\":\"de\",\"potentialAction\":[{\"@type\":\"ReadAction\",\"target\":[\"https:\/\/www.csj-emballages.com\/de\/produit\/100-weisse-einwegschalen-aus-kunststoff-heisser-gebrauch-400-ml\/\"]}]},{\"@type\":\"ImageObject\",\"inLanguage\":\"de\",\"@id\":\"https:\/\/www.csj-emballages.com\/de\/produit\/100-weisse-einwegschalen-aus-kunststoff-heisser-gebrauch-400-ml\/#primaryimage\",\"url\":\"https:\/\/www.csj-emballages.com\/wp-content\/uploads\/2024\/03\/BOL-350-PP-1.webp\",\"contentUrl\":\"https:\/\/www.csj-emballages.com\/wp-content\/uploads\/2024\/03\/BOL-350-PP-1.webp\",\"width\":801,\"height\":801,\"caption\":\"bol plastique\"},{\"@type\":\"BreadcrumbList\",\"@id\":\"https:\/\/www.csj-emballages.com\/de\/produit\/100-weisse-einwegschalen-aus-kunststoff-heisser-gebrauch-400-ml\/#breadcrumb\",\"itemListElement\":[{\"@type\":\"ListItem\",\"position\":1,\"name\":\"Accueil\",\"item\":\"https:\/\/www.csj-emballages.com\/de\/universum-lebensmittelverpackungen\/\"},{\"@type\":\"ListItem\",\"position\":2,\"name\":\"Shop\",\"item\":\"https:\/\/www.csj-emballages.com\/shop\/\"},{\"@type\":\"ListItem\",\"position\":3,\"name\":\"Wiederverwendbare Plastiksch\u00fcssel wei\u00df 400 ml pro 100\"}]},{\"@type\":\"WebSite\",\"@id\":\"https:\/\/www.csj-emballages.com\/de\/#website\",\"url\":\"https:\/\/www.csj-emballages.com\/de\/\",\"name\":\"CSJ Emballages\",\"description\":\"\",\"publisher\":{\"@id\":\"https:\/\/www.csj-emballages.com\/de\/#organization\"},\"potentialAction\":[{\"@type\":\"SearchAction\",\"target\":{\"@type\":\"EntryPoint\",\"urlTemplate\":\"https:\/\/www.csj-emballages.com\/de\/?s={search_term_string}\"},\"query-input\":{\"@type\":\"PropertyValueSpecification\",\"valueRequired\":true,\"valueName\":\"search_term_string\"}}],\"inLanguage\":\"de\"},{\"@type\":\"Organization\",\"@id\":\"https:\/\/www.csj-emballages.com\/de\/#Organization\/\",\"name\":\"CSJ Emballages\",\"url\":\"https:\/\/www.csj-emballages.com\/de\/\",\"logo\":{\"@type\":\"ImageObject\",\"inLanguage\":\"de\",\"@id\":\"https:\/\/www.csj-emballages.com\/de\/#\/schema\/logo\/image\/\",\"url\":\"https:\/\/www.csj-emballages.com\/wp-content\/uploads\/2023\/10\/logo_csj.webp\",\"contentUrl\":\"https:\/\/www.csj-emballages.com\/wp-content\/uploads\/2023\/10\/logo_csj.webp\",\"width\":250,\"height\":95,\"caption\":\"CSJ Emballages\"},\"image\":{\"@id\":\"https:\/\/www.csj-emballages.com\/de\/#\/schema\/logo\/image\/\"},\"sameAs\":[\"https:\/\/www.facebook.com\/csjemballages\"],\"address\":{\"@type\":\"PostalAddress\",\"streetAddress\":\"ZI La Lechere\",\"addressLocality\":\"Patornay\",\"postalCode\":\"39130\",\"addressCountry\":\"FR\"},\"contactPoint\":[{\"@type\":\"ContactPoint\",\"contactType\":\"Service client\",\"telephone\":\"0384254272\",\"email\":\"contact@csj-emballages.com\"}]}]}<\/script>\n<!-- \/ Yoast SEO Premium plugin. -->","yoast_head_json":{"title":"Wiederverwendbare Plastiksch\u00fcssel Wei\u00df 400 ml pro 100","description":"Wei\u00dfe, wiederverwendbare Plastiksch\u00fcssel 400 ml, verkauft in 100 St\u00fcck. Praktisch, robust und vielseitig einsetzbar, ideal f\u00fcr Salate, Desserts und Einzelportionen.","robots":{"index":"index","follow":"follow","max-snippet":"max-snippet:-1","max-image-preview":"max-image-preview:large","max-video-preview":"max-video-preview:-1"},"canonical":"https:\/\/www.csj-emballages.com\/de\/produit\/100-weisse-einwegschalen-aus-kunststoff-heisser-gebrauch-400-ml\/","og_locale":"de_DE","og_type":"article","og_title":"Wiederverwendbare Plastiksch\u00fcssel wei\u00df 400 ml pro 100","og_description":"Wei\u00dfe, wiederverwendbare Plastiksch\u00fcssel 400 ml, verkauft in 100 St\u00fcck. Praktisch, robust und vielseitig einsetzbar, ideal f\u00fcr Salate, Desserts und Einzelportionen.","og_url":"https:\/\/www.csj-emballages.com\/de\/produit\/100-weisse-einwegschalen-aus-kunststoff-heisser-gebrauch-400-ml\/","og_site_name":"CSJ Emballages","article_publisher":"https:\/\/www.facebook.com\/csjemballages","article_modified_time":"2026-04-04T00:11:11+00:00","og_image":[{"width":801,"height":801,"url":"https:\/\/www.csj-emballages.com\/wp-content\/uploads\/2024\/03\/BOL-350-PP-1.webp","type":"image\/webp"}],"twitter_card":"summary_large_image","twitter_misc":{"Gesch\u00e4tzte Lesezeit":"2 Minuten"},"schema":{"@context":"https:\/\/schema.org","@graph":[{"@type":"WebPage","@id":"https:\/\/www.csj-emballages.com\/de\/produit\/100-weisse-einwegschalen-aus-kunststoff-heisser-gebrauch-400-ml\/","url":"https:\/\/www.csj-emballages.com\/de\/produit\/100-weisse-einwegschalen-aus-kunststoff-heisser-gebrauch-400-ml\/","name":"Wiederverwendbare Plastiksch\u00fcssel Wei\u00df 400 ml pro 100","isPartOf":{"@id":"https:\/\/www.csj-emballages.com\/de\/#website"},"primaryImageOfPage":{"@id":"https:\/\/www.csj-emballages.com\/de\/produit\/100-weisse-einwegschalen-aus-kunststoff-heisser-gebrauch-400-ml\/#primaryimage"},"image":{"@id":"https:\/\/www.csj-emballages.com\/de\/produit\/100-weisse-einwegschalen-aus-kunststoff-heisser-gebrauch-400-ml\/#primaryimage"},"thumbnailUrl":"https:\/\/www.csj-emballages.com\/wp-content\/uploads\/2024\/03\/BOL-350-PP-1.webp","datePublished":"2024-03-01T15:56:09+00:00","dateModified":"2026-04-04T00:11:11+00:00","description":"Wei\u00dfe, wiederverwendbare Plastiksch\u00fcssel 400 ml, verkauft in 100 St\u00fcck. Praktisch, robust und vielseitig einsetzbar, ideal f\u00fcr Salate, Desserts und Einzelportionen.","breadcrumb":{"@id":"https:\/\/www.csj-emballages.com\/de\/produit\/100-weisse-einwegschalen-aus-kunststoff-heisser-gebrauch-400-ml\/#breadcrumb"},"inLanguage":"de","potentialAction":[{"@type":"ReadAction","target":["https:\/\/www.csj-emballages.com\/de\/produit\/100-weisse-einwegschalen-aus-kunststoff-heisser-gebrauch-400-ml\/"]}]},{"@type":"ImageObject","inLanguage":"de","@id":"https:\/\/www.csj-emballages.com\/de\/produit\/100-weisse-einwegschalen-aus-kunststoff-heisser-gebrauch-400-ml\/#primaryimage","url":"https:\/\/www.csj-emballages.com\/wp-content\/uploads\/2024\/03\/BOL-350-PP-1.webp","contentUrl":"https:\/\/www.csj-emballages.com\/wp-content\/uploads\/2024\/03\/BOL-350-PP-1.webp","width":801,"height":801,"caption":"bol plastique"},{"@type":"BreadcrumbList","@id":"https:\/\/www.csj-emballages.com\/de\/produit\/100-weisse-einwegschalen-aus-kunststoff-heisser-gebrauch-400-ml\/#breadcrumb","itemListElement":[{"@type":"ListItem","position":1,"name":"Accueil","item":"https:\/\/www.csj-emballages.com\/de\/universum-lebensmittelverpackungen\/"},{"@type":"ListItem","position":2,"name":"Shop","item":"https:\/\/www.csj-emballages.com\/shop\/"},{"@type":"ListItem","position":3,"name":"Wiederverwendbare Plastiksch\u00fcssel wei\u00df 400 ml pro 100"}]},{"@type":"WebSite","@id":"https:\/\/www.csj-emballages.com\/de\/#website","url":"https:\/\/www.csj-emballages.com\/de\/","name":"CSJ Emballages","description":"","publisher":{"@id":"https:\/\/www.csj-emballages.com\/de\/#organization"},"potentialAction":[{"@type":"SearchAction","target":{"@type":"EntryPoint","urlTemplate":"https:\/\/www.csj-emballages.com\/de\/?s={search_term_string}"},"query-input":{"@type":"PropertyValueSpecification","valueRequired":true,"valueName":"search_term_string"}}],"inLanguage":"de"},{"@type":"Organization","@id":"https:\/\/www.csj-emballages.com\/de\/#Organization\/","name":"CSJ Emballages","url":"https:\/\/www.csj-emballages.com\/de\/","logo":{"@type":"ImageObject","inLanguage":"de","@id":"https:\/\/www.csj-emballages.com\/de\/#\/schema\/logo\/image\/","url":"https:\/\/www.csj-emballages.com\/wp-content\/uploads\/2023\/10\/logo_csj.webp","contentUrl":"https:\/\/www.csj-emballages.com\/wp-content\/uploads\/2023\/10\/logo_csj.webp","width":250,"height":95,"caption":"CSJ Emballages"},"image":{"@id":"https:\/\/www.csj-emballages.com\/de\/#\/schema\/logo\/image\/"},"sameAs":["https:\/\/www.facebook.com\/csjemballages"],"address":{"@type":"PostalAddress","streetAddress":"ZI La Lechere","addressLocality":"Patornay","postalCode":"39130","addressCountry":"FR"},"contactPoint":[{"@type":"ContactPoint","contactType":"Service client","telephone":"0384254272","email":"contact@csj-emballages.com"}]}]}},"df_price":15.62,"df_sale_price":"","df_regular_price":15.62,"df_image_link":"https:\/\/www.csj-emballages.com\/wp-content\/uploads\/2024\/03\/BOL-350-PP-1-300x300.webp","tiered_pricing_type":"fixed","tiered_pricing_fixed_rules":[],"tiered_pricing_percentage_rules":[],"tiered_pricing_minimum":1,"tiered_pricing_roles_data":[],"_links":{"self":[{"href":"https:\/\/www.csj-emballages.com\/de\/wp-json\/wp\/v2\/product\/19849","targetHints":{"allow":["GET"]}}],"collection":[{"href":"https:\/\/www.csj-emballages.com\/de\/wp-json\/wp\/v2\/product"}],"about":[{"href":"https:\/\/www.csj-emballages.com\/de\/wp-json\/wp\/v2\/types\/product"}],"wp:featuredmedia":[{"embeddable":true,"href":"https:\/\/www.csj-emballages.com\/de\/wp-json\/wp\/v2\/media\/203582"}],"wp:attachment":[{"href":"https:\/\/www.csj-emballages.com\/de\/wp-json\/wp\/v2\/media?parent=19849"}],"wp:term":[{"taxonomy":"product_brand","embeddable":true,"href":"https:\/\/www.csj-emballages.com\/de\/wp-json\/wp\/v2\/product_brand?post=19849"},{"taxonomy":"product_cat","embeddable":true,"href":"https:\/\/www.csj-emballages.com\/de\/wp-json\/wp\/v2\/product_cat?post=19849"},{"taxonomy":"product_tag","embeddable":true,"href":"https:\/\/www.csj-emballages.com\/de\/wp-json\/wp\/v2\/product_tag?post=19849"}],"curies":[{"name":"wp","href":"https:\/\/api.w.org\/{rel}","templated":true}]}}