{"id":19843,"date":"2024-03-01T16:56:08","date_gmt":"2024-03-01T15:56:08","guid":{"rendered":"https:\/\/u15jnbdpoq.preview.infomaniak.website\/produit\/270-transluzente-pet-flaschen-mit-verschluss-25-cl\/"},"modified":"2026-05-14T02:11:53","modified_gmt":"2026-05-14T00:11:53","slug":"270-transluzente-pet-flaschen-mit-verschluss-25-cl","status":"publish","type":"product","link":"https:\/\/www.csj-emballages.com\/de\/produit\/270-transluzente-pet-flaschen-mit-verschluss-25-cl\/","title":{"rendered":"Transluzente PET-Flasche mit orangefarbenem Verschluss 25cl pro 270"},"content":{"rendered":"<h2 style=\"font-family: Roboto, sans-serif;\">Plastikflasche<\/h2>\n<hr>\n<h3 style=\"font-family: Roboto, sans-serif;\"><span style=\"font-weight: bold;\">Entdecken Sie unsere transluzente PET-Flasche mit orangefarbenem Verschluss, die an 25 cl pro 270 St\u00fcck gebunden ist.<\/span><\/h3>\n<p><!--more--><\/p>\n<p><strong>Transluzente PET-Flasche<\/strong> <strong>aus Kunststoff<\/strong> <strong>mit anh\u00e4ngendem orangefarbenem Verschluss<\/strong>: die ideale Wahl f\u00fcr Ihren Bedarf an Getr\u00e4nkeverpackungen. Diese <strong>25cl-Flasche<\/strong> zeichnet sich durch ihr praktisches Design und ihr kompaktes Format aus. Sie ist f\u00fcr Getr\u00e4nke geeignet und bietet eine funktionelle L\u00f6sung f\u00fcr Ihre Produkte. Zun\u00e4chst einmal besteht diese <strong>Plastikflasche<\/strong> aus <strong>PET<\/strong>, einem Material, das f\u00fcr seine Robustheit und sein geringes Gewicht bekannt ist. Dar\u00fcber hinaus hebt ihre Transparenz Ihre Fl\u00fcssigkeiten hervor, egal ob es sich um Wasser, Saft oder andere Getr\u00e4nke handelt. Dies erleichtert auch die Sichtbarkeit des Produkts f\u00fcr den Verbraucher.     <\/p>\n<p>Zweitens ist diese <strong>25-cl-Flasche<\/strong> mit einem <strong>befestigten orangefarbenen Verschluss<\/strong> ausgestattet, <strong>der den neuesten europ\u00e4ischen Standards entspricht<\/strong>. Dieser sichere Verschluss bleibt nach dem \u00d6ffnen an der Flasche befestigt. So verhindert er einen versehentlichen Verlust und vereinfacht gleichzeitig die Handhabung f\u00fcr Ihre Kunden. Dieses Detail verbessert die Benutzererfahrung und erf\u00fcllt die Anforderungen an die Nachhaltigkeit.   <\/p>\n<h3><\/h3>\n<p><!--more--><\/p>\n<h4><strong>Die Plastikflasche: Die perfekte Verpackung f\u00fcr alle Ihre Getr\u00e4nke<\/strong><\/h4>\n<p>Dar\u00fcber hinaus ist die <strong>25-cl-Plastikflasche<\/strong> ideal f\u00fcr Getr\u00e4nkehersteller, die ein praktisches und kosteng\u00fcnstiges Format suchen. Ihr kompaktes Volumen eignet sich perfekt f\u00fcr Einzelportionen, Mahlzeiten f\u00fcr unterwegs oder Verkostungen. Da sie in Packungen zu <strong>270<\/strong> St\u00fcck verpackt ist, optimiert sie Ihre Lager- und Transportkosten.  <\/p>\n<p>Dar\u00fcber hinaus eignet sich die <strong>durchscheinende <\/strong><strong>PET<\/strong>&#8211;<strong>Flasche <\/strong>f\u00fcr eine Vielzahl von Branchen, darunter die Lebensmittelindustrie, die Gastronomie und die Veranstaltungsbranche. Mit ihrem befestigten Verschluss sorgt sie f\u00fcr optimale Hygiene und erh\u00f6ht gleichzeitig die Sicherheit der Benutzer. Dieses vielseitige Format eignet sich f\u00fcr eine Vielzahl von Anwendungen und steigert so seinen Mehrwert.  <\/p>\n<p>Wenn Sie sich f\u00fcr diese <strong>durchsichtige PET-Flasche <\/strong>mit<strong> orangefarbenem Verschluss<\/strong> entscheiden, entscheiden Sie sich f\u00fcr eine zuverl\u00e4ssige und wirtschaftliche L\u00f6sung. Mit einem Fassungsverm\u00f6gen von <strong>25cl<\/strong> ist sie eine ideale Gr\u00f6\u00dfe f\u00fcr viele Gelegenheiten. Mit einem Set von <strong>270<\/strong> St\u00fcck erhalten Sie ein hervorragendes Preis-Leistungs-Verh\u00e4ltnis. Entscheiden Sie sich noch heute f\u00fcr eine moderne, praktische und nachhaltige Verpackung.   <\/p>\n<p>&nbsp;<\/p>\n<p><!--more--><\/p>\n<p style=\"margin: 0pt; font-family: Roboto, sans-serif;\">Dieses Produkt gibt es in verschiedenen Mengen : <span style=\"color: #d12727;\"><a style=\"color: #d12727;\" href=\"https:\/\/www.csj-emballages.com\/produit\/240-bouteilles-plastiques-translucides-pet-avec-bouchon-33-cl\/\">33 cl<\/a><\/span> \/ <span style=\"color: #d12727;\"><a style=\"color: #d12727;\" href=\"https:\/\/www.csj-emballages.com\/produit\/bouteille-plastique-translucide-pet-avec-bouchon-50-cl\/\">50 cl<\/a><\/span> \/ <span style=\"color: #d12727;\"><a style=\"color: #d12727;\" href=\"https:\/\/www.csj-emballages.com\/produit\/74-bouteilles-plastiques-translucides-pet-avec-bouchon-100-cl\/\">100 cl<\/a><\/span><\/p>\n<p>&nbsp;<\/p>\n<p><!--more--><\/p>\n<h4 style=\"margin: 0pt; font-family: Roboto, sans-serif;\">Ihre Vorteile :<\/h4>\n<ul>\n<li><strong>Praktisch und bequem<\/strong>: Der befestigte Verschluss garantiert eine einfache Handhabung und verhindert, dass der Verschluss verloren geht.<\/li>\n<li><strong>Widerstandsf\u00e4higes Material<\/strong>: Diese aus <strong>PET<\/strong> hergestellte <strong>Plastikflasche<\/strong> ist leicht und robust und bietet einen guten Schutz f\u00fcr Ihre Produkte.<\/li>\n<li><strong>Recycelbar<\/strong>: PET ist ein recycelbares Material und tr\u00e4gt damit zu einem umweltfreundlichen Vorgehen bei.<\/li>\n<li><strong>Ideales Format<\/strong>: Mit einem Fassungsverm\u00f6gen von <strong>25cl<\/strong> eignet sie sich perfekt f\u00fcr Einzelportionen und die Bed\u00fcrfnisse von Konsumenten, die unterwegs sind.<\/li>\n<li><strong>Vielseitigkeit<\/strong>: Dieses Format eignet sich f\u00fcr eine breite Palette von Produkten, einschlie\u00dflich S\u00e4ften, und anderen fl\u00fcssigen Lebensmitteln.<\/li>\n<\/ul>\n<p>&nbsp;<\/p>\n<p style=\"margin: 0pt; font-family: Roboto, sans-serif;\"><!--more--><\/p>\n<h4>Weitere Informationen :<\/h4>\n<ul>\n<li><strong>Verpackung<\/strong>: Karton mit 270 Flaschen<\/li>\n<li><strong>Ma\u00dfe<\/strong>: 35 x 150 (\u00d8 x H in mm)<\/li>\n<li><strong>Volumen<\/strong>: 25 cl<\/li>\n<li><strong>Material<\/strong>: Kunststoff PET<\/li>\n<\/ul>\n<h2><\/h2>\n<p><!--more--><\/p>\n<p><a href=\"https:\/\/www.csj-emballages.com\/de\/categorie-produit\/lebensmittelverpackungen\/restauration-de\/becher-glaser-eimer-flaschen\/plastikflaschen\/\">Sehen Sie sich den Rest unseres Sortiments an Plastikflaschen an<\/a><\/p>\n","protected":false},"excerpt":{"rendered":"<p>Plastikflasche Entdecken Sie unsere transluzente PET-Flasche mit orangefarbenem Verschluss, die an 25 cl pro 270 St\u00fcck gebunden ist.<\/p>\n","protected":false},"featured_media":198021,"template":"","meta":{"_acf_changed":false},"product_brand":[],"product_cat":[1137,1170,1134,1980],"product_tag":[],"class_list":{"0":"post-19843","1":"product","2":"type-product","3":"status-publish","4":"has-post-thumbnail","6":"product_cat-lebensmittelverpackungen","7":"product_cat-metzgerei-und-feinkostgeschaft","8":"product_cat-restauration-de","9":"product_cat-plastikflaschen","10":"product_shipping_class-verboten-in-staffeln","12":"first","13":"instock","14":"taxable","15":"shipping-taxable","16":"purchasable","17":"product-type-simple"},"acf":[],"yoast_head":"<!-- This site is optimized with the Yoast SEO Premium plugin v26.6 (Yoast SEO v26.6) - https:\/\/yoast.com\/wordpress\/plugins\/seo\/ -->\n<title>PET-Flaschen aus Kunststoff mit befestigtem Verschluss 25 cl pro 270<\/title>\n<meta name=\"description\" content=\"Entdecke unsere 25-cl-PET-Flasche aus Plastik! Dim: 150 x 35 mm! Entscheiden Sie sich f\u00fcr einen Karton mit 270 Plastikflaschen mit anh\u00e4ngendem Verschluss.\" \/>\n<meta name=\"robots\" content=\"index, follow, max-snippet:-1, max-image-preview:large, max-video-preview:-1\" \/>\n<link rel=\"canonical\" href=\"https:\/\/www.csj-emballages.com\/de\/produit\/270-transluzente-pet-flaschen-mit-verschluss-25-cl\/\" \/>\n<meta property=\"og:locale\" content=\"de_DE\" \/>\n<meta property=\"og:type\" content=\"article\" \/>\n<meta property=\"og:title\" content=\"Transluzente PET-Flasche mit orangefarbenem Verschluss 25cl pro 270\" \/>\n<meta property=\"og:description\" content=\"Entdecke unsere 25-cl-PET-Flasche aus Plastik! Dim: 150 x 35 mm! Entscheiden Sie sich f\u00fcr einen Karton mit 270 Plastikflaschen mit anh\u00e4ngendem Verschluss.\" \/>\n<meta property=\"og:url\" content=\"https:\/\/www.csj-emballages.com\/de\/produit\/270-transluzente-pet-flaschen-mit-verschluss-25-cl\/\" \/>\n<meta property=\"og:site_name\" content=\"CSJ Emballages\" \/>\n<meta property=\"article:publisher\" content=\"https:\/\/www.facebook.com\/csjemballages\" \/>\n<meta property=\"article:modified_time\" content=\"2026-05-14T00:11:53+00:00\" \/>\n<meta property=\"og:image\" content=\"https:\/\/www.csj-emballages.com\/wp-content\/uploads\/2024\/03\/Bouteille-25cl.webp\" \/>\n\t<meta property=\"og:image:width\" content=\"800\" \/>\n\t<meta property=\"og:image:height\" content=\"800\" \/>\n\t<meta property=\"og:image:type\" content=\"image\/webp\" \/>\n<meta name=\"twitter:card\" content=\"summary_large_image\" \/>\n<meta name=\"twitter:label1\" content=\"Gesch\u00e4tzte Lesezeit\" \/>\n\t<meta name=\"twitter:data1\" content=\"2 Minuten\" \/>\n<script type=\"application\/ld+json\" class=\"yoast-schema-graph\">{\"@context\":\"https:\/\/schema.org\",\"@graph\":[{\"@type\":\"WebPage\",\"@id\":\"https:\/\/www.csj-emballages.com\/de\/produit\/270-transluzente-pet-flaschen-mit-verschluss-25-cl\/\",\"url\":\"https:\/\/www.csj-emballages.com\/de\/produit\/270-transluzente-pet-flaschen-mit-verschluss-25-cl\/\",\"name\":\"PET-Flaschen aus Kunststoff mit befestigtem Verschluss 25 cl pro 270\",\"isPartOf\":{\"@id\":\"https:\/\/www.csj-emballages.com\/de\/#website\"},\"primaryImageOfPage\":{\"@id\":\"https:\/\/www.csj-emballages.com\/de\/produit\/270-transluzente-pet-flaschen-mit-verschluss-25-cl\/#primaryimage\"},\"image\":{\"@id\":\"https:\/\/www.csj-emballages.com\/de\/produit\/270-transluzente-pet-flaschen-mit-verschluss-25-cl\/#primaryimage\"},\"thumbnailUrl\":\"https:\/\/www.csj-emballages.com\/wp-content\/uploads\/2024\/03\/Bouteille-25cl.webp\",\"datePublished\":\"2024-03-01T15:56:08+00:00\",\"dateModified\":\"2026-05-14T00:11:53+00:00\",\"description\":\"Entdecke unsere 25-cl-PET-Flasche aus Plastik! Dim: 150 x 35 mm! Entscheiden Sie sich f\u00fcr einen Karton mit 270 Plastikflaschen mit anh\u00e4ngendem Verschluss.\",\"breadcrumb\":{\"@id\":\"https:\/\/www.csj-emballages.com\/de\/produit\/270-transluzente-pet-flaschen-mit-verschluss-25-cl\/#breadcrumb\"},\"inLanguage\":\"de\",\"potentialAction\":[{\"@type\":\"ReadAction\",\"target\":[\"https:\/\/www.csj-emballages.com\/de\/produit\/270-transluzente-pet-flaschen-mit-verschluss-25-cl\/\"]}]},{\"@type\":\"ImageObject\",\"inLanguage\":\"de\",\"@id\":\"https:\/\/www.csj-emballages.com\/de\/produit\/270-transluzente-pet-flaschen-mit-verschluss-25-cl\/#primaryimage\",\"url\":\"https:\/\/www.csj-emballages.com\/wp-content\/uploads\/2024\/03\/Bouteille-25cl.webp\",\"contentUrl\":\"https:\/\/www.csj-emballages.com\/wp-content\/uploads\/2024\/03\/Bouteille-25cl.webp\",\"width\":800,\"height\":800,\"caption\":\"Bouteille plastique\"},{\"@type\":\"BreadcrumbList\",\"@id\":\"https:\/\/www.csj-emballages.com\/de\/produit\/270-transluzente-pet-flaschen-mit-verschluss-25-cl\/#breadcrumb\",\"itemListElement\":[{\"@type\":\"ListItem\",\"position\":1,\"name\":\"Accueil\",\"item\":\"https:\/\/www.csj-emballages.com\/de\/universum-lebensmittelverpackungen\/\"},{\"@type\":\"ListItem\",\"position\":2,\"name\":\"Shop\",\"item\":\"https:\/\/www.csj-emballages.com\/shop\/\"},{\"@type\":\"ListItem\",\"position\":3,\"name\":\"Transluzente PET-Flasche mit orangefarbenem Verschluss 25cl pro 270\"}]},{\"@type\":\"WebSite\",\"@id\":\"https:\/\/www.csj-emballages.com\/de\/#website\",\"url\":\"https:\/\/www.csj-emballages.com\/de\/\",\"name\":\"CSJ Emballages\",\"description\":\"\",\"publisher\":{\"@id\":\"https:\/\/www.csj-emballages.com\/de\/#organization\"},\"potentialAction\":[{\"@type\":\"SearchAction\",\"target\":{\"@type\":\"EntryPoint\",\"urlTemplate\":\"https:\/\/www.csj-emballages.com\/de\/?s={search_term_string}\"},\"query-input\":{\"@type\":\"PropertyValueSpecification\",\"valueRequired\":true,\"valueName\":\"search_term_string\"}}],\"inLanguage\":\"de\"},{\"@type\":\"Organization\",\"@id\":\"https:\/\/www.csj-emballages.com\/de\/#Organization\/\",\"name\":\"CSJ Emballages\",\"url\":\"https:\/\/www.csj-emballages.com\/de\/\",\"logo\":{\"@type\":\"ImageObject\",\"inLanguage\":\"de\",\"@id\":\"https:\/\/www.csj-emballages.com\/de\/#\/schema\/logo\/image\/\",\"url\":\"https:\/\/www.csj-emballages.com\/wp-content\/uploads\/2023\/10\/logo_csj.webp\",\"contentUrl\":\"https:\/\/www.csj-emballages.com\/wp-content\/uploads\/2023\/10\/logo_csj.webp\",\"width\":250,\"height\":95,\"caption\":\"CSJ Emballages\"},\"image\":{\"@id\":\"https:\/\/www.csj-emballages.com\/de\/#\/schema\/logo\/image\/\"},\"sameAs\":[\"https:\/\/www.facebook.com\/csjemballages\"],\"address\":{\"@type\":\"PostalAddress\",\"streetAddress\":\"ZI La Lechere\",\"addressLocality\":\"Patornay\",\"postalCode\":\"39130\",\"addressCountry\":\"FR\"},\"contactPoint\":[{\"@type\":\"ContactPoint\",\"contactType\":\"Service client\",\"telephone\":\"0384254272\",\"email\":\"contact@csj-emballages.com\"}]}]}<\/script>\n<!-- \/ Yoast SEO Premium plugin. -->","yoast_head_json":{"title":"PET-Flaschen aus Kunststoff mit befestigtem Verschluss 25 cl pro 270","description":"Entdecke unsere 25-cl-PET-Flasche aus Plastik! Dim: 150 x 35 mm! Entscheiden Sie sich f\u00fcr einen Karton mit 270 Plastikflaschen mit anh\u00e4ngendem Verschluss.","robots":{"index":"index","follow":"follow","max-snippet":"max-snippet:-1","max-image-preview":"max-image-preview:large","max-video-preview":"max-video-preview:-1"},"canonical":"https:\/\/www.csj-emballages.com\/de\/produit\/270-transluzente-pet-flaschen-mit-verschluss-25-cl\/","og_locale":"de_DE","og_type":"article","og_title":"Transluzente PET-Flasche mit orangefarbenem Verschluss 25cl pro 270","og_description":"Entdecke unsere 25-cl-PET-Flasche aus Plastik! Dim: 150 x 35 mm! Entscheiden Sie sich f\u00fcr einen Karton mit 270 Plastikflaschen mit anh\u00e4ngendem Verschluss.","og_url":"https:\/\/www.csj-emballages.com\/de\/produit\/270-transluzente-pet-flaschen-mit-verschluss-25-cl\/","og_site_name":"CSJ Emballages","article_publisher":"https:\/\/www.facebook.com\/csjemballages","article_modified_time":"2026-05-14T00:11:53+00:00","og_image":[{"width":800,"height":800,"url":"https:\/\/www.csj-emballages.com\/wp-content\/uploads\/2024\/03\/Bouteille-25cl.webp","type":"image\/webp"}],"twitter_card":"summary_large_image","twitter_misc":{"Gesch\u00e4tzte Lesezeit":"2 Minuten"},"schema":{"@context":"https:\/\/schema.org","@graph":[{"@type":"WebPage","@id":"https:\/\/www.csj-emballages.com\/de\/produit\/270-transluzente-pet-flaschen-mit-verschluss-25-cl\/","url":"https:\/\/www.csj-emballages.com\/de\/produit\/270-transluzente-pet-flaschen-mit-verschluss-25-cl\/","name":"PET-Flaschen aus Kunststoff mit befestigtem Verschluss 25 cl pro 270","isPartOf":{"@id":"https:\/\/www.csj-emballages.com\/de\/#website"},"primaryImageOfPage":{"@id":"https:\/\/www.csj-emballages.com\/de\/produit\/270-transluzente-pet-flaschen-mit-verschluss-25-cl\/#primaryimage"},"image":{"@id":"https:\/\/www.csj-emballages.com\/de\/produit\/270-transluzente-pet-flaschen-mit-verschluss-25-cl\/#primaryimage"},"thumbnailUrl":"https:\/\/www.csj-emballages.com\/wp-content\/uploads\/2024\/03\/Bouteille-25cl.webp","datePublished":"2024-03-01T15:56:08+00:00","dateModified":"2026-05-14T00:11:53+00:00","description":"Entdecke unsere 25-cl-PET-Flasche aus Plastik! Dim: 150 x 35 mm! Entscheiden Sie sich f\u00fcr einen Karton mit 270 Plastikflaschen mit anh\u00e4ngendem Verschluss.","breadcrumb":{"@id":"https:\/\/www.csj-emballages.com\/de\/produit\/270-transluzente-pet-flaschen-mit-verschluss-25-cl\/#breadcrumb"},"inLanguage":"de","potentialAction":[{"@type":"ReadAction","target":["https:\/\/www.csj-emballages.com\/de\/produit\/270-transluzente-pet-flaschen-mit-verschluss-25-cl\/"]}]},{"@type":"ImageObject","inLanguage":"de","@id":"https:\/\/www.csj-emballages.com\/de\/produit\/270-transluzente-pet-flaschen-mit-verschluss-25-cl\/#primaryimage","url":"https:\/\/www.csj-emballages.com\/wp-content\/uploads\/2024\/03\/Bouteille-25cl.webp","contentUrl":"https:\/\/www.csj-emballages.com\/wp-content\/uploads\/2024\/03\/Bouteille-25cl.webp","width":800,"height":800,"caption":"Bouteille plastique"},{"@type":"BreadcrumbList","@id":"https:\/\/www.csj-emballages.com\/de\/produit\/270-transluzente-pet-flaschen-mit-verschluss-25-cl\/#breadcrumb","itemListElement":[{"@type":"ListItem","position":1,"name":"Accueil","item":"https:\/\/www.csj-emballages.com\/de\/universum-lebensmittelverpackungen\/"},{"@type":"ListItem","position":2,"name":"Shop","item":"https:\/\/www.csj-emballages.com\/shop\/"},{"@type":"ListItem","position":3,"name":"Transluzente PET-Flasche mit orangefarbenem Verschluss 25cl pro 270"}]},{"@type":"WebSite","@id":"https:\/\/www.csj-emballages.com\/de\/#website","url":"https:\/\/www.csj-emballages.com\/de\/","name":"CSJ Emballages","description":"","publisher":{"@id":"https:\/\/www.csj-emballages.com\/de\/#organization"},"potentialAction":[{"@type":"SearchAction","target":{"@type":"EntryPoint","urlTemplate":"https:\/\/www.csj-emballages.com\/de\/?s={search_term_string}"},"query-input":{"@type":"PropertyValueSpecification","valueRequired":true,"valueName":"search_term_string"}}],"inLanguage":"de"},{"@type":"Organization","@id":"https:\/\/www.csj-emballages.com\/de\/#Organization\/","name":"CSJ Emballages","url":"https:\/\/www.csj-emballages.com\/de\/","logo":{"@type":"ImageObject","inLanguage":"de","@id":"https:\/\/www.csj-emballages.com\/de\/#\/schema\/logo\/image\/","url":"https:\/\/www.csj-emballages.com\/wp-content\/uploads\/2023\/10\/logo_csj.webp","contentUrl":"https:\/\/www.csj-emballages.com\/wp-content\/uploads\/2023\/10\/logo_csj.webp","width":250,"height":95,"caption":"CSJ Emballages"},"image":{"@id":"https:\/\/www.csj-emballages.com\/de\/#\/schema\/logo\/image\/"},"sameAs":["https:\/\/www.facebook.com\/csjemballages"],"address":{"@type":"PostalAddress","streetAddress":"ZI La Lechere","addressLocality":"Patornay","postalCode":"39130","addressCountry":"FR"},"contactPoint":[{"@type":"ContactPoint","contactType":"Service client","telephone":"0384254272","email":"contact@csj-emballages.com"}]}]}},"df_price":104.57,"df_sale_price":"","df_regular_price":104.57,"df_image_link":"https:\/\/www.csj-emballages.com\/wp-content\/uploads\/2024\/03\/Bouteille-25cl-300x300.webp","tiered_pricing_type":"fixed","tiered_pricing_fixed_rules":[],"tiered_pricing_percentage_rules":[],"tiered_pricing_minimum":1,"tiered_pricing_roles_data":[],"_links":{"self":[{"href":"https:\/\/www.csj-emballages.com\/de\/wp-json\/wp\/v2\/product\/19843","targetHints":{"allow":["GET"]}}],"collection":[{"href":"https:\/\/www.csj-emballages.com\/de\/wp-json\/wp\/v2\/product"}],"about":[{"href":"https:\/\/www.csj-emballages.com\/de\/wp-json\/wp\/v2\/types\/product"}],"wp:featuredmedia":[{"embeddable":true,"href":"https:\/\/www.csj-emballages.com\/de\/wp-json\/wp\/v2\/media\/198021"}],"wp:attachment":[{"href":"https:\/\/www.csj-emballages.com\/de\/wp-json\/wp\/v2\/media?parent=19843"}],"wp:term":[{"taxonomy":"product_brand","embeddable":true,"href":"https:\/\/www.csj-emballages.com\/de\/wp-json\/wp\/v2\/product_brand?post=19843"},{"taxonomy":"product_cat","embeddable":true,"href":"https:\/\/www.csj-emballages.com\/de\/wp-json\/wp\/v2\/product_cat?post=19843"},{"taxonomy":"product_tag","embeddable":true,"href":"https:\/\/www.csj-emballages.com\/de\/wp-json\/wp\/v2\/product_tag?post=19843"}],"curies":[{"name":"wp","href":"https:\/\/api.w.org\/{rel}","templated":true}]}}