{"id":19817,"date":"2024-03-01T16:56:10","date_gmt":"2024-03-01T15:56:10","guid":{"rendered":"https:\/\/u15jnbdpoq.preview.infomaniak.website\/produit\/dunkelgruene-tissue-spule-taftlene-50m-x-10mm\/"},"modified":"2026-04-15T09:47:20","modified_gmt":"2026-04-15T07:47:20","slug":"dunkelgruene-tissue-spule-taftlene-50m-x-10mm","status":"publish","type":"product","link":"https:\/\/www.csj-emballages.com\/de\/produit\/dunkelgruene-tissue-spule-taftlene-50m-x-10mm\/","title":{"rendered":"Dunkelgr\u00fcne Tissue-Spule &#8222;Taftlene&#8220; 50m x 10mm"},"content":{"rendered":"<h2>Dunkelgr\u00fcne Stoffbandrolle<\/h2>\n<hr>\n<h3>Entdecken Sie unsere dunkelgr\u00fcne Stoffbandrolle \u201eTaftl\u00e8ne\u201c 50 m x 10 mm<\/h3>\n<p><!--more--><\/p>\n<p data-start=\"69\" data-end=\"301\">Verleihen Sie Ihren Verpackungen mit dieser <strong>dunkelgr\u00fcnen Stoffbandrolle<\/strong> einen schicken und authentischen Touch. Ihr <strong>tiefer und nat\u00fcrlicher Farbton<\/strong> strahlt Raffinesse und Schlichtheit aus, ideal f\u00fcr elegante und professionelle Pr\u00e4sentationen. <\/p>\n<p data-start=\"303\" data-end=\"525\">Dank ihres <strong>Stoffmaterials<\/strong> bietet dieses <strong>Band<\/strong> einen ausgezeichneten Halt: Die Schleifen bleiben gut sitzen und behalten eine sch\u00f6ne Form. Es strukturiert Ihre Verpackungen und verleiht ihnen ein gepflegtes, hochwertiges Finish. <\/p>\n<p data-start=\"574\" data-end=\"768\">Das <strong>Dunkelgr\u00fcn<\/strong> ist eine sichere Wahl f\u00fcr elegante Pr\u00e4sentationen. Es verleiht Tiefe und l\u00e4sst sich perfekt mit Kraft-, Wei\u00df-, Gold- oder Naturt\u00f6nen f\u00fcr ein harmonisches Ergebnis kombinieren. <\/p>\n<p data-start=\"624\" data-end=\"795\"><!--more--><\/p>\n<h4 data-start=\"624\" data-end=\"795\">Vorteile :<\/h4>\n<ul>\n<li data-section-id=\"jcjijg\" data-start=\"835\" data-end=\"903\"><strong data-start=\"813\" data-end=\"844\">Elegante dunkelgr\u00fcne Farbe<\/strong>: schlicht und raffiniert<\/li>\n<li data-section-id=\"4pj3ch\" data-start=\"904\" data-end=\"965\"><strong data-start=\"909\" data-end=\"927\">Stoffband<\/strong>: hochwertige und professionelle Optik<\/li>\n<li data-section-id=\"1da6fzz\" data-start=\"966\" data-end=\"1032\"><strong data-start=\"971\" data-end=\"996\">Guter Halt der Schleifen<\/strong>: bleibt in Form, ohne sich zu verformen<\/li>\n<li data-section-id=\"192xbxr\" data-start=\"1033\" data-end=\"1096\">Leicht zu schneiden und zu knoten<\/li>\n<li data-section-id=\"ug5r61\" data-start=\"1097\" data-end=\"1156\"><strong data-start=\"1102\" data-end=\"1121\">Gro\u00dfe L\u00e4nge<\/strong>: perfekt f\u00fcr den regelm\u00e4\u00dfigen Gebrauch<\/li>\n<li data-section-id=\"1ug553t\" data-start=\"1157\" data-end=\"1224\">Ideal f\u00fcr Geschenke, Dekorationen, Verpackungen<\/li>\n<\/ul>\n<p>&nbsp;<\/p>\n<p><!--more--><\/p>\n<h4>Weitere Informationen :<\/h4>\n<ul>\n<li><strong>Verpackung<\/strong>: Einzeln<\/li>\n<li><strong>Farbe<\/strong>: Dunkelgr\u00fcn<\/li>\n<li><strong>Modell<\/strong>: Taftl\u00e8ne<\/li>\n<li><strong>Breite<\/strong>: 10 mm<\/li>\n<li><strong>L\u00e4nge<\/strong>: 50 m<\/li>\n<li><strong>Material<\/strong>: Stoff<\/li>\n<\/ul>\n<p>&nbsp;<\/p>\n<p><!--more--><\/p>\n<p>Diese gelbe Stoffbandrolle ist in verschiedenen Gr\u00f6\u00dfen erh\u00e4ltlich: <span style=\"color: #d12727;\"><a style=\"color: #d12727;\" href=\"https:\/\/www.csj-emballages.com\/de\/produit\/gelbe-tissue-spule-taftlene-50m-x-10mm\/\">Gelb<\/a><\/span> \/ <span style=\"color: #d12727;\"><a style=\"color: #d12727;\" href=\"https:\/\/www.csj-emballages.com\/de\/produit\/hellgruene-tissue-spule-taftlene-50m-x-10mm\/\">Hellgr\u00fcn<\/a><\/span> \/ <span style=\"color: #d12727;\"><a style=\"color: #d12727;\" href=\"https:\/\/www.csj-emballages.com\/de\/produit\/tissue-spule-taftlene-50m-x-10mm-bonbonrosa\/\">Bonbonrosa<\/a><\/span> \/ <span style=\"color: #d12727;\"><a style=\"color: #d12727;\" href=\"https:\/\/www.csj-emballages.com\/de\/produit\/violette-tissue-spule-taftlene-50m-x-10mm\/\">Violett<\/a><\/span><\/p>\n<p>&nbsp;<\/p>\n<p><!--more--><\/p>\n<p><a href=\"https:\/\/www.csj-emballages.com\/de\/categorie-produit\/lebensmittelverpackungen\/backerei-und-konditorei\/zubehor-und-ausstattung\/dekoratives-zubehor\/stoffspulen\/\">Sehen Sie sich den Rest unseres Stoffbandrollen-Sortiments an<\/a><\/p>\n","protected":false},"excerpt":{"rendered":"<p>Dunkelgr\u00fcne Stoffbandrolle Entdecken Sie unsere dunkelgr\u00fcne Stoffbandrolle \u201eTaftl\u00e8ne\u201c 50 m x 10 mm<\/p>\n","protected":false},"featured_media":277523,"template":"","meta":{"_acf_changed":false},"product_brand":[],"product_cat":[1137,1171,1794,2143,1487,1813,2147],"product_tag":[],"class_list":{"0":"post-19817","1":"product","2":"type-product","3":"status-publish","4":"has-post-thumbnail","6":"product_cat-lebensmittelverpackungen","7":"product_cat-backerei-und-konditorei","8":"product_cat-dekoratives-zubehor","9":"product_cat-stoffspulen","10":"product_cat-boutique-und-geschaft","11":"product_cat-dekoratives-zubehor-de","12":"product_cat-stoffspulen-de","14":"first","15":"instock","16":"taxable","17":"shipping-taxable","18":"purchasable","19":"product-type-simple"},"acf":[],"yoast_head":"<!-- This site is optimized with the Yoast SEO Premium plugin v26.6 (Yoast SEO v26.6) - https:\/\/yoast.com\/wordpress\/plugins\/seo\/ -->\n<title>Dunkelgr\u00fcne Stoffbandrolle \u201eTaftl\u00e8ne\u201c 50 m x 10 mm<\/title>\n<meta name=\"description\" content=\"Dunkelgr\u00fcne Stoffbandrolle: elegant, widerstandsf\u00e4hig und ideal f\u00fcr Geschenkverpackungen und Dekorationen. Sorgf\u00e4ltige Verarbeitung und perfekter Halt.\" \/>\n<meta name=\"robots\" content=\"index, follow, max-snippet:-1, max-image-preview:large, max-video-preview:-1\" \/>\n<link rel=\"canonical\" href=\"https:\/\/www.csj-emballages.com\/de\/produit\/dunkelgruene-tissue-spule-taftlene-50m-x-10mm\/\" \/>\n<meta property=\"og:locale\" content=\"de_DE\" \/>\n<meta property=\"og:type\" content=\"article\" \/>\n<meta property=\"og:title\" content=\"Dunkelgr\u00fcne Tissue-Spule &quot;Taftlene&quot; 50m x 10mm\" \/>\n<meta property=\"og:description\" content=\"Dunkelgr\u00fcne Stoffbandrolle: elegant, widerstandsf\u00e4hig und ideal f\u00fcr Geschenkverpackungen und Dekorationen. Sorgf\u00e4ltige Verarbeitung und perfekter Halt.\" \/>\n<meta property=\"og:url\" content=\"https:\/\/www.csj-emballages.com\/de\/produit\/dunkelgruene-tissue-spule-taftlene-50m-x-10mm\/\" \/>\n<meta property=\"og:site_name\" content=\"CSJ Emballages\" \/>\n<meta property=\"article:publisher\" content=\"https:\/\/www.facebook.com\/csjemballages\" \/>\n<meta property=\"article:modified_time\" content=\"2026-04-15T07:47:20+00:00\" \/>\n<meta property=\"og:image\" content=\"https:\/\/www.csj-emballages.com\/wp-content\/uploads\/2024\/03\/BOBTAFL87.webp\" \/>\n\t<meta property=\"og:image:width\" content=\"800\" \/>\n\t<meta property=\"og:image:height\" content=\"800\" \/>\n\t<meta property=\"og:image:type\" content=\"image\/webp\" \/>\n<meta name=\"twitter:card\" content=\"summary_large_image\" \/>\n<meta name=\"twitter:label1\" content=\"Gesch\u00e4tzte Lesezeit\" \/>\n\t<meta name=\"twitter:data1\" content=\"1\u00a0Minute\" \/>\n<script type=\"application\/ld+json\" class=\"yoast-schema-graph\">{\"@context\":\"https:\/\/schema.org\",\"@graph\":[{\"@type\":\"WebPage\",\"@id\":\"https:\/\/www.csj-emballages.com\/de\/produit\/dunkelgruene-tissue-spule-taftlene-50m-x-10mm\/\",\"url\":\"https:\/\/www.csj-emballages.com\/de\/produit\/dunkelgruene-tissue-spule-taftlene-50m-x-10mm\/\",\"name\":\"Dunkelgr\u00fcne Stoffbandrolle \u201eTaftl\u00e8ne\u201c 50 m x 10 mm\",\"isPartOf\":{\"@id\":\"https:\/\/www.csj-emballages.com\/de\/#website\"},\"primaryImageOfPage\":{\"@id\":\"https:\/\/www.csj-emballages.com\/de\/produit\/dunkelgruene-tissue-spule-taftlene-50m-x-10mm\/#primaryimage\"},\"image\":{\"@id\":\"https:\/\/www.csj-emballages.com\/de\/produit\/dunkelgruene-tissue-spule-taftlene-50m-x-10mm\/#primaryimage\"},\"thumbnailUrl\":\"https:\/\/www.csj-emballages.com\/wp-content\/uploads\/2024\/03\/BOBTAFL87.webp\",\"datePublished\":\"2024-03-01T15:56:10+00:00\",\"dateModified\":\"2026-04-15T07:47:20+00:00\",\"description\":\"Dunkelgr\u00fcne Stoffbandrolle: elegant, widerstandsf\u00e4hig und ideal f\u00fcr Geschenkverpackungen und Dekorationen. Sorgf\u00e4ltige Verarbeitung und perfekter Halt.\",\"breadcrumb\":{\"@id\":\"https:\/\/www.csj-emballages.com\/de\/produit\/dunkelgruene-tissue-spule-taftlene-50m-x-10mm\/#breadcrumb\"},\"inLanguage\":\"de\",\"potentialAction\":[{\"@type\":\"ReadAction\",\"target\":[\"https:\/\/www.csj-emballages.com\/de\/produit\/dunkelgruene-tissue-spule-taftlene-50m-x-10mm\/\"]}]},{\"@type\":\"ImageObject\",\"inLanguage\":\"de\",\"@id\":\"https:\/\/www.csj-emballages.com\/de\/produit\/dunkelgruene-tissue-spule-taftlene-50m-x-10mm\/#primaryimage\",\"url\":\"https:\/\/www.csj-emballages.com\/wp-content\/uploads\/2024\/03\/BOBTAFL87.webp\",\"contentUrl\":\"https:\/\/www.csj-emballages.com\/wp-content\/uploads\/2024\/03\/BOBTAFL87.webp\",\"width\":800,\"height\":800,\"caption\":\"Bobine tissue vert fonc\u00e9\"},{\"@type\":\"BreadcrumbList\",\"@id\":\"https:\/\/www.csj-emballages.com\/de\/produit\/dunkelgruene-tissue-spule-taftlene-50m-x-10mm\/#breadcrumb\",\"itemListElement\":[{\"@type\":\"ListItem\",\"position\":1,\"name\":\"Accueil\",\"item\":\"https:\/\/www.csj-emballages.com\/de\/universum-lebensmittelverpackungen\/\"},{\"@type\":\"ListItem\",\"position\":2,\"name\":\"Shop\",\"item\":\"https:\/\/www.csj-emballages.com\/shop\/\"},{\"@type\":\"ListItem\",\"position\":3,\"name\":\"Dunkelgr\u00fcne Tissue-Spule \u00ab\u00a0Taftlene\u00a0\u00bb 50m x 10mm\"}]},{\"@type\":\"WebSite\",\"@id\":\"https:\/\/www.csj-emballages.com\/de\/#website\",\"url\":\"https:\/\/www.csj-emballages.com\/de\/\",\"name\":\"CSJ Emballages\",\"description\":\"\",\"publisher\":{\"@id\":\"https:\/\/www.csj-emballages.com\/de\/#organization\"},\"potentialAction\":[{\"@type\":\"SearchAction\",\"target\":{\"@type\":\"EntryPoint\",\"urlTemplate\":\"https:\/\/www.csj-emballages.com\/de\/?s={search_term_string}\"},\"query-input\":{\"@type\":\"PropertyValueSpecification\",\"valueRequired\":true,\"valueName\":\"search_term_string\"}}],\"inLanguage\":\"de\"},{\"@type\":\"Organization\",\"@id\":\"https:\/\/www.csj-emballages.com\/de\/#Organization\/\",\"name\":\"CSJ Emballages\",\"url\":\"https:\/\/www.csj-emballages.com\/de\/\",\"logo\":{\"@type\":\"ImageObject\",\"inLanguage\":\"de\",\"@id\":\"https:\/\/www.csj-emballages.com\/de\/#\/schema\/logo\/image\/\",\"url\":\"https:\/\/www.csj-emballages.com\/wp-content\/uploads\/2023\/10\/logo_csj.webp\",\"contentUrl\":\"https:\/\/www.csj-emballages.com\/wp-content\/uploads\/2023\/10\/logo_csj.webp\",\"width\":250,\"height\":95,\"caption\":\"CSJ Emballages\"},\"image\":{\"@id\":\"https:\/\/www.csj-emballages.com\/de\/#\/schema\/logo\/image\/\"},\"sameAs\":[\"https:\/\/www.facebook.com\/csjemballages\"],\"address\":{\"@type\":\"PostalAddress\",\"streetAddress\":\"ZI La Lechere\",\"addressLocality\":\"Patornay\",\"postalCode\":\"39130\",\"addressCountry\":\"FR\"},\"contactPoint\":[{\"@type\":\"ContactPoint\",\"contactType\":\"Service client\",\"telephone\":\"0384254272\",\"email\":\"contact@csj-emballages.com\"}]}]}<\/script>\n<!-- \/ Yoast SEO Premium plugin. -->","yoast_head_json":{"title":"Dunkelgr\u00fcne Stoffbandrolle \u201eTaftl\u00e8ne\u201c 50 m x 10 mm","description":"Dunkelgr\u00fcne Stoffbandrolle: elegant, widerstandsf\u00e4hig und ideal f\u00fcr Geschenkverpackungen und Dekorationen. Sorgf\u00e4ltige Verarbeitung und perfekter Halt.","robots":{"index":"index","follow":"follow","max-snippet":"max-snippet:-1","max-image-preview":"max-image-preview:large","max-video-preview":"max-video-preview:-1"},"canonical":"https:\/\/www.csj-emballages.com\/de\/produit\/dunkelgruene-tissue-spule-taftlene-50m-x-10mm\/","og_locale":"de_DE","og_type":"article","og_title":"Dunkelgr\u00fcne Tissue-Spule \"Taftlene\" 50m x 10mm","og_description":"Dunkelgr\u00fcne Stoffbandrolle: elegant, widerstandsf\u00e4hig und ideal f\u00fcr Geschenkverpackungen und Dekorationen. Sorgf\u00e4ltige Verarbeitung und perfekter Halt.","og_url":"https:\/\/www.csj-emballages.com\/de\/produit\/dunkelgruene-tissue-spule-taftlene-50m-x-10mm\/","og_site_name":"CSJ Emballages","article_publisher":"https:\/\/www.facebook.com\/csjemballages","article_modified_time":"2026-04-15T07:47:20+00:00","og_image":[{"width":800,"height":800,"url":"https:\/\/www.csj-emballages.com\/wp-content\/uploads\/2024\/03\/BOBTAFL87.webp","type":"image\/webp"}],"twitter_card":"summary_large_image","twitter_misc":{"Gesch\u00e4tzte Lesezeit":"1\u00a0Minute"},"schema":{"@context":"https:\/\/schema.org","@graph":[{"@type":"WebPage","@id":"https:\/\/www.csj-emballages.com\/de\/produit\/dunkelgruene-tissue-spule-taftlene-50m-x-10mm\/","url":"https:\/\/www.csj-emballages.com\/de\/produit\/dunkelgruene-tissue-spule-taftlene-50m-x-10mm\/","name":"Dunkelgr\u00fcne Stoffbandrolle \u201eTaftl\u00e8ne\u201c 50 m x 10 mm","isPartOf":{"@id":"https:\/\/www.csj-emballages.com\/de\/#website"},"primaryImageOfPage":{"@id":"https:\/\/www.csj-emballages.com\/de\/produit\/dunkelgruene-tissue-spule-taftlene-50m-x-10mm\/#primaryimage"},"image":{"@id":"https:\/\/www.csj-emballages.com\/de\/produit\/dunkelgruene-tissue-spule-taftlene-50m-x-10mm\/#primaryimage"},"thumbnailUrl":"https:\/\/www.csj-emballages.com\/wp-content\/uploads\/2024\/03\/BOBTAFL87.webp","datePublished":"2024-03-01T15:56:10+00:00","dateModified":"2026-04-15T07:47:20+00:00","description":"Dunkelgr\u00fcne Stoffbandrolle: elegant, widerstandsf\u00e4hig und ideal f\u00fcr Geschenkverpackungen und Dekorationen. Sorgf\u00e4ltige Verarbeitung und perfekter Halt.","breadcrumb":{"@id":"https:\/\/www.csj-emballages.com\/de\/produit\/dunkelgruene-tissue-spule-taftlene-50m-x-10mm\/#breadcrumb"},"inLanguage":"de","potentialAction":[{"@type":"ReadAction","target":["https:\/\/www.csj-emballages.com\/de\/produit\/dunkelgruene-tissue-spule-taftlene-50m-x-10mm\/"]}]},{"@type":"ImageObject","inLanguage":"de","@id":"https:\/\/www.csj-emballages.com\/de\/produit\/dunkelgruene-tissue-spule-taftlene-50m-x-10mm\/#primaryimage","url":"https:\/\/www.csj-emballages.com\/wp-content\/uploads\/2024\/03\/BOBTAFL87.webp","contentUrl":"https:\/\/www.csj-emballages.com\/wp-content\/uploads\/2024\/03\/BOBTAFL87.webp","width":800,"height":800,"caption":"Bobine tissue vert fonc\u00e9"},{"@type":"BreadcrumbList","@id":"https:\/\/www.csj-emballages.com\/de\/produit\/dunkelgruene-tissue-spule-taftlene-50m-x-10mm\/#breadcrumb","itemListElement":[{"@type":"ListItem","position":1,"name":"Accueil","item":"https:\/\/www.csj-emballages.com\/de\/universum-lebensmittelverpackungen\/"},{"@type":"ListItem","position":2,"name":"Shop","item":"https:\/\/www.csj-emballages.com\/shop\/"},{"@type":"ListItem","position":3,"name":"Dunkelgr\u00fcne Tissue-Spule \u00ab\u00a0Taftlene\u00a0\u00bb 50m x 10mm"}]},{"@type":"WebSite","@id":"https:\/\/www.csj-emballages.com\/de\/#website","url":"https:\/\/www.csj-emballages.com\/de\/","name":"CSJ Emballages","description":"","publisher":{"@id":"https:\/\/www.csj-emballages.com\/de\/#organization"},"potentialAction":[{"@type":"SearchAction","target":{"@type":"EntryPoint","urlTemplate":"https:\/\/www.csj-emballages.com\/de\/?s={search_term_string}"},"query-input":{"@type":"PropertyValueSpecification","valueRequired":true,"valueName":"search_term_string"}}],"inLanguage":"de"},{"@type":"Organization","@id":"https:\/\/www.csj-emballages.com\/de\/#Organization\/","name":"CSJ Emballages","url":"https:\/\/www.csj-emballages.com\/de\/","logo":{"@type":"ImageObject","inLanguage":"de","@id":"https:\/\/www.csj-emballages.com\/de\/#\/schema\/logo\/image\/","url":"https:\/\/www.csj-emballages.com\/wp-content\/uploads\/2023\/10\/logo_csj.webp","contentUrl":"https:\/\/www.csj-emballages.com\/wp-content\/uploads\/2023\/10\/logo_csj.webp","width":250,"height":95,"caption":"CSJ Emballages"},"image":{"@id":"https:\/\/www.csj-emballages.com\/de\/#\/schema\/logo\/image\/"},"sameAs":["https:\/\/www.facebook.com\/csjemballages"],"address":{"@type":"PostalAddress","streetAddress":"ZI La Lechere","addressLocality":"Patornay","postalCode":"39130","addressCountry":"FR"},"contactPoint":[{"@type":"ContactPoint","contactType":"Service client","telephone":"0384254272","email":"contact@csj-emballages.com"}]}]}},"df_price":7.15,"df_sale_price":"","df_regular_price":7.15,"df_image_link":"https:\/\/www.csj-emballages.com\/wp-content\/uploads\/2024\/03\/BOBTAFL87-300x300.webp","tiered_pricing_type":"fixed","tiered_pricing_fixed_rules":[],"tiered_pricing_percentage_rules":[],"tiered_pricing_minimum":1,"tiered_pricing_roles_data":[],"_links":{"self":[{"href":"https:\/\/www.csj-emballages.com\/de\/wp-json\/wp\/v2\/product\/19817","targetHints":{"allow":["GET"]}}],"collection":[{"href":"https:\/\/www.csj-emballages.com\/de\/wp-json\/wp\/v2\/product"}],"about":[{"href":"https:\/\/www.csj-emballages.com\/de\/wp-json\/wp\/v2\/types\/product"}],"wp:featuredmedia":[{"embeddable":true,"href":"https:\/\/www.csj-emballages.com\/de\/wp-json\/wp\/v2\/media\/277523"}],"wp:attachment":[{"href":"https:\/\/www.csj-emballages.com\/de\/wp-json\/wp\/v2\/media?parent=19817"}],"wp:term":[{"taxonomy":"product_brand","embeddable":true,"href":"https:\/\/www.csj-emballages.com\/de\/wp-json\/wp\/v2\/product_brand?post=19817"},{"taxonomy":"product_cat","embeddable":true,"href":"https:\/\/www.csj-emballages.com\/de\/wp-json\/wp\/v2\/product_cat?post=19817"},{"taxonomy":"product_tag","embeddable":true,"href":"https:\/\/www.csj-emballages.com\/de\/wp-json\/wp\/v2\/product_tag?post=19817"}],"curies":[{"name":"wp","href":"https:\/\/api.w.org\/{rel}","templated":true}]}}