{"id":19781,"date":"2024-03-01T16:56:16","date_gmt":"2024-03-01T15:56:16","guid":{"rendered":"https:\/\/u15jnbdpoq.preview.infomaniak.website\/produit\/bolduc-spule-schokolade-rosa-matline-250m-x-10mm\/"},"modified":"2026-03-12T16:13:34","modified_gmt":"2026-03-12T15:13:34","slug":"bolduc-spule-schokolade-rosa-matline-250m-x-10mm","status":"publish","type":"product","link":"https:\/\/www.csj-emballages.com\/de\/produit\/bolduc-spule-schokolade-rosa-matline-250m-x-10mm\/","title":{"rendered":"Bolduc-Spule Schokolade \/ Rosa &#8222;matline&#8220; 250m x 10mm"},"content":{"rendered":"<div style=\"text-align: center;\">\n<div style=\"text-align: left;\">\n<div class=\"flex flex-grow flex-col max-w-full\">\n<div class=\"min-h-[20px] text-message flex flex-col items-start whitespace-pre-wrap break-words [.text-message+&amp;]:mt-5 juice:w-full juice:items-end overflow-x-auto gap-2\" dir=\"auto\" data-message-author-role=\"assistant\" data-message-id=\"2034782e-88f9-44ef-b4dc-07dd7bf0115f\">\n<div class=\"flex w-full flex-col gap-1 juice:empty:hidden juice:first:pt-[3px]\">\n<div class=\"markdown prose w-full break-words dark:prose-invert light\">\n<div style=\"box-sizing: inherit; font-family: Roboto, sans-serif;\">\n<div style=\"box-sizing: inherit; font-family: Roboto, sans-serif;\">\n<div style=\"box-sizing: inherit; font-family: Roboto, sans-serif;\">\n<div style=\"box-sizing: inherit; font-family: Roboto, sans-serif;\">\n<div style=\"box-sizing: inherit; font-family: Roboto, sans-serif;\">\n<div style=\"box-sizing: inherit; font-family: Roboto, sans-serif;\">\n<h2><strong style=\"font-family: Roboto, sans-serif;\">Geschenkband-Spule  <\/strong><\/h2>\n<div style=\"box-sizing: inherit; font-family: Roboto, sans-serif;\">\n<div style=\"box-sizing: inherit; font-family: Roboto, sans-serif;\">\n<div style=\"box-sizing: inherit; font-family: Roboto, sans-serif;\">\n<div style=\"text-align: center;\">\n<div style=\"box-sizing: inherit; font-family: Roboto, sans-serif;\">\n<div style=\"box-sizing: inherit; font-family: Roboto, sans-serif;\">\n<div style=\"box-sizing: inherit; font-family: Roboto, sans-serif;\">\n<div style=\"box-sizing: inherit; font-family: Roboto, sans-serif;\">\n<div style=\"box-sizing: inherit; font-family: Roboto, sans-serif;\">\n<div style=\"box-sizing: inherit; font-family: Roboto, sans-serif; text-align: left;\">\n<hr>\n<h3 style=\"text-align: left;\">Beschreibung von Bolduc-Spule Schokolade \/ Rosa &#8222;matline&#8220; 250m x 10mm<!--more--><\/h3>\n<p data-start=\"260\" data-end=\"602\">Die <strong>Geschenkband-Spule Schokolade \/ Rosa \u201eMatline\u201c 250 Meter x 10 mm<\/strong> ist das unverzichtbare Accessoire, um Ihre Geschenkverpackungen und Warenpr\u00e4sentationen zu veredeln. Dank der eleganten Kombination aus <strong>Schokoladen- und Rosat\u00f6nen<\/strong> mit <strong>mattem Finish<\/strong> verleiht sie all Ihren Paketen, Blumengestecken und festlichen Verpackungen eine raffinierte und moderne Note. <\/p>\n<p data-start=\"604\" data-end=\"888\">Die <strong>Breite von 10 mm<\/strong> bietet ein sch\u00f6nes visuelles Gleichgewicht, ideal f\u00fcr volumin\u00f6se Schleifen oder gepflegte Abschl\u00fcsse. Das matte Erscheinungsbild verleiht zudem eine dezente und zeitgem\u00e4\u00dfe Eleganz, die perfekt auf <strong>Boutiquen, Floristen, Konditoreien, den Einzelhandel oder besondere Anl\u00e4sse<\/strong> abgestimmt ist. <\/p>\n<p data-start=\"890\" data-end=\"1201\">Das flexible und leicht zu handhabende <strong>Geschenkband \u201eMatline\u201c<\/strong> erm\u00f6glicht das schnelle Erstellen dekorativer Schleifen. Zudem sorgt die <strong>gro\u00dfz\u00fcgige L\u00e4nge von 250<\/strong> <strong>Metern<\/strong> f\u00fcr eine langlebige und wirtschaftliche Nutzung, die sowohl den Anforderungen von Profis als auch dem intensiven Gebrauch in der Festzeit gerecht wird. <\/p>\n<p data-start=\"1203\" data-end=\"1481\">Zusammenfassend ist diese <strong>Spule<\/strong> ideal f\u00fcr <strong>Geschenkverpackungen, Pr\u00e4sentk\u00f6rbe, Geb\u00e4ckschachteln, Blumengestecke oder Event-Dekorationen<\/strong>. Die <strong>Kombination aus Schokolade und Rosa<\/strong> erm\u00f6glicht ein Spiel mit Kontrasten bei gleichzeitiger Wahrung einer eleganten und trendigen Harmonie.<\/p>\n<p data-start=\"1203\" data-end=\"1481\">\n<\/div>\n<\/div>\n<\/div>\n<\/div>\n<\/div>\n<\/div>\n<\/div>\n<\/div>\n<\/div>\n<\/div>\n<\/div>\n<\/div>\n<\/div>\n<\/div>\n<\/div>\n<\/div>\n<\/div>\n<\/div>\n<\/div>\n<\/div>\n<div class=\"flex flex-grow flex-col max-w-full\">\n<div class=\"min-h-[20px] text-message flex flex-col items-start whitespace-pre-wrap break-words [.text-message+&amp;]:mt-5 juice:w-full juice:items-end overflow-x-auto gap-2\" dir=\"auto\" data-message-author-role=\"assistant\" data-message-id=\"2034782e-88f9-44ef-b4dc-07dd7bf0115f\">\n<div class=\"flex w-full flex-col gap-1 juice:empty:hidden juice:first:pt-[3px]\">\n<div class=\"markdown prose w-full break-words dark:prose-invert light\">\n<div style=\"box-sizing: inherit; font-family: Roboto, sans-serif;\">\n<div style=\"box-sizing: inherit; font-family: Roboto, sans-serif;\">\n<div style=\"box-sizing: inherit; font-family: Roboto, sans-serif;\">\n<div style=\"box-sizing: inherit; font-family: Roboto, sans-serif;\">\n<div style=\"box-sizing: inherit; font-family: Roboto, sans-serif;\">\n<div style=\"box-sizing: inherit; font-family: Roboto, sans-serif;\">\n<p><!--more--><\/p>\n<h4 style=\"text-align: left;\"><strong>Vorteile :<\/strong><\/h4>\n<ul>\n<li data-start=\"1519\" data-end=\"1569\">Elegante <strong>Farbkombination Schokolade \/ Rosa<\/strong>.<\/li>\n<li data-start=\"1572\" data-end=\"1607\">Modernes und raffiniertes mattes Finish.<\/li>\n<li data-start=\"1610\" data-end=\"1656\"><strong>Breite 10 mm<\/strong>, ideal f\u00fcr Schleifen und Abschl\u00fcsse.<\/li>\n<li data-start=\"1659\" data-end=\"1707\"><strong>L\u00e4nge 250 m<\/strong> f\u00fcr eine wirtschaftliche Nutzung.<\/li>\n<li data-start=\"1710\" data-end=\"1740\">Flexibel und einfach zu handhaben.<\/li>\n<li data-start=\"1743\" data-end=\"1790\">Ideal f\u00fcr Geschenkverpackungen und Gestecke.<\/li>\n<li data-start=\"1793\" data-end=\"1845\">Geeignet f\u00fcr Profis und die Festtagszeit.<\/li>\n<\/ul>\n<p>&nbsp;<\/p>\n<p><!--more--><\/p>\n<\/div>\n<\/div>\n<h4>Weitere Informationen :<\/h4>\n<ul>\n<li><strong>Verpackung<\/strong>: Einzeln<\/li>\n<li><strong>Ma\u00dfe<\/strong>: 250 m x 10 mm<\/li>\n<li><strong>Farbe<\/strong>: Schokolade \/ Rosa<\/li>\n<\/ul>\n<\/div>\n<\/div>\n<\/div>\n<\/div>\n<\/div>\n<\/div>\n<\/div>\n<\/div>\n<p>&nbsp;<\/p>\n<p style=\"text-align: left;\"><!--more--><\/p>\n<p><a href=\"https:\/\/www.csj-emballages.com\/de\/categorie-produit\/lebensmittelverpackungen\/backerei-und-konditorei\/zubehor-und-ausstattung\/dekoratives-zubehor\/bolduc-spulen\/\">Sehen Sie sich den Rest unseres Sortiments an Bolduc-Spulen an.<\/a><\/p>\n<\/div>\n<\/div>\n","protected":false},"excerpt":{"rendered":"<p>Geschenkband-Spule Beschreibung von Bolduc-Spule Schokolade \/ Rosa &#8222;matline&#8220; 250m x 10mm<\/p>\n","protected":false},"featured_media":264244,"template":"","meta":{"_acf_changed":false},"product_brand":[],"product_cat":[1137,1171,1794,1803,2221,1487,1813,2124,2222],"product_tag":[],"class_list":{"0":"post-19781","1":"product","2":"type-product","3":"status-publish","4":"has-post-thumbnail","6":"product_cat-lebensmittelverpackungen","7":"product_cat-backerei-und-konditorei","8":"product_cat-dekoratives-zubehor","9":"product_cat-bolduc-spulen","10":"product_cat-bolduc-matline-spulen","11":"product_cat-boutique-und-geschaft","12":"product_cat-dekoratives-zubehor-de","13":"product_cat-bolduc-spulen-de","14":"product_cat-bolduc-matline-spulen-de","16":"first","17":"instock","18":"taxable","19":"shipping-taxable","20":"purchasable","21":"product-type-simple"},"acf":[],"yoast_head":"<!-- This site is optimized with the Yoast SEO Premium plugin v26.6 (Yoast SEO v26.6) - https:\/\/yoast.com\/wordpress\/plugins\/seo\/ -->\n<title>Geschenkband-Spule Schokolade \/ Rosa \u201eMatline\u201c 250 m x 10 mm<\/title>\n<meta name=\"description\" content=\"Geschenkband-Spule Schokolade \/ Rosa Matline 250 m x 10 mm. Elegantes mattes Finish, ideal f\u00fcr Geschenkverpackungen und professionelle Dekorationen.\" \/>\n<meta name=\"robots\" content=\"index, follow, max-snippet:-1, max-image-preview:large, max-video-preview:-1\" \/>\n<link rel=\"canonical\" href=\"https:\/\/www.csj-emballages.com\/de\/produit\/bolduc-spule-schokolade-rosa-matline-250m-x-10mm\/\" \/>\n<meta property=\"og:locale\" content=\"de_DE\" \/>\n<meta property=\"og:type\" content=\"article\" \/>\n<meta property=\"og:title\" content=\"Bolduc-Spule Schokolade \/ Rosa &quot;matline&quot; 250m x 10mm\" \/>\n<meta property=\"og:description\" content=\"Geschenkband-Spule Schokolade \/ Rosa Matline 250 m x 10 mm. Elegantes mattes Finish, ideal f\u00fcr Geschenkverpackungen und professionelle Dekorationen.\" \/>\n<meta property=\"og:url\" content=\"https:\/\/www.csj-emballages.com\/de\/produit\/bolduc-spule-schokolade-rosa-matline-250m-x-10mm\/\" \/>\n<meta property=\"og:site_name\" content=\"CSJ Emballages\" \/>\n<meta property=\"article:publisher\" content=\"https:\/\/www.facebook.com\/csjemballages\" \/>\n<meta property=\"article:modified_time\" content=\"2026-03-12T15:13:34+00:00\" \/>\n<meta property=\"og:image\" content=\"https:\/\/www.csj-emballages.com\/wp-content\/uploads\/2024\/03\/BOBMATB46.webp\" \/>\n\t<meta property=\"og:image:width\" content=\"800\" \/>\n\t<meta property=\"og:image:height\" content=\"800\" \/>\n\t<meta property=\"og:image:type\" content=\"image\/webp\" \/>\n<meta name=\"twitter:card\" content=\"summary_large_image\" \/>\n<meta name=\"twitter:label1\" content=\"Gesch\u00e4tzte Lesezeit\" \/>\n\t<meta name=\"twitter:data1\" content=\"1\u00a0Minute\" \/>\n<script type=\"application\/ld+json\" class=\"yoast-schema-graph\">{\"@context\":\"https:\/\/schema.org\",\"@graph\":[{\"@type\":\"WebPage\",\"@id\":\"https:\/\/www.csj-emballages.com\/de\/produit\/bolduc-spule-schokolade-rosa-matline-250m-x-10mm\/\",\"url\":\"https:\/\/www.csj-emballages.com\/de\/produit\/bolduc-spule-schokolade-rosa-matline-250m-x-10mm\/\",\"name\":\"Geschenkband-Spule Schokolade \/ Rosa \u201eMatline\u201c 250 m x 10 mm\",\"isPartOf\":{\"@id\":\"https:\/\/www.csj-emballages.com\/de\/#website\"},\"primaryImageOfPage\":{\"@id\":\"https:\/\/www.csj-emballages.com\/de\/produit\/bolduc-spule-schokolade-rosa-matline-250m-x-10mm\/#primaryimage\"},\"image\":{\"@id\":\"https:\/\/www.csj-emballages.com\/de\/produit\/bolduc-spule-schokolade-rosa-matline-250m-x-10mm\/#primaryimage\"},\"thumbnailUrl\":\"https:\/\/www.csj-emballages.com\/wp-content\/uploads\/2024\/03\/BOBMATB46.webp\",\"datePublished\":\"2024-03-01T15:56:16+00:00\",\"dateModified\":\"2026-03-12T15:13:34+00:00\",\"description\":\"Geschenkband-Spule Schokolade \/ Rosa Matline 250 m x 10 mm. Elegantes mattes Finish, ideal f\u00fcr Geschenkverpackungen und professionelle Dekorationen.\",\"breadcrumb\":{\"@id\":\"https:\/\/www.csj-emballages.com\/de\/produit\/bolduc-spule-schokolade-rosa-matline-250m-x-10mm\/#breadcrumb\"},\"inLanguage\":\"de\",\"potentialAction\":[{\"@type\":\"ReadAction\",\"target\":[\"https:\/\/www.csj-emballages.com\/de\/produit\/bolduc-spule-schokolade-rosa-matline-250m-x-10mm\/\"]}]},{\"@type\":\"ImageObject\",\"inLanguage\":\"de\",\"@id\":\"https:\/\/www.csj-emballages.com\/de\/produit\/bolduc-spule-schokolade-rosa-matline-250m-x-10mm\/#primaryimage\",\"url\":\"https:\/\/www.csj-emballages.com\/wp-content\/uploads\/2024\/03\/BOBMATB46.webp\",\"contentUrl\":\"https:\/\/www.csj-emballages.com\/wp-content\/uploads\/2024\/03\/BOBMATB46.webp\",\"width\":800,\"height\":800,\"caption\":\"Bobine bolduc\"},{\"@type\":\"BreadcrumbList\",\"@id\":\"https:\/\/www.csj-emballages.com\/de\/produit\/bolduc-spule-schokolade-rosa-matline-250m-x-10mm\/#breadcrumb\",\"itemListElement\":[{\"@type\":\"ListItem\",\"position\":1,\"name\":\"Accueil\",\"item\":\"https:\/\/www.csj-emballages.com\/de\/universum-lebensmittelverpackungen\/\"},{\"@type\":\"ListItem\",\"position\":2,\"name\":\"Shop\",\"item\":\"https:\/\/www.csj-emballages.com\/shop\/\"},{\"@type\":\"ListItem\",\"position\":3,\"name\":\"Bolduc-Spule Schokolade \/ Rosa \u00ab\u00a0matline\u00a0\u00bb 250m x 10mm\"}]},{\"@type\":\"WebSite\",\"@id\":\"https:\/\/www.csj-emballages.com\/de\/#website\",\"url\":\"https:\/\/www.csj-emballages.com\/de\/\",\"name\":\"CSJ Emballages\",\"description\":\"\",\"publisher\":{\"@id\":\"https:\/\/www.csj-emballages.com\/de\/#organization\"},\"potentialAction\":[{\"@type\":\"SearchAction\",\"target\":{\"@type\":\"EntryPoint\",\"urlTemplate\":\"https:\/\/www.csj-emballages.com\/de\/?s={search_term_string}\"},\"query-input\":{\"@type\":\"PropertyValueSpecification\",\"valueRequired\":true,\"valueName\":\"search_term_string\"}}],\"inLanguage\":\"de\"},{\"@type\":\"Organization\",\"@id\":\"https:\/\/www.csj-emballages.com\/de\/#Organization\/\",\"name\":\"CSJ Emballages\",\"url\":\"https:\/\/www.csj-emballages.com\/de\/\",\"logo\":{\"@type\":\"ImageObject\",\"inLanguage\":\"de\",\"@id\":\"https:\/\/www.csj-emballages.com\/de\/#\/schema\/logo\/image\/\",\"url\":\"https:\/\/www.csj-emballages.com\/wp-content\/uploads\/2023\/10\/logo_csj.webp\",\"contentUrl\":\"https:\/\/www.csj-emballages.com\/wp-content\/uploads\/2023\/10\/logo_csj.webp\",\"width\":250,\"height\":95,\"caption\":\"CSJ Emballages\"},\"image\":{\"@id\":\"https:\/\/www.csj-emballages.com\/de\/#\/schema\/logo\/image\/\"},\"sameAs\":[\"https:\/\/www.facebook.com\/csjemballages\"],\"address\":{\"@type\":\"PostalAddress\",\"streetAddress\":\"ZI La Lechere\",\"addressLocality\":\"Patornay\",\"postalCode\":\"39130\",\"addressCountry\":\"FR\"},\"contactPoint\":[{\"@type\":\"ContactPoint\",\"contactType\":\"Service client\",\"telephone\":\"0384254272\",\"email\":\"contact@csj-emballages.com\"}]}]}<\/script>\n<!-- \/ Yoast SEO Premium plugin. -->","yoast_head_json":{"title":"Geschenkband-Spule Schokolade \/ Rosa \u201eMatline\u201c 250 m x 10 mm","description":"Geschenkband-Spule Schokolade \/ Rosa Matline 250 m x 10 mm. Elegantes mattes Finish, ideal f\u00fcr Geschenkverpackungen und professionelle Dekorationen.","robots":{"index":"index","follow":"follow","max-snippet":"max-snippet:-1","max-image-preview":"max-image-preview:large","max-video-preview":"max-video-preview:-1"},"canonical":"https:\/\/www.csj-emballages.com\/de\/produit\/bolduc-spule-schokolade-rosa-matline-250m-x-10mm\/","og_locale":"de_DE","og_type":"article","og_title":"Bolduc-Spule Schokolade \/ Rosa \"matline\" 250m x 10mm","og_description":"Geschenkband-Spule Schokolade \/ Rosa Matline 250 m x 10 mm. Elegantes mattes Finish, ideal f\u00fcr Geschenkverpackungen und professionelle Dekorationen.","og_url":"https:\/\/www.csj-emballages.com\/de\/produit\/bolduc-spule-schokolade-rosa-matline-250m-x-10mm\/","og_site_name":"CSJ Emballages","article_publisher":"https:\/\/www.facebook.com\/csjemballages","article_modified_time":"2026-03-12T15:13:34+00:00","og_image":[{"width":800,"height":800,"url":"https:\/\/www.csj-emballages.com\/wp-content\/uploads\/2024\/03\/BOBMATB46.webp","type":"image\/webp"}],"twitter_card":"summary_large_image","twitter_misc":{"Gesch\u00e4tzte Lesezeit":"1\u00a0Minute"},"schema":{"@context":"https:\/\/schema.org","@graph":[{"@type":"WebPage","@id":"https:\/\/www.csj-emballages.com\/de\/produit\/bolduc-spule-schokolade-rosa-matline-250m-x-10mm\/","url":"https:\/\/www.csj-emballages.com\/de\/produit\/bolduc-spule-schokolade-rosa-matline-250m-x-10mm\/","name":"Geschenkband-Spule Schokolade \/ Rosa \u201eMatline\u201c 250 m x 10 mm","isPartOf":{"@id":"https:\/\/www.csj-emballages.com\/de\/#website"},"primaryImageOfPage":{"@id":"https:\/\/www.csj-emballages.com\/de\/produit\/bolduc-spule-schokolade-rosa-matline-250m-x-10mm\/#primaryimage"},"image":{"@id":"https:\/\/www.csj-emballages.com\/de\/produit\/bolduc-spule-schokolade-rosa-matline-250m-x-10mm\/#primaryimage"},"thumbnailUrl":"https:\/\/www.csj-emballages.com\/wp-content\/uploads\/2024\/03\/BOBMATB46.webp","datePublished":"2024-03-01T15:56:16+00:00","dateModified":"2026-03-12T15:13:34+00:00","description":"Geschenkband-Spule Schokolade \/ Rosa Matline 250 m x 10 mm. Elegantes mattes Finish, ideal f\u00fcr Geschenkverpackungen und professionelle Dekorationen.","breadcrumb":{"@id":"https:\/\/www.csj-emballages.com\/de\/produit\/bolduc-spule-schokolade-rosa-matline-250m-x-10mm\/#breadcrumb"},"inLanguage":"de","potentialAction":[{"@type":"ReadAction","target":["https:\/\/www.csj-emballages.com\/de\/produit\/bolduc-spule-schokolade-rosa-matline-250m-x-10mm\/"]}]},{"@type":"ImageObject","inLanguage":"de","@id":"https:\/\/www.csj-emballages.com\/de\/produit\/bolduc-spule-schokolade-rosa-matline-250m-x-10mm\/#primaryimage","url":"https:\/\/www.csj-emballages.com\/wp-content\/uploads\/2024\/03\/BOBMATB46.webp","contentUrl":"https:\/\/www.csj-emballages.com\/wp-content\/uploads\/2024\/03\/BOBMATB46.webp","width":800,"height":800,"caption":"Bobine bolduc"},{"@type":"BreadcrumbList","@id":"https:\/\/www.csj-emballages.com\/de\/produit\/bolduc-spule-schokolade-rosa-matline-250m-x-10mm\/#breadcrumb","itemListElement":[{"@type":"ListItem","position":1,"name":"Accueil","item":"https:\/\/www.csj-emballages.com\/de\/universum-lebensmittelverpackungen\/"},{"@type":"ListItem","position":2,"name":"Shop","item":"https:\/\/www.csj-emballages.com\/shop\/"},{"@type":"ListItem","position":3,"name":"Bolduc-Spule Schokolade \/ Rosa \u00ab\u00a0matline\u00a0\u00bb 250m x 10mm"}]},{"@type":"WebSite","@id":"https:\/\/www.csj-emballages.com\/de\/#website","url":"https:\/\/www.csj-emballages.com\/de\/","name":"CSJ Emballages","description":"","publisher":{"@id":"https:\/\/www.csj-emballages.com\/de\/#organization"},"potentialAction":[{"@type":"SearchAction","target":{"@type":"EntryPoint","urlTemplate":"https:\/\/www.csj-emballages.com\/de\/?s={search_term_string}"},"query-input":{"@type":"PropertyValueSpecification","valueRequired":true,"valueName":"search_term_string"}}],"inLanguage":"de"},{"@type":"Organization","@id":"https:\/\/www.csj-emballages.com\/de\/#Organization\/","name":"CSJ Emballages","url":"https:\/\/www.csj-emballages.com\/de\/","logo":{"@type":"ImageObject","inLanguage":"de","@id":"https:\/\/www.csj-emballages.com\/de\/#\/schema\/logo\/image\/","url":"https:\/\/www.csj-emballages.com\/wp-content\/uploads\/2023\/10\/logo_csj.webp","contentUrl":"https:\/\/www.csj-emballages.com\/wp-content\/uploads\/2023\/10\/logo_csj.webp","width":250,"height":95,"caption":"CSJ Emballages"},"image":{"@id":"https:\/\/www.csj-emballages.com\/de\/#\/schema\/logo\/image\/"},"sameAs":["https:\/\/www.facebook.com\/csjemballages"],"address":{"@type":"PostalAddress","streetAddress":"ZI La Lechere","addressLocality":"Patornay","postalCode":"39130","addressCountry":"FR"},"contactPoint":[{"@type":"ContactPoint","contactType":"Service client","telephone":"0384254272","email":"contact@csj-emballages.com"}]}]}},"df_price":7.28,"df_sale_price":"","df_regular_price":7.28,"df_image_link":"https:\/\/www.csj-emballages.com\/wp-content\/uploads\/2024\/03\/BOBMATB46-300x300.webp","tiered_pricing_type":"fixed","tiered_pricing_fixed_rules":[],"tiered_pricing_percentage_rules":[],"tiered_pricing_minimum":1,"tiered_pricing_roles_data":[],"_links":{"self":[{"href":"https:\/\/www.csj-emballages.com\/de\/wp-json\/wp\/v2\/product\/19781","targetHints":{"allow":["GET"]}}],"collection":[{"href":"https:\/\/www.csj-emballages.com\/de\/wp-json\/wp\/v2\/product"}],"about":[{"href":"https:\/\/www.csj-emballages.com\/de\/wp-json\/wp\/v2\/types\/product"}],"wp:featuredmedia":[{"embeddable":true,"href":"https:\/\/www.csj-emballages.com\/de\/wp-json\/wp\/v2\/media\/264244"}],"wp:attachment":[{"href":"https:\/\/www.csj-emballages.com\/de\/wp-json\/wp\/v2\/media?parent=19781"}],"wp:term":[{"taxonomy":"product_brand","embeddable":true,"href":"https:\/\/www.csj-emballages.com\/de\/wp-json\/wp\/v2\/product_brand?post=19781"},{"taxonomy":"product_cat","embeddable":true,"href":"https:\/\/www.csj-emballages.com\/de\/wp-json\/wp\/v2\/product_cat?post=19781"},{"taxonomy":"product_tag","embeddable":true,"href":"https:\/\/www.csj-emballages.com\/de\/wp-json\/wp\/v2\/product_tag?post=19781"}],"curies":[{"name":"wp","href":"https:\/\/api.w.org\/{rel}","templated":true}]}}