{"id":19767,"date":"2024-03-01T16:56:16","date_gmt":"2024-03-01T15:56:16","guid":{"rendered":"https:\/\/u15jnbdpoq.preview.infomaniak.website\/produit\/blaue-bolduc-spule-mirror-100m-x-7mm\/"},"modified":"2026-03-12T16:13:35","modified_gmt":"2026-03-12T15:13:35","slug":"blaue-bolduc-spule-mirror-100m-x-7mm","status":"publish","type":"product","link":"https:\/\/www.csj-emballages.com\/de\/produit\/blaue-bolduc-spule-mirror-100m-x-7mm\/","title":{"rendered":"Blaue Bolduc-Spule &#8222;Mirror&#8220; 100m x 7mm"},"content":{"rendered":"<div class=\"flex flex-grow flex-col max-w-full\">\n<div class=\"min-h-[20px] text-message flex flex-col items-start whitespace-pre-wrap break-words [.text-message+&amp;]:mt-5 juice:w-full juice:items-end overflow-x-auto gap-2\" dir=\"auto\" data-message-author-role=\"assistant\" data-message-id=\"2034782e-88f9-44ef-b4dc-07dd7bf0115f\">\n<div class=\"flex w-full flex-col gap-1 juice:empty:hidden juice:first:pt-[3px]\">\n<div class=\"markdown prose w-full break-words dark:prose-invert light\">\n<div style=\"box-sizing: inherit; font-family: Roboto, sans-serif;\">\n<div style=\"box-sizing: inherit; font-family: Roboto, sans-serif;\">\n<div style=\"box-sizing: inherit; font-family: Roboto, sans-serif;\">\n<div style=\"box-sizing: inherit; font-family: Roboto, sans-serif;\">\n<div style=\"box-sizing: inherit; font-family: Roboto, sans-serif;\">\n<div style=\"box-sizing: inherit; font-family: Roboto, sans-serif;\">\n<h2><strong style=\"font-family: Roboto, sans-serif;\">Bolduc-Spule<br \/>\n<\/strong><\/h2>\n<div style=\"box-sizing: inherit; font-family: Roboto, sans-serif;\">\n<div style=\"box-sizing: inherit; font-family: Roboto, sans-serif;\">\n<div style=\"box-sizing: inherit; font-family: Roboto, sans-serif;\">\n<div style=\"text-align: center;\">\n<div style=\"box-sizing: inherit; font-family: Roboto, sans-serif;\">\n<div style=\"box-sizing: inherit; font-family: Roboto, sans-serif;\">\n<div style=\"box-sizing: inherit; font-family: Roboto, sans-serif;\">\n<div style=\"box-sizing: inherit; font-family: Roboto, sans-serif;\">\n<div style=\"box-sizing: inherit; font-family: Roboto, sans-serif;\">\n<div style=\"box-sizing: inherit; font-family: Roboto, sans-serif; text-align: left;\">\n<hr>\n<h3 style=\"text-align: left;\">Beschreibung von Bolduc-Spule blau &#8222;Mirror&#8220; 100m x 7mm<!--more--><\/h3>\n<p>Verleihen Sie Ihren Verpackungen einen Hauch von Eleganz mit unserer <strong>Bolduc-Spule in Spiegelblau<\/strong>. Dieses gl\u00e4nzende Band ist das perfekte Accessoire, um Ihre Geschenkverpackungen zu veredeln und einen sofortigen visuellen Effekt zu erzeugen. Es ist einfach zu verwenden und erm\u00f6glicht es Ihnen, Ihre Kreationen mit einer einfachen und schnellen Geste zu befestigen oder zu dekorieren.  <\/p>\n<p>Mit einer <strong>L\u00e4nge von 100 Metern<\/strong> bietet er Flexibilit\u00e4t f\u00fcr verschiedene Arten von Projekten, von kleinen Paketen bis hin zu gro\u00dfen Schachteln. Sein <strong>fesselnder Spiegeleffekt<\/strong> reflektiert das Licht und verleiht Ihren Verpackungen eine strahlende Dimension. Mit einer <strong>Breite von 7 mm<\/strong> eignet sich das <strong>blaue<\/strong> <strong>Bolduc<\/strong> ideal f\u00fcr raffinierte Schlaufen und volumin\u00f6se Schleifen, die die \u00c4sthetik Ihrer Geschenke aufwerten.  <\/p>\n<p>Perfekt f\u00fcr besondere Anl\u00e4sse wie Geburtstage, Hochzeiten oder Weihnachtsfeiern: Dieses <strong>Bolduc<\/strong> l\u00e4sst sich problemlos in alle Arten von Dekorationen integrieren. Au\u00dferdem l\u00e4sst es sich perfekt aufrollen und rei\u00dft nicht so leicht, sodass jedes Mal ein makelloses Ergebnis garantiert ist. <\/p>\n<p>Es ist vielseitig und widerstandsf\u00e4hig und eignet sich sowohl f\u00fcr den professionellen als auch f\u00fcr den privaten Gebrauch. Mit einer hohen Haltbarkeit sorgt es f\u00fcr eine gepflegte Pr\u00e4sentation bis zum letzten Zentimeter. Verleihen Sie Ihren Geschenken und Verpackungen m\u00fchelos einen <strong>luxuri\u00f6sen Touch<\/strong>. Dieses Band ist der perfekte \u00dcbergang zu einer gepflegten Pr\u00e4sentation und verleiht Ihren Kreationen ein makelloses Finish.   <\/p>\n<p>&nbsp;<\/p>\n<\/div>\n<\/div>\n<\/div>\n<\/div>\n<\/div>\n<\/div>\n<\/div>\n<\/div>\n<\/div>\n<\/div>\n<\/div>\n<\/div>\n<\/div>\n<\/div>\n<\/div>\n<\/div>\n<\/div>\n<\/div>\n<\/div>\n<\/div>\n<div class=\"flex flex-grow flex-col max-w-full\">\n<div class=\"min-h-[20px] text-message flex flex-col items-start whitespace-pre-wrap break-words [.text-message+&amp;]:mt-5 juice:w-full juice:items-end overflow-x-auto gap-2\" dir=\"auto\" data-message-author-role=\"assistant\" data-message-id=\"2034782e-88f9-44ef-b4dc-07dd7bf0115f\">\n<div class=\"flex w-full flex-col gap-1 juice:empty:hidden juice:first:pt-[3px]\">\n<div class=\"markdown prose w-full break-words dark:prose-invert light\">\n<div style=\"box-sizing: inherit; font-family: Roboto, sans-serif;\">\n<div style=\"box-sizing: inherit; font-family: Roboto, sans-serif;\">\n<div style=\"box-sizing: inherit; font-family: Roboto, sans-serif;\">\n<div style=\"box-sizing: inherit; font-family: Roboto, sans-serif;\">\n<div style=\"box-sizing: inherit; font-family: Roboto, sans-serif;\">\n<div style=\"box-sizing: inherit; font-family: Roboto, sans-serif;\">\n<p><!--more--><\/p>\n<h4 style=\"text-align: left;\"><strong>Vorteile :<\/strong><\/h4>\n<ul style=\"text-align: left;\">\n<li>Verleiht Ihren Verpackungen einen strahlenden Glanz.<\/li>\n<li><strong>100 Meter<\/strong> f\u00fcr eine lange Nutzungsdauer.<\/li>\n<li>Rei\u00dffest, auch bei intensiver Nutzung.<\/li>\n<li>Ideal f\u00fcr Geschenke, Dekoration und besondere Anl\u00e4sse.<\/li>\n<li><strong>7 mm<\/strong> f\u00fcr elegante Schleifen oder volumin\u00f6se Knoten.<\/li>\n<\/ul>\n<\/div>\n<p>&nbsp;<\/p>\n<\/div>\n<\/div>\n<\/div>\n<\/div>\n<\/div>\n<\/div>\n<\/div>\n<\/div>\n<\/div>\n<p><!--more--><\/p>\n<h4>Weitere Informationen :<\/h4>\n<ul>\n<li><strong>Verpackung<\/strong>: Einzeln<\/li>\n<li><strong>Ma\u00dfe<\/strong>: 100 m x 7 mm<\/li>\n<li><strong>Farbe<\/strong>: Spiegelblau<\/li>\n<\/ul>\n<p>&nbsp;<\/p>\n<p style=\"text-align: left;\"><!--more--><\/p>\n<p><a href=\"https:\/\/www.csj-emballages.com\/de\/categorie-produit\/lebensmittelverpackungen\/backerei-und-konditorei\/zubehor-und-ausstattung\/dekoratives-zubehor\/bolduc-spulen\/bolduc-spulen-mirror-spiegel\/\">Sehen Sie sich den Rest unseres Sortiments an Bolduc-Spulen &#8218;Mirror&#8216; an.<\/a><\/p>\n","protected":false},"excerpt":{"rendered":"<p>Bolduc-Spule Beschreibung von Bolduc-Spule blau &#8222;Mirror&#8220; 100m x 7mm<\/p>\n","protected":false},"featured_media":14635,"template":"","meta":{"_acf_changed":false},"product_brand":[],"product_cat":[1137,1171,1794,2118,1487,1813,2124,2131],"product_tag":[],"class_list":{"0":"post-19767","1":"product","2":"type-product","3":"status-publish","4":"has-post-thumbnail","6":"product_cat-lebensmittelverpackungen","7":"product_cat-backerei-und-konditorei","8":"product_cat-dekoratives-zubehor","9":"product_cat-bolduc-spulen-mirror-spiegel","10":"product_cat-boutique-und-geschaft","11":"product_cat-dekoratives-zubehor-de","12":"product_cat-bolduc-spulen-de","13":"product_cat-bolduc-spulen-mirror-spiegel-de","15":"first","16":"instock","17":"taxable","18":"shipping-taxable","19":"purchasable","20":"product-type-simple"},"acf":[],"yoast_head":"<!-- This site is optimized with the Yoast SEO Premium plugin v26.6 (Yoast SEO v26.6) - https:\/\/yoast.com\/wordpress\/plugins\/seo\/ -->\n<title>Bolduc-Spule Blau - &quot;Mirror&quot; 100m x 7mm<\/title>\n<meta name=\"description\" content=\"Verleihen Sie Ihren Verpackungen einen eleganten Touch mit der Bolduc-Spule Blau &#039;Miroir&#039; 100m x 7mm. Glanz und Widerstandskraft f\u00fcr gepflegte Abschl\u00fcsse!\" \/>\n<meta name=\"robots\" content=\"index, follow, max-snippet:-1, max-image-preview:large, max-video-preview:-1\" \/>\n<link rel=\"canonical\" href=\"https:\/\/www.csj-emballages.com\/de\/produit\/blaue-bolduc-spule-mirror-100m-x-7mm\/\" \/>\n<meta property=\"og:locale\" content=\"de_DE\" \/>\n<meta property=\"og:type\" content=\"article\" \/>\n<meta property=\"og:title\" content=\"Blaue Bolduc-Spule &quot;Mirror&quot; 100m x 7mm\" \/>\n<meta property=\"og:description\" content=\"Verleihen Sie Ihren Verpackungen einen eleganten Touch mit der Bolduc-Spule Blau &#039;Miroir&#039; 100m x 7mm. Glanz und Widerstandskraft f\u00fcr gepflegte Abschl\u00fcsse!\" \/>\n<meta property=\"og:url\" content=\"https:\/\/www.csj-emballages.com\/de\/produit\/blaue-bolduc-spule-mirror-100m-x-7mm\/\" \/>\n<meta property=\"og:site_name\" content=\"CSJ Emballages\" \/>\n<meta property=\"article:publisher\" content=\"https:\/\/www.facebook.com\/csjemballages\" \/>\n<meta property=\"article:modified_time\" content=\"2026-03-12T15:13:35+00:00\" \/>\n<meta property=\"og:image\" content=\"https:\/\/www.csj-emballages.com\/wp-content\/uploads\/2024\/03\/Capture-decran-2024-04-04-a-10.01.28-e1712217777231.png\" \/>\n\t<meta property=\"og:image:width\" content=\"300\" \/>\n\t<meta property=\"og:image:height\" content=\"300\" \/>\n\t<meta property=\"og:image:type\" content=\"image\/png\" \/>\n<meta name=\"twitter:card\" content=\"summary_large_image\" \/>\n<meta name=\"twitter:label1\" content=\"Gesch\u00e4tzte Lesezeit\" \/>\n\t<meta name=\"twitter:data1\" content=\"2 Minuten\" \/>\n<script type=\"application\/ld+json\" class=\"yoast-schema-graph\">{\"@context\":\"https:\/\/schema.org\",\"@graph\":[{\"@type\":\"WebPage\",\"@id\":\"https:\/\/www.csj-emballages.com\/de\/produit\/blaue-bolduc-spule-mirror-100m-x-7mm\/\",\"url\":\"https:\/\/www.csj-emballages.com\/de\/produit\/blaue-bolduc-spule-mirror-100m-x-7mm\/\",\"name\":\"Bolduc-Spule Blau - \\\"Mirror\\\" 100m x 7mm\",\"isPartOf\":{\"@id\":\"https:\/\/www.csj-emballages.com\/de\/#website\"},\"primaryImageOfPage\":{\"@id\":\"https:\/\/www.csj-emballages.com\/de\/produit\/blaue-bolduc-spule-mirror-100m-x-7mm\/#primaryimage\"},\"image\":{\"@id\":\"https:\/\/www.csj-emballages.com\/de\/produit\/blaue-bolduc-spule-mirror-100m-x-7mm\/#primaryimage\"},\"thumbnailUrl\":\"https:\/\/www.csj-emballages.com\/wp-content\/uploads\/2024\/03\/Capture-decran-2024-04-04-a-10.01.28-e1712217777231.png\",\"datePublished\":\"2024-03-01T15:56:16+00:00\",\"dateModified\":\"2026-03-12T15:13:35+00:00\",\"description\":\"Verleihen Sie Ihren Verpackungen einen eleganten Touch mit der Bolduc-Spule Blau 'Miroir' 100m x 7mm. Glanz und Widerstandskraft f\u00fcr gepflegte Abschl\u00fcsse!\",\"breadcrumb\":{\"@id\":\"https:\/\/www.csj-emballages.com\/de\/produit\/blaue-bolduc-spule-mirror-100m-x-7mm\/#breadcrumb\"},\"inLanguage\":\"de\",\"potentialAction\":[{\"@type\":\"ReadAction\",\"target\":[\"https:\/\/www.csj-emballages.com\/de\/produit\/blaue-bolduc-spule-mirror-100m-x-7mm\/\"]}]},{\"@type\":\"ImageObject\",\"inLanguage\":\"de\",\"@id\":\"https:\/\/www.csj-emballages.com\/de\/produit\/blaue-bolduc-spule-mirror-100m-x-7mm\/#primaryimage\",\"url\":\"https:\/\/www.csj-emballages.com\/wp-content\/uploads\/2024\/03\/Capture-decran-2024-04-04-a-10.01.28-e1712217777231.png\",\"contentUrl\":\"https:\/\/www.csj-emballages.com\/wp-content\/uploads\/2024\/03\/Capture-decran-2024-04-04-a-10.01.28-e1712217777231.png\",\"width\":300,\"height\":300,\"caption\":\"Bobine bolduc bleu\"},{\"@type\":\"BreadcrumbList\",\"@id\":\"https:\/\/www.csj-emballages.com\/de\/produit\/blaue-bolduc-spule-mirror-100m-x-7mm\/#breadcrumb\",\"itemListElement\":[{\"@type\":\"ListItem\",\"position\":1,\"name\":\"Accueil\",\"item\":\"https:\/\/www.csj-emballages.com\/de\/universum-lebensmittelverpackungen\/\"},{\"@type\":\"ListItem\",\"position\":2,\"name\":\"Shop\",\"item\":\"https:\/\/www.csj-emballages.com\/shop\/\"},{\"@type\":\"ListItem\",\"position\":3,\"name\":\"Blaue Bolduc-Spule \u00ab\u00a0Mirror\u00a0\u00bb 100m x 7mm\"}]},{\"@type\":\"WebSite\",\"@id\":\"https:\/\/www.csj-emballages.com\/de\/#website\",\"url\":\"https:\/\/www.csj-emballages.com\/de\/\",\"name\":\"CSJ Emballages\",\"description\":\"\",\"publisher\":{\"@id\":\"https:\/\/www.csj-emballages.com\/de\/#organization\"},\"potentialAction\":[{\"@type\":\"SearchAction\",\"target\":{\"@type\":\"EntryPoint\",\"urlTemplate\":\"https:\/\/www.csj-emballages.com\/de\/?s={search_term_string}\"},\"query-input\":{\"@type\":\"PropertyValueSpecification\",\"valueRequired\":true,\"valueName\":\"search_term_string\"}}],\"inLanguage\":\"de\"},{\"@type\":\"Organization\",\"@id\":\"https:\/\/www.csj-emballages.com\/de\/#Organization\/\",\"name\":\"CSJ Emballages\",\"url\":\"https:\/\/www.csj-emballages.com\/de\/\",\"logo\":{\"@type\":\"ImageObject\",\"inLanguage\":\"de\",\"@id\":\"https:\/\/www.csj-emballages.com\/de\/#\/schema\/logo\/image\/\",\"url\":\"https:\/\/www.csj-emballages.com\/wp-content\/uploads\/2023\/10\/logo_csj.webp\",\"contentUrl\":\"https:\/\/www.csj-emballages.com\/wp-content\/uploads\/2023\/10\/logo_csj.webp\",\"width\":250,\"height\":95,\"caption\":\"CSJ Emballages\"},\"image\":{\"@id\":\"https:\/\/www.csj-emballages.com\/de\/#\/schema\/logo\/image\/\"},\"sameAs\":[\"https:\/\/www.facebook.com\/csjemballages\"],\"address\":{\"@type\":\"PostalAddress\",\"streetAddress\":\"ZI La Lechere\",\"addressLocality\":\"Patornay\",\"postalCode\":\"39130\",\"addressCountry\":\"FR\"},\"contactPoint\":[{\"@type\":\"ContactPoint\",\"contactType\":\"Service client\",\"telephone\":\"0384254272\",\"email\":\"contact@csj-emballages.com\"}]}]}<\/script>\n<!-- \/ Yoast SEO Premium plugin. -->","yoast_head_json":{"title":"Bolduc-Spule Blau - \"Mirror\" 100m x 7mm","description":"Verleihen Sie Ihren Verpackungen einen eleganten Touch mit der Bolduc-Spule Blau 'Miroir' 100m x 7mm. Glanz und Widerstandskraft f\u00fcr gepflegte Abschl\u00fcsse!","robots":{"index":"index","follow":"follow","max-snippet":"max-snippet:-1","max-image-preview":"max-image-preview:large","max-video-preview":"max-video-preview:-1"},"canonical":"https:\/\/www.csj-emballages.com\/de\/produit\/blaue-bolduc-spule-mirror-100m-x-7mm\/","og_locale":"de_DE","og_type":"article","og_title":"Blaue Bolduc-Spule \"Mirror\" 100m x 7mm","og_description":"Verleihen Sie Ihren Verpackungen einen eleganten Touch mit der Bolduc-Spule Blau 'Miroir' 100m x 7mm. Glanz und Widerstandskraft f\u00fcr gepflegte Abschl\u00fcsse!","og_url":"https:\/\/www.csj-emballages.com\/de\/produit\/blaue-bolduc-spule-mirror-100m-x-7mm\/","og_site_name":"CSJ Emballages","article_publisher":"https:\/\/www.facebook.com\/csjemballages","article_modified_time":"2026-03-12T15:13:35+00:00","og_image":[{"width":300,"height":300,"url":"https:\/\/www.csj-emballages.com\/wp-content\/uploads\/2024\/03\/Capture-decran-2024-04-04-a-10.01.28-e1712217777231.png","type":"image\/png"}],"twitter_card":"summary_large_image","twitter_misc":{"Gesch\u00e4tzte Lesezeit":"2 Minuten"},"schema":{"@context":"https:\/\/schema.org","@graph":[{"@type":"WebPage","@id":"https:\/\/www.csj-emballages.com\/de\/produit\/blaue-bolduc-spule-mirror-100m-x-7mm\/","url":"https:\/\/www.csj-emballages.com\/de\/produit\/blaue-bolduc-spule-mirror-100m-x-7mm\/","name":"Bolduc-Spule Blau - \"Mirror\" 100m x 7mm","isPartOf":{"@id":"https:\/\/www.csj-emballages.com\/de\/#website"},"primaryImageOfPage":{"@id":"https:\/\/www.csj-emballages.com\/de\/produit\/blaue-bolduc-spule-mirror-100m-x-7mm\/#primaryimage"},"image":{"@id":"https:\/\/www.csj-emballages.com\/de\/produit\/blaue-bolduc-spule-mirror-100m-x-7mm\/#primaryimage"},"thumbnailUrl":"https:\/\/www.csj-emballages.com\/wp-content\/uploads\/2024\/03\/Capture-decran-2024-04-04-a-10.01.28-e1712217777231.png","datePublished":"2024-03-01T15:56:16+00:00","dateModified":"2026-03-12T15:13:35+00:00","description":"Verleihen Sie Ihren Verpackungen einen eleganten Touch mit der Bolduc-Spule Blau 'Miroir' 100m x 7mm. Glanz und Widerstandskraft f\u00fcr gepflegte Abschl\u00fcsse!","breadcrumb":{"@id":"https:\/\/www.csj-emballages.com\/de\/produit\/blaue-bolduc-spule-mirror-100m-x-7mm\/#breadcrumb"},"inLanguage":"de","potentialAction":[{"@type":"ReadAction","target":["https:\/\/www.csj-emballages.com\/de\/produit\/blaue-bolduc-spule-mirror-100m-x-7mm\/"]}]},{"@type":"ImageObject","inLanguage":"de","@id":"https:\/\/www.csj-emballages.com\/de\/produit\/blaue-bolduc-spule-mirror-100m-x-7mm\/#primaryimage","url":"https:\/\/www.csj-emballages.com\/wp-content\/uploads\/2024\/03\/Capture-decran-2024-04-04-a-10.01.28-e1712217777231.png","contentUrl":"https:\/\/www.csj-emballages.com\/wp-content\/uploads\/2024\/03\/Capture-decran-2024-04-04-a-10.01.28-e1712217777231.png","width":300,"height":300,"caption":"Bobine bolduc bleu"},{"@type":"BreadcrumbList","@id":"https:\/\/www.csj-emballages.com\/de\/produit\/blaue-bolduc-spule-mirror-100m-x-7mm\/#breadcrumb","itemListElement":[{"@type":"ListItem","position":1,"name":"Accueil","item":"https:\/\/www.csj-emballages.com\/de\/universum-lebensmittelverpackungen\/"},{"@type":"ListItem","position":2,"name":"Shop","item":"https:\/\/www.csj-emballages.com\/shop\/"},{"@type":"ListItem","position":3,"name":"Blaue Bolduc-Spule \u00ab\u00a0Mirror\u00a0\u00bb 100m x 7mm"}]},{"@type":"WebSite","@id":"https:\/\/www.csj-emballages.com\/de\/#website","url":"https:\/\/www.csj-emballages.com\/de\/","name":"CSJ Emballages","description":"","publisher":{"@id":"https:\/\/www.csj-emballages.com\/de\/#organization"},"potentialAction":[{"@type":"SearchAction","target":{"@type":"EntryPoint","urlTemplate":"https:\/\/www.csj-emballages.com\/de\/?s={search_term_string}"},"query-input":{"@type":"PropertyValueSpecification","valueRequired":true,"valueName":"search_term_string"}}],"inLanguage":"de"},{"@type":"Organization","@id":"https:\/\/www.csj-emballages.com\/de\/#Organization\/","name":"CSJ Emballages","url":"https:\/\/www.csj-emballages.com\/de\/","logo":{"@type":"ImageObject","inLanguage":"de","@id":"https:\/\/www.csj-emballages.com\/de\/#\/schema\/logo\/image\/","url":"https:\/\/www.csj-emballages.com\/wp-content\/uploads\/2023\/10\/logo_csj.webp","contentUrl":"https:\/\/www.csj-emballages.com\/wp-content\/uploads\/2023\/10\/logo_csj.webp","width":250,"height":95,"caption":"CSJ Emballages"},"image":{"@id":"https:\/\/www.csj-emballages.com\/de\/#\/schema\/logo\/image\/"},"sameAs":["https:\/\/www.facebook.com\/csjemballages"],"address":{"@type":"PostalAddress","streetAddress":"ZI La Lechere","addressLocality":"Patornay","postalCode":"39130","addressCountry":"FR"},"contactPoint":[{"@type":"ContactPoint","contactType":"Service client","telephone":"0384254272","email":"contact@csj-emballages.com"}]}]}},"df_price":3.83,"df_sale_price":"","df_regular_price":3.83,"df_image_link":"https:\/\/www.csj-emballages.com\/wp-content\/uploads\/2024\/03\/Capture-decran-2024-04-04-a-10.01.28-300x300.png","tiered_pricing_type":"fixed","tiered_pricing_fixed_rules":[],"tiered_pricing_percentage_rules":[],"tiered_pricing_minimum":1,"tiered_pricing_roles_data":[],"_links":{"self":[{"href":"https:\/\/www.csj-emballages.com\/de\/wp-json\/wp\/v2\/product\/19767","targetHints":{"allow":["GET"]}}],"collection":[{"href":"https:\/\/www.csj-emballages.com\/de\/wp-json\/wp\/v2\/product"}],"about":[{"href":"https:\/\/www.csj-emballages.com\/de\/wp-json\/wp\/v2\/types\/product"}],"wp:featuredmedia":[{"embeddable":true,"href":"https:\/\/www.csj-emballages.com\/de\/wp-json\/wp\/v2\/media\/14635"}],"wp:attachment":[{"href":"https:\/\/www.csj-emballages.com\/de\/wp-json\/wp\/v2\/media?parent=19767"}],"wp:term":[{"taxonomy":"product_brand","embeddable":true,"href":"https:\/\/www.csj-emballages.com\/de\/wp-json\/wp\/v2\/product_brand?post=19767"},{"taxonomy":"product_cat","embeddable":true,"href":"https:\/\/www.csj-emballages.com\/de\/wp-json\/wp\/v2\/product_cat?post=19767"},{"taxonomy":"product_tag","embeddable":true,"href":"https:\/\/www.csj-emballages.com\/de\/wp-json\/wp\/v2\/product_tag?post=19767"}],"curies":[{"name":"wp","href":"https:\/\/api.w.org\/{rel}","templated":true}]}}