{"id":19765,"date":"2024-03-01T16:57:09","date_gmt":"2024-03-01T15:57:09","guid":{"rendered":"https:\/\/u15jnbdpoq.preview.infomaniak.website\/produit\/silberne-bolduc-spule-lido-100m-x-10mm\/"},"modified":"2026-03-13T02:11:00","modified_gmt":"2026-03-13T01:11:00","slug":"silberne-bolduc-spule-lido-100m-x-10mm","status":"publish","type":"product","link":"https:\/\/www.csj-emballages.com\/de\/produit\/silberne-bolduc-spule-lido-100m-x-10mm\/","title":{"rendered":"Bolduc silber gl\u00e4nzend &#8222;lido&#8220; 100m x 10mm"},"content":{"rendered":"<h2>Bolduc Silber<\/h2>\n<hr>\n<h3>Beschreibung von unserem Bolduc silber gl\u00e4nzend &#8222;lido&#8220; 100m x 10mm<\/h3>\n<p><!--more--><\/p>\n<p data-start=\"0\" data-end=\"463\">Verleihen Sie all Ihren Verpackungen einen Hauch von Eleganz mit dem <strong data-start=\"98\" data-end=\"145\">silbergl\u00e4nzenden Bolduc &#8222;Lido&#8220; 100 m x 10 mm.<\/strong> Dieses <strong>graue, glitzernde Band<\/strong> ist der perfekte Begleiter f\u00fcr Ihre Kreationen, egal ob es sich um Geschenkverpackungen, Partydekorationen oder professionelle Pr\u00e4sentationen handelt. Die <strong data-start=\"328\" data-end=\"356\">silberne Farbe<\/strong> f\u00e4ngt das Licht ein, zieht die Blicke auf sich und verleiht jedem Projekt eine festliche Note.  <\/p>\n<p data-start=\"465\" data-end=\"854\">Mit einer <strong data-start=\"474\" data-end=\"494\">Breite von 10 mm<\/strong> und einer <strong data-start=\"502\" data-end=\"533\">gro\u00dfz\u00fcgigen L\u00e4nge von 100 m<\/strong> bietet Ihnen dieses <strong>graue Glitzerband<\/strong> eine gro\u00dfe Anwendungsfreiheit. So k\u00f6nnen Sie viele Pakete verpacken, ohne bef\u00fcrchten zu m\u00fcssen, dass Ihnen das Material ausgeht. Auch die Handhabung ist dank seiner weichen und widerstandsf\u00e4higen Textur einfach: Es l\u00e4sst sich mit einer einfachen Bewegung verknoten, schlingen oder kr\u00e4useln und garantiert so im Handumdrehen ein gepflegtes Finish.  <\/p>\n<p data-start=\"856\" data-end=\"1182\">Das <strong>Bolduc &#8222;Lido&#8220; in gl\u00e4nzendem Silber<\/strong> ist ideal f\u00fcr <strong data-start=\"871\" data-end=\"886\">Einzelh\u00e4ndler<\/strong>, <strong data-start=\"892\" data-end=\"905\">Caterer<\/strong> oder <strong data-start=\"913\" data-end=\"939\">Event-Designer<\/strong> und passt zu jedem Anlass. Ob f\u00fcr eine Hochzeit, Weihnachten, einen Geburtstag oder eine Einweihung, es sorgt f\u00fcr ein professionelles Finish, das Ihre Produkte aufwertet und Ihr Know-how hervorhebt. <\/p>\n<p data-start=\"1184\" data-end=\"1559\">Au\u00dferdem l\u00e4sst sich dieses dekorative <strong>grau-gl\u00e4nzende Band<\/strong> leicht mit anderen Farben kombinieren: Kombinieren Sie es mit Wei\u00df, Rot oder Schwarz, um einen schicken und modernen Kontrast zu schaffen. Sie k\u00f6nnen es zum Verschlie\u00dfen von T\u00fcten, zum Umwickeln von Schachteln oder f\u00fcr H\u00e4ngedekorationen verwenden. Sein <strong data-start=\"1453\" data-end=\"1473\">metallischer Glanz<\/strong> reflektiert das Licht f\u00fcr einen garantierten Glamour-Effekt, w\u00e4hrend er gleichzeitig schlicht und raffiniert bleibt.  <\/p>\n<p data-start=\"1561\" data-end=\"1790\">Mit dem <strong>gl\u00e4nzenden silbernen Bolduc &#8222;Lido&#8220;<\/strong> entscheiden Sie sich f\u00fcr ein praktisches, langlebiges und elegantes Produkt. Ein Muss f\u00fcr Verpackungen, die auf den ersten Blick begeistern und Ihre Kreationen garantiert zum Strahlen bringen! <\/p>\n<p>&nbsp;<\/p>\n<p><!--more--><\/p>\n<h4><strong>Vorteile :<\/strong><\/h4>\n<ul>\n<li><strong data-start=\"2020\" data-end=\"2037\">Silberglanz<\/strong>, der die Blicke auf sich zieht und Ihre Kreationen zum Leuchten bringt.<\/li>\n<li><strong data-start=\"2089\" data-end=\"2117\">Gro\u00dfe L\u00e4nge von 100 m<\/strong> f\u00fcr viele Verpackungen.<\/li>\n<li><strong data-start=\"2150\" data-end=\"2179\">Praktische Breite von 10 mm<\/strong>, leicht zu knoten oder zu kr\u00e4useln.<\/li>\n<li><strong data-start=\"2218\" data-end=\"2242\">Weiche, widerstandsf\u00e4hige<\/strong> Textur, einfache Handhabung.<\/li>\n<li>Ideal f\u00fcr <strong data-start=\"2278\" data-end=\"2344\">Geschenkverpackungen, Veranstaltungen und professionelle Dekorationen.<\/strong><\/li>\n<\/ul>\n<p>&nbsp;<\/p>\n<p><!--more--><\/p>\n<h4>Weitere Informationen :<\/h4>\n<ul>\n<li><strong>Verpackung<\/strong>: Einzeln<\/li>\n<li><strong>Ma\u00dfe<\/strong>: 100m x 10mm<\/li>\n<li><strong>Farbe<\/strong>: Silber \/ Gl\u00e4nzend<\/li>\n<\/ul>\n<p>&nbsp;<\/p>\n<p><!--more--><\/p>\n<p>Dieses Produkt ist in verschiedenen Farben erh\u00e4ltlich: <span style=\"color: #d12727;\"><a style=\"color: #d12727;\" href=\"https:\/\/www.csj-emballages.com\/produit\/bobine-bolduc-noir-lido-100m-x-10mm\/\">Schwarz<\/a><\/span> \/ <span style=\"color: #d12727;\"><a style=\"color: #d12727;\" href=\"https:\/\/www.csj-emballages.com\/produit\/bobine-bolduc-or-lido-100m-x-10mm\/\">Gold<\/a><\/span> \/ <span style=\"color: #d12727;\"><a style=\"color: #d12727;\" href=\"https:\/\/www.csj-emballages.com\/de\/produit\/bolduc-violine-lido-spule-100m-x-10mm\/\">Violett<\/a><\/span><\/p>\n<p>&nbsp;<\/p>\n<p><!--more--><\/p>\n<p><a href=\"https:\/\/www.csj-emballages.com\/de\/categorie-produit\/lebensmittelverpackungen\/backerei-und-konditorei\/zubehor-und-ausstattung\/dekoratives-zubehor\/bolduc-spulen\/bolduc-lido-spulen\/\">Sehen Sie sich den Rest unseres Sortiments an &#8222;Lido&#8220;-Bolducs an<\/a><\/p>\n","protected":false},"excerpt":{"rendered":"<p>Bolduc Silber Beschreibung von unserem Bolduc silber gl\u00e4nzend &#8222;lido&#8220; 100m x 10mm<\/p>\n","protected":false},"featured_media":243993,"template":"","meta":{"_acf_changed":false},"product_brand":[],"product_cat":[1137,1171,1794,2206,1487,1813,2124,2213],"product_tag":[],"class_list":{"0":"post-19765","1":"product","2":"type-product","3":"status-publish","4":"has-post-thumbnail","6":"product_cat-lebensmittelverpackungen","7":"product_cat-backerei-und-konditorei","8":"product_cat-dekoratives-zubehor","9":"product_cat-bolduc-lido-spulen","10":"product_cat-boutique-und-geschaft","11":"product_cat-dekoratives-zubehor-de","12":"product_cat-bolduc-spulen-de","13":"product_cat-bolduc-lido-spulen-de","15":"first","16":"instock","17":"taxable","18":"shipping-taxable","19":"purchasable","20":"product-type-simple"},"acf":[],"yoast_head":"<!-- This site is optimized with the Yoast SEO Premium plugin v26.6 (Yoast SEO v26.6) - https:\/\/yoast.com\/wordpress\/plugins\/seo\/ -->\n<title>Bolduc Silber gl\u00e4nzend &quot;Lido&quot; 100m x 10mm<\/title>\n<meta name=\"description\" content=\"Veredeln Sie Ihre Verpackungen mit dem silbergl\u00e4nzenden Bolduc &quot;Lido&quot; 100 m x 10 mm: glitzerndes, geschmeidiges und elegantes Band f\u00fcr alle Ihre Dekorationen.\" \/>\n<meta name=\"robots\" content=\"index, follow, max-snippet:-1, max-image-preview:large, max-video-preview:-1\" \/>\n<link rel=\"canonical\" href=\"https:\/\/www.csj-emballages.com\/de\/produit\/silberne-bolduc-spule-lido-100m-x-10mm\/\" \/>\n<meta property=\"og:locale\" content=\"de_DE\" \/>\n<meta property=\"og:type\" content=\"article\" \/>\n<meta property=\"og:title\" content=\"Bolduc silber gl\u00e4nzend &quot;lido&quot; 100m x 10mm\" \/>\n<meta property=\"og:description\" content=\"Veredeln Sie Ihre Verpackungen mit dem silbergl\u00e4nzenden Bolduc &quot;Lido&quot; 100 m x 10 mm: glitzerndes, geschmeidiges und elegantes Band f\u00fcr alle Ihre Dekorationen.\" \/>\n<meta property=\"og:url\" content=\"https:\/\/www.csj-emballages.com\/de\/produit\/silberne-bolduc-spule-lido-100m-x-10mm\/\" \/>\n<meta property=\"og:site_name\" content=\"CSJ Emballages\" \/>\n<meta property=\"article:publisher\" content=\"https:\/\/www.facebook.com\/csjemballages\" \/>\n<meta property=\"article:modified_time\" content=\"2026-03-13T01:11:00+00:00\" \/>\n<meta property=\"og:image\" content=\"https:\/\/www.csj-emballages.com\/wp-content\/uploads\/2024\/03\/BOBLIDO05.webp\" \/>\n\t<meta property=\"og:image:width\" content=\"800\" \/>\n\t<meta property=\"og:image:height\" content=\"800\" \/>\n\t<meta property=\"og:image:type\" content=\"image\/webp\" \/>\n<meta name=\"twitter:card\" content=\"summary_large_image\" \/>\n<meta name=\"twitter:label1\" content=\"Gesch\u00e4tzte Lesezeit\" \/>\n\t<meta name=\"twitter:data1\" content=\"2 Minuten\" \/>\n<script type=\"application\/ld+json\" class=\"yoast-schema-graph\">{\"@context\":\"https:\/\/schema.org\",\"@graph\":[{\"@type\":\"WebPage\",\"@id\":\"https:\/\/www.csj-emballages.com\/de\/produit\/silberne-bolduc-spule-lido-100m-x-10mm\/\",\"url\":\"https:\/\/www.csj-emballages.com\/de\/produit\/silberne-bolduc-spule-lido-100m-x-10mm\/\",\"name\":\"Bolduc Silber gl\u00e4nzend \\\"Lido\\\" 100m x 10mm\",\"isPartOf\":{\"@id\":\"https:\/\/www.csj-emballages.com\/de\/#website\"},\"primaryImageOfPage\":{\"@id\":\"https:\/\/www.csj-emballages.com\/de\/produit\/silberne-bolduc-spule-lido-100m-x-10mm\/#primaryimage\"},\"image\":{\"@id\":\"https:\/\/www.csj-emballages.com\/de\/produit\/silberne-bolduc-spule-lido-100m-x-10mm\/#primaryimage\"},\"thumbnailUrl\":\"https:\/\/www.csj-emballages.com\/wp-content\/uploads\/2024\/03\/BOBLIDO05.webp\",\"datePublished\":\"2024-03-01T15:57:09+00:00\",\"dateModified\":\"2026-03-13T01:11:00+00:00\",\"description\":\"Veredeln Sie Ihre Verpackungen mit dem silbergl\u00e4nzenden Bolduc \\\"Lido\\\" 100 m x 10 mm: glitzerndes, geschmeidiges und elegantes Band f\u00fcr alle Ihre Dekorationen.\",\"breadcrumb\":{\"@id\":\"https:\/\/www.csj-emballages.com\/de\/produit\/silberne-bolduc-spule-lido-100m-x-10mm\/#breadcrumb\"},\"inLanguage\":\"de\",\"potentialAction\":[{\"@type\":\"ReadAction\",\"target\":[\"https:\/\/www.csj-emballages.com\/de\/produit\/silberne-bolduc-spule-lido-100m-x-10mm\/\"]}]},{\"@type\":\"ImageObject\",\"inLanguage\":\"de\",\"@id\":\"https:\/\/www.csj-emballages.com\/de\/produit\/silberne-bolduc-spule-lido-100m-x-10mm\/#primaryimage\",\"url\":\"https:\/\/www.csj-emballages.com\/wp-content\/uploads\/2024\/03\/BOBLIDO05.webp\",\"contentUrl\":\"https:\/\/www.csj-emballages.com\/wp-content\/uploads\/2024\/03\/BOBLIDO05.webp\",\"width\":800,\"height\":800,\"caption\":\"Bolduc argent\"},{\"@type\":\"BreadcrumbList\",\"@id\":\"https:\/\/www.csj-emballages.com\/de\/produit\/silberne-bolduc-spule-lido-100m-x-10mm\/#breadcrumb\",\"itemListElement\":[{\"@type\":\"ListItem\",\"position\":1,\"name\":\"Accueil\",\"item\":\"https:\/\/www.csj-emballages.com\/de\/universum-lebensmittelverpackungen\/\"},{\"@type\":\"ListItem\",\"position\":2,\"name\":\"Shop\",\"item\":\"https:\/\/www.csj-emballages.com\/shop\/\"},{\"@type\":\"ListItem\",\"position\":3,\"name\":\"Bolduc silber gl\u00e4nzend \u00ab\u00a0lido\u00a0\u00bb 100m x 10mm\"}]},{\"@type\":\"WebSite\",\"@id\":\"https:\/\/www.csj-emballages.com\/de\/#website\",\"url\":\"https:\/\/www.csj-emballages.com\/de\/\",\"name\":\"CSJ Emballages\",\"description\":\"\",\"publisher\":{\"@id\":\"https:\/\/www.csj-emballages.com\/de\/#organization\"},\"potentialAction\":[{\"@type\":\"SearchAction\",\"target\":{\"@type\":\"EntryPoint\",\"urlTemplate\":\"https:\/\/www.csj-emballages.com\/de\/?s={search_term_string}\"},\"query-input\":{\"@type\":\"PropertyValueSpecification\",\"valueRequired\":true,\"valueName\":\"search_term_string\"}}],\"inLanguage\":\"de\"},{\"@type\":\"Organization\",\"@id\":\"https:\/\/www.csj-emballages.com\/de\/#Organization\/\",\"name\":\"CSJ Emballages\",\"url\":\"https:\/\/www.csj-emballages.com\/de\/\",\"logo\":{\"@type\":\"ImageObject\",\"inLanguage\":\"de\",\"@id\":\"https:\/\/www.csj-emballages.com\/de\/#\/schema\/logo\/image\/\",\"url\":\"https:\/\/www.csj-emballages.com\/wp-content\/uploads\/2023\/10\/logo_csj.webp\",\"contentUrl\":\"https:\/\/www.csj-emballages.com\/wp-content\/uploads\/2023\/10\/logo_csj.webp\",\"width\":250,\"height\":95,\"caption\":\"CSJ Emballages\"},\"image\":{\"@id\":\"https:\/\/www.csj-emballages.com\/de\/#\/schema\/logo\/image\/\"},\"sameAs\":[\"https:\/\/www.facebook.com\/csjemballages\"],\"address\":{\"@type\":\"PostalAddress\",\"streetAddress\":\"ZI La Lechere\",\"addressLocality\":\"Patornay\",\"postalCode\":\"39130\",\"addressCountry\":\"FR\"},\"contactPoint\":[{\"@type\":\"ContactPoint\",\"contactType\":\"Service client\",\"telephone\":\"0384254272\",\"email\":\"contact@csj-emballages.com\"}]}]}<\/script>\n<!-- \/ Yoast SEO Premium plugin. -->","yoast_head_json":{"title":"Bolduc Silber gl\u00e4nzend \"Lido\" 100m x 10mm","description":"Veredeln Sie Ihre Verpackungen mit dem silbergl\u00e4nzenden Bolduc \"Lido\" 100 m x 10 mm: glitzerndes, geschmeidiges und elegantes Band f\u00fcr alle Ihre Dekorationen.","robots":{"index":"index","follow":"follow","max-snippet":"max-snippet:-1","max-image-preview":"max-image-preview:large","max-video-preview":"max-video-preview:-1"},"canonical":"https:\/\/www.csj-emballages.com\/de\/produit\/silberne-bolduc-spule-lido-100m-x-10mm\/","og_locale":"de_DE","og_type":"article","og_title":"Bolduc silber gl\u00e4nzend \"lido\" 100m x 10mm","og_description":"Veredeln Sie Ihre Verpackungen mit dem silbergl\u00e4nzenden Bolduc \"Lido\" 100 m x 10 mm: glitzerndes, geschmeidiges und elegantes Band f\u00fcr alle Ihre Dekorationen.","og_url":"https:\/\/www.csj-emballages.com\/de\/produit\/silberne-bolduc-spule-lido-100m-x-10mm\/","og_site_name":"CSJ Emballages","article_publisher":"https:\/\/www.facebook.com\/csjemballages","article_modified_time":"2026-03-13T01:11:00+00:00","og_image":[{"width":800,"height":800,"url":"https:\/\/www.csj-emballages.com\/wp-content\/uploads\/2024\/03\/BOBLIDO05.webp","type":"image\/webp"}],"twitter_card":"summary_large_image","twitter_misc":{"Gesch\u00e4tzte Lesezeit":"2 Minuten"},"schema":{"@context":"https:\/\/schema.org","@graph":[{"@type":"WebPage","@id":"https:\/\/www.csj-emballages.com\/de\/produit\/silberne-bolduc-spule-lido-100m-x-10mm\/","url":"https:\/\/www.csj-emballages.com\/de\/produit\/silberne-bolduc-spule-lido-100m-x-10mm\/","name":"Bolduc Silber gl\u00e4nzend \"Lido\" 100m x 10mm","isPartOf":{"@id":"https:\/\/www.csj-emballages.com\/de\/#website"},"primaryImageOfPage":{"@id":"https:\/\/www.csj-emballages.com\/de\/produit\/silberne-bolduc-spule-lido-100m-x-10mm\/#primaryimage"},"image":{"@id":"https:\/\/www.csj-emballages.com\/de\/produit\/silberne-bolduc-spule-lido-100m-x-10mm\/#primaryimage"},"thumbnailUrl":"https:\/\/www.csj-emballages.com\/wp-content\/uploads\/2024\/03\/BOBLIDO05.webp","datePublished":"2024-03-01T15:57:09+00:00","dateModified":"2026-03-13T01:11:00+00:00","description":"Veredeln Sie Ihre Verpackungen mit dem silbergl\u00e4nzenden Bolduc \"Lido\" 100 m x 10 mm: glitzerndes, geschmeidiges und elegantes Band f\u00fcr alle Ihre Dekorationen.","breadcrumb":{"@id":"https:\/\/www.csj-emballages.com\/de\/produit\/silberne-bolduc-spule-lido-100m-x-10mm\/#breadcrumb"},"inLanguage":"de","potentialAction":[{"@type":"ReadAction","target":["https:\/\/www.csj-emballages.com\/de\/produit\/silberne-bolduc-spule-lido-100m-x-10mm\/"]}]},{"@type":"ImageObject","inLanguage":"de","@id":"https:\/\/www.csj-emballages.com\/de\/produit\/silberne-bolduc-spule-lido-100m-x-10mm\/#primaryimage","url":"https:\/\/www.csj-emballages.com\/wp-content\/uploads\/2024\/03\/BOBLIDO05.webp","contentUrl":"https:\/\/www.csj-emballages.com\/wp-content\/uploads\/2024\/03\/BOBLIDO05.webp","width":800,"height":800,"caption":"Bolduc argent"},{"@type":"BreadcrumbList","@id":"https:\/\/www.csj-emballages.com\/de\/produit\/silberne-bolduc-spule-lido-100m-x-10mm\/#breadcrumb","itemListElement":[{"@type":"ListItem","position":1,"name":"Accueil","item":"https:\/\/www.csj-emballages.com\/de\/universum-lebensmittelverpackungen\/"},{"@type":"ListItem","position":2,"name":"Shop","item":"https:\/\/www.csj-emballages.com\/shop\/"},{"@type":"ListItem","position":3,"name":"Bolduc silber gl\u00e4nzend \u00ab\u00a0lido\u00a0\u00bb 100m x 10mm"}]},{"@type":"WebSite","@id":"https:\/\/www.csj-emballages.com\/de\/#website","url":"https:\/\/www.csj-emballages.com\/de\/","name":"CSJ Emballages","description":"","publisher":{"@id":"https:\/\/www.csj-emballages.com\/de\/#organization"},"potentialAction":[{"@type":"SearchAction","target":{"@type":"EntryPoint","urlTemplate":"https:\/\/www.csj-emballages.com\/de\/?s={search_term_string}"},"query-input":{"@type":"PropertyValueSpecification","valueRequired":true,"valueName":"search_term_string"}}],"inLanguage":"de"},{"@type":"Organization","@id":"https:\/\/www.csj-emballages.com\/de\/#Organization\/","name":"CSJ Emballages","url":"https:\/\/www.csj-emballages.com\/de\/","logo":{"@type":"ImageObject","inLanguage":"de","@id":"https:\/\/www.csj-emballages.com\/de\/#\/schema\/logo\/image\/","url":"https:\/\/www.csj-emballages.com\/wp-content\/uploads\/2023\/10\/logo_csj.webp","contentUrl":"https:\/\/www.csj-emballages.com\/wp-content\/uploads\/2023\/10\/logo_csj.webp","width":250,"height":95,"caption":"CSJ Emballages"},"image":{"@id":"https:\/\/www.csj-emballages.com\/de\/#\/schema\/logo\/image\/"},"sameAs":["https:\/\/www.facebook.com\/csjemballages"],"address":{"@type":"PostalAddress","streetAddress":"ZI La Lechere","addressLocality":"Patornay","postalCode":"39130","addressCountry":"FR"},"contactPoint":[{"@type":"ContactPoint","contactType":"Service client","telephone":"0384254272","email":"contact@csj-emballages.com"}]}]}},"df_price":7.58,"df_sale_price":"","df_regular_price":7.58,"df_image_link":"https:\/\/www.csj-emballages.com\/wp-content\/uploads\/2024\/03\/BOBLIDO05-300x300.webp","tiered_pricing_type":"fixed","tiered_pricing_fixed_rules":[],"tiered_pricing_percentage_rules":[],"tiered_pricing_minimum":1,"tiered_pricing_roles_data":[],"_links":{"self":[{"href":"https:\/\/www.csj-emballages.com\/de\/wp-json\/wp\/v2\/product\/19765","targetHints":{"allow":["GET"]}}],"collection":[{"href":"https:\/\/www.csj-emballages.com\/de\/wp-json\/wp\/v2\/product"}],"about":[{"href":"https:\/\/www.csj-emballages.com\/de\/wp-json\/wp\/v2\/types\/product"}],"wp:featuredmedia":[{"embeddable":true,"href":"https:\/\/www.csj-emballages.com\/de\/wp-json\/wp\/v2\/media\/243993"}],"wp:attachment":[{"href":"https:\/\/www.csj-emballages.com\/de\/wp-json\/wp\/v2\/media?parent=19765"}],"wp:term":[{"taxonomy":"product_brand","embeddable":true,"href":"https:\/\/www.csj-emballages.com\/de\/wp-json\/wp\/v2\/product_brand?post=19765"},{"taxonomy":"product_cat","embeddable":true,"href":"https:\/\/www.csj-emballages.com\/de\/wp-json\/wp\/v2\/product_cat?post=19765"},{"taxonomy":"product_tag","embeddable":true,"href":"https:\/\/www.csj-emballages.com\/de\/wp-json\/wp\/v2\/product_tag?post=19765"}],"curies":[{"name":"wp","href":"https:\/\/api.w.org\/{rel}","templated":true}]}}