{"id":19759,"date":"2024-03-01T16:57:10","date_gmt":"2024-03-01T15:57:10","guid":{"rendered":"https:\/\/u15jnbdpoq.preview.infomaniak.website\/produit\/rote-bolduc-spule-frohes-fest-225m-x-10mm\/"},"modified":"2026-03-12T16:13:17","modified_gmt":"2026-03-12T15:13:17","slug":"rote-bolduc-spule-frohes-fest-225m-x-10mm","status":"publish","type":"product","link":"https:\/\/www.csj-emballages.com\/de\/produit\/rote-bolduc-spule-frohes-fest-225m-x-10mm\/","title":{"rendered":"Rote Bolduc-Spule &#8222;Frohes Fest&#8220; 225m x 10mm"},"content":{"rendered":"<h2><strong style=\"font-family: Roboto, sans-serif\">Bolduc-Spule &#8222;Frohe Feiertage&#8220;.<\/strong><\/h2>\n<div style=\"font-family: Roboto, sans-serif\">\n<div style=\"font-family: Roboto, sans-serif\">\n<div style=\"font-family: Roboto, sans-serif\">\n<div style=\"text-align: center\">\n<div style=\"font-family: Roboto, sans-serif\">\n<div style=\"font-family: Roboto, sans-serif\">\n<div style=\"font-family: Roboto, sans-serif\">\n<div style=\"font-family: Roboto, sans-serif\">\n<div style=\"font-family: Roboto, sans-serif\">\n<div style=\"font-family: Roboto, sans-serif;text-align: left\">\n<hr>\n<h3 style=\"text-align: left\">Beschreibung der Bolduc-Spule  <!--more--><\/h3>\n<p>Verleihen Sie Ihren Dekorationen einen festlichen Touch mit der <strong>Bolduc-Spule<\/strong> <strong>&#8222;Fr\u00f6hliche Feste&#8220;<\/strong>. Dieses farbenfrohe Band eignet sich perfekt, um Ihre Geschenkverpackungen zu versch\u00f6nern. Im Handumdrehen schaffen Sie eine umwerfende Pr\u00e4sentation, die Ihre Lieben begeistern wird.  <\/p>\n<p>Dieses <strong>Bolduc<\/strong> wird aus Polypropylen hergestellt und ist sowohl stark als auch flexibel. So k\u00f6nnen Sie es f\u00fcr elegante Schleifen oder Girlanden verwenden. Durch seinen Glanz zieht dieses Band sofort die Aufmerksamkeit auf sich. Ihre Geschenke werden nicht mehr unbemerkt bleiben!   <\/p>\n<p>Au\u00dferdem ist die <strong>Spule<\/strong> 225 Meter lang, was Ihnen eine gro\u00dfe Verwendungsfreiheit bietet. Ob zu Weihnachten oder einer Silvesterparty, dieses <strong>Bolduc<\/strong> passt zu jedem Anlass. Die leuchtenden Farben und festlichen Motive verleihen Ihren Feiern eine fr\u00f6hliche Atmosph\u00e4re.  <\/p>\n<p>Au\u00dferdem ist es leicht zu schneiden und zu handhaben. So m\u00fcssen Sie sich keine Gedanken \u00fcber Verwicklungen machen. So sparen Sie Zeit und k\u00f6nnen gleichzeitig kreativ sein. Sie k\u00f6nnen es auch mit anderen dekorativen Elementen kombinieren. Zum Beispiel mit selbst gestalteten Etiketten oder Papierdekorationen.    <\/p>\n<p>Lassen Sie sich diese Gelegenheit nicht entgehen, Ihren Festen etwas Magisches zu verleihen. Bestellen Sie jetzt die <strong>Bolduc-Spule &#8222;Frohe Festtage&#8220;<\/strong>. Lassen Sie Ihre besonderen Momente mit diesem au\u00dfergew\u00f6hnlichen Band gl\u00e4nzen. Ihre Dekorationen werden dadurch noch unvergesslicher!   <\/p>\n<p>&nbsp;<\/p>\n<\/div>\n<\/div>\n<\/div>\n<\/div>\n<\/div>\n<\/div>\n<\/div>\n<\/div>\n<\/div>\n<\/div>\n<p><!--more--><\/p>\n<p style=\"text-align: left\"><strong>Die Vorteile unserer Bolduc-Spule :<\/strong><\/p>\n<ul style=\"text-align: left\">\n<li><strong>Festliche \u00c4sthetik<\/strong>: Mit seinen lebhaften Farben und fr\u00f6hlichen Mustern verleiht dieses Band jeder Verpackung sofort eine festliche Note.<\/li>\n<li><strong>Praktische L\u00e4nge<\/strong>: Mit 225 Metern Band haben Sie genug, um viele Geschenke und Dekorationen zu versch\u00f6nern, ohne h\u00e4ufig nachkaufen zu m\u00fcssen.<\/li>\n<li><strong>Optischer Reiz<\/strong>: Der Glanz zieht die Blicke auf sich und macht jedes Geschenk einzigartig und unvergesslich, perfekt um Ihre Lieben zu beeindrucken.<\/li>\n<\/ul>\n<div class=\"elementor elementor-2384 elementor-location-archive product\" data-elementor-type=\"product-archive\" data-elementor-id=\"2384\" data-elementor-post-type=\"elementor_library\">\n<div class=\"elementor-element elementor-element-c44cccd nt-archive-products e-flex e-con-boxed e-con e-parent e-lazyloaded\" data-id=\"c44cccd\" data-element_type=\"container\">\n<div class=\"e-con-inner\">\n<div class=\"elementor-element elementor-element-f35cc29 e-con-full e-flex e-con e-child\" data-id=\"f35cc29\" data-element_type=\"container\">\n<div class=\"elementor-element elementor-element-8781411 elementor-widget elementor-widget-woocommerce-archive-description\" data-id=\"8781411\" data-element_type=\"widget\" data-widget_type=\"woocommerce-archive-description.default\">\n<div class=\"elementor-widget-container\">\n<div class=\"term-description\"><\/div>\n<\/div>\n<\/div>\n<\/div>\n<\/div>\n<\/div>\n<\/div>\n<div class=\"elementor elementor-175 elementor-location-footer\" data-elementor-type=\"footer\" data-elementor-id=\"175\" data-elementor-post-type=\"elementor_library\">\n<div class=\"elementor-element elementor-element-d413b54 e-flex e-con-boxed e-con e-parent e-lazyloaded\" data-id=\"d413b54\" data-element_type=\"container\">\n<div class=\"e-con-inner\">\n<div class=\"elementor-element elementor-element-9493a3c elementor-widget elementor-widget-shortcode\" data-id=\"9493a3c\" data-element_type=\"widget\" data-widget_type=\"shortcode.default\">\n<div class=\"elementor-widget-container\"><\/div>\n<\/div>\n<\/div>\n<\/div>\n<\/div>\n<p><!--more--><\/p>\n<h4>Weitere Artikel :<\/h4>\n<p><span style=\"color: #d12727\"><a style=\"color: #d12727\" href=\"https:\/\/www.csj-emballages.com\/de\/produit\/bolduc-klemme\/\">Bolduc-Klemme<\/a><\/span><\/p>\n<p><span style=\"color: #d12727\"><a style=\"color: #d12727\" href=\"https:\/\/www.csj-emballages.com\/de\/produit\/500-frohe-feiertage-etiketten-in-gold\/\">Etikette &#8222;Frohe Festtage&#8220;.<\/a><\/span><\/p>\n<p>&nbsp;<\/p>\n<p style=\"text-align: left\"><!--more--><\/p>\n<p><a href=\"https:\/\/www.csj-emballages.com\/de\/categorie-produit\/lebensmittelverpackungen\/backerei-und-konditorei\/zubehor-und-ausstattung\/dekoratives-zubehor\/bolduc-spulen\/bolduc-spulen-frohliche-weihnachten\/\">Sehen Sie sich den Rest unseres Sortiments an &#8222;Frohe Festtage&#8220; Bolduc-Spulen an.<\/a><\/p>\n","protected":false},"excerpt":{"rendered":"<p>Bolduc-Spule &#8222;Frohe Feiertage&#8220;. Beschreibung der Bolduc-Spule<\/p>\n","protected":false},"featured_media":14663,"template":"","meta":{"_acf_changed":false},"product_brand":[],"product_cat":[1137,1171,1794,2215,1487,1813,2124,2216],"product_tag":[],"class_list":{"0":"post-19759","1":"product","2":"type-product","3":"status-publish","4":"has-post-thumbnail","6":"product_cat-lebensmittelverpackungen","7":"product_cat-backerei-und-konditorei","8":"product_cat-dekoratives-zubehor","9":"product_cat-bolduc-spulen-frohliche-weihnachten","10":"product_cat-boutique-und-geschaft","11":"product_cat-dekoratives-zubehor-de","12":"product_cat-bolduc-spulen-de","13":"product_cat-bolduc-spulen-frohliche-weihnachten-de","15":"first","16":"instock","17":"taxable","18":"shipping-taxable","19":"purchasable","20":"product-type-simple"},"acf":[],"yoast_head":"<!-- This site is optimized with the Yoast SEO Premium plugin v26.6 (Yoast SEO v26.6) - https:\/\/yoast.com\/wordpress\/plugins\/seo\/ -->\n<title>Bolduc-Spule Frohe Festtage - rot 225m x 10mm<\/title>\n<meta name=\"description\" content=\"Kaufen Sie unsere Bolduc-Spule &quot;Frohe Festtage&quot;!!! Ma\u00dfe: 225 m x 10 mm !!! Entscheiden Sie sich f\u00fcr eine Bolduc-Spule &quot;Fr\u00f6hliche Feste&quot; in der Farbe Rot!\" \/>\n<meta name=\"robots\" content=\"index, follow, max-snippet:-1, max-image-preview:large, max-video-preview:-1\" \/>\n<link rel=\"canonical\" href=\"https:\/\/www.csj-emballages.com\/de\/produit\/rote-bolduc-spule-frohes-fest-225m-x-10mm\/\" \/>\n<meta property=\"og:locale\" content=\"de_DE\" \/>\n<meta property=\"og:type\" content=\"article\" \/>\n<meta property=\"og:title\" content=\"Rote Bolduc-Spule &quot;Frohes Fest&quot; 225m x 10mm\" \/>\n<meta property=\"og:description\" content=\"Kaufen Sie unsere Bolduc-Spule &quot;Frohe Festtage&quot;!!! Ma\u00dfe: 225 m x 10 mm !!! Entscheiden Sie sich f\u00fcr eine Bolduc-Spule &quot;Fr\u00f6hliche Feste&quot; in der Farbe Rot!\" \/>\n<meta property=\"og:url\" content=\"https:\/\/www.csj-emballages.com\/de\/produit\/rote-bolduc-spule-frohes-fest-225m-x-10mm\/\" \/>\n<meta property=\"og:site_name\" content=\"CSJ Emballages\" \/>\n<meta property=\"article:publisher\" content=\"https:\/\/www.facebook.com\/csjemballages\" \/>\n<meta property=\"article:modified_time\" content=\"2026-03-12T15:13:17+00:00\" \/>\n<meta property=\"og:image\" content=\"https:\/\/www.csj-emballages.com\/wp-content\/uploads\/2024\/03\/Capture-decran-2024-04-04-a-10.16.01-e1712218653509.png\" \/>\n\t<meta property=\"og:image:width\" content=\"300\" \/>\n\t<meta property=\"og:image:height\" content=\"300\" \/>\n\t<meta property=\"og:image:type\" content=\"image\/png\" \/>\n<meta name=\"twitter:card\" content=\"summary_large_image\" \/>\n<meta name=\"twitter:label1\" content=\"Gesch\u00e4tzte Lesezeit\" \/>\n\t<meta name=\"twitter:data1\" content=\"2 Minuten\" \/>\n<script type=\"application\/ld+json\" class=\"yoast-schema-graph\">{\"@context\":\"https:\/\/schema.org\",\"@graph\":[{\"@type\":\"WebPage\",\"@id\":\"https:\/\/www.csj-emballages.com\/de\/produit\/rote-bolduc-spule-frohes-fest-225m-x-10mm\/\",\"url\":\"https:\/\/www.csj-emballages.com\/de\/produit\/rote-bolduc-spule-frohes-fest-225m-x-10mm\/\",\"name\":\"Bolduc-Spule Frohe Festtage - rot 225m x 10mm\",\"isPartOf\":{\"@id\":\"https:\/\/www.csj-emballages.com\/de\/#website\"},\"primaryImageOfPage\":{\"@id\":\"https:\/\/www.csj-emballages.com\/de\/produit\/rote-bolduc-spule-frohes-fest-225m-x-10mm\/#primaryimage\"},\"image\":{\"@id\":\"https:\/\/www.csj-emballages.com\/de\/produit\/rote-bolduc-spule-frohes-fest-225m-x-10mm\/#primaryimage\"},\"thumbnailUrl\":\"https:\/\/www.csj-emballages.com\/wp-content\/uploads\/2024\/03\/Capture-decran-2024-04-04-a-10.16.01-e1712218653509.png\",\"datePublished\":\"2024-03-01T15:57:10+00:00\",\"dateModified\":\"2026-03-12T15:13:17+00:00\",\"description\":\"Kaufen Sie unsere Bolduc-Spule \\\"Frohe Festtage\\\"!!! Ma\u00dfe: 225 m x 10 mm !!! Entscheiden Sie sich f\u00fcr eine Bolduc-Spule \\\"Fr\u00f6hliche Feste\\\" in der Farbe Rot!\",\"breadcrumb\":{\"@id\":\"https:\/\/www.csj-emballages.com\/de\/produit\/rote-bolduc-spule-frohes-fest-225m-x-10mm\/#breadcrumb\"},\"inLanguage\":\"de\",\"potentialAction\":[{\"@type\":\"ReadAction\",\"target\":[\"https:\/\/www.csj-emballages.com\/de\/produit\/rote-bolduc-spule-frohes-fest-225m-x-10mm\/\"]}]},{\"@type\":\"ImageObject\",\"inLanguage\":\"de\",\"@id\":\"https:\/\/www.csj-emballages.com\/de\/produit\/rote-bolduc-spule-frohes-fest-225m-x-10mm\/#primaryimage\",\"url\":\"https:\/\/www.csj-emballages.com\/wp-content\/uploads\/2024\/03\/Capture-decran-2024-04-04-a-10.16.01-e1712218653509.png\",\"contentUrl\":\"https:\/\/www.csj-emballages.com\/wp-content\/uploads\/2024\/03\/Capture-decran-2024-04-04-a-10.16.01-e1712218653509.png\",\"width\":300,\"height\":300,\"caption\":\"bobine bolduc joyeuses f\u00eates\"},{\"@type\":\"BreadcrumbList\",\"@id\":\"https:\/\/www.csj-emballages.com\/de\/produit\/rote-bolduc-spule-frohes-fest-225m-x-10mm\/#breadcrumb\",\"itemListElement\":[{\"@type\":\"ListItem\",\"position\":1,\"name\":\"Accueil\",\"item\":\"https:\/\/www.csj-emballages.com\/de\/universum-lebensmittelverpackungen\/\"},{\"@type\":\"ListItem\",\"position\":2,\"name\":\"Shop\",\"item\":\"https:\/\/www.csj-emballages.com\/shop\/\"},{\"@type\":\"ListItem\",\"position\":3,\"name\":\"Rote Bolduc-Spule \u00ab\u00a0Frohes Fest\u00a0\u00bb 225m x 10mm\"}]},{\"@type\":\"WebSite\",\"@id\":\"https:\/\/www.csj-emballages.com\/de\/#website\",\"url\":\"https:\/\/www.csj-emballages.com\/de\/\",\"name\":\"CSJ Emballages\",\"description\":\"\",\"publisher\":{\"@id\":\"https:\/\/www.csj-emballages.com\/de\/#organization\"},\"potentialAction\":[{\"@type\":\"SearchAction\",\"target\":{\"@type\":\"EntryPoint\",\"urlTemplate\":\"https:\/\/www.csj-emballages.com\/de\/?s={search_term_string}\"},\"query-input\":{\"@type\":\"PropertyValueSpecification\",\"valueRequired\":true,\"valueName\":\"search_term_string\"}}],\"inLanguage\":\"de\"},{\"@type\":\"Organization\",\"@id\":\"https:\/\/www.csj-emballages.com\/de\/#Organization\/\",\"name\":\"CSJ Emballages\",\"url\":\"https:\/\/www.csj-emballages.com\/de\/\",\"logo\":{\"@type\":\"ImageObject\",\"inLanguage\":\"de\",\"@id\":\"https:\/\/www.csj-emballages.com\/de\/#\/schema\/logo\/image\/\",\"url\":\"https:\/\/www.csj-emballages.com\/wp-content\/uploads\/2023\/10\/logo_csj.webp\",\"contentUrl\":\"https:\/\/www.csj-emballages.com\/wp-content\/uploads\/2023\/10\/logo_csj.webp\",\"width\":250,\"height\":95,\"caption\":\"CSJ Emballages\"},\"image\":{\"@id\":\"https:\/\/www.csj-emballages.com\/de\/#\/schema\/logo\/image\/\"},\"sameAs\":[\"https:\/\/www.facebook.com\/csjemballages\"],\"address\":{\"@type\":\"PostalAddress\",\"streetAddress\":\"ZI La Lechere\",\"addressLocality\":\"Patornay\",\"postalCode\":\"39130\",\"addressCountry\":\"FR\"},\"contactPoint\":[{\"@type\":\"ContactPoint\",\"contactType\":\"Service client\",\"telephone\":\"0384254272\",\"email\":\"contact@csj-emballages.com\"}]}]}<\/script>\n<!-- \/ Yoast SEO Premium plugin. -->","yoast_head_json":{"title":"Bolduc-Spule Frohe Festtage - rot 225m x 10mm","description":"Kaufen Sie unsere Bolduc-Spule \"Frohe Festtage\"!!! Ma\u00dfe: 225 m x 10 mm !!! Entscheiden Sie sich f\u00fcr eine Bolduc-Spule \"Fr\u00f6hliche Feste\" in der Farbe Rot!","robots":{"index":"index","follow":"follow","max-snippet":"max-snippet:-1","max-image-preview":"max-image-preview:large","max-video-preview":"max-video-preview:-1"},"canonical":"https:\/\/www.csj-emballages.com\/de\/produit\/rote-bolduc-spule-frohes-fest-225m-x-10mm\/","og_locale":"de_DE","og_type":"article","og_title":"Rote Bolduc-Spule \"Frohes Fest\" 225m x 10mm","og_description":"Kaufen Sie unsere Bolduc-Spule \"Frohe Festtage\"!!! Ma\u00dfe: 225 m x 10 mm !!! Entscheiden Sie sich f\u00fcr eine Bolduc-Spule \"Fr\u00f6hliche Feste\" in der Farbe Rot!","og_url":"https:\/\/www.csj-emballages.com\/de\/produit\/rote-bolduc-spule-frohes-fest-225m-x-10mm\/","og_site_name":"CSJ Emballages","article_publisher":"https:\/\/www.facebook.com\/csjemballages","article_modified_time":"2026-03-12T15:13:17+00:00","og_image":[{"width":300,"height":300,"url":"https:\/\/www.csj-emballages.com\/wp-content\/uploads\/2024\/03\/Capture-decran-2024-04-04-a-10.16.01-e1712218653509.png","type":"image\/png"}],"twitter_card":"summary_large_image","twitter_misc":{"Gesch\u00e4tzte Lesezeit":"2 Minuten"},"schema":{"@context":"https:\/\/schema.org","@graph":[{"@type":"WebPage","@id":"https:\/\/www.csj-emballages.com\/de\/produit\/rote-bolduc-spule-frohes-fest-225m-x-10mm\/","url":"https:\/\/www.csj-emballages.com\/de\/produit\/rote-bolduc-spule-frohes-fest-225m-x-10mm\/","name":"Bolduc-Spule Frohe Festtage - rot 225m x 10mm","isPartOf":{"@id":"https:\/\/www.csj-emballages.com\/de\/#website"},"primaryImageOfPage":{"@id":"https:\/\/www.csj-emballages.com\/de\/produit\/rote-bolduc-spule-frohes-fest-225m-x-10mm\/#primaryimage"},"image":{"@id":"https:\/\/www.csj-emballages.com\/de\/produit\/rote-bolduc-spule-frohes-fest-225m-x-10mm\/#primaryimage"},"thumbnailUrl":"https:\/\/www.csj-emballages.com\/wp-content\/uploads\/2024\/03\/Capture-decran-2024-04-04-a-10.16.01-e1712218653509.png","datePublished":"2024-03-01T15:57:10+00:00","dateModified":"2026-03-12T15:13:17+00:00","description":"Kaufen Sie unsere Bolduc-Spule \"Frohe Festtage\"!!! Ma\u00dfe: 225 m x 10 mm !!! Entscheiden Sie sich f\u00fcr eine Bolduc-Spule \"Fr\u00f6hliche Feste\" in der Farbe Rot!","breadcrumb":{"@id":"https:\/\/www.csj-emballages.com\/de\/produit\/rote-bolduc-spule-frohes-fest-225m-x-10mm\/#breadcrumb"},"inLanguage":"de","potentialAction":[{"@type":"ReadAction","target":["https:\/\/www.csj-emballages.com\/de\/produit\/rote-bolduc-spule-frohes-fest-225m-x-10mm\/"]}]},{"@type":"ImageObject","inLanguage":"de","@id":"https:\/\/www.csj-emballages.com\/de\/produit\/rote-bolduc-spule-frohes-fest-225m-x-10mm\/#primaryimage","url":"https:\/\/www.csj-emballages.com\/wp-content\/uploads\/2024\/03\/Capture-decran-2024-04-04-a-10.16.01-e1712218653509.png","contentUrl":"https:\/\/www.csj-emballages.com\/wp-content\/uploads\/2024\/03\/Capture-decran-2024-04-04-a-10.16.01-e1712218653509.png","width":300,"height":300,"caption":"bobine bolduc joyeuses f\u00eates"},{"@type":"BreadcrumbList","@id":"https:\/\/www.csj-emballages.com\/de\/produit\/rote-bolduc-spule-frohes-fest-225m-x-10mm\/#breadcrumb","itemListElement":[{"@type":"ListItem","position":1,"name":"Accueil","item":"https:\/\/www.csj-emballages.com\/de\/universum-lebensmittelverpackungen\/"},{"@type":"ListItem","position":2,"name":"Shop","item":"https:\/\/www.csj-emballages.com\/shop\/"},{"@type":"ListItem","position":3,"name":"Rote Bolduc-Spule \u00ab\u00a0Frohes Fest\u00a0\u00bb 225m x 10mm"}]},{"@type":"WebSite","@id":"https:\/\/www.csj-emballages.com\/de\/#website","url":"https:\/\/www.csj-emballages.com\/de\/","name":"CSJ Emballages","description":"","publisher":{"@id":"https:\/\/www.csj-emballages.com\/de\/#organization"},"potentialAction":[{"@type":"SearchAction","target":{"@type":"EntryPoint","urlTemplate":"https:\/\/www.csj-emballages.com\/de\/?s={search_term_string}"},"query-input":{"@type":"PropertyValueSpecification","valueRequired":true,"valueName":"search_term_string"}}],"inLanguage":"de"},{"@type":"Organization","@id":"https:\/\/www.csj-emballages.com\/de\/#Organization\/","name":"CSJ Emballages","url":"https:\/\/www.csj-emballages.com\/de\/","logo":{"@type":"ImageObject","inLanguage":"de","@id":"https:\/\/www.csj-emballages.com\/de\/#\/schema\/logo\/image\/","url":"https:\/\/www.csj-emballages.com\/wp-content\/uploads\/2023\/10\/logo_csj.webp","contentUrl":"https:\/\/www.csj-emballages.com\/wp-content\/uploads\/2023\/10\/logo_csj.webp","width":250,"height":95,"caption":"CSJ Emballages"},"image":{"@id":"https:\/\/www.csj-emballages.com\/de\/#\/schema\/logo\/image\/"},"sameAs":["https:\/\/www.facebook.com\/csjemballages"],"address":{"@type":"PostalAddress","streetAddress":"ZI La Lechere","addressLocality":"Patornay","postalCode":"39130","addressCountry":"FR"},"contactPoint":[{"@type":"ContactPoint","contactType":"Service client","telephone":"0384254272","email":"contact@csj-emballages.com"}]}]}},"df_price":8.47,"df_sale_price":"","df_regular_price":8.47,"df_image_link":"https:\/\/www.csj-emballages.com\/wp-content\/uploads\/2024\/03\/Capture-decran-2024-04-04-a-10.16.01-300x300.png","tiered_pricing_type":"fixed","tiered_pricing_fixed_rules":[],"tiered_pricing_percentage_rules":[],"tiered_pricing_minimum":1,"tiered_pricing_roles_data":[],"_links":{"self":[{"href":"https:\/\/www.csj-emballages.com\/de\/wp-json\/wp\/v2\/product\/19759","targetHints":{"allow":["GET"]}}],"collection":[{"href":"https:\/\/www.csj-emballages.com\/de\/wp-json\/wp\/v2\/product"}],"about":[{"href":"https:\/\/www.csj-emballages.com\/de\/wp-json\/wp\/v2\/types\/product"}],"wp:featuredmedia":[{"embeddable":true,"href":"https:\/\/www.csj-emballages.com\/de\/wp-json\/wp\/v2\/media\/14663"}],"wp:attachment":[{"href":"https:\/\/www.csj-emballages.com\/de\/wp-json\/wp\/v2\/media?parent=19759"}],"wp:term":[{"taxonomy":"product_brand","embeddable":true,"href":"https:\/\/www.csj-emballages.com\/de\/wp-json\/wp\/v2\/product_brand?post=19759"},{"taxonomy":"product_cat","embeddable":true,"href":"https:\/\/www.csj-emballages.com\/de\/wp-json\/wp\/v2\/product_cat?post=19759"},{"taxonomy":"product_tag","embeddable":true,"href":"https:\/\/www.csj-emballages.com\/de\/wp-json\/wp\/v2\/product_tag?post=19759"}],"curies":[{"name":"wp","href":"https:\/\/api.w.org\/{rel}","templated":true}]}}