{"id":19721,"date":"2024-03-01T16:57:10","date_gmt":"2024-03-01T15:57:10","guid":{"rendered":"https:\/\/u15jnbdpoq.preview.infomaniak.website\/produit\/bolduc-spule-hellblau-hendrix-225m-x-10mm\/"},"modified":"2026-02-24T02:12:09","modified_gmt":"2026-02-24T01:12:09","slug":"bolduc-spule-hellblau-hendrix-225m-x-10mm","status":"publish","type":"product","link":"https:\/\/www.csj-emballages.com\/de\/produit\/bolduc-spule-hellblau-hendrix-225m-x-10mm\/","title":{"rendered":"Bolduc-Spule hellblau &#8222;Hendrix&#8220; 225m x 10mm"},"content":{"rendered":"<div class=\"flex flex-grow flex-col max-w-full\">\n<div class=\"min-h-[20px] text-message flex flex-col items-start whitespace-pre-wrap break-words [.text-message+&amp;]:mt-5 juice:w-full juice:items-end overflow-x-auto gap-2\" dir=\"auto\" data-message-author-role=\"assistant\" data-message-id=\"2034782e-88f9-44ef-b4dc-07dd7bf0115f\">\n<div class=\"flex w-full flex-col gap-1 juice:empty:hidden juice:first:pt-[3px]\">\n<div class=\"markdown prose w-full break-words dark:prose-invert light\">\n<div style=\"box-sizing: inherit; font-family: Roboto, sans-serif;\">\n<div style=\"box-sizing: inherit; font-family: Roboto, sans-serif;\">\n<div style=\"box-sizing: inherit; font-family: Roboto, sans-serif;\">\n<div style=\"box-sizing: inherit; font-family: Roboto, sans-serif;\">\n<div style=\"box-sizing: inherit; font-family: Roboto, sans-serif;\">\n<div style=\"box-sizing: inherit; font-family: Roboto, sans-serif;\">\n<h2><strong style=\"font-family: Roboto, sans-serif;\">Bolduc-Spule<br \/>\n<\/strong><\/h2>\n<div style=\"box-sizing: inherit; font-family: Roboto, sans-serif;\">\n<div style=\"box-sizing: inherit; font-family: Roboto, sans-serif;\">\n<div style=\"box-sizing: inherit; font-family: Roboto, sans-serif;\">\n<div style=\"text-align: center;\">\n<div style=\"box-sizing: inherit; font-family: Roboto, sans-serif;\">\n<div style=\"box-sizing: inherit; font-family: Roboto, sans-serif;\">\n<div style=\"box-sizing: inherit; font-family: Roboto, sans-serif;\">\n<div style=\"box-sizing: inherit; font-family: Roboto, sans-serif;\">\n<div style=\"box-sizing: inherit; font-family: Roboto, sans-serif;\">\n<div style=\"box-sizing: inherit; font-family: Roboto, sans-serif; text-align: left;\">\n<hr>\n<h3 style=\"text-align: left;\">Beschreibung von Bolduc-Spule hellblau &#8222;Hendrix&#8220; 225m x 10mm<!--more--><\/h3>\n<p>Verleihen Sie Ihren Verpackungen einen Hauch von Eleganz mit der <strong>hellblauen Bolduc-Spule &#8218;Hendrix&#8216;<\/strong>. Mit einer L\u00e4nge von 225 Metern bietet dieses Band eine gro\u00dfe Vielseitigkeit. So haben Sie genug L\u00e4nge, um viele Geschenke zu versch\u00f6nern. Seine Breite von 10 mm macht es zur idealen Wahl f\u00fcr ein gepflegtes Finish. Die strahlende <strong>hellblaue <\/strong>Farbe zieht n\u00e4mlich sofort die Aufmerksamkeit auf sich. Ob f\u00fcr einen Geburtstag, eine Hochzeit oder eine andere Feierlichkeit, dieses <strong>Bolduc<\/strong> ist perfekt.     <\/p>\n<p>Au\u00dferdem ist es extrem leicht zu handhaben. Sie k\u00f6nnen es nach Bedarf kn\u00fcpfen, verdrehen oder schneiden. Das macht es einfach, elegante und anspruchsvolle Schleifen zu kreieren. Seine Festigkeit sorgt f\u00fcr einen optimalen Halt, was f\u00fcr Ihre Verpackungen von entscheidender Bedeutung ist. So k\u00f6nnen Sie sicher sein, dass Ihre Geschenke sicher an ihrem Platz bleiben. Dar\u00fcber hinaus ist das <strong>hellblaue Bolduc &#8218;Hendrix&#8216;<\/strong> so konzipiert, dass es sich f\u00fcr alle Arten von Verpackungen eignet. Egal, ob Sie ein kleines oder gro\u00dfes Geschenk haben, dieses Band wird seinen Zweck erf\u00fcllen.      <\/p>\n<p>Sein gl\u00e4nzendes Aussehen verleiht Ihren Kreationen einen Hauch von Luxus. Sie m\u00fcssen nicht viele zus\u00e4tzliche Elemente anbringen. Denn dieses <strong>Bolduc<\/strong> bringt Ihre Verpackungen ganz von selbst zum Gl\u00e4nzen. Mit seiner gro\u00dfz\u00fcgigen L\u00e4nge m\u00fcssen Sie sich nie Sorgen machen, dass Ihnen das Band ausgeht. Und schlie\u00dflich: Entscheiden Sie sich bei Ihren Kreationen f\u00fcr Qualit\u00e4t und \u00c4sthetik. Bestellen Sie jetzt und verleihen Sie Ihren Verpackungen einen festlichen Touch!     <\/p>\n<p>&nbsp;<\/p>\n<\/div>\n<\/div>\n<\/div>\n<\/div>\n<\/div>\n<\/div>\n<\/div>\n<\/div>\n<\/div>\n<\/div>\n<\/div>\n<\/div>\n<\/div>\n<\/div>\n<\/div>\n<\/div>\n<\/div>\n<\/div>\n<\/div>\n<\/div>\n<div class=\"flex flex-grow flex-col max-w-full\">\n<div class=\"min-h-[20px] text-message flex flex-col items-start whitespace-pre-wrap break-words [.text-message+&amp;]:mt-5 juice:w-full juice:items-end overflow-x-auto gap-2\" dir=\"auto\" data-message-author-role=\"assistant\" data-message-id=\"2034782e-88f9-44ef-b4dc-07dd7bf0115f\">\n<div class=\"flex w-full flex-col gap-1 juice:empty:hidden juice:first:pt-[3px]\">\n<div class=\"markdown prose w-full break-words dark:prose-invert light\">\n<div style=\"box-sizing: inherit; font-family: Roboto, sans-serif;\">\n<div style=\"box-sizing: inherit; font-family: Roboto, sans-serif;\">\n<div style=\"box-sizing: inherit; font-family: Roboto, sans-serif;\">\n<div style=\"box-sizing: inherit; font-family: Roboto, sans-serif;\">\n<div style=\"box-sizing: inherit; font-family: Roboto, sans-serif;\">\n<div style=\"box-sizing: inherit; font-family: Roboto, sans-serif;\">\n<p><!--more--><\/p>\n<h4 style=\"text-align: left;\"><strong>Die Vorteile unserer hellblauen Bolduc-Spule &#8222;Hendrix&#8220; 225m x 10mm :<\/strong><\/h4>\n<ul style=\"text-align: left;\">\n<li><strong>Gro\u00dfe L\u00e4nge<\/strong>: 225 Meter Bolduc, ideal f\u00fcr viele Projekte, ohne oft nachladen zu m\u00fcssen.<\/li>\n<li><strong>Praktische Breite<\/strong>: 10 mm, perfekt f\u00fcr dekorative Knoten oder elegante Befestigungen.<\/li>\n<li><strong>Kr\u00e4ftige Farbe<\/strong>: Das<b> <strong>Himmelblau<\/strong><\/b> intensiv verleiht Ihren Verpackungen einen eleganten und anspruchsvollen Touch.<\/li>\n<li><strong>Strapazierf\u00e4higkeit<\/strong>: Das feste Material sorgt f\u00fcr Langlebigkeit und verhindert ein Rei\u00dfen w\u00e4hrend des Gebrauchs.<\/li>\n<\/ul>\n<\/div>\n<\/div>\n<\/div>\n<\/div>\n<\/div>\n<\/div>\n<\/div>\n<\/div>\n<\/div>\n<\/div>\n<p>&nbsp;<\/p>\n<p><!--more--><\/p>\n<p>Produkt in verschiedenen Farben erh\u00e4ltlich : <span style=\"color: #d12727;\"><a style=\"color: #d12727;\" href=\"https:\/\/www.csj-emballages.com\/de\/produit\/silberne-bolduc-spule-hendrix-225m-x-10mm\/\">Silber<\/a><\/span> \/ <span style=\"color: #d12727;\"><a style=\"color: #d12727;\" href=\"https:\/\/www.csj-emballages.com\/de\/produit\/rote-bolduc-spule-hendrix-225m-x-10mm\/\">Rot<\/a><\/span> \/ <span style=\"color: #d12727;\"><a style=\"color: #d12727;\" href=\"https:\/\/www.csj-emballages.com\/produit\/bobine-bolduc-bleu-hendrix-225m-x-10mm\/\">Blau<\/a><\/span><\/p>\n<p>&nbsp;<\/p>\n<p style=\"text-align: left;\"><!--more--><\/p>\n<p><a href=\"https:\/\/www.csj-emballages.com\/de\/categorie-produit\/lebensmittelverpackungen\/backerei-und-konditorei\/zubehor-und-ausstattung\/dekoratives-zubehor\/bolduc-spulen\/bolduc-hendrix-spulen\/\">Sehen Sie sich den Rest unseres Sortiments an Bolduc-Spulen &#8218;Hendrix&#8216; an<\/a><\/p>\n","protected":false},"excerpt":{"rendered":"<p>Bolduc-Spule Beschreibung von Bolduc-Spule hellblau &#8222;Hendrix&#8220; 225m x 10mm<\/p>\n","protected":false},"featured_media":14699,"template":"","meta":{"_acf_changed":false},"product_brand":[],"product_cat":[1137,1171,1794,2195,1487,1813,2124,2196],"product_tag":[],"class_list":{"0":"post-19721","1":"product","2":"type-product","3":"status-publish","4":"has-post-thumbnail","6":"product_cat-lebensmittelverpackungen","7":"product_cat-backerei-und-konditorei","8":"product_cat-dekoratives-zubehor","9":"product_cat-bolduc-hendrix-spulen","10":"product_cat-boutique-und-geschaft","11":"product_cat-dekoratives-zubehor-de","12":"product_cat-bolduc-spulen-de","13":"product_cat-bolduc-hendrix-spulen-de","15":"first","16":"outofstock","17":"taxable","18":"shipping-taxable","19":"purchasable","20":"product-type-simple"},"acf":[],"yoast_head":"<!-- This site is optimized with the Yoast SEO Premium plugin v26.6 (Yoast SEO v26.6) - https:\/\/yoast.com\/wordpress\/plugins\/seo\/ -->\n<title>Bolduc-Spule hellblau - &quot;Hendrix&quot; 225m x 10mm<\/title>\n<meta name=\"description\" content=\"Die hellblaue Bolduc-Spule &quot;Hendrix&quot; 225m x 10mm ist ideal, um Ihre Geschenkverpackungen mit einem eleganten und strapazierf\u00e4higen Touch zu veredeln.\" \/>\n<meta name=\"robots\" content=\"index, follow, max-snippet:-1, max-image-preview:large, max-video-preview:-1\" \/>\n<link rel=\"canonical\" href=\"https:\/\/www.csj-emballages.com\/de\/produit\/bolduc-spule-hellblau-hendrix-225m-x-10mm\/\" \/>\n<meta property=\"og:locale\" content=\"de_DE\" \/>\n<meta property=\"og:type\" content=\"article\" \/>\n<meta property=\"og:title\" content=\"Bolduc-Spule hellblau &quot;Hendrix&quot; 225m x 10mm\" \/>\n<meta property=\"og:description\" content=\"Die hellblaue Bolduc-Spule &quot;Hendrix&quot; 225m x 10mm ist ideal, um Ihre Geschenkverpackungen mit einem eleganten und strapazierf\u00e4higen Touch zu veredeln.\" \/>\n<meta property=\"og:url\" content=\"https:\/\/www.csj-emballages.com\/de\/produit\/bolduc-spule-hellblau-hendrix-225m-x-10mm\/\" \/>\n<meta property=\"og:site_name\" content=\"CSJ Emballages\" \/>\n<meta property=\"article:publisher\" content=\"https:\/\/www.facebook.com\/csjemballages\" \/>\n<meta property=\"article:modified_time\" content=\"2026-02-24T01:12:09+00:00\" \/>\n<meta property=\"og:image\" content=\"https:\/\/www.csj-emballages.com\/wp-content\/uploads\/2024\/03\/Capture-decran-2024-04-04-a-10.54.37-e1712221242616.png\" \/>\n\t<meta property=\"og:image:width\" content=\"300\" \/>\n\t<meta property=\"og:image:height\" content=\"300\" \/>\n\t<meta property=\"og:image:type\" content=\"image\/png\" \/>\n<meta name=\"twitter:card\" content=\"summary_large_image\" \/>\n<meta name=\"twitter:label1\" content=\"Gesch\u00e4tzte Lesezeit\" \/>\n\t<meta name=\"twitter:data1\" content=\"2 Minuten\" \/>\n<script type=\"application\/ld+json\" class=\"yoast-schema-graph\">{\"@context\":\"https:\/\/schema.org\",\"@graph\":[{\"@type\":\"WebPage\",\"@id\":\"https:\/\/www.csj-emballages.com\/de\/produit\/bolduc-spule-hellblau-hendrix-225m-x-10mm\/\",\"url\":\"https:\/\/www.csj-emballages.com\/de\/produit\/bolduc-spule-hellblau-hendrix-225m-x-10mm\/\",\"name\":\"Bolduc-Spule hellblau - \\\"Hendrix\\\" 225m x 10mm\",\"isPartOf\":{\"@id\":\"https:\/\/www.csj-emballages.com\/de\/#website\"},\"primaryImageOfPage\":{\"@id\":\"https:\/\/www.csj-emballages.com\/de\/produit\/bolduc-spule-hellblau-hendrix-225m-x-10mm\/#primaryimage\"},\"image\":{\"@id\":\"https:\/\/www.csj-emballages.com\/de\/produit\/bolduc-spule-hellblau-hendrix-225m-x-10mm\/#primaryimage\"},\"thumbnailUrl\":\"https:\/\/www.csj-emballages.com\/wp-content\/uploads\/2024\/03\/Capture-decran-2024-04-04-a-10.54.37-e1712221242616.png\",\"datePublished\":\"2024-03-01T15:57:10+00:00\",\"dateModified\":\"2026-02-24T01:12:09+00:00\",\"description\":\"Die hellblaue Bolduc-Spule \\\"Hendrix\\\" 225m x 10mm ist ideal, um Ihre Geschenkverpackungen mit einem eleganten und strapazierf\u00e4higen Touch zu veredeln.\",\"breadcrumb\":{\"@id\":\"https:\/\/www.csj-emballages.com\/de\/produit\/bolduc-spule-hellblau-hendrix-225m-x-10mm\/#breadcrumb\"},\"inLanguage\":\"de\",\"potentialAction\":[{\"@type\":\"ReadAction\",\"target\":[\"https:\/\/www.csj-emballages.com\/de\/produit\/bolduc-spule-hellblau-hendrix-225m-x-10mm\/\"]}]},{\"@type\":\"ImageObject\",\"inLanguage\":\"de\",\"@id\":\"https:\/\/www.csj-emballages.com\/de\/produit\/bolduc-spule-hellblau-hendrix-225m-x-10mm\/#primaryimage\",\"url\":\"https:\/\/www.csj-emballages.com\/wp-content\/uploads\/2024\/03\/Capture-decran-2024-04-04-a-10.54.37-e1712221242616.png\",\"contentUrl\":\"https:\/\/www.csj-emballages.com\/wp-content\/uploads\/2024\/03\/Capture-decran-2024-04-04-a-10.54.37-e1712221242616.png\",\"width\":300,\"height\":300,\"caption\":\"Bobine bolduc bleu ciel\"},{\"@type\":\"BreadcrumbList\",\"@id\":\"https:\/\/www.csj-emballages.com\/de\/produit\/bolduc-spule-hellblau-hendrix-225m-x-10mm\/#breadcrumb\",\"itemListElement\":[{\"@type\":\"ListItem\",\"position\":1,\"name\":\"Accueil\",\"item\":\"https:\/\/www.csj-emballages.com\/de\/universum-lebensmittelverpackungen\/\"},{\"@type\":\"ListItem\",\"position\":2,\"name\":\"Shop\",\"item\":\"https:\/\/www.csj-emballages.com\/shop\/\"},{\"@type\":\"ListItem\",\"position\":3,\"name\":\"Bolduc-Spule hellblau \u00ab\u00a0Hendrix\u00a0\u00bb 225m x 10mm\"}]},{\"@type\":\"WebSite\",\"@id\":\"https:\/\/www.csj-emballages.com\/de\/#website\",\"url\":\"https:\/\/www.csj-emballages.com\/de\/\",\"name\":\"CSJ Emballages\",\"description\":\"\",\"publisher\":{\"@id\":\"https:\/\/www.csj-emballages.com\/de\/#organization\"},\"potentialAction\":[{\"@type\":\"SearchAction\",\"target\":{\"@type\":\"EntryPoint\",\"urlTemplate\":\"https:\/\/www.csj-emballages.com\/de\/?s={search_term_string}\"},\"query-input\":{\"@type\":\"PropertyValueSpecification\",\"valueRequired\":true,\"valueName\":\"search_term_string\"}}],\"inLanguage\":\"de\"},{\"@type\":\"Organization\",\"@id\":\"https:\/\/www.csj-emballages.com\/de\/#Organization\/\",\"name\":\"CSJ Emballages\",\"url\":\"https:\/\/www.csj-emballages.com\/de\/\",\"logo\":{\"@type\":\"ImageObject\",\"inLanguage\":\"de\",\"@id\":\"https:\/\/www.csj-emballages.com\/de\/#\/schema\/logo\/image\/\",\"url\":\"https:\/\/www.csj-emballages.com\/wp-content\/uploads\/2023\/10\/logo_csj.webp\",\"contentUrl\":\"https:\/\/www.csj-emballages.com\/wp-content\/uploads\/2023\/10\/logo_csj.webp\",\"width\":250,\"height\":95,\"caption\":\"CSJ Emballages\"},\"image\":{\"@id\":\"https:\/\/www.csj-emballages.com\/de\/#\/schema\/logo\/image\/\"},\"sameAs\":[\"https:\/\/www.facebook.com\/csjemballages\"],\"address\":{\"@type\":\"PostalAddress\",\"streetAddress\":\"ZI La Lechere\",\"addressLocality\":\"Patornay\",\"postalCode\":\"39130\",\"addressCountry\":\"FR\"},\"contactPoint\":[{\"@type\":\"ContactPoint\",\"contactType\":\"Service client\",\"telephone\":\"0384254272\",\"email\":\"contact@csj-emballages.com\"}]}]}<\/script>\n<!-- \/ Yoast SEO Premium plugin. -->","yoast_head_json":{"title":"Bolduc-Spule hellblau - \"Hendrix\" 225m x 10mm","description":"Die hellblaue Bolduc-Spule \"Hendrix\" 225m x 10mm ist ideal, um Ihre Geschenkverpackungen mit einem eleganten und strapazierf\u00e4higen Touch zu veredeln.","robots":{"index":"index","follow":"follow","max-snippet":"max-snippet:-1","max-image-preview":"max-image-preview:large","max-video-preview":"max-video-preview:-1"},"canonical":"https:\/\/www.csj-emballages.com\/de\/produit\/bolduc-spule-hellblau-hendrix-225m-x-10mm\/","og_locale":"de_DE","og_type":"article","og_title":"Bolduc-Spule hellblau \"Hendrix\" 225m x 10mm","og_description":"Die hellblaue Bolduc-Spule \"Hendrix\" 225m x 10mm ist ideal, um Ihre Geschenkverpackungen mit einem eleganten und strapazierf\u00e4higen Touch zu veredeln.","og_url":"https:\/\/www.csj-emballages.com\/de\/produit\/bolduc-spule-hellblau-hendrix-225m-x-10mm\/","og_site_name":"CSJ Emballages","article_publisher":"https:\/\/www.facebook.com\/csjemballages","article_modified_time":"2026-02-24T01:12:09+00:00","og_image":[{"width":300,"height":300,"url":"https:\/\/www.csj-emballages.com\/wp-content\/uploads\/2024\/03\/Capture-decran-2024-04-04-a-10.54.37-e1712221242616.png","type":"image\/png"}],"twitter_card":"summary_large_image","twitter_misc":{"Gesch\u00e4tzte Lesezeit":"2 Minuten"},"schema":{"@context":"https:\/\/schema.org","@graph":[{"@type":"WebPage","@id":"https:\/\/www.csj-emballages.com\/de\/produit\/bolduc-spule-hellblau-hendrix-225m-x-10mm\/","url":"https:\/\/www.csj-emballages.com\/de\/produit\/bolduc-spule-hellblau-hendrix-225m-x-10mm\/","name":"Bolduc-Spule hellblau - \"Hendrix\" 225m x 10mm","isPartOf":{"@id":"https:\/\/www.csj-emballages.com\/de\/#website"},"primaryImageOfPage":{"@id":"https:\/\/www.csj-emballages.com\/de\/produit\/bolduc-spule-hellblau-hendrix-225m-x-10mm\/#primaryimage"},"image":{"@id":"https:\/\/www.csj-emballages.com\/de\/produit\/bolduc-spule-hellblau-hendrix-225m-x-10mm\/#primaryimage"},"thumbnailUrl":"https:\/\/www.csj-emballages.com\/wp-content\/uploads\/2024\/03\/Capture-decran-2024-04-04-a-10.54.37-e1712221242616.png","datePublished":"2024-03-01T15:57:10+00:00","dateModified":"2026-02-24T01:12:09+00:00","description":"Die hellblaue Bolduc-Spule \"Hendrix\" 225m x 10mm ist ideal, um Ihre Geschenkverpackungen mit einem eleganten und strapazierf\u00e4higen Touch zu veredeln.","breadcrumb":{"@id":"https:\/\/www.csj-emballages.com\/de\/produit\/bolduc-spule-hellblau-hendrix-225m-x-10mm\/#breadcrumb"},"inLanguage":"de","potentialAction":[{"@type":"ReadAction","target":["https:\/\/www.csj-emballages.com\/de\/produit\/bolduc-spule-hellblau-hendrix-225m-x-10mm\/"]}]},{"@type":"ImageObject","inLanguage":"de","@id":"https:\/\/www.csj-emballages.com\/de\/produit\/bolduc-spule-hellblau-hendrix-225m-x-10mm\/#primaryimage","url":"https:\/\/www.csj-emballages.com\/wp-content\/uploads\/2024\/03\/Capture-decran-2024-04-04-a-10.54.37-e1712221242616.png","contentUrl":"https:\/\/www.csj-emballages.com\/wp-content\/uploads\/2024\/03\/Capture-decran-2024-04-04-a-10.54.37-e1712221242616.png","width":300,"height":300,"caption":"Bobine bolduc bleu ciel"},{"@type":"BreadcrumbList","@id":"https:\/\/www.csj-emballages.com\/de\/produit\/bolduc-spule-hellblau-hendrix-225m-x-10mm\/#breadcrumb","itemListElement":[{"@type":"ListItem","position":1,"name":"Accueil","item":"https:\/\/www.csj-emballages.com\/de\/universum-lebensmittelverpackungen\/"},{"@type":"ListItem","position":2,"name":"Shop","item":"https:\/\/www.csj-emballages.com\/shop\/"},{"@type":"ListItem","position":3,"name":"Bolduc-Spule hellblau \u00ab\u00a0Hendrix\u00a0\u00bb 225m x 10mm"}]},{"@type":"WebSite","@id":"https:\/\/www.csj-emballages.com\/de\/#website","url":"https:\/\/www.csj-emballages.com\/de\/","name":"CSJ Emballages","description":"","publisher":{"@id":"https:\/\/www.csj-emballages.com\/de\/#organization"},"potentialAction":[{"@type":"SearchAction","target":{"@type":"EntryPoint","urlTemplate":"https:\/\/www.csj-emballages.com\/de\/?s={search_term_string}"},"query-input":{"@type":"PropertyValueSpecification","valueRequired":true,"valueName":"search_term_string"}}],"inLanguage":"de"},{"@type":"Organization","@id":"https:\/\/www.csj-emballages.com\/de\/#Organization\/","name":"CSJ Emballages","url":"https:\/\/www.csj-emballages.com\/de\/","logo":{"@type":"ImageObject","inLanguage":"de","@id":"https:\/\/www.csj-emballages.com\/de\/#\/schema\/logo\/image\/","url":"https:\/\/www.csj-emballages.com\/wp-content\/uploads\/2023\/10\/logo_csj.webp","contentUrl":"https:\/\/www.csj-emballages.com\/wp-content\/uploads\/2023\/10\/logo_csj.webp","width":250,"height":95,"caption":"CSJ Emballages"},"image":{"@id":"https:\/\/www.csj-emballages.com\/de\/#\/schema\/logo\/image\/"},"sameAs":["https:\/\/www.facebook.com\/csjemballages"],"address":{"@type":"PostalAddress","streetAddress":"ZI La Lechere","addressLocality":"Patornay","postalCode":"39130","addressCountry":"FR"},"contactPoint":[{"@type":"ContactPoint","contactType":"Service client","telephone":"0384254272","email":"contact@csj-emballages.com"}]}]}},"df_price":7.38,"df_sale_price":"","df_regular_price":7.38,"df_image_link":"https:\/\/www.csj-emballages.com\/wp-content\/uploads\/2024\/03\/Capture-decran-2024-04-04-a-10.54.37-300x300.png","tiered_pricing_type":"fixed","tiered_pricing_fixed_rules":[],"tiered_pricing_percentage_rules":[],"tiered_pricing_minimum":1,"tiered_pricing_roles_data":[],"_links":{"self":[{"href":"https:\/\/www.csj-emballages.com\/de\/wp-json\/wp\/v2\/product\/19721","targetHints":{"allow":["GET"]}}],"collection":[{"href":"https:\/\/www.csj-emballages.com\/de\/wp-json\/wp\/v2\/product"}],"about":[{"href":"https:\/\/www.csj-emballages.com\/de\/wp-json\/wp\/v2\/types\/product"}],"wp:featuredmedia":[{"embeddable":true,"href":"https:\/\/www.csj-emballages.com\/de\/wp-json\/wp\/v2\/media\/14699"}],"wp:attachment":[{"href":"https:\/\/www.csj-emballages.com\/de\/wp-json\/wp\/v2\/media?parent=19721"}],"wp:term":[{"taxonomy":"product_brand","embeddable":true,"href":"https:\/\/www.csj-emballages.com\/de\/wp-json\/wp\/v2\/product_brand?post=19721"},{"taxonomy":"product_cat","embeddable":true,"href":"https:\/\/www.csj-emballages.com\/de\/wp-json\/wp\/v2\/product_cat?post=19721"},{"taxonomy":"product_tag","embeddable":true,"href":"https:\/\/www.csj-emballages.com\/de\/wp-json\/wp\/v2\/product_tag?post=19721"}],"curies":[{"name":"wp","href":"https:\/\/api.w.org\/{rel}","templated":true}]}}