{"id":19702,"date":"2024-03-01T16:57:11","date_gmt":"2024-03-01T15:57:11","guid":{"rendered":"https:\/\/u15jnbdpoq.preview.infomaniak.website\/produit\/100-einwegschalen-aus-aluminium-mit-getrennten-deckeln-verschliessbar-685ml\/"},"modified":"2026-04-03T02:13:23","modified_gmt":"2026-04-03T00:13:23","slug":"100-einwegschalen-aus-aluminium-mit-getrennten-deckeln-verschliessbar-685ml","status":"publish","type":"product","link":"https:\/\/www.csj-emballages.com\/de\/produit\/100-einwegschalen-aus-aluminium-mit-getrennten-deckeln-verschliessbar-685ml\/","title":{"rendered":"Aluminiumschale mit separatem Deckel, verschlie\u00dfbar 685ml pro 100"},"content":{"rendered":"<h2>Aluminiumschale<\/h2>\n<hr>\n<h3>Beschreibung von Aluminiumschale mit separatem Deckel, verschlie\u00dfbar 685ml pro 100<\/h3>\n<p><!--more--><\/p>\n<p data-start=\"83\" data-end=\"457\">Ideal f\u00fcr Caterer, Gastronomen und Privatpersonen bietet diese <strong>Aluminiumschale<\/strong> mit <strong data-start=\"177\" data-end=\"187\">685 ml<\/strong> eine praktische und effiziente L\u00f6sung f\u00fcr die Verpackung und Aufbewahrung Ihrer Speisen. Der <strong>separate Deckel<\/strong> erm\u00f6glicht einen zus\u00e4tzlichen Verschluss nach dem \u00d6ffnen und bietet somit flexible Einsatzm\u00f6glichkeiten. Diese <strong>Schale<\/strong> ist f\u00fcr warme oder kalte Speisen konzipiert, hitzebest\u00e4ndig und kann in der Mikrowelle, im Ofen, im K\u00fchlschrank sowie f\u00fcr den Transport und die Lagerung von Mahlzeiten verwendet werden. Ihr <strong>Aluminiummaterial<\/strong> garantiert eine hervorragende W\u00e4rmeverteilung f\u00fcr ein gleichm\u00e4\u00dfiges Garen.   <\/p>\n<p data-start=\"854\" data-end=\"1171\">Diese Verpackungsl\u00f6sung ist ideal f\u00fcr <strong data-start=\"901\" data-end=\"987\">Essen zum Mitnehmen, Take-away, Veranstaltungen und Lieferdienste<\/strong>. Dank ihrer Robustheit und der F\u00e4higkeit, die Temperatur von Lebensmitteln zu halten, erf\u00fcllt sie die Anforderungen von Profis und ist gleichzeitig f\u00fcr Privatpersonen einfach zu verwenden. <\/p>\n<p>&nbsp;<\/p>\n<p><!--more--><\/p>\n<p><strong>Vorteile :<\/strong><\/p>\n<ul>\n<li data-start=\"1197\" data-end=\"1285\">Siegelrand f\u00fcr sicheren und auslaufsicheren Verschluss.<\/li>\n<li data-start=\"1286\" data-end=\"1369\">Separater Deckel f\u00fcr zus\u00e4tzlichen Schutz nach dem \u00d6ffnen.<\/li>\n<li data-start=\"1370\" data-end=\"1464\">Geeignet f\u00fcr warme und kalte Speisen, ofenfest.<\/li>\n<li data-start=\"1465\" data-end=\"1555\">Robustes und widerstandsf\u00e4higes Material, ideal f\u00fcr Take-away.<\/li>\n<li data-start=\"1465\" data-end=\"1555\">Diese Aluminiumschalen sch\u00fctzen Lebensmittel vor Feuchtigkeit und externen Verunreinigungen.<\/li>\n<\/ul>\n<p>&nbsp;<\/p>\n<p><!--more--><\/p>\n<h4>Weitere Informationen :<\/h4>\n<ul>\n<li><strong>Verpackung<\/strong>: Packung mit 100 St\u00fcck<\/li>\n<li><strong>Abmessungen<\/strong>: 201 x 109 x 49 mm<\/li>\n<li><strong>Volumen<\/strong>: 685 ml<\/li>\n<li><strong>Material<\/strong>: Aluminium<\/li>\n<li><b>Gebrauchstemperatur <\/b>: -40\u00b0C \/ +350\u00b0C<\/li>\n<\/ul>\n<p>&nbsp;<\/p>\n<p><!--more--><\/p>\n<p>Hier finden Sie den passenden Deckel f\u00fcr diese Schale : <span style=\"color: #d12727;\"><a style=\"color: #d12727;\" href=\"https:\/\/www.csj-emballages.com\/produit\/100-couvercles-pour-barquettes-operculable-bo670\/\">CO670<\/a><\/span><\/p>\n<p>&nbsp;<\/p>\n<p><!--more--><\/p>\n<p>Dieses Produkt ist in verschiedenen Gr\u00f6\u00dfen erh\u00e4ltlich : <span style=\"color: #d12727;\"><span style=\"color: #d12727;\"><a style=\"color: #d12727;\" href=\"https:\/\/www.csj-emballages.com\/produit\/100-barquettes-jetables-aluminium-couvercle-separes-operculable-900ml\/\">900 ml<\/a><\/span> <span style=\"color: #000000;\">\/<\/span> <span style=\"color: #d12727;\"><a style=\"color: #d12727;\" href=\"https:\/\/www.csj-emballages.com\/produit\/100-barquettes-jetables-aluminium-couvercle-separes-operculable-1100ml\/\">1100 ml<\/a><\/span> <span style=\"color: #000000;\">\/<\/span> <span style=\"color: #d12727;\"><a style=\"color: #d12727;\" href=\"https:\/\/www.csj-emballages.com\/produit\/100-barquettes-jetables-aluminium-couvercle-separes-operculable-1170ml\/\">1150 ml<\/a><\/span> <span style=\"color: #000000;\">\/<\/span> <span style=\"color: #d12727;\"><a style=\"color: #d12727;\" href=\"https:\/\/www.csj-emballages.com\/produit\/50-barquettes-jetables-aluminium-couvercles-separes-operculable-2100ml\/\">2100 ml<\/a><\/span><\/span><\/p>\n<p>&nbsp;<\/p>\n<p><!--more--><\/p>\n<p><a href=\"https:\/\/www.csj-emballages.com\/de\/categorie-produit\/lebensmittelverpackungen\/metzgerei-und-feinkostgeschaft\/schalen-dosen-und-glaser\/aluminiumschalen-schalen-formen-tabletts-becher-auflaufformen-tortenschalen\/verschliesbare-schalen\/\">Sehen Sie sich den Rest unseres Sortiments an verschlie\u00dfbaren Aluminiumschalen an.<\/a><\/p>\n","protected":false},"excerpt":{"rendered":"<p>Aluminiumschale Beschreibung von Aluminiumschale mit separatem Deckel, verschlie\u00dfbar 685ml pro 100<\/p>\n","protected":false},"featured_media":227866,"template":"","meta":{"_acf_changed":false},"product_brand":[],"product_cat":[1137,1170,1997,2174],"product_tag":[],"class_list":{"0":"post-19702","1":"product","2":"type-product","3":"status-publish","4":"has-post-thumbnail","6":"product_cat-lebensmittelverpackungen","7":"product_cat-metzgerei-und-feinkostgeschaft","8":"product_cat-aluminiumschalen-schalen-formen-tabletts-becher-auflaufformen-tortenschalen","9":"product_cat-verschliesbare-schalen","11":"first","12":"instock","13":"taxable","14":"shipping-taxable","15":"purchasable","16":"product-type-simple"},"acf":[],"yoast_head":"<!-- This site is optimized with the Yoast SEO Premium plugin v26.6 (Yoast SEO v26.6) - https:\/\/yoast.com\/wordpress\/plugins\/seo\/ -->\n<title>Schale Aluminium Trennwand Deckel Verschlie\u00dfbar 685ml pro 100<\/title>\n<meta name=\"description\" content=\"Aluminiumschale 685 ml mit separatem Deckel, versiegelbar f\u00fcr einen luftdichten Verschluss. Ideal f\u00fcr Caterer und Gastronomen. Los von 100.\" \/>\n<meta name=\"robots\" content=\"index, follow, max-snippet:-1, max-image-preview:large, max-video-preview:-1\" \/>\n<link rel=\"canonical\" href=\"https:\/\/www.csj-emballages.com\/de\/produit\/100-einwegschalen-aus-aluminium-mit-getrennten-deckeln-verschliessbar-685ml\/\" \/>\n<meta property=\"og:locale\" content=\"de_DE\" \/>\n<meta property=\"og:type\" content=\"article\" \/>\n<meta property=\"og:title\" content=\"Aluminiumschale mit separatem Deckel, verschlie\u00dfbar 685ml pro 100\" \/>\n<meta property=\"og:description\" content=\"Aluminiumschale 685 ml mit separatem Deckel, versiegelbar f\u00fcr einen luftdichten Verschluss. Ideal f\u00fcr Caterer und Gastronomen. Los von 100.\" \/>\n<meta property=\"og:url\" content=\"https:\/\/www.csj-emballages.com\/de\/produit\/100-einwegschalen-aus-aluminium-mit-getrennten-deckeln-verschliessbar-685ml\/\" \/>\n<meta property=\"og:site_name\" content=\"CSJ Emballages\" \/>\n<meta property=\"article:publisher\" content=\"https:\/\/www.facebook.com\/csjemballages\" \/>\n<meta property=\"article:modified_time\" content=\"2026-04-03T00:13:23+00:00\" \/>\n<meta property=\"og:image\" content=\"https:\/\/www.csj-emballages.com\/wp-content\/uploads\/2024\/03\/BO-670.webp\" \/>\n\t<meta property=\"og:image:width\" content=\"800\" \/>\n\t<meta property=\"og:image:height\" content=\"801\" \/>\n\t<meta property=\"og:image:type\" content=\"image\/webp\" \/>\n<meta name=\"twitter:card\" content=\"summary_large_image\" \/>\n<meta name=\"twitter:label1\" content=\"Gesch\u00e4tzte Lesezeit\" \/>\n\t<meta name=\"twitter:data1\" content=\"1\u00a0Minute\" \/>\n<script type=\"application\/ld+json\" class=\"yoast-schema-graph\">{\"@context\":\"https:\/\/schema.org\",\"@graph\":[{\"@type\":\"WebPage\",\"@id\":\"https:\/\/www.csj-emballages.com\/de\/produit\/100-einwegschalen-aus-aluminium-mit-getrennten-deckeln-verschliessbar-685ml\/\",\"url\":\"https:\/\/www.csj-emballages.com\/de\/produit\/100-einwegschalen-aus-aluminium-mit-getrennten-deckeln-verschliessbar-685ml\/\",\"name\":\"Schale Aluminium Trennwand Deckel Verschlie\u00dfbar 685ml pro 100\",\"isPartOf\":{\"@id\":\"https:\/\/www.csj-emballages.com\/de\/#website\"},\"primaryImageOfPage\":{\"@id\":\"https:\/\/www.csj-emballages.com\/de\/produit\/100-einwegschalen-aus-aluminium-mit-getrennten-deckeln-verschliessbar-685ml\/#primaryimage\"},\"image\":{\"@id\":\"https:\/\/www.csj-emballages.com\/de\/produit\/100-einwegschalen-aus-aluminium-mit-getrennten-deckeln-verschliessbar-685ml\/#primaryimage\"},\"thumbnailUrl\":\"https:\/\/www.csj-emballages.com\/wp-content\/uploads\/2024\/03\/BO-670.webp\",\"datePublished\":\"2024-03-01T15:57:11+00:00\",\"dateModified\":\"2026-04-03T00:13:23+00:00\",\"description\":\"Aluminiumschale 685 ml mit separatem Deckel, versiegelbar f\u00fcr einen luftdichten Verschluss. Ideal f\u00fcr Caterer und Gastronomen. Los von 100.\",\"breadcrumb\":{\"@id\":\"https:\/\/www.csj-emballages.com\/de\/produit\/100-einwegschalen-aus-aluminium-mit-getrennten-deckeln-verschliessbar-685ml\/#breadcrumb\"},\"inLanguage\":\"de\",\"potentialAction\":[{\"@type\":\"ReadAction\",\"target\":[\"https:\/\/www.csj-emballages.com\/de\/produit\/100-einwegschalen-aus-aluminium-mit-getrennten-deckeln-verschliessbar-685ml\/\"]}]},{\"@type\":\"ImageObject\",\"inLanguage\":\"de\",\"@id\":\"https:\/\/www.csj-emballages.com\/de\/produit\/100-einwegschalen-aus-aluminium-mit-getrennten-deckeln-verschliessbar-685ml\/#primaryimage\",\"url\":\"https:\/\/www.csj-emballages.com\/wp-content\/uploads\/2024\/03\/BO-670.webp\",\"contentUrl\":\"https:\/\/www.csj-emballages.com\/wp-content\/uploads\/2024\/03\/BO-670.webp\",\"width\":800,\"height\":801,\"caption\":\"barquette aluminium\"},{\"@type\":\"BreadcrumbList\",\"@id\":\"https:\/\/www.csj-emballages.com\/de\/produit\/100-einwegschalen-aus-aluminium-mit-getrennten-deckeln-verschliessbar-685ml\/#breadcrumb\",\"itemListElement\":[{\"@type\":\"ListItem\",\"position\":1,\"name\":\"Accueil\",\"item\":\"https:\/\/www.csj-emballages.com\/de\/universum-lebensmittelverpackungen\/\"},{\"@type\":\"ListItem\",\"position\":2,\"name\":\"Shop\",\"item\":\"https:\/\/www.csj-emballages.com\/shop\/\"},{\"@type\":\"ListItem\",\"position\":3,\"name\":\"Aluminiumschale mit separatem Deckel, verschlie\u00dfbar 685ml pro 100\"}]},{\"@type\":\"WebSite\",\"@id\":\"https:\/\/www.csj-emballages.com\/de\/#website\",\"url\":\"https:\/\/www.csj-emballages.com\/de\/\",\"name\":\"CSJ Emballages\",\"description\":\"\",\"publisher\":{\"@id\":\"https:\/\/www.csj-emballages.com\/de\/#organization\"},\"potentialAction\":[{\"@type\":\"SearchAction\",\"target\":{\"@type\":\"EntryPoint\",\"urlTemplate\":\"https:\/\/www.csj-emballages.com\/de\/?s={search_term_string}\"},\"query-input\":{\"@type\":\"PropertyValueSpecification\",\"valueRequired\":true,\"valueName\":\"search_term_string\"}}],\"inLanguage\":\"de\"},{\"@type\":\"Organization\",\"@id\":\"https:\/\/www.csj-emballages.com\/de\/#Organization\/\",\"name\":\"CSJ Emballages\",\"url\":\"https:\/\/www.csj-emballages.com\/de\/\",\"logo\":{\"@type\":\"ImageObject\",\"inLanguage\":\"de\",\"@id\":\"https:\/\/www.csj-emballages.com\/de\/#\/schema\/logo\/image\/\",\"url\":\"https:\/\/www.csj-emballages.com\/wp-content\/uploads\/2023\/10\/logo_csj.webp\",\"contentUrl\":\"https:\/\/www.csj-emballages.com\/wp-content\/uploads\/2023\/10\/logo_csj.webp\",\"width\":250,\"height\":95,\"caption\":\"CSJ Emballages\"},\"image\":{\"@id\":\"https:\/\/www.csj-emballages.com\/de\/#\/schema\/logo\/image\/\"},\"sameAs\":[\"https:\/\/www.facebook.com\/csjemballages\"],\"address\":{\"@type\":\"PostalAddress\",\"streetAddress\":\"ZI La Lechere\",\"addressLocality\":\"Patornay\",\"postalCode\":\"39130\",\"addressCountry\":\"FR\"},\"contactPoint\":[{\"@type\":\"ContactPoint\",\"contactType\":\"Service client\",\"telephone\":\"0384254272\",\"email\":\"contact@csj-emballages.com\"}]}]}<\/script>\n<!-- \/ Yoast SEO Premium plugin. -->","yoast_head_json":{"title":"Schale Aluminium Trennwand Deckel Verschlie\u00dfbar 685ml pro 100","description":"Aluminiumschale 685 ml mit separatem Deckel, versiegelbar f\u00fcr einen luftdichten Verschluss. Ideal f\u00fcr Caterer und Gastronomen. Los von 100.","robots":{"index":"index","follow":"follow","max-snippet":"max-snippet:-1","max-image-preview":"max-image-preview:large","max-video-preview":"max-video-preview:-1"},"canonical":"https:\/\/www.csj-emballages.com\/de\/produit\/100-einwegschalen-aus-aluminium-mit-getrennten-deckeln-verschliessbar-685ml\/","og_locale":"de_DE","og_type":"article","og_title":"Aluminiumschale mit separatem Deckel, verschlie\u00dfbar 685ml pro 100","og_description":"Aluminiumschale 685 ml mit separatem Deckel, versiegelbar f\u00fcr einen luftdichten Verschluss. Ideal f\u00fcr Caterer und Gastronomen. Los von 100.","og_url":"https:\/\/www.csj-emballages.com\/de\/produit\/100-einwegschalen-aus-aluminium-mit-getrennten-deckeln-verschliessbar-685ml\/","og_site_name":"CSJ Emballages","article_publisher":"https:\/\/www.facebook.com\/csjemballages","article_modified_time":"2026-04-03T00:13:23+00:00","og_image":[{"width":800,"height":801,"url":"https:\/\/www.csj-emballages.com\/wp-content\/uploads\/2024\/03\/BO-670.webp","type":"image\/webp"}],"twitter_card":"summary_large_image","twitter_misc":{"Gesch\u00e4tzte Lesezeit":"1\u00a0Minute"},"schema":{"@context":"https:\/\/schema.org","@graph":[{"@type":"WebPage","@id":"https:\/\/www.csj-emballages.com\/de\/produit\/100-einwegschalen-aus-aluminium-mit-getrennten-deckeln-verschliessbar-685ml\/","url":"https:\/\/www.csj-emballages.com\/de\/produit\/100-einwegschalen-aus-aluminium-mit-getrennten-deckeln-verschliessbar-685ml\/","name":"Schale Aluminium Trennwand Deckel Verschlie\u00dfbar 685ml pro 100","isPartOf":{"@id":"https:\/\/www.csj-emballages.com\/de\/#website"},"primaryImageOfPage":{"@id":"https:\/\/www.csj-emballages.com\/de\/produit\/100-einwegschalen-aus-aluminium-mit-getrennten-deckeln-verschliessbar-685ml\/#primaryimage"},"image":{"@id":"https:\/\/www.csj-emballages.com\/de\/produit\/100-einwegschalen-aus-aluminium-mit-getrennten-deckeln-verschliessbar-685ml\/#primaryimage"},"thumbnailUrl":"https:\/\/www.csj-emballages.com\/wp-content\/uploads\/2024\/03\/BO-670.webp","datePublished":"2024-03-01T15:57:11+00:00","dateModified":"2026-04-03T00:13:23+00:00","description":"Aluminiumschale 685 ml mit separatem Deckel, versiegelbar f\u00fcr einen luftdichten Verschluss. Ideal f\u00fcr Caterer und Gastronomen. Los von 100.","breadcrumb":{"@id":"https:\/\/www.csj-emballages.com\/de\/produit\/100-einwegschalen-aus-aluminium-mit-getrennten-deckeln-verschliessbar-685ml\/#breadcrumb"},"inLanguage":"de","potentialAction":[{"@type":"ReadAction","target":["https:\/\/www.csj-emballages.com\/de\/produit\/100-einwegschalen-aus-aluminium-mit-getrennten-deckeln-verschliessbar-685ml\/"]}]},{"@type":"ImageObject","inLanguage":"de","@id":"https:\/\/www.csj-emballages.com\/de\/produit\/100-einwegschalen-aus-aluminium-mit-getrennten-deckeln-verschliessbar-685ml\/#primaryimage","url":"https:\/\/www.csj-emballages.com\/wp-content\/uploads\/2024\/03\/BO-670.webp","contentUrl":"https:\/\/www.csj-emballages.com\/wp-content\/uploads\/2024\/03\/BO-670.webp","width":800,"height":801,"caption":"barquette aluminium"},{"@type":"BreadcrumbList","@id":"https:\/\/www.csj-emballages.com\/de\/produit\/100-einwegschalen-aus-aluminium-mit-getrennten-deckeln-verschliessbar-685ml\/#breadcrumb","itemListElement":[{"@type":"ListItem","position":1,"name":"Accueil","item":"https:\/\/www.csj-emballages.com\/de\/universum-lebensmittelverpackungen\/"},{"@type":"ListItem","position":2,"name":"Shop","item":"https:\/\/www.csj-emballages.com\/shop\/"},{"@type":"ListItem","position":3,"name":"Aluminiumschale mit separatem Deckel, verschlie\u00dfbar 685ml pro 100"}]},{"@type":"WebSite","@id":"https:\/\/www.csj-emballages.com\/de\/#website","url":"https:\/\/www.csj-emballages.com\/de\/","name":"CSJ Emballages","description":"","publisher":{"@id":"https:\/\/www.csj-emballages.com\/de\/#organization"},"potentialAction":[{"@type":"SearchAction","target":{"@type":"EntryPoint","urlTemplate":"https:\/\/www.csj-emballages.com\/de\/?s={search_term_string}"},"query-input":{"@type":"PropertyValueSpecification","valueRequired":true,"valueName":"search_term_string"}}],"inLanguage":"de"},{"@type":"Organization","@id":"https:\/\/www.csj-emballages.com\/de\/#Organization\/","name":"CSJ Emballages","url":"https:\/\/www.csj-emballages.com\/de\/","logo":{"@type":"ImageObject","inLanguage":"de","@id":"https:\/\/www.csj-emballages.com\/de\/#\/schema\/logo\/image\/","url":"https:\/\/www.csj-emballages.com\/wp-content\/uploads\/2023\/10\/logo_csj.webp","contentUrl":"https:\/\/www.csj-emballages.com\/wp-content\/uploads\/2023\/10\/logo_csj.webp","width":250,"height":95,"caption":"CSJ Emballages"},"image":{"@id":"https:\/\/www.csj-emballages.com\/de\/#\/schema\/logo\/image\/"},"sameAs":["https:\/\/www.facebook.com\/csjemballages"],"address":{"@type":"PostalAddress","streetAddress":"ZI La Lechere","addressLocality":"Patornay","postalCode":"39130","addressCountry":"FR"},"contactPoint":[{"@type":"ContactPoint","contactType":"Service client","telephone":"0384254272","email":"contact@csj-emballages.com"}]}]}},"df_price":11.93,"df_sale_price":"","df_regular_price":11.93,"df_image_link":"https:\/\/www.csj-emballages.com\/wp-content\/uploads\/2024\/03\/BO-670-300x300.webp","tiered_pricing_type":"fixed","tiered_pricing_fixed_rules":[],"tiered_pricing_percentage_rules":[],"tiered_pricing_minimum":1,"tiered_pricing_roles_data":[],"_links":{"self":[{"href":"https:\/\/www.csj-emballages.com\/de\/wp-json\/wp\/v2\/product\/19702","targetHints":{"allow":["GET"]}}],"collection":[{"href":"https:\/\/www.csj-emballages.com\/de\/wp-json\/wp\/v2\/product"}],"about":[{"href":"https:\/\/www.csj-emballages.com\/de\/wp-json\/wp\/v2\/types\/product"}],"wp:featuredmedia":[{"embeddable":true,"href":"https:\/\/www.csj-emballages.com\/de\/wp-json\/wp\/v2\/media\/227866"}],"wp:attachment":[{"href":"https:\/\/www.csj-emballages.com\/de\/wp-json\/wp\/v2\/media?parent=19702"}],"wp:term":[{"taxonomy":"product_brand","embeddable":true,"href":"https:\/\/www.csj-emballages.com\/de\/wp-json\/wp\/v2\/product_brand?post=19702"},{"taxonomy":"product_cat","embeddable":true,"href":"https:\/\/www.csj-emballages.com\/de\/wp-json\/wp\/v2\/product_cat?post=19702"},{"taxonomy":"product_tag","embeddable":true,"href":"https:\/\/www.csj-emballages.com\/de\/wp-json\/wp\/v2\/product_tag?post=19702"}],"curies":[{"name":"wp","href":"https:\/\/api.w.org\/{rel}","templated":true}]}}