{"id":19672,"date":"2024-03-01T16:57:13","date_gmt":"2024-03-01T15:57:13","guid":{"rendered":"https:\/\/u15jnbdpoq.preview.infomaniak.website\/produit\/schwarze-schachtel-fuer-8-macarons-aus-karton\/"},"modified":"2026-04-18T02:12:23","modified_gmt":"2026-04-18T00:12:23","slug":"schwarze-schachtel-fuer-8-macarons-aus-karton","status":"publish","type":"product","link":"https:\/\/www.csj-emballages.com\/de\/produit\/schwarze-schachtel-fuer-8-macarons-aus-karton\/","title":{"rendered":"Schwarze Makronenschachtel aus Karton f\u00fcr 8 Makronen"},"content":{"rendered":"<div style=\"box-sizing: inherit; font-family: Roboto, sans-serif;\">\n<div style=\"box-sizing: inherit; font-family: Roboto, sans-serif;\">\n<div style=\"box-sizing: inherit; font-family: Roboto, sans-serif;\">\n<div style=\"box-sizing: inherit; font-family: Roboto, sans-serif;\">\n<div style=\"box-sizing: inherit; font-family: Roboto, sans-serif;\">\n<div style=\"box-sizing: inherit; font-family: Roboto, sans-serif;\">\n<div style=\"box-sizing: inherit; font-family: Roboto, sans-serif;\">\n<div style=\"box-sizing: inherit; font-family: Roboto, sans-serif;\">\n<div style=\"box-sizing: inherit; font-family: Roboto, sans-serif;\">\n<div style=\"box-sizing: inherit; font-family: Roboto, sans-serif;\">\n<div style=\"box-sizing: inherit; font-family: Roboto, sans-serif;\">\n<div style=\"box-sizing: inherit; font-family: Roboto, sans-serif;\">\n<div style=\"box-sizing: inherit; font-family: Roboto, sans-serif;\">\n<div class=\"flex flex-grow flex-col max-w-full\">\n<div class=\"min-h-[20px] text-message flex flex-col items-start whitespace-pre-wrap break-words [.text-message+&amp;]:mt-5 juice:w-full juice:items-end overflow-x-auto gap-2\" dir=\"auto\" data-message-author-role=\"assistant\" data-message-id=\"2034782e-88f9-44ef-b4dc-07dd7bf0115f\">\n<div class=\"flex w-full flex-col gap-1 juice:empty:hidden juice:first:pt-[3px]\">\n<div class=\"markdown prose w-full break-words dark:prose-invert light\">\n<div style=\"box-sizing: inherit; font-family: Roboto, sans-serif;\">\n<div style=\"box-sizing: inherit; font-family: Roboto, sans-serif;\">\n<div style=\"box-sizing: inherit; font-family: Roboto, sans-serif;\">\n<div style=\"box-sizing: inherit; font-family: Roboto, sans-serif;\">\n<div style=\"box-sizing: inherit; font-family: Roboto, sans-serif;\">\n<div style=\"box-sizing: inherit; font-family: Roboto, sans-serif;\">\n<h2>Schachtel Makronen<\/h2>\n<div style=\"box-sizing: inherit; font-family: Roboto, sans-serif;\">\n<div style=\"box-sizing: inherit; font-family: Roboto, sans-serif;\">\n<div style=\"box-sizing: inherit; font-family: Roboto, sans-serif;\">\n<div style=\"text-align: center;\">\n<div style=\"box-sizing: inherit; font-family: Roboto, sans-serif;\">\n<div style=\"box-sizing: inherit; font-family: Roboto, sans-serif;\">\n<div style=\"box-sizing: inherit; font-family: Roboto, sans-serif;\">\n<div style=\"box-sizing: inherit; font-family: Roboto, sans-serif;\">\n<div style=\"box-sizing: inherit; font-family: Roboto, sans-serif;\">\n<div style=\"box-sizing: inherit; font-family: Roboto, sans-serif; text-align: left;\">\n<hr>\n<h3 style=\"text-align: left;\">Beschreibung unserer Makronenschachtel schwarz Karton f\u00fcr 8 Makronen<!--more--><\/h3>\n<\/div>\n<\/div>\n<\/div>\n<\/div>\n<\/div>\n<\/div>\n<\/div>\n<\/div>\n<\/div>\n<\/div>\n<\/div>\n<\/div>\n<\/div>\n<\/div>\n<\/div>\n<\/div>\n<\/div>\n<\/div>\n<\/div>\n<\/div>\n<\/div>\n<\/div>\n<\/div>\n<\/div>\n<\/div>\n<\/div>\n<\/div>\n<\/div>\n<\/div>\n<\/div>\n<\/div>\n<\/div>\n<\/div>\n<p data-start=\"108\" data-end=\"543\">Entdecken Sie unsere <strong data-start=\"124\" data-end=\"160\">schwarze Makronenschachtel aus Karton,<\/strong> die speziell daf\u00fcr entworfen wurde, Ihre k\u00f6stlichen Kreationen zu veredeln und zu sch\u00fctzen. Diese elegante und praktische Schachtel im raffinierten Format bietet Platz f\u00fcr bis zu <strong data-start=\"313\" data-end=\"327\">8 Macarons<\/strong> und bewahrt dabei ihre Frische und ihren Halt. Hergestellt aus <strong data-start=\"390\" data-end=\"423\">lebensmittelechtem Karton<\/strong>, vereint sie Robustheit und \u00c4sthetik und garantiert einen sicheren Transport und eine gepflegte Pr\u00e4sentation Ihrer S\u00fc\u00dfigkeiten.<\/p>\n<p data-start=\"545\" data-end=\"875\">Mit ihrem schlichten Design und dem <strong>tiefschwarzen<\/strong> Finish passt diese <strong data-start=\"604\" data-end=\"624\">Makronenschachtel<\/strong> zu allen Gelegenheiten: allt\u00e4gliches Geb\u00e4ck, gesch\u00e4ftliche Veranstaltungen, Hochzeiten, Taufen oder auch personalisierte Geschenke. Sie hebt Ihre Produkte hervor, ohne sie zu \u00fcberladen, und l\u00e4sst viel Raum f\u00fcr die Sch\u00f6nheit Ihrer Errungenschaften.<\/p>\n<p data-start=\"877\" data-end=\"1220\">Sie ist ideal f\u00fcr B\u00e4cker, Konditoren und Chocolatiers, aber auch f\u00fcr Privatpersonen, die ihre Macarons in einer <strong data-start=\"894\" data-end=\"914\">Schachtel<\/strong> verschenken m\u00f6chten, die ihrer Kunstfertigkeit w\u00fcrdig ist. Der praktische Verschluss erm\u00f6glicht eine einfache und schnelle Montage &#8211; eine echte Zeitersparnis in der Produktion.<\/p>\n<p data-start=\"1222\" data-end=\"1564\">Die umweltfreundliche<strong> Box<\/strong> ist aus <strong data-start=\"1281\" data-end=\"1302\">recycelbarem Karton<\/strong> hergestellt. Eine L\u00f6sung, die professionelle Anspr\u00fcche und \u00f6kologisches Engagement miteinander verbindet. Ob Sie nun ein Profi sind, der seine Verpackungen optimieren m\u00f6chte, oder ein Amateur, der ein raffiniertes Geschenk machen m\u00f6chte, diese <strong data-start=\"1507\" data-end=\"1533\">schwarze Macarons-Dose<\/strong> ist eine sichere und elegante Wahl.<\/p>\n<p data-start=\"1566\" data-end=\"1678\">Bieten Sie Ihren Macarons die Schatulle, die sie verdienen, und Ihren Kunden ein umfassendes visuelles und geschmackliches Erlebnis.<\/p>\n<div style=\"box-sizing: inherit; font-family: Roboto, sans-serif;\">\n<div style=\"box-sizing: inherit; font-family: Roboto, sans-serif;\">\n<div style=\"box-sizing: inherit; font-family: Roboto, sans-serif;\">\n<div style=\"box-sizing: inherit; font-family: Roboto, sans-serif;\">\n<div style=\"box-sizing: inherit; font-family: Roboto, sans-serif;\">\n<div style=\"box-sizing: inherit; font-family: Roboto, sans-serif;\">\n<div style=\"box-sizing: inherit; font-family: Roboto, sans-serif;\">\n<div style=\"box-sizing: inherit; font-family: Roboto, sans-serif;\">\n<div style=\"box-sizing: inherit; font-family: Roboto, sans-serif;\">\n<div style=\"box-sizing: inherit; font-family: Roboto, sans-serif;\">\n<div style=\"box-sizing: inherit; font-family: Roboto, sans-serif;\">\n<div style=\"box-sizing: inherit; font-family: Roboto, sans-serif;\">\n<div style=\"box-sizing: inherit; font-family: Roboto, sans-serif;\">\n<div class=\"flex flex-grow flex-col max-w-full\">\n<div class=\"min-h-[20px] text-message flex flex-col items-start whitespace-pre-wrap break-words [.text-message+&amp;]:mt-5 juice:w-full juice:items-end overflow-x-auto gap-2\" dir=\"auto\" data-message-author-role=\"assistant\" data-message-id=\"2034782e-88f9-44ef-b4dc-07dd7bf0115f\">\n<div class=\"flex w-full flex-col gap-1 juice:empty:hidden juice:first:pt-[3px]\">\n<div class=\"markdown prose w-full break-words dark:prose-invert light\">\n<div style=\"box-sizing: inherit; font-family: Roboto, sans-serif;\">\n<div style=\"box-sizing: inherit; font-family: Roboto, sans-serif;\">\n<div style=\"box-sizing: inherit; font-family: Roboto, sans-serif;\">\n<div style=\"box-sizing: inherit; font-family: Roboto, sans-serif;\">\n<div style=\"box-sizing: inherit; font-family: Roboto, sans-serif;\">\n<div style=\"box-sizing: inherit; font-family: Roboto, sans-serif;\">\n<p>&nbsp;<\/p>\n<\/div>\n<\/div>\n<\/div>\n<\/div>\n<\/div>\n<\/div>\n<\/div>\n<\/div>\n<\/div>\n<\/div>\n<\/div>\n<\/div>\n<\/div>\n<\/div>\n<\/div>\n<\/div>\n<\/div>\n<\/div>\n<\/div>\n<\/div>\n<\/div>\n<\/div>\n<\/div>\n<div style=\"box-sizing: inherit; font-family: Roboto, sans-serif;\">\n<div style=\"box-sizing: inherit; font-family: Roboto, sans-serif;\">\n<div style=\"box-sizing: inherit; font-family: Roboto, sans-serif;\">\n<div style=\"box-sizing: inherit; font-family: Roboto, sans-serif;\">\n<div style=\"box-sizing: inherit; font-family: Roboto, sans-serif;\">\n<div style=\"box-sizing: inherit; font-family: Roboto, sans-serif;\">\n<div style=\"box-sizing: inherit; font-family: Roboto, sans-serif;\">\n<div style=\"box-sizing: inherit; font-family: Roboto, sans-serif;\">\n<div style=\"box-sizing: inherit; font-family: Roboto, sans-serif;\">\n<div style=\"box-sizing: inherit; font-family: Roboto, sans-serif;\">\n<div style=\"box-sizing: inherit; font-family: Roboto, sans-serif;\">\n<div style=\"box-sizing: inherit; font-family: Roboto, sans-serif;\">\n<div style=\"box-sizing: inherit; font-family: Roboto, sans-serif;\">\n<div class=\"flex flex-grow flex-col max-w-full\">\n<div class=\"min-h-[20px] text-message flex flex-col items-start whitespace-pre-wrap break-words [.text-message+&amp;]:mt-5 juice:w-full juice:items-end overflow-x-auto gap-2\" dir=\"auto\" data-message-author-role=\"assistant\" data-message-id=\"2034782e-88f9-44ef-b4dc-07dd7bf0115f\">\n<div class=\"flex w-full flex-col gap-1 juice:empty:hidden juice:first:pt-[3px]\">\n<div class=\"markdown prose w-full break-words dark:prose-invert light\">\n<div style=\"box-sizing: inherit; font-family: Roboto, sans-serif;\">\n<div style=\"box-sizing: inherit; font-family: Roboto, sans-serif;\">\n<div style=\"box-sizing: inherit; font-family: Roboto, sans-serif;\">\n<div style=\"box-sizing: inherit; font-family: Roboto, sans-serif;\">\n<div style=\"box-sizing: inherit; font-family: Roboto, sans-serif;\">\n<div style=\"box-sizing: inherit; font-family: Roboto, sans-serif;\">\n<p><!--more--><\/p>\n<h4 style=\"text-align: left;\"><strong>Vorteile :<\/strong><\/h4>\n<\/div>\n<\/div>\n<\/div>\n<\/div>\n<\/div>\n<\/div>\n<\/div>\n<\/div>\n<\/div>\n<\/div>\n<\/div>\n<\/div>\n<\/div>\n<\/div>\n<\/div>\n<\/div>\n<\/div>\n<\/div>\n<\/div>\n<\/div>\n<\/div>\n<\/div>\n<\/div>\n<ul>\n<li><strong>Optimaler Schutz<\/strong>: Sch\u00fctzt Ihre Macarons vor \u00e4u\u00dferen Einfl\u00fcssen und bewahrt so ihre Form und Frische.<\/li>\n<li><strong>Elegante \u00c4sthetik<\/strong>: Das <strong>schwarze<\/strong> Design hebt die zarten Farben und Texturen der Macarons hervor.<\/li>\n<li><strong>Praktisches Format<\/strong>: Bietet Platz f\u00fcr <strong>8 Macarons<\/strong> und hat ein kompaktes Format, das den Transport und die Aufbewahrung erleichtert.<\/li>\n<li><strong>Vielseitig<\/strong> einsetzbar : Perfekt f\u00fcr verschiedene Anl\u00e4sse wie Hochzeiten, Geburtstage oder Gesch\u00e4ftsveranstaltungen, diese <strong>Box<\/strong> passt sich jedem Kontext und Zweck an.<\/li>\n<\/ul>\n<p>&nbsp;<\/p>\n<p><!--more--><\/p>\n<h4>Weitere Informationen :<\/h4>\n<ul style=\"box-sizing: inherit; font-family: Roboto, sans-serif;\">\n<li><strong>Verpackung<\/strong>: Wird einzeln verkauft<\/li>\n<li><span style=\"font-weight: bold;\">Gr\u00f6\u00dfe<\/span>: 230 x 60 x 50 (L x B x H in mm)<\/li>\n<li><strong>Material<\/strong>: Karton + PET<\/li>\n<li><strong>Farbe<\/strong>: Schwarz<\/li>\n<li><strong>Option<\/strong>: Schachtel mit einem Fenster<\/li>\n<\/ul>\n<p>&nbsp;<\/p>\n<p><!--more--><\/p>\n<p>Erh\u00e4ltlich in verschiedenen Farben : <span style=\"color: #d12727;\"><a style=\"color: #d12727;\" href=\"https:\/\/www.csj-emballages.com\/es\/produit\/25-cajas-de-carton-blanco-para-8-macarrones\/\">Wei\u00df<\/a><\/span> \/ <span style=\"color: #d12727;\"><a style=\"color: #d12727;\" href=\"https:\/\/www.csj-emballages.com\/produit\/boite-macaron-kraft-pour-8-macarons-en-carton-calages-cadeaux-fetes\/\">Kraft<\/a><\/span> \/ <span style=\"color: #d12727;\"><a style=\"color: #d12727;\" href=\"https:\/\/www.csj-emballages.com\/produit\/boites-oranges-pour-8-macarons-en-carton\/\">Orange<\/a><\/span> \/ <span style=\"color: #d12727;\"><a style=\"color: #d12727;\" href=\"https:\/\/www.csj-emballages.com\/produit\/boites-roses-pour-8-macarons-en-carton\/\">Rosa<\/a><\/span> \/ <span style=\"color: #d12727;\"><a style=\"color: #d12727;\" href=\"https:\/\/www.csj-emballages.com\/produit\/boites-vertes-pour-8-macarons-en-carton\/\">Gr\u00fcn<\/a><\/span><\/p>\n<p>&nbsp;<\/p>\n<p><!--more--><\/p>\n<p>Hier finden Sie unsere beiden Arten von Makroneneinlagen, die mit dieser Schachtel kompatibel sind: <span style=\"color: #d12727;\"><a style=\"color: #d12727;\" href=\"https:\/\/www.csj-emballages.com\/produit\/50-calages-noir-plastique-8-macarons-pour-boite\/\">CALBM6NOIR<\/a><\/span> (Schwarz) \/ <span style=\"color: #d12727;\"><a style=\"color: #d12727;\" href=\"https:\/\/www.csj-emballages.com\/produit\/50-calages-transparent-plastique-8-macarons-pour-boite\/\">CALBM6TRAN<\/a> <span style=\"color: #000000;\">(Transparent)<\/span><\/span><\/p>\n<p>&nbsp;<\/p>\n<p style=\"text-align: left;\"><!--more--><\/p>\n<p><a href=\"https:\/\/www.csj-emballages.com\/de\/categorie-produit\/lebensmittelverpackungen\/backerei-und-konditorei\/schachteln-und-etuis\/macarons-schachteln-etuis\/schachteln-einlagen-fur-macarons\/makronenschachteln\/\">Sehen Sie sich den Rest unseres Sortiments an Makronenschachteln an.<\/a><\/p>\n","protected":false},"excerpt":{"rendered":"<p>Schachtel Makronen Beschreibung unserer Makronenschachtel schwarz Karton f\u00fcr 8 Makronen<\/p>\n","protected":false},"featured_media":241718,"template":"","meta":{"_acf_changed":false},"product_brand":[],"product_cat":[1137,1171,1728,2167,2168,1172,1265],"product_tag":[],"class_list":{"0":"post-19672","1":"product","2":"type-product","3":"status-publish","4":"has-post-thumbnail","6":"product_cat-lebensmittelverpackungen","7":"product_cat-backerei-und-konditorei","8":"product_cat-macarons-schachteln-etuis","9":"product_cat-schachteln-einlagen-fur-macarons","10":"product_cat-makronenschachteln","11":"product_cat-fensterkasten","12":"product_cat-lagerbestande-promotion","14":"first","15":"instock","16":"sale","17":"taxable","18":"shipping-taxable","19":"purchasable","20":"product-type-simple"},"acf":[],"yoast_head":"<!-- This site is optimized with the Yoast SEO Premium plugin v26.6 (Yoast SEO v26.6) - https:\/\/yoast.com\/wordpress\/plugins\/seo\/ -->\n<title>Schwarze Macarons Schachtel Karton f\u00fcr 8 Macarons<\/title>\n<meta name=\"description\" content=\"Entdecken Sie die schwarze Makronenschachtel f\u00fcr 8 Makronen aus Karton. Diese Schachtel sch\u00fctzt Ihre Macarons und bietet gleichzeitig eine raffinierte Pr\u00e4sentation.\" \/>\n<meta name=\"robots\" content=\"index, follow, max-snippet:-1, max-image-preview:large, max-video-preview:-1\" \/>\n<link rel=\"canonical\" href=\"https:\/\/www.csj-emballages.com\/de\/produit\/schwarze-schachtel-fuer-8-macarons-aus-karton\/\" \/>\n<meta property=\"og:locale\" content=\"de_DE\" \/>\n<meta property=\"og:type\" content=\"article\" \/>\n<meta property=\"og:title\" content=\"Schwarze Makronenschachtel f\u00fcr 8 Makronen\" \/>\n<meta property=\"og:description\" content=\"Entdecken Sie die schwarze Makronenschachtel f\u00fcr 8 Makronen aus Karton. Diese Schachtel sch\u00fctzt Ihre Macarons und bietet gleichzeitig eine raffinierte Pr\u00e4sentation.\" \/>\n<meta property=\"og:url\" content=\"https:\/\/www.csj-emballages.com\/de\/produit\/schwarze-schachtel-fuer-8-macarons-aus-karton\/\" \/>\n<meta property=\"og:site_name\" content=\"CSJ Emballages\" \/>\n<meta property=\"article:publisher\" content=\"https:\/\/www.facebook.com\/csjemballages\" \/>\n<meta property=\"article:modified_time\" content=\"2026-04-18T00:12:23+00:00\" \/>\n<meta property=\"og:image\" content=\"https:\/\/www.csj-emballages.com\/wp-content\/uploads\/2024\/03\/BM6NOIR.webp\" \/>\n\t<meta property=\"og:image:width\" content=\"800\" \/>\n\t<meta property=\"og:image:height\" content=\"800\" \/>\n\t<meta property=\"og:image:type\" content=\"image\/webp\" \/>\n<meta name=\"twitter:card\" content=\"summary_large_image\" \/>\n<meta name=\"twitter:title\" content=\"Schwarze Makronenschachtel f\u00fcr 8 Makronen\" \/>\n<meta name=\"twitter:description\" content=\"Entdecken Sie die schwarze Makronenschachtel f\u00fcr 8 Makronen aus Karton. Diese Schachtel sch\u00fctzt Ihre Macarons und bietet gleichzeitig eine raffinierte Pr\u00e4sentation.\" \/>\n<meta name=\"twitter:label1\" content=\"Gesch\u00e4tzte Lesezeit\" \/>\n\t<meta name=\"twitter:data1\" content=\"2 Minuten\" \/>\n<script type=\"application\/ld+json\" class=\"yoast-schema-graph\">{\"@context\":\"https:\/\/schema.org\",\"@graph\":[{\"@type\":\"WebPage\",\"@id\":\"https:\/\/www.csj-emballages.com\/de\/produit\/schwarze-schachtel-fuer-8-macarons-aus-karton\/\",\"url\":\"https:\/\/www.csj-emballages.com\/de\/produit\/schwarze-schachtel-fuer-8-macarons-aus-karton\/\",\"name\":\"Schwarze Macarons Schachtel Karton f\u00fcr 8 Macarons\",\"isPartOf\":{\"@id\":\"https:\/\/www.csj-emballages.com\/de\/#website\"},\"primaryImageOfPage\":{\"@id\":\"https:\/\/www.csj-emballages.com\/de\/produit\/schwarze-schachtel-fuer-8-macarons-aus-karton\/#primaryimage\"},\"image\":{\"@id\":\"https:\/\/www.csj-emballages.com\/de\/produit\/schwarze-schachtel-fuer-8-macarons-aus-karton\/#primaryimage\"},\"thumbnailUrl\":\"https:\/\/www.csj-emballages.com\/wp-content\/uploads\/2024\/03\/BM6NOIR.webp\",\"datePublished\":\"2024-03-01T15:57:13+00:00\",\"dateModified\":\"2026-04-18T00:12:23+00:00\",\"description\":\"Entdecken Sie die schwarze Makronenschachtel f\u00fcr 8 Makronen aus Karton. Diese Schachtel sch\u00fctzt Ihre Macarons und bietet gleichzeitig eine raffinierte Pr\u00e4sentation.\",\"breadcrumb\":{\"@id\":\"https:\/\/www.csj-emballages.com\/de\/produit\/schwarze-schachtel-fuer-8-macarons-aus-karton\/#breadcrumb\"},\"inLanguage\":\"de\",\"potentialAction\":[{\"@type\":\"ReadAction\",\"target\":[\"https:\/\/www.csj-emballages.com\/de\/produit\/schwarze-schachtel-fuer-8-macarons-aus-karton\/\"]}]},{\"@type\":\"ImageObject\",\"inLanguage\":\"de\",\"@id\":\"https:\/\/www.csj-emballages.com\/de\/produit\/schwarze-schachtel-fuer-8-macarons-aus-karton\/#primaryimage\",\"url\":\"https:\/\/www.csj-emballages.com\/wp-content\/uploads\/2024\/03\/BM6NOIR.webp\",\"contentUrl\":\"https:\/\/www.csj-emballages.com\/wp-content\/uploads\/2024\/03\/BM6NOIR.webp\",\"width\":800,\"height\":800,\"caption\":\"Boite macarons\"},{\"@type\":\"BreadcrumbList\",\"@id\":\"https:\/\/www.csj-emballages.com\/de\/produit\/schwarze-schachtel-fuer-8-macarons-aus-karton\/#breadcrumb\",\"itemListElement\":[{\"@type\":\"ListItem\",\"position\":1,\"name\":\"Accueil\",\"item\":\"https:\/\/www.csj-emballages.com\/de\/universum-lebensmittelverpackungen\/\"},{\"@type\":\"ListItem\",\"position\":2,\"name\":\"Shop\",\"item\":\"https:\/\/www.csj-emballages.com\/shop\/\"},{\"@type\":\"ListItem\",\"position\":3,\"name\":\"Schwarze Makronenschachtel aus Karton f\u00fcr 8 Makronen\"}]},{\"@type\":\"WebSite\",\"@id\":\"https:\/\/www.csj-emballages.com\/de\/#website\",\"url\":\"https:\/\/www.csj-emballages.com\/de\/\",\"name\":\"CSJ Emballages\",\"description\":\"\",\"publisher\":{\"@id\":\"https:\/\/www.csj-emballages.com\/de\/#organization\"},\"potentialAction\":[{\"@type\":\"SearchAction\",\"target\":{\"@type\":\"EntryPoint\",\"urlTemplate\":\"https:\/\/www.csj-emballages.com\/de\/?s={search_term_string}\"},\"query-input\":{\"@type\":\"PropertyValueSpecification\",\"valueRequired\":true,\"valueName\":\"search_term_string\"}}],\"inLanguage\":\"de\"},{\"@type\":\"Organization\",\"@id\":\"https:\/\/www.csj-emballages.com\/de\/#Organization\/\",\"name\":\"CSJ Emballages\",\"url\":\"https:\/\/www.csj-emballages.com\/de\/\",\"logo\":{\"@type\":\"ImageObject\",\"inLanguage\":\"de\",\"@id\":\"https:\/\/www.csj-emballages.com\/de\/#\/schema\/logo\/image\/\",\"url\":\"https:\/\/www.csj-emballages.com\/wp-content\/uploads\/2023\/10\/logo_csj.webp\",\"contentUrl\":\"https:\/\/www.csj-emballages.com\/wp-content\/uploads\/2023\/10\/logo_csj.webp\",\"width\":250,\"height\":95,\"caption\":\"CSJ Emballages\"},\"image\":{\"@id\":\"https:\/\/www.csj-emballages.com\/de\/#\/schema\/logo\/image\/\"},\"sameAs\":[\"https:\/\/www.facebook.com\/csjemballages\"],\"address\":{\"@type\":\"PostalAddress\",\"streetAddress\":\"ZI La Lechere\",\"addressLocality\":\"Patornay\",\"postalCode\":\"39130\",\"addressCountry\":\"FR\"},\"contactPoint\":[{\"@type\":\"ContactPoint\",\"contactType\":\"Service client\",\"telephone\":\"0384254272\",\"email\":\"contact@csj-emballages.com\"}]}]}<\/script>\n<!-- \/ Yoast SEO Premium plugin. -->","yoast_head_json":{"title":"Schwarze Macarons Schachtel Karton f\u00fcr 8 Macarons","description":"Entdecken Sie die schwarze Makronenschachtel f\u00fcr 8 Makronen aus Karton. Diese Schachtel sch\u00fctzt Ihre Macarons und bietet gleichzeitig eine raffinierte Pr\u00e4sentation.","robots":{"index":"index","follow":"follow","max-snippet":"max-snippet:-1","max-image-preview":"max-image-preview:large","max-video-preview":"max-video-preview:-1"},"canonical":"https:\/\/www.csj-emballages.com\/de\/produit\/schwarze-schachtel-fuer-8-macarons-aus-karton\/","og_locale":"de_DE","og_type":"article","og_title":"Schwarze Makronenschachtel f\u00fcr 8 Makronen","og_description":"Entdecken Sie die schwarze Makronenschachtel f\u00fcr 8 Makronen aus Karton. Diese Schachtel sch\u00fctzt Ihre Macarons und bietet gleichzeitig eine raffinierte Pr\u00e4sentation.","og_url":"https:\/\/www.csj-emballages.com\/de\/produit\/schwarze-schachtel-fuer-8-macarons-aus-karton\/","og_site_name":"CSJ Emballages","article_publisher":"https:\/\/www.facebook.com\/csjemballages","article_modified_time":"2026-04-18T00:12:23+00:00","og_image":[{"width":800,"height":800,"url":"https:\/\/www.csj-emballages.com\/wp-content\/uploads\/2024\/03\/BM6NOIR.webp","type":"image\/webp"}],"twitter_card":"summary_large_image","twitter_title":"Schwarze Makronenschachtel f\u00fcr 8 Makronen","twitter_description":"Entdecken Sie die schwarze Makronenschachtel f\u00fcr 8 Makronen aus Karton. Diese Schachtel sch\u00fctzt Ihre Macarons und bietet gleichzeitig eine raffinierte Pr\u00e4sentation.","twitter_misc":{"Gesch\u00e4tzte Lesezeit":"2 Minuten"},"schema":{"@context":"https:\/\/schema.org","@graph":[{"@type":"WebPage","@id":"https:\/\/www.csj-emballages.com\/de\/produit\/schwarze-schachtel-fuer-8-macarons-aus-karton\/","url":"https:\/\/www.csj-emballages.com\/de\/produit\/schwarze-schachtel-fuer-8-macarons-aus-karton\/","name":"Schwarze Macarons Schachtel Karton f\u00fcr 8 Macarons","isPartOf":{"@id":"https:\/\/www.csj-emballages.com\/de\/#website"},"primaryImageOfPage":{"@id":"https:\/\/www.csj-emballages.com\/de\/produit\/schwarze-schachtel-fuer-8-macarons-aus-karton\/#primaryimage"},"image":{"@id":"https:\/\/www.csj-emballages.com\/de\/produit\/schwarze-schachtel-fuer-8-macarons-aus-karton\/#primaryimage"},"thumbnailUrl":"https:\/\/www.csj-emballages.com\/wp-content\/uploads\/2024\/03\/BM6NOIR.webp","datePublished":"2024-03-01T15:57:13+00:00","dateModified":"2026-04-18T00:12:23+00:00","description":"Entdecken Sie die schwarze Makronenschachtel f\u00fcr 8 Makronen aus Karton. Diese Schachtel sch\u00fctzt Ihre Macarons und bietet gleichzeitig eine raffinierte Pr\u00e4sentation.","breadcrumb":{"@id":"https:\/\/www.csj-emballages.com\/de\/produit\/schwarze-schachtel-fuer-8-macarons-aus-karton\/#breadcrumb"},"inLanguage":"de","potentialAction":[{"@type":"ReadAction","target":["https:\/\/www.csj-emballages.com\/de\/produit\/schwarze-schachtel-fuer-8-macarons-aus-karton\/"]}]},{"@type":"ImageObject","inLanguage":"de","@id":"https:\/\/www.csj-emballages.com\/de\/produit\/schwarze-schachtel-fuer-8-macarons-aus-karton\/#primaryimage","url":"https:\/\/www.csj-emballages.com\/wp-content\/uploads\/2024\/03\/BM6NOIR.webp","contentUrl":"https:\/\/www.csj-emballages.com\/wp-content\/uploads\/2024\/03\/BM6NOIR.webp","width":800,"height":800,"caption":"Boite macarons"},{"@type":"BreadcrumbList","@id":"https:\/\/www.csj-emballages.com\/de\/produit\/schwarze-schachtel-fuer-8-macarons-aus-karton\/#breadcrumb","itemListElement":[{"@type":"ListItem","position":1,"name":"Accueil","item":"https:\/\/www.csj-emballages.com\/de\/universum-lebensmittelverpackungen\/"},{"@type":"ListItem","position":2,"name":"Shop","item":"https:\/\/www.csj-emballages.com\/shop\/"},{"@type":"ListItem","position":3,"name":"Schwarze Makronenschachtel aus Karton f\u00fcr 8 Makronen"}]},{"@type":"WebSite","@id":"https:\/\/www.csj-emballages.com\/de\/#website","url":"https:\/\/www.csj-emballages.com\/de\/","name":"CSJ Emballages","description":"","publisher":{"@id":"https:\/\/www.csj-emballages.com\/de\/#organization"},"potentialAction":[{"@type":"SearchAction","target":{"@type":"EntryPoint","urlTemplate":"https:\/\/www.csj-emballages.com\/de\/?s={search_term_string}"},"query-input":{"@type":"PropertyValueSpecification","valueRequired":true,"valueName":"search_term_string"}}],"inLanguage":"de"},{"@type":"Organization","@id":"https:\/\/www.csj-emballages.com\/de\/#Organization\/","name":"CSJ Emballages","url":"https:\/\/www.csj-emballages.com\/de\/","logo":{"@type":"ImageObject","inLanguage":"de","@id":"https:\/\/www.csj-emballages.com\/de\/#\/schema\/logo\/image\/","url":"https:\/\/www.csj-emballages.com\/wp-content\/uploads\/2023\/10\/logo_csj.webp","contentUrl":"https:\/\/www.csj-emballages.com\/wp-content\/uploads\/2023\/10\/logo_csj.webp","width":250,"height":95,"caption":"CSJ Emballages"},"image":{"@id":"https:\/\/www.csj-emballages.com\/de\/#\/schema\/logo\/image\/"},"sameAs":["https:\/\/www.facebook.com\/csjemballages"],"address":{"@type":"PostalAddress","streetAddress":"ZI La Lechere","addressLocality":"Patornay","postalCode":"39130","addressCountry":"FR"},"contactPoint":[{"@type":"ContactPoint","contactType":"Service client","telephone":"0384254272","email":"contact@csj-emballages.com"}]}]}},"df_price":0.48,"df_sale_price":0.48,"df_regular_price":0.56,"df_image_link":"https:\/\/www.csj-emballages.com\/wp-content\/uploads\/2024\/03\/BM6NOIR-300x300.webp","tiered_pricing_type":"fixed","tiered_pricing_fixed_rules":[],"tiered_pricing_percentage_rules":[],"tiered_pricing_minimum":1,"tiered_pricing_roles_data":[],"_links":{"self":[{"href":"https:\/\/www.csj-emballages.com\/de\/wp-json\/wp\/v2\/product\/19672","targetHints":{"allow":["GET"]}}],"collection":[{"href":"https:\/\/www.csj-emballages.com\/de\/wp-json\/wp\/v2\/product"}],"about":[{"href":"https:\/\/www.csj-emballages.com\/de\/wp-json\/wp\/v2\/types\/product"}],"wp:featuredmedia":[{"embeddable":true,"href":"https:\/\/www.csj-emballages.com\/de\/wp-json\/wp\/v2\/media\/241718"}],"wp:attachment":[{"href":"https:\/\/www.csj-emballages.com\/de\/wp-json\/wp\/v2\/media?parent=19672"}],"wp:term":[{"taxonomy":"product_brand","embeddable":true,"href":"https:\/\/www.csj-emballages.com\/de\/wp-json\/wp\/v2\/product_brand?post=19672"},{"taxonomy":"product_cat","embeddable":true,"href":"https:\/\/www.csj-emballages.com\/de\/wp-json\/wp\/v2\/product_cat?post=19672"},{"taxonomy":"product_tag","embeddable":true,"href":"https:\/\/www.csj-emballages.com\/de\/wp-json\/wp\/v2\/product_tag?post=19672"}],"curies":[{"name":"wp","href":"https:\/\/api.w.org\/{rel}","templated":true}]}}