{"id":19642,"date":"2024-03-01T16:57:13","date_gmt":"2024-03-01T15:57:13","guid":{"rendered":"https:\/\/u15jnbdpoq.preview.infomaniak.website\/produit\/gruene-schachtel-fuer-25-macarons-aus-karton\/"},"modified":"2026-03-18T02:11:01","modified_gmt":"2026-03-18T01:11:01","slug":"gruene-schachtel-fuer-25-macarons-aus-karton","status":"publish","type":"product","link":"https:\/\/www.csj-emballages.com\/de\/produit\/gruene-schachtel-fuer-25-macarons-aus-karton\/","title":{"rendered":"Makronenschachtel gr\u00fcn Karton f\u00fcr 25 Makronen pro 50"},"content":{"rendered":"<h2>Schachtel Makronen<\/h2>\n<hr>\n<h3>Beschreibung unserer Makronenschachtel gr\u00fcn Karton f\u00fcr 25 Makronen<\/h3>\n<p><!--more--><\/p>\n<p data-start=\"79\" data-end=\"480\">Entdecken Sie unsere <strong data-start=\"95\" data-end=\"143\">gr\u00fcne Makronenschachtel aus Karton f\u00fcr 25 Makronen<\/strong>, die unumg\u00e4ngliche Verpackung, um Ihre s\u00fc\u00dfen Kreationen zu veredeln. Diese elegante und robuste <strong>Schachtel mit Fenster<\/strong> wurde speziell f\u00fcr Konditoren, Chocolatiers und Caterer entworfen, die \u00c4sthetik und Praktikabilit\u00e4t miteinander verbinden m\u00f6chten. Ihre <strong data-start=\"361\" data-end=\"378\">gr\u00fcne Farbe<\/strong> verleiht ihr einen Hauch von Raffinesse und hebt den Glanz und die Farbnuancen Ihrer Macarons hervor. Sie besteht aus <strong data-start=\"495\" data-end=\"535\">lebensmittelechtem Hartkarton<\/strong> und bietet einen ausgezeichneten Schutz w\u00e4hrend des Transports und der Aufbewahrung. Ihre Macarons bleiben unversehrt und werden vor Feuchtigkeit und \u00e4u\u00dferen Einfl\u00fcssen gesch\u00fctzt. Das sorgf\u00e4ltige Design bietet Platz f\u00fcr <strong data-start=\"738\" data-end=\"753\">25<\/strong> perfekt ausgerichtete <strong data-start=\"738\" data-end=\"753\">Macarons<\/strong> und sorgt f\u00fcr eine perfekte Pr\u00e4sentation bei Veranstaltungen, beim Verkauf in Gesch\u00e4ften oder als leckeres Geschenk.     <\/p>\n<p data-start=\"878\" data-end=\"1091\">Diese leicht zu handhabende <strong data-start=\"904\" data-end=\"923\">Pappschachtel<\/strong> ist auch umweltfreundlich, da sie nach Gebrauch wiederverwertet werden kann. So verbindet sie die Anforderungen von Profis mit einem verantwortungsvollen Vorgehen. <\/p>\n<p data-start=\"1093\" data-end=\"1421\">Ideal f\u00fcr Feste, Hochzeiten, Geburtstage oder einfach f\u00fcr eine raffinierte Verkostung: Die <strong data-start=\"1184\" data-end=\"1232\">gr\u00fcne Makronenschachtel aus Karton f\u00fcr 25 Makronen<\/strong> wird schnell zu einem unverzichtbaren Bestandteil Ihres Verpackungssortiments. Sie spiegelt die Sorgfalt wider, die Sie Ihren handgefertigten Kreationen widmen, und gibt Ihren Kunden die Gewissheit, dass Ihre Produkte von hoher Qualit\u00e4t sind. <\/p>\n<p data-start=\"1423\" data-end=\"1694\">Wenn Sie sich f\u00fcr diese <strong>Makronenschachtel<\/strong> entscheiden, w\u00e4hlen Sie eine schlichte und schicke Pr\u00e4sentation, die gleichzeitig die Sicherheit und Frische Ihrer S\u00fc\u00dfigkeiten garantiert. Sie erm\u00f6glicht es Ihnen, ein komplettes Geschmackserlebnis anzubieten, bei dem die Verpackung zur nat\u00fcrlichen Verl\u00e4ngerung Ihres Know-hows wird. <\/p>\n<p data-start=\"1423\" data-end=\"1694\"><!--more--><\/p>\n<h4 data-start=\"1423\" data-end=\"1694\">Vorteile :<\/h4>\n<ul>\n<li data-start=\"1423\" data-end=\"1694\">Elegantes <strong>gr\u00fcnes<\/strong> Finish, das Ihre Macarons besonders gut zur Geltung bringt.<\/li>\n<li data-start=\"1423\" data-end=\"1694\">Idealer Inhalt f\u00fcr <strong data-start=\"1998\" data-end=\"2013\">25 Makronen<\/strong>.<\/li>\n<li data-start=\"1423\" data-end=\"1694\">Starker, lebensmittelechter <strong data-start=\"2018\" data-end=\"2035\">Hartkarton<\/strong>.<\/li>\n<li data-start=\"1423\" data-end=\"1694\">Umweltfreundliche, <strong data-start=\"2141\" data-end=\"2155\">recycelbare<\/strong> Verpackung.<\/li>\n<li data-start=\"1423\" data-end=\"1694\">Professionelle Pr\u00e4sentation f\u00fcr Boutique, Veranstaltungen oder Geschenke.<\/li>\n<\/ul>\n<p>&nbsp;<\/p>\n<p><!--more--><\/p>\n<h4>Weitere Informationen :<\/h4>\n<ul style=\"font-family: Roboto, sans-serif\">\n<li><strong>Verpackung<\/strong>: Wird einzeln verkauft<\/li>\n<li><span style=\"font-weight: bold\">Gr\u00f6\u00dfe<\/span>: 220 x 147 x 55 (L x B x H in mm)<\/li>\n<li><strong>Material<\/strong>: Karton + PET<\/li>\n<li><strong>Farbe<\/strong>: Gr\u00fcn<\/li>\n<li><strong>Kapazit\u00e4t<\/strong>: 25 Makronen<\/li>\n<li><strong>Option<\/strong>: Schachtel mit einem Fenster<\/li>\n<\/ul>\n<p>&nbsp;<\/p>\n<p><!--more--><\/p>\n<p>Erh\u00e4ltlich in verschiedenen Farben : <span style=\"color: #d12727\"><br \/>\n  <a style=\"color: #d12727\" href=\"https:\/\/www.csj-emballages.com\/es\/produit\/caja-de-carton-rosa-para-25-macarrones\/\">Rosa<\/a><br \/>\n<\/span> \/ <span style=\"color: #d12727\"><a style=\"color: #d12727\" href=\"https:\/\/www.csj-emballages.com\/es\/produit\/caja-de-carton-naranja-para-25-macarrones\/\">Orange<\/a> <\/span>\/ <span style=\"color: #d12727\"><br \/>\n  <a style=\"color: #d12727\" href=\"https:\/\/www.csj-emballages.com\/es\/produit\/caja-de-carton-negra-para-25-macarrones\/\">Schwarz<\/a><br \/>\n<\/span><\/p>\n<p>&nbsp;<\/p>\n<p><!--more--><\/p>\n<p>Hier finden Sie unsere beiden Arten von Makroneneinlagen, die mit dieser Schachtel kompatibel sind: <span style=\"color: #d12727\"><br \/>\n  <a style=\"color: #d12727\" href=\"https:\/\/www.csj-emballages.com\/produit\/50-calages-noir-plastique-25-macarons-pour-boite\/\">CALBM25NOIR<\/a><br \/>\n<\/span> (Schwarz) \/ <span style=\"color: #d12727\"><a style=\"color: #d12727\" href=\"https:\/\/www.csj-emballages.com\/produit\/50-calages-transparent-plastique-25-macarons-pour-boite\/\">CALBM25TRAN<\/a> <span style=\"color: #000000\">(Transparent)<\/span><\/span><\/p>\n<p>&nbsp;<\/p>\n<p><!--more--><\/p>\n<p><a href=\"https:\/\/www.csj-emballages.com\/de\/categorie-produit\/lebensmittelverpackungen\/backerei-und-konditorei\/schachteln-und-etuis\/macarons-schachteln-etuis\/schachteln-einlagen-fur-macarons\/makronenschachteln\/\">Sehen Sie sich den Rest unseres Sortiments an Makronenschachteln an.<\/a><\/p>\n","protected":false},"excerpt":{"rendered":"<p>Schachtel Makronen Beschreibung unserer Makronenschachtel gr\u00fcn Karton f\u00fcr 25 Makronen<\/p>\n","protected":false},"featured_media":241915,"template":"","meta":{"_acf_changed":false},"product_brand":[],"product_cat":[1137,1171,1728,2167,2168,1172],"product_tag":[],"class_list":{"0":"post-19642","1":"product","2":"type-product","3":"status-publish","4":"has-post-thumbnail","6":"product_cat-lebensmittelverpackungen","7":"product_cat-backerei-und-konditorei","8":"product_cat-macarons-schachteln-etuis","9":"product_cat-schachteln-einlagen-fur-macarons","10":"product_cat-makronenschachteln","11":"product_cat-fensterkasten","13":"first","14":"instock","15":"taxable","16":"shipping-taxable","17":"purchasable","18":"product-type-simple"},"acf":[],"yoast_head":"<!-- This site is optimized with the Yoast SEO Premium plugin v26.6 (Yoast SEO v26.6) - https:\/\/yoast.com\/wordpress\/plugins\/seo\/ -->\n<title>Gr\u00fcne Macarons Schachtel Karton f\u00fcr 25 Macarons<\/title>\n<meta name=\"description\" content=\"Elegante gr\u00fcne Makronenschachtel aus Karton f\u00fcr 25 Makronen: Schutz, raffinierte Pr\u00e4sentation und recycelbare Verpackung f\u00fcr Ihre s\u00fc\u00dfen Kreationen.\" \/>\n<meta name=\"robots\" content=\"index, follow, max-snippet:-1, max-image-preview:large, max-video-preview:-1\" \/>\n<link rel=\"canonical\" href=\"https:\/\/www.csj-emballages.com\/de\/produit\/gruene-schachtel-fuer-25-macarons-aus-karton\/\" \/>\n<meta property=\"og:locale\" content=\"de_DE\" \/>\n<meta property=\"og:type\" content=\"article\" \/>\n<meta property=\"og:title\" content=\"Makronenschachtel gr\u00fcn Karton f\u00fcr 25 Makronen pro 50\" \/>\n<meta property=\"og:description\" content=\"Elegante gr\u00fcne Makronenschachtel aus Karton f\u00fcr 25 Makronen: Schutz, raffinierte Pr\u00e4sentation und recycelbare Verpackung f\u00fcr Ihre s\u00fc\u00dfen Kreationen.\" \/>\n<meta property=\"og:url\" content=\"https:\/\/www.csj-emballages.com\/de\/produit\/gruene-schachtel-fuer-25-macarons-aus-karton\/\" \/>\n<meta property=\"og:site_name\" content=\"CSJ Emballages\" \/>\n<meta property=\"article:publisher\" content=\"https:\/\/www.facebook.com\/csjemballages\" \/>\n<meta property=\"article:modified_time\" content=\"2026-03-18T01:11:01+00:00\" \/>\n<meta property=\"og:image\" content=\"https:\/\/www.csj-emballages.com\/wp-content\/uploads\/2024\/03\/BM25VERT.webp\" \/>\n\t<meta property=\"og:image:width\" content=\"800\" \/>\n\t<meta property=\"og:image:height\" content=\"800\" \/>\n\t<meta property=\"og:image:type\" content=\"image\/webp\" \/>\n<meta name=\"twitter:card\" content=\"summary_large_image\" \/>\n<meta name=\"twitter:label1\" content=\"Gesch\u00e4tzte Lesezeit\" \/>\n\t<meta name=\"twitter:data1\" content=\"2 Minuten\" \/>\n<script type=\"application\/ld+json\" class=\"yoast-schema-graph\">{\"@context\":\"https:\/\/schema.org\",\"@graph\":[{\"@type\":\"WebPage\",\"@id\":\"https:\/\/www.csj-emballages.com\/de\/produit\/gruene-schachtel-fuer-25-macarons-aus-karton\/\",\"url\":\"https:\/\/www.csj-emballages.com\/de\/produit\/gruene-schachtel-fuer-25-macarons-aus-karton\/\",\"name\":\"Gr\u00fcne Macarons Schachtel Karton f\u00fcr 25 Macarons\",\"isPartOf\":{\"@id\":\"https:\/\/www.csj-emballages.com\/de\/#website\"},\"primaryImageOfPage\":{\"@id\":\"https:\/\/www.csj-emballages.com\/de\/produit\/gruene-schachtel-fuer-25-macarons-aus-karton\/#primaryimage\"},\"image\":{\"@id\":\"https:\/\/www.csj-emballages.com\/de\/produit\/gruene-schachtel-fuer-25-macarons-aus-karton\/#primaryimage\"},\"thumbnailUrl\":\"https:\/\/www.csj-emballages.com\/wp-content\/uploads\/2024\/03\/BM25VERT.webp\",\"datePublished\":\"2024-03-01T15:57:13+00:00\",\"dateModified\":\"2026-03-18T01:11:01+00:00\",\"description\":\"Elegante gr\u00fcne Makronenschachtel aus Karton f\u00fcr 25 Makronen: Schutz, raffinierte Pr\u00e4sentation und recycelbare Verpackung f\u00fcr Ihre s\u00fc\u00dfen Kreationen.\",\"breadcrumb\":{\"@id\":\"https:\/\/www.csj-emballages.com\/de\/produit\/gruene-schachtel-fuer-25-macarons-aus-karton\/#breadcrumb\"},\"inLanguage\":\"de\",\"potentialAction\":[{\"@type\":\"ReadAction\",\"target\":[\"https:\/\/www.csj-emballages.com\/de\/produit\/gruene-schachtel-fuer-25-macarons-aus-karton\/\"]}]},{\"@type\":\"ImageObject\",\"inLanguage\":\"de\",\"@id\":\"https:\/\/www.csj-emballages.com\/de\/produit\/gruene-schachtel-fuer-25-macarons-aus-karton\/#primaryimage\",\"url\":\"https:\/\/www.csj-emballages.com\/wp-content\/uploads\/2024\/03\/BM25VERT.webp\",\"contentUrl\":\"https:\/\/www.csj-emballages.com\/wp-content\/uploads\/2024\/03\/BM25VERT.webp\",\"width\":800,\"height\":800,\"caption\":\"Boite macarons\"},{\"@type\":\"BreadcrumbList\",\"@id\":\"https:\/\/www.csj-emballages.com\/de\/produit\/gruene-schachtel-fuer-25-macarons-aus-karton\/#breadcrumb\",\"itemListElement\":[{\"@type\":\"ListItem\",\"position\":1,\"name\":\"Accueil\",\"item\":\"https:\/\/www.csj-emballages.com\/de\/universum-lebensmittelverpackungen\/\"},{\"@type\":\"ListItem\",\"position\":2,\"name\":\"Shop\",\"item\":\"https:\/\/www.csj-emballages.com\/shop\/\"},{\"@type\":\"ListItem\",\"position\":3,\"name\":\"Makronenschachtel gr\u00fcn Karton f\u00fcr 25 Makronen pro 50\"}]},{\"@type\":\"WebSite\",\"@id\":\"https:\/\/www.csj-emballages.com\/de\/#website\",\"url\":\"https:\/\/www.csj-emballages.com\/de\/\",\"name\":\"CSJ Emballages\",\"description\":\"\",\"publisher\":{\"@id\":\"https:\/\/www.csj-emballages.com\/de\/#organization\"},\"potentialAction\":[{\"@type\":\"SearchAction\",\"target\":{\"@type\":\"EntryPoint\",\"urlTemplate\":\"https:\/\/www.csj-emballages.com\/de\/?s={search_term_string}\"},\"query-input\":{\"@type\":\"PropertyValueSpecification\",\"valueRequired\":true,\"valueName\":\"search_term_string\"}}],\"inLanguage\":\"de\"},{\"@type\":\"Organization\",\"@id\":\"https:\/\/www.csj-emballages.com\/de\/#Organization\/\",\"name\":\"CSJ Emballages\",\"url\":\"https:\/\/www.csj-emballages.com\/de\/\",\"logo\":{\"@type\":\"ImageObject\",\"inLanguage\":\"de\",\"@id\":\"https:\/\/www.csj-emballages.com\/de\/#\/schema\/logo\/image\/\",\"url\":\"https:\/\/www.csj-emballages.com\/wp-content\/uploads\/2023\/10\/logo_csj.webp\",\"contentUrl\":\"https:\/\/www.csj-emballages.com\/wp-content\/uploads\/2023\/10\/logo_csj.webp\",\"width\":250,\"height\":95,\"caption\":\"CSJ Emballages\"},\"image\":{\"@id\":\"https:\/\/www.csj-emballages.com\/de\/#\/schema\/logo\/image\/\"},\"sameAs\":[\"https:\/\/www.facebook.com\/csjemballages\"],\"address\":{\"@type\":\"PostalAddress\",\"streetAddress\":\"ZI La Lechere\",\"addressLocality\":\"Patornay\",\"postalCode\":\"39130\",\"addressCountry\":\"FR\"},\"contactPoint\":[{\"@type\":\"ContactPoint\",\"contactType\":\"Service client\",\"telephone\":\"0384254272\",\"email\":\"contact@csj-emballages.com\"}]}]}<\/script>\n<!-- \/ Yoast SEO Premium plugin. -->","yoast_head_json":{"title":"Gr\u00fcne Macarons Schachtel Karton f\u00fcr 25 Macarons","description":"Elegante gr\u00fcne Makronenschachtel aus Karton f\u00fcr 25 Makronen: Schutz, raffinierte Pr\u00e4sentation und recycelbare Verpackung f\u00fcr Ihre s\u00fc\u00dfen Kreationen.","robots":{"index":"index","follow":"follow","max-snippet":"max-snippet:-1","max-image-preview":"max-image-preview:large","max-video-preview":"max-video-preview:-1"},"canonical":"https:\/\/www.csj-emballages.com\/de\/produit\/gruene-schachtel-fuer-25-macarons-aus-karton\/","og_locale":"de_DE","og_type":"article","og_title":"Makronenschachtel gr\u00fcn Karton f\u00fcr 25 Makronen pro 50","og_description":"Elegante gr\u00fcne Makronenschachtel aus Karton f\u00fcr 25 Makronen: Schutz, raffinierte Pr\u00e4sentation und recycelbare Verpackung f\u00fcr Ihre s\u00fc\u00dfen Kreationen.","og_url":"https:\/\/www.csj-emballages.com\/de\/produit\/gruene-schachtel-fuer-25-macarons-aus-karton\/","og_site_name":"CSJ Emballages","article_publisher":"https:\/\/www.facebook.com\/csjemballages","article_modified_time":"2026-03-18T01:11:01+00:00","og_image":[{"width":800,"height":800,"url":"https:\/\/www.csj-emballages.com\/wp-content\/uploads\/2024\/03\/BM25VERT.webp","type":"image\/webp"}],"twitter_card":"summary_large_image","twitter_misc":{"Gesch\u00e4tzte Lesezeit":"2 Minuten"},"schema":{"@context":"https:\/\/schema.org","@graph":[{"@type":"WebPage","@id":"https:\/\/www.csj-emballages.com\/de\/produit\/gruene-schachtel-fuer-25-macarons-aus-karton\/","url":"https:\/\/www.csj-emballages.com\/de\/produit\/gruene-schachtel-fuer-25-macarons-aus-karton\/","name":"Gr\u00fcne Macarons Schachtel Karton f\u00fcr 25 Macarons","isPartOf":{"@id":"https:\/\/www.csj-emballages.com\/de\/#website"},"primaryImageOfPage":{"@id":"https:\/\/www.csj-emballages.com\/de\/produit\/gruene-schachtel-fuer-25-macarons-aus-karton\/#primaryimage"},"image":{"@id":"https:\/\/www.csj-emballages.com\/de\/produit\/gruene-schachtel-fuer-25-macarons-aus-karton\/#primaryimage"},"thumbnailUrl":"https:\/\/www.csj-emballages.com\/wp-content\/uploads\/2024\/03\/BM25VERT.webp","datePublished":"2024-03-01T15:57:13+00:00","dateModified":"2026-03-18T01:11:01+00:00","description":"Elegante gr\u00fcne Makronenschachtel aus Karton f\u00fcr 25 Makronen: Schutz, raffinierte Pr\u00e4sentation und recycelbare Verpackung f\u00fcr Ihre s\u00fc\u00dfen Kreationen.","breadcrumb":{"@id":"https:\/\/www.csj-emballages.com\/de\/produit\/gruene-schachtel-fuer-25-macarons-aus-karton\/#breadcrumb"},"inLanguage":"de","potentialAction":[{"@type":"ReadAction","target":["https:\/\/www.csj-emballages.com\/de\/produit\/gruene-schachtel-fuer-25-macarons-aus-karton\/"]}]},{"@type":"ImageObject","inLanguage":"de","@id":"https:\/\/www.csj-emballages.com\/de\/produit\/gruene-schachtel-fuer-25-macarons-aus-karton\/#primaryimage","url":"https:\/\/www.csj-emballages.com\/wp-content\/uploads\/2024\/03\/BM25VERT.webp","contentUrl":"https:\/\/www.csj-emballages.com\/wp-content\/uploads\/2024\/03\/BM25VERT.webp","width":800,"height":800,"caption":"Boite macarons"},{"@type":"BreadcrumbList","@id":"https:\/\/www.csj-emballages.com\/de\/produit\/gruene-schachtel-fuer-25-macarons-aus-karton\/#breadcrumb","itemListElement":[{"@type":"ListItem","position":1,"name":"Accueil","item":"https:\/\/www.csj-emballages.com\/de\/universum-lebensmittelverpackungen\/"},{"@type":"ListItem","position":2,"name":"Shop","item":"https:\/\/www.csj-emballages.com\/shop\/"},{"@type":"ListItem","position":3,"name":"Makronenschachtel gr\u00fcn Karton f\u00fcr 25 Makronen pro 50"}]},{"@type":"WebSite","@id":"https:\/\/www.csj-emballages.com\/de\/#website","url":"https:\/\/www.csj-emballages.com\/de\/","name":"CSJ Emballages","description":"","publisher":{"@id":"https:\/\/www.csj-emballages.com\/de\/#organization"},"potentialAction":[{"@type":"SearchAction","target":{"@type":"EntryPoint","urlTemplate":"https:\/\/www.csj-emballages.com\/de\/?s={search_term_string}"},"query-input":{"@type":"PropertyValueSpecification","valueRequired":true,"valueName":"search_term_string"}}],"inLanguage":"de"},{"@type":"Organization","@id":"https:\/\/www.csj-emballages.com\/de\/#Organization\/","name":"CSJ Emballages","url":"https:\/\/www.csj-emballages.com\/de\/","logo":{"@type":"ImageObject","inLanguage":"de","@id":"https:\/\/www.csj-emballages.com\/de\/#\/schema\/logo\/image\/","url":"https:\/\/www.csj-emballages.com\/wp-content\/uploads\/2023\/10\/logo_csj.webp","contentUrl":"https:\/\/www.csj-emballages.com\/wp-content\/uploads\/2023\/10\/logo_csj.webp","width":250,"height":95,"caption":"CSJ Emballages"},"image":{"@id":"https:\/\/www.csj-emballages.com\/de\/#\/schema\/logo\/image\/"},"sameAs":["https:\/\/www.facebook.com\/csjemballages"],"address":{"@type":"PostalAddress","streetAddress":"ZI La Lechere","addressLocality":"Patornay","postalCode":"39130","addressCountry":"FR"},"contactPoint":[{"@type":"ContactPoint","contactType":"Service client","telephone":"0384254272","email":"contact@csj-emballages.com"}]}]}},"df_price":63.22,"df_sale_price":"","df_regular_price":63.22,"df_image_link":"https:\/\/www.csj-emballages.com\/wp-content\/uploads\/2024\/03\/BM25VERT-300x300.webp","tiered_pricing_type":"fixed","tiered_pricing_fixed_rules":[],"tiered_pricing_percentage_rules":[],"tiered_pricing_minimum":1,"tiered_pricing_roles_data":[],"_links":{"self":[{"href":"https:\/\/www.csj-emballages.com\/de\/wp-json\/wp\/v2\/product\/19642","targetHints":{"allow":["GET"]}}],"collection":[{"href":"https:\/\/www.csj-emballages.com\/de\/wp-json\/wp\/v2\/product"}],"about":[{"href":"https:\/\/www.csj-emballages.com\/de\/wp-json\/wp\/v2\/types\/product"}],"wp:featuredmedia":[{"embeddable":true,"href":"https:\/\/www.csj-emballages.com\/de\/wp-json\/wp\/v2\/media\/241915"}],"wp:attachment":[{"href":"https:\/\/www.csj-emballages.com\/de\/wp-json\/wp\/v2\/media?parent=19642"}],"wp:term":[{"taxonomy":"product_brand","embeddable":true,"href":"https:\/\/www.csj-emballages.com\/de\/wp-json\/wp\/v2\/product_brand?post=19642"},{"taxonomy":"product_cat","embeddable":true,"href":"https:\/\/www.csj-emballages.com\/de\/wp-json\/wp\/v2\/product_cat?post=19642"},{"taxonomy":"product_tag","embeddable":true,"href":"https:\/\/www.csj-emballages.com\/de\/wp-json\/wp\/v2\/product_tag?post=19642"}],"curies":[{"name":"wp","href":"https:\/\/api.w.org\/{rel}","templated":true}]}}