{"id":19635,"date":"2024-03-01T16:57:16","date_gmt":"2024-03-01T15:57:16","guid":{"rendered":"https:\/\/u15jnbdpoq.preview.infomaniak.website\/produit\/kuchenbehaelter-aus-weissem-karton-23-x-5-cm\/"},"modified":"2026-04-28T02:12:00","modified_gmt":"2026-04-28T00:12:00","slug":"kuchenbehaelter-aus-weissem-karton-23-x-5-cm","status":"publish","type":"product","link":"https:\/\/www.csj-emballages.com\/de\/produit\/kuchenbehaelter-aus-weissem-karton-23-x-5-cm\/","title":{"rendered":"Kuchenbeh\u00e4lter aus wei\u00dfem Karton 23 x 5 cm"},"content":{"rendered":"<h2>Kuchenbox<\/h2>\n<hr>\n<h3>Beschreibung von Kuchenschachtel aus Karton wei\u00df 23 x 5 cm<\/h3>\n<p><!--more--><\/p>\n<p>Diese <strong>wei\u00dfe, 23 x 5 cm gro\u00dfe Kuchenschachtel aus Karton<\/strong> ist ein eleganter, schlichter Beh\u00e4lter, der Ihre s\u00fc\u00dfen K\u00f6stlichkeiten aufwerten soll. Die <strong>reinwei\u00dfe Farbe<\/strong> erm\u00f6glicht eine gepflegte Pr\u00e4sentation, die sich f\u00fcr alle Anl\u00e4sse eignet: Geburtstage, Hochzeiten, Familienfeiern oder Gesch\u00e4ftsveranstaltungen. Dank ihrer <strong>Gr\u00f6\u00dfe von 20 x 5 cm<\/strong> eignet sie sich perfekt, um kleine Kuchen oder sogar Mini-T\u00f6rtchen zur Geltung zu bringen. Diese <strong>Tortenschachtel<\/strong> aus hochwertigem Lebensmittelkarton gew\u00e4hrleistet, dass Ihre Leckereien optimal gesch\u00fctzt sind, und ist gleichzeitig leicht zu tragen. Sie sorgt daf\u00fcr, dass Ihre Backwaren in perfektem Zustand bleiben, ohne dass sie beim Transport besch\u00e4digt werden. Dank ihrer diskreten Aufmachung ist sie auch f\u00fcr Handwerker wie B\u00e4cker, Konditoren oder Caterer sehr n\u00fctzlich, die ihre Produkte in der K\u00fcche aufbewahren m\u00f6chten.     <\/p>\n<p>Das <strong>wei\u00dfe Feld der Schachtel<\/strong> kann auch ein <strong>Feld<\/strong> f\u00fcr Ihre Kreativit\u00e4t sein: Sie k\u00f6nnen ein ma\u00dfgeschneidertes <strong>Etikett<\/strong>, ein <strong>Logo<\/strong> oder ein <strong>buntes Band<\/strong> hinzuf\u00fcgen, um den Stil Ihres Gesch\u00e4fts widerzuspiegeln oder eine zus\u00e4tzliche festliche Note zu verleihen. Diese <strong>Schachtel<\/strong> eignet sich also sowohl f\u00fcr Gesch\u00e4fts- als auch f\u00fcr Privatkunden. <\/p>\n<p>Ob Sie sie f\u00fcr eine private Veranstaltung zu Hause oder in einem professionellen Rahmen verwenden, die <strong>23 x 5 cm gro\u00dfe wei\u00dfe Kuchenschachtel aus Karton<\/strong> ist die perfekte Wahl, wenn es darum geht, Robustheit, Sauberkeit und ein schlichtes Design zu vereinen. Sie wertet Ihre Zubereitungen auf und macht es gleichzeitig einfacher, sie vor Ihren G\u00e4sten oder Kunden zu pr\u00e4sentieren. <\/p>\n<p>&nbsp;<\/p>\n<p><!--more--><\/p>\n<h4>Vorteile :<\/h4>\n<ul>\n<li><strong data-start=\"1532\" data-end=\"1550\">Robuster Karton,<\/strong> der f\u00fcr den Kontakt mit Lebensmitteln geeignet ist.<\/li>\n<li>Ideale Gr\u00f6\u00dfe f\u00fcr Kuchen- und Geb\u00e4ckst\u00fccke.<\/li>\n<li><strong>Schlichte wei\u00dfe Farbe<\/strong>, die sich leicht individuell gestalten l\u00e4sst.<\/li>\n<li>Effektiver Schutz vor Quetschungen.<\/li>\n<li>Geeignet f\u00fcr Berufst\u00e4tige und Privatpersonen.<\/li>\n<\/ul>\n<p>&nbsp;<\/p>\n<p><!--more--><\/p>\n<div>\n<h4>Weitere Informationen :<\/h4>\n<ul>\n<li><strong>Verpackung<\/strong>: Einzeln<\/li>\n<li><strong>Ma\u00dfe<\/strong>: 23 x 5 cm<\/li>\n<li><b>Farbe <\/b>: Wei\u00df<\/li>\n<li><strong>Material<\/strong>: Karton<\/li>\n<\/ul>\n<p>&nbsp;<\/p>\n<\/div>\n<p><!--more--><\/p>\n<p>Diese Kuchenschachtel ist in verschiedenen Gr\u00f6\u00dfen erh\u00e4ltlich : <span style=\"color: #d12727;\"><a style=\"color: #d12727;\" href=\"https:\/\/www.csj-emballages.com\/de\/produit\/kuchenbehaelter-aus-weissem-karton-14-x-6-cm\/\">14 x 6 cm<\/a><\/span> \/ <span style=\"color: #d12727;\"><a style=\"color: #d12727;\" href=\"https:\/\/www.csj-emballages.com\/de\/produit\/kuchenbehaelter-aus-weissem-karton-16-x-5-cm\/\">16 x 5 cm<\/a><\/span> \/ <span style=\"color: #d12727;\"><a style=\"color: #d12727;\" href=\"https:\/\/www.csj-emballages.com\/de\/produit\/kuchenbehaelter-aus-weissem-karton-18-x-5-cm\/\">18 x 5 cm<\/a><\/span> \/ <span style=\"color: #d12727;\"><a style=\"color: #d12727;\" href=\"https:\/\/www.csj-emballages.com\/de\/produit\/kuchenbehaelter-aus-weissem-karton-20-x-5-cm\/\">20 x 5 cm<\/a><\/span> \/ <span style=\"color: #d12727;\"><a style=\"color: #d12727;\" href=\"https:\/\/www.csj-emballages.com\/de\/produit\/kuchenbehaelter-aus-weissem-karton-26-x-5-cm\/\">26 x 5 cm<\/a> <\/span>\/ <span style=\"color: #d12727;\"><a style=\"color: #d12727;\" href=\"https:\/\/www.csj-emballages.com\/de\/produit\/kuchenbehaelter-aus-weissem-karton-29-x-5-cm\/\">29 x 5 cm<\/a><\/span> \/ <span style=\"color: #d12727;\"><a style=\"color: #d12727;\" href=\"https:\/\/www.csj-emballages.com\/de\/produit\/kuchenbehaelter-aus-weissem-karton-33-x-5-cm\/\">33 x 5 cm<\/a><\/span><\/p>\n<div>\n<div><\/div>\n<\/div>\n<p><!--more--><\/p>\n<p><a href=\"\/?product_cat=boite-charniere-pour-patisseries\">Sehen Sie sich den Rest unseres Sortiments an Scharnierschachteln f\u00fcr Geb\u00e4ck an.<\/a><\/p>\n","protected":false},"excerpt":{"rendered":"<p>Kuchenbox Beschreibung von Kuchenschachtel aus Karton wei\u00df 23 x 5 cm<\/p>\n","protected":false},"featured_media":242388,"template":"","meta":{"_acf_changed":false},"product_brand":[],"product_cat":[1137,1171,1256,2160],"product_tag":[],"class_list":{"0":"post-19635","1":"product","2":"type-product","3":"status-publish","4":"has-post-thumbnail","6":"product_cat-lebensmittelverpackungen","7":"product_cat-backerei-und-konditorei","8":"product_cat-gebackschachteln","9":"product_cat-weise-konditoreischachtel-a-lunite","11":"first","12":"instock","13":"taxable","14":"shipping-taxable","15":"purchasable","16":"product-type-simple"},"acf":[],"yoast_head":"<!-- This site is optimized with the Yoast SEO Premium plugin v26.6 (Yoast SEO v26.6) - https:\/\/yoast.com\/wordpress\/plugins\/seo\/ -->\n<title>Kuchenbox aus wei\u00dfem Karton 23 x 5 cm<\/title>\n<meta name=\"description\" content=\"Wei\u00dfe Kuchenschachtel aus Karton 23 x 5 cm: Ideal f\u00fcr Kuchenst\u00fccke, Kekse oder S\u00fc\u00dfigkeiten. Stabil und individuell gestaltbar.\" \/>\n<meta name=\"robots\" content=\"index, follow, max-snippet:-1, max-image-preview:large, max-video-preview:-1\" \/>\n<link rel=\"canonical\" href=\"https:\/\/www.csj-emballages.com\/de\/produit\/kuchenbehaelter-aus-weissem-karton-23-x-5-cm\/\" \/>\n<meta property=\"og:locale\" content=\"de_DE\" \/>\n<meta property=\"og:type\" content=\"article\" \/>\n<meta property=\"og:title\" content=\"Kuchenbeh\u00e4lter aus wei\u00dfem Karton 23 x 5 cm\" \/>\n<meta property=\"og:description\" content=\"Wei\u00dfe Kuchenschachtel aus Karton 23 x 5 cm: Ideal f\u00fcr Kuchenst\u00fccke, Kekse oder S\u00fc\u00dfigkeiten. Stabil und individuell gestaltbar.\" \/>\n<meta property=\"og:url\" content=\"https:\/\/www.csj-emballages.com\/de\/produit\/kuchenbehaelter-aus-weissem-karton-23-x-5-cm\/\" \/>\n<meta property=\"og:site_name\" content=\"CSJ Emballages\" \/>\n<meta property=\"article:publisher\" content=\"https:\/\/www.facebook.com\/csjemballages\" \/>\n<meta property=\"article:modified_time\" content=\"2026-04-28T00:12:00+00:00\" \/>\n<meta property=\"og:image\" content=\"https:\/\/www.csj-emballages.com\/wp-content\/uploads\/2024\/03\/BG14X6BL.webp\" \/>\n\t<meta property=\"og:image:width\" content=\"800\" \/>\n\t<meta property=\"og:image:height\" content=\"800\" \/>\n\t<meta property=\"og:image:type\" content=\"image\/webp\" \/>\n<meta name=\"twitter:card\" content=\"summary_large_image\" \/>\n<meta name=\"twitter:label1\" content=\"Gesch\u00e4tzte Lesezeit\" \/>\n\t<meta name=\"twitter:data1\" content=\"2 Minuten\" \/>\n<script type=\"application\/ld+json\" class=\"yoast-schema-graph\">{\"@context\":\"https:\/\/schema.org\",\"@graph\":[{\"@type\":\"WebPage\",\"@id\":\"https:\/\/www.csj-emballages.com\/de\/produit\/kuchenbehaelter-aus-weissem-karton-23-x-5-cm\/\",\"url\":\"https:\/\/www.csj-emballages.com\/de\/produit\/kuchenbehaelter-aus-weissem-karton-23-x-5-cm\/\",\"name\":\"Kuchenbox aus wei\u00dfem Karton 23 x 5 cm\",\"isPartOf\":{\"@id\":\"https:\/\/www.csj-emballages.com\/de\/#website\"},\"primaryImageOfPage\":{\"@id\":\"https:\/\/www.csj-emballages.com\/de\/produit\/kuchenbehaelter-aus-weissem-karton-23-x-5-cm\/#primaryimage\"},\"image\":{\"@id\":\"https:\/\/www.csj-emballages.com\/de\/produit\/kuchenbehaelter-aus-weissem-karton-23-x-5-cm\/#primaryimage\"},\"thumbnailUrl\":\"https:\/\/www.csj-emballages.com\/wp-content\/uploads\/2024\/03\/BG14X6BL.webp\",\"datePublished\":\"2024-03-01T15:57:16+00:00\",\"dateModified\":\"2026-04-28T00:12:00+00:00\",\"description\":\"Wei\u00dfe Kuchenschachtel aus Karton 23 x 5 cm: Ideal f\u00fcr Kuchenst\u00fccke, Kekse oder S\u00fc\u00dfigkeiten. Stabil und individuell gestaltbar.\",\"breadcrumb\":{\"@id\":\"https:\/\/www.csj-emballages.com\/de\/produit\/kuchenbehaelter-aus-weissem-karton-23-x-5-cm\/#breadcrumb\"},\"inLanguage\":\"de\",\"potentialAction\":[{\"@type\":\"ReadAction\",\"target\":[\"https:\/\/www.csj-emballages.com\/de\/produit\/kuchenbehaelter-aus-weissem-karton-23-x-5-cm\/\"]}]},{\"@type\":\"ImageObject\",\"inLanguage\":\"de\",\"@id\":\"https:\/\/www.csj-emballages.com\/de\/produit\/kuchenbehaelter-aus-weissem-karton-23-x-5-cm\/#primaryimage\",\"url\":\"https:\/\/www.csj-emballages.com\/wp-content\/uploads\/2024\/03\/BG14X6BL.webp\",\"contentUrl\":\"https:\/\/www.csj-emballages.com\/wp-content\/uploads\/2024\/03\/BG14X6BL.webp\",\"width\":800,\"height\":800,\"caption\":\"Boite g\u00e2teau\"},{\"@type\":\"BreadcrumbList\",\"@id\":\"https:\/\/www.csj-emballages.com\/de\/produit\/kuchenbehaelter-aus-weissem-karton-23-x-5-cm\/#breadcrumb\",\"itemListElement\":[{\"@type\":\"ListItem\",\"position\":1,\"name\":\"Accueil\",\"item\":\"https:\/\/www.csj-emballages.com\/de\/universum-lebensmittelverpackungen\/\"},{\"@type\":\"ListItem\",\"position\":2,\"name\":\"Shop\",\"item\":\"https:\/\/www.csj-emballages.com\/shop\/\"},{\"@type\":\"ListItem\",\"position\":3,\"name\":\"Kuchenbeh\u00e4lter aus wei\u00dfem Karton 23 x 5 cm\"}]},{\"@type\":\"WebSite\",\"@id\":\"https:\/\/www.csj-emballages.com\/de\/#website\",\"url\":\"https:\/\/www.csj-emballages.com\/de\/\",\"name\":\"CSJ Emballages\",\"description\":\"\",\"publisher\":{\"@id\":\"https:\/\/www.csj-emballages.com\/de\/#organization\"},\"potentialAction\":[{\"@type\":\"SearchAction\",\"target\":{\"@type\":\"EntryPoint\",\"urlTemplate\":\"https:\/\/www.csj-emballages.com\/de\/?s={search_term_string}\"},\"query-input\":{\"@type\":\"PropertyValueSpecification\",\"valueRequired\":true,\"valueName\":\"search_term_string\"}}],\"inLanguage\":\"de\"},{\"@type\":\"Organization\",\"@id\":\"https:\/\/www.csj-emballages.com\/de\/#Organization\/\",\"name\":\"CSJ Emballages\",\"url\":\"https:\/\/www.csj-emballages.com\/de\/\",\"logo\":{\"@type\":\"ImageObject\",\"inLanguage\":\"de\",\"@id\":\"https:\/\/www.csj-emballages.com\/de\/#\/schema\/logo\/image\/\",\"url\":\"https:\/\/www.csj-emballages.com\/wp-content\/uploads\/2023\/10\/logo_csj.webp\",\"contentUrl\":\"https:\/\/www.csj-emballages.com\/wp-content\/uploads\/2023\/10\/logo_csj.webp\",\"width\":250,\"height\":95,\"caption\":\"CSJ Emballages\"},\"image\":{\"@id\":\"https:\/\/www.csj-emballages.com\/de\/#\/schema\/logo\/image\/\"},\"sameAs\":[\"https:\/\/www.facebook.com\/csjemballages\"],\"address\":{\"@type\":\"PostalAddress\",\"streetAddress\":\"ZI La Lechere\",\"addressLocality\":\"Patornay\",\"postalCode\":\"39130\",\"addressCountry\":\"FR\"},\"contactPoint\":[{\"@type\":\"ContactPoint\",\"contactType\":\"Service client\",\"telephone\":\"0384254272\",\"email\":\"contact@csj-emballages.com\"}]}]}<\/script>\n<!-- \/ Yoast SEO Premium plugin. -->","yoast_head_json":{"title":"Kuchenbox aus wei\u00dfem Karton 23 x 5 cm","description":"Wei\u00dfe Kuchenschachtel aus Karton 23 x 5 cm: Ideal f\u00fcr Kuchenst\u00fccke, Kekse oder S\u00fc\u00dfigkeiten. Stabil und individuell gestaltbar.","robots":{"index":"index","follow":"follow","max-snippet":"max-snippet:-1","max-image-preview":"max-image-preview:large","max-video-preview":"max-video-preview:-1"},"canonical":"https:\/\/www.csj-emballages.com\/de\/produit\/kuchenbehaelter-aus-weissem-karton-23-x-5-cm\/","og_locale":"de_DE","og_type":"article","og_title":"Kuchenbeh\u00e4lter aus wei\u00dfem Karton 23 x 5 cm","og_description":"Wei\u00dfe Kuchenschachtel aus Karton 23 x 5 cm: Ideal f\u00fcr Kuchenst\u00fccke, Kekse oder S\u00fc\u00dfigkeiten. Stabil und individuell gestaltbar.","og_url":"https:\/\/www.csj-emballages.com\/de\/produit\/kuchenbehaelter-aus-weissem-karton-23-x-5-cm\/","og_site_name":"CSJ Emballages","article_publisher":"https:\/\/www.facebook.com\/csjemballages","article_modified_time":"2026-04-28T00:12:00+00:00","og_image":[{"width":800,"height":800,"url":"https:\/\/www.csj-emballages.com\/wp-content\/uploads\/2024\/03\/BG14X6BL.webp","type":"image\/webp"}],"twitter_card":"summary_large_image","twitter_misc":{"Gesch\u00e4tzte Lesezeit":"2 Minuten"},"schema":{"@context":"https:\/\/schema.org","@graph":[{"@type":"WebPage","@id":"https:\/\/www.csj-emballages.com\/de\/produit\/kuchenbehaelter-aus-weissem-karton-23-x-5-cm\/","url":"https:\/\/www.csj-emballages.com\/de\/produit\/kuchenbehaelter-aus-weissem-karton-23-x-5-cm\/","name":"Kuchenbox aus wei\u00dfem Karton 23 x 5 cm","isPartOf":{"@id":"https:\/\/www.csj-emballages.com\/de\/#website"},"primaryImageOfPage":{"@id":"https:\/\/www.csj-emballages.com\/de\/produit\/kuchenbehaelter-aus-weissem-karton-23-x-5-cm\/#primaryimage"},"image":{"@id":"https:\/\/www.csj-emballages.com\/de\/produit\/kuchenbehaelter-aus-weissem-karton-23-x-5-cm\/#primaryimage"},"thumbnailUrl":"https:\/\/www.csj-emballages.com\/wp-content\/uploads\/2024\/03\/BG14X6BL.webp","datePublished":"2024-03-01T15:57:16+00:00","dateModified":"2026-04-28T00:12:00+00:00","description":"Wei\u00dfe Kuchenschachtel aus Karton 23 x 5 cm: Ideal f\u00fcr Kuchenst\u00fccke, Kekse oder S\u00fc\u00dfigkeiten. Stabil und individuell gestaltbar.","breadcrumb":{"@id":"https:\/\/www.csj-emballages.com\/de\/produit\/kuchenbehaelter-aus-weissem-karton-23-x-5-cm\/#breadcrumb"},"inLanguage":"de","potentialAction":[{"@type":"ReadAction","target":["https:\/\/www.csj-emballages.com\/de\/produit\/kuchenbehaelter-aus-weissem-karton-23-x-5-cm\/"]}]},{"@type":"ImageObject","inLanguage":"de","@id":"https:\/\/www.csj-emballages.com\/de\/produit\/kuchenbehaelter-aus-weissem-karton-23-x-5-cm\/#primaryimage","url":"https:\/\/www.csj-emballages.com\/wp-content\/uploads\/2024\/03\/BG14X6BL.webp","contentUrl":"https:\/\/www.csj-emballages.com\/wp-content\/uploads\/2024\/03\/BG14X6BL.webp","width":800,"height":800,"caption":"Boite g\u00e2teau"},{"@type":"BreadcrumbList","@id":"https:\/\/www.csj-emballages.com\/de\/produit\/kuchenbehaelter-aus-weissem-karton-23-x-5-cm\/#breadcrumb","itemListElement":[{"@type":"ListItem","position":1,"name":"Accueil","item":"https:\/\/www.csj-emballages.com\/de\/universum-lebensmittelverpackungen\/"},{"@type":"ListItem","position":2,"name":"Shop","item":"https:\/\/www.csj-emballages.com\/shop\/"},{"@type":"ListItem","position":3,"name":"Kuchenbeh\u00e4lter aus wei\u00dfem Karton 23 x 5 cm"}]},{"@type":"WebSite","@id":"https:\/\/www.csj-emballages.com\/de\/#website","url":"https:\/\/www.csj-emballages.com\/de\/","name":"CSJ Emballages","description":"","publisher":{"@id":"https:\/\/www.csj-emballages.com\/de\/#organization"},"potentialAction":[{"@type":"SearchAction","target":{"@type":"EntryPoint","urlTemplate":"https:\/\/www.csj-emballages.com\/de\/?s={search_term_string}"},"query-input":{"@type":"PropertyValueSpecification","valueRequired":true,"valueName":"search_term_string"}}],"inLanguage":"de"},{"@type":"Organization","@id":"https:\/\/www.csj-emballages.com\/de\/#Organization\/","name":"CSJ Emballages","url":"https:\/\/www.csj-emballages.com\/de\/","logo":{"@type":"ImageObject","inLanguage":"de","@id":"https:\/\/www.csj-emballages.com\/de\/#\/schema\/logo\/image\/","url":"https:\/\/www.csj-emballages.com\/wp-content\/uploads\/2023\/10\/logo_csj.webp","contentUrl":"https:\/\/www.csj-emballages.com\/wp-content\/uploads\/2023\/10\/logo_csj.webp","width":250,"height":95,"caption":"CSJ Emballages"},"image":{"@id":"https:\/\/www.csj-emballages.com\/de\/#\/schema\/logo\/image\/"},"sameAs":["https:\/\/www.facebook.com\/csjemballages"],"address":{"@type":"PostalAddress","streetAddress":"ZI La Lechere","addressLocality":"Patornay","postalCode":"39130","addressCountry":"FR"},"contactPoint":[{"@type":"ContactPoint","contactType":"Service client","telephone":"0384254272","email":"contact@csj-emballages.com"}]}]}},"df_price":0.62,"df_sale_price":"","df_regular_price":0.62,"df_image_link":"https:\/\/www.csj-emballages.com\/wp-content\/uploads\/2024\/03\/BG14X6BL-300x300.webp","tiered_pricing_type":"fixed","tiered_pricing_fixed_rules":[],"tiered_pricing_percentage_rules":[],"tiered_pricing_minimum":1,"tiered_pricing_roles_data":[],"_links":{"self":[{"href":"https:\/\/www.csj-emballages.com\/de\/wp-json\/wp\/v2\/product\/19635","targetHints":{"allow":["GET"]}}],"collection":[{"href":"https:\/\/www.csj-emballages.com\/de\/wp-json\/wp\/v2\/product"}],"about":[{"href":"https:\/\/www.csj-emballages.com\/de\/wp-json\/wp\/v2\/types\/product"}],"wp:featuredmedia":[{"embeddable":true,"href":"https:\/\/www.csj-emballages.com\/de\/wp-json\/wp\/v2\/media\/242388"}],"wp:attachment":[{"href":"https:\/\/www.csj-emballages.com\/de\/wp-json\/wp\/v2\/media?parent=19635"}],"wp:term":[{"taxonomy":"product_brand","embeddable":true,"href":"https:\/\/www.csj-emballages.com\/de\/wp-json\/wp\/v2\/product_brand?post=19635"},{"taxonomy":"product_cat","embeddable":true,"href":"https:\/\/www.csj-emballages.com\/de\/wp-json\/wp\/v2\/product_cat?post=19635"},{"taxonomy":"product_tag","embeddable":true,"href":"https:\/\/www.csj-emballages.com\/de\/wp-json\/wp\/v2\/product_tag?post=19635"}],"curies":[{"name":"wp","href":"https:\/\/api.w.org\/{rel}","templated":true}]}}