{"id":19628,"date":"2024-03-01T16:57:14","date_gmt":"2024-03-01T15:57:14","guid":{"rendered":"https:\/\/u15jnbdpoq.preview.infomaniak.website\/produit\/schwarze-schachtel-fuer-12-16-macarons-aus-karton\/"},"modified":"2026-04-21T02:11:17","modified_gmt":"2026-04-21T00:11:17","slug":"schwarze-schachtel-fuer-12-16-macarons-aus-karton","status":"publish","type":"product","link":"https:\/\/www.csj-emballages.com\/de\/produit\/schwarze-schachtel-fuer-12-16-macarons-aus-karton\/","title":{"rendered":"Schwarze Makronenschachtel aus Karton f\u00fcr 12 \/ 16 Makronen"},"content":{"rendered":"<h2>Schachtel Makronen<\/h2>\n<hr>\n<h3>Beschreibung unserer schwarzen Macaronschachtel aus Karton f\u00fcr 12 \/ 16 Macarons<\/h3>\n<p><!--more--><\/p>\n<p data-start=\"110\" data-end=\"543\"><strong>Macarons<\/strong> zu verschenken bedeutet, einen Moment der Eleganz und Raffinesse zu schenken. Mit dieser <strong data-start=\"196\" data-end=\"230\">schwarzen Makronenschachtel aus Karton<\/strong> verf\u00fcgen Sie \u00fcber eine praktische und zugleich \u00e4sthetische Verpackung, die speziell daf\u00fcr gedacht ist, Ihre s\u00fc\u00dfen Kreationen zur Geltung zu bringen. Mit einem Fassungsverm\u00f6gen von <strong data-start=\"377\" data-end=\"397\">12 bis 16 Macarons<\/strong> erf\u00fcllt sie die Bed\u00fcrfnisse von Konditoren, Chocolatiers und Handwerkern, die ihre s\u00fc\u00dfen K\u00f6stlichkeiten in einem professionellen und schicken Beh\u00e4lter pr\u00e4sentieren m\u00f6chten.  <\/p>\n<p data-start=\"545\" data-end=\"916\">Diese aus <strong data-start=\"558\" data-end=\"586\">Karton<\/strong> hergestellte <strong>Schachtel mit Fenstern<\/strong> sch\u00fctzt Ihre <strong>Macarons<\/strong> wirksam und garantiert einen sicheren Transport, ohne dass sie zerdr\u00fcckt werden. Die schlichte und elegante <strong>schwarze<\/strong> Ausf\u00fchrung passt sich jedem Ambiente an: Sie unterstreicht sowohl die kr\u00e4ftigen Farben der fruchtigen Macarons als auch die raffinierteren T\u00f6ne der Rezepte mit Schokolade, Pistazie oder Kaffee. <\/p>\n<p data-start=\"918\" data-end=\"1234\">Diese vielseitig einsetzbare <strong>Makronenschachtel<\/strong> kann sowohl f\u00fcr den Verkauf in Gesch\u00e4ften als auch f\u00fcr besondere Anl\u00e4sse wie Hochzeiten, Geburtstage, Weihnachtsfeiern oder Firmengeschenke verwendet werden. Dank ihres angepassten Formats erm\u00f6glicht sie eine ausgerichtete und harmonische Pr\u00e4sentation der <strong>Macarons<\/strong>, die perfekt an ihrem Platz bleiben. <\/p>\n<p data-start=\"1236\" data-end=\"1481\">Mit dieser Verpackung verbinden Sie Zweckm\u00e4\u00dfigkeit mit einem hochwertigen Image. Die Verpackung aus <strong>recycelbarem<\/strong> <strong>Karton<\/strong> ist umweltfreundlich und entspricht den heutigen Verbrauchererwartungen. <\/p>\n<p data-start=\"1483\" data-end=\"1704\">Mit dieser <strong data-start=\"1494\" data-end=\"1536\">schwarzen Makronenschachtel f\u00fcr 12\/16 St\u00fcck<\/strong> entscheiden Sie sich f\u00fcr eine Verpackung, die Ihr handwerkliches K\u00f6nnen zur Geltung bringt und gleichzeitig ein einwandfreies Kundenerlebnis von der Theke bis zur Verkostung gew\u00e4hrleistet.<\/p>\n<p data-start=\"1483\" data-end=\"1704\">\n<p data-start=\"1483\" data-end=\"1704\"><!--more--><\/p>\n<h4 style=\"text-align: left;\">Vorteile :<\/h4>\n<ul style=\"text-align: left;\">\n<li>Ideale Kapazit\u00e4t f\u00fcr <strong data-start=\"1866\" data-end=\"1886\">12 bis 16 Macarons.<\/strong><\/li>\n<li><strong data-start=\"1899\" data-end=\"1917\">Elegante schwarze<\/strong> Farbe, die Ihre Kreationen aufwertet.<\/li>\n<li>Umweltfreundlicher, <strong data-start=\"1949\" data-end=\"1970\">recycelbarer Karton<\/strong>.<\/li>\n<li>Glatte wei\u00dfe Innenseite f\u00fcr ein raffiniertes Aussehen.<\/li>\n<li>Praktisch, stabil und leicht zu montieren.<\/li>\n<\/ul>\n<p>&nbsp;<\/p>\n<p><!--more--><\/p>\n<h4>Weitere Informationen :<\/h4>\n<ul style=\"box-sizing: inherit; font-family: Roboto, sans-serif;\">\n<li><strong>Verpackung<\/strong>: Wird einzeln verkauft<\/li>\n<li><span style=\"font-weight: bold;\">Gr\u00f6\u00dfe<\/span>: 175 x 120 x 55 (L x B x H in mm)<\/li>\n<li><strong>Material<\/strong>: Karton + PET<\/li>\n<li><strong>Farbe<\/strong>: Schwarz<\/li>\n<li><strong>Kapazit\u00e4t<\/strong>: 12\/16 Makronen<\/li>\n<li><strong>Option<\/strong>: Schachtel mit einem Fenster<\/li>\n<\/ul>\n<p>&nbsp;<\/p>\n<p><!--more--><\/p>\n<p>Erh\u00e4ltlich in verschiedenen Farben : <span style=\"color: #d12727;\"><br \/>\n  <a style=\"color: #d12727;\" href=\"https:\/\/www.csj-emballages.com\/produit\/boite-verte-pour-12-16-macarons-en-carton\/\"><br \/>\n    <span style=\"color: #d12727;\">Gr\u00fcn<\/span><br \/>\n  <\/a><br \/>\n<\/span> \/ <span style=\"color: #d12727;\"><br \/>\n  <a style=\"color: #d12727;\" href=\"https:\/\/www.csj-emballages.com\/produit\/boite-orange-pour-12-16-macarons-en-carton\/\">Orange<\/a><br \/>\n<\/span> \/ <span style=\"color: #d12727;\"><a style=\"color: #d12727;\" href=\"https:\/\/www.csj-emballages.com\/produit\/boite-rose-pour-12-16-macarons-en-carton\/\">Rosa<\/a> <\/span>\/ <span style=\"color: #d12727;\"><br \/>\n  <a style=\"color: #d12727;\" href=\"https:\/\/www.csj-emballages.com\/es\/produit\/caja-parma-para-12-16-macarrones-de-carton\/\">Parma<\/a><br \/>\n<\/span><\/p>\n<p>&nbsp;<\/p>\n<p><!--more--><\/p>\n<p>Hier finden Sie unsere zwei Arten von Makroneneinlagen, die mit dieser Schachtel kompatibel sind: <span style=\"color: #d12727;\"><br \/>\n  <a style=\"color: #d12727;\" href=\"https:\/\/www.csj-emballages.com\/produit\/50-calages-noir-plastique-16-macarons-pour-boite\/\">CALBM12NOIR<\/a><br \/>\n<\/span> (Schwarz) \/ <span style=\"color: #d12727;\"><a style=\"color: #d12727;\" href=\"https:\/\/www.csj-emballages.com\/produit\/50-calages-transparent-plastique-16-macarons-pour-boite\/\">CALBM12TRAN<\/a> <span style=\"color: #000000;\">(Transparent)<\/span><\/span><\/p>\n<p>&nbsp;<\/p>\n<p><!--more--><\/p>\n<p><a href=\"https:\/\/www.csj-emballages.com\/de\/categorie-produit\/lebensmittelverpackungen\/backerei-und-konditorei\/schachteln-und-etuis\/macarons-schachteln-etuis\/schachteln-einlagen-fur-macarons\/makronenschachteln\/\">Sehen Sie sich den Rest unseres Sortiments an Makronenschachteln an.<\/a><\/p>\n","protected":false},"excerpt":{"rendered":"<p>Schachtel Makronen Beschreibung unserer schwarzen Macaronschachtel aus Karton f\u00fcr 12 \/ 16 Macarons<\/p>\n","protected":false},"featured_media":241732,"template":"","meta":{"_acf_changed":false},"product_brand":[],"product_cat":[1137,1171,1728,2167,2168,1172],"product_tag":[],"class_list":{"0":"post-19628","1":"product","2":"type-product","3":"status-publish","4":"has-post-thumbnail","6":"product_cat-lebensmittelverpackungen","7":"product_cat-backerei-und-konditorei","8":"product_cat-macarons-schachteln-etuis","9":"product_cat-schachteln-einlagen-fur-macarons","10":"product_cat-makronenschachteln","11":"product_cat-fensterkasten","13":"first","14":"instock","15":"taxable","16":"shipping-taxable","17":"purchasable","18":"product-type-simple"},"acf":[],"yoast_head":"<!-- This site is optimized with the Yoast SEO Premium plugin v26.6 (Yoast SEO v26.6) - https:\/\/yoast.com\/wordpress\/plugins\/seo\/ -->\n<title>Schwarze Macarons Schachtel Karton f\u00fcr 12 \/ 16 Macarons<\/title>\n<meta name=\"description\" content=\"Entdecken Sie die schwarze Macarons-Schachtel f\u00fcr 16 Macarons aus Karton. Diese Schachtel sch\u00fctzt Ihre Macarons und bietet gleichzeitig eine sch\u00f6ne Pr\u00e4sentation.\" \/>\n<meta name=\"robots\" content=\"index, follow, max-snippet:-1, max-image-preview:large, max-video-preview:-1\" \/>\n<link rel=\"canonical\" href=\"https:\/\/www.csj-emballages.com\/de\/produit\/schwarze-schachtel-fuer-12-16-macarons-aus-karton\/\" \/>\n<meta property=\"og:locale\" content=\"de_DE\" \/>\n<meta property=\"og:type\" content=\"article\" \/>\n<meta property=\"og:title\" content=\"Schwarze Makronenschachtel aus Karton f\u00fcr 12 \/ 16 Makronen\" \/>\n<meta property=\"og:description\" content=\"Entdecken Sie die schwarze Macarons-Schachtel f\u00fcr 16 Macarons aus Karton. Diese Schachtel sch\u00fctzt Ihre Macarons und bietet gleichzeitig eine sch\u00f6ne Pr\u00e4sentation.\" \/>\n<meta property=\"og:url\" content=\"https:\/\/www.csj-emballages.com\/de\/produit\/schwarze-schachtel-fuer-12-16-macarons-aus-karton\/\" \/>\n<meta property=\"og:site_name\" content=\"CSJ Emballages\" \/>\n<meta property=\"article:publisher\" content=\"https:\/\/www.facebook.com\/csjemballages\" \/>\n<meta property=\"article:modified_time\" content=\"2026-04-21T00:11:17+00:00\" \/>\n<meta property=\"og:image\" content=\"https:\/\/www.csj-emballages.com\/wp-content\/uploads\/2024\/03\/BM12NOIR.webp\" \/>\n\t<meta property=\"og:image:width\" content=\"800\" \/>\n\t<meta property=\"og:image:height\" content=\"800\" \/>\n\t<meta property=\"og:image:type\" content=\"image\/webp\" \/>\n<meta name=\"twitter:card\" content=\"summary_large_image\" \/>\n<meta name=\"twitter:label1\" content=\"Gesch\u00e4tzte Lesezeit\" \/>\n\t<meta name=\"twitter:data1\" content=\"2 Minuten\" \/>\n<script type=\"application\/ld+json\" class=\"yoast-schema-graph\">{\"@context\":\"https:\/\/schema.org\",\"@graph\":[{\"@type\":\"WebPage\",\"@id\":\"https:\/\/www.csj-emballages.com\/de\/produit\/schwarze-schachtel-fuer-12-16-macarons-aus-karton\/\",\"url\":\"https:\/\/www.csj-emballages.com\/de\/produit\/schwarze-schachtel-fuer-12-16-macarons-aus-karton\/\",\"name\":\"Schwarze Macarons Schachtel Karton f\u00fcr 12 \/ 16 Macarons\",\"isPartOf\":{\"@id\":\"https:\/\/www.csj-emballages.com\/de\/#website\"},\"primaryImageOfPage\":{\"@id\":\"https:\/\/www.csj-emballages.com\/de\/produit\/schwarze-schachtel-fuer-12-16-macarons-aus-karton\/#primaryimage\"},\"image\":{\"@id\":\"https:\/\/www.csj-emballages.com\/de\/produit\/schwarze-schachtel-fuer-12-16-macarons-aus-karton\/#primaryimage\"},\"thumbnailUrl\":\"https:\/\/www.csj-emballages.com\/wp-content\/uploads\/2024\/03\/BM12NOIR.webp\",\"datePublished\":\"2024-03-01T15:57:14+00:00\",\"dateModified\":\"2026-04-21T00:11:17+00:00\",\"description\":\"Entdecken Sie die schwarze Macarons-Schachtel f\u00fcr 16 Macarons aus Karton. Diese Schachtel sch\u00fctzt Ihre Macarons und bietet gleichzeitig eine sch\u00f6ne Pr\u00e4sentation.\",\"breadcrumb\":{\"@id\":\"https:\/\/www.csj-emballages.com\/de\/produit\/schwarze-schachtel-fuer-12-16-macarons-aus-karton\/#breadcrumb\"},\"inLanguage\":\"de\",\"potentialAction\":[{\"@type\":\"ReadAction\",\"target\":[\"https:\/\/www.csj-emballages.com\/de\/produit\/schwarze-schachtel-fuer-12-16-macarons-aus-karton\/\"]}]},{\"@type\":\"ImageObject\",\"inLanguage\":\"de\",\"@id\":\"https:\/\/www.csj-emballages.com\/de\/produit\/schwarze-schachtel-fuer-12-16-macarons-aus-karton\/#primaryimage\",\"url\":\"https:\/\/www.csj-emballages.com\/wp-content\/uploads\/2024\/03\/BM12NOIR.webp\",\"contentUrl\":\"https:\/\/www.csj-emballages.com\/wp-content\/uploads\/2024\/03\/BM12NOIR.webp\",\"width\":800,\"height\":800,\"caption\":\"Boite macarons\u00a0\"},{\"@type\":\"BreadcrumbList\",\"@id\":\"https:\/\/www.csj-emballages.com\/de\/produit\/schwarze-schachtel-fuer-12-16-macarons-aus-karton\/#breadcrumb\",\"itemListElement\":[{\"@type\":\"ListItem\",\"position\":1,\"name\":\"Accueil\",\"item\":\"https:\/\/www.csj-emballages.com\/de\/universum-lebensmittelverpackungen\/\"},{\"@type\":\"ListItem\",\"position\":2,\"name\":\"Shop\",\"item\":\"https:\/\/www.csj-emballages.com\/shop\/\"},{\"@type\":\"ListItem\",\"position\":3,\"name\":\"Schwarze Makronenschachtel aus Karton f\u00fcr 12 \/ 16 Makronen\"}]},{\"@type\":\"WebSite\",\"@id\":\"https:\/\/www.csj-emballages.com\/de\/#website\",\"url\":\"https:\/\/www.csj-emballages.com\/de\/\",\"name\":\"CSJ Emballages\",\"description\":\"\",\"publisher\":{\"@id\":\"https:\/\/www.csj-emballages.com\/de\/#organization\"},\"potentialAction\":[{\"@type\":\"SearchAction\",\"target\":{\"@type\":\"EntryPoint\",\"urlTemplate\":\"https:\/\/www.csj-emballages.com\/de\/?s={search_term_string}\"},\"query-input\":{\"@type\":\"PropertyValueSpecification\",\"valueRequired\":true,\"valueName\":\"search_term_string\"}}],\"inLanguage\":\"de\"},{\"@type\":\"Organization\",\"@id\":\"https:\/\/www.csj-emballages.com\/de\/#Organization\/\",\"name\":\"CSJ Emballages\",\"url\":\"https:\/\/www.csj-emballages.com\/de\/\",\"logo\":{\"@type\":\"ImageObject\",\"inLanguage\":\"de\",\"@id\":\"https:\/\/www.csj-emballages.com\/de\/#\/schema\/logo\/image\/\",\"url\":\"https:\/\/www.csj-emballages.com\/wp-content\/uploads\/2023\/10\/logo_csj.webp\",\"contentUrl\":\"https:\/\/www.csj-emballages.com\/wp-content\/uploads\/2023\/10\/logo_csj.webp\",\"width\":250,\"height\":95,\"caption\":\"CSJ Emballages\"},\"image\":{\"@id\":\"https:\/\/www.csj-emballages.com\/de\/#\/schema\/logo\/image\/\"},\"sameAs\":[\"https:\/\/www.facebook.com\/csjemballages\"],\"address\":{\"@type\":\"PostalAddress\",\"streetAddress\":\"ZI La Lechere\",\"addressLocality\":\"Patornay\",\"postalCode\":\"39130\",\"addressCountry\":\"FR\"},\"contactPoint\":[{\"@type\":\"ContactPoint\",\"contactType\":\"Service client\",\"telephone\":\"0384254272\",\"email\":\"contact@csj-emballages.com\"}]}]}<\/script>\n<!-- \/ Yoast SEO Premium plugin. -->","yoast_head_json":{"title":"Schwarze Macarons Schachtel Karton f\u00fcr 12 \/ 16 Macarons","description":"Entdecken Sie die schwarze Macarons-Schachtel f\u00fcr 16 Macarons aus Karton. Diese Schachtel sch\u00fctzt Ihre Macarons und bietet gleichzeitig eine sch\u00f6ne Pr\u00e4sentation.","robots":{"index":"index","follow":"follow","max-snippet":"max-snippet:-1","max-image-preview":"max-image-preview:large","max-video-preview":"max-video-preview:-1"},"canonical":"https:\/\/www.csj-emballages.com\/de\/produit\/schwarze-schachtel-fuer-12-16-macarons-aus-karton\/","og_locale":"de_DE","og_type":"article","og_title":"Schwarze Makronenschachtel aus Karton f\u00fcr 12 \/ 16 Makronen","og_description":"Entdecken Sie die schwarze Macarons-Schachtel f\u00fcr 16 Macarons aus Karton. Diese Schachtel sch\u00fctzt Ihre Macarons und bietet gleichzeitig eine sch\u00f6ne Pr\u00e4sentation.","og_url":"https:\/\/www.csj-emballages.com\/de\/produit\/schwarze-schachtel-fuer-12-16-macarons-aus-karton\/","og_site_name":"CSJ Emballages","article_publisher":"https:\/\/www.facebook.com\/csjemballages","article_modified_time":"2026-04-21T00:11:17+00:00","og_image":[{"width":800,"height":800,"url":"https:\/\/www.csj-emballages.com\/wp-content\/uploads\/2024\/03\/BM12NOIR.webp","type":"image\/webp"}],"twitter_card":"summary_large_image","twitter_misc":{"Gesch\u00e4tzte Lesezeit":"2 Minuten"},"schema":{"@context":"https:\/\/schema.org","@graph":[{"@type":"WebPage","@id":"https:\/\/www.csj-emballages.com\/de\/produit\/schwarze-schachtel-fuer-12-16-macarons-aus-karton\/","url":"https:\/\/www.csj-emballages.com\/de\/produit\/schwarze-schachtel-fuer-12-16-macarons-aus-karton\/","name":"Schwarze Macarons Schachtel Karton f\u00fcr 12 \/ 16 Macarons","isPartOf":{"@id":"https:\/\/www.csj-emballages.com\/de\/#website"},"primaryImageOfPage":{"@id":"https:\/\/www.csj-emballages.com\/de\/produit\/schwarze-schachtel-fuer-12-16-macarons-aus-karton\/#primaryimage"},"image":{"@id":"https:\/\/www.csj-emballages.com\/de\/produit\/schwarze-schachtel-fuer-12-16-macarons-aus-karton\/#primaryimage"},"thumbnailUrl":"https:\/\/www.csj-emballages.com\/wp-content\/uploads\/2024\/03\/BM12NOIR.webp","datePublished":"2024-03-01T15:57:14+00:00","dateModified":"2026-04-21T00:11:17+00:00","description":"Entdecken Sie die schwarze Macarons-Schachtel f\u00fcr 16 Macarons aus Karton. Diese Schachtel sch\u00fctzt Ihre Macarons und bietet gleichzeitig eine sch\u00f6ne Pr\u00e4sentation.","breadcrumb":{"@id":"https:\/\/www.csj-emballages.com\/de\/produit\/schwarze-schachtel-fuer-12-16-macarons-aus-karton\/#breadcrumb"},"inLanguage":"de","potentialAction":[{"@type":"ReadAction","target":["https:\/\/www.csj-emballages.com\/de\/produit\/schwarze-schachtel-fuer-12-16-macarons-aus-karton\/"]}]},{"@type":"ImageObject","inLanguage":"de","@id":"https:\/\/www.csj-emballages.com\/de\/produit\/schwarze-schachtel-fuer-12-16-macarons-aus-karton\/#primaryimage","url":"https:\/\/www.csj-emballages.com\/wp-content\/uploads\/2024\/03\/BM12NOIR.webp","contentUrl":"https:\/\/www.csj-emballages.com\/wp-content\/uploads\/2024\/03\/BM12NOIR.webp","width":800,"height":800,"caption":"Boite macarons\u00a0"},{"@type":"BreadcrumbList","@id":"https:\/\/www.csj-emballages.com\/de\/produit\/schwarze-schachtel-fuer-12-16-macarons-aus-karton\/#breadcrumb","itemListElement":[{"@type":"ListItem","position":1,"name":"Accueil","item":"https:\/\/www.csj-emballages.com\/de\/universum-lebensmittelverpackungen\/"},{"@type":"ListItem","position":2,"name":"Shop","item":"https:\/\/www.csj-emballages.com\/shop\/"},{"@type":"ListItem","position":3,"name":"Schwarze Makronenschachtel aus Karton f\u00fcr 12 \/ 16 Makronen"}]},{"@type":"WebSite","@id":"https:\/\/www.csj-emballages.com\/de\/#website","url":"https:\/\/www.csj-emballages.com\/de\/","name":"CSJ Emballages","description":"","publisher":{"@id":"https:\/\/www.csj-emballages.com\/de\/#organization"},"potentialAction":[{"@type":"SearchAction","target":{"@type":"EntryPoint","urlTemplate":"https:\/\/www.csj-emballages.com\/de\/?s={search_term_string}"},"query-input":{"@type":"PropertyValueSpecification","valueRequired":true,"valueName":"search_term_string"}}],"inLanguage":"de"},{"@type":"Organization","@id":"https:\/\/www.csj-emballages.com\/de\/#Organization\/","name":"CSJ Emballages","url":"https:\/\/www.csj-emballages.com\/de\/","logo":{"@type":"ImageObject","inLanguage":"de","@id":"https:\/\/www.csj-emballages.com\/de\/#\/schema\/logo\/image\/","url":"https:\/\/www.csj-emballages.com\/wp-content\/uploads\/2023\/10\/logo_csj.webp","contentUrl":"https:\/\/www.csj-emballages.com\/wp-content\/uploads\/2023\/10\/logo_csj.webp","width":250,"height":95,"caption":"CSJ Emballages"},"image":{"@id":"https:\/\/www.csj-emballages.com\/de\/#\/schema\/logo\/image\/"},"sameAs":["https:\/\/www.facebook.com\/csjemballages"],"address":{"@type":"PostalAddress","streetAddress":"ZI La Lechere","addressLocality":"Patornay","postalCode":"39130","addressCountry":"FR"},"contactPoint":[{"@type":"ContactPoint","contactType":"Service client","telephone":"0384254272","email":"contact@csj-emballages.com"}]}]}},"df_price":0.74,"df_sale_price":"","df_regular_price":0.74,"df_image_link":"https:\/\/www.csj-emballages.com\/wp-content\/uploads\/2024\/03\/BM12NOIR-300x300.webp","tiered_pricing_type":"fixed","tiered_pricing_fixed_rules":[],"tiered_pricing_percentage_rules":[],"tiered_pricing_minimum":1,"tiered_pricing_roles_data":[],"_links":{"self":[{"href":"https:\/\/www.csj-emballages.com\/de\/wp-json\/wp\/v2\/product\/19628","targetHints":{"allow":["GET"]}}],"collection":[{"href":"https:\/\/www.csj-emballages.com\/de\/wp-json\/wp\/v2\/product"}],"about":[{"href":"https:\/\/www.csj-emballages.com\/de\/wp-json\/wp\/v2\/types\/product"}],"wp:featuredmedia":[{"embeddable":true,"href":"https:\/\/www.csj-emballages.com\/de\/wp-json\/wp\/v2\/media\/241732"}],"wp:attachment":[{"href":"https:\/\/www.csj-emballages.com\/de\/wp-json\/wp\/v2\/media?parent=19628"}],"wp:term":[{"taxonomy":"product_brand","embeddable":true,"href":"https:\/\/www.csj-emballages.com\/de\/wp-json\/wp\/v2\/product_brand?post=19628"},{"taxonomy":"product_cat","embeddable":true,"href":"https:\/\/www.csj-emballages.com\/de\/wp-json\/wp\/v2\/product_cat?post=19628"},{"taxonomy":"product_tag","embeddable":true,"href":"https:\/\/www.csj-emballages.com\/de\/wp-json\/wp\/v2\/product_tag?post=19628"}],"curies":[{"name":"wp","href":"https:\/\/api.w.org\/{rel}","templated":true}]}}