{"id":19575,"date":"2024-03-01T16:57:16","date_gmt":"2024-03-01T15:57:16","guid":{"rendered":"https:\/\/u15jnbdpoq.preview.infomaniak.website\/produit\/kuchenbehaelter-aus-weissem-karton-18-x-8-cm\/"},"modified":"2026-04-24T02:11:45","modified_gmt":"2026-04-24T00:11:45","slug":"kuchenbehaelter-aus-weissem-karton-18-x-8-cm","status":"publish","type":"product","link":"https:\/\/www.csj-emballages.com\/de\/produit\/kuchenbehaelter-aus-weissem-karton-18-x-8-cm\/","title":{"rendered":"Kuchenbeh\u00e4lter aus wei\u00dfem Karton 18 x 8 cm"},"content":{"rendered":"<h2>Kuchenbox<\/h2>\n<hr>\n<h3>Beschreibung von Kuchenschachtel aus Karton wei\u00df 18 x 8 cm<\/h3>\n<p><!--more--><\/p>\n<p>Entdecken Sie die <strong>wei\u00dfe 18 x 8 cm gro\u00dfe Kuchenschachtel aus Karton<\/strong>, ein Beh\u00e4lter, der speziell daf\u00fcr hergestellt wurde, Ihre s\u00fc\u00dfen K\u00f6stlichkeiten zur Geltung zu bringen. Dank ihres kompakten Designs und ihrer <strong>neutralen Farbe<\/strong> wertet sie sowohl zartes Geb\u00e4ck, Kuchenportionen als auch einzelne kleine Leckereien auf. Da die <strong>Schachtel<\/strong> aus <strong>Karton<\/strong> besteht, gew\u00e4hrleistet sie eine Festigkeit, die Ihre Zubereitungen w\u00e4hrend des Transports und der Aufbewahrung wirksam sch\u00fctzt. Dank ihrer <strong>angemessenen Gr\u00f6\u00dfe<\/strong> k\u00f6nnen Sie problemlos ein gro\u00dfes St\u00fcck Kuchen, eine kleine Torte, ein raffiniertes Dessert oder auch S\u00fc\u00dfigkeiten darin unterbringen. Seine schlichte und strahlende <strong>wei\u00dfe Farbe<\/strong> passt sich jeder Umgebung an und eignet sich perfekt f\u00fcr den professionellen oder privaten Gebrauch.    <\/p>\n<p>B\u00e4cker und Konditoren werden die M\u00f6glichkeit sch\u00e4tzen, ihren Kunden eine hochwertige Verpackung zu liefern, w\u00e4hrend Privatpersonen sie nutzen k\u00f6nnen, um ihre selbstgemachten Kreationen auf elegante Weise zu pr\u00e4sentieren.<\/p>\n<p>Ebenso ist die <strong>Kuchenschachtel<\/strong> <strong>aus Karton<\/strong>, die f\u00fcr Lebensmittel bestimmt ist, so konzipiert, dass sie den \u00fcblichen Handhabungen standh\u00e4lt. Sie l\u00e4sst sich leicht stapeln und macht die Lagerung und den Transport gro\u00dfer Mengen einfach. Dank des praktischen Designs kann man das Dessert ohne Besch\u00e4digung positionieren und beim Verzehr leicht wieder herausnehmen.  <\/p>\n<p>Ob Sie eine Boutique, ein Event, eine Familienfeier oder einen spontanen Imbiss organisieren, diese <strong>Kuchenschachtel<\/strong> ist der perfekte Begleiter, um Ihre K\u00f6stlichkeiten auf delikate Weise zu enth\u00fcllen. Eine zuverl\u00e4ssige Option f\u00fcr alle, die Schutz, Pr\u00e4sentation und Zuverl\u00e4ssigkeit in einer einzigen Verpackung vereinen m\u00f6chten. <\/p>\n<p><!--more--><\/p>\n<h4>Vorteile :<\/h4>\n<ul>\n<li>Praktisches Format f\u00fcr einzelne St\u00fccke oder kleine Geb\u00e4ckst\u00fccke.<\/li>\n<li><strong data-start=\"1772\" data-end=\"1789\">Fester Karton<\/strong>, der einen guten Schutz bietet.<\/li>\n<li>Dank ihrer <strong>wei\u00dfen<\/strong> Farbe passt sie in jede Welt.<\/li>\n<li>Einfach zu lagern und zu stapeln.<\/li>\n<li>Ideal sowohl f\u00fcr den professionellen als auch f\u00fcr den h\u00e4uslichen Gebrauch.<\/li>\n<\/ul>\n<p>&nbsp;<\/p>\n<p><!--more--><\/p>\n<div>\n<h4>Weitere Informationen :<\/h4>\n<ul>\n<li><strong>Verpackung<\/strong>: Einzeln<\/li>\n<li><strong>Ma\u00dfe<\/strong>: 18 x 8 cm<\/li>\n<li><b>Farbe <\/b>: Wei\u00df<\/li>\n<li><strong>Material<\/strong>: Karton<\/li>\n<\/ul>\n<p>&nbsp;<\/p>\n<\/div>\n<p><!--more--><\/p>\n<p>Diese Kuchenbox ist in verschiedenen Gr\u00f6\u00dfen erh\u00e4ltlich :  <span style=\"color: #d12727;\"><a style=\"color: #d12727;\" href=\"https:\/\/www.csj-emballages.com\/de\/produit\/kuchenbehaelter-aus-weissem-karton-16-x-8-cm\/\">16 x 8 cm<\/a><\/span> \/  <span style=\"color: #d12727;\"><a style=\"color: #d12727;\" href=\"https:\/\/www.csj-emballages.com\/de\/produit\/kuchenbehaelter-aus-weissem-karton-20-x-8-cm\/\">20 x <\/a><a style=\"color: #d12727;\" href=\"https:\/\/www.csj-emballages.com\/de\/produit\/kuchenbehaelter-aus-weissem-karton-14-x-6-cm\/\">8<\/a><a style=\"color: #d12727;\" href=\"https:\/\/www.csj-emballages.com\/de\/produit\/kuchenbehaelter-aus-weissem-karton-20-x-8-cm\/\"> cm<\/a><\/span><br \/>\n\/<br \/>\n <span style=\"color: #d12727;\"><a style=\"color: #d12727;\" href=\"https:\/\/www.csj-emballages.com\/de\/produit\/kuchenbehaelter-aus-weissem-karton-22-x-8-cm\/\">22 x <\/a><a style=\"color: #d12727;\" href=\"https:\/\/www.csj-emballages.com\/de\/produit\/kuchenbehaelter-aus-weissem-karton-14-x-6-cm\/\">8<\/a><a style=\"color: #d12727;\" href=\"https:\/\/www.csj-emballages.com\/de\/produit\/kuchenbehaelter-aus-weissem-karton-22-x-8-cm\/\"> cm<\/a><\/span><br \/>\n\/<br \/>\n <span style=\"color: #d12727;\"><a style=\"color: #d12727;\" href=\"https:\/\/www.csj-emballages.com\/de\/produit\/kuchenbehaelter-aus-weissem-karton-23-x-5-cm\/\">25 x <\/a><a style=\"color: #d12727;\" href=\"https:\/\/www.csj-emballages.com\/de\/produit\/kuchenbehaelter-aus-weissem-karton-25-x-8-cm\/\">8<\/a><a style=\"color: #d12727;\" href=\"https:\/\/www.csj-emballages.com\/de\/produit\/kuchenbehaelter-aus-weissem-karton-23-x-5-cm\/\"> cm<\/a> <\/span>\/<br \/>\n <span style=\"color: #d12727;\"><a style=\"color: #d12727;\" href=\"https:\/\/www.csj-emballages.com\/de\/produit\/kuchenbehaelter-aus-weissem-karton-28-x-8-cm\/\">28 x <\/a><a style=\"color: #d12727;\" href=\"https:\/\/www.csj-emballages.com\/de\/produit\/kuchenbehaelter-aus-weissem-karton-14-x-6-cm\/\">8<\/a><a style=\"color: #d12727;\" href=\"https:\/\/www.csj-emballages.com\/de\/produit\/kuchenbehaelter-aus-weissem-karton-28-x-8-cm\/\"> cm<\/a><\/span><br \/>\n\/<br \/>\n <span style=\"color: #d12727;\"><a style=\"color: #d12727;\" href=\"https:\/\/www.csj-emballages.com\/de\/produit\/kuchenbehaelter-aus-weissem-karton-29-x-5-cm\/\">32 x <\/a><a style=\"color: #d12727;\" href=\"https:\/\/www.csj-emballages.com\/de\/produit\/kuchenbehaelter-aus-weissem-karton-32-x-8-cm\/\">8<\/a><a style=\"color: #d12727;\" href=\"https:\/\/www.csj-emballages.com\/de\/produit\/kuchenbehaelter-aus-weissem-karton-29-x-5-cm\/\"> cm<\/a><\/span><\/p>\n<div>\n<div><\/div>\n<\/div>\n<p><!--more--><\/p>\n<p><a href=\"\/?product_cat=boite-charniere-pour-patisseries\">Sehen Sie sich den Rest unseres Sortiments an Scharnierschachteln f\u00fcr Geb\u00e4ck an.<\/a><\/p>\n","protected":false},"excerpt":{"rendered":"<p>Kuchenbox Beschreibung von Kuchenschachtel aus Karton wei\u00df 18 x 8 cm<\/p>\n","protected":false},"featured_media":242388,"template":"","meta":{"_acf_changed":false},"product_brand":[],"product_cat":[1137,1171,1256,2160],"product_tag":[],"class_list":{"0":"post-19575","1":"product","2":"type-product","3":"status-publish","4":"has-post-thumbnail","6":"product_cat-lebensmittelverpackungen","7":"product_cat-backerei-und-konditorei","8":"product_cat-gebackschachteln","9":"product_cat-weise-konditoreischachtel-a-lunite","11":"first","12":"instock","13":"taxable","14":"shipping-taxable","15":"purchasable","16":"product-type-simple"},"acf":[],"yoast_head":"<!-- This site is optimized with the Yoast SEO Premium plugin v26.6 (Yoast SEO v26.6) - https:\/\/yoast.com\/wordpress\/plugins\/seo\/ -->\n<title>Kuchenbox aus wei\u00dfem Karton 18 x 8 cm<\/title>\n<meta name=\"description\" content=\"Wei\u00dfe Kuchenschachtel aus Karton 18 x 8 cm, ideal f\u00fcr einzelne St\u00fccke und Geb\u00e4ck, widerstandsf\u00e4hig, schlicht und f\u00fcr Profis und Privatpersonen geeignet.\" \/>\n<meta name=\"robots\" content=\"index, follow, max-snippet:-1, max-image-preview:large, max-video-preview:-1\" \/>\n<link rel=\"canonical\" href=\"https:\/\/www.csj-emballages.com\/de\/produit\/kuchenbehaelter-aus-weissem-karton-18-x-8-cm\/\" \/>\n<meta property=\"og:locale\" content=\"de_DE\" \/>\n<meta property=\"og:type\" content=\"article\" \/>\n<meta property=\"og:title\" content=\"Kuchenbeh\u00e4lter aus wei\u00dfem Karton 18 x 8 cm\" \/>\n<meta property=\"og:description\" content=\"Wei\u00dfe Kuchenschachtel aus Karton 18 x 8 cm, ideal f\u00fcr einzelne St\u00fccke und Geb\u00e4ck, widerstandsf\u00e4hig, schlicht und f\u00fcr Profis und Privatpersonen geeignet.\" \/>\n<meta property=\"og:url\" content=\"https:\/\/www.csj-emballages.com\/de\/produit\/kuchenbehaelter-aus-weissem-karton-18-x-8-cm\/\" \/>\n<meta property=\"og:site_name\" content=\"CSJ Emballages\" \/>\n<meta property=\"article:publisher\" content=\"https:\/\/www.facebook.com\/csjemballages\" \/>\n<meta property=\"article:modified_time\" content=\"2026-04-24T00:11:45+00:00\" \/>\n<meta property=\"og:image\" content=\"https:\/\/www.csj-emballages.com\/wp-content\/uploads\/2024\/03\/BG14X6BL.webp\" \/>\n\t<meta property=\"og:image:width\" content=\"800\" \/>\n\t<meta property=\"og:image:height\" content=\"800\" \/>\n\t<meta property=\"og:image:type\" content=\"image\/webp\" \/>\n<meta name=\"twitter:card\" content=\"summary_large_image\" \/>\n<meta name=\"twitter:label1\" content=\"Gesch\u00e4tzte Lesezeit\" \/>\n\t<meta name=\"twitter:data1\" content=\"2 Minuten\" \/>\n<script type=\"application\/ld+json\" class=\"yoast-schema-graph\">{\"@context\":\"https:\/\/schema.org\",\"@graph\":[{\"@type\":\"WebPage\",\"@id\":\"https:\/\/www.csj-emballages.com\/de\/produit\/kuchenbehaelter-aus-weissem-karton-18-x-8-cm\/\",\"url\":\"https:\/\/www.csj-emballages.com\/de\/produit\/kuchenbehaelter-aus-weissem-karton-18-x-8-cm\/\",\"name\":\"Kuchenbox aus wei\u00dfem Karton 18 x 8 cm\",\"isPartOf\":{\"@id\":\"https:\/\/www.csj-emballages.com\/de\/#website\"},\"primaryImageOfPage\":{\"@id\":\"https:\/\/www.csj-emballages.com\/de\/produit\/kuchenbehaelter-aus-weissem-karton-18-x-8-cm\/#primaryimage\"},\"image\":{\"@id\":\"https:\/\/www.csj-emballages.com\/de\/produit\/kuchenbehaelter-aus-weissem-karton-18-x-8-cm\/#primaryimage\"},\"thumbnailUrl\":\"https:\/\/www.csj-emballages.com\/wp-content\/uploads\/2024\/03\/BG14X6BL.webp\",\"datePublished\":\"2024-03-01T15:57:16+00:00\",\"dateModified\":\"2026-04-24T00:11:45+00:00\",\"description\":\"Wei\u00dfe Kuchenschachtel aus Karton 18 x 8 cm, ideal f\u00fcr einzelne St\u00fccke und Geb\u00e4ck, widerstandsf\u00e4hig, schlicht und f\u00fcr Profis und Privatpersonen geeignet.\",\"breadcrumb\":{\"@id\":\"https:\/\/www.csj-emballages.com\/de\/produit\/kuchenbehaelter-aus-weissem-karton-18-x-8-cm\/#breadcrumb\"},\"inLanguage\":\"de\",\"potentialAction\":[{\"@type\":\"ReadAction\",\"target\":[\"https:\/\/www.csj-emballages.com\/de\/produit\/kuchenbehaelter-aus-weissem-karton-18-x-8-cm\/\"]}]},{\"@type\":\"ImageObject\",\"inLanguage\":\"de\",\"@id\":\"https:\/\/www.csj-emballages.com\/de\/produit\/kuchenbehaelter-aus-weissem-karton-18-x-8-cm\/#primaryimage\",\"url\":\"https:\/\/www.csj-emballages.com\/wp-content\/uploads\/2024\/03\/BG14X6BL.webp\",\"contentUrl\":\"https:\/\/www.csj-emballages.com\/wp-content\/uploads\/2024\/03\/BG14X6BL.webp\",\"width\":800,\"height\":800,\"caption\":\"Boite g\u00e2teau\"},{\"@type\":\"BreadcrumbList\",\"@id\":\"https:\/\/www.csj-emballages.com\/de\/produit\/kuchenbehaelter-aus-weissem-karton-18-x-8-cm\/#breadcrumb\",\"itemListElement\":[{\"@type\":\"ListItem\",\"position\":1,\"name\":\"Accueil\",\"item\":\"https:\/\/www.csj-emballages.com\/de\/universum-lebensmittelverpackungen\/\"},{\"@type\":\"ListItem\",\"position\":2,\"name\":\"Shop\",\"item\":\"https:\/\/www.csj-emballages.com\/shop\/\"},{\"@type\":\"ListItem\",\"position\":3,\"name\":\"Kuchenbeh\u00e4lter aus wei\u00dfem Karton 18 x 8 cm\"}]},{\"@type\":\"WebSite\",\"@id\":\"https:\/\/www.csj-emballages.com\/de\/#website\",\"url\":\"https:\/\/www.csj-emballages.com\/de\/\",\"name\":\"CSJ Emballages\",\"description\":\"\",\"publisher\":{\"@id\":\"https:\/\/www.csj-emballages.com\/de\/#organization\"},\"potentialAction\":[{\"@type\":\"SearchAction\",\"target\":{\"@type\":\"EntryPoint\",\"urlTemplate\":\"https:\/\/www.csj-emballages.com\/de\/?s={search_term_string}\"},\"query-input\":{\"@type\":\"PropertyValueSpecification\",\"valueRequired\":true,\"valueName\":\"search_term_string\"}}],\"inLanguage\":\"de\"},{\"@type\":\"Organization\",\"@id\":\"https:\/\/www.csj-emballages.com\/de\/#Organization\/\",\"name\":\"CSJ Emballages\",\"url\":\"https:\/\/www.csj-emballages.com\/de\/\",\"logo\":{\"@type\":\"ImageObject\",\"inLanguage\":\"de\",\"@id\":\"https:\/\/www.csj-emballages.com\/de\/#\/schema\/logo\/image\/\",\"url\":\"https:\/\/www.csj-emballages.com\/wp-content\/uploads\/2023\/10\/logo_csj.webp\",\"contentUrl\":\"https:\/\/www.csj-emballages.com\/wp-content\/uploads\/2023\/10\/logo_csj.webp\",\"width\":250,\"height\":95,\"caption\":\"CSJ Emballages\"},\"image\":{\"@id\":\"https:\/\/www.csj-emballages.com\/de\/#\/schema\/logo\/image\/\"},\"sameAs\":[\"https:\/\/www.facebook.com\/csjemballages\"],\"address\":{\"@type\":\"PostalAddress\",\"streetAddress\":\"ZI La Lechere\",\"addressLocality\":\"Patornay\",\"postalCode\":\"39130\",\"addressCountry\":\"FR\"},\"contactPoint\":[{\"@type\":\"ContactPoint\",\"contactType\":\"Service client\",\"telephone\":\"0384254272\",\"email\":\"contact@csj-emballages.com\"}]}]}<\/script>\n<!-- \/ Yoast SEO Premium plugin. -->","yoast_head_json":{"title":"Kuchenbox aus wei\u00dfem Karton 18 x 8 cm","description":"Wei\u00dfe Kuchenschachtel aus Karton 18 x 8 cm, ideal f\u00fcr einzelne St\u00fccke und Geb\u00e4ck, widerstandsf\u00e4hig, schlicht und f\u00fcr Profis und Privatpersonen geeignet.","robots":{"index":"index","follow":"follow","max-snippet":"max-snippet:-1","max-image-preview":"max-image-preview:large","max-video-preview":"max-video-preview:-1"},"canonical":"https:\/\/www.csj-emballages.com\/de\/produit\/kuchenbehaelter-aus-weissem-karton-18-x-8-cm\/","og_locale":"de_DE","og_type":"article","og_title":"Kuchenbeh\u00e4lter aus wei\u00dfem Karton 18 x 8 cm","og_description":"Wei\u00dfe Kuchenschachtel aus Karton 18 x 8 cm, ideal f\u00fcr einzelne St\u00fccke und Geb\u00e4ck, widerstandsf\u00e4hig, schlicht und f\u00fcr Profis und Privatpersonen geeignet.","og_url":"https:\/\/www.csj-emballages.com\/de\/produit\/kuchenbehaelter-aus-weissem-karton-18-x-8-cm\/","og_site_name":"CSJ Emballages","article_publisher":"https:\/\/www.facebook.com\/csjemballages","article_modified_time":"2026-04-24T00:11:45+00:00","og_image":[{"width":800,"height":800,"url":"https:\/\/www.csj-emballages.com\/wp-content\/uploads\/2024\/03\/BG14X6BL.webp","type":"image\/webp"}],"twitter_card":"summary_large_image","twitter_misc":{"Gesch\u00e4tzte Lesezeit":"2 Minuten"},"schema":{"@context":"https:\/\/schema.org","@graph":[{"@type":"WebPage","@id":"https:\/\/www.csj-emballages.com\/de\/produit\/kuchenbehaelter-aus-weissem-karton-18-x-8-cm\/","url":"https:\/\/www.csj-emballages.com\/de\/produit\/kuchenbehaelter-aus-weissem-karton-18-x-8-cm\/","name":"Kuchenbox aus wei\u00dfem Karton 18 x 8 cm","isPartOf":{"@id":"https:\/\/www.csj-emballages.com\/de\/#website"},"primaryImageOfPage":{"@id":"https:\/\/www.csj-emballages.com\/de\/produit\/kuchenbehaelter-aus-weissem-karton-18-x-8-cm\/#primaryimage"},"image":{"@id":"https:\/\/www.csj-emballages.com\/de\/produit\/kuchenbehaelter-aus-weissem-karton-18-x-8-cm\/#primaryimage"},"thumbnailUrl":"https:\/\/www.csj-emballages.com\/wp-content\/uploads\/2024\/03\/BG14X6BL.webp","datePublished":"2024-03-01T15:57:16+00:00","dateModified":"2026-04-24T00:11:45+00:00","description":"Wei\u00dfe Kuchenschachtel aus Karton 18 x 8 cm, ideal f\u00fcr einzelne St\u00fccke und Geb\u00e4ck, widerstandsf\u00e4hig, schlicht und f\u00fcr Profis und Privatpersonen geeignet.","breadcrumb":{"@id":"https:\/\/www.csj-emballages.com\/de\/produit\/kuchenbehaelter-aus-weissem-karton-18-x-8-cm\/#breadcrumb"},"inLanguage":"de","potentialAction":[{"@type":"ReadAction","target":["https:\/\/www.csj-emballages.com\/de\/produit\/kuchenbehaelter-aus-weissem-karton-18-x-8-cm\/"]}]},{"@type":"ImageObject","inLanguage":"de","@id":"https:\/\/www.csj-emballages.com\/de\/produit\/kuchenbehaelter-aus-weissem-karton-18-x-8-cm\/#primaryimage","url":"https:\/\/www.csj-emballages.com\/wp-content\/uploads\/2024\/03\/BG14X6BL.webp","contentUrl":"https:\/\/www.csj-emballages.com\/wp-content\/uploads\/2024\/03\/BG14X6BL.webp","width":800,"height":800,"caption":"Boite g\u00e2teau"},{"@type":"BreadcrumbList","@id":"https:\/\/www.csj-emballages.com\/de\/produit\/kuchenbehaelter-aus-weissem-karton-18-x-8-cm\/#breadcrumb","itemListElement":[{"@type":"ListItem","position":1,"name":"Accueil","item":"https:\/\/www.csj-emballages.com\/de\/universum-lebensmittelverpackungen\/"},{"@type":"ListItem","position":2,"name":"Shop","item":"https:\/\/www.csj-emballages.com\/shop\/"},{"@type":"ListItem","position":3,"name":"Kuchenbeh\u00e4lter aus wei\u00dfem Karton 18 x 8 cm"}]},{"@type":"WebSite","@id":"https:\/\/www.csj-emballages.com\/de\/#website","url":"https:\/\/www.csj-emballages.com\/de\/","name":"CSJ Emballages","description":"","publisher":{"@id":"https:\/\/www.csj-emballages.com\/de\/#organization"},"potentialAction":[{"@type":"SearchAction","target":{"@type":"EntryPoint","urlTemplate":"https:\/\/www.csj-emballages.com\/de\/?s={search_term_string}"},"query-input":{"@type":"PropertyValueSpecification","valueRequired":true,"valueName":"search_term_string"}}],"inLanguage":"de"},{"@type":"Organization","@id":"https:\/\/www.csj-emballages.com\/de\/#Organization\/","name":"CSJ Emballages","url":"https:\/\/www.csj-emballages.com\/de\/","logo":{"@type":"ImageObject","inLanguage":"de","@id":"https:\/\/www.csj-emballages.com\/de\/#\/schema\/logo\/image\/","url":"https:\/\/www.csj-emballages.com\/wp-content\/uploads\/2023\/10\/logo_csj.webp","contentUrl":"https:\/\/www.csj-emballages.com\/wp-content\/uploads\/2023\/10\/logo_csj.webp","width":250,"height":95,"caption":"CSJ Emballages"},"image":{"@id":"https:\/\/www.csj-emballages.com\/de\/#\/schema\/logo\/image\/"},"sameAs":["https:\/\/www.facebook.com\/csjemballages"],"address":{"@type":"PostalAddress","streetAddress":"ZI La Lechere","addressLocality":"Patornay","postalCode":"39130","addressCountry":"FR"},"contactPoint":[{"@type":"ContactPoint","contactType":"Service client","telephone":"0384254272","email":"contact@csj-emballages.com"}]}]}},"df_price":0.62,"df_sale_price":"","df_regular_price":0.62,"df_image_link":"https:\/\/www.csj-emballages.com\/wp-content\/uploads\/2024\/03\/BG14X6BL-300x300.webp","tiered_pricing_type":"fixed","tiered_pricing_fixed_rules":[],"tiered_pricing_percentage_rules":[],"tiered_pricing_minimum":1,"tiered_pricing_roles_data":[],"_links":{"self":[{"href":"https:\/\/www.csj-emballages.com\/de\/wp-json\/wp\/v2\/product\/19575","targetHints":{"allow":["GET"]}}],"collection":[{"href":"https:\/\/www.csj-emballages.com\/de\/wp-json\/wp\/v2\/product"}],"about":[{"href":"https:\/\/www.csj-emballages.com\/de\/wp-json\/wp\/v2\/types\/product"}],"wp:featuredmedia":[{"embeddable":true,"href":"https:\/\/www.csj-emballages.com\/de\/wp-json\/wp\/v2\/media\/242388"}],"wp:attachment":[{"href":"https:\/\/www.csj-emballages.com\/de\/wp-json\/wp\/v2\/media?parent=19575"}],"wp:term":[{"taxonomy":"product_brand","embeddable":true,"href":"https:\/\/www.csj-emballages.com\/de\/wp-json\/wp\/v2\/product_brand?post=19575"},{"taxonomy":"product_cat","embeddable":true,"href":"https:\/\/www.csj-emballages.com\/de\/wp-json\/wp\/v2\/product_cat?post=19575"},{"taxonomy":"product_tag","embeddable":true,"href":"https:\/\/www.csj-emballages.com\/de\/wp-json\/wp\/v2\/product_tag?post=19575"}],"curies":[{"name":"wp","href":"https:\/\/api.w.org\/{rel}","templated":true}]}}