{"id":19539,"date":"2024-03-01T16:57:19","date_gmt":"2024-03-01T15:57:19","guid":{"rendered":"https:\/\/u15jnbdpoq.preview.infomaniak.website\/produit\/25-schwarze-fensterkaesten-mit-rand-25-cm\/"},"modified":"2026-04-03T02:13:12","modified_gmt":"2026-04-03T00:13:12","slug":"25-schwarze-fensterkaesten-mit-rand-25-cm","status":"publish","type":"product","link":"https:\/\/www.csj-emballages.com\/de\/produit\/25-schwarze-fensterkaesten-mit-rand-25-cm\/","title":{"rendered":"Schwarze Fensterbox mit Einfassung 25 cm x 25 cm"},"content":{"rendered":"<h2 style=\"text-align: left;\">Gefensterte Schachtel<\/h2>\n<hr>\n<h3 style=\"text-align: left;\"><span style=\"font-weight: bold;\">Entdecken Sie unsere schwarze Fensterbox mit Einfassung 25 cm x 25 cm<\/span><\/h3>\n<p style=\"text-align: left;\"><!--more--><\/p>\n<p data-start=\"112\" data-end=\"639\">Bringen Sie Ihre Backkreationen mit dieser <strong data-start=\"166\" data-end=\"211\">schwarzen Fensterschachtel mit Goldrand 25 cm zur<\/strong> Geltung. Die elegante und praktische Box wurde f\u00fcr B\u00e4cker, Konditoren und Caterer entworfen, die ihren Kunden eine raffinierte und solide Verpackung anbieten m\u00f6chten. Die <strong>schwarze Schachtel<\/strong> besteht aus <strong data-start=\"390\" data-end=\"424\">350 g\/m\u00b2 Frischfaserkarton<\/strong> und vereint Robustheit und \u00c4sthetik. Ihre transparente, in das <strong>Fenster<\/strong> integrierte <strong data-start=\"474\" data-end=\"497\">71 \u03bc-Polyesterfolie<\/strong> erm\u00f6glicht die Pr\u00e4sentation Ihrer Desserts und sch\u00fctzt sie gleichzeitig wirksam vor Manipulationen und Verunreinigungen.   <\/p>\n<p data-start=\"641\" data-end=\"1029\">Mit ihren Ma\u00dfen von <strong data-start=\"664\" data-end=\"685\">20 x 11 x H 10 cm<\/strong> ist sie ideal, um einen Baumstamm, einen Familienkuchen, eine Brioche oder andere Zubereitungen mit <strong>6 bis 8 St\u00fccken<\/strong> zu halten. Die <strong data-start=\"807\" data-end=\"822\">goldene<\/strong> Umrandung sorgt f\u00fcr ein hochwertiges Finish, das Ihre Produkte schon auf den ersten Blick aufwertet. Der auf den Karton aufgetragene <strong data-start=\"910\" data-end=\"931\">Schutzlack<\/strong> erh\u00f6ht die Haltbarkeit und sorgt f\u00fcr ein gepflegtes und professionelles Erscheinungsbild.  <\/p>\n<p data-start=\"1031\" data-end=\"1448\">Mit einem Gewicht <strong data-start=\"1038\" data-end=\"1074\">von 1,95 kg f\u00fcr das 25er-Set<\/strong> ist diese <strong>Fensterbox<\/strong> so konzipiert, dass sie dem Transport standh\u00e4lt und sicherstellt, dass Ihre Vorbereitungen unversehrt bei Ihren Kunden ankommen. Sie ist einfach zu montieren und spart Zeit bei der Kommissionierung. Die <strong data-start=\"1281\" data-end=\"1314\">schwarze Farbe in Kombination mit Gold<\/strong> verleiht der Box einen schicken und modernen Stil, der sich perfekt f\u00fcr festliche Zeiten wie Weihnachten, aber auch f\u00fcr alle Ihre ganzj\u00e4hrigen Verk\u00e4ufe eignet.  <\/p>\n<p data-start=\"1450\" data-end=\"1639\">Wenn Sie sich f\u00fcr diese <strong>Schachtel<\/strong> entscheiden, verbinden Sie \u00c4sthetik mit Funktionalit\u00e4t, um Ihre Gourmetkreationen zu veredeln. Ein echter Trumpf, um sich bei Ihren anspruchsvollen Kunden von der Masse abzuheben. <\/p>\n<p style=\"text-align: left;\"><!--more--><\/p>\n<h4 style=\"text-align: left;\">Die Vorteile :<\/h4>\n<ul style=\"text-align: left;\">\n<li><strong data-start=\"1664\" data-end=\"1690\">Schickes, modernes Design<\/strong>: Schwarz mit goldener Umrandung.<\/li>\n<li>Durchsichtiges Fenster, damit die Produkte sofort ins rechte Licht ger\u00fcckt werden.<\/li>\n<li>Fassungsverm\u00f6gen 6 bis 8 Teile, ideal f\u00fcr Stollen und Kuchen.<\/li>\n<li><strong data-start=\"1858\" data-end=\"1881\">Hochwertige Materialien<\/strong>: Karton 350 g\/m\u00b2 + Polyester 71 \u03bc.<\/li>\n<li>Lot von 25 Einheiten<\/li>\n<\/ul>\n<p>&nbsp;<\/p>\n<p style=\"text-align: left;\"><!--more--><\/p>\n<h4 style=\"text-align: left;\">Weitere Informationen :<\/h4>\n<ul style=\"text-align: left;\">\n<li><strong>Verpackung<\/strong>: Packung mit 25 St\u00fcck<\/li>\n<li><b>Farbe <\/b>: Schwarz \/ Gold<\/li>\n<li><strong>Material<\/strong>: Karton<\/li>\n<li><strong>Ma\u00dfe<\/strong>: 25 x 11 x 10 (L x B x H in cm)<\/li>\n<\/ul>\n<p>&nbsp;<\/p>\n<p style=\"text-align: left;\"><!--more--><\/p>\n<p style=\"text-align: left;\">Diese Schachtel ist auch in 25 cm erh\u00e4ltlich : <span style=\"color: #d12727;\"><a style=\"color: #d12727;\" href=\"https:\/\/www.csj-emballages.com\/de\/produit\/25-schwarze-fensterkaesten-mit-rand-20-cm\/\">BCC20N<\/a><\/span><\/p>\n<p>&nbsp;<\/p>\n<p><!--more--><\/p>\n<p>Hier finden Sie unsere Einlage f\u00fcr 2 Cupcakes, die mit dieser Schachtel kompatibel ist: <span style=\"color: #d12727;\"><a style=\"color: #d12727;\" href=\"https:\/\/www.csj-emballages.com\/de\/produit\/25-einlagen-fuer-2-cupcakes-aus-weissem-karton\/\">CALBCC2<\/a><\/span><\/p>\n<p>&nbsp;<\/p>\n<p style=\"text-align: left;\"><!--more--><\/p>\n<p style=\"text-align: left;\"><a href=\"https:\/\/www.csj-emballages.com\/de\/categorie-produit\/lebensmittelverpackungen\/backerei-und-konditorei\/schachteln-und-etuis\/cupcake-schachteln\/\">Sehen Sie sich hier den Rest unseres Sortiments an Cupcake-Boxen an<\/a><\/p>\n","protected":false},"excerpt":{"rendered":"<p>Gefensterte Schachtel Entdecken Sie unsere schwarze Fensterbox mit Einfassung 25 cm x 25 cm<\/p>\n","protected":false},"featured_media":241655,"template":"","meta":{"_acf_changed":false},"product_brand":[],"product_cat":[1137,1171,2154,2067,2106,1172],"product_tag":[],"class_list":{"0":"post-19539","1":"product","2":"type-product","3":"status-publish","4":"has-post-thumbnail","6":"product_cat-lebensmittelverpackungen","7":"product_cat-backerei-und-konditorei","8":"product_cat-cupcake-schachteln","9":"product_cat-holzschachteln","10":"product_cat-holzschachteln-ma-buche-mein-holzscheit","11":"product_cat-fensterkasten","13":"first","14":"instock","15":"taxable","16":"shipping-taxable","17":"purchasable","18":"product-type-simple"},"acf":[],"yoast_head":"<!-- This site is optimized with the Yoast SEO Premium plugin v26.6 (Yoast SEO v26.6) - https:\/\/yoast.com\/wordpress\/plugins\/seo\/ -->\n<title>Schwarze Fensterbox mit Rand 25 cm x 25 cm<\/title>\n<meta name=\"description\" content=\"Schwarze, gefensterte Dose mit Goldrand, 25 cm, gefenstert, Fassungsverm\u00f6gen 6-8 Teile. Elegant, stabil und praktisch f\u00fcr Holzscheite und Kuchen.\" \/>\n<meta name=\"robots\" content=\"index, follow, max-snippet:-1, max-image-preview:large, max-video-preview:-1\" \/>\n<link rel=\"canonical\" href=\"https:\/\/www.csj-emballages.com\/de\/produit\/25-schwarze-fensterkaesten-mit-rand-25-cm\/\" \/>\n<meta property=\"og:locale\" content=\"de_DE\" \/>\n<meta property=\"og:type\" content=\"article\" \/>\n<meta property=\"og:title\" content=\"Schwarze Fensterbox mit Einfassung 25 cm x 25 cm\" \/>\n<meta property=\"og:description\" content=\"Schwarze, gefensterte Dose mit Goldrand, 25 cm, gefenstert, Fassungsverm\u00f6gen 6-8 Teile. Elegant, stabil und praktisch f\u00fcr Holzscheite und Kuchen.\" \/>\n<meta property=\"og:url\" content=\"https:\/\/www.csj-emballages.com\/de\/produit\/25-schwarze-fensterkaesten-mit-rand-25-cm\/\" \/>\n<meta property=\"og:site_name\" content=\"CSJ Emballages\" \/>\n<meta property=\"article:publisher\" content=\"https:\/\/www.facebook.com\/csjemballages\" \/>\n<meta property=\"article:modified_time\" content=\"2026-04-03T00:13:12+00:00\" \/>\n<meta property=\"og:image\" content=\"https:\/\/www.csj-emballages.com\/wp-content\/uploads\/2024\/03\/BCC25N.webp\" \/>\n\t<meta property=\"og:image:width\" content=\"800\" \/>\n\t<meta property=\"og:image:height\" content=\"800\" \/>\n\t<meta property=\"og:image:type\" content=\"image\/webp\" \/>\n<meta name=\"twitter:card\" content=\"summary_large_image\" \/>\n<meta name=\"twitter:label1\" content=\"Gesch\u00e4tzte Lesezeit\" \/>\n\t<meta name=\"twitter:data1\" content=\"2 Minuten\" \/>\n<script type=\"application\/ld+json\" class=\"yoast-schema-graph\">{\"@context\":\"https:\/\/schema.org\",\"@graph\":[{\"@type\":\"WebPage\",\"@id\":\"https:\/\/www.csj-emballages.com\/de\/produit\/25-schwarze-fensterkaesten-mit-rand-25-cm\/\",\"url\":\"https:\/\/www.csj-emballages.com\/de\/produit\/25-schwarze-fensterkaesten-mit-rand-25-cm\/\",\"name\":\"Schwarze Fensterbox mit Rand 25 cm x 25 cm\",\"isPartOf\":{\"@id\":\"https:\/\/www.csj-emballages.com\/de\/#website\"},\"primaryImageOfPage\":{\"@id\":\"https:\/\/www.csj-emballages.com\/de\/produit\/25-schwarze-fensterkaesten-mit-rand-25-cm\/#primaryimage\"},\"image\":{\"@id\":\"https:\/\/www.csj-emballages.com\/de\/produit\/25-schwarze-fensterkaesten-mit-rand-25-cm\/#primaryimage\"},\"thumbnailUrl\":\"https:\/\/www.csj-emballages.com\/wp-content\/uploads\/2024\/03\/BCC25N.webp\",\"datePublished\":\"2024-03-01T15:57:19+00:00\",\"dateModified\":\"2026-04-03T00:13:12+00:00\",\"description\":\"Schwarze, gefensterte Dose mit Goldrand, 25 cm, gefenstert, Fassungsverm\u00f6gen 6-8 Teile. Elegant, stabil und praktisch f\u00fcr Holzscheite und Kuchen.\",\"breadcrumb\":{\"@id\":\"https:\/\/www.csj-emballages.com\/de\/produit\/25-schwarze-fensterkaesten-mit-rand-25-cm\/#breadcrumb\"},\"inLanguage\":\"de\",\"potentialAction\":[{\"@type\":\"ReadAction\",\"target\":[\"https:\/\/www.csj-emballages.com\/de\/produit\/25-schwarze-fensterkaesten-mit-rand-25-cm\/\"]}]},{\"@type\":\"ImageObject\",\"inLanguage\":\"de\",\"@id\":\"https:\/\/www.csj-emballages.com\/de\/produit\/25-schwarze-fensterkaesten-mit-rand-25-cm\/#primaryimage\",\"url\":\"https:\/\/www.csj-emballages.com\/wp-content\/uploads\/2024\/03\/BCC25N.webp\",\"contentUrl\":\"https:\/\/www.csj-emballages.com\/wp-content\/uploads\/2024\/03\/BCC25N.webp\",\"width\":800,\"height\":800,\"caption\":\"Boite fen\u00eatr\u00e9e\"},{\"@type\":\"BreadcrumbList\",\"@id\":\"https:\/\/www.csj-emballages.com\/de\/produit\/25-schwarze-fensterkaesten-mit-rand-25-cm\/#breadcrumb\",\"itemListElement\":[{\"@type\":\"ListItem\",\"position\":1,\"name\":\"Accueil\",\"item\":\"https:\/\/www.csj-emballages.com\/de\/universum-lebensmittelverpackungen\/\"},{\"@type\":\"ListItem\",\"position\":2,\"name\":\"Shop\",\"item\":\"https:\/\/www.csj-emballages.com\/shop\/\"},{\"@type\":\"ListItem\",\"position\":3,\"name\":\"Schwarze Fensterbox mit Einfassung 25 cm x 25 cm\"}]},{\"@type\":\"WebSite\",\"@id\":\"https:\/\/www.csj-emballages.com\/de\/#website\",\"url\":\"https:\/\/www.csj-emballages.com\/de\/\",\"name\":\"CSJ Emballages\",\"description\":\"\",\"publisher\":{\"@id\":\"https:\/\/www.csj-emballages.com\/de\/#organization\"},\"potentialAction\":[{\"@type\":\"SearchAction\",\"target\":{\"@type\":\"EntryPoint\",\"urlTemplate\":\"https:\/\/www.csj-emballages.com\/de\/?s={search_term_string}\"},\"query-input\":{\"@type\":\"PropertyValueSpecification\",\"valueRequired\":true,\"valueName\":\"search_term_string\"}}],\"inLanguage\":\"de\"},{\"@type\":\"Organization\",\"@id\":\"https:\/\/www.csj-emballages.com\/de\/#Organization\/\",\"name\":\"CSJ Emballages\",\"url\":\"https:\/\/www.csj-emballages.com\/de\/\",\"logo\":{\"@type\":\"ImageObject\",\"inLanguage\":\"de\",\"@id\":\"https:\/\/www.csj-emballages.com\/de\/#\/schema\/logo\/image\/\",\"url\":\"https:\/\/www.csj-emballages.com\/wp-content\/uploads\/2023\/10\/logo_csj.webp\",\"contentUrl\":\"https:\/\/www.csj-emballages.com\/wp-content\/uploads\/2023\/10\/logo_csj.webp\",\"width\":250,\"height\":95,\"caption\":\"CSJ Emballages\"},\"image\":{\"@id\":\"https:\/\/www.csj-emballages.com\/de\/#\/schema\/logo\/image\/\"},\"sameAs\":[\"https:\/\/www.facebook.com\/csjemballages\"],\"address\":{\"@type\":\"PostalAddress\",\"streetAddress\":\"ZI La Lechere\",\"addressLocality\":\"Patornay\",\"postalCode\":\"39130\",\"addressCountry\":\"FR\"},\"contactPoint\":[{\"@type\":\"ContactPoint\",\"contactType\":\"Service client\",\"telephone\":\"0384254272\",\"email\":\"contact@csj-emballages.com\"}]}]}<\/script>\n<!-- \/ Yoast SEO Premium plugin. -->","yoast_head_json":{"title":"Schwarze Fensterbox mit Rand 25 cm x 25 cm","description":"Schwarze, gefensterte Dose mit Goldrand, 25 cm, gefenstert, Fassungsverm\u00f6gen 6-8 Teile. Elegant, stabil und praktisch f\u00fcr Holzscheite und Kuchen.","robots":{"index":"index","follow":"follow","max-snippet":"max-snippet:-1","max-image-preview":"max-image-preview:large","max-video-preview":"max-video-preview:-1"},"canonical":"https:\/\/www.csj-emballages.com\/de\/produit\/25-schwarze-fensterkaesten-mit-rand-25-cm\/","og_locale":"de_DE","og_type":"article","og_title":"Schwarze Fensterbox mit Einfassung 25 cm x 25 cm","og_description":"Schwarze, gefensterte Dose mit Goldrand, 25 cm, gefenstert, Fassungsverm\u00f6gen 6-8 Teile. Elegant, stabil und praktisch f\u00fcr Holzscheite und Kuchen.","og_url":"https:\/\/www.csj-emballages.com\/de\/produit\/25-schwarze-fensterkaesten-mit-rand-25-cm\/","og_site_name":"CSJ Emballages","article_publisher":"https:\/\/www.facebook.com\/csjemballages","article_modified_time":"2026-04-03T00:13:12+00:00","og_image":[{"width":800,"height":800,"url":"https:\/\/www.csj-emballages.com\/wp-content\/uploads\/2024\/03\/BCC25N.webp","type":"image\/webp"}],"twitter_card":"summary_large_image","twitter_misc":{"Gesch\u00e4tzte Lesezeit":"2 Minuten"},"schema":{"@context":"https:\/\/schema.org","@graph":[{"@type":"WebPage","@id":"https:\/\/www.csj-emballages.com\/de\/produit\/25-schwarze-fensterkaesten-mit-rand-25-cm\/","url":"https:\/\/www.csj-emballages.com\/de\/produit\/25-schwarze-fensterkaesten-mit-rand-25-cm\/","name":"Schwarze Fensterbox mit Rand 25 cm x 25 cm","isPartOf":{"@id":"https:\/\/www.csj-emballages.com\/de\/#website"},"primaryImageOfPage":{"@id":"https:\/\/www.csj-emballages.com\/de\/produit\/25-schwarze-fensterkaesten-mit-rand-25-cm\/#primaryimage"},"image":{"@id":"https:\/\/www.csj-emballages.com\/de\/produit\/25-schwarze-fensterkaesten-mit-rand-25-cm\/#primaryimage"},"thumbnailUrl":"https:\/\/www.csj-emballages.com\/wp-content\/uploads\/2024\/03\/BCC25N.webp","datePublished":"2024-03-01T15:57:19+00:00","dateModified":"2026-04-03T00:13:12+00:00","description":"Schwarze, gefensterte Dose mit Goldrand, 25 cm, gefenstert, Fassungsverm\u00f6gen 6-8 Teile. Elegant, stabil und praktisch f\u00fcr Holzscheite und Kuchen.","breadcrumb":{"@id":"https:\/\/www.csj-emballages.com\/de\/produit\/25-schwarze-fensterkaesten-mit-rand-25-cm\/#breadcrumb"},"inLanguage":"de","potentialAction":[{"@type":"ReadAction","target":["https:\/\/www.csj-emballages.com\/de\/produit\/25-schwarze-fensterkaesten-mit-rand-25-cm\/"]}]},{"@type":"ImageObject","inLanguage":"de","@id":"https:\/\/www.csj-emballages.com\/de\/produit\/25-schwarze-fensterkaesten-mit-rand-25-cm\/#primaryimage","url":"https:\/\/www.csj-emballages.com\/wp-content\/uploads\/2024\/03\/BCC25N.webp","contentUrl":"https:\/\/www.csj-emballages.com\/wp-content\/uploads\/2024\/03\/BCC25N.webp","width":800,"height":800,"caption":"Boite fen\u00eatr\u00e9e"},{"@type":"BreadcrumbList","@id":"https:\/\/www.csj-emballages.com\/de\/produit\/25-schwarze-fensterkaesten-mit-rand-25-cm\/#breadcrumb","itemListElement":[{"@type":"ListItem","position":1,"name":"Accueil","item":"https:\/\/www.csj-emballages.com\/de\/universum-lebensmittelverpackungen\/"},{"@type":"ListItem","position":2,"name":"Shop","item":"https:\/\/www.csj-emballages.com\/shop\/"},{"@type":"ListItem","position":3,"name":"Schwarze Fensterbox mit Einfassung 25 cm x 25 cm"}]},{"@type":"WebSite","@id":"https:\/\/www.csj-emballages.com\/de\/#website","url":"https:\/\/www.csj-emballages.com\/de\/","name":"CSJ Emballages","description":"","publisher":{"@id":"https:\/\/www.csj-emballages.com\/de\/#organization"},"potentialAction":[{"@type":"SearchAction","target":{"@type":"EntryPoint","urlTemplate":"https:\/\/www.csj-emballages.com\/de\/?s={search_term_string}"},"query-input":{"@type":"PropertyValueSpecification","valueRequired":true,"valueName":"search_term_string"}}],"inLanguage":"de"},{"@type":"Organization","@id":"https:\/\/www.csj-emballages.com\/de\/#Organization\/","name":"CSJ Emballages","url":"https:\/\/www.csj-emballages.com\/de\/","logo":{"@type":"ImageObject","inLanguage":"de","@id":"https:\/\/www.csj-emballages.com\/de\/#\/schema\/logo\/image\/","url":"https:\/\/www.csj-emballages.com\/wp-content\/uploads\/2023\/10\/logo_csj.webp","contentUrl":"https:\/\/www.csj-emballages.com\/wp-content\/uploads\/2023\/10\/logo_csj.webp","width":250,"height":95,"caption":"CSJ Emballages"},"image":{"@id":"https:\/\/www.csj-emballages.com\/de\/#\/schema\/logo\/image\/"},"sameAs":["https:\/\/www.facebook.com\/csjemballages"],"address":{"@type":"PostalAddress","streetAddress":"ZI La Lechere","addressLocality":"Patornay","postalCode":"39130","addressCountry":"FR"},"contactPoint":[{"@type":"ContactPoint","contactType":"Service client","telephone":"0384254272","email":"contact@csj-emballages.com"}]}]}},"df_price":19.48,"df_sale_price":"","df_regular_price":19.48,"df_image_link":"https:\/\/www.csj-emballages.com\/wp-content\/uploads\/2024\/03\/BCC25N-300x300.webp","tiered_pricing_type":"fixed","tiered_pricing_fixed_rules":[],"tiered_pricing_percentage_rules":[],"tiered_pricing_minimum":1,"tiered_pricing_roles_data":[],"_links":{"self":[{"href":"https:\/\/www.csj-emballages.com\/de\/wp-json\/wp\/v2\/product\/19539","targetHints":{"allow":["GET"]}}],"collection":[{"href":"https:\/\/www.csj-emballages.com\/de\/wp-json\/wp\/v2\/product"}],"about":[{"href":"https:\/\/www.csj-emballages.com\/de\/wp-json\/wp\/v2\/types\/product"}],"wp:featuredmedia":[{"embeddable":true,"href":"https:\/\/www.csj-emballages.com\/de\/wp-json\/wp\/v2\/media\/241655"}],"wp:attachment":[{"href":"https:\/\/www.csj-emballages.com\/de\/wp-json\/wp\/v2\/media?parent=19539"}],"wp:term":[{"taxonomy":"product_brand","embeddable":true,"href":"https:\/\/www.csj-emballages.com\/de\/wp-json\/wp\/v2\/product_brand?post=19539"},{"taxonomy":"product_cat","embeddable":true,"href":"https:\/\/www.csj-emballages.com\/de\/wp-json\/wp\/v2\/product_cat?post=19539"},{"taxonomy":"product_tag","embeddable":true,"href":"https:\/\/www.csj-emballages.com\/de\/wp-json\/wp\/v2\/product_tag?post=19539"}],"curies":[{"name":"wp","href":"https:\/\/api.w.org\/{rel}","templated":true}]}}