{"id":19529,"date":"2024-03-01T16:57:18","date_gmt":"2024-03-01T15:57:18","guid":{"rendered":"https:\/\/u15jnbdpoq.preview.infomaniak.website\/produit\/box-mit-4-cupcakes-aus-schwarzem-karton\/"},"modified":"2026-04-25T02:11:01","modified_gmt":"2026-04-25T00:11:01","slug":"box-mit-4-cupcakes-aus-schwarzem-karton","status":"publish","type":"product","link":"https:\/\/www.csj-emballages.com\/de\/produit\/box-mit-4-cupcakes-aus-schwarzem-karton\/","title":{"rendered":"Box mit 4 Cupcakes aus schwarzem Karton"},"content":{"rendered":"<h2 style=\"text-align: left;\">Schachtel 4 Cupcakes<\/h2>\n<hr>\n<h3 style=\"text-align: left;\"><span style=\"font-weight: bold;\">Entdecken Sie unsere Schachtel mit 4 Cupcakes aus schwarzem Karton 20 x 11 x 9 cm \u00e0 25 St\u00fcck<\/span><\/h3>\n<p style=\"text-align: left;\"><!--more--><\/p>\n<p data-start=\"71\" data-end=\"572\">Die <strong data-start=\"74\" data-end=\"109\">schwarze Kartonschachtel 4 Cupcakes<\/strong> ist die perfekte Verpackung, um Ihre Backkreationen zur Geltung zu bringen und gleichzeitig zu sch\u00fctzen. Sie besteht aus <strong data-start=\"216\" data-end=\"246\">stabilem, festem Karton<\/strong> und garantiert einen sicheren Transport Ihrer Leckereien, seien es <strong data-start=\"317\" data-end=\"329\">Cupcakes<\/strong>, Muffins, Brioches oder kleine, verzierte Kuchen. Ihr gr\u00f6\u00dfter Trumpf ist das <strong data-start=\"419\" data-end=\"459\">gro\u00dfe, durchsichtige, \u00fcberlappende Fenster<\/strong>, das eine optimale Sicht auf Ihre Produkte bietet, sowohl im Schaufenster als auch bei der \u00dcbergabe an den Kunden.  <\/p>\n<p data-start=\"574\" data-end=\"945\">Diese <strong data-start=\"580\" data-end=\"600\">Konditoreidose<\/strong> ist nicht nur praktisch, sondern dank ihrer <strong>tiefschwarzen, eleganten<\/strong> Farbe auch stilvoll und passt zu jedem Thema: Hochzeiten, Geburtstage, Firmenveranstaltungen oder einfach nur zum Verkauf im Laden. Mit ihr k\u00f6nnen Sie Ihre Torten wie echte Sammlerst\u00fccke pr\u00e4sentieren, ohne dass Sie sie \u00f6ffnen m\u00fcssen. <\/p>\n<p data-start=\"947\" data-end=\"1288\">Das Einlegen Ihrer Backwaren wird durch eine <strong data-start=\"1000\" data-end=\"1033\">ausgekl\u00fcgelte Front\u00f6ffnung<\/strong> erleichtert: Sie m\u00fcssen Ihre empfindlichen Kuchen nicht mehr exzessiv handhaben, sparen Zeit und vermeiden das Risiko, Ihre Dekorationen zu besch\u00e4digen. Dar\u00fcber hinaus ist der verwendete Lebensmittelkarton sowohl robust als auch hygienisch und garantiert einen sicheren Kontakt mit Ihren Produkten. <\/p>\n<p data-start=\"1290\" data-end=\"1638\">Diese <strong data-start=\"1296\" data-end=\"1316\">Schachtel mit 4 Cupcakes<\/strong> ist f\u00fcr B\u00e4cker, Konditoren und Caterer gedacht, aber auch f\u00fcr Privatpersonen, die gerne backen und ihre Kreationen in einer passenden <strong data-start=\"1296\" data-end=\"1316\">Schachtel<\/strong> anbieten m\u00f6chten. Sie vereint <strong data-start=\"1501\" data-end=\"1540\">Zweckm\u00e4\u00dfigkeit, \u00c4sthetik und Schutz<\/strong>&#8211; drei wesentliche Kriterien, um Ihre Desserts zu veredeln und ein erfolgreiches Kundenerlebnis zu gew\u00e4hrleisten. <\/p>\n<p data-start=\"1640\" data-end=\"1797\">Kurz gesagt: eine unentbehrliche Verpackung, um Ihre Leistungen aufzuwerten, Ihre Pr\u00e4sentation zu verbessern und das professionelle Image Ihrer T\u00e4tigkeit zu st\u00e4rken.<\/p>\n<p style=\"text-align: left;\"><!--more--><\/p>\n<h4 style=\"text-align: left;\">Die Vorteile :<\/h4>\n<ul style=\"text-align: left;\">\n<li>Gro\u00dfes, durchsichtiges Fenster f\u00fcr eine optimale Hervorhebung.<\/li>\n<li>Praktische Front\u00f6ffnung zum einfachen Einschieben Ihrer Kuchen.<\/li>\n<li>Fester, hygienischer Karton, der Schutz und Sicherheit bietet.<\/li>\n<li>Elegantes schwarzes Design, das sich f\u00fcr alle Gelegenheiten eignet.<\/li>\n<li>Ideal f\u00fcr Konditoren, Caterer und Kochbegeisterte.<\/li>\n<\/ul>\n<p>&nbsp;<\/p>\n<p style=\"text-align: left;\"><!--more--><\/p>\n<h4 style=\"text-align: left;\">Weitere Informationen :<\/h4>\n<ul style=\"text-align: left;\">\n<li><strong>Verpackung<\/strong>: Einzeln<\/li>\n<li><b>Farbe <\/b>: Schwarz<\/li>\n<li><strong>Material<\/strong>: Karton<\/li>\n<li><strong>Ma\u00dfe<\/strong>: 20 x 20 x 8 (L x B x H in cm)<\/li>\n<li><strong>Verwendung<\/strong>: Cupcakes, Muffins, Mini-Cakes,&#8230;<\/li>\n<\/ul>\n<p>&nbsp;<\/p>\n<p style=\"text-align: left;\"><!--more--><\/p>\n<p style=\"text-align: left;\">Dieses Produkt ist auch in der Farbe Schwarz erh\u00e4ltlich : <span style=\"color: #d12727;\"><a style=\"color: #d12727;\" href=\"https:\/\/www.csj-emballages.com\/produit\/boite-4-cupcakes-carton-blanche\/\">BCC4BL<\/a><\/span><\/p>\n<p>&nbsp;<\/p>\n<p style=\"text-align: left;\"><!--more--><\/p>\n<p style=\"text-align: left;\"><a href=\"https:\/\/www.csj-emballages.com\/de\/categorie-produit\/lebensmittelverpackungen\/backerei-und-konditorei\/schachteln-und-etuis\/cupcake-schachteln\/\">Sehen Sie sich hier den Rest unseres Sortiments an Cupcake-Boxen an<\/a><\/p>\n","protected":false},"excerpt":{"rendered":"<p>Schachtel 4 Cupcakes Entdecken Sie unsere Schachtel mit 4 Cupcakes aus schwarzem Karton 20 x 11 x 9 cm \u00e0 25 St\u00fcck<\/p>\n","protected":false},"featured_media":241643,"template":"","meta":{"_acf_changed":false},"product_brand":[],"product_cat":[1137,1171,2154,1172,1265],"product_tag":[],"class_list":{"0":"post-19529","1":"product","2":"type-product","3":"status-publish","4":"has-post-thumbnail","6":"product_cat-lebensmittelverpackungen","7":"product_cat-backerei-und-konditorei","8":"product_cat-cupcake-schachteln","9":"product_cat-fensterkasten","10":"product_cat-lagerbestande-promotion","12":"first","13":"outofstock","14":"sale","15":"taxable","16":"shipping-taxable","17":"purchasable","18":"product-type-simple"},"acf":[],"yoast_head":"<!-- This site is optimized with the Yoast SEO Premium plugin v26.6 (Yoast SEO v26.6) - https:\/\/yoast.com\/wordpress\/plugins\/seo\/ -->\n<title>Box 4 Cupcakes Schwarzer Karton 20 x 11 x 9 cm pro 25<\/title>\n<meta name=\"description\" content=\"Schachtel mit 4 Cupcakes aus schwarzem Karton mit gro\u00dfem Klarsichtfenster und praktischer \u00d6ffnung. Elegant, stabil und ideal f\u00fcr Ihre Backkreationen.\" \/>\n<meta name=\"robots\" content=\"index, follow, max-snippet:-1, max-image-preview:large, max-video-preview:-1\" \/>\n<link rel=\"canonical\" href=\"https:\/\/www.csj-emballages.com\/de\/produit\/box-mit-4-cupcakes-aus-schwarzem-karton\/\" \/>\n<meta property=\"og:locale\" content=\"de_DE\" \/>\n<meta property=\"og:type\" content=\"article\" \/>\n<meta property=\"og:title\" content=\"Box mit 4 Cupcakes aus schwarzem Karton\" \/>\n<meta property=\"og:description\" content=\"Schachtel mit 4 Cupcakes aus schwarzem Karton mit gro\u00dfem Klarsichtfenster und praktischer \u00d6ffnung. Elegant, stabil und ideal f\u00fcr Ihre Backkreationen.\" \/>\n<meta property=\"og:url\" content=\"https:\/\/www.csj-emballages.com\/de\/produit\/box-mit-4-cupcakes-aus-schwarzem-karton\/\" \/>\n<meta property=\"og:site_name\" content=\"CSJ Emballages\" \/>\n<meta property=\"article:publisher\" content=\"https:\/\/www.facebook.com\/csjemballages\" \/>\n<meta property=\"article:modified_time\" content=\"2026-04-25T00:11:01+00:00\" \/>\n<meta property=\"og:image\" content=\"https:\/\/www.csj-emballages.com\/wp-content\/uploads\/2024\/03\/BCC4NOIR.webp\" \/>\n\t<meta property=\"og:image:width\" content=\"800\" \/>\n\t<meta property=\"og:image:height\" content=\"800\" \/>\n\t<meta property=\"og:image:type\" content=\"image\/webp\" \/>\n<meta name=\"twitter:card\" content=\"summary_large_image\" \/>\n<meta name=\"twitter:label1\" content=\"Gesch\u00e4tzte Lesezeit\" \/>\n\t<meta name=\"twitter:data1\" content=\"2 Minuten\" \/>\n<script type=\"application\/ld+json\" class=\"yoast-schema-graph\">{\"@context\":\"https:\/\/schema.org\",\"@graph\":[{\"@type\":\"WebPage\",\"@id\":\"https:\/\/www.csj-emballages.com\/de\/produit\/box-mit-4-cupcakes-aus-schwarzem-karton\/\",\"url\":\"https:\/\/www.csj-emballages.com\/de\/produit\/box-mit-4-cupcakes-aus-schwarzem-karton\/\",\"name\":\"Box 4 Cupcakes Schwarzer Karton 20 x 11 x 9 cm pro 25\",\"isPartOf\":{\"@id\":\"https:\/\/www.csj-emballages.com\/de\/#website\"},\"primaryImageOfPage\":{\"@id\":\"https:\/\/www.csj-emballages.com\/de\/produit\/box-mit-4-cupcakes-aus-schwarzem-karton\/#primaryimage\"},\"image\":{\"@id\":\"https:\/\/www.csj-emballages.com\/de\/produit\/box-mit-4-cupcakes-aus-schwarzem-karton\/#primaryimage\"},\"thumbnailUrl\":\"https:\/\/www.csj-emballages.com\/wp-content\/uploads\/2024\/03\/BCC4NOIR.webp\",\"datePublished\":\"2024-03-01T15:57:18+00:00\",\"dateModified\":\"2026-04-25T00:11:01+00:00\",\"description\":\"Schachtel mit 4 Cupcakes aus schwarzem Karton mit gro\u00dfem Klarsichtfenster und praktischer \u00d6ffnung. Elegant, stabil und ideal f\u00fcr Ihre Backkreationen.\",\"breadcrumb\":{\"@id\":\"https:\/\/www.csj-emballages.com\/de\/produit\/box-mit-4-cupcakes-aus-schwarzem-karton\/#breadcrumb\"},\"inLanguage\":\"de\",\"potentialAction\":[{\"@type\":\"ReadAction\",\"target\":[\"https:\/\/www.csj-emballages.com\/de\/produit\/box-mit-4-cupcakes-aus-schwarzem-karton\/\"]}]},{\"@type\":\"ImageObject\",\"inLanguage\":\"de\",\"@id\":\"https:\/\/www.csj-emballages.com\/de\/produit\/box-mit-4-cupcakes-aus-schwarzem-karton\/#primaryimage\",\"url\":\"https:\/\/www.csj-emballages.com\/wp-content\/uploads\/2024\/03\/BCC4NOIR.webp\",\"contentUrl\":\"https:\/\/www.csj-emballages.com\/wp-content\/uploads\/2024\/03\/BCC4NOIR.webp\",\"width\":800,\"height\":800,\"caption\":\"Boite 4 cupcakes\"},{\"@type\":\"BreadcrumbList\",\"@id\":\"https:\/\/www.csj-emballages.com\/de\/produit\/box-mit-4-cupcakes-aus-schwarzem-karton\/#breadcrumb\",\"itemListElement\":[{\"@type\":\"ListItem\",\"position\":1,\"name\":\"Accueil\",\"item\":\"https:\/\/www.csj-emballages.com\/de\/universum-lebensmittelverpackungen\/\"},{\"@type\":\"ListItem\",\"position\":2,\"name\":\"Shop\",\"item\":\"https:\/\/www.csj-emballages.com\/shop\/\"},{\"@type\":\"ListItem\",\"position\":3,\"name\":\"Box mit 4 Cupcakes aus schwarzem Karton\"}]},{\"@type\":\"WebSite\",\"@id\":\"https:\/\/www.csj-emballages.com\/de\/#website\",\"url\":\"https:\/\/www.csj-emballages.com\/de\/\",\"name\":\"CSJ Emballages\",\"description\":\"\",\"publisher\":{\"@id\":\"https:\/\/www.csj-emballages.com\/de\/#organization\"},\"potentialAction\":[{\"@type\":\"SearchAction\",\"target\":{\"@type\":\"EntryPoint\",\"urlTemplate\":\"https:\/\/www.csj-emballages.com\/de\/?s={search_term_string}\"},\"query-input\":{\"@type\":\"PropertyValueSpecification\",\"valueRequired\":true,\"valueName\":\"search_term_string\"}}],\"inLanguage\":\"de\"},{\"@type\":\"Organization\",\"@id\":\"https:\/\/www.csj-emballages.com\/de\/#Organization\/\",\"name\":\"CSJ Emballages\",\"url\":\"https:\/\/www.csj-emballages.com\/de\/\",\"logo\":{\"@type\":\"ImageObject\",\"inLanguage\":\"de\",\"@id\":\"https:\/\/www.csj-emballages.com\/de\/#\/schema\/logo\/image\/\",\"url\":\"https:\/\/www.csj-emballages.com\/wp-content\/uploads\/2023\/10\/logo_csj.webp\",\"contentUrl\":\"https:\/\/www.csj-emballages.com\/wp-content\/uploads\/2023\/10\/logo_csj.webp\",\"width\":250,\"height\":95,\"caption\":\"CSJ Emballages\"},\"image\":{\"@id\":\"https:\/\/www.csj-emballages.com\/de\/#\/schema\/logo\/image\/\"},\"sameAs\":[\"https:\/\/www.facebook.com\/csjemballages\"],\"address\":{\"@type\":\"PostalAddress\",\"streetAddress\":\"ZI La Lechere\",\"addressLocality\":\"Patornay\",\"postalCode\":\"39130\",\"addressCountry\":\"FR\"},\"contactPoint\":[{\"@type\":\"ContactPoint\",\"contactType\":\"Service client\",\"telephone\":\"0384254272\",\"email\":\"contact@csj-emballages.com\"}]}]}<\/script>\n<!-- \/ Yoast SEO Premium plugin. -->","yoast_head_json":{"title":"Box 4 Cupcakes Schwarzer Karton 20 x 11 x 9 cm pro 25","description":"Schachtel mit 4 Cupcakes aus schwarzem Karton mit gro\u00dfem Klarsichtfenster und praktischer \u00d6ffnung. Elegant, stabil und ideal f\u00fcr Ihre Backkreationen.","robots":{"index":"index","follow":"follow","max-snippet":"max-snippet:-1","max-image-preview":"max-image-preview:large","max-video-preview":"max-video-preview:-1"},"canonical":"https:\/\/www.csj-emballages.com\/de\/produit\/box-mit-4-cupcakes-aus-schwarzem-karton\/","og_locale":"de_DE","og_type":"article","og_title":"Box mit 4 Cupcakes aus schwarzem Karton","og_description":"Schachtel mit 4 Cupcakes aus schwarzem Karton mit gro\u00dfem Klarsichtfenster und praktischer \u00d6ffnung. Elegant, stabil und ideal f\u00fcr Ihre Backkreationen.","og_url":"https:\/\/www.csj-emballages.com\/de\/produit\/box-mit-4-cupcakes-aus-schwarzem-karton\/","og_site_name":"CSJ Emballages","article_publisher":"https:\/\/www.facebook.com\/csjemballages","article_modified_time":"2026-04-25T00:11:01+00:00","og_image":[{"width":800,"height":800,"url":"https:\/\/www.csj-emballages.com\/wp-content\/uploads\/2024\/03\/BCC4NOIR.webp","type":"image\/webp"}],"twitter_card":"summary_large_image","twitter_misc":{"Gesch\u00e4tzte Lesezeit":"2 Minuten"},"schema":{"@context":"https:\/\/schema.org","@graph":[{"@type":"WebPage","@id":"https:\/\/www.csj-emballages.com\/de\/produit\/box-mit-4-cupcakes-aus-schwarzem-karton\/","url":"https:\/\/www.csj-emballages.com\/de\/produit\/box-mit-4-cupcakes-aus-schwarzem-karton\/","name":"Box 4 Cupcakes Schwarzer Karton 20 x 11 x 9 cm pro 25","isPartOf":{"@id":"https:\/\/www.csj-emballages.com\/de\/#website"},"primaryImageOfPage":{"@id":"https:\/\/www.csj-emballages.com\/de\/produit\/box-mit-4-cupcakes-aus-schwarzem-karton\/#primaryimage"},"image":{"@id":"https:\/\/www.csj-emballages.com\/de\/produit\/box-mit-4-cupcakes-aus-schwarzem-karton\/#primaryimage"},"thumbnailUrl":"https:\/\/www.csj-emballages.com\/wp-content\/uploads\/2024\/03\/BCC4NOIR.webp","datePublished":"2024-03-01T15:57:18+00:00","dateModified":"2026-04-25T00:11:01+00:00","description":"Schachtel mit 4 Cupcakes aus schwarzem Karton mit gro\u00dfem Klarsichtfenster und praktischer \u00d6ffnung. Elegant, stabil und ideal f\u00fcr Ihre Backkreationen.","breadcrumb":{"@id":"https:\/\/www.csj-emballages.com\/de\/produit\/box-mit-4-cupcakes-aus-schwarzem-karton\/#breadcrumb"},"inLanguage":"de","potentialAction":[{"@type":"ReadAction","target":["https:\/\/www.csj-emballages.com\/de\/produit\/box-mit-4-cupcakes-aus-schwarzem-karton\/"]}]},{"@type":"ImageObject","inLanguage":"de","@id":"https:\/\/www.csj-emballages.com\/de\/produit\/box-mit-4-cupcakes-aus-schwarzem-karton\/#primaryimage","url":"https:\/\/www.csj-emballages.com\/wp-content\/uploads\/2024\/03\/BCC4NOIR.webp","contentUrl":"https:\/\/www.csj-emballages.com\/wp-content\/uploads\/2024\/03\/BCC4NOIR.webp","width":800,"height":800,"caption":"Boite 4 cupcakes"},{"@type":"BreadcrumbList","@id":"https:\/\/www.csj-emballages.com\/de\/produit\/box-mit-4-cupcakes-aus-schwarzem-karton\/#breadcrumb","itemListElement":[{"@type":"ListItem","position":1,"name":"Accueil","item":"https:\/\/www.csj-emballages.com\/de\/universum-lebensmittelverpackungen\/"},{"@type":"ListItem","position":2,"name":"Shop","item":"https:\/\/www.csj-emballages.com\/shop\/"},{"@type":"ListItem","position":3,"name":"Box mit 4 Cupcakes aus schwarzem Karton"}]},{"@type":"WebSite","@id":"https:\/\/www.csj-emballages.com\/de\/#website","url":"https:\/\/www.csj-emballages.com\/de\/","name":"CSJ Emballages","description":"","publisher":{"@id":"https:\/\/www.csj-emballages.com\/de\/#organization"},"potentialAction":[{"@type":"SearchAction","target":{"@type":"EntryPoint","urlTemplate":"https:\/\/www.csj-emballages.com\/de\/?s={search_term_string}"},"query-input":{"@type":"PropertyValueSpecification","valueRequired":true,"valueName":"search_term_string"}}],"inLanguage":"de"},{"@type":"Organization","@id":"https:\/\/www.csj-emballages.com\/de\/#Organization\/","name":"CSJ Emballages","url":"https:\/\/www.csj-emballages.com\/de\/","logo":{"@type":"ImageObject","inLanguage":"de","@id":"https:\/\/www.csj-emballages.com\/de\/#\/schema\/logo\/image\/","url":"https:\/\/www.csj-emballages.com\/wp-content\/uploads\/2023\/10\/logo_csj.webp","contentUrl":"https:\/\/www.csj-emballages.com\/wp-content\/uploads\/2023\/10\/logo_csj.webp","width":250,"height":95,"caption":"CSJ Emballages"},"image":{"@id":"https:\/\/www.csj-emballages.com\/de\/#\/schema\/logo\/image\/"},"sameAs":["https:\/\/www.facebook.com\/csjemballages"],"address":{"@type":"PostalAddress","streetAddress":"ZI La Lechere","addressLocality":"Patornay","postalCode":"39130","addressCountry":"FR"},"contactPoint":[{"@type":"ContactPoint","contactType":"Service client","telephone":"0384254272","email":"contact@csj-emballages.com"}]}]}},"df_price":0.55,"df_sale_price":0.55,"df_regular_price":0.65,"df_image_link":"https:\/\/www.csj-emballages.com\/wp-content\/uploads\/2024\/03\/BCC4NOIR-300x300.webp","tiered_pricing_type":"fixed","tiered_pricing_fixed_rules":[],"tiered_pricing_percentage_rules":[],"tiered_pricing_minimum":1,"tiered_pricing_roles_data":[],"_links":{"self":[{"href":"https:\/\/www.csj-emballages.com\/de\/wp-json\/wp\/v2\/product\/19529","targetHints":{"allow":["GET"]}}],"collection":[{"href":"https:\/\/www.csj-emballages.com\/de\/wp-json\/wp\/v2\/product"}],"about":[{"href":"https:\/\/www.csj-emballages.com\/de\/wp-json\/wp\/v2\/types\/product"}],"wp:featuredmedia":[{"embeddable":true,"href":"https:\/\/www.csj-emballages.com\/de\/wp-json\/wp\/v2\/media\/241643"}],"wp:attachment":[{"href":"https:\/\/www.csj-emballages.com\/de\/wp-json\/wp\/v2\/media?parent=19529"}],"wp:term":[{"taxonomy":"product_brand","embeddable":true,"href":"https:\/\/www.csj-emballages.com\/de\/wp-json\/wp\/v2\/product_brand?post=19529"},{"taxonomy":"product_cat","embeddable":true,"href":"https:\/\/www.csj-emballages.com\/de\/wp-json\/wp\/v2\/product_cat?post=19529"},{"taxonomy":"product_tag","embeddable":true,"href":"https:\/\/www.csj-emballages.com\/de\/wp-json\/wp\/v2\/product_tag?post=19529"}],"curies":[{"name":"wp","href":"https:\/\/api.w.org\/{rel}","templated":true}]}}