{"id":19507,"date":"2024-03-01T16:57:19","date_gmt":"2024-03-01T15:57:19","guid":{"rendered":"https:\/\/u15jnbdpoq.preview.infomaniak.website\/produit\/2-rollen-2-lagiges-recyceltes-chamoisleder-1000-formate-22-x-25-cm\/"},"modified":"2026-03-26T02:11:23","modified_gmt":"2026-03-26T01:11:23","slug":"2-rollen-2-lagiges-recyceltes-chamoisleder-1000-formate-22-x-25-cm","status":"publish","type":"product","link":"https:\/\/www.csj-emballages.com\/de\/produit\/2-rollen-2-lagiges-recyceltes-chamoisleder-1000-formate-22-x-25-cm\/","title":{"rendered":"2-lagige recycelte Chamois-Rolle 1000 Formate 22 x 25 cm pro 2"},"content":{"rendered":"<h2>Gamslederspule<\/h2>\n<hr>\n<h3>Beschreibung von unserer 2-lagigen recycelten Chamois-Rolle 1000 Formate 22 x 25 cm pro 2<\/h3>\n<p><!--more--><\/p>\n<p data-start=\"225\" data-end=\"588\">Diese <strong data-start=\"231\" data-end=\"258\">recycelte Chamois-Rolle<\/strong> ist f\u00fcr den t\u00e4glichen Bedarf konzipiert, wo Effizienz und Praktikabilit\u00e4t entscheidend sind. Mit <strong data-start=\"383\" data-end=\"393\">2 Lagen<\/strong> bietet sie guten Halt und zuverl\u00e4ssige Saugf\u00e4higkeit, ideal zum <strong>schnellen Abwischen, Reinigen oder Trocknen<\/strong>, ohne viele Bl\u00e4tter zu verbrauchen. So sparen Sie Zeit und reduzieren Abfall.  <\/p>\n<p data-start=\"590\" data-end=\"1009\">Dank <strong data-start=\"602\" data-end=\"629\">1000 Formaten pro Rolle<\/strong> profitieren Sie von langer Autonomie. Es ist ein Produkt, das man installiert und dann vergisst, aber wei\u00df, dass es bei Bedarf zur Stelle ist \u2013 ob in der K\u00fcche, Werkstatt, im professionellen Umfeld oder in \u00f6ffentlichen Einrichtungen. Das <strong data-start=\"878\" data-end=\"899\">Format 22 x 25 cm<\/strong> ist perfekt ausbalanciert: weder zu gro\u00df noch zu klein, genau richtig f\u00fcr effizienten Einsatz.  <\/p>\n<p data-start=\"1011\" data-end=\"1273\">Hergestellt aus <strong>Papier<\/strong> <strong data-start=\"1040\" data-end=\"1051\">recycelt<\/strong>, ist diese Rolle Teil eines verantwortungsvolleren Ansatzes, ohne Leistungseinbu\u00dfen. Ihre <strong>Chamois-Farbe<\/strong> ist zudem ein Pluspunkt in Arbeitsumgebungen, da sie Gebrauchsspuren besser kaschiert. <\/p>\n<p data-start=\"1275\" data-end=\"1505\">Verkauft <strong data-start=\"1281\" data-end=\"1297\">im 2er-Pack<\/strong>, sichert diese Verpackung Ihren Vorrat und ist dabei praktisch in der Handhabung. Eine zuverl\u00e4ssige L\u00f6sung f\u00fcr Profis, die eine effiziente, langlebige und wirtschaftliche Wischl\u00f6sung f\u00fcr den Alltag suchen. <\/p>\n<p data-start=\"1507\" data-end=\"1638\">Zusammenfassend erf\u00fcllt diese <strong>recycelte Chamois-Rolle<\/strong> alle Anforderungen: Sie ist widerstandsf\u00e4hig, saugf\u00e4hig, langlebig und f\u00fcr den intensiven Gebrauch konzipiert.<\/p>\n<p>&nbsp;<\/p>\n<p><!--more--><\/p>\n<h4>Vorteile :<\/h4>\n<ul>\n<li>Hergestellt aus 100 % Recyclingpapier.<\/li>\n<li>2 Lagen f\u00fcr bessere Rei\u00dffestigkeit und erh\u00f6hte Saugf\u00e4higkeit.<\/li>\n<li>1000 vorgestanzte Formate (22 x 25 cm) f\u00fcr einfache Handhabung.<\/li>\n<li>2er-Pack Rollen f\u00fcr lange Autonomie.<\/li>\n<li>Geeignet f\u00fcr Gro\u00dfk\u00fcchen, Werkst\u00e4tten und industrielle Umgebungen.<\/li>\n<\/ul>\n<p>&nbsp;<\/p>\n<p><!--more--><\/p>\n<h4>Weitere Informationen :<\/h4>\n<ul>\n<li><strong>Verpackung<\/strong>: Packung mit 2 St\u00fcck<\/li>\n<li><strong>Abmessungen<\/strong>: 220 x 240 (H x \u00d8 in mm)<\/li>\n<li><b>Anzahl der Formate <\/b>: 1000<\/li>\n<li><strong>Anzahl der Falten<\/strong>: 2<\/li>\n<li><strong>Farbe<\/strong>: Braun<\/li>\n<li><strong>Typ<\/strong>: Industriell<\/li>\n<li><strong>Material <\/strong>: G\u00e4mse<\/li>\n<\/ul>\n<p>&nbsp;<\/p>\n<p><!--more--><\/p>\n<p><span style=\"color: #d12727;\"><a style=\"color: #d12727;\" href=\"https:\/\/www.csj-emballages.com\/produit\/2-bobines-blanches-industrielles-eco-en-pure-ouate-1500-formats-2-plis\/\">Hier finden Sie unsere Industriespule aus reiner Watte.<\/a><\/span><\/p>\n<p>&nbsp;<\/p>\n<p><!--more--><\/p>\n<p><a href=\"https:\/\/www.csj-emballages.com\/de\/categorie-produit\/hygiene-und-pflege\/wischtucher\/industrielle-spulen\/\">Sehen Sie sich den Rest unseres Sortiments an industriellen Spulen an.<\/a><\/p>\n","protected":false},"excerpt":{"rendered":"<p>Gamslederspule Beschreibung von unserer 2-lagigen recycelten Chamois-Rolle 1000 Formate 22 x 25 cm pro 2<\/p>\n","protected":false},"featured_media":222099,"template":"","meta":{"_acf_changed":false},"product_brand":[],"product_cat":[1218,1377,2110],"product_tag":[],"class_list":{"0":"post-19507","1":"product","2":"type-product","3":"status-publish","4":"has-post-thumbnail","6":"product_cat-hygiene-und-pflege","7":"product_cat-wischtucher","8":"product_cat-industrielle-spulen","10":"first","11":"instock","12":"taxable","13":"shipping-taxable","14":"purchasable","15":"product-type-simple"},"acf":[],"yoast_head":"<!-- This site is optimized with the Yoast SEO Premium plugin v26.6 (Yoast SEO v26.6) - https:\/\/yoast.com\/wordpress\/plugins\/seo\/ -->\n<title>Rezyklierte Chamois-Rolle 2-lagig 1000 Formate 22 x 25 cm<\/title>\n<meta name=\"description\" content=\"2-lagige recycelte Chamois-Rolle - 1000 Formate 22 x 25 cm. Effektive, umweltfreundliche und kosteng\u00fcnstige Absorption. Ideal f\u00fcr Berufst\u00e4tige und Industrie.\" \/>\n<meta name=\"robots\" content=\"index, follow, max-snippet:-1, max-image-preview:large, max-video-preview:-1\" \/>\n<link rel=\"canonical\" href=\"https:\/\/www.csj-emballages.com\/de\/produit\/2-rollen-2-lagiges-recyceltes-chamoisleder-1000-formate-22-x-25-cm\/\" \/>\n<meta property=\"og:locale\" content=\"de_DE\" \/>\n<meta property=\"og:type\" content=\"article\" \/>\n<meta property=\"og:title\" content=\"2-lagige recycelte Chamois-Rolle 1000 Formate 22 x 25 cm pro 2\" \/>\n<meta property=\"og:description\" content=\"2-lagige recycelte Chamois-Rolle - 1000 Formate 22 x 25 cm. Effektive, umweltfreundliche und kosteng\u00fcnstige Absorption. Ideal f\u00fcr Berufst\u00e4tige und Industrie.\" \/>\n<meta property=\"og:url\" content=\"https:\/\/www.csj-emballages.com\/de\/produit\/2-rollen-2-lagiges-recyceltes-chamoisleder-1000-formate-22-x-25-cm\/\" \/>\n<meta property=\"og:site_name\" content=\"CSJ Emballages\" \/>\n<meta property=\"article:publisher\" content=\"https:\/\/www.facebook.com\/csjemballages\" \/>\n<meta property=\"article:modified_time\" content=\"2026-03-26T01:11:23+00:00\" \/>\n<meta property=\"og:image\" content=\"https:\/\/www.csj-emballages.com\/wp-content\/uploads\/2024\/03\/Bobine-chamois.webp\" \/>\n\t<meta property=\"og:image:width\" content=\"800\" \/>\n\t<meta property=\"og:image:height\" content=\"800\" \/>\n\t<meta property=\"og:image:type\" content=\"image\/webp\" \/>\n<meta name=\"twitter:card\" content=\"summary_large_image\" \/>\n<meta name=\"twitter:label1\" content=\"Gesch\u00e4tzte Lesezeit\" \/>\n\t<meta name=\"twitter:data1\" content=\"1\u00a0Minute\" \/>\n<script type=\"application\/ld+json\" class=\"yoast-schema-graph\">{\"@context\":\"https:\/\/schema.org\",\"@graph\":[{\"@type\":\"WebPage\",\"@id\":\"https:\/\/www.csj-emballages.com\/de\/produit\/2-rollen-2-lagiges-recyceltes-chamoisleder-1000-formate-22-x-25-cm\/\",\"url\":\"https:\/\/www.csj-emballages.com\/de\/produit\/2-rollen-2-lagiges-recyceltes-chamoisleder-1000-formate-22-x-25-cm\/\",\"name\":\"Rezyklierte Chamois-Rolle 2-lagig 1000 Formate 22 x 25 cm\",\"isPartOf\":{\"@id\":\"https:\/\/www.csj-emballages.com\/de\/#website\"},\"primaryImageOfPage\":{\"@id\":\"https:\/\/www.csj-emballages.com\/de\/produit\/2-rollen-2-lagiges-recyceltes-chamoisleder-1000-formate-22-x-25-cm\/#primaryimage\"},\"image\":{\"@id\":\"https:\/\/www.csj-emballages.com\/de\/produit\/2-rollen-2-lagiges-recyceltes-chamoisleder-1000-formate-22-x-25-cm\/#primaryimage\"},\"thumbnailUrl\":\"https:\/\/www.csj-emballages.com\/wp-content\/uploads\/2024\/03\/Bobine-chamois.webp\",\"datePublished\":\"2024-03-01T15:57:19+00:00\",\"dateModified\":\"2026-03-26T01:11:23+00:00\",\"description\":\"2-lagige recycelte Chamois-Rolle - 1000 Formate 22 x 25 cm. Effektive, umweltfreundliche und kosteng\u00fcnstige Absorption. Ideal f\u00fcr Berufst\u00e4tige und Industrie.\",\"breadcrumb\":{\"@id\":\"https:\/\/www.csj-emballages.com\/de\/produit\/2-rollen-2-lagiges-recyceltes-chamoisleder-1000-formate-22-x-25-cm\/#breadcrumb\"},\"inLanguage\":\"de\",\"potentialAction\":[{\"@type\":\"ReadAction\",\"target\":[\"https:\/\/www.csj-emballages.com\/de\/produit\/2-rollen-2-lagiges-recyceltes-chamoisleder-1000-formate-22-x-25-cm\/\"]}]},{\"@type\":\"ImageObject\",\"inLanguage\":\"de\",\"@id\":\"https:\/\/www.csj-emballages.com\/de\/produit\/2-rollen-2-lagiges-recyceltes-chamoisleder-1000-formate-22-x-25-cm\/#primaryimage\",\"url\":\"https:\/\/www.csj-emballages.com\/wp-content\/uploads\/2024\/03\/Bobine-chamois.webp\",\"contentUrl\":\"https:\/\/www.csj-emballages.com\/wp-content\/uploads\/2024\/03\/Bobine-chamois.webp\",\"width\":800,\"height\":800,\"caption\":\"Bobine chamois\"},{\"@type\":\"BreadcrumbList\",\"@id\":\"https:\/\/www.csj-emballages.com\/de\/produit\/2-rollen-2-lagiges-recyceltes-chamoisleder-1000-formate-22-x-25-cm\/#breadcrumb\",\"itemListElement\":[{\"@type\":\"ListItem\",\"position\":1,\"name\":\"Accueil\",\"item\":\"https:\/\/www.csj-emballages.com\/de\/universum-lebensmittelverpackungen\/\"},{\"@type\":\"ListItem\",\"position\":2,\"name\":\"Shop\",\"item\":\"https:\/\/www.csj-emballages.com\/shop\/\"},{\"@type\":\"ListItem\",\"position\":3,\"name\":\"2-lagige recycelte Chamois-Rolle 1000 Formate 22 x 25 cm pro 2\"}]},{\"@type\":\"WebSite\",\"@id\":\"https:\/\/www.csj-emballages.com\/de\/#website\",\"url\":\"https:\/\/www.csj-emballages.com\/de\/\",\"name\":\"CSJ Emballages\",\"description\":\"\",\"publisher\":{\"@id\":\"https:\/\/www.csj-emballages.com\/de\/#organization\"},\"potentialAction\":[{\"@type\":\"SearchAction\",\"target\":{\"@type\":\"EntryPoint\",\"urlTemplate\":\"https:\/\/www.csj-emballages.com\/de\/?s={search_term_string}\"},\"query-input\":{\"@type\":\"PropertyValueSpecification\",\"valueRequired\":true,\"valueName\":\"search_term_string\"}}],\"inLanguage\":\"de\"},{\"@type\":\"Organization\",\"@id\":\"https:\/\/www.csj-emballages.com\/de\/#Organization\/\",\"name\":\"CSJ Emballages\",\"url\":\"https:\/\/www.csj-emballages.com\/de\/\",\"logo\":{\"@type\":\"ImageObject\",\"inLanguage\":\"de\",\"@id\":\"https:\/\/www.csj-emballages.com\/de\/#\/schema\/logo\/image\/\",\"url\":\"https:\/\/www.csj-emballages.com\/wp-content\/uploads\/2023\/10\/logo_csj.webp\",\"contentUrl\":\"https:\/\/www.csj-emballages.com\/wp-content\/uploads\/2023\/10\/logo_csj.webp\",\"width\":250,\"height\":95,\"caption\":\"CSJ Emballages\"},\"image\":{\"@id\":\"https:\/\/www.csj-emballages.com\/de\/#\/schema\/logo\/image\/\"},\"sameAs\":[\"https:\/\/www.facebook.com\/csjemballages\"],\"address\":{\"@type\":\"PostalAddress\",\"streetAddress\":\"ZI La Lechere\",\"addressLocality\":\"Patornay\",\"postalCode\":\"39130\",\"addressCountry\":\"FR\"},\"contactPoint\":[{\"@type\":\"ContactPoint\",\"contactType\":\"Service client\",\"telephone\":\"0384254272\",\"email\":\"contact@csj-emballages.com\"}]}]}<\/script>\n<!-- \/ Yoast SEO Premium plugin. -->","yoast_head_json":{"title":"Rezyklierte Chamois-Rolle 2-lagig 1000 Formate 22 x 25 cm","description":"2-lagige recycelte Chamois-Rolle - 1000 Formate 22 x 25 cm. Effektive, umweltfreundliche und kosteng\u00fcnstige Absorption. Ideal f\u00fcr Berufst\u00e4tige und Industrie.","robots":{"index":"index","follow":"follow","max-snippet":"max-snippet:-1","max-image-preview":"max-image-preview:large","max-video-preview":"max-video-preview:-1"},"canonical":"https:\/\/www.csj-emballages.com\/de\/produit\/2-rollen-2-lagiges-recyceltes-chamoisleder-1000-formate-22-x-25-cm\/","og_locale":"de_DE","og_type":"article","og_title":"2-lagige recycelte Chamois-Rolle 1000 Formate 22 x 25 cm pro 2","og_description":"2-lagige recycelte Chamois-Rolle - 1000 Formate 22 x 25 cm. Effektive, umweltfreundliche und kosteng\u00fcnstige Absorption. Ideal f\u00fcr Berufst\u00e4tige und Industrie.","og_url":"https:\/\/www.csj-emballages.com\/de\/produit\/2-rollen-2-lagiges-recyceltes-chamoisleder-1000-formate-22-x-25-cm\/","og_site_name":"CSJ Emballages","article_publisher":"https:\/\/www.facebook.com\/csjemballages","article_modified_time":"2026-03-26T01:11:23+00:00","og_image":[{"width":800,"height":800,"url":"https:\/\/www.csj-emballages.com\/wp-content\/uploads\/2024\/03\/Bobine-chamois.webp","type":"image\/webp"}],"twitter_card":"summary_large_image","twitter_misc":{"Gesch\u00e4tzte Lesezeit":"1\u00a0Minute"},"schema":{"@context":"https:\/\/schema.org","@graph":[{"@type":"WebPage","@id":"https:\/\/www.csj-emballages.com\/de\/produit\/2-rollen-2-lagiges-recyceltes-chamoisleder-1000-formate-22-x-25-cm\/","url":"https:\/\/www.csj-emballages.com\/de\/produit\/2-rollen-2-lagiges-recyceltes-chamoisleder-1000-formate-22-x-25-cm\/","name":"Rezyklierte Chamois-Rolle 2-lagig 1000 Formate 22 x 25 cm","isPartOf":{"@id":"https:\/\/www.csj-emballages.com\/de\/#website"},"primaryImageOfPage":{"@id":"https:\/\/www.csj-emballages.com\/de\/produit\/2-rollen-2-lagiges-recyceltes-chamoisleder-1000-formate-22-x-25-cm\/#primaryimage"},"image":{"@id":"https:\/\/www.csj-emballages.com\/de\/produit\/2-rollen-2-lagiges-recyceltes-chamoisleder-1000-formate-22-x-25-cm\/#primaryimage"},"thumbnailUrl":"https:\/\/www.csj-emballages.com\/wp-content\/uploads\/2024\/03\/Bobine-chamois.webp","datePublished":"2024-03-01T15:57:19+00:00","dateModified":"2026-03-26T01:11:23+00:00","description":"2-lagige recycelte Chamois-Rolle - 1000 Formate 22 x 25 cm. Effektive, umweltfreundliche und kosteng\u00fcnstige Absorption. Ideal f\u00fcr Berufst\u00e4tige und Industrie.","breadcrumb":{"@id":"https:\/\/www.csj-emballages.com\/de\/produit\/2-rollen-2-lagiges-recyceltes-chamoisleder-1000-formate-22-x-25-cm\/#breadcrumb"},"inLanguage":"de","potentialAction":[{"@type":"ReadAction","target":["https:\/\/www.csj-emballages.com\/de\/produit\/2-rollen-2-lagiges-recyceltes-chamoisleder-1000-formate-22-x-25-cm\/"]}]},{"@type":"ImageObject","inLanguage":"de","@id":"https:\/\/www.csj-emballages.com\/de\/produit\/2-rollen-2-lagiges-recyceltes-chamoisleder-1000-formate-22-x-25-cm\/#primaryimage","url":"https:\/\/www.csj-emballages.com\/wp-content\/uploads\/2024\/03\/Bobine-chamois.webp","contentUrl":"https:\/\/www.csj-emballages.com\/wp-content\/uploads\/2024\/03\/Bobine-chamois.webp","width":800,"height":800,"caption":"Bobine chamois"},{"@type":"BreadcrumbList","@id":"https:\/\/www.csj-emballages.com\/de\/produit\/2-rollen-2-lagiges-recyceltes-chamoisleder-1000-formate-22-x-25-cm\/#breadcrumb","itemListElement":[{"@type":"ListItem","position":1,"name":"Accueil","item":"https:\/\/www.csj-emballages.com\/de\/universum-lebensmittelverpackungen\/"},{"@type":"ListItem","position":2,"name":"Shop","item":"https:\/\/www.csj-emballages.com\/shop\/"},{"@type":"ListItem","position":3,"name":"2-lagige recycelte Chamois-Rolle 1000 Formate 22 x 25 cm pro 2"}]},{"@type":"WebSite","@id":"https:\/\/www.csj-emballages.com\/de\/#website","url":"https:\/\/www.csj-emballages.com\/de\/","name":"CSJ Emballages","description":"","publisher":{"@id":"https:\/\/www.csj-emballages.com\/de\/#organization"},"potentialAction":[{"@type":"SearchAction","target":{"@type":"EntryPoint","urlTemplate":"https:\/\/www.csj-emballages.com\/de\/?s={search_term_string}"},"query-input":{"@type":"PropertyValueSpecification","valueRequired":true,"valueName":"search_term_string"}}],"inLanguage":"de"},{"@type":"Organization","@id":"https:\/\/www.csj-emballages.com\/de\/#Organization\/","name":"CSJ Emballages","url":"https:\/\/www.csj-emballages.com\/de\/","logo":{"@type":"ImageObject","inLanguage":"de","@id":"https:\/\/www.csj-emballages.com\/de\/#\/schema\/logo\/image\/","url":"https:\/\/www.csj-emballages.com\/wp-content\/uploads\/2023\/10\/logo_csj.webp","contentUrl":"https:\/\/www.csj-emballages.com\/wp-content\/uploads\/2023\/10\/logo_csj.webp","width":250,"height":95,"caption":"CSJ Emballages"},"image":{"@id":"https:\/\/www.csj-emballages.com\/de\/#\/schema\/logo\/image\/"},"sameAs":["https:\/\/www.facebook.com\/csjemballages"],"address":{"@type":"PostalAddress","streetAddress":"ZI La Lechere","addressLocality":"Patornay","postalCode":"39130","addressCountry":"FR"},"contactPoint":[{"@type":"ContactPoint","contactType":"Service client","telephone":"0384254272","email":"contact@csj-emballages.com"}]}]}},"df_price":13.6,"df_sale_price":"","df_regular_price":13.6,"df_image_link":"https:\/\/www.csj-emballages.com\/wp-content\/uploads\/2024\/03\/Bobine-chamois-300x300.webp","tiered_pricing_type":"fixed","tiered_pricing_fixed_rules":[],"tiered_pricing_percentage_rules":[],"tiered_pricing_minimum":1,"tiered_pricing_roles_data":[],"_links":{"self":[{"href":"https:\/\/www.csj-emballages.com\/de\/wp-json\/wp\/v2\/product\/19507","targetHints":{"allow":["GET"]}}],"collection":[{"href":"https:\/\/www.csj-emballages.com\/de\/wp-json\/wp\/v2\/product"}],"about":[{"href":"https:\/\/www.csj-emballages.com\/de\/wp-json\/wp\/v2\/types\/product"}],"wp:featuredmedia":[{"embeddable":true,"href":"https:\/\/www.csj-emballages.com\/de\/wp-json\/wp\/v2\/media\/222099"}],"wp:attachment":[{"href":"https:\/\/www.csj-emballages.com\/de\/wp-json\/wp\/v2\/media?parent=19507"}],"wp:term":[{"taxonomy":"product_brand","embeddable":true,"href":"https:\/\/www.csj-emballages.com\/de\/wp-json\/wp\/v2\/product_brand?post=19507"},{"taxonomy":"product_cat","embeddable":true,"href":"https:\/\/www.csj-emballages.com\/de\/wp-json\/wp\/v2\/product_cat?post=19507"},{"taxonomy":"product_tag","embeddable":true,"href":"https:\/\/www.csj-emballages.com\/de\/wp-json\/wp\/v2\/product_tag?post=19507"}],"curies":[{"name":"wp","href":"https:\/\/api.w.org\/{rel}","templated":true}]}}