{"id":19505,"date":"2024-03-01T16:57:18","date_gmt":"2024-03-01T15:57:18","guid":{"rendered":"https:\/\/u15jnbdpoq.preview.infomaniak.website\/produit\/25-cakes-boxen-aus-kraftkarton-20-x-11-x-9-cm\/"},"modified":"2026-03-12T16:11:53","modified_gmt":"2026-03-12T15:11:53","slug":"25-cakes-boxen-aus-kraftkarton-20-x-11-x-9-cm","status":"publish","type":"product","link":"https:\/\/www.csj-emballages.com\/de\/produit\/25-cakes-boxen-aus-kraftkarton-20-x-11-x-9-cm\/","title":{"rendered":"Cupcake Box Kraftkarton 20 x 11 x 9 cm pro 25"},"content":{"rendered":"<h2>Cupcake-Box<\/h2>\n<hr>\n<h3><span style=\"font-weight: bold;\">Entdecken Sie unsere Cupcake-Schachtel aus Kraftkarton 20 x 11 x 9 cm \u00e0 25 St\u00fcck<\/span><\/h3>\n<p><!--more--><\/p>\n<p data-start=\"97\" data-end=\"626\">Die <strong data-start=\"100\" data-end=\"154\">Cupcake-Schachtel aus Kraftkarton (20 x 11 x 9 cm, 25 St\u00fcck<\/strong> ) ist eine unverzichtbare Verpackung f\u00fcr alle, die in der Konditorei, B\u00e4ckerei oder im Catering t\u00e4tig sind. Sie wird aus <strong data-start=\"333\" data-end=\"355\">lebensmittelechtem Karton<\/strong> hergestellt und bietet einen ausgezeichneten Halt, w\u00e4hrend sie gleichzeitig eine gepflegte Pr\u00e4sentation Ihrer Kreationen erm\u00f6glicht. Mit ihren durchdachten Abmessungen ist sie ideal f\u00fcr <strong data-start=\"522\" data-end=\"534\">Cupcakes<\/strong>, <strong data-start=\"540\" data-end=\"561\">einzelne Kuchen<\/strong>, <strong data-start=\"567\" data-end=\"579\">Brioches<\/strong> oder andere kleine s\u00fc\u00dfe Leckereien.  <\/p>\n<p data-start=\"628\" data-end=\"968\">Der gr\u00f6\u00dfte Vorteil dieser <strong data-start=\"652\" data-end=\"672\">Cakebox<\/strong> ist das <strong data-start=\"688\" data-end=\"719\">gro\u00dfe transparente Fenster<\/strong> auf der Oberseite. Dieses Fenster geht durch die Schachtel hindurch und erm\u00f6glicht eine optimale Sicht auf Ihre Produkte, ohne dass Sie die Schachtel \u00f6ffnen m\u00fcssen. Ihre Kunden k\u00f6nnen so Ihre Torten im Schaufenster oder auf Ihren Displays bewundern, was den Appetit und den Kauf f\u00f6rdert.  <\/p>\n<p data-start=\"970\" data-end=\"1257\">Diese praktische <strong>Cupcake-Box<\/strong> hat eine <strong data-start=\"1010\" data-end=\"1032\">\u00d6ffnung an der Vorderseite<\/strong>, die das Einsetzen und Herausnehmen selbst der empfindlichsten Backwaren erleichtert. So sparen Sie Zeit und bewahren gleichzeitig die Qualit\u00e4t und \u00c4sthetik Ihrer Backwaren. <\/p>\n<p data-start=\"1259\" data-end=\"1620\">In Packungen zu <strong data-start=\"1269\" data-end=\"1282\">25 St\u00fcck<\/strong> ist diese Verpackungsl\u00f6sung perfekt auf die Bed\u00fcrfnisse von Fachleuten abgestimmt. Sie ist leicht, faltbar und einfach zu lagern und erf\u00fcllt die t\u00e4glichen Anforderungen von Handwerkern unter Einhaltung der Lebensmittelstandards. Die schlichte und elegante <strong>Kraftfarbe<\/strong> hebt Ihre Kreationen hervor und passt zu allen Stilen der Patisseriewelt.  <\/p>\n<p data-start=\"1622\" data-end=\"1804\">Ob Sie nun B\u00e4cker, Konditor oder Gastronom sind, die <strong data-start=\"1678\" data-end=\"1710\">Cupcake-Schachtel aus Kraftkarton<\/strong> ist ein sicherer Wert, um <strong data-start=\"1746\" data-end=\"1801\">Zweckm\u00e4\u00dfigkeit, Hygiene und die Pr\u00e4sentation Ihrer Produkte<\/strong> miteinander zu verbinden.<\/p>\n<p><!--more--><\/p>\n<h4>Die Vorteile :<\/h4>\n<ul>\n<li><strong data-start=\"1831\" data-end=\"1855\">Transparentes Fenster<\/strong>: sofortige Sicht auf Ihre Kuchen.<\/li>\n<li><strong data-start=\"1899\" data-end=\"1921\">Front\u00f6ffnung<\/strong>: Einfaches und schnelles Einsetzen.<\/li>\n<li><strong data-start=\"1956\" data-end=\"1973\">Stabiler Karton<\/strong>: Optimaler Schutz der Produkte.<\/li>\n<li><strong data-start=\"2014\" data-end=\"2042\">Nat\u00fcrliche Kraftfarbe<\/strong>: wertet Ihre Kreationen auf.<\/li>\n<li><strong data-start=\"2073\" data-end=\"2097\">Sparpack mit 25 St\u00fcck<\/strong>: ideal f\u00fcr den professionellen Gebrauch.<\/li>\n<\/ul>\n<p>&nbsp;<\/p>\n<p><!--more--><\/p>\n<h4>Weitere Informationen :<\/h4>\n<ul>\n<li><strong>Verpackung<\/strong>: Packung mit 25 St\u00fcck<\/li>\n<li><b>Farbe: <\/b>Kraft<\/li>\n<li><strong>Material<\/strong>: Karton<\/li>\n<li><strong>Ma\u00dfe<\/strong>: 20 x 11 x 9 (L x B x H in cm)<\/li>\n<li><strong>Verwendung<\/strong>: Cupcakes, Muffins, Mini-Cakes,&#8230;<\/li>\n<\/ul>\n<p>&nbsp;<\/p>\n<p><!--more--><\/p>\n<p>Dieses Produkt ist in verschiedenen Farben erh\u00e4ltlich : <span style=\"color: #d12727;\"><a style=\"color: #d12727;\" href=\"https:\/\/www.csj-emballages.com\/de\/produit\/25-cakes-boxen-aus-kakaofarbenem-karton-20-x-11-x-9-cm-2\/\">Kakao<\/a><\/span> \/ <span style=\"color: #d12727;\"><a style=\"color: #d12727;\" href=\"https:\/\/www.csj-emballages.com\/de\/produit\/25-weisse-karton-cakeboxen-20-x-11-x-9-cm\/\">Wei\u00df<\/a><\/span> \/ <span style=\"color: #d12727;\"><a style=\"color: #d12727;\" href=\"https:\/\/www.csj-emballages.com\/produit\/25-boites-cakes-carton-oranges-20-x-11-x-9-cm\/\">Orange<\/a><\/span> \/ <span style=\"color: #d12727;\"><a style=\"color: #d12727;\" href=\"https:\/\/www.csj-emballages.com\/produit\/25-boites-cakes-carton-vertes-20-x-11-x-9-cm\/\">Gr\u00fcn<\/a><\/span><\/p>\n<p>&nbsp;<\/p>\n<p><!--more--><\/p>\n<p>Hier finden Sie unsere Einlage f\u00fcr 2 Cupcakes, die mit dieser Schachtel kompatibel ist: <span style=\"color: #d12727;\"><a style=\"color: #d12727;\" href=\"https:\/\/www.csj-emballages.com\/produit\/25-calages-2-cupcake-carton-blanc\/\">CALBCC2<\/a><\/span><\/p>\n<p>&nbsp;<\/p>\n<p><!--more--><\/p>\n<p><a href=\"https:\/\/www.csj-emballages.com\/de\/categorie-produit\/lebensmittelverpackungen\/backerei-und-konditorei\/schachteln-und-etuis\/cupcake-schachteln\/\">Sehen Sie sich hier den Rest unseres Sortiments an Cupcake-Boxen an<\/a><\/p>\n","protected":false},"excerpt":{"rendered":"<p>Cupcake-Box Entdecken Sie unsere Cupcake-Schachtel aus Kraftkarton 20 x 11 x 9 cm \u00e0 25 St\u00fcck<\/p>\n","protected":false},"featured_media":241626,"template":"","meta":{"_acf_changed":false},"product_brand":[],"product_cat":[1137,1171,2154,1172],"product_tag":[],"class_list":{"0":"post-19505","1":"product","2":"type-product","3":"status-publish","4":"has-post-thumbnail","6":"product_cat-lebensmittelverpackungen","7":"product_cat-backerei-und-konditorei","8":"product_cat-cupcake-schachteln","9":"product_cat-fensterkasten","11":"first","12":"outofstock","13":"taxable","14":"shipping-taxable","15":"purchasable","16":"product-type-simple"},"acf":[],"yoast_head":"<!-- This site is optimized with the Yoast SEO Premium plugin v26.6 (Yoast SEO v26.6) - https:\/\/yoast.com\/wordpress\/plugins\/seo\/ -->\n<title>Cupcake Box Kraftkarton 20 x 11 x 9 cm pro 25<\/title>\n<meta name=\"description\" content=\"Cupcake-Box aus Kraftkarton 20 x 11 x 9 cm \u00e0 25 St\u00fcck, mit Fenster und Front\u00f6ffnung. Ideal zum Pr\u00e4sentieren und Sch\u00fctzen Ihres Geb\u00e4cks.\" \/>\n<meta name=\"robots\" content=\"index, follow, max-snippet:-1, max-image-preview:large, max-video-preview:-1\" \/>\n<link rel=\"canonical\" href=\"https:\/\/www.csj-emballages.com\/de\/produit\/25-cakes-boxen-aus-kraftkarton-20-x-11-x-9-cm\/\" \/>\n<meta property=\"og:locale\" content=\"de_DE\" \/>\n<meta property=\"og:type\" content=\"article\" \/>\n<meta property=\"og:title\" content=\"Cupcake Box Kraftkarton 20 x 11 x 9 cm pro 25\" \/>\n<meta property=\"og:description\" content=\"Cupcake-Box aus Kraftkarton 20 x 11 x 9 cm \u00e0 25 St\u00fcck, mit Fenster und Front\u00f6ffnung. Ideal zum Pr\u00e4sentieren und Sch\u00fctzen Ihres Geb\u00e4cks.\" \/>\n<meta property=\"og:url\" content=\"https:\/\/www.csj-emballages.com\/de\/produit\/25-cakes-boxen-aus-kraftkarton-20-x-11-x-9-cm\/\" \/>\n<meta property=\"og:site_name\" content=\"CSJ Emballages\" \/>\n<meta property=\"article:publisher\" content=\"https:\/\/www.facebook.com\/csjemballages\" \/>\n<meta property=\"article:modified_time\" content=\"2026-03-12T15:11:53+00:00\" \/>\n<meta property=\"og:image\" content=\"https:\/\/www.csj-emballages.com\/wp-content\/uploads\/2024\/03\/BCC2KRA.webp\" \/>\n\t<meta property=\"og:image:width\" content=\"800\" \/>\n\t<meta property=\"og:image:height\" content=\"800\" \/>\n\t<meta property=\"og:image:type\" content=\"image\/webp\" \/>\n<meta name=\"twitter:card\" content=\"summary_large_image\" \/>\n<meta name=\"twitter:label1\" content=\"Gesch\u00e4tzte Lesezeit\" \/>\n\t<meta name=\"twitter:data1\" content=\"2 Minuten\" \/>\n<script type=\"application\/ld+json\" class=\"yoast-schema-graph\">{\"@context\":\"https:\/\/schema.org\",\"@graph\":[{\"@type\":\"WebPage\",\"@id\":\"https:\/\/www.csj-emballages.com\/de\/produit\/25-cakes-boxen-aus-kraftkarton-20-x-11-x-9-cm\/\",\"url\":\"https:\/\/www.csj-emballages.com\/de\/produit\/25-cakes-boxen-aus-kraftkarton-20-x-11-x-9-cm\/\",\"name\":\"Cupcake Box Kraftkarton 20 x 11 x 9 cm pro 25\",\"isPartOf\":{\"@id\":\"https:\/\/www.csj-emballages.com\/de\/#website\"},\"primaryImageOfPage\":{\"@id\":\"https:\/\/www.csj-emballages.com\/de\/produit\/25-cakes-boxen-aus-kraftkarton-20-x-11-x-9-cm\/#primaryimage\"},\"image\":{\"@id\":\"https:\/\/www.csj-emballages.com\/de\/produit\/25-cakes-boxen-aus-kraftkarton-20-x-11-x-9-cm\/#primaryimage\"},\"thumbnailUrl\":\"https:\/\/www.csj-emballages.com\/wp-content\/uploads\/2024\/03\/BCC2KRA.webp\",\"datePublished\":\"2024-03-01T15:57:18+00:00\",\"dateModified\":\"2026-03-12T15:11:53+00:00\",\"description\":\"Cupcake-Box aus Kraftkarton 20 x 11 x 9 cm \u00e0 25 St\u00fcck, mit Fenster und Front\u00f6ffnung. Ideal zum Pr\u00e4sentieren und Sch\u00fctzen Ihres Geb\u00e4cks.\",\"breadcrumb\":{\"@id\":\"https:\/\/www.csj-emballages.com\/de\/produit\/25-cakes-boxen-aus-kraftkarton-20-x-11-x-9-cm\/#breadcrumb\"},\"inLanguage\":\"de\",\"potentialAction\":[{\"@type\":\"ReadAction\",\"target\":[\"https:\/\/www.csj-emballages.com\/de\/produit\/25-cakes-boxen-aus-kraftkarton-20-x-11-x-9-cm\/\"]}]},{\"@type\":\"ImageObject\",\"inLanguage\":\"de\",\"@id\":\"https:\/\/www.csj-emballages.com\/de\/produit\/25-cakes-boxen-aus-kraftkarton-20-x-11-x-9-cm\/#primaryimage\",\"url\":\"https:\/\/www.csj-emballages.com\/wp-content\/uploads\/2024\/03\/BCC2KRA.webp\",\"contentUrl\":\"https:\/\/www.csj-emballages.com\/wp-content\/uploads\/2024\/03\/BCC2KRA.webp\",\"width\":800,\"height\":800,\"caption\":\"Boite cupcake\"},{\"@type\":\"BreadcrumbList\",\"@id\":\"https:\/\/www.csj-emballages.com\/de\/produit\/25-cakes-boxen-aus-kraftkarton-20-x-11-x-9-cm\/#breadcrumb\",\"itemListElement\":[{\"@type\":\"ListItem\",\"position\":1,\"name\":\"Accueil\",\"item\":\"https:\/\/www.csj-emballages.com\/de\/universum-lebensmittelverpackungen\/\"},{\"@type\":\"ListItem\",\"position\":2,\"name\":\"Shop\",\"item\":\"https:\/\/www.csj-emballages.com\/shop\/\"},{\"@type\":\"ListItem\",\"position\":3,\"name\":\"Cupcake Box Kraftkarton 20 x 11 x 9 cm pro 25\"}]},{\"@type\":\"WebSite\",\"@id\":\"https:\/\/www.csj-emballages.com\/de\/#website\",\"url\":\"https:\/\/www.csj-emballages.com\/de\/\",\"name\":\"CSJ Emballages\",\"description\":\"\",\"publisher\":{\"@id\":\"https:\/\/www.csj-emballages.com\/de\/#organization\"},\"potentialAction\":[{\"@type\":\"SearchAction\",\"target\":{\"@type\":\"EntryPoint\",\"urlTemplate\":\"https:\/\/www.csj-emballages.com\/de\/?s={search_term_string}\"},\"query-input\":{\"@type\":\"PropertyValueSpecification\",\"valueRequired\":true,\"valueName\":\"search_term_string\"}}],\"inLanguage\":\"de\"},{\"@type\":\"Organization\",\"@id\":\"https:\/\/www.csj-emballages.com\/de\/#Organization\/\",\"name\":\"CSJ Emballages\",\"url\":\"https:\/\/www.csj-emballages.com\/de\/\",\"logo\":{\"@type\":\"ImageObject\",\"inLanguage\":\"de\",\"@id\":\"https:\/\/www.csj-emballages.com\/de\/#\/schema\/logo\/image\/\",\"url\":\"https:\/\/www.csj-emballages.com\/wp-content\/uploads\/2023\/10\/logo_csj.webp\",\"contentUrl\":\"https:\/\/www.csj-emballages.com\/wp-content\/uploads\/2023\/10\/logo_csj.webp\",\"width\":250,\"height\":95,\"caption\":\"CSJ Emballages\"},\"image\":{\"@id\":\"https:\/\/www.csj-emballages.com\/de\/#\/schema\/logo\/image\/\"},\"sameAs\":[\"https:\/\/www.facebook.com\/csjemballages\"],\"address\":{\"@type\":\"PostalAddress\",\"streetAddress\":\"ZI La Lechere\",\"addressLocality\":\"Patornay\",\"postalCode\":\"39130\",\"addressCountry\":\"FR\"},\"contactPoint\":[{\"@type\":\"ContactPoint\",\"contactType\":\"Service client\",\"telephone\":\"0384254272\",\"email\":\"contact@csj-emballages.com\"}]}]}<\/script>\n<!-- \/ Yoast SEO Premium plugin. -->","yoast_head_json":{"title":"Cupcake Box Kraftkarton 20 x 11 x 9 cm pro 25","description":"Cupcake-Box aus Kraftkarton 20 x 11 x 9 cm \u00e0 25 St\u00fcck, mit Fenster und Front\u00f6ffnung. Ideal zum Pr\u00e4sentieren und Sch\u00fctzen Ihres Geb\u00e4cks.","robots":{"index":"index","follow":"follow","max-snippet":"max-snippet:-1","max-image-preview":"max-image-preview:large","max-video-preview":"max-video-preview:-1"},"canonical":"https:\/\/www.csj-emballages.com\/de\/produit\/25-cakes-boxen-aus-kraftkarton-20-x-11-x-9-cm\/","og_locale":"de_DE","og_type":"article","og_title":"Cupcake Box Kraftkarton 20 x 11 x 9 cm pro 25","og_description":"Cupcake-Box aus Kraftkarton 20 x 11 x 9 cm \u00e0 25 St\u00fcck, mit Fenster und Front\u00f6ffnung. Ideal zum Pr\u00e4sentieren und Sch\u00fctzen Ihres Geb\u00e4cks.","og_url":"https:\/\/www.csj-emballages.com\/de\/produit\/25-cakes-boxen-aus-kraftkarton-20-x-11-x-9-cm\/","og_site_name":"CSJ Emballages","article_publisher":"https:\/\/www.facebook.com\/csjemballages","article_modified_time":"2026-03-12T15:11:53+00:00","og_image":[{"width":800,"height":800,"url":"https:\/\/www.csj-emballages.com\/wp-content\/uploads\/2024\/03\/BCC2KRA.webp","type":"image\/webp"}],"twitter_card":"summary_large_image","twitter_misc":{"Gesch\u00e4tzte Lesezeit":"2 Minuten"},"schema":{"@context":"https:\/\/schema.org","@graph":[{"@type":"WebPage","@id":"https:\/\/www.csj-emballages.com\/de\/produit\/25-cakes-boxen-aus-kraftkarton-20-x-11-x-9-cm\/","url":"https:\/\/www.csj-emballages.com\/de\/produit\/25-cakes-boxen-aus-kraftkarton-20-x-11-x-9-cm\/","name":"Cupcake Box Kraftkarton 20 x 11 x 9 cm pro 25","isPartOf":{"@id":"https:\/\/www.csj-emballages.com\/de\/#website"},"primaryImageOfPage":{"@id":"https:\/\/www.csj-emballages.com\/de\/produit\/25-cakes-boxen-aus-kraftkarton-20-x-11-x-9-cm\/#primaryimage"},"image":{"@id":"https:\/\/www.csj-emballages.com\/de\/produit\/25-cakes-boxen-aus-kraftkarton-20-x-11-x-9-cm\/#primaryimage"},"thumbnailUrl":"https:\/\/www.csj-emballages.com\/wp-content\/uploads\/2024\/03\/BCC2KRA.webp","datePublished":"2024-03-01T15:57:18+00:00","dateModified":"2026-03-12T15:11:53+00:00","description":"Cupcake-Box aus Kraftkarton 20 x 11 x 9 cm \u00e0 25 St\u00fcck, mit Fenster und Front\u00f6ffnung. Ideal zum Pr\u00e4sentieren und Sch\u00fctzen Ihres Geb\u00e4cks.","breadcrumb":{"@id":"https:\/\/www.csj-emballages.com\/de\/produit\/25-cakes-boxen-aus-kraftkarton-20-x-11-x-9-cm\/#breadcrumb"},"inLanguage":"de","potentialAction":[{"@type":"ReadAction","target":["https:\/\/www.csj-emballages.com\/de\/produit\/25-cakes-boxen-aus-kraftkarton-20-x-11-x-9-cm\/"]}]},{"@type":"ImageObject","inLanguage":"de","@id":"https:\/\/www.csj-emballages.com\/de\/produit\/25-cakes-boxen-aus-kraftkarton-20-x-11-x-9-cm\/#primaryimage","url":"https:\/\/www.csj-emballages.com\/wp-content\/uploads\/2024\/03\/BCC2KRA.webp","contentUrl":"https:\/\/www.csj-emballages.com\/wp-content\/uploads\/2024\/03\/BCC2KRA.webp","width":800,"height":800,"caption":"Boite cupcake"},{"@type":"BreadcrumbList","@id":"https:\/\/www.csj-emballages.com\/de\/produit\/25-cakes-boxen-aus-kraftkarton-20-x-11-x-9-cm\/#breadcrumb","itemListElement":[{"@type":"ListItem","position":1,"name":"Accueil","item":"https:\/\/www.csj-emballages.com\/de\/universum-lebensmittelverpackungen\/"},{"@type":"ListItem","position":2,"name":"Shop","item":"https:\/\/www.csj-emballages.com\/shop\/"},{"@type":"ListItem","position":3,"name":"Cupcake Box Kraftkarton 20 x 11 x 9 cm pro 25"}]},{"@type":"WebSite","@id":"https:\/\/www.csj-emballages.com\/de\/#website","url":"https:\/\/www.csj-emballages.com\/de\/","name":"CSJ Emballages","description":"","publisher":{"@id":"https:\/\/www.csj-emballages.com\/de\/#organization"},"potentialAction":[{"@type":"SearchAction","target":{"@type":"EntryPoint","urlTemplate":"https:\/\/www.csj-emballages.com\/de\/?s={search_term_string}"},"query-input":{"@type":"PropertyValueSpecification","valueRequired":true,"valueName":"search_term_string"}}],"inLanguage":"de"},{"@type":"Organization","@id":"https:\/\/www.csj-emballages.com\/de\/#Organization\/","name":"CSJ Emballages","url":"https:\/\/www.csj-emballages.com\/de\/","logo":{"@type":"ImageObject","inLanguage":"de","@id":"https:\/\/www.csj-emballages.com\/de\/#\/schema\/logo\/image\/","url":"https:\/\/www.csj-emballages.com\/wp-content\/uploads\/2023\/10\/logo_csj.webp","contentUrl":"https:\/\/www.csj-emballages.com\/wp-content\/uploads\/2023\/10\/logo_csj.webp","width":250,"height":95,"caption":"CSJ Emballages"},"image":{"@id":"https:\/\/www.csj-emballages.com\/de\/#\/schema\/logo\/image\/"},"sameAs":["https:\/\/www.facebook.com\/csjemballages"],"address":{"@type":"PostalAddress","streetAddress":"ZI La Lechere","addressLocality":"Patornay","postalCode":"39130","addressCountry":"FR"},"contactPoint":[{"@type":"ContactPoint","contactType":"Service client","telephone":"0384254272","email":"contact@csj-emballages.com"}]}]}},"df_price":26.75,"df_sale_price":"","df_regular_price":26.75,"df_image_link":"https:\/\/www.csj-emballages.com\/wp-content\/uploads\/2024\/03\/BCC2KRA-300x300.webp","tiered_pricing_type":"fixed","tiered_pricing_fixed_rules":[],"tiered_pricing_percentage_rules":[],"tiered_pricing_minimum":1,"tiered_pricing_roles_data":[],"_links":{"self":[{"href":"https:\/\/www.csj-emballages.com\/de\/wp-json\/wp\/v2\/product\/19505","targetHints":{"allow":["GET"]}}],"collection":[{"href":"https:\/\/www.csj-emballages.com\/de\/wp-json\/wp\/v2\/product"}],"about":[{"href":"https:\/\/www.csj-emballages.com\/de\/wp-json\/wp\/v2\/types\/product"}],"wp:featuredmedia":[{"embeddable":true,"href":"https:\/\/www.csj-emballages.com\/de\/wp-json\/wp\/v2\/media\/241626"}],"wp:attachment":[{"href":"https:\/\/www.csj-emballages.com\/de\/wp-json\/wp\/v2\/media?parent=19505"}],"wp:term":[{"taxonomy":"product_brand","embeddable":true,"href":"https:\/\/www.csj-emballages.com\/de\/wp-json\/wp\/v2\/product_brand?post=19505"},{"taxonomy":"product_cat","embeddable":true,"href":"https:\/\/www.csj-emballages.com\/de\/wp-json\/wp\/v2\/product_cat?post=19505"},{"taxonomy":"product_tag","embeddable":true,"href":"https:\/\/www.csj-emballages.com\/de\/wp-json\/wp\/v2\/product_tag?post=19505"}],"curies":[{"name":"wp","href":"https:\/\/api.w.org\/{rel}","templated":true}]}}