{"id":19484,"date":"2024-03-01T16:56:13","date_gmt":"2024-03-01T15:56:13","guid":{"rendered":"https:\/\/u15jnbdpoq.preview.infomaniak.website\/produit\/beige-raphlenspule-100-m\/"},"modified":"2026-03-25T02:11:15","modified_gmt":"2026-03-25T01:11:15","slug":"beige-raphlenspule-100-m","status":"publish","type":"product","link":"https:\/\/www.csj-emballages.com\/de\/produit\/beige-raphlenspule-100-m\/","title":{"rendered":"Beige Raphlenspule 100 m"},"content":{"rendered":"<p><span style=\"  font-weight: bold; font-style: italic; text-decoration: underline;  \">Raphlenspule beige 100 m<\/span><\/p>\n<p><span style=\" \">\t\t<\/span><\/p>\n<p><span style=\"  font-weight: bold; text-decoration: underline;  \">Beschreibung :<\/span><\/p>\n<p><span style=\" \">\t\t<\/span><\/p>\n<p><span style=\" \">Entdecken Sie unsere 100m Raphlenspulen in der Farbe Beige.<\/span><\/p>\n<p><span style=\" \">Raphene ist ein synthetischer Bast, der sehr stark ist und sich leicht ausfransen l\u00e4sst.<\/span><\/p>\n<p><span style=\" \">Es kann zum Binden von Blumenstr\u00e4u\u00dfen verwendet werden, f\u00fcr dekorative B\u00e4nder f\u00fcr Verpackungen&#8230;<\/span><\/p>\n<p><span style=\" \">\t\t<\/span><\/p>\n<p><span style=\"  font-style: italic; text-decoration: underline;\">Sehen Sie sich den Rest unseres Sortiments an Spulen an.&nbsp;<\/span><\/p>\n<p><span style=\" \">\t\t<\/span><\/p>\n<p><span style=\"  font-weight: bold; text-decoration: underline;  \">Eigenschaften unserer Raphlenspulen :<\/span><\/p>\n<p><span style=\" \">\t\t<\/span><\/p>\n<ul>\n<li><span style=\" \">Farbe: beige<\/span><\/li>\n<li><span style=\" \">Modell: Raphlene<\/span><\/li>\n<li><span style=\" \">Breite: 7 mm<\/span><\/li>\n<li><span style=\" \">L\u00e4nge: 100 m<\/span><\/li>\n<li><span style=\" \">Material: Polypropylen<\/span><\/li>\n<\/ul>\n<p><span style=\" \">\t\t<\/span><\/p>\n<p><span style=\" \">Entscheiden Sie sich f\u00fcr beige Raphlenspulen!<\/span><\/p>\n","protected":false},"excerpt":{"rendered":"<p>Raphlenspule beige 100 m Beschreibung : Entdecken Sie unsere 100m Raphlenspulen in der Farbe Beige. Raphene ist ein synthetischer Bast, der sehr stark ist und sich leicht ausfransen l\u00e4sst. Es kann zum Binden von Blumenstr\u00e4u\u00dfen verwendet werden, f\u00fcr dekorative B\u00e4nder f\u00fcr Verpackungen&#8230; Sehen Sie sich den Rest unseres Sortiments an Spulen an.&nbsp; Eigenschaften unserer Raphlenspulen [&hellip;]<\/p>\n","protected":false},"featured_media":11283,"template":"","meta":{"_acf_changed":false},"product_brand":[],"product_cat":[1137,1171,1794,2117,1487,1813,2125],"product_tag":[],"class_list":{"0":"post-19484","1":"product","2":"type-product","3":"status-publish","4":"has-post-thumbnail","6":"product_cat-lebensmittelverpackungen","7":"product_cat-backerei-und-konditorei","8":"product_cat-dekoratives-zubehor","9":"product_cat-raphlene","10":"product_cat-boutique-und-geschaft","11":"product_cat-dekoratives-zubehor-de","12":"product_cat-raphlene-de","14":"first","15":"outofstock","16":"taxable","17":"shipping-taxable","18":"purchasable","19":"product-type-simple"},"acf":[],"yoast_head":"<!-- This site is optimized with the Yoast SEO Premium plugin v26.6 (Yoast SEO v26.6) - https:\/\/yoast.com\/wordpress\/plugins\/seo\/ -->\n<title>Beige Raphlenspule 100m x 7mm \/csj-verpackungen<\/title>\n<meta name=\"description\" content=\"Kaufen Sie unsere Raphene Beige Spulen!!! Gr\u00f6\u00dfe: 100 m x 7 mm!! Entscheiden Sie sich f\u00fcr eine Qualit\u00e4ts-Rapylen-Spule zum DISCOUNT-PREIS !!!!!!\" \/>\n<meta name=\"robots\" content=\"index, follow, max-snippet:-1, max-image-preview:large, max-video-preview:-1\" \/>\n<link rel=\"canonical\" href=\"https:\/\/www.csj-emballages.com\/de\/produit\/beige-raphlenspule-100-m\/\" \/>\n<meta property=\"og:locale\" content=\"de_DE\" \/>\n<meta property=\"og:type\" content=\"article\" \/>\n<meta property=\"og:title\" content=\"Beige Raphlenspule 100 m\" \/>\n<meta property=\"og:description\" content=\"Kaufen Sie unsere Raphene Beige Spulen!!! Gr\u00f6\u00dfe: 100 m x 7 mm!! Entscheiden Sie sich f\u00fcr eine Qualit\u00e4ts-Rapylen-Spule zum DISCOUNT-PREIS !!!!!!\" \/>\n<meta property=\"og:url\" content=\"https:\/\/www.csj-emballages.com\/de\/produit\/beige-raphlenspule-100-m\/\" \/>\n<meta property=\"og:site_name\" content=\"CSJ Emballages\" \/>\n<meta property=\"article:publisher\" content=\"https:\/\/www.facebook.com\/csjemballages\" \/>\n<meta property=\"article:modified_time\" content=\"2026-03-25T01:11:15+00:00\" \/>\n<meta property=\"og:image\" content=\"https:\/\/www.csj-emballages.com\/wp-content\/uploads\/2024\/03\/ItemBOBRAPH32-jpeg.webp\" \/>\n\t<meta property=\"og:image:width\" content=\"300\" \/>\n\t<meta property=\"og:image:height\" content=\"300\" \/>\n\t<meta property=\"og:image:type\" content=\"image\/jpeg\" \/>\n<meta name=\"twitter:card\" content=\"summary_large_image\" \/>\n<script type=\"application\/ld+json\" class=\"yoast-schema-graph\">{\"@context\":\"https:\/\/schema.org\",\"@graph\":[{\"@type\":\"WebPage\",\"@id\":\"https:\/\/www.csj-emballages.com\/de\/produit\/beige-raphlenspule-100-m\/\",\"url\":\"https:\/\/www.csj-emballages.com\/de\/produit\/beige-raphlenspule-100-m\/\",\"name\":\"Beige Raphlenspule 100m x 7mm \/csj-verpackungen\",\"isPartOf\":{\"@id\":\"https:\/\/www.csj-emballages.com\/de\/#website\"},\"primaryImageOfPage\":{\"@id\":\"https:\/\/www.csj-emballages.com\/de\/produit\/beige-raphlenspule-100-m\/#primaryimage\"},\"image\":{\"@id\":\"https:\/\/www.csj-emballages.com\/de\/produit\/beige-raphlenspule-100-m\/#primaryimage\"},\"thumbnailUrl\":\"https:\/\/www.csj-emballages.com\/wp-content\/uploads\/2024\/03\/ItemBOBRAPH32-jpeg.webp\",\"datePublished\":\"2024-03-01T15:56:13+00:00\",\"dateModified\":\"2026-03-25T01:11:15+00:00\",\"description\":\"Kaufen Sie unsere Raphene Beige Spulen!!! Gr\u00f6\u00dfe: 100 m x 7 mm!! Entscheiden Sie sich f\u00fcr eine Qualit\u00e4ts-Rapylen-Spule zum DISCOUNT-PREIS !!!!!!\",\"breadcrumb\":{\"@id\":\"https:\/\/www.csj-emballages.com\/de\/produit\/beige-raphlenspule-100-m\/#breadcrumb\"},\"inLanguage\":\"de\",\"potentialAction\":[{\"@type\":\"ReadAction\",\"target\":[\"https:\/\/www.csj-emballages.com\/de\/produit\/beige-raphlenspule-100-m\/\"]}]},{\"@type\":\"ImageObject\",\"inLanguage\":\"de\",\"@id\":\"https:\/\/www.csj-emballages.com\/de\/produit\/beige-raphlenspule-100-m\/#primaryimage\",\"url\":\"https:\/\/www.csj-emballages.com\/wp-content\/uploads\/2024\/03\/ItemBOBRAPH32-jpeg.webp\",\"contentUrl\":\"https:\/\/www.csj-emballages.com\/wp-content\/uploads\/2024\/03\/ItemBOBRAPH32-jpeg.webp\",\"width\":300,\"height\":300},{\"@type\":\"BreadcrumbList\",\"@id\":\"https:\/\/www.csj-emballages.com\/de\/produit\/beige-raphlenspule-100-m\/#breadcrumb\",\"itemListElement\":[{\"@type\":\"ListItem\",\"position\":1,\"name\":\"Accueil\",\"item\":\"https:\/\/www.csj-emballages.com\/de\/universum-lebensmittelverpackungen\/\"},{\"@type\":\"ListItem\",\"position\":2,\"name\":\"Shop\",\"item\":\"https:\/\/www.csj-emballages.com\/shop\/\"},{\"@type\":\"ListItem\",\"position\":3,\"name\":\"Beige Raphlenspule 100 m\"}]},{\"@type\":\"WebSite\",\"@id\":\"https:\/\/www.csj-emballages.com\/de\/#website\",\"url\":\"https:\/\/www.csj-emballages.com\/de\/\",\"name\":\"CSJ Emballages\",\"description\":\"\",\"publisher\":{\"@id\":\"https:\/\/www.csj-emballages.com\/de\/#organization\"},\"potentialAction\":[{\"@type\":\"SearchAction\",\"target\":{\"@type\":\"EntryPoint\",\"urlTemplate\":\"https:\/\/www.csj-emballages.com\/de\/?s={search_term_string}\"},\"query-input\":{\"@type\":\"PropertyValueSpecification\",\"valueRequired\":true,\"valueName\":\"search_term_string\"}}],\"inLanguage\":\"de\"},{\"@type\":\"Organization\",\"@id\":\"https:\/\/www.csj-emballages.com\/de\/#Organization\/\",\"name\":\"CSJ Emballages\",\"url\":\"https:\/\/www.csj-emballages.com\/de\/\",\"logo\":{\"@type\":\"ImageObject\",\"inLanguage\":\"de\",\"@id\":\"https:\/\/www.csj-emballages.com\/de\/#\/schema\/logo\/image\/\",\"url\":\"https:\/\/www.csj-emballages.com\/wp-content\/uploads\/2023\/10\/logo_csj.webp\",\"contentUrl\":\"https:\/\/www.csj-emballages.com\/wp-content\/uploads\/2023\/10\/logo_csj.webp\",\"width\":250,\"height\":95,\"caption\":\"CSJ Emballages\"},\"image\":{\"@id\":\"https:\/\/www.csj-emballages.com\/de\/#\/schema\/logo\/image\/\"},\"sameAs\":[\"https:\/\/www.facebook.com\/csjemballages\"],\"address\":{\"@type\":\"PostalAddress\",\"streetAddress\":\"ZI La Lechere\",\"addressLocality\":\"Patornay\",\"postalCode\":\"39130\",\"addressCountry\":\"FR\"},\"contactPoint\":[{\"@type\":\"ContactPoint\",\"contactType\":\"Service client\",\"telephone\":\"0384254272\",\"email\":\"contact@csj-emballages.com\"}]}]}<\/script>\n<!-- \/ Yoast SEO Premium plugin. -->","yoast_head_json":{"title":"Beige Raphlenspule 100m x 7mm \/csj-verpackungen","description":"Kaufen Sie unsere Raphene Beige Spulen!!! Gr\u00f6\u00dfe: 100 m x 7 mm!! Entscheiden Sie sich f\u00fcr eine Qualit\u00e4ts-Rapylen-Spule zum DISCOUNT-PREIS !!!!!!","robots":{"index":"index","follow":"follow","max-snippet":"max-snippet:-1","max-image-preview":"max-image-preview:large","max-video-preview":"max-video-preview:-1"},"canonical":"https:\/\/www.csj-emballages.com\/de\/produit\/beige-raphlenspule-100-m\/","og_locale":"de_DE","og_type":"article","og_title":"Beige Raphlenspule 100 m","og_description":"Kaufen Sie unsere Raphene Beige Spulen!!! Gr\u00f6\u00dfe: 100 m x 7 mm!! Entscheiden Sie sich f\u00fcr eine Qualit\u00e4ts-Rapylen-Spule zum DISCOUNT-PREIS !!!!!!","og_url":"https:\/\/www.csj-emballages.com\/de\/produit\/beige-raphlenspule-100-m\/","og_site_name":"CSJ Emballages","article_publisher":"https:\/\/www.facebook.com\/csjemballages","article_modified_time":"2026-03-25T01:11:15+00:00","og_image":[{"width":300,"height":300,"url":"https:\/\/www.csj-emballages.com\/wp-content\/uploads\/2024\/03\/ItemBOBRAPH32-jpeg.webp","type":"image\/jpeg"}],"twitter_card":"summary_large_image","schema":{"@context":"https:\/\/schema.org","@graph":[{"@type":"WebPage","@id":"https:\/\/www.csj-emballages.com\/de\/produit\/beige-raphlenspule-100-m\/","url":"https:\/\/www.csj-emballages.com\/de\/produit\/beige-raphlenspule-100-m\/","name":"Beige Raphlenspule 100m x 7mm \/csj-verpackungen","isPartOf":{"@id":"https:\/\/www.csj-emballages.com\/de\/#website"},"primaryImageOfPage":{"@id":"https:\/\/www.csj-emballages.com\/de\/produit\/beige-raphlenspule-100-m\/#primaryimage"},"image":{"@id":"https:\/\/www.csj-emballages.com\/de\/produit\/beige-raphlenspule-100-m\/#primaryimage"},"thumbnailUrl":"https:\/\/www.csj-emballages.com\/wp-content\/uploads\/2024\/03\/ItemBOBRAPH32-jpeg.webp","datePublished":"2024-03-01T15:56:13+00:00","dateModified":"2026-03-25T01:11:15+00:00","description":"Kaufen Sie unsere Raphene Beige Spulen!!! Gr\u00f6\u00dfe: 100 m x 7 mm!! Entscheiden Sie sich f\u00fcr eine Qualit\u00e4ts-Rapylen-Spule zum DISCOUNT-PREIS !!!!!!","breadcrumb":{"@id":"https:\/\/www.csj-emballages.com\/de\/produit\/beige-raphlenspule-100-m\/#breadcrumb"},"inLanguage":"de","potentialAction":[{"@type":"ReadAction","target":["https:\/\/www.csj-emballages.com\/de\/produit\/beige-raphlenspule-100-m\/"]}]},{"@type":"ImageObject","inLanguage":"de","@id":"https:\/\/www.csj-emballages.com\/de\/produit\/beige-raphlenspule-100-m\/#primaryimage","url":"https:\/\/www.csj-emballages.com\/wp-content\/uploads\/2024\/03\/ItemBOBRAPH32-jpeg.webp","contentUrl":"https:\/\/www.csj-emballages.com\/wp-content\/uploads\/2024\/03\/ItemBOBRAPH32-jpeg.webp","width":300,"height":300},{"@type":"BreadcrumbList","@id":"https:\/\/www.csj-emballages.com\/de\/produit\/beige-raphlenspule-100-m\/#breadcrumb","itemListElement":[{"@type":"ListItem","position":1,"name":"Accueil","item":"https:\/\/www.csj-emballages.com\/de\/universum-lebensmittelverpackungen\/"},{"@type":"ListItem","position":2,"name":"Shop","item":"https:\/\/www.csj-emballages.com\/shop\/"},{"@type":"ListItem","position":3,"name":"Beige Raphlenspule 100 m"}]},{"@type":"WebSite","@id":"https:\/\/www.csj-emballages.com\/de\/#website","url":"https:\/\/www.csj-emballages.com\/de\/","name":"CSJ Emballages","description":"","publisher":{"@id":"https:\/\/www.csj-emballages.com\/de\/#organization"},"potentialAction":[{"@type":"SearchAction","target":{"@type":"EntryPoint","urlTemplate":"https:\/\/www.csj-emballages.com\/de\/?s={search_term_string}"},"query-input":{"@type":"PropertyValueSpecification","valueRequired":true,"valueName":"search_term_string"}}],"inLanguage":"de"},{"@type":"Organization","@id":"https:\/\/www.csj-emballages.com\/de\/#Organization\/","name":"CSJ Emballages","url":"https:\/\/www.csj-emballages.com\/de\/","logo":{"@type":"ImageObject","inLanguage":"de","@id":"https:\/\/www.csj-emballages.com\/de\/#\/schema\/logo\/image\/","url":"https:\/\/www.csj-emballages.com\/wp-content\/uploads\/2023\/10\/logo_csj.webp","contentUrl":"https:\/\/www.csj-emballages.com\/wp-content\/uploads\/2023\/10\/logo_csj.webp","width":250,"height":95,"caption":"CSJ Emballages"},"image":{"@id":"https:\/\/www.csj-emballages.com\/de\/#\/schema\/logo\/image\/"},"sameAs":["https:\/\/www.facebook.com\/csjemballages"],"address":{"@type":"PostalAddress","streetAddress":"ZI La Lechere","addressLocality":"Patornay","postalCode":"39130","addressCountry":"FR"},"contactPoint":[{"@type":"ContactPoint","contactType":"Service client","telephone":"0384254272","email":"contact@csj-emballages.com"}]}]}},"df_price":7.39,"df_sale_price":"","df_regular_price":7.39,"df_image_link":"https:\/\/www.csj-emballages.com\/wp-content\/uploads\/2024\/03\/ItemBOBRAPH32-jpeg.webp","tiered_pricing_type":"fixed","tiered_pricing_fixed_rules":[],"tiered_pricing_percentage_rules":[],"tiered_pricing_minimum":1,"tiered_pricing_roles_data":[],"_links":{"self":[{"href":"https:\/\/www.csj-emballages.com\/de\/wp-json\/wp\/v2\/product\/19484","targetHints":{"allow":["GET"]}}],"collection":[{"href":"https:\/\/www.csj-emballages.com\/de\/wp-json\/wp\/v2\/product"}],"about":[{"href":"https:\/\/www.csj-emballages.com\/de\/wp-json\/wp\/v2\/types\/product"}],"wp:featuredmedia":[{"embeddable":true,"href":"https:\/\/www.csj-emballages.com\/de\/wp-json\/wp\/v2\/media\/11283"}],"wp:attachment":[{"href":"https:\/\/www.csj-emballages.com\/de\/wp-json\/wp\/v2\/media?parent=19484"}],"wp:term":[{"taxonomy":"product_brand","embeddable":true,"href":"https:\/\/www.csj-emballages.com\/de\/wp-json\/wp\/v2\/product_brand?post=19484"},{"taxonomy":"product_cat","embeddable":true,"href":"https:\/\/www.csj-emballages.com\/de\/wp-json\/wp\/v2\/product_cat?post=19484"},{"taxonomy":"product_tag","embeddable":true,"href":"https:\/\/www.csj-emballages.com\/de\/wp-json\/wp\/v2\/product_tag?post=19484"}],"curies":[{"name":"wp","href":"https:\/\/api.w.org\/{rel}","templated":true}]}}