{"id":19430,"date":"2024-03-01T16:56:13","date_gmt":"2024-03-01T15:56:13","guid":{"rendered":"https:\/\/u15jnbdpoq.preview.infomaniak.website\/produit\/anis-bolduc-spule-plaisir-doffrir-225m-x-10mm\/"},"modified":"2026-03-12T16:14:09","modified_gmt":"2026-03-12T15:14:09","slug":"anis-bolduc-spule-plaisir-doffrir-225m-x-10mm","status":"publish","type":"product","link":"https:\/\/www.csj-emballages.com\/de\/produit\/anis-bolduc-spule-plaisir-doffrir-225m-x-10mm\/","title":{"rendered":"Anis-Bolduc-Spule &#8222;plaisir d&#8217;offrir&#8220; 225m x 10mm"},"content":{"rendered":"<div class=\"flex flex-grow flex-col max-w-full\">\n<div class=\"min-h-[20px] text-message flex flex-col items-start whitespace-pre-wrap break-words [.text-message+&amp;]:mt-5 juice:w-full juice:items-end overflow-x-auto gap-2\" dir=\"auto\" data-message-author-role=\"assistant\" data-message-id=\"2034782e-88f9-44ef-b4dc-07dd7bf0115f\">\n<div class=\"flex w-full flex-col gap-1 juice:empty:hidden juice:first:pt-[3px]\">\n<div class=\"markdown prose w-full break-words dark:prose-invert light\">\n<div style=\"box-sizing: inherit; font-family: Roboto, sans-serif;\">\n<div style=\"box-sizing: inherit; font-family: Roboto, sans-serif;\">\n<div style=\"box-sizing: inherit; font-family: Roboto, sans-serif;\">\n<div style=\"box-sizing: inherit; font-family: Roboto, sans-serif;\">\n<div style=\"box-sizing: inherit; font-family: Roboto, sans-serif;\">\n<div style=\"box-sizing: inherit; font-family: Roboto, sans-serif;\">\n<h2><strong style=\"font-family: Roboto, sans-serif;\">Bolduc-Spule Anis<br \/>\n<\/strong><\/h2>\n<div style=\"box-sizing: inherit; font-family: Roboto, sans-serif;\">\n<div style=\"box-sizing: inherit; font-family: Roboto, sans-serif;\">\n<div style=\"box-sizing: inherit; font-family: Roboto, sans-serif;\">\n<div style=\"text-align: center;\">\n<div style=\"box-sizing: inherit; font-family: Roboto, sans-serif;\">\n<div style=\"box-sizing: inherit; font-family: Roboto, sans-serif;\">\n<div style=\"box-sizing: inherit; font-family: Roboto, sans-serif;\">\n<div style=\"box-sizing: inherit; font-family: Roboto, sans-serif;\">\n<div style=\"box-sizing: inherit; font-family: Roboto, sans-serif;\">\n<div style=\"box-sizing: inherit; font-family: Roboto, sans-serif; text-align: left;\">\n<hr>\n<h3 style=\"text-align: left;\">Beschreibung unserer Bolduc-Spule Anis &#8222;plaisir d&#8217;offrir&#8220; 225m x 10mm<\/h3>\n<p><!--more--><\/p>\n<p>Wenn Sie auf der Suche nach einer M\u00f6glichkeit sind, Ihre Geschenke zu verzieren, ist die <strong>anisfarbene Bolduc-Spule &#8222;Plaisir d&#8217;Offrir&#8220;<\/strong> das perfekte Accessoire f\u00fcr Sie. Mit seinem goldenen Glanz und dem Schriftzug<strong>&#8222;Plaisir d&#8217;Offrir<\/strong>&#8220; verleiht dieses Band all Ihren Verpackungen einen attraktiven Touch. Sei es f\u00fcr alle besonderen Anl\u00e4sse wie Geburtstage, Hochzeiten oder sogar Weihnachtsfeiern.  <\/p>\n<p>Diese gro\u00dfz\u00fcgige 250-Meter-Spule bietet Ihnen gen\u00fcgend L\u00e4nge, um mehrere Pakete zu wickeln, zu schlingen oder zu verzieren, und sorgt daf\u00fcr, dass sich jedes Geschenk von der Masse abhebt. Mit seiner glatten Textur und dem gl\u00e4nzenden Finish l\u00e4sst sich dieses <strong>Bolduc<\/strong> leicht um Ihre Pakete wickeln und kann auf verschiedene Arten verarbeitet werden, um einen individuellen Effekt zu erzielen. Ob Sie es f\u00fcr einen festlichen Look lockig machen oder f\u00fcr einen klassischen Look glatt streichen, es sieht immer gut aus.  <\/p>\n<p>Dar\u00fcber hinaus ist die Aufschrift<strong>&#8222;Plaisir d&#8217;offrir<\/strong>&#8220; nicht nur ein \u00e4sthetisches Detail; sie l\u00e4dt auch dazu ein, die Freude am Schenken zu genie\u00dfen. Mit diesem <strong>Bolduc<\/strong> zeigen Sie Ihren Lieben, dass Sie sich M\u00fche gegeben haben, das Erlebnis des Auspackens noch unvergesslicher zu machen. <\/p>\n<\/div>\n<\/div>\n<\/div>\n<\/div>\n<\/div>\n<\/div>\n<\/div>\n<\/div>\n<\/div>\n<\/div>\n<\/div>\n<\/div>\n<\/div>\n<\/div>\n<\/div>\n<\/div>\n<\/div>\n<\/div>\n<\/div>\n<\/div>\n<p>Warum also nicht auch Ihren Geschenken einen Hauch von Magie verleihen? Mit der <strong>anisfarbenen Bolduc-Spule &#8222;Plaisir d&#8217;offrir<\/strong>&#8220; k\u00f6nnen Sie sicher sein, dass jede Geste zu einem kostbaren Moment wird. <\/p>\n<p>&nbsp;<\/p>\n<div class=\"flex flex-grow flex-col max-w-full\">\n<div class=\"min-h-[20px] text-message flex flex-col items-start whitespace-pre-wrap break-words [.text-message+&amp;]:mt-5 juice:w-full juice:items-end overflow-x-auto gap-2\" dir=\"auto\" data-message-author-role=\"assistant\" data-message-id=\"2034782e-88f9-44ef-b4dc-07dd7bf0115f\">\n<div class=\"flex w-full flex-col gap-1 juice:empty:hidden juice:first:pt-[3px]\">\n<div class=\"markdown prose w-full break-words dark:prose-invert light\">\n<div style=\"box-sizing: inherit; font-family: Roboto, sans-serif;\">\n<div style=\"box-sizing: inherit; font-family: Roboto, sans-serif;\">\n<div style=\"box-sizing: inherit; font-family: Roboto, sans-serif;\">\n<div style=\"box-sizing: inherit; font-family: Roboto, sans-serif;\">\n<div style=\"box-sizing: inherit; font-family: Roboto, sans-serif;\">\n<div style=\"box-sizing: inherit; font-family: Roboto, sans-serif;\">\n<p><!--more--><\/p>\n<p style=\"text-align: left;\"><strong>Vorteile :<\/strong><\/p>\n<ul style=\"text-align: left;\">\n<li>Das Anis-Finish verleiht sofort einen schicken und raffinierten Look.<\/li>\n<li>250 Meter Band f\u00fcr sparsamen und langanhaltenden Gebrauch.<\/li>\n<li>Perfekt f\u00fcr Verpackungen, Tischdekorationen, Str\u00e4u\u00dfe, etc.<\/li>\n<li>Die Botschaft \u201ePlaisir d&#8217;Offrir\u201c verst\u00e4rkt die Emotion des Geschenks.<\/li>\n<\/ul>\n<p>&nbsp;<\/p>\n<\/div>\n<\/div>\n<\/div>\n<\/div>\n<\/div>\n<\/div>\n<\/div>\n<\/div>\n<\/div>\n<\/div>\n<p><!--more--><\/p>\n<h4>Weitere Informationen :<\/h4>\n<ul>\n<li><strong>Verpackung<\/strong>: Einzeln<\/li>\n<li><strong>Abmessungen<\/strong>: 225m x 10 mm<\/li>\n<li><strong>Farbe<\/strong> : Anis<\/li>\n<\/ul>\n<p>&nbsp;<\/p>\n<p style=\"text-align: left;\"><!--more--><\/p>\n<p><a href=\"https:\/\/www.csj-emballages.com\/de\/categorie-produit\/lebensmittelverpackungen\/backerei-und-konditorei\/zubehor-und-ausstattung\/dekoratives-zubehor\/bolduc-spulen\/bolduc-spulen-plaisir-doffrir-freude-am-schenken\/\">Sehen Sie sich den Rest unseres Sortiments an Bolduc-Spulen &#8222;Plaisir d&#8217;offrir&#8220; an.<\/a><\/p>\n","protected":false},"excerpt":{"rendered":"<p>Bolduc-Spule Anis Beschreibung unserer Bolduc-Spule Anis &#8222;plaisir d&#8217;offrir&#8220; 225m x 10mm<\/p>\n","protected":false},"featured_media":14727,"template":"","meta":{"_acf_changed":false},"product_brand":[],"product_cat":[1137,1171,1794,2141,1487,1813,2124,2142],"product_tag":[],"class_list":{"0":"post-19430","1":"product","2":"type-product","3":"status-publish","4":"has-post-thumbnail","6":"product_cat-lebensmittelverpackungen","7":"product_cat-backerei-und-konditorei","8":"product_cat-dekoratives-zubehor","9":"product_cat-bolduc-spulen-plaisir-doffrir-freude-am-schenken","10":"product_cat-boutique-und-geschaft","11":"product_cat-dekoratives-zubehor-de","12":"product_cat-bolduc-spulen-de","13":"product_cat-bolduc-spulen-plaisir-doffrir-freude-am-schenken-de","15":"first","16":"instock","17":"taxable","18":"shipping-taxable","19":"purchasable","20":"product-type-simple"},"acf":[],"yoast_head":"<!-- This site is optimized with the Yoast SEO Premium plugin v26.6 (Yoast SEO v26.6) - https:\/\/yoast.com\/wordpress\/plugins\/seo\/ -->\n<title>Bolduc-Spule Plaisir d&#039;Offrir&quot; - 225m x 10mm<\/title>\n<meta name=\"description\" content=\"Verleihen Sie Ihren Geschenken einen Hauch von Luxus mit unserer anisfarbenen Bolduc-Spule &quot;Plaisir d&#039;Offrir&quot;. 250 Meter raffiniertes Band, um Ihre Verpackungen zu veredeln.\" \/>\n<meta name=\"robots\" content=\"index, follow, max-snippet:-1, max-image-preview:large, max-video-preview:-1\" \/>\n<link rel=\"canonical\" href=\"https:\/\/www.csj-emballages.com\/de\/produit\/anis-bolduc-spule-plaisir-doffrir-225m-x-10mm\/\" \/>\n<meta property=\"og:locale\" content=\"de_DE\" \/>\n<meta property=\"og:type\" content=\"article\" \/>\n<meta property=\"og:title\" content=\"Anis-Bolduc-Spule &quot;plaisir d&#039;offrir&quot; 225m x 10mm\" \/>\n<meta property=\"og:description\" content=\"Verleihen Sie Ihren Geschenken einen Hauch von Luxus mit unserer anisfarbenen Bolduc-Spule &quot;Plaisir d&#039;Offrir&quot;. 250 Meter raffiniertes Band, um Ihre Verpackungen zu veredeln.\" \/>\n<meta property=\"og:url\" content=\"https:\/\/www.csj-emballages.com\/de\/produit\/anis-bolduc-spule-plaisir-doffrir-225m-x-10mm\/\" \/>\n<meta property=\"og:site_name\" content=\"CSJ Emballages\" \/>\n<meta property=\"article:publisher\" content=\"https:\/\/www.facebook.com\/csjemballages\" \/>\n<meta property=\"article:modified_time\" content=\"2026-03-12T15:14:09+00:00\" \/>\n<meta property=\"og:image\" content=\"https:\/\/www.csj-emballages.com\/wp-content\/uploads\/2024\/03\/Capture-decran-2024-04-04-a-11.03.21-2-e1712223220768.png\" \/>\n\t<meta property=\"og:image:width\" content=\"300\" \/>\n\t<meta property=\"og:image:height\" content=\"300\" \/>\n\t<meta property=\"og:image:type\" content=\"image\/png\" \/>\n<meta name=\"twitter:card\" content=\"summary_large_image\" \/>\n<meta name=\"twitter:label1\" content=\"Gesch\u00e4tzte Lesezeit\" \/>\n\t<meta name=\"twitter:data1\" content=\"1\u00a0Minute\" \/>\n<script type=\"application\/ld+json\" class=\"yoast-schema-graph\">{\"@context\":\"https:\/\/schema.org\",\"@graph\":[{\"@type\":\"WebPage\",\"@id\":\"https:\/\/www.csj-emballages.com\/de\/produit\/anis-bolduc-spule-plaisir-doffrir-225m-x-10mm\/\",\"url\":\"https:\/\/www.csj-emballages.com\/de\/produit\/anis-bolduc-spule-plaisir-doffrir-225m-x-10mm\/\",\"name\":\"Bolduc-Spule Plaisir d'Offrir\\\" - 225m x 10mm\",\"isPartOf\":{\"@id\":\"https:\/\/www.csj-emballages.com\/de\/#website\"},\"primaryImageOfPage\":{\"@id\":\"https:\/\/www.csj-emballages.com\/de\/produit\/anis-bolduc-spule-plaisir-doffrir-225m-x-10mm\/#primaryimage\"},\"image\":{\"@id\":\"https:\/\/www.csj-emballages.com\/de\/produit\/anis-bolduc-spule-plaisir-doffrir-225m-x-10mm\/#primaryimage\"},\"thumbnailUrl\":\"https:\/\/www.csj-emballages.com\/wp-content\/uploads\/2024\/03\/Capture-decran-2024-04-04-a-11.03.21-2-e1712223220768.png\",\"datePublished\":\"2024-03-01T15:56:13+00:00\",\"dateModified\":\"2026-03-12T15:14:09+00:00\",\"description\":\"Verleihen Sie Ihren Geschenken einen Hauch von Luxus mit unserer anisfarbenen Bolduc-Spule \\\"Plaisir d'Offrir\\\". 250 Meter raffiniertes Band, um Ihre Verpackungen zu veredeln.\",\"breadcrumb\":{\"@id\":\"https:\/\/www.csj-emballages.com\/de\/produit\/anis-bolduc-spule-plaisir-doffrir-225m-x-10mm\/#breadcrumb\"},\"inLanguage\":\"de\",\"potentialAction\":[{\"@type\":\"ReadAction\",\"target\":[\"https:\/\/www.csj-emballages.com\/de\/produit\/anis-bolduc-spule-plaisir-doffrir-225m-x-10mm\/\"]}]},{\"@type\":\"ImageObject\",\"inLanguage\":\"de\",\"@id\":\"https:\/\/www.csj-emballages.com\/de\/produit\/anis-bolduc-spule-plaisir-doffrir-225m-x-10mm\/#primaryimage\",\"url\":\"https:\/\/www.csj-emballages.com\/wp-content\/uploads\/2024\/03\/Capture-decran-2024-04-04-a-11.03.21-2-e1712223220768.png\",\"contentUrl\":\"https:\/\/www.csj-emballages.com\/wp-content\/uploads\/2024\/03\/Capture-decran-2024-04-04-a-11.03.21-2-e1712223220768.png\",\"width\":300,\"height\":300,\"caption\":\"Bobine bolduc plaisir d'offrir\"},{\"@type\":\"BreadcrumbList\",\"@id\":\"https:\/\/www.csj-emballages.com\/de\/produit\/anis-bolduc-spule-plaisir-doffrir-225m-x-10mm\/#breadcrumb\",\"itemListElement\":[{\"@type\":\"ListItem\",\"position\":1,\"name\":\"Accueil\",\"item\":\"https:\/\/www.csj-emballages.com\/de\/universum-lebensmittelverpackungen\/\"},{\"@type\":\"ListItem\",\"position\":2,\"name\":\"Shop\",\"item\":\"https:\/\/www.csj-emballages.com\/shop\/\"},{\"@type\":\"ListItem\",\"position\":3,\"name\":\"Anis-Bolduc-Spule \u00ab\u00a0plaisir d&rsquo;offrir\u00a0\u00bb 225m x 10mm\"}]},{\"@type\":\"WebSite\",\"@id\":\"https:\/\/www.csj-emballages.com\/de\/#website\",\"url\":\"https:\/\/www.csj-emballages.com\/de\/\",\"name\":\"CSJ Emballages\",\"description\":\"\",\"publisher\":{\"@id\":\"https:\/\/www.csj-emballages.com\/de\/#organization\"},\"potentialAction\":[{\"@type\":\"SearchAction\",\"target\":{\"@type\":\"EntryPoint\",\"urlTemplate\":\"https:\/\/www.csj-emballages.com\/de\/?s={search_term_string}\"},\"query-input\":{\"@type\":\"PropertyValueSpecification\",\"valueRequired\":true,\"valueName\":\"search_term_string\"}}],\"inLanguage\":\"de\"},{\"@type\":\"Organization\",\"@id\":\"https:\/\/www.csj-emballages.com\/de\/#Organization\/\",\"name\":\"CSJ Emballages\",\"url\":\"https:\/\/www.csj-emballages.com\/de\/\",\"logo\":{\"@type\":\"ImageObject\",\"inLanguage\":\"de\",\"@id\":\"https:\/\/www.csj-emballages.com\/de\/#\/schema\/logo\/image\/\",\"url\":\"https:\/\/www.csj-emballages.com\/wp-content\/uploads\/2023\/10\/logo_csj.webp\",\"contentUrl\":\"https:\/\/www.csj-emballages.com\/wp-content\/uploads\/2023\/10\/logo_csj.webp\",\"width\":250,\"height\":95,\"caption\":\"CSJ Emballages\"},\"image\":{\"@id\":\"https:\/\/www.csj-emballages.com\/de\/#\/schema\/logo\/image\/\"},\"sameAs\":[\"https:\/\/www.facebook.com\/csjemballages\"],\"address\":{\"@type\":\"PostalAddress\",\"streetAddress\":\"ZI La Lechere\",\"addressLocality\":\"Patornay\",\"postalCode\":\"39130\",\"addressCountry\":\"FR\"},\"contactPoint\":[{\"@type\":\"ContactPoint\",\"contactType\":\"Service client\",\"telephone\":\"0384254272\",\"email\":\"contact@csj-emballages.com\"}]}]}<\/script>\n<!-- \/ Yoast SEO Premium plugin. -->","yoast_head_json":{"title":"Bolduc-Spule Plaisir d'Offrir\" - 225m x 10mm","description":"Verleihen Sie Ihren Geschenken einen Hauch von Luxus mit unserer anisfarbenen Bolduc-Spule \"Plaisir d'Offrir\". 250 Meter raffiniertes Band, um Ihre Verpackungen zu veredeln.","robots":{"index":"index","follow":"follow","max-snippet":"max-snippet:-1","max-image-preview":"max-image-preview:large","max-video-preview":"max-video-preview:-1"},"canonical":"https:\/\/www.csj-emballages.com\/de\/produit\/anis-bolduc-spule-plaisir-doffrir-225m-x-10mm\/","og_locale":"de_DE","og_type":"article","og_title":"Anis-Bolduc-Spule \"plaisir d'offrir\" 225m x 10mm","og_description":"Verleihen Sie Ihren Geschenken einen Hauch von Luxus mit unserer anisfarbenen Bolduc-Spule \"Plaisir d'Offrir\". 250 Meter raffiniertes Band, um Ihre Verpackungen zu veredeln.","og_url":"https:\/\/www.csj-emballages.com\/de\/produit\/anis-bolduc-spule-plaisir-doffrir-225m-x-10mm\/","og_site_name":"CSJ Emballages","article_publisher":"https:\/\/www.facebook.com\/csjemballages","article_modified_time":"2026-03-12T15:14:09+00:00","og_image":[{"width":300,"height":300,"url":"https:\/\/www.csj-emballages.com\/wp-content\/uploads\/2024\/03\/Capture-decran-2024-04-04-a-11.03.21-2-e1712223220768.png","type":"image\/png"}],"twitter_card":"summary_large_image","twitter_misc":{"Gesch\u00e4tzte Lesezeit":"1\u00a0Minute"},"schema":{"@context":"https:\/\/schema.org","@graph":[{"@type":"WebPage","@id":"https:\/\/www.csj-emballages.com\/de\/produit\/anis-bolduc-spule-plaisir-doffrir-225m-x-10mm\/","url":"https:\/\/www.csj-emballages.com\/de\/produit\/anis-bolduc-spule-plaisir-doffrir-225m-x-10mm\/","name":"Bolduc-Spule Plaisir d'Offrir\" - 225m x 10mm","isPartOf":{"@id":"https:\/\/www.csj-emballages.com\/de\/#website"},"primaryImageOfPage":{"@id":"https:\/\/www.csj-emballages.com\/de\/produit\/anis-bolduc-spule-plaisir-doffrir-225m-x-10mm\/#primaryimage"},"image":{"@id":"https:\/\/www.csj-emballages.com\/de\/produit\/anis-bolduc-spule-plaisir-doffrir-225m-x-10mm\/#primaryimage"},"thumbnailUrl":"https:\/\/www.csj-emballages.com\/wp-content\/uploads\/2024\/03\/Capture-decran-2024-04-04-a-11.03.21-2-e1712223220768.png","datePublished":"2024-03-01T15:56:13+00:00","dateModified":"2026-03-12T15:14:09+00:00","description":"Verleihen Sie Ihren Geschenken einen Hauch von Luxus mit unserer anisfarbenen Bolduc-Spule \"Plaisir d'Offrir\". 250 Meter raffiniertes Band, um Ihre Verpackungen zu veredeln.","breadcrumb":{"@id":"https:\/\/www.csj-emballages.com\/de\/produit\/anis-bolduc-spule-plaisir-doffrir-225m-x-10mm\/#breadcrumb"},"inLanguage":"de","potentialAction":[{"@type":"ReadAction","target":["https:\/\/www.csj-emballages.com\/de\/produit\/anis-bolduc-spule-plaisir-doffrir-225m-x-10mm\/"]}]},{"@type":"ImageObject","inLanguage":"de","@id":"https:\/\/www.csj-emballages.com\/de\/produit\/anis-bolduc-spule-plaisir-doffrir-225m-x-10mm\/#primaryimage","url":"https:\/\/www.csj-emballages.com\/wp-content\/uploads\/2024\/03\/Capture-decran-2024-04-04-a-11.03.21-2-e1712223220768.png","contentUrl":"https:\/\/www.csj-emballages.com\/wp-content\/uploads\/2024\/03\/Capture-decran-2024-04-04-a-11.03.21-2-e1712223220768.png","width":300,"height":300,"caption":"Bobine bolduc plaisir d'offrir"},{"@type":"BreadcrumbList","@id":"https:\/\/www.csj-emballages.com\/de\/produit\/anis-bolduc-spule-plaisir-doffrir-225m-x-10mm\/#breadcrumb","itemListElement":[{"@type":"ListItem","position":1,"name":"Accueil","item":"https:\/\/www.csj-emballages.com\/de\/universum-lebensmittelverpackungen\/"},{"@type":"ListItem","position":2,"name":"Shop","item":"https:\/\/www.csj-emballages.com\/shop\/"},{"@type":"ListItem","position":3,"name":"Anis-Bolduc-Spule \u00ab\u00a0plaisir d&rsquo;offrir\u00a0\u00bb 225m x 10mm"}]},{"@type":"WebSite","@id":"https:\/\/www.csj-emballages.com\/de\/#website","url":"https:\/\/www.csj-emballages.com\/de\/","name":"CSJ Emballages","description":"","publisher":{"@id":"https:\/\/www.csj-emballages.com\/de\/#organization"},"potentialAction":[{"@type":"SearchAction","target":{"@type":"EntryPoint","urlTemplate":"https:\/\/www.csj-emballages.com\/de\/?s={search_term_string}"},"query-input":{"@type":"PropertyValueSpecification","valueRequired":true,"valueName":"search_term_string"}}],"inLanguage":"de"},{"@type":"Organization","@id":"https:\/\/www.csj-emballages.com\/de\/#Organization\/","name":"CSJ Emballages","url":"https:\/\/www.csj-emballages.com\/de\/","logo":{"@type":"ImageObject","inLanguage":"de","@id":"https:\/\/www.csj-emballages.com\/de\/#\/schema\/logo\/image\/","url":"https:\/\/www.csj-emballages.com\/wp-content\/uploads\/2023\/10\/logo_csj.webp","contentUrl":"https:\/\/www.csj-emballages.com\/wp-content\/uploads\/2023\/10\/logo_csj.webp","width":250,"height":95,"caption":"CSJ Emballages"},"image":{"@id":"https:\/\/www.csj-emballages.com\/de\/#\/schema\/logo\/image\/"},"sameAs":["https:\/\/www.facebook.com\/csjemballages"],"address":{"@type":"PostalAddress","streetAddress":"ZI La Lechere","addressLocality":"Patornay","postalCode":"39130","addressCountry":"FR"},"contactPoint":[{"@type":"ContactPoint","contactType":"Service client","telephone":"0384254272","email":"contact@csj-emballages.com"}]}]}},"df_price":7.33,"df_sale_price":"","df_regular_price":7.33,"df_image_link":"https:\/\/www.csj-emballages.com\/wp-content\/uploads\/2024\/03\/Capture-decran-2024-04-04-a-11.03.21-2-300x300.png","tiered_pricing_type":"fixed","tiered_pricing_fixed_rules":[],"tiered_pricing_percentage_rules":[],"tiered_pricing_minimum":1,"tiered_pricing_roles_data":[],"_links":{"self":[{"href":"https:\/\/www.csj-emballages.com\/de\/wp-json\/wp\/v2\/product\/19430","targetHints":{"allow":["GET"]}}],"collection":[{"href":"https:\/\/www.csj-emballages.com\/de\/wp-json\/wp\/v2\/product"}],"about":[{"href":"https:\/\/www.csj-emballages.com\/de\/wp-json\/wp\/v2\/types\/product"}],"wp:featuredmedia":[{"embeddable":true,"href":"https:\/\/www.csj-emballages.com\/de\/wp-json\/wp\/v2\/media\/14727"}],"wp:attachment":[{"href":"https:\/\/www.csj-emballages.com\/de\/wp-json\/wp\/v2\/media?parent=19430"}],"wp:term":[{"taxonomy":"product_brand","embeddable":true,"href":"https:\/\/www.csj-emballages.com\/de\/wp-json\/wp\/v2\/product_brand?post=19430"},{"taxonomy":"product_cat","embeddable":true,"href":"https:\/\/www.csj-emballages.com\/de\/wp-json\/wp\/v2\/product_cat?post=19430"},{"taxonomy":"product_tag","embeddable":true,"href":"https:\/\/www.csj-emballages.com\/de\/wp-json\/wp\/v2\/product_tag?post=19430"}],"curies":[{"name":"wp","href":"https:\/\/api.w.org\/{rel}","templated":true}]}}