{"id":19399,"date":"2024-03-01T16:57:20","date_gmt":"2024-03-01T15:57:20","guid":{"rendered":"https:\/\/u15jnbdpoq.preview.infomaniak.website\/produit\/25-holzschachteln-ma-buche-25-x-11-x-10-cm\/"},"modified":"2026-03-12T16:11:20","modified_gmt":"2026-03-12T15:11:20","slug":"25-holzschachteln-ma-buche-25-x-11-x-10-cm","status":"publish","type":"product","link":"https:\/\/www.csj-emballages.com\/de\/produit\/25-holzschachteln-ma-buche-25-x-11-x-10-cm\/","title":{"rendered":"Holzschachtel &#8222;Ma b\u00fbche&#8220; 25 x 11 x 10 cm pro 25 St\u00fcck"},"content":{"rendered":"<div style=\"font-family: Roboto, sans-serif;\">\n<div style=\"font-family: Roboto, sans-serif;\">\n<div style=\"font-family: Roboto, sans-serif;\">\n<div style=\"font-family: Roboto, sans-serif;\">\n<div style=\"font-family: Roboto, sans-serif;\">\n<div style=\"font-family: Roboto, sans-serif;\">\n<div style=\"font-family: Roboto, sans-serif;\">\n<div style=\"font-family: Roboto, sans-serif;\">\n<div style=\"font-family: Roboto, sans-serif;\">\n<div style=\"font-family: Roboto, sans-serif;\">\n<div style=\"font-family: Roboto, sans-serif;\">\n<div style=\"font-family: Roboto, sans-serif;\">\n<div style=\"font-family: Roboto, sans-serif;\">\n<div class=\"flex flex-grow flex-col max-w-full\">\n<div class=\"min-h-[20px] text-message flex flex-col items-start whitespace-pre-wrap break-words [.text-message+&amp;]:mt-5 juice:w-full juice:items-end overflow-x-auto gap-2\" dir=\"auto\" data-message-author-role=\"assistant\" data-message-id=\"2034782e-88f9-44ef-b4dc-07dd7bf0115f\">\n<div class=\"flex w-full flex-col gap-1 juice:empty:hidden juice:first:pt-[3px]\">\n<div class=\"markdown prose w-full break-words dark:prose-invert light\">\n<div style=\"font-family: Roboto, sans-serif;\">\n<div style=\"font-family: Roboto, sans-serif;\">\n<div style=\"font-family: Roboto, sans-serif;\">\n<div style=\"font-family: Roboto, sans-serif;\">\n<div style=\"font-family: Roboto, sans-serif;\">\n<div style=\"font-family: Roboto, sans-serif;\">\n<h2>Holzkiste<\/h2>\n<div style=\"font-family: Roboto, sans-serif;\">\n<div style=\"font-family: Roboto, sans-serif;\">\n<div style=\"font-family: Roboto, sans-serif;\">\n<div style=\"text-align: center;\">\n<div style=\"font-family: Roboto, sans-serif;\">\n<div style=\"font-family: Roboto, sans-serif;\">\n<div style=\"font-family: Roboto, sans-serif;\">\n<div style=\"font-family: Roboto, sans-serif;\">\n<div style=\"font-family: Roboto, sans-serif;\">\n<div style=\"font-family: Roboto, sans-serif; text-align: left;\">\n<hr>\n<h3 style=\"text-align: left;\">Beschreibung unserer Holzschachtel &#8222;Ma B\u00fbche&#8220; 25x11x10 cm<!--more--><\/h3>\n<\/div>\n<\/div>\n<\/div>\n<\/div>\n<\/div>\n<\/div>\n<\/div>\n<\/div>\n<\/div>\n<\/div>\n<\/div>\n<\/div>\n<\/div>\n<\/div>\n<\/div>\n<\/div>\n<\/div>\n<\/div>\n<\/div>\n<\/div>\n<\/div>\n<\/div>\n<\/div>\n<\/div>\n<\/div>\n<\/div>\n<\/div>\n<\/div>\n<\/div>\n<\/div>\n<\/div>\n<\/div>\n<\/div>\n<p>Die <strong>Holzschachtel &#8222;Ma b\u00fbche&#8220;<\/strong> ist ein unverzichtbares Accessoire, um Ihre weihnachtlichen Feinschmeckerkreationen zu pr\u00e4sentieren. Mit den Ma\u00dfen <g id=\"gid_1\">25 x 11 x 10 cm<\/g> passt diese <g id=\"gid_2\">Schachtel<\/g> perfekt zu den Standardformaten von Holzscheiten. Im Set von <strong>25<\/strong> St\u00fcck sorgt sie f\u00fcr eine einfache und praktische Aufbewahrung all Ihrer Zubereitungen. Ob Sie nun ein professioneller Konditor oder ein leidenschaftlicher Hobbyb\u00e4cker sind, diese <strong>Weihnachtsdose<\/strong> wird Sie mit ihrem schlichten und eleganten Design begeistern.   <\/p>\n<p>Die aus hochwertigen Materialien hergestellte <strong>Schachtel<\/strong> <strong>&#8222;Ma b\u00fbche&#8220;<\/strong> ist robust und widerstandsf\u00e4hig. Sie sch\u00fctzt Ihre Desserts beim Transport und sorgt daf\u00fcr, dass sie bis zum Verzehr frisch bleiben. In der Weihnachtszeit z\u00e4hlt jedes Detail, um Ihre Kreationen zu veredeln. Mit der <g id=\"gid_2\">Schachtel &#8222;buche Noel<\/g>&#8220; k\u00f6nnen Sie sicher sein, dass Ihre Desserts auch bei l\u00e4ngeren Transporten perfekt pr\u00e4sentiert werden. Sie ist ideal f\u00fcr die Lagerung und Ausstellung, passt sich den Bed\u00fcrfnissen der Konditoren an und erf\u00fcllt die Erwartungen der anspruchsvollen Kundschaft.    <\/p>\n<p>&nbsp;<\/p>\n<p><!--more--><\/p>\n<h4>Warum sollte man unsere Holzschachtel verwenden?<\/h4>\n<p>Au\u00dferdem f\u00fcgt sich ihr schlichtes Design perfekt in jeden Stil der Festtagsdekoration ein. Diese <strong>Schachtel &#8222;buche de Noel<\/strong> &#8220; ist ein sicherer Wert f\u00fcr die Weihnachtsfeiertage. Der verwendete Karton ist stabil und entspricht den Normen f\u00fcr Lebensmittelverpackungen. So sorgt die <strong>Schachtel<\/strong> <strong>&#8222;Ma b\u00fbche&#8220;<\/strong> nicht nur f\u00fcr eine ansprechende Optik, sondern auch f\u00fcr die Sicherheit Ihrer Lebensmittel. Sie l\u00e4sst sich leicht zusammenbauen und spart Zeit bei der Zubereitung. Au\u00dferdem wird ihre Aufbewahrung dank ihres stapelbaren Formats vereinfacht.     <\/p>\n<p>Im <strong>25er-Set<\/strong> bietet jede <strong>Dose<\/strong> ein gro\u00dfes Fassungsverm\u00f6gen f\u00fcr Ihre sch\u00f6nsten s\u00fc\u00dfen Kreationen. Die neutrale Farbe dieser <strong>Schachtel &#8222;buche Noel<\/strong> &#8220; bringt die k\u00f6stlichen und festlichen Farbt\u00f6ne Ihrer Desserts zur Geltung. Ihre Kunden werden sofort von der gepflegten Pr\u00e4sentation und der Eleganz Ihrer Weihnachtsscheiterhaufen begeistert sein. Die <strong>Weihnachtsdose<\/strong> <strong>&#8222;Ma b\u00fbche&#8220;<\/strong> ist die perfekte Wahl, um die Zufriedenheit und Treue Ihrer Kunden zu garantieren.   <\/p>\n<p>&nbsp;<\/p>\n<p><!--more--><\/p>\n<div style=\"font-family: Roboto, sans-serif;\">\n<div style=\"font-family: Roboto, sans-serif;\">\n<div style=\"font-family: Roboto, sans-serif;\">\n<div style=\"font-family: Roboto, sans-serif;\">\n<div style=\"font-family: Roboto, sans-serif;\">\n<div style=\"font-family: Roboto, sans-serif;\">\n<div style=\"font-family: Roboto, sans-serif;\">\n<div style=\"font-family: Roboto, sans-serif;\">\n<div style=\"font-family: Roboto, sans-serif;\">\n<div style=\"font-family: Roboto, sans-serif;\">\n<div style=\"font-family: Roboto, sans-serif;\">\n<div style=\"font-family: Roboto, sans-serif;\">\n<div style=\"font-family: Roboto, sans-serif;\">\n<div class=\"flex flex-grow flex-col max-w-full\">\n<div class=\"min-h-[20px] text-message flex flex-col items-start whitespace-pre-wrap break-words [.text-message+&amp;]:mt-5 juice:w-full juice:items-end overflow-x-auto gap-2\" dir=\"auto\" data-message-author-role=\"assistant\" data-message-id=\"2034782e-88f9-44ef-b4dc-07dd7bf0115f\">\n<div class=\"flex w-full flex-col gap-1 juice:empty:hidden juice:first:pt-[3px]\">\n<div class=\"markdown prose w-full break-words dark:prose-invert light\">\n<div style=\"font-family: Roboto, sans-serif;\">\n<div style=\"font-family: Roboto, sans-serif;\">\n<div style=\"font-family: Roboto, sans-serif;\">\n<div style=\"font-family: Roboto, sans-serif;\">\n<div style=\"font-family: Roboto, sans-serif;\">\n<div style=\"font-family: Roboto, sans-serif;\">\n<p>Schlie\u00dflich ist diese <strong>Schachtel<\/strong> auch ein Gewinn f\u00fcr den Jahresendverkauf. Sie erm\u00f6glicht es, die Attraktivit\u00e4t Ihrer Kreationen bei den Kunden zu maximieren. Mit der <strong>Schachtel &#8222;buche de Noel<\/strong>&#8220; werden Ihre Backwaren zu echten Geschenken, die Sie verschenken k\u00f6nnen!  <\/p>\n<p>&nbsp;<\/p>\n<p><!--more--><\/p>\n<h4 style=\"text-align: left;\"><strong>Die Vorteile unserer <\/strong>Holzschachtel &#8222;Ma B\u00fbche&#8220; <strong>25 x 11 x 10 cm<\/strong> <strong>:<\/strong><\/h4>\n<ul style=\"text-align: left;\">\n<li><strong>Geeignete Gr\u00f6\u00dfe<\/strong>: Die Ma\u00dfe von <strong>25 x 11 x 10 cm<\/strong> eignen sich perfekt f\u00fcr einen kleinen Holzklotz.<\/li>\n<li><strong>Festliches Design<\/strong>: Mit ihrer weihnachtlichen \u00c4sthetik verleiht diese <strong>Schachtel<\/strong> Ihren Desserts einen Hauch von Magie.<\/li>\n<li><strong>Optimaler Schutz<\/strong>: Die <strong>Schachtel<\/strong> ist mit einem sicheren Verschluss versehen, der Ihr Holz w\u00e4hrend des Transports oder der Lagerung wirksam sch\u00fctzt.<\/li>\n<li><strong>Zweckm\u00e4\u00dfigkeit<\/strong>: Das Design erm\u00f6glicht eine einfache Handhabung und eine sorgf\u00e4ltige Pr\u00e4sentation.<\/li>\n<\/ul>\n<\/div>\n<\/div>\n<\/div>\n<\/div>\n<\/div>\n<\/div>\n<\/div>\n<\/div>\n<\/div>\n<\/div>\n<\/div>\n<\/div>\n<p>&nbsp;<\/p>\n<\/div>\n<\/div>\n<\/div>\n<\/div>\n<\/div>\n<\/div>\n<\/div>\n<\/div>\n<\/div>\n<\/div>\n<\/div>\n<p><!--more--><\/p>\n<h4>Weitere Informationen zu diesem Produkt :<\/h4>\n<ul style=\"font-family: Roboto, sans-serif;\">\n<li><strong>Verpackung<\/strong>: Packung mit 25 St\u00fcck<\/li>\n<li><span style=\"font-weight: bold;\">Gr\u00f6\u00dfe<\/span>: 25 x 11 x 10 cm (L x B x H)<\/li>\n<li><strong>Material<\/strong>: Karton<\/li>\n<\/ul>\n<p>&nbsp;<\/p>\n<p style=\"text-align: left;\"><!--more--><\/p>\n<p>Dieses Produkt ist in verschiedenen Gr\u00f6\u00dfen erh\u00e4ltlich : <span style=\"color: #d12727;\"><a style=\"color: #d12727;\" href=\"https:\/\/www.csj-emballages.com\/produit\/25-boites-a-buche-ma-buche-20-x-11-x-10-cm\/\">20 x 11 x 10 cm<\/a><\/span> \/ <span style=\"color: #d12727;\"><a style=\"color: #d12727;\" href=\"https:\/\/www.csj-emballages.com\/produit\/25-boites-a-buche-ma-buche-30-x-11-x-10-cm\/\">30 x 11 x 10 cm<\/a><\/span> \/ <span style=\"color: #d12727;\"><a style=\"color: #d12727;\" href=\"https:\/\/www.csj-emballages.com\/produit\/25-boites-a-buche-ma-buche-35-x-11-x-10-cm\/\">35 x 11 x 10 cm<\/a><\/span> \/ <span style=\"color: #d12727;\"><a style=\"color: #d12727;\" href=\"https:\/\/www.csj-emballages.com\/produit\/25-boites-a-buche-ma-buche-40-x-11-x-10-cm\/\">40x11x10 cm<\/a><\/span><\/p>\n<p>&nbsp;<\/p>\n<p><!--more--><\/p>\n<p><a href=\"https:\/\/www.csj-emballages.com\/de\/categorie-produit\/lebensmittelverpackungen\/backerei-und-konditorei\/schachteln-und-etuis\/holzschachteln\/holzschachteln-ma-buche-mein-holzscheit\/\">Sehen Sie sich den Rest unseres Sortiments an Holzschachteln &#8218;Ma B\u00fbche&#8216; an.<\/a><\/p>\n<p>&nbsp;<\/p>\n","protected":false},"excerpt":{"rendered":"<p>Holzkiste Beschreibung unserer Holzschachtel &#8222;Ma B\u00fbche&#8220; 25x11x10 cm<\/p>\n","protected":false},"featured_media":8943,"template":"","meta":{"_acf_changed":false},"product_brand":[],"product_cat":[1137,1171,2067,2106,1265],"product_tag":[],"class_list":{"0":"post-19399","1":"product","2":"type-product","3":"status-publish","4":"has-post-thumbnail","6":"product_cat-lebensmittelverpackungen","7":"product_cat-backerei-und-konditorei","8":"product_cat-holzschachteln","9":"product_cat-holzschachteln-ma-buche-mein-holzscheit","10":"product_cat-lagerbestande-promotion","12":"first","13":"instock","14":"sale","15":"taxable","16":"shipping-taxable","17":"purchasable","18":"product-type-simple"},"acf":[],"yoast_head":"<!-- This site is optimized with the Yoast SEO Premium plugin v26.6 (Yoast SEO v26.6) - https:\/\/yoast.com\/wordpress\/plugins\/seo\/ -->\n<title>Holzschachtel 25x11x10 cm - Modell &#039;Ma B\u00fbche&#039; (Holzscheit)<\/title>\n<meta name=\"description\" content=\"Entdecken Sie jetzt unsere Holzschachtel 25x11x10 cm. Elegant und praktisch - ideal, um die Feiertage zu begehen!\" \/>\n<meta name=\"robots\" content=\"index, follow, max-snippet:-1, max-image-preview:large, max-video-preview:-1\" \/>\n<link rel=\"canonical\" href=\"https:\/\/www.csj-emballages.com\/de\/produit\/25-holzschachteln-ma-buche-25-x-11-x-10-cm\/\" \/>\n<meta property=\"og:locale\" content=\"de_DE\" \/>\n<meta property=\"og:type\" content=\"article\" \/>\n<meta property=\"og:title\" content=\"Holzschachtel 25x11x10 cm - Modell &#039;Ma B\u00fbche&#039; (Holzscheit)\" \/>\n<meta property=\"og:description\" content=\"Entdecken Sie jetzt unsere Holzschachtel 25x11x10 cm. Elegant und praktisch - ideal, um die Feiertage zu begehen!\" \/>\n<meta property=\"og:url\" content=\"https:\/\/www.csj-emballages.com\/de\/produit\/25-holzschachteln-ma-buche-25-x-11-x-10-cm\/\" \/>\n<meta property=\"og:site_name\" content=\"CSJ Emballages\" \/>\n<meta property=\"article:publisher\" content=\"https:\/\/www.facebook.com\/csjemballages\" \/>\n<meta property=\"article:modified_time\" content=\"2026-03-12T15:11:20+00:00\" \/>\n<meta property=\"og:image\" content=\"https:\/\/www.csj-emballages.com\/wp-content\/uploads\/2024\/03\/boite-buche-colore-ma-buche-carton-noel-rectangle-qualite-grossiste-csj-emba-1-jpg.webp\" \/>\n\t<meta property=\"og:image:width\" content=\"800\" \/>\n\t<meta property=\"og:image:height\" content=\"800\" \/>\n\t<meta property=\"og:image:type\" content=\"image\/jpeg\" \/>\n<meta name=\"twitter:card\" content=\"summary_large_image\" \/>\n<meta name=\"twitter:title\" content=\"Holzschachtel 25x11x10 cm - Modell &#039;Ma B\u00fbche&#039; (Holzscheit)\" \/>\n<meta name=\"twitter:description\" content=\"Entdecken Sie jetzt unsere Holzschachtel 25x11x10 cm. Elegant und praktisch - ideal, um die Feiertage zu begehen!\" \/>\n<meta name=\"twitter:label1\" content=\"Gesch\u00e4tzte Lesezeit\" \/>\n\t<meta name=\"twitter:data1\" content=\"3 Minuten\" \/>\n<script type=\"application\/ld+json\" class=\"yoast-schema-graph\">{\"@context\":\"https:\/\/schema.org\",\"@graph\":[{\"@type\":\"WebPage\",\"@id\":\"https:\/\/www.csj-emballages.com\/de\/produit\/25-holzschachteln-ma-buche-25-x-11-x-10-cm\/\",\"url\":\"https:\/\/www.csj-emballages.com\/de\/produit\/25-holzschachteln-ma-buche-25-x-11-x-10-cm\/\",\"name\":\"Holzschachtel 25x11x10 cm - Modell 'Ma B\u00fbche' (Holzscheit)\",\"isPartOf\":{\"@id\":\"https:\/\/www.csj-emballages.com\/de\/#website\"},\"primaryImageOfPage\":{\"@id\":\"https:\/\/www.csj-emballages.com\/de\/produit\/25-holzschachteln-ma-buche-25-x-11-x-10-cm\/#primaryimage\"},\"image\":{\"@id\":\"https:\/\/www.csj-emballages.com\/de\/produit\/25-holzschachteln-ma-buche-25-x-11-x-10-cm\/#primaryimage\"},\"thumbnailUrl\":\"https:\/\/www.csj-emballages.com\/wp-content\/uploads\/2024\/03\/boite-buche-colore-ma-buche-carton-noel-rectangle-qualite-grossiste-csj-emba-1-jpg.webp\",\"datePublished\":\"2024-03-01T15:57:20+00:00\",\"dateModified\":\"2026-03-12T15:11:20+00:00\",\"description\":\"Entdecken Sie jetzt unsere Holzschachtel 25x11x10 cm. Elegant und praktisch - ideal, um die Feiertage zu begehen!\",\"breadcrumb\":{\"@id\":\"https:\/\/www.csj-emballages.com\/de\/produit\/25-holzschachteln-ma-buche-25-x-11-x-10-cm\/#breadcrumb\"},\"inLanguage\":\"de\",\"potentialAction\":[{\"@type\":\"ReadAction\",\"target\":[\"https:\/\/www.csj-emballages.com\/de\/produit\/25-holzschachteln-ma-buche-25-x-11-x-10-cm\/\"]}]},{\"@type\":\"ImageObject\",\"inLanguage\":\"de\",\"@id\":\"https:\/\/www.csj-emballages.com\/de\/produit\/25-holzschachteln-ma-buche-25-x-11-x-10-cm\/#primaryimage\",\"url\":\"https:\/\/www.csj-emballages.com\/wp-content\/uploads\/2024\/03\/boite-buche-colore-ma-buche-carton-noel-rectangle-qualite-grossiste-csj-emba-1-jpg.webp\",\"contentUrl\":\"https:\/\/www.csj-emballages.com\/wp-content\/uploads\/2024\/03\/boite-buche-colore-ma-buche-carton-noel-rectangle-qualite-grossiste-csj-emba-1-jpg.webp\",\"width\":800,\"height\":800,\"caption\":\"Bo\u00eetes \u00e0 b\u00fbche 25x11x10 cm\"},{\"@type\":\"BreadcrumbList\",\"@id\":\"https:\/\/www.csj-emballages.com\/de\/produit\/25-holzschachteln-ma-buche-25-x-11-x-10-cm\/#breadcrumb\",\"itemListElement\":[{\"@type\":\"ListItem\",\"position\":1,\"name\":\"Accueil\",\"item\":\"https:\/\/www.csj-emballages.com\/de\/universum-lebensmittelverpackungen\/\"},{\"@type\":\"ListItem\",\"position\":2,\"name\":\"Shop\",\"item\":\"https:\/\/www.csj-emballages.com\/shop\/\"},{\"@type\":\"ListItem\",\"position\":3,\"name\":\"Holzschachtel \u00ab\u00a0Ma b\u00fbche\u00a0\u00bb 25 x 11 x 10 cm pro 25 St\u00fcck\"}]},{\"@type\":\"WebSite\",\"@id\":\"https:\/\/www.csj-emballages.com\/de\/#website\",\"url\":\"https:\/\/www.csj-emballages.com\/de\/\",\"name\":\"CSJ Emballages\",\"description\":\"\",\"publisher\":{\"@id\":\"https:\/\/www.csj-emballages.com\/de\/#organization\"},\"potentialAction\":[{\"@type\":\"SearchAction\",\"target\":{\"@type\":\"EntryPoint\",\"urlTemplate\":\"https:\/\/www.csj-emballages.com\/de\/?s={search_term_string}\"},\"query-input\":{\"@type\":\"PropertyValueSpecification\",\"valueRequired\":true,\"valueName\":\"search_term_string\"}}],\"inLanguage\":\"de\"},{\"@type\":\"Organization\",\"@id\":\"https:\/\/www.csj-emballages.com\/de\/#Organization\/\",\"name\":\"CSJ Emballages\",\"url\":\"https:\/\/www.csj-emballages.com\/de\/\",\"logo\":{\"@type\":\"ImageObject\",\"inLanguage\":\"de\",\"@id\":\"https:\/\/www.csj-emballages.com\/de\/#\/schema\/logo\/image\/\",\"url\":\"https:\/\/www.csj-emballages.com\/wp-content\/uploads\/2023\/10\/logo_csj.webp\",\"contentUrl\":\"https:\/\/www.csj-emballages.com\/wp-content\/uploads\/2023\/10\/logo_csj.webp\",\"width\":250,\"height\":95,\"caption\":\"CSJ Emballages\"},\"image\":{\"@id\":\"https:\/\/www.csj-emballages.com\/de\/#\/schema\/logo\/image\/\"},\"sameAs\":[\"https:\/\/www.facebook.com\/csjemballages\"],\"address\":{\"@type\":\"PostalAddress\",\"streetAddress\":\"ZI La Lechere\",\"addressLocality\":\"Patornay\",\"postalCode\":\"39130\",\"addressCountry\":\"FR\"},\"contactPoint\":[{\"@type\":\"ContactPoint\",\"contactType\":\"Service client\",\"telephone\":\"0384254272\",\"email\":\"contact@csj-emballages.com\"}]}]}<\/script>\n<!-- \/ Yoast SEO Premium plugin. -->","yoast_head_json":{"title":"Holzschachtel 25x11x10 cm - Modell 'Ma B\u00fbche' (Holzscheit)","description":"Entdecken Sie jetzt unsere Holzschachtel 25x11x10 cm. Elegant und praktisch - ideal, um die Feiertage zu begehen!","robots":{"index":"index","follow":"follow","max-snippet":"max-snippet:-1","max-image-preview":"max-image-preview:large","max-video-preview":"max-video-preview:-1"},"canonical":"https:\/\/www.csj-emballages.com\/de\/produit\/25-holzschachteln-ma-buche-25-x-11-x-10-cm\/","og_locale":"de_DE","og_type":"article","og_title":"Holzschachtel 25x11x10 cm - Modell 'Ma B\u00fbche' (Holzscheit)","og_description":"Entdecken Sie jetzt unsere Holzschachtel 25x11x10 cm. Elegant und praktisch - ideal, um die Feiertage zu begehen!","og_url":"https:\/\/www.csj-emballages.com\/de\/produit\/25-holzschachteln-ma-buche-25-x-11-x-10-cm\/","og_site_name":"CSJ Emballages","article_publisher":"https:\/\/www.facebook.com\/csjemballages","article_modified_time":"2026-03-12T15:11:20+00:00","og_image":[{"width":800,"height":800,"url":"https:\/\/www.csj-emballages.com\/wp-content\/uploads\/2024\/03\/boite-buche-colore-ma-buche-carton-noel-rectangle-qualite-grossiste-csj-emba-1-jpg.webp","type":"image\/jpeg"}],"twitter_card":"summary_large_image","twitter_title":"Holzschachtel 25x11x10 cm - Modell 'Ma B\u00fbche' (Holzscheit)","twitter_description":"Entdecken Sie jetzt unsere Holzschachtel 25x11x10 cm. Elegant und praktisch - ideal, um die Feiertage zu begehen!","twitter_misc":{"Gesch\u00e4tzte Lesezeit":"3 Minuten"},"schema":{"@context":"https:\/\/schema.org","@graph":[{"@type":"WebPage","@id":"https:\/\/www.csj-emballages.com\/de\/produit\/25-holzschachteln-ma-buche-25-x-11-x-10-cm\/","url":"https:\/\/www.csj-emballages.com\/de\/produit\/25-holzschachteln-ma-buche-25-x-11-x-10-cm\/","name":"Holzschachtel 25x11x10 cm - Modell 'Ma B\u00fbche' (Holzscheit)","isPartOf":{"@id":"https:\/\/www.csj-emballages.com\/de\/#website"},"primaryImageOfPage":{"@id":"https:\/\/www.csj-emballages.com\/de\/produit\/25-holzschachteln-ma-buche-25-x-11-x-10-cm\/#primaryimage"},"image":{"@id":"https:\/\/www.csj-emballages.com\/de\/produit\/25-holzschachteln-ma-buche-25-x-11-x-10-cm\/#primaryimage"},"thumbnailUrl":"https:\/\/www.csj-emballages.com\/wp-content\/uploads\/2024\/03\/boite-buche-colore-ma-buche-carton-noel-rectangle-qualite-grossiste-csj-emba-1-jpg.webp","datePublished":"2024-03-01T15:57:20+00:00","dateModified":"2026-03-12T15:11:20+00:00","description":"Entdecken Sie jetzt unsere Holzschachtel 25x11x10 cm. Elegant und praktisch - ideal, um die Feiertage zu begehen!","breadcrumb":{"@id":"https:\/\/www.csj-emballages.com\/de\/produit\/25-holzschachteln-ma-buche-25-x-11-x-10-cm\/#breadcrumb"},"inLanguage":"de","potentialAction":[{"@type":"ReadAction","target":["https:\/\/www.csj-emballages.com\/de\/produit\/25-holzschachteln-ma-buche-25-x-11-x-10-cm\/"]}]},{"@type":"ImageObject","inLanguage":"de","@id":"https:\/\/www.csj-emballages.com\/de\/produit\/25-holzschachteln-ma-buche-25-x-11-x-10-cm\/#primaryimage","url":"https:\/\/www.csj-emballages.com\/wp-content\/uploads\/2024\/03\/boite-buche-colore-ma-buche-carton-noel-rectangle-qualite-grossiste-csj-emba-1-jpg.webp","contentUrl":"https:\/\/www.csj-emballages.com\/wp-content\/uploads\/2024\/03\/boite-buche-colore-ma-buche-carton-noel-rectangle-qualite-grossiste-csj-emba-1-jpg.webp","width":800,"height":800,"caption":"Bo\u00eetes \u00e0 b\u00fbche 25x11x10 cm"},{"@type":"BreadcrumbList","@id":"https:\/\/www.csj-emballages.com\/de\/produit\/25-holzschachteln-ma-buche-25-x-11-x-10-cm\/#breadcrumb","itemListElement":[{"@type":"ListItem","position":1,"name":"Accueil","item":"https:\/\/www.csj-emballages.com\/de\/universum-lebensmittelverpackungen\/"},{"@type":"ListItem","position":2,"name":"Shop","item":"https:\/\/www.csj-emballages.com\/shop\/"},{"@type":"ListItem","position":3,"name":"Holzschachtel \u00ab\u00a0Ma b\u00fbche\u00a0\u00bb 25 x 11 x 10 cm pro 25 St\u00fcck"}]},{"@type":"WebSite","@id":"https:\/\/www.csj-emballages.com\/de\/#website","url":"https:\/\/www.csj-emballages.com\/de\/","name":"CSJ Emballages","description":"","publisher":{"@id":"https:\/\/www.csj-emballages.com\/de\/#organization"},"potentialAction":[{"@type":"SearchAction","target":{"@type":"EntryPoint","urlTemplate":"https:\/\/www.csj-emballages.com\/de\/?s={search_term_string}"},"query-input":{"@type":"PropertyValueSpecification","valueRequired":true,"valueName":"search_term_string"}}],"inLanguage":"de"},{"@type":"Organization","@id":"https:\/\/www.csj-emballages.com\/de\/#Organization\/","name":"CSJ Emballages","url":"https:\/\/www.csj-emballages.com\/de\/","logo":{"@type":"ImageObject","inLanguage":"de","@id":"https:\/\/www.csj-emballages.com\/de\/#\/schema\/logo\/image\/","url":"https:\/\/www.csj-emballages.com\/wp-content\/uploads\/2023\/10\/logo_csj.webp","contentUrl":"https:\/\/www.csj-emballages.com\/wp-content\/uploads\/2023\/10\/logo_csj.webp","width":250,"height":95,"caption":"CSJ Emballages"},"image":{"@id":"https:\/\/www.csj-emballages.com\/de\/#\/schema\/logo\/image\/"},"sameAs":["https:\/\/www.facebook.com\/csjemballages"],"address":{"@type":"PostalAddress","streetAddress":"ZI La Lechere","addressLocality":"Patornay","postalCode":"39130","addressCountry":"FR"},"contactPoint":[{"@type":"ContactPoint","contactType":"Service client","telephone":"0384254272","email":"contact@csj-emballages.com"}]}]}},"df_price":13.42,"df_sale_price":13.42,"df_regular_price":16.78,"df_image_link":"https:\/\/www.csj-emballages.com\/wp-content\/uploads\/2024\/03\/boite-buche-colore-ma-buche-carton-noel-rectangle-qualite-grossiste-csj-emba-1-300x300.webp","tiered_pricing_type":"fixed","tiered_pricing_fixed_rules":[],"tiered_pricing_percentage_rules":[],"tiered_pricing_minimum":1,"tiered_pricing_roles_data":[],"_links":{"self":[{"href":"https:\/\/www.csj-emballages.com\/de\/wp-json\/wp\/v2\/product\/19399","targetHints":{"allow":["GET"]}}],"collection":[{"href":"https:\/\/www.csj-emballages.com\/de\/wp-json\/wp\/v2\/product"}],"about":[{"href":"https:\/\/www.csj-emballages.com\/de\/wp-json\/wp\/v2\/types\/product"}],"wp:featuredmedia":[{"embeddable":true,"href":"https:\/\/www.csj-emballages.com\/de\/wp-json\/wp\/v2\/media\/8943"}],"wp:attachment":[{"href":"https:\/\/www.csj-emballages.com\/de\/wp-json\/wp\/v2\/media?parent=19399"}],"wp:term":[{"taxonomy":"product_brand","embeddable":true,"href":"https:\/\/www.csj-emballages.com\/de\/wp-json\/wp\/v2\/product_brand?post=19399"},{"taxonomy":"product_cat","embeddable":true,"href":"https:\/\/www.csj-emballages.com\/de\/wp-json\/wp\/v2\/product_cat?post=19399"},{"taxonomy":"product_tag","embeddable":true,"href":"https:\/\/www.csj-emballages.com\/de\/wp-json\/wp\/v2\/product_tag?post=19399"}],"curies":[{"name":"wp","href":"https:\/\/api.w.org\/{rel}","templated":true}]}}