{"id":19353,"date":"2024-03-01T16:57:20","date_gmt":"2024-03-01T15:57:20","guid":{"rendered":"https:\/\/u15jnbdpoq.preview.infomaniak.website\/produit\/25-stollenschachteln-suesse-weihnachten-25-x-11-x-10-cm\/"},"modified":"2026-03-12T16:11:36","modified_gmt":"2026-03-12T15:11:36","slug":"25-stollenschachteln-suesse-weihnachten-25-x-11-x-10-cm","status":"publish","type":"product","link":"https:\/\/www.csj-emballages.com\/de\/produit\/25-stollenschachteln-suesse-weihnachten-25-x-11-x-10-cm\/","title":{"rendered":"B\u00fbche-Box &#8222;S\u00fc\u00dfe Weihnacht&#8220; 25 x 11 x 10 cm, 25 St\u00fcck"},"content":{"rendered":"<h2>Holzkiste<\/h2>\n<hr>\n<h3>Beschreibung des Produkts<\/h3>\n<p><!--more--><\/p>\n<p>Entdecken Sie die 25x11x10 cm gro\u00dfen Holzschachteln &#8222;No\u00ebl Sucr\u00e9&#8220;, eine perfekte Wahl, um Ihre Weihnachtskreationen zu veredeln. Mit ihren idealen Ma\u00dfen von 25x11x10 cm bieten sie den perfekten Platz f\u00fcr Ihre Weihnachtsscheiterhaufen. Da sie aus Karton hergestellt sind, sch\u00fctzen sie Ihre Desserts und verleihen ihnen gleichzeitig eine gepflegte Pr\u00e4sentation. Das geschmackvolle Design dieser Schachteln hebt jedes Detail Ihres Scheiterhaufens hervor und verleiht Ihrer Festtafel eine raffinierte Note. Die praktischen Dosen lassen sich leicht \u00f6ffnen und erm\u00f6glichen so eine einfache und schnelle Handhabung. Die festlichen Farben verleihen Ihren Feierlichkeiten eine warme Atmosph\u00e4re. Lassen Sie Ihre Desserts in diesen formsch\u00f6nen und funktionalen Boxen gl\u00e4nzen. Eine perfekte L\u00f6sung, um Ihre Stollen sicher zu transportieren, ohne ihre Sch\u00f6nheit zu beeintr\u00e4chtigen. Mit den Boxen &#8222;S\u00fc\u00dfe Weihnachten&#8220; werden Ihre Desserts zum Mittelpunkt jeder Mahlzeit. Beeindrucken Sie Ihre G\u00e4ste mit einer Pr\u00e4sentation, die den gr\u00f6\u00dften Konditormeistern w\u00fcrdig ist.         <!--more--><\/p>\n<p>Diese Schachteln f\u00fcr Baumst\u00e4mme 25x11x10 cm eignen sich ideal f\u00fcr Weihnachtsfeiern und sind auch eine gute Wahl, um Ihre Desserts zu verschenken.<\/p>\n<p>&nbsp;<\/p>\n<p><!--more--><\/p>\n<p><strong>Ihre Vorteile :<\/strong><\/p>\n<ul>\n<li><strong>Ideale Gr\u00f6\u00dfe<\/strong>: Mit 25x11x10 cm sind sie perfekt f\u00fcr kleine Holzscheite geeignet.<\/li>\n<li><strong>Optimaler Schutz<\/strong>: Sie sch\u00fctzen Ihre Holzscheite beim Transport effektiv und verhindern Sch\u00e4den.<\/li>\n<li><strong>Sicherer<\/strong> Verschluss: Das praktische Verschlusssystem sorgt daf\u00fcr, dass Ihre Desserts bis zur Verkostung unversehrt bleiben.<\/li>\n<li><strong>Vielseitigkeit<\/strong>: Perfekt f\u00fcr Profis und Amateure, passend f\u00fcr verschiedene Anl\u00e4sse.<\/li>\n<\/ul>\n<p>&nbsp;<\/p>\n<p>&nbsp;<\/p>\n<p><!--more--><\/p>\n<h4>Weitere Informationen :<\/h4>\n<ul>\n<li><strong>Verpackung<\/strong>: Packung mit 25 St\u00fcck<\/li>\n<li><strong>Material<\/strong>: Karton<\/li>\n<li><strong>Ma\u00dfe<\/strong>: 25 x 11 x 10 cm (L x B x H)<\/li>\n<\/ul>\n<p>&nbsp;<\/p>\n<p><!--more--><\/p>\n<p>Dieses Produkt ist in verschiedenen Gr\u00f6\u00dfen erh\u00e4ltlich : <span style=\"color: #d12727\"><a style=\"color: #d12727\" href=\"https:\/\/www.csj-emballages.com\/produit\/25-boites-a-buche-noel-sucre-20-x-11-x-10-cm\/\">20 x 11 x 10 cm<\/a><\/span> \/ <span style=\"color: #d12727\"><a style=\"color: #d12727\" href=\"https:\/\/www.csj-emballages.com\/produit\/25-boites-a-buche-noel-sucre-30-x-11-x-10-cm\/\">30 x 11 x 10 cm<\/a><\/span> \/ <span style=\"color: #d12727\"><a style=\"color: #d12727\" href=\"https:\/\/www.csj-emballages.com\/produit\/25-boites-a-buche-noel-sucre-35-x-11-x-10-cm\/\">35 x 11 x 10 cm<\/a><\/span><\/p>\n<p>&nbsp;<\/p>\n<p><!--more--><\/p>\n<p><a href=\"https:\/\/www.csj-emballages.com\/categorie-produit\/emballages\/boulangerie-patisserie\/boites-et-etuis\/boites-a-buche\/boites-a-buche-noel-sucre\/\">Sehen Sie sich den Rest unseres Sortiments an Stollenboxen &#8218;S\u00fc\u00dfe Weihnachten&#8216; an<\/a><\/p>\n<p>&nbsp;<\/p>\n","protected":false},"excerpt":{"rendered":"<p>Holzkiste Beschreibung des Produkts<\/p>\n","protected":false},"featured_media":187423,"template":"","meta":{"_acf_changed":false},"product_brand":[],"product_cat":[1137,1171,2067,2102,1265],"product_tag":[],"class_list":{"0":"post-19353","1":"product","2":"type-product","3":"status-publish","4":"has-post-thumbnail","6":"product_cat-lebensmittelverpackungen","7":"product_cat-backerei-und-konditorei","8":"product_cat-holzschachteln","9":"product_cat-stollenschachteln-suse-weihnachten","10":"product_cat-lagerbestande-promotion","12":"first","13":"instock","14":"sale","15":"taxable","16":"shipping-taxable","17":"purchasable","18":"product-type-simple"},"acf":[],"yoast_head":"<!-- This site is optimized with the Yoast SEO Premium plugin v26.6 (Yoast SEO v26.6) - https:\/\/yoast.com\/wordpress\/plugins\/seo\/ -->\n<title>Holzschachteln 25x11x10 cm - Modell &#039;S\u00fc\u00dfe Weihnachten&#039;.<\/title>\n<meta name=\"description\" content=\"Entdecken Sie jetzt unsere Schachteln f\u00fcr Holzscheite 25x11x10 cm. Sie sind elegant und praktisch und eignen sich ideal, um die Feiertage zu zelebrieren!\" \/>\n<meta name=\"robots\" content=\"index, follow, max-snippet:-1, max-image-preview:large, max-video-preview:-1\" \/>\n<link rel=\"canonical\" href=\"https:\/\/www.csj-emballages.com\/de\/produit\/25-stollenschachteln-suesse-weihnachten-25-x-11-x-10-cm\/\" \/>\n<meta property=\"og:locale\" content=\"de_DE\" \/>\n<meta property=\"og:type\" content=\"article\" \/>\n<meta property=\"og:title\" content=\"B\u00fbche-Box &quot;S\u00fc\u00dfe Weihnacht&quot; 25 x 11 x 10 cm, 25 St\u00fcck\" \/>\n<meta property=\"og:description\" content=\"Entdecken Sie jetzt unsere Schachteln f\u00fcr Holzscheite 25x11x10 cm. Sie sind elegant und praktisch und eignen sich ideal, um die Feiertage zu zelebrieren!\" \/>\n<meta property=\"og:url\" content=\"https:\/\/www.csj-emballages.com\/de\/produit\/25-stollenschachteln-suesse-weihnachten-25-x-11-x-10-cm\/\" \/>\n<meta property=\"og:site_name\" content=\"CSJ Emballages\" \/>\n<meta property=\"article:publisher\" content=\"https:\/\/www.facebook.com\/csjemballages\" \/>\n<meta property=\"article:modified_time\" content=\"2026-03-12T15:11:36+00:00\" \/>\n<meta property=\"og:image\" content=\"https:\/\/www.csj-emballages.com\/wp-content\/uploads\/2024\/03\/buchenoelsucre-e1732694663977.webp\" \/>\n\t<meta property=\"og:image:width\" content=\"1088\" \/>\n\t<meta property=\"og:image:height\" content=\"1089\" \/>\n\t<meta property=\"og:image:type\" content=\"image\/webp\" \/>\n<meta name=\"twitter:card\" content=\"summary_large_image\" \/>\n<meta name=\"twitter:label1\" content=\"Gesch\u00e4tzte Lesezeit\" \/>\n\t<meta name=\"twitter:data1\" content=\"2 Minuten\" \/>\n<script type=\"application\/ld+json\" class=\"yoast-schema-graph\">{\"@context\":\"https:\/\/schema.org\",\"@graph\":[{\"@type\":\"WebPage\",\"@id\":\"https:\/\/www.csj-emballages.com\/de\/produit\/25-stollenschachteln-suesse-weihnachten-25-x-11-x-10-cm\/\",\"url\":\"https:\/\/www.csj-emballages.com\/de\/produit\/25-stollenschachteln-suesse-weihnachten-25-x-11-x-10-cm\/\",\"name\":\"Holzschachteln 25x11x10 cm - Modell 'S\u00fc\u00dfe Weihnachten'.\",\"isPartOf\":{\"@id\":\"https:\/\/www.csj-emballages.com\/de\/#website\"},\"primaryImageOfPage\":{\"@id\":\"https:\/\/www.csj-emballages.com\/de\/produit\/25-stollenschachteln-suesse-weihnachten-25-x-11-x-10-cm\/#primaryimage\"},\"image\":{\"@id\":\"https:\/\/www.csj-emballages.com\/de\/produit\/25-stollenschachteln-suesse-weihnachten-25-x-11-x-10-cm\/#primaryimage\"},\"thumbnailUrl\":\"https:\/\/www.csj-emballages.com\/wp-content\/uploads\/2024\/03\/buchenoelsucre-e1732694663977.webp\",\"datePublished\":\"2024-03-01T15:57:20+00:00\",\"dateModified\":\"2026-03-12T15:11:36+00:00\",\"description\":\"Entdecken Sie jetzt unsere Schachteln f\u00fcr Holzscheite 25x11x10 cm. Sie sind elegant und praktisch und eignen sich ideal, um die Feiertage zu zelebrieren!\",\"breadcrumb\":{\"@id\":\"https:\/\/www.csj-emballages.com\/de\/produit\/25-stollenschachteln-suesse-weihnachten-25-x-11-x-10-cm\/#breadcrumb\"},\"inLanguage\":\"de\",\"potentialAction\":[{\"@type\":\"ReadAction\",\"target\":[\"https:\/\/www.csj-emballages.com\/de\/produit\/25-stollenschachteln-suesse-weihnachten-25-x-11-x-10-cm\/\"]}]},{\"@type\":\"ImageObject\",\"inLanguage\":\"de\",\"@id\":\"https:\/\/www.csj-emballages.com\/de\/produit\/25-stollenschachteln-suesse-weihnachten-25-x-11-x-10-cm\/#primaryimage\",\"url\":\"https:\/\/www.csj-emballages.com\/wp-content\/uploads\/2024\/03\/buchenoelsucre-e1732694663977.webp\",\"contentUrl\":\"https:\/\/www.csj-emballages.com\/wp-content\/uploads\/2024\/03\/buchenoelsucre-e1732694663977.webp\",\"width\":1088,\"height\":1089,\"caption\":\"boite a buche\"},{\"@type\":\"BreadcrumbList\",\"@id\":\"https:\/\/www.csj-emballages.com\/de\/produit\/25-stollenschachteln-suesse-weihnachten-25-x-11-x-10-cm\/#breadcrumb\",\"itemListElement\":[{\"@type\":\"ListItem\",\"position\":1,\"name\":\"Accueil\",\"item\":\"https:\/\/www.csj-emballages.com\/de\/universum-lebensmittelverpackungen\/\"},{\"@type\":\"ListItem\",\"position\":2,\"name\":\"Shop\",\"item\":\"https:\/\/www.csj-emballages.com\/shop\/\"},{\"@type\":\"ListItem\",\"position\":3,\"name\":\"B\u00fbche-Box \u00ab\u00a0S\u00fc\u00dfe Weihnacht\u00a0\u00bb 25 x 11 x 10 cm, 25 St\u00fcck\"}]},{\"@type\":\"WebSite\",\"@id\":\"https:\/\/www.csj-emballages.com\/de\/#website\",\"url\":\"https:\/\/www.csj-emballages.com\/de\/\",\"name\":\"CSJ Emballages\",\"description\":\"\",\"publisher\":{\"@id\":\"https:\/\/www.csj-emballages.com\/de\/#organization\"},\"potentialAction\":[{\"@type\":\"SearchAction\",\"target\":{\"@type\":\"EntryPoint\",\"urlTemplate\":\"https:\/\/www.csj-emballages.com\/de\/?s={search_term_string}\"},\"query-input\":{\"@type\":\"PropertyValueSpecification\",\"valueRequired\":true,\"valueName\":\"search_term_string\"}}],\"inLanguage\":\"de\"},{\"@type\":\"Organization\",\"@id\":\"https:\/\/www.csj-emballages.com\/de\/#Organization\/\",\"name\":\"CSJ Emballages\",\"url\":\"https:\/\/www.csj-emballages.com\/de\/\",\"logo\":{\"@type\":\"ImageObject\",\"inLanguage\":\"de\",\"@id\":\"https:\/\/www.csj-emballages.com\/de\/#\/schema\/logo\/image\/\",\"url\":\"https:\/\/www.csj-emballages.com\/wp-content\/uploads\/2023\/10\/logo_csj.webp\",\"contentUrl\":\"https:\/\/www.csj-emballages.com\/wp-content\/uploads\/2023\/10\/logo_csj.webp\",\"width\":250,\"height\":95,\"caption\":\"CSJ Emballages\"},\"image\":{\"@id\":\"https:\/\/www.csj-emballages.com\/de\/#\/schema\/logo\/image\/\"},\"sameAs\":[\"https:\/\/www.facebook.com\/csjemballages\"],\"address\":{\"@type\":\"PostalAddress\",\"streetAddress\":\"ZI La Lechere\",\"addressLocality\":\"Patornay\",\"postalCode\":\"39130\",\"addressCountry\":\"FR\"},\"contactPoint\":[{\"@type\":\"ContactPoint\",\"contactType\":\"Service client\",\"telephone\":\"0384254272\",\"email\":\"contact@csj-emballages.com\"}]}]}<\/script>\n<!-- \/ Yoast SEO Premium plugin. -->","yoast_head_json":{"title":"Holzschachteln 25x11x10 cm - Modell 'S\u00fc\u00dfe Weihnachten'.","description":"Entdecken Sie jetzt unsere Schachteln f\u00fcr Holzscheite 25x11x10 cm. Sie sind elegant und praktisch und eignen sich ideal, um die Feiertage zu zelebrieren!","robots":{"index":"index","follow":"follow","max-snippet":"max-snippet:-1","max-image-preview":"max-image-preview:large","max-video-preview":"max-video-preview:-1"},"canonical":"https:\/\/www.csj-emballages.com\/de\/produit\/25-stollenschachteln-suesse-weihnachten-25-x-11-x-10-cm\/","og_locale":"de_DE","og_type":"article","og_title":"B\u00fbche-Box \"S\u00fc\u00dfe Weihnacht\" 25 x 11 x 10 cm, 25 St\u00fcck","og_description":"Entdecken Sie jetzt unsere Schachteln f\u00fcr Holzscheite 25x11x10 cm. Sie sind elegant und praktisch und eignen sich ideal, um die Feiertage zu zelebrieren!","og_url":"https:\/\/www.csj-emballages.com\/de\/produit\/25-stollenschachteln-suesse-weihnachten-25-x-11-x-10-cm\/","og_site_name":"CSJ Emballages","article_publisher":"https:\/\/www.facebook.com\/csjemballages","article_modified_time":"2026-03-12T15:11:36+00:00","og_image":[{"width":1088,"height":1089,"url":"https:\/\/www.csj-emballages.com\/wp-content\/uploads\/2024\/03\/buchenoelsucre-e1732694663977.webp","type":"image\/webp"}],"twitter_card":"summary_large_image","twitter_misc":{"Gesch\u00e4tzte Lesezeit":"2 Minuten"},"schema":{"@context":"https:\/\/schema.org","@graph":[{"@type":"WebPage","@id":"https:\/\/www.csj-emballages.com\/de\/produit\/25-stollenschachteln-suesse-weihnachten-25-x-11-x-10-cm\/","url":"https:\/\/www.csj-emballages.com\/de\/produit\/25-stollenschachteln-suesse-weihnachten-25-x-11-x-10-cm\/","name":"Holzschachteln 25x11x10 cm - Modell 'S\u00fc\u00dfe Weihnachten'.","isPartOf":{"@id":"https:\/\/www.csj-emballages.com\/de\/#website"},"primaryImageOfPage":{"@id":"https:\/\/www.csj-emballages.com\/de\/produit\/25-stollenschachteln-suesse-weihnachten-25-x-11-x-10-cm\/#primaryimage"},"image":{"@id":"https:\/\/www.csj-emballages.com\/de\/produit\/25-stollenschachteln-suesse-weihnachten-25-x-11-x-10-cm\/#primaryimage"},"thumbnailUrl":"https:\/\/www.csj-emballages.com\/wp-content\/uploads\/2024\/03\/buchenoelsucre-e1732694663977.webp","datePublished":"2024-03-01T15:57:20+00:00","dateModified":"2026-03-12T15:11:36+00:00","description":"Entdecken Sie jetzt unsere Schachteln f\u00fcr Holzscheite 25x11x10 cm. Sie sind elegant und praktisch und eignen sich ideal, um die Feiertage zu zelebrieren!","breadcrumb":{"@id":"https:\/\/www.csj-emballages.com\/de\/produit\/25-stollenschachteln-suesse-weihnachten-25-x-11-x-10-cm\/#breadcrumb"},"inLanguage":"de","potentialAction":[{"@type":"ReadAction","target":["https:\/\/www.csj-emballages.com\/de\/produit\/25-stollenschachteln-suesse-weihnachten-25-x-11-x-10-cm\/"]}]},{"@type":"ImageObject","inLanguage":"de","@id":"https:\/\/www.csj-emballages.com\/de\/produit\/25-stollenschachteln-suesse-weihnachten-25-x-11-x-10-cm\/#primaryimage","url":"https:\/\/www.csj-emballages.com\/wp-content\/uploads\/2024\/03\/buchenoelsucre-e1732694663977.webp","contentUrl":"https:\/\/www.csj-emballages.com\/wp-content\/uploads\/2024\/03\/buchenoelsucre-e1732694663977.webp","width":1088,"height":1089,"caption":"boite a buche"},{"@type":"BreadcrumbList","@id":"https:\/\/www.csj-emballages.com\/de\/produit\/25-stollenschachteln-suesse-weihnachten-25-x-11-x-10-cm\/#breadcrumb","itemListElement":[{"@type":"ListItem","position":1,"name":"Accueil","item":"https:\/\/www.csj-emballages.com\/de\/universum-lebensmittelverpackungen\/"},{"@type":"ListItem","position":2,"name":"Shop","item":"https:\/\/www.csj-emballages.com\/shop\/"},{"@type":"ListItem","position":3,"name":"B\u00fbche-Box \u00ab\u00a0S\u00fc\u00dfe Weihnacht\u00a0\u00bb 25 x 11 x 10 cm, 25 St\u00fcck"}]},{"@type":"WebSite","@id":"https:\/\/www.csj-emballages.com\/de\/#website","url":"https:\/\/www.csj-emballages.com\/de\/","name":"CSJ Emballages","description":"","publisher":{"@id":"https:\/\/www.csj-emballages.com\/de\/#organization"},"potentialAction":[{"@type":"SearchAction","target":{"@type":"EntryPoint","urlTemplate":"https:\/\/www.csj-emballages.com\/de\/?s={search_term_string}"},"query-input":{"@type":"PropertyValueSpecification","valueRequired":true,"valueName":"search_term_string"}}],"inLanguage":"de"},{"@type":"Organization","@id":"https:\/\/www.csj-emballages.com\/de\/#Organization\/","name":"CSJ Emballages","url":"https:\/\/www.csj-emballages.com\/de\/","logo":{"@type":"ImageObject","inLanguage":"de","@id":"https:\/\/www.csj-emballages.com\/de\/#\/schema\/logo\/image\/","url":"https:\/\/www.csj-emballages.com\/wp-content\/uploads\/2023\/10\/logo_csj.webp","contentUrl":"https:\/\/www.csj-emballages.com\/wp-content\/uploads\/2023\/10\/logo_csj.webp","width":250,"height":95,"caption":"CSJ Emballages"},"image":{"@id":"https:\/\/www.csj-emballages.com\/de\/#\/schema\/logo\/image\/"},"sameAs":["https:\/\/www.facebook.com\/csjemballages"],"address":{"@type":"PostalAddress","streetAddress":"ZI La Lechere","addressLocality":"Patornay","postalCode":"39130","addressCountry":"FR"},"contactPoint":[{"@type":"ContactPoint","contactType":"Service client","telephone":"0384254272","email":"contact@csj-emballages.com"}]}]}},"df_price":16.48,"df_sale_price":16.48,"df_regular_price":17.35,"df_image_link":"https:\/\/www.csj-emballages.com\/wp-content\/uploads\/2024\/03\/buchenoelsucre-300x300.webp","tiered_pricing_type":"fixed","tiered_pricing_fixed_rules":[],"tiered_pricing_percentage_rules":[],"tiered_pricing_minimum":1,"tiered_pricing_roles_data":[],"_links":{"self":[{"href":"https:\/\/www.csj-emballages.com\/de\/wp-json\/wp\/v2\/product\/19353","targetHints":{"allow":["GET"]}}],"collection":[{"href":"https:\/\/www.csj-emballages.com\/de\/wp-json\/wp\/v2\/product"}],"about":[{"href":"https:\/\/www.csj-emballages.com\/de\/wp-json\/wp\/v2\/types\/product"}],"wp:featuredmedia":[{"embeddable":true,"href":"https:\/\/www.csj-emballages.com\/de\/wp-json\/wp\/v2\/media\/187423"}],"wp:attachment":[{"href":"https:\/\/www.csj-emballages.com\/de\/wp-json\/wp\/v2\/media?parent=19353"}],"wp:term":[{"taxonomy":"product_brand","embeddable":true,"href":"https:\/\/www.csj-emballages.com\/de\/wp-json\/wp\/v2\/product_brand?post=19353"},{"taxonomy":"product_cat","embeddable":true,"href":"https:\/\/www.csj-emballages.com\/de\/wp-json\/wp\/v2\/product_cat?post=19353"},{"taxonomy":"product_tag","embeddable":true,"href":"https:\/\/www.csj-emballages.com\/de\/wp-json\/wp\/v2\/product_tag?post=19353"}],"curies":[{"name":"wp","href":"https:\/\/api.w.org\/{rel}","templated":true}]}}