{"id":19350,"date":"2024-03-01T16:57:22","date_gmt":"2024-03-01T15:57:22","guid":{"rendered":"https:\/\/u15jnbdpoq.preview.infomaniak.website\/produit\/25-luxus-rubinballotins-250-gramm-mit-kartonboden\/"},"modified":"2026-03-12T16:11:03","modified_gmt":"2026-03-12T15:11:03","slug":"25-luxus-rubinballotins-250-gramm-mit-kartonboden","status":"publish","type":"product","link":"https:\/\/www.csj-emballages.com\/de\/produit\/25-luxus-rubinballotins-250-gramm-mit-kartonboden\/","title":{"rendered":"Ballotin Rubin Luxus 250 Gramm mit Kartonboden pro 25"},"content":{"rendered":"<h2>Ballotin Rubin<\/h2>\n<hr>\n<h3>Beschreibung von unserem Ballotin Rubin 250 Gramm mit Kartonboden pro 25<\/h3>\n<p><!--more--><\/p>\n<p data-start=\"95\" data-end=\"627\">Verleihen Sie Ihren <strong>Pralinen, Konfekt oder kleinen Feinschmeckergeschenken<\/strong> eine elegante und raffinierte Pr\u00e4sentation mit unserem <strong data-start=\"208\" data-end=\"268\">Rubin-Ballotin 250 Gramm mit Kartonboden im 25er-Pack<\/strong>. Speziell entwickelt f\u00fcr Chocolatiers, Konditoren und H\u00e4ndler, die ihre Kreationen aufwerten m\u00f6chten, vereint dieser <strong>rote Ballotin<\/strong> Praktikabilit\u00e4t und \u00c4sthetik. Seine <strong>rubinrote<\/strong> Oberfl\u00e4che verleiht ihm einen <strong>subtilen<\/strong> und <strong>festlichen Glanz<\/strong>, ideal f\u00fcr festliche Anl\u00e4sse wie Weihnachten, Ostern, Valentinstag oder auch Hochzeiten und Firmenveranstaltungen.<\/p>\n<p data-start=\"629\" data-end=\"1004\">Mit einem Fassungsverm\u00f6gen von <strong data-start=\"650\" data-end=\"665\">250 Gramm<\/strong> erm\u00f6glicht dieser <strong>Ballotin<\/strong> die Verpackung einer sch\u00f6nen Auswahl an <strong>Pralinen<\/strong> oder <strong>verschiedenem Konfekt<\/strong>. Der <strong data-start=\"756\" data-end=\"780\">verst\u00e4rkte Kartonboden<\/strong> gew\u00e4hrleistet eine ausgezeichnete Stabilit\u00e4t und gute Gewichtsfestigkeit, wobei Ihre Produkte w\u00e4hrend des Transports gesch\u00fctzt bleiben. Die Qualit\u00e4t des <strong>Kartons<\/strong> garantiert zudem optimalen Schutz vor Feuchtigkeit und leichten St\u00f6\u00dfen.<\/p>\n<p data-start=\"1006\" data-end=\"1364\"><strong data-start=\"1018\" data-end=\"1035\">Im 25er-Pack<\/strong> verpackt, ist dieser <strong>Ballotin<\/strong> eine praktische und wirtschaftliche Wahl f\u00fcr Fachleute, die einen auf die t\u00e4glichen Bed\u00fcrfnisse ihres Gesch\u00e4fts zugeschnittenen Vorrat w\u00fcnschen. Einfach zu montieren, erm\u00f6glicht er eine Zeitersparnis bei der Vorbereitung von Bestellungen und passt sich verschiedenen Band- oder Etikettenstilen f\u00fcr eine einzigartige Personalisierung an.<\/p>\n<p data-start=\"1366\" data-end=\"1637\">Ob Sie Handwerker, Wiederverk\u00e4ufer oder Event-Organisator sind, der <strong data-start=\"1433\" data-end=\"1463\">Rubin-Ballotin 250 g<\/strong> verleiht Ihren Verpackungen eine schicke und professionelle Note. Seine elegante Schlichtheit wird Ihre Kreationen hervorheben und gleichzeitig das Qualit\u00e4tsimage Ihrer Marke st\u00e4rken.<\/p>\n<p data-start=\"1423\" data-end=\"1694\"><!--more--><\/p>\n<h4 data-start=\"1423\" data-end=\"1694\">Vorteile :<\/h4>\n<ul>\n<li data-start=\"1423\" data-end=\"1694\">Elegantes und festliches <strong data-start=\"1857\" data-end=\"1876\">Rubinfinish<\/strong>, um Ihre Produkte hervorzuheben.<\/li>\n<li data-start=\"1423\" data-end=\"1694\"><strong data-start=\"1928\" data-end=\"1946\">250 g Fassungsverm\u00f6gen<\/strong>, ideal f\u00fcr Schokolade und S\u00fc\u00dfwaren.<\/li>\n<li data-start=\"1423\" data-end=\"1694\">Verst\u00e4rkter Pappboden f\u00fcr mehr Stabilit\u00e4t und Widerstandsf\u00e4higkeit.<\/li>\n<li data-start=\"1423\" data-end=\"1694\"><strong data-start=\"2061\" data-end=\"2083\">Verpackt in 25 St\u00fcck<\/strong>, praktisch und kosteng\u00fcnstig f\u00fcr den professionellen Gebrauch.<\/li>\n<li data-start=\"1423\" data-end=\"1694\">Einfach zu personalisieren mit <span style=\"color: #d12727;\"><a style=\"color: #d12727;\" href=\"https:\/\/www.csj-emballages.com\/de\/categorie-produit\/lebensmittelverpackungen\/backerei-und-konditorei\/zubehor-und-ausstattung\/dekoratives-zubehor\/\">B\u00e4ndern<\/a><\/span>, <span style=\"color: #d12727;\"><a style=\"color: #d12727;\" href=\"https:\/\/www.csj-emballages.com\/de\/categorie-produit\/lebensmittelverpackungen\/backerei-und-konditorei\/zubehor-und-ausstattung\/etiketten\/\">Etiketten<\/a><\/span> oder Stickern.<\/li>\n<li data-start=\"1423\" data-end=\"1694\">Eignet sich hervorragend f\u00fcr Veranstaltungen, Partys und Feinschmeckergeschenke<strong data-start=\"2230\" data-end=\"2272\">.<\/strong><\/li>\n<\/ul>\n<p>&nbsp;<\/p>\n<p><!--more--><\/p>\n<h4>Weitere Informationen :<\/h4>\n<ul style=\"box-sizing: inherit; font-family: Roboto, sans-serif;\">\n<li><strong>Verpackung<\/strong>: Packung mit 25 St\u00fcck<\/li>\n<li><strong>Abmessungen<\/strong>: 110 x 58 x 60 mm (L x B x H in mm)<\/li>\n<li><strong>Material<\/strong>: Karton<\/li>\n<li><strong>Farbe<\/strong>: Rubinrot<\/li>\n<li><strong>Fassungsverm\u00f6gen<\/strong>: 250g<\/li>\n<\/ul>\n<p>&nbsp;<\/p>\n<p><!--more--><\/p>\n<p>Hier finden Sie unser 375g Ballotin Rubin : <span style=\"color: #d12727;\"><a style=\"color: #d12727;\" href=\"https:\/\/www.csj-emballages.com\/produit\/25-boites-ballotins-carton-rubis-luxe-375-grammes\/\">BALLO375RUBI<\/a><\/span><\/p>\n<p>&nbsp;<\/p>\n<p><!--more--><\/p>\n<p>Dieses Produkt ist auch in verschiedenen Farben erh\u00e4ltlich : <span style=\"color: #d12727;\"><a style=\"color: #d12727;\" href=\"https:\/\/www.csj-emballages.com\/es\/produit\/25-cajas-blancas-nacaradas-de-250-gramos-con-base-de-carton\/\">Perlwei\u00df<\/a><\/span> \/ <span style=\"color: #d12727;\"><a style=\"color: #d12727;\" href=\"https:\/\/www.csj-emballages.com\/produit\/25-boites-ballotins-carton-kraft-250-grammes\/\">Kraft<\/a><\/span> \/ <span style=\"color: #d12727;\"><a style=\"color: #d12727;\" href=\"https:\/\/www.csj-emballages.com\/produit\/25-ballotin-cacao-luxe-250-grammes-avec-fond-carton\/\">Kakao<\/a><\/span> \/ <span style=\"color: #d12727;\"><a style=\"color: #d12727;\" href=\"https:\/\/www.csj-emballages.com\/produit\/25-ballotin-or-250-grammes-avec-fond-carton\/\">Gold<\/a><\/span><\/p>\n<p>&nbsp;<\/p>\n<p><!--more--><\/p>\n<p><a href=\"https:\/\/www.csj-emballages.com\/de\/categorie-produit\/lebensmittelverpackungen\/backerei-und-konditorei\/schachteln-und-etuis\/schachteln-mit-ballotins\/\">Sehen Sie sich den Rest unseres Sortiments an Ballonschachteln an<\/a><\/p>\n","protected":false},"excerpt":{"rendered":"<p>Ballotin Rubin Beschreibung von unserem Ballotin Rubin 250 Gramm mit Kartonboden pro 25<\/p>\n","protected":false},"featured_media":242252,"template":"","meta":{"_acf_changed":false},"product_brand":[],"product_cat":[1137,1171,2054,2068,1265],"product_tag":[],"class_list":{"0":"post-19350","1":"product","2":"type-product","3":"status-publish","4":"has-post-thumbnail","6":"product_cat-lebensmittelverpackungen","7":"product_cat-backerei-und-konditorei","8":"product_cat-schachteln-mit-ballotins","9":"product_cat-rubinrote-ballotins-luxus","10":"product_cat-lagerbestande-promotion","12":"first","13":"instock","14":"sale","15":"taxable","16":"shipping-taxable","17":"purchasable","18":"product-type-simple"},"acf":[],"yoast_head":"<!-- This site is optimized with the Yoast SEO Premium plugin v26.6 (Yoast SEO v26.6) - https:\/\/yoast.com\/wordpress\/plugins\/seo\/ -->\n<title>Ballotin Rubin 250 Gramm mit Bodenkarton pro 25<\/title>\n<meta name=\"description\" content=\"Eleganter Rubin-Ballotin 250 g mit Kartonboden, im 25er-Pack erh\u00e4ltlich. Ideal f\u00fcr Pralinen und Konfekt, schick und praktisch f\u00fcr Ihre Verpackungen.\" \/>\n<meta name=\"robots\" content=\"index, follow, max-snippet:-1, max-image-preview:large, max-video-preview:-1\" \/>\n<link rel=\"canonical\" href=\"https:\/\/www.csj-emballages.com\/de\/produit\/25-luxus-rubinballotins-250-gramm-mit-kartonboden\/\" \/>\n<meta property=\"og:locale\" content=\"de_DE\" \/>\n<meta property=\"og:type\" content=\"article\" \/>\n<meta property=\"og:title\" content=\"Ballotin Rubin Luxus 250 Gramm mit Kartonboden pro 25\" \/>\n<meta property=\"og:description\" content=\"Eleganter Rubin-Ballotin 250 g mit Kartonboden, im 25er-Pack erh\u00e4ltlich. Ideal f\u00fcr Pralinen und Konfekt, schick und praktisch f\u00fcr Ihre Verpackungen.\" \/>\n<meta property=\"og:url\" content=\"https:\/\/www.csj-emballages.com\/de\/produit\/25-luxus-rubinballotins-250-gramm-mit-kartonboden\/\" \/>\n<meta property=\"og:site_name\" content=\"CSJ Emballages\" \/>\n<meta property=\"article:publisher\" content=\"https:\/\/www.facebook.com\/csjemballages\" \/>\n<meta property=\"article:modified_time\" content=\"2026-03-12T15:11:03+00:00\" \/>\n<meta property=\"og:image\" content=\"https:\/\/www.csj-emballages.com\/wp-content\/uploads\/2024\/03\/BALLO250RUBI.webp\" \/>\n\t<meta property=\"og:image:width\" content=\"800\" \/>\n\t<meta property=\"og:image:height\" content=\"800\" \/>\n\t<meta property=\"og:image:type\" content=\"image\/webp\" \/>\n<meta name=\"twitter:card\" content=\"summary_large_image\" \/>\n<meta name=\"twitter:label1\" content=\"Gesch\u00e4tzte Lesezeit\" \/>\n\t<meta name=\"twitter:data1\" content=\"2 Minuten\" \/>\n<script type=\"application\/ld+json\" class=\"yoast-schema-graph\">{\"@context\":\"https:\/\/schema.org\",\"@graph\":[{\"@type\":\"WebPage\",\"@id\":\"https:\/\/www.csj-emballages.com\/de\/produit\/25-luxus-rubinballotins-250-gramm-mit-kartonboden\/\",\"url\":\"https:\/\/www.csj-emballages.com\/de\/produit\/25-luxus-rubinballotins-250-gramm-mit-kartonboden\/\",\"name\":\"Ballotin Rubin 250 Gramm mit Bodenkarton pro 25\",\"isPartOf\":{\"@id\":\"https:\/\/www.csj-emballages.com\/de\/#website\"},\"primaryImageOfPage\":{\"@id\":\"https:\/\/www.csj-emballages.com\/de\/produit\/25-luxus-rubinballotins-250-gramm-mit-kartonboden\/#primaryimage\"},\"image\":{\"@id\":\"https:\/\/www.csj-emballages.com\/de\/produit\/25-luxus-rubinballotins-250-gramm-mit-kartonboden\/#primaryimage\"},\"thumbnailUrl\":\"https:\/\/www.csj-emballages.com\/wp-content\/uploads\/2024\/03\/BALLO250RUBI.webp\",\"datePublished\":\"2024-03-01T15:57:22+00:00\",\"dateModified\":\"2026-03-12T15:11:03+00:00\",\"description\":\"Eleganter Rubin-Ballotin 250 g mit Kartonboden, im 25er-Pack erh\u00e4ltlich. Ideal f\u00fcr Pralinen und Konfekt, schick und praktisch f\u00fcr Ihre Verpackungen.\",\"breadcrumb\":{\"@id\":\"https:\/\/www.csj-emballages.com\/de\/produit\/25-luxus-rubinballotins-250-gramm-mit-kartonboden\/#breadcrumb\"},\"inLanguage\":\"de\",\"potentialAction\":[{\"@type\":\"ReadAction\",\"target\":[\"https:\/\/www.csj-emballages.com\/de\/produit\/25-luxus-rubinballotins-250-gramm-mit-kartonboden\/\"]}]},{\"@type\":\"ImageObject\",\"inLanguage\":\"de\",\"@id\":\"https:\/\/www.csj-emballages.com\/de\/produit\/25-luxus-rubinballotins-250-gramm-mit-kartonboden\/#primaryimage\",\"url\":\"https:\/\/www.csj-emballages.com\/wp-content\/uploads\/2024\/03\/BALLO250RUBI.webp\",\"contentUrl\":\"https:\/\/www.csj-emballages.com\/wp-content\/uploads\/2024\/03\/BALLO250RUBI.webp\",\"width\":800,\"height\":800,\"caption\":\"Ballotin rubis\"},{\"@type\":\"BreadcrumbList\",\"@id\":\"https:\/\/www.csj-emballages.com\/de\/produit\/25-luxus-rubinballotins-250-gramm-mit-kartonboden\/#breadcrumb\",\"itemListElement\":[{\"@type\":\"ListItem\",\"position\":1,\"name\":\"Accueil\",\"item\":\"https:\/\/www.csj-emballages.com\/de\/universum-lebensmittelverpackungen\/\"},{\"@type\":\"ListItem\",\"position\":2,\"name\":\"Shop\",\"item\":\"https:\/\/www.csj-emballages.com\/shop\/\"},{\"@type\":\"ListItem\",\"position\":3,\"name\":\"Ballotin Rubin Luxus 250 Gramm mit Kartonboden pro 25\"}]},{\"@type\":\"WebSite\",\"@id\":\"https:\/\/www.csj-emballages.com\/de\/#website\",\"url\":\"https:\/\/www.csj-emballages.com\/de\/\",\"name\":\"CSJ Emballages\",\"description\":\"\",\"publisher\":{\"@id\":\"https:\/\/www.csj-emballages.com\/de\/#organization\"},\"potentialAction\":[{\"@type\":\"SearchAction\",\"target\":{\"@type\":\"EntryPoint\",\"urlTemplate\":\"https:\/\/www.csj-emballages.com\/de\/?s={search_term_string}\"},\"query-input\":{\"@type\":\"PropertyValueSpecification\",\"valueRequired\":true,\"valueName\":\"search_term_string\"}}],\"inLanguage\":\"de\"},{\"@type\":\"Organization\",\"@id\":\"https:\/\/www.csj-emballages.com\/de\/#Organization\/\",\"name\":\"CSJ Emballages\",\"url\":\"https:\/\/www.csj-emballages.com\/de\/\",\"logo\":{\"@type\":\"ImageObject\",\"inLanguage\":\"de\",\"@id\":\"https:\/\/www.csj-emballages.com\/de\/#\/schema\/logo\/image\/\",\"url\":\"https:\/\/www.csj-emballages.com\/wp-content\/uploads\/2023\/10\/logo_csj.webp\",\"contentUrl\":\"https:\/\/www.csj-emballages.com\/wp-content\/uploads\/2023\/10\/logo_csj.webp\",\"width\":250,\"height\":95,\"caption\":\"CSJ Emballages\"},\"image\":{\"@id\":\"https:\/\/www.csj-emballages.com\/de\/#\/schema\/logo\/image\/\"},\"sameAs\":[\"https:\/\/www.facebook.com\/csjemballages\"],\"address\":{\"@type\":\"PostalAddress\",\"streetAddress\":\"ZI La Lechere\",\"addressLocality\":\"Patornay\",\"postalCode\":\"39130\",\"addressCountry\":\"FR\"},\"contactPoint\":[{\"@type\":\"ContactPoint\",\"contactType\":\"Service client\",\"telephone\":\"0384254272\",\"email\":\"contact@csj-emballages.com\"}]}]}<\/script>\n<!-- \/ Yoast SEO Premium plugin. -->","yoast_head_json":{"title":"Ballotin Rubin 250 Gramm mit Bodenkarton pro 25","description":"Eleganter Rubin-Ballotin 250 g mit Kartonboden, im 25er-Pack erh\u00e4ltlich. Ideal f\u00fcr Pralinen und Konfekt, schick und praktisch f\u00fcr Ihre Verpackungen.","robots":{"index":"index","follow":"follow","max-snippet":"max-snippet:-1","max-image-preview":"max-image-preview:large","max-video-preview":"max-video-preview:-1"},"canonical":"https:\/\/www.csj-emballages.com\/de\/produit\/25-luxus-rubinballotins-250-gramm-mit-kartonboden\/","og_locale":"de_DE","og_type":"article","og_title":"Ballotin Rubin Luxus 250 Gramm mit Kartonboden pro 25","og_description":"Eleganter Rubin-Ballotin 250 g mit Kartonboden, im 25er-Pack erh\u00e4ltlich. Ideal f\u00fcr Pralinen und Konfekt, schick und praktisch f\u00fcr Ihre Verpackungen.","og_url":"https:\/\/www.csj-emballages.com\/de\/produit\/25-luxus-rubinballotins-250-gramm-mit-kartonboden\/","og_site_name":"CSJ Emballages","article_publisher":"https:\/\/www.facebook.com\/csjemballages","article_modified_time":"2026-03-12T15:11:03+00:00","og_image":[{"width":800,"height":800,"url":"https:\/\/www.csj-emballages.com\/wp-content\/uploads\/2024\/03\/BALLO250RUBI.webp","type":"image\/webp"}],"twitter_card":"summary_large_image","twitter_misc":{"Gesch\u00e4tzte Lesezeit":"2 Minuten"},"schema":{"@context":"https:\/\/schema.org","@graph":[{"@type":"WebPage","@id":"https:\/\/www.csj-emballages.com\/de\/produit\/25-luxus-rubinballotins-250-gramm-mit-kartonboden\/","url":"https:\/\/www.csj-emballages.com\/de\/produit\/25-luxus-rubinballotins-250-gramm-mit-kartonboden\/","name":"Ballotin Rubin 250 Gramm mit Bodenkarton pro 25","isPartOf":{"@id":"https:\/\/www.csj-emballages.com\/de\/#website"},"primaryImageOfPage":{"@id":"https:\/\/www.csj-emballages.com\/de\/produit\/25-luxus-rubinballotins-250-gramm-mit-kartonboden\/#primaryimage"},"image":{"@id":"https:\/\/www.csj-emballages.com\/de\/produit\/25-luxus-rubinballotins-250-gramm-mit-kartonboden\/#primaryimage"},"thumbnailUrl":"https:\/\/www.csj-emballages.com\/wp-content\/uploads\/2024\/03\/BALLO250RUBI.webp","datePublished":"2024-03-01T15:57:22+00:00","dateModified":"2026-03-12T15:11:03+00:00","description":"Eleganter Rubin-Ballotin 250 g mit Kartonboden, im 25er-Pack erh\u00e4ltlich. Ideal f\u00fcr Pralinen und Konfekt, schick und praktisch f\u00fcr Ihre Verpackungen.","breadcrumb":{"@id":"https:\/\/www.csj-emballages.com\/de\/produit\/25-luxus-rubinballotins-250-gramm-mit-kartonboden\/#breadcrumb"},"inLanguage":"de","potentialAction":[{"@type":"ReadAction","target":["https:\/\/www.csj-emballages.com\/de\/produit\/25-luxus-rubinballotins-250-gramm-mit-kartonboden\/"]}]},{"@type":"ImageObject","inLanguage":"de","@id":"https:\/\/www.csj-emballages.com\/de\/produit\/25-luxus-rubinballotins-250-gramm-mit-kartonboden\/#primaryimage","url":"https:\/\/www.csj-emballages.com\/wp-content\/uploads\/2024\/03\/BALLO250RUBI.webp","contentUrl":"https:\/\/www.csj-emballages.com\/wp-content\/uploads\/2024\/03\/BALLO250RUBI.webp","width":800,"height":800,"caption":"Ballotin rubis"},{"@type":"BreadcrumbList","@id":"https:\/\/www.csj-emballages.com\/de\/produit\/25-luxus-rubinballotins-250-gramm-mit-kartonboden\/#breadcrumb","itemListElement":[{"@type":"ListItem","position":1,"name":"Accueil","item":"https:\/\/www.csj-emballages.com\/de\/universum-lebensmittelverpackungen\/"},{"@type":"ListItem","position":2,"name":"Shop","item":"https:\/\/www.csj-emballages.com\/shop\/"},{"@type":"ListItem","position":3,"name":"Ballotin Rubin Luxus 250 Gramm mit Kartonboden pro 25"}]},{"@type":"WebSite","@id":"https:\/\/www.csj-emballages.com\/de\/#website","url":"https:\/\/www.csj-emballages.com\/de\/","name":"CSJ Emballages","description":"","publisher":{"@id":"https:\/\/www.csj-emballages.com\/de\/#organization"},"potentialAction":[{"@type":"SearchAction","target":{"@type":"EntryPoint","urlTemplate":"https:\/\/www.csj-emballages.com\/de\/?s={search_term_string}"},"query-input":{"@type":"PropertyValueSpecification","valueRequired":true,"valueName":"search_term_string"}}],"inLanguage":"de"},{"@type":"Organization","@id":"https:\/\/www.csj-emballages.com\/de\/#Organization\/","name":"CSJ Emballages","url":"https:\/\/www.csj-emballages.com\/de\/","logo":{"@type":"ImageObject","inLanguage":"de","@id":"https:\/\/www.csj-emballages.com\/de\/#\/schema\/logo\/image\/","url":"https:\/\/www.csj-emballages.com\/wp-content\/uploads\/2023\/10\/logo_csj.webp","contentUrl":"https:\/\/www.csj-emballages.com\/wp-content\/uploads\/2023\/10\/logo_csj.webp","width":250,"height":95,"caption":"CSJ Emballages"},"image":{"@id":"https:\/\/www.csj-emballages.com\/de\/#\/schema\/logo\/image\/"},"sameAs":["https:\/\/www.facebook.com\/csjemballages"],"address":{"@type":"PostalAddress","streetAddress":"ZI La Lechere","addressLocality":"Patornay","postalCode":"39130","addressCountry":"FR"},"contactPoint":[{"@type":"ContactPoint","contactType":"Service client","telephone":"0384254272","email":"contact@csj-emballages.com"}]}]}},"df_price":13.63,"df_sale_price":13.63,"df_regular_price":15.14,"df_image_link":"https:\/\/www.csj-emballages.com\/wp-content\/uploads\/2024\/03\/BALLO250RUBI-300x300.webp","tiered_pricing_type":"fixed","tiered_pricing_fixed_rules":[],"tiered_pricing_percentage_rules":[],"tiered_pricing_minimum":1,"tiered_pricing_roles_data":[],"_links":{"self":[{"href":"https:\/\/www.csj-emballages.com\/de\/wp-json\/wp\/v2\/product\/19350","targetHints":{"allow":["GET"]}}],"collection":[{"href":"https:\/\/www.csj-emballages.com\/de\/wp-json\/wp\/v2\/product"}],"about":[{"href":"https:\/\/www.csj-emballages.com\/de\/wp-json\/wp\/v2\/types\/product"}],"wp:featuredmedia":[{"embeddable":true,"href":"https:\/\/www.csj-emballages.com\/de\/wp-json\/wp\/v2\/media\/242252"}],"wp:attachment":[{"href":"https:\/\/www.csj-emballages.com\/de\/wp-json\/wp\/v2\/media?parent=19350"}],"wp:term":[{"taxonomy":"product_brand","embeddable":true,"href":"https:\/\/www.csj-emballages.com\/de\/wp-json\/wp\/v2\/product_brand?post=19350"},{"taxonomy":"product_cat","embeddable":true,"href":"https:\/\/www.csj-emballages.com\/de\/wp-json\/wp\/v2\/product_cat?post=19350"},{"taxonomy":"product_tag","embeddable":true,"href":"https:\/\/www.csj-emballages.com\/de\/wp-json\/wp\/v2\/product_tag?post=19350"}],"curies":[{"name":"wp","href":"https:\/\/api.w.org\/{rel}","templated":true}]}}