{"id":19328,"date":"2024-03-01T16:57:22","date_gmt":"2024-03-01T15:57:22","guid":{"rendered":"https:\/\/u15jnbdpoq.preview.infomaniak.website\/produit\/25-ballotins-cacao-luxe-375-gramm-mit-kartonboden\/"},"modified":"2025-12-06T02:11:36","modified_gmt":"2025-12-06T01:11:36","slug":"25-ballotins-cacao-luxe-375-gramm-mit-kartonboden","status":"publish","type":"product","link":"https:\/\/www.csj-emballages.com\/de\/produit\/25-ballotins-cacao-luxe-375-gramm-mit-kartonboden\/","title":{"rendered":"Ballotin cacao luxe 375 grammes avec fond carton par 25"},"content":{"rendered":"<h2>Ballotin Kakao<\/h2>\n<hr>\n<h3>Beschreibung von unserem Ballotin Kakao 375 Gramm mit Kartonboden pro 25<\/h3>\n<p><!--more--><\/p>\n<p data-start=\"95\" data-end=\"627\">Schenken Sie Ihren <strong>Pralinen, S\u00fc\u00dfwaren oder kleinen Feinschmeckergeschenken<\/strong> eine elegante und raffinierte Pr\u00e4sentation mit unserem <strong data-start=\"208\" data-end=\"268\">Ballotin Kakao 375 Gramm mit Kartonboden zu 25 St\u00fcck.<\/strong> Diese <strong>braune Ballotin<\/strong> wurde speziell f\u00fcr Chocolatiers, Konditoren und H\u00e4ndler entworfen, die ihre Kreationen aufwerten m\u00f6chten, und vereint Praktikabilit\u00e4t und \u00c4sthetik. Das <strong>Kakao-Finish<\/strong> verleiht ihr einen <strong>subtilen<\/strong> und <strong>festlichen<\/strong> <strong>Glanz<\/strong>, ideal f\u00fcr festliche Anl\u00e4sse wie Weihnachten, Ostern, Valentinstag oder auch Hochzeiten und Firmenveranstaltungen.  <\/p>\n<p data-start=\"629\" data-end=\"1004\">Mit einem Fassungsverm\u00f6gen von <strong>375 Gramm<\/strong> bietet sie Platz f\u00fcr eine h\u00fcbsche Auswahl an <strong>Schokolade<\/strong> oder <strong>verschiedenen S\u00fc\u00dfigkeiten<\/strong>. Der <strong data-start=\"756\" data-end=\"780\">verst\u00e4rkte Kartonboden<\/strong> sorgt f\u00fcr eine ausgezeichnete Stabilit\u00e4t und Gewichtsfestigkeit und schont Ihre Produkte w\u00e4hrend des Transports. Die Qualit\u00e4t des <strong>Kartons<\/strong> garantiert au\u00dferdem einen optimalen Schutz vor Feuchtigkeit und leichten St\u00f6\u00dfen.  <\/p>\n<p data-start=\"1006\" data-end=\"1364\"><strong data-start=\"1018\" data-end=\"1035\">In Packungen zu 25 St\u00fcck<\/strong> verpackt, ist dieses <strong>Ballotin<\/strong> eine praktische und kosteng\u00fcnstige Wahl f\u00fcr Gewerbetreibende, die einen Vorrat haben m\u00f6chten, der dem t\u00e4glichen Bedarf ihres Gesch\u00e4fts entspricht. Es ist einfach zu montieren, spart Zeit bei der Vorbereitung von Bestellungen und passt zu verschiedenen Stilen von B\u00e4ndern oder Etiketten f\u00fcr eine einzigartige Personalisierung. <\/p>\n<p data-start=\"1366\" data-end=\"1637\">Ob Sie Handwerker, Wiederverk\u00e4ufer oder Eventveranstalter sind, das <strong data-start=\"1433\" data-end=\"1463\">Ballotin Kakao 375 g<\/strong> verleiht Ihren Verpackungen eine schicke und professionelle Note. Seine elegante Schlichtheit wird Ihre Kreationen hervorheben und gleichzeitig das Qualit\u00e4tsimage Ihres Unternehmens verst\u00e4rken. <\/p>\n<p data-start=\"1423\" data-end=\"1694\"><!--more--><\/p>\n<h4 data-start=\"1423\" data-end=\"1694\">Vorteile :<\/h4>\n<ul>\n<li data-start=\"1423\" data-end=\"1694\">Elegantes und festliches <strong data-start=\"1857\" data-end=\"1876\">Kakaofinish<\/strong>, um Ihre Produkte zu veredeln.<\/li>\n<li data-start=\"1423\" data-end=\"1694\"><strong data-start=\"1928\" data-end=\"1946\">Fassungsverm\u00f6gen 375 g<\/strong>, ideal f\u00fcr Schokolade und S\u00fc\u00dfwaren.<\/li>\n<li data-start=\"1423\" data-end=\"1694\">Verst\u00e4rkter Pappboden f\u00fcr mehr Stabilit\u00e4t und Widerstandsf\u00e4higkeit.<\/li>\n<li data-start=\"1423\" data-end=\"1694\"><strong data-start=\"2061\" data-end=\"2083\">Verpackt in 25 St\u00fcck<\/strong>, praktisch und kosteng\u00fcnstig f\u00fcr den professionellen Gebrauch.<\/li>\n<li data-start=\"1423\" data-end=\"1694\">Einfach zu personalisieren mit <span style=\"color: #d12727;\"><a style=\"color: #d12727;\" href=\"https:\/\/www.csj-emballages.com\/de\/categorie-produit\/lebensmittelverpackungen\/backerei-und-konditorei\/zubehor-und-ausstattung\/dekoratives-zubehor\/\">B\u00e4ndern<\/a><\/span>, <span style=\"color: #d12727;\"><a style=\"color: #d12727;\" href=\"https:\/\/www.csj-emballages.com\/de\/categorie-produit\/lebensmittelverpackungen\/backerei-und-konditorei\/zubehor-und-ausstattung\/etiketten\/\">Etiketten<\/a><\/span> oder Stickern.<\/li>\n<li data-start=\"1423\" data-end=\"1694\">Eignet sich hervorragend f\u00fcr Veranstaltungen, Partys und Feinschmeckergeschenke<strong data-start=\"2230\" data-end=\"2272\">.<\/strong><\/li>\n<\/ul>\n<p>&nbsp;<\/p>\n<p><!--more--><\/p>\n<h4>Weitere Informationen :<\/h4>\n<ul style=\"box-sizing: inherit; font-family: Roboto, sans-serif;\">\n<li><strong>Verpackung<\/strong>: Packung mit 25 St\u00fcck<\/li>\n<li><strong>Abmessungen<\/strong>: 130 x 70 x 62 mm (L x B x H in mm)<\/li>\n<li><strong>Material<\/strong>: Karton<\/li>\n<li><strong>Farbe<\/strong>: Cacao<\/li>\n<li><strong>Fassungsverm\u00f6gen<\/strong>: 375g<\/li>\n<\/ul>\n<p>&nbsp;<\/p>\n<p><!--more--><\/p>\n<p>Hier finden Sie unser 250g Ballotin Kakao : <span style=\"color: #d12727;\"><a style=\"color: #d12727;\" href=\"https:\/\/www.csj-emballages.com\/de\/produit\/25-ballotins-cacao-luxe-250-gramm-mit-kartonboden\/\">BALLO250CACAO<\/a><\/span><\/p>\n<p>&nbsp;<\/p>\n<p><!--more--><\/p>\n<p>Dieses Produkt ist auch in verschiedenen Farben erh\u00e4ltlich : <span style=\"color: #d12727;\"><a style=\"color: #d12727;\" href=\"https:\/\/www.csj-emballages.com\/de\/produit\/25-perlmuttweisse-375-gramm-ballotins-mit-kartonboden\/\"><span style=\"color: #d12727;\">Perlwei\u00df<\/span><\/a><\/span> \/ <span style=\"color: #d12727;\"><a style=\"color: #d12727;\" href=\"https:\/\/www.csj-emballages.com\/de\/produit\/25-kraftballotins-375-gramm-mit-kartonboden\/\">Kraft<\/a><\/span> \/ <span style=\"color: #d12727;\"><a style=\"color: #d12727;\" href=\"https:\/\/www.csj-emballages.com\/de\/produit\/25-ballotins-gold-375-gramm-mit-kartonboden\/\">Gold<\/a><\/span> \/ <span style=\"color: #d12727;\"><a style=\"color: #d12727;\" href=\"https:\/\/www.csj-emballages.com\/de\/produit\/25-schachteln-ballotins-aus-rubinkarton-luxus-375-gramm\/\">Rubin<\/a><\/span><\/p>\n<p>&nbsp;<\/p>\n<p><!--more--><\/p>\n<p><a href=\"https:\/\/www.csj-emballages.com\/de\/categorie-produit\/lebensmittelverpackungen\/backerei-und-konditorei\/schachteln-und-etuis\/schachteln-mit-ballotins\/\">Sehen Sie sich den Rest unseres Sortiments an Ballonschachteln an<\/a><\/p>\n","protected":false},"excerpt":{"rendered":"<p>Ballotin Kakao Beschreibung von unserem Ballotin Kakao 375 Gramm mit Kartonboden pro 25<\/p>\n","protected":false},"featured_media":242206,"template":"","meta":{"_acf_changed":false},"product_brand":[],"product_cat":[1137,1171,2054,2066],"product_tag":[],"class_list":{"0":"post-19328","1":"product","2":"type-product","3":"status-publish","4":"has-post-thumbnail","6":"product_cat-lebensmittelverpackungen","7":"product_cat-backerei-und-konditorei","8":"product_cat-schachteln-mit-ballotins","9":"product_cat-ballotins-cacao-luxe-de","11":"first","12":"outofstock","13":"taxable","14":"shipping-taxable","15":"purchasable","16":"product-type-simple"},"acf":[],"yoast_head":"<!-- This site is optimized with the Yoast SEO Premium plugin v26.6 (Yoast SEO v26.6) - https:\/\/yoast.com\/wordpress\/plugins\/seo\/ -->\n<title>Ballotin Cacao 375 Gramm mit Boden Karton pro 25<\/title>\n<meta name=\"description\" content=\"Elegante Ballotin Kakao 375 g mit Kartonboden, verkauft zu 25 St\u00fcck. Ideal f\u00fcr Schokolade und S\u00fc\u00dfwaren, schick und praktisch f\u00fcr Ihre Verpackungen.\" \/>\n<meta name=\"robots\" content=\"index, follow, max-snippet:-1, max-image-preview:large, max-video-preview:-1\" \/>\n<link rel=\"canonical\" href=\"https:\/\/www.csj-emballages.com\/de\/produit\/25-ballotins-cacao-luxe-375-gramm-mit-kartonboden\/\" \/>\n<meta property=\"og:locale\" content=\"de_DE\" \/>\n<meta property=\"og:type\" content=\"article\" \/>\n<meta property=\"og:title\" content=\"Ballotin cacao luxe 375 grammes avec fond carton par 25\" \/>\n<meta property=\"og:description\" content=\"Elegante Ballotin Kakao 375 g mit Kartonboden, verkauft zu 25 St\u00fcck. Ideal f\u00fcr Schokolade und S\u00fc\u00dfwaren, schick und praktisch f\u00fcr Ihre Verpackungen.\" \/>\n<meta property=\"og:url\" content=\"https:\/\/www.csj-emballages.com\/de\/produit\/25-ballotins-cacao-luxe-375-gramm-mit-kartonboden\/\" \/>\n<meta property=\"og:site_name\" content=\"CSJ Emballages\" \/>\n<meta property=\"article:publisher\" content=\"https:\/\/www.facebook.com\/csjemballages\" \/>\n<meta property=\"article:modified_time\" content=\"2025-12-06T01:11:36+00:00\" \/>\n<meta property=\"og:image\" content=\"https:\/\/www.csj-emballages.com\/wp-content\/uploads\/2024\/03\/BALLO375CACAO.webp\" \/>\n\t<meta property=\"og:image:width\" content=\"800\" \/>\n\t<meta property=\"og:image:height\" content=\"800\" \/>\n\t<meta property=\"og:image:type\" content=\"image\/webp\" \/>\n<meta name=\"twitter:card\" content=\"summary_large_image\" \/>\n<meta name=\"twitter:label1\" content=\"Gesch\u00e4tzte Lesezeit\" \/>\n\t<meta name=\"twitter:data1\" content=\"2 Minuten\" \/>\n<script type=\"application\/ld+json\" class=\"yoast-schema-graph\">{\"@context\":\"https:\/\/schema.org\",\"@graph\":[{\"@type\":\"WebPage\",\"@id\":\"https:\/\/www.csj-emballages.com\/de\/produit\/25-ballotins-cacao-luxe-375-gramm-mit-kartonboden\/\",\"url\":\"https:\/\/www.csj-emballages.com\/de\/produit\/25-ballotins-cacao-luxe-375-gramm-mit-kartonboden\/\",\"name\":\"Ballotin Cacao 375 Gramm mit Boden Karton pro 25\",\"isPartOf\":{\"@id\":\"https:\/\/www.csj-emballages.com\/de\/#website\"},\"primaryImageOfPage\":{\"@id\":\"https:\/\/www.csj-emballages.com\/de\/produit\/25-ballotins-cacao-luxe-375-gramm-mit-kartonboden\/#primaryimage\"},\"image\":{\"@id\":\"https:\/\/www.csj-emballages.com\/de\/produit\/25-ballotins-cacao-luxe-375-gramm-mit-kartonboden\/#primaryimage\"},\"thumbnailUrl\":\"https:\/\/www.csj-emballages.com\/wp-content\/uploads\/2024\/03\/BALLO375CACAO.webp\",\"datePublished\":\"2024-03-01T15:57:22+00:00\",\"dateModified\":\"2025-12-06T01:11:36+00:00\",\"description\":\"Elegante Ballotin Kakao 375 g mit Kartonboden, verkauft zu 25 St\u00fcck. Ideal f\u00fcr Schokolade und S\u00fc\u00dfwaren, schick und praktisch f\u00fcr Ihre Verpackungen.\",\"breadcrumb\":{\"@id\":\"https:\/\/www.csj-emballages.com\/de\/produit\/25-ballotins-cacao-luxe-375-gramm-mit-kartonboden\/#breadcrumb\"},\"inLanguage\":\"de\",\"potentialAction\":[{\"@type\":\"ReadAction\",\"target\":[\"https:\/\/www.csj-emballages.com\/de\/produit\/25-ballotins-cacao-luxe-375-gramm-mit-kartonboden\/\"]}]},{\"@type\":\"ImageObject\",\"inLanguage\":\"de\",\"@id\":\"https:\/\/www.csj-emballages.com\/de\/produit\/25-ballotins-cacao-luxe-375-gramm-mit-kartonboden\/#primaryimage\",\"url\":\"https:\/\/www.csj-emballages.com\/wp-content\/uploads\/2024\/03\/BALLO375CACAO.webp\",\"contentUrl\":\"https:\/\/www.csj-emballages.com\/wp-content\/uploads\/2024\/03\/BALLO375CACAO.webp\",\"width\":800,\"height\":800,\"caption\":\"Ballotin cacao\"},{\"@type\":\"BreadcrumbList\",\"@id\":\"https:\/\/www.csj-emballages.com\/de\/produit\/25-ballotins-cacao-luxe-375-gramm-mit-kartonboden\/#breadcrumb\",\"itemListElement\":[{\"@type\":\"ListItem\",\"position\":1,\"name\":\"Accueil\",\"item\":\"https:\/\/www.csj-emballages.com\/de\/universum-lebensmittelverpackungen\/\"},{\"@type\":\"ListItem\",\"position\":2,\"name\":\"Shop\",\"item\":\"https:\/\/www.csj-emballages.com\/shop\/\"},{\"@type\":\"ListItem\",\"position\":3,\"name\":\"Ballotin cacao luxe 375 grammes avec fond carton par 25\"}]},{\"@type\":\"WebSite\",\"@id\":\"https:\/\/www.csj-emballages.com\/de\/#website\",\"url\":\"https:\/\/www.csj-emballages.com\/de\/\",\"name\":\"CSJ Emballages\",\"description\":\"\",\"publisher\":{\"@id\":\"https:\/\/www.csj-emballages.com\/de\/#organization\"},\"potentialAction\":[{\"@type\":\"SearchAction\",\"target\":{\"@type\":\"EntryPoint\",\"urlTemplate\":\"https:\/\/www.csj-emballages.com\/de\/?s={search_term_string}\"},\"query-input\":{\"@type\":\"PropertyValueSpecification\",\"valueRequired\":true,\"valueName\":\"search_term_string\"}}],\"inLanguage\":\"de\"},{\"@type\":\"Organization\",\"@id\":\"https:\/\/www.csj-emballages.com\/de\/#Organization\/\",\"name\":\"CSJ Emballages\",\"url\":\"https:\/\/www.csj-emballages.com\/de\/\",\"logo\":{\"@type\":\"ImageObject\",\"inLanguage\":\"de\",\"@id\":\"https:\/\/www.csj-emballages.com\/de\/#\/schema\/logo\/image\/\",\"url\":\"https:\/\/www.csj-emballages.com\/wp-content\/uploads\/2023\/10\/logo_csj.webp\",\"contentUrl\":\"https:\/\/www.csj-emballages.com\/wp-content\/uploads\/2023\/10\/logo_csj.webp\",\"width\":250,\"height\":95,\"caption\":\"CSJ Emballages\"},\"image\":{\"@id\":\"https:\/\/www.csj-emballages.com\/de\/#\/schema\/logo\/image\/\"},\"sameAs\":[\"https:\/\/www.facebook.com\/csjemballages\"],\"address\":{\"@type\":\"PostalAddress\",\"streetAddress\":\"ZI La Lechere\",\"addressLocality\":\"Patornay\",\"postalCode\":\"39130\",\"addressCountry\":\"FR\"},\"contactPoint\":[{\"@type\":\"ContactPoint\",\"contactType\":\"Service client\",\"telephone\":\"0384254272\",\"email\":\"contact@csj-emballages.com\"}]}]}<\/script>\n<!-- \/ Yoast SEO Premium plugin. -->","yoast_head_json":{"title":"Ballotin Cacao 375 Gramm mit Boden Karton pro 25","description":"Elegante Ballotin Kakao 375 g mit Kartonboden, verkauft zu 25 St\u00fcck. Ideal f\u00fcr Schokolade und S\u00fc\u00dfwaren, schick und praktisch f\u00fcr Ihre Verpackungen.","robots":{"index":"index","follow":"follow","max-snippet":"max-snippet:-1","max-image-preview":"max-image-preview:large","max-video-preview":"max-video-preview:-1"},"canonical":"https:\/\/www.csj-emballages.com\/de\/produit\/25-ballotins-cacao-luxe-375-gramm-mit-kartonboden\/","og_locale":"de_DE","og_type":"article","og_title":"Ballotin cacao luxe 375 grammes avec fond carton par 25","og_description":"Elegante Ballotin Kakao 375 g mit Kartonboden, verkauft zu 25 St\u00fcck. Ideal f\u00fcr Schokolade und S\u00fc\u00dfwaren, schick und praktisch f\u00fcr Ihre Verpackungen.","og_url":"https:\/\/www.csj-emballages.com\/de\/produit\/25-ballotins-cacao-luxe-375-gramm-mit-kartonboden\/","og_site_name":"CSJ Emballages","article_publisher":"https:\/\/www.facebook.com\/csjemballages","article_modified_time":"2025-12-06T01:11:36+00:00","og_image":[{"width":800,"height":800,"url":"https:\/\/www.csj-emballages.com\/wp-content\/uploads\/2024\/03\/BALLO375CACAO.webp","type":"image\/webp"}],"twitter_card":"summary_large_image","twitter_misc":{"Gesch\u00e4tzte Lesezeit":"2 Minuten"},"schema":{"@context":"https:\/\/schema.org","@graph":[{"@type":"WebPage","@id":"https:\/\/www.csj-emballages.com\/de\/produit\/25-ballotins-cacao-luxe-375-gramm-mit-kartonboden\/","url":"https:\/\/www.csj-emballages.com\/de\/produit\/25-ballotins-cacao-luxe-375-gramm-mit-kartonboden\/","name":"Ballotin Cacao 375 Gramm mit Boden Karton pro 25","isPartOf":{"@id":"https:\/\/www.csj-emballages.com\/de\/#website"},"primaryImageOfPage":{"@id":"https:\/\/www.csj-emballages.com\/de\/produit\/25-ballotins-cacao-luxe-375-gramm-mit-kartonboden\/#primaryimage"},"image":{"@id":"https:\/\/www.csj-emballages.com\/de\/produit\/25-ballotins-cacao-luxe-375-gramm-mit-kartonboden\/#primaryimage"},"thumbnailUrl":"https:\/\/www.csj-emballages.com\/wp-content\/uploads\/2024\/03\/BALLO375CACAO.webp","datePublished":"2024-03-01T15:57:22+00:00","dateModified":"2025-12-06T01:11:36+00:00","description":"Elegante Ballotin Kakao 375 g mit Kartonboden, verkauft zu 25 St\u00fcck. Ideal f\u00fcr Schokolade und S\u00fc\u00dfwaren, schick und praktisch f\u00fcr Ihre Verpackungen.","breadcrumb":{"@id":"https:\/\/www.csj-emballages.com\/de\/produit\/25-ballotins-cacao-luxe-375-gramm-mit-kartonboden\/#breadcrumb"},"inLanguage":"de","potentialAction":[{"@type":"ReadAction","target":["https:\/\/www.csj-emballages.com\/de\/produit\/25-ballotins-cacao-luxe-375-gramm-mit-kartonboden\/"]}]},{"@type":"ImageObject","inLanguage":"de","@id":"https:\/\/www.csj-emballages.com\/de\/produit\/25-ballotins-cacao-luxe-375-gramm-mit-kartonboden\/#primaryimage","url":"https:\/\/www.csj-emballages.com\/wp-content\/uploads\/2024\/03\/BALLO375CACAO.webp","contentUrl":"https:\/\/www.csj-emballages.com\/wp-content\/uploads\/2024\/03\/BALLO375CACAO.webp","width":800,"height":800,"caption":"Ballotin cacao"},{"@type":"BreadcrumbList","@id":"https:\/\/www.csj-emballages.com\/de\/produit\/25-ballotins-cacao-luxe-375-gramm-mit-kartonboden\/#breadcrumb","itemListElement":[{"@type":"ListItem","position":1,"name":"Accueil","item":"https:\/\/www.csj-emballages.com\/de\/universum-lebensmittelverpackungen\/"},{"@type":"ListItem","position":2,"name":"Shop","item":"https:\/\/www.csj-emballages.com\/shop\/"},{"@type":"ListItem","position":3,"name":"Ballotin cacao luxe 375 grammes avec fond carton par 25"}]},{"@type":"WebSite","@id":"https:\/\/www.csj-emballages.com\/de\/#website","url":"https:\/\/www.csj-emballages.com\/de\/","name":"CSJ Emballages","description":"","publisher":{"@id":"https:\/\/www.csj-emballages.com\/de\/#organization"},"potentialAction":[{"@type":"SearchAction","target":{"@type":"EntryPoint","urlTemplate":"https:\/\/www.csj-emballages.com\/de\/?s={search_term_string}"},"query-input":{"@type":"PropertyValueSpecification","valueRequired":true,"valueName":"search_term_string"}}],"inLanguage":"de"},{"@type":"Organization","@id":"https:\/\/www.csj-emballages.com\/de\/#Organization\/","name":"CSJ Emballages","url":"https:\/\/www.csj-emballages.com\/de\/","logo":{"@type":"ImageObject","inLanguage":"de","@id":"https:\/\/www.csj-emballages.com\/de\/#\/schema\/logo\/image\/","url":"https:\/\/www.csj-emballages.com\/wp-content\/uploads\/2023\/10\/logo_csj.webp","contentUrl":"https:\/\/www.csj-emballages.com\/wp-content\/uploads\/2023\/10\/logo_csj.webp","width":250,"height":95,"caption":"CSJ Emballages"},"image":{"@id":"https:\/\/www.csj-emballages.com\/de\/#\/schema\/logo\/image\/"},"sameAs":["https:\/\/www.facebook.com\/csjemballages"],"address":{"@type":"PostalAddress","streetAddress":"ZI La Lechere","addressLocality":"Patornay","postalCode":"39130","addressCountry":"FR"},"contactPoint":[{"@type":"ContactPoint","contactType":"Service client","telephone":"0384254272","email":"contact@csj-emballages.com"}]}]}},"df_price":17.75,"df_sale_price":"","df_regular_price":17.75,"df_image_link":"https:\/\/www.csj-emballages.com\/wp-content\/uploads\/2024\/03\/BALLO375CACAO-300x300.webp","tiered_pricing_type":"fixed","tiered_pricing_fixed_rules":[],"tiered_pricing_percentage_rules":[],"tiered_pricing_minimum":1,"tiered_pricing_roles_data":[],"_links":{"self":[{"href":"https:\/\/www.csj-emballages.com\/de\/wp-json\/wp\/v2\/product\/19328","targetHints":{"allow":["GET"]}}],"collection":[{"href":"https:\/\/www.csj-emballages.com\/de\/wp-json\/wp\/v2\/product"}],"about":[{"href":"https:\/\/www.csj-emballages.com\/de\/wp-json\/wp\/v2\/types\/product"}],"wp:featuredmedia":[{"embeddable":true,"href":"https:\/\/www.csj-emballages.com\/de\/wp-json\/wp\/v2\/media\/242206"}],"wp:attachment":[{"href":"https:\/\/www.csj-emballages.com\/de\/wp-json\/wp\/v2\/media?parent=19328"}],"wp:term":[{"taxonomy":"product_brand","embeddable":true,"href":"https:\/\/www.csj-emballages.com\/de\/wp-json\/wp\/v2\/product_brand?post=19328"},{"taxonomy":"product_cat","embeddable":true,"href":"https:\/\/www.csj-emballages.com\/de\/wp-json\/wp\/v2\/product_cat?post=19328"},{"taxonomy":"product_tag","embeddable":true,"href":"https:\/\/www.csj-emballages.com\/de\/wp-json\/wp\/v2\/product_tag?post=19328"}],"curies":[{"name":"wp","href":"https:\/\/api.w.org\/{rel}","templated":true}]}}