{"id":19318,"date":"2024-03-01T16:57:22","date_gmt":"2024-03-01T15:57:22","guid":{"rendered":"https:\/\/u15jnbdpoq.preview.infomaniak.website\/produit\/25-perlmuttweisse-250-gramm-ballotins-mit-kartonboden\/"},"modified":"2026-02-13T02:11:05","modified_gmt":"2026-02-13T01:11:05","slug":"25-perlmuttweisse-250-gramm-ballotins-mit-kartonboden","status":"publish","type":"product","link":"https:\/\/www.csj-emballages.com\/de\/produit\/25-perlmuttweisse-250-gramm-ballotins-mit-kartonboden\/","title":{"rendered":"Ballotin wei\u00df Perlmutt 250 Gramm mit Kartonboden pro 25"},"content":{"rendered":"<h2>Ballotin wei\u00df<\/h2>\n<hr>\n<h3>Beschreibung von unserem Ballotin wei\u00df Perlmutt 250 Gramm mit Kartonboden pro 25<\/h3>\n<p><!--more--><\/p>\n<p data-start=\"95\" data-end=\"627\">Schenken Sie Ihren <strong>Pralinen, S\u00fc\u00dfwaren oder kleinen Gourmetgeschenken<\/strong> eine elegante und raffinierte Pr\u00e4sentation <strong data-start=\"208\" data-end=\"268\">mit<\/strong> unserem <strong data-start=\"208\" data-end=\"268\">perlmuttwei\u00dfen Ballotin 250 Gramm mit Kartonboden zu 25 St\u00fcck.<\/strong> Dieses Ballotin wurde speziell f\u00fcr Chocolatiers, Konditoren und H\u00e4ndler entworfen, die ihre Kreationen aufwerten m\u00f6chten, und vereint Praktikabilit\u00e4t und \u00c4sthetik. Seine <strong data-start=\"441\" data-end=\"456\">perlwei\u00dfe<\/strong> Oberfl\u00e4che verleiht ihm einen <strong>subtilen<\/strong> und <strong>festlichen<\/strong> <strong>Glanz<\/strong>, ideal f\u00fcr festliche Anl\u00e4sse wie Weihnachten, Ostern, Valentinstag oder auch Hochzeiten und Firmenveranstaltungen.  <\/p>\n<p data-start=\"629\" data-end=\"1004\">Mit einem Fassungsverm\u00f6gen von <strong data-start=\"650\" data-end=\"665\">250 Gramm<\/strong> bietet sie Platz f\u00fcr eine h\u00fcbsche Auswahl an <strong>Schokolade<\/strong> oder <strong>verschiedenen S\u00fc\u00dfigkeiten<\/strong>. Der <strong data-start=\"756\" data-end=\"780\">verst\u00e4rkte Kartonboden<\/strong> sorgt f\u00fcr eine ausgezeichnete Stabilit\u00e4t und Gewichtsfestigkeit und schont Ihre Produkte w\u00e4hrend des Transports. Die Qualit\u00e4t des <strong>Kartons<\/strong> garantiert au\u00dferdem einen optimalen Schutz vor Feuchtigkeit und leichten St\u00f6\u00dfen.  <\/p>\n<p data-start=\"1006\" data-end=\"1364\"><strong data-start=\"1018\" data-end=\"1035\">In Packungen zu 25 St\u00fcck<\/strong> verpackt, ist dieses <strong>Ballotin<\/strong> eine praktische und kosteng\u00fcnstige Wahl f\u00fcr Gewerbetreibende, die einen Vorrat haben m\u00f6chten, der dem t\u00e4glichen Bedarf ihres Gesch\u00e4fts entspricht. Es ist einfach zu montieren, spart Zeit bei der Vorbereitung von Bestellungen und passt zu verschiedenen Stilen von B\u00e4ndern oder Etiketten f\u00fcr eine einzigartige Personalisierung. <\/p>\n<p data-start=\"1366\" data-end=\"1637\">Ob Sie Handwerker, Wiederverk\u00e4ufer oder Eventveranstalter sind, das <strong data-start=\"1433\" data-end=\"1463\">perlmuttwei\u00dfe Ballotin 250 g<\/strong> verleiht Ihren Verpackungen einen schicken und professionellen Touch. Seine elegante Schlichtheit wird Ihre Kreationen hervorheben und gleichzeitig das Qualit\u00e4tsimage Ihres Unternehmens verst\u00e4rken. <\/p>\n<p data-start=\"1423\" data-end=\"1694\"><!--more--><\/p>\n<h4 data-start=\"1423\" data-end=\"1694\">Vorteile :<\/h4>\n<ul>\n<li data-start=\"1423\" data-end=\"1694\">Elegantes und festliches <strong data-start=\"1857\" data-end=\"1876\">Perlmuttfinish<\/strong>, um Ihre Produkte hervorzuheben.<\/li>\n<li data-start=\"1423\" data-end=\"1694\"><strong data-start=\"1928\" data-end=\"1946\">250 g Fassungsverm\u00f6gen<\/strong>, ideal f\u00fcr Schokolade und S\u00fc\u00dfwaren.<\/li>\n<li data-start=\"1423\" data-end=\"1694\">Verst\u00e4rkter Pappboden f\u00fcr mehr Stabilit\u00e4t und Widerstandsf\u00e4higkeit.<\/li>\n<li data-start=\"1423\" data-end=\"1694\"><strong data-start=\"2061\" data-end=\"2083\">Verpackt in 25 St\u00fcck<\/strong>, praktisch und kosteng\u00fcnstig f\u00fcr den professionellen Gebrauch.<\/li>\n<li data-start=\"1423\" data-end=\"1694\">Einfach zu personalisieren mit <span style=\"color: #d12727;\"><a style=\"color: #d12727;\" href=\"https:\/\/www.csj-emballages.com\/de\/categorie-produit\/lebensmittelverpackungen\/backerei-und-konditorei\/zubehor-und-ausstattung\/dekoratives-zubehor\/\">B\u00e4ndern<\/a><\/span>, <span style=\"color: #d12727;\"><a style=\"color: #d12727;\" href=\"https:\/\/www.csj-emballages.com\/de\/categorie-produit\/lebensmittelverpackungen\/backerei-und-konditorei\/zubehor-und-ausstattung\/etiketten\/\">Etiketten<\/a><\/span> oder Stickern.<\/li>\n<li data-start=\"1423\" data-end=\"1694\">Eignet sich hervorragend f\u00fcr Veranstaltungen, Partys und Feinschmeckergeschenke<strong data-start=\"2230\" data-end=\"2272\">.<\/strong><\/li>\n<\/ul>\n<p>&nbsp;<\/p>\n<p><!--more--><\/p>\n<h4>Weitere Informationen :<\/h4>\n<ul style=\"box-sizing: inherit; font-family: Roboto, sans-serif;\">\n<li><strong>Verpackung<\/strong>: Packung mit 25 St\u00fcck<\/li>\n<li><strong>Abmessungen<\/strong>: 110 x 58 x 60 mm (L x B x H in mm)<\/li>\n<li><strong>Material<\/strong>: Karton<\/li>\n<li><strong>Farbe<\/strong>: Perlwei\u00df<\/li>\n<li><strong>Fassungsverm\u00f6gen<\/strong>: 250g<\/li>\n<\/ul>\n<p>&nbsp;<\/p>\n<p><!--more--><\/p>\n<p>Hier finden Sie unser perlwei\u00dfes Ballotin mit 375 g Inhalt: <span style=\"color: #d12727;\"><a style=\"color: #d12727;\" href=\"https:\/\/www.csj-emballages.com\/de\/produit\/25-perlmuttweisse-375-gramm-ballotins-mit-kartonboden\/\">BALLO375BLNA<\/a><\/span><\/p>\n<p>&nbsp;<\/p>\n<p><!--more--><\/p>\n<p>Dieses Produkt ist auch in verschiedenen Farben erh\u00e4ltlich : <span style=\"color: #d12727;\"><a style=\"color: #d12727;\" href=\"https:\/\/www.csj-emballages.com\/de\/produit\/25-ballotins-cacao-luxe-250-gramm-mit-kartonboden\/\">Kakao<\/a><\/span> \/ <span style=\"color: #d12727;\"><a style=\"color: #d12727;\" href=\"https:\/\/www.csj-emballages.com\/de\/produit\/25-schachteln-ballotins-aus-kraftkarton-250-gramm\/\">Kraft<\/a><\/span> \/ <span style=\"color: #d12727;\"><a style=\"color: #d12727;\" href=\"https:\/\/www.csj-emballages.com\/de\/produit\/25-ballotins-gold-250-gramm-mit-kartonboden\/\">Gold<\/a><\/span> \/ <span style=\"color: #d12727;\"><a style=\"color: #d12727;\" href=\"https:\/\/www.csj-emballages.com\/de\/produit\/25-luxus-rubinballotins-250-gramm-mit-kartonboden\/\">Rubin<\/a><\/span><\/p>\n<p>&nbsp;<\/p>\n<p><!--more--><\/p>\n<p><a href=\"https:\/\/www.csj-emballages.com\/de\/categorie-produit\/lebensmittelverpackungen\/backerei-und-konditorei\/schachteln-und-etuis\/schachteln-mit-ballotins\/\">Sehen Sie sich den Rest unseres Sortiments an Ballonschachteln an<\/a><\/p>\n","protected":false},"excerpt":{"rendered":"<p>Ballotin wei\u00df Beschreibung von unserem Ballotin wei\u00df Perlmutt 250 Gramm mit Kartonboden pro 25<\/p>\n","protected":false},"featured_media":242156,"template":"","meta":{"_acf_changed":false},"product_brand":[],"product_cat":[1137,1171,2054,2078],"product_tag":[],"class_list":{"0":"post-19318","1":"product","2":"type-product","3":"status-publish","4":"has-post-thumbnail","6":"product_cat-lebensmittelverpackungen","7":"product_cat-backerei-und-konditorei","8":"product_cat-schachteln-mit-ballotins","9":"product_cat-ballotins-perlweis","11":"first","12":"outofstock","13":"taxable","14":"shipping-taxable","15":"purchasable","16":"product-type-simple"},"acf":[],"yoast_head":"<!-- This site is optimized with the Yoast SEO Premium plugin v26.6 (Yoast SEO v26.6) - https:\/\/yoast.com\/wordpress\/plugins\/seo\/ -->\n<title>Ballotin Wei\u00df Perlmutt 250 Gramm mit Bodenkarton pro 25<\/title>\n<meta name=\"description\" content=\"Elegante perlmuttwei\u00dfe Ballotin 250 g mit Kartonboden, verkauft zu 25 St\u00fcck. Ideal f\u00fcr Schokolade und S\u00fc\u00dfigkeiten, schick und praktisch f\u00fcr Ihre Verpackungen.\" \/>\n<meta name=\"robots\" content=\"index, follow, max-snippet:-1, max-image-preview:large, max-video-preview:-1\" \/>\n<link rel=\"canonical\" href=\"https:\/\/www.csj-emballages.com\/de\/produit\/25-perlmuttweisse-250-gramm-ballotins-mit-kartonboden\/\" \/>\n<meta property=\"og:locale\" content=\"de_DE\" \/>\n<meta property=\"og:type\" content=\"article\" \/>\n<meta property=\"og:title\" content=\"Ballotin wei\u00df Perlmutt 250 Gramm mit Kartonboden pro 25\" \/>\n<meta property=\"og:description\" content=\"Elegante perlmuttwei\u00dfe Ballotin 250 g mit Kartonboden, verkauft zu 25 St\u00fcck. Ideal f\u00fcr Schokolade und S\u00fc\u00dfigkeiten, schick und praktisch f\u00fcr Ihre Verpackungen.\" \/>\n<meta property=\"og:url\" content=\"https:\/\/www.csj-emballages.com\/de\/produit\/25-perlmuttweisse-250-gramm-ballotins-mit-kartonboden\/\" \/>\n<meta property=\"og:site_name\" content=\"CSJ Emballages\" \/>\n<meta property=\"article:publisher\" content=\"https:\/\/www.facebook.com\/csjemballages\" \/>\n<meta property=\"article:modified_time\" content=\"2026-02-13T01:11:05+00:00\" \/>\n<meta property=\"og:image\" content=\"https:\/\/www.csj-emballages.com\/wp-content\/uploads\/2024\/03\/BALLO250BLNA.webp\" \/>\n\t<meta property=\"og:image:width\" content=\"800\" \/>\n\t<meta property=\"og:image:height\" content=\"800\" \/>\n\t<meta property=\"og:image:type\" content=\"image\/webp\" \/>\n<meta name=\"twitter:card\" content=\"summary_large_image\" \/>\n<meta name=\"twitter:label1\" content=\"Gesch\u00e4tzte Lesezeit\" \/>\n\t<meta name=\"twitter:data1\" content=\"2 Minuten\" \/>\n<script type=\"application\/ld+json\" class=\"yoast-schema-graph\">{\"@context\":\"https:\/\/schema.org\",\"@graph\":[{\"@type\":\"WebPage\",\"@id\":\"https:\/\/www.csj-emballages.com\/de\/produit\/25-perlmuttweisse-250-gramm-ballotins-mit-kartonboden\/\",\"url\":\"https:\/\/www.csj-emballages.com\/de\/produit\/25-perlmuttweisse-250-gramm-ballotins-mit-kartonboden\/\",\"name\":\"Ballotin Wei\u00df Perlmutt 250 Gramm mit Bodenkarton pro 25\",\"isPartOf\":{\"@id\":\"https:\/\/www.csj-emballages.com\/de\/#website\"},\"primaryImageOfPage\":{\"@id\":\"https:\/\/www.csj-emballages.com\/de\/produit\/25-perlmuttweisse-250-gramm-ballotins-mit-kartonboden\/#primaryimage\"},\"image\":{\"@id\":\"https:\/\/www.csj-emballages.com\/de\/produit\/25-perlmuttweisse-250-gramm-ballotins-mit-kartonboden\/#primaryimage\"},\"thumbnailUrl\":\"https:\/\/www.csj-emballages.com\/wp-content\/uploads\/2024\/03\/BALLO250BLNA.webp\",\"datePublished\":\"2024-03-01T15:57:22+00:00\",\"dateModified\":\"2026-02-13T01:11:05+00:00\",\"description\":\"Elegante perlmuttwei\u00dfe Ballotin 250 g mit Kartonboden, verkauft zu 25 St\u00fcck. Ideal f\u00fcr Schokolade und S\u00fc\u00dfigkeiten, schick und praktisch f\u00fcr Ihre Verpackungen.\",\"breadcrumb\":{\"@id\":\"https:\/\/www.csj-emballages.com\/de\/produit\/25-perlmuttweisse-250-gramm-ballotins-mit-kartonboden\/#breadcrumb\"},\"inLanguage\":\"de\",\"potentialAction\":[{\"@type\":\"ReadAction\",\"target\":[\"https:\/\/www.csj-emballages.com\/de\/produit\/25-perlmuttweisse-250-gramm-ballotins-mit-kartonboden\/\"]}]},{\"@type\":\"ImageObject\",\"inLanguage\":\"de\",\"@id\":\"https:\/\/www.csj-emballages.com\/de\/produit\/25-perlmuttweisse-250-gramm-ballotins-mit-kartonboden\/#primaryimage\",\"url\":\"https:\/\/www.csj-emballages.com\/wp-content\/uploads\/2024\/03\/BALLO250BLNA.webp\",\"contentUrl\":\"https:\/\/www.csj-emballages.com\/wp-content\/uploads\/2024\/03\/BALLO250BLNA.webp\",\"width\":800,\"height\":800,\"caption\":\"Ballotin blanc\"},{\"@type\":\"BreadcrumbList\",\"@id\":\"https:\/\/www.csj-emballages.com\/de\/produit\/25-perlmuttweisse-250-gramm-ballotins-mit-kartonboden\/#breadcrumb\",\"itemListElement\":[{\"@type\":\"ListItem\",\"position\":1,\"name\":\"Accueil\",\"item\":\"https:\/\/www.csj-emballages.com\/de\/universum-lebensmittelverpackungen\/\"},{\"@type\":\"ListItem\",\"position\":2,\"name\":\"Shop\",\"item\":\"https:\/\/www.csj-emballages.com\/shop\/\"},{\"@type\":\"ListItem\",\"position\":3,\"name\":\"Ballotin wei\u00df Perlmutt 250 Gramm mit Kartonboden pro 25\"}]},{\"@type\":\"WebSite\",\"@id\":\"https:\/\/www.csj-emballages.com\/de\/#website\",\"url\":\"https:\/\/www.csj-emballages.com\/de\/\",\"name\":\"CSJ Emballages\",\"description\":\"\",\"publisher\":{\"@id\":\"https:\/\/www.csj-emballages.com\/de\/#organization\"},\"potentialAction\":[{\"@type\":\"SearchAction\",\"target\":{\"@type\":\"EntryPoint\",\"urlTemplate\":\"https:\/\/www.csj-emballages.com\/de\/?s={search_term_string}\"},\"query-input\":{\"@type\":\"PropertyValueSpecification\",\"valueRequired\":true,\"valueName\":\"search_term_string\"}}],\"inLanguage\":\"de\"},{\"@type\":\"Organization\",\"@id\":\"https:\/\/www.csj-emballages.com\/de\/#Organization\/\",\"name\":\"CSJ Emballages\",\"url\":\"https:\/\/www.csj-emballages.com\/de\/\",\"logo\":{\"@type\":\"ImageObject\",\"inLanguage\":\"de\",\"@id\":\"https:\/\/www.csj-emballages.com\/de\/#\/schema\/logo\/image\/\",\"url\":\"https:\/\/www.csj-emballages.com\/wp-content\/uploads\/2023\/10\/logo_csj.webp\",\"contentUrl\":\"https:\/\/www.csj-emballages.com\/wp-content\/uploads\/2023\/10\/logo_csj.webp\",\"width\":250,\"height\":95,\"caption\":\"CSJ Emballages\"},\"image\":{\"@id\":\"https:\/\/www.csj-emballages.com\/de\/#\/schema\/logo\/image\/\"},\"sameAs\":[\"https:\/\/www.facebook.com\/csjemballages\"],\"address\":{\"@type\":\"PostalAddress\",\"streetAddress\":\"ZI La Lechere\",\"addressLocality\":\"Patornay\",\"postalCode\":\"39130\",\"addressCountry\":\"FR\"},\"contactPoint\":[{\"@type\":\"ContactPoint\",\"contactType\":\"Service client\",\"telephone\":\"0384254272\",\"email\":\"contact@csj-emballages.com\"}]}]}<\/script>\n<!-- \/ Yoast SEO Premium plugin. -->","yoast_head_json":{"title":"Ballotin Wei\u00df Perlmutt 250 Gramm mit Bodenkarton pro 25","description":"Elegante perlmuttwei\u00dfe Ballotin 250 g mit Kartonboden, verkauft zu 25 St\u00fcck. Ideal f\u00fcr Schokolade und S\u00fc\u00dfigkeiten, schick und praktisch f\u00fcr Ihre Verpackungen.","robots":{"index":"index","follow":"follow","max-snippet":"max-snippet:-1","max-image-preview":"max-image-preview:large","max-video-preview":"max-video-preview:-1"},"canonical":"https:\/\/www.csj-emballages.com\/de\/produit\/25-perlmuttweisse-250-gramm-ballotins-mit-kartonboden\/","og_locale":"de_DE","og_type":"article","og_title":"Ballotin wei\u00df Perlmutt 250 Gramm mit Kartonboden pro 25","og_description":"Elegante perlmuttwei\u00dfe Ballotin 250 g mit Kartonboden, verkauft zu 25 St\u00fcck. Ideal f\u00fcr Schokolade und S\u00fc\u00dfigkeiten, schick und praktisch f\u00fcr Ihre Verpackungen.","og_url":"https:\/\/www.csj-emballages.com\/de\/produit\/25-perlmuttweisse-250-gramm-ballotins-mit-kartonboden\/","og_site_name":"CSJ Emballages","article_publisher":"https:\/\/www.facebook.com\/csjemballages","article_modified_time":"2026-02-13T01:11:05+00:00","og_image":[{"width":800,"height":800,"url":"https:\/\/www.csj-emballages.com\/wp-content\/uploads\/2024\/03\/BALLO250BLNA.webp","type":"image\/webp"}],"twitter_card":"summary_large_image","twitter_misc":{"Gesch\u00e4tzte Lesezeit":"2 Minuten"},"schema":{"@context":"https:\/\/schema.org","@graph":[{"@type":"WebPage","@id":"https:\/\/www.csj-emballages.com\/de\/produit\/25-perlmuttweisse-250-gramm-ballotins-mit-kartonboden\/","url":"https:\/\/www.csj-emballages.com\/de\/produit\/25-perlmuttweisse-250-gramm-ballotins-mit-kartonboden\/","name":"Ballotin Wei\u00df Perlmutt 250 Gramm mit Bodenkarton pro 25","isPartOf":{"@id":"https:\/\/www.csj-emballages.com\/de\/#website"},"primaryImageOfPage":{"@id":"https:\/\/www.csj-emballages.com\/de\/produit\/25-perlmuttweisse-250-gramm-ballotins-mit-kartonboden\/#primaryimage"},"image":{"@id":"https:\/\/www.csj-emballages.com\/de\/produit\/25-perlmuttweisse-250-gramm-ballotins-mit-kartonboden\/#primaryimage"},"thumbnailUrl":"https:\/\/www.csj-emballages.com\/wp-content\/uploads\/2024\/03\/BALLO250BLNA.webp","datePublished":"2024-03-01T15:57:22+00:00","dateModified":"2026-02-13T01:11:05+00:00","description":"Elegante perlmuttwei\u00dfe Ballotin 250 g mit Kartonboden, verkauft zu 25 St\u00fcck. Ideal f\u00fcr Schokolade und S\u00fc\u00dfigkeiten, schick und praktisch f\u00fcr Ihre Verpackungen.","breadcrumb":{"@id":"https:\/\/www.csj-emballages.com\/de\/produit\/25-perlmuttweisse-250-gramm-ballotins-mit-kartonboden\/#breadcrumb"},"inLanguage":"de","potentialAction":[{"@type":"ReadAction","target":["https:\/\/www.csj-emballages.com\/de\/produit\/25-perlmuttweisse-250-gramm-ballotins-mit-kartonboden\/"]}]},{"@type":"ImageObject","inLanguage":"de","@id":"https:\/\/www.csj-emballages.com\/de\/produit\/25-perlmuttweisse-250-gramm-ballotins-mit-kartonboden\/#primaryimage","url":"https:\/\/www.csj-emballages.com\/wp-content\/uploads\/2024\/03\/BALLO250BLNA.webp","contentUrl":"https:\/\/www.csj-emballages.com\/wp-content\/uploads\/2024\/03\/BALLO250BLNA.webp","width":800,"height":800,"caption":"Ballotin blanc"},{"@type":"BreadcrumbList","@id":"https:\/\/www.csj-emballages.com\/de\/produit\/25-perlmuttweisse-250-gramm-ballotins-mit-kartonboden\/#breadcrumb","itemListElement":[{"@type":"ListItem","position":1,"name":"Accueil","item":"https:\/\/www.csj-emballages.com\/de\/universum-lebensmittelverpackungen\/"},{"@type":"ListItem","position":2,"name":"Shop","item":"https:\/\/www.csj-emballages.com\/shop\/"},{"@type":"ListItem","position":3,"name":"Ballotin wei\u00df Perlmutt 250 Gramm mit Kartonboden pro 25"}]},{"@type":"WebSite","@id":"https:\/\/www.csj-emballages.com\/de\/#website","url":"https:\/\/www.csj-emballages.com\/de\/","name":"CSJ Emballages","description":"","publisher":{"@id":"https:\/\/www.csj-emballages.com\/de\/#organization"},"potentialAction":[{"@type":"SearchAction","target":{"@type":"EntryPoint","urlTemplate":"https:\/\/www.csj-emballages.com\/de\/?s={search_term_string}"},"query-input":{"@type":"PropertyValueSpecification","valueRequired":true,"valueName":"search_term_string"}}],"inLanguage":"de"},{"@type":"Organization","@id":"https:\/\/www.csj-emballages.com\/de\/#Organization\/","name":"CSJ Emballages","url":"https:\/\/www.csj-emballages.com\/de\/","logo":{"@type":"ImageObject","inLanguage":"de","@id":"https:\/\/www.csj-emballages.com\/de\/#\/schema\/logo\/image\/","url":"https:\/\/www.csj-emballages.com\/wp-content\/uploads\/2023\/10\/logo_csj.webp","contentUrl":"https:\/\/www.csj-emballages.com\/wp-content\/uploads\/2023\/10\/logo_csj.webp","width":250,"height":95,"caption":"CSJ Emballages"},"image":{"@id":"https:\/\/www.csj-emballages.com\/de\/#\/schema\/logo\/image\/"},"sameAs":["https:\/\/www.facebook.com\/csjemballages"],"address":{"@type":"PostalAddress","streetAddress":"ZI La Lechere","addressLocality":"Patornay","postalCode":"39130","addressCountry":"FR"},"contactPoint":[{"@type":"ContactPoint","contactType":"Service client","telephone":"0384254272","email":"contact@csj-emballages.com"}]}]}},"df_price":11.69,"df_sale_price":"","df_regular_price":11.69,"df_image_link":"https:\/\/www.csj-emballages.com\/wp-content\/uploads\/2024\/03\/BALLO250BLNA-300x300.webp","tiered_pricing_type":"fixed","tiered_pricing_fixed_rules":[],"tiered_pricing_percentage_rules":[],"tiered_pricing_minimum":1,"tiered_pricing_roles_data":[],"_links":{"self":[{"href":"https:\/\/www.csj-emballages.com\/de\/wp-json\/wp\/v2\/product\/19318","targetHints":{"allow":["GET"]}}],"collection":[{"href":"https:\/\/www.csj-emballages.com\/de\/wp-json\/wp\/v2\/product"}],"about":[{"href":"https:\/\/www.csj-emballages.com\/de\/wp-json\/wp\/v2\/types\/product"}],"wp:featuredmedia":[{"embeddable":true,"href":"https:\/\/www.csj-emballages.com\/de\/wp-json\/wp\/v2\/media\/242156"}],"wp:attachment":[{"href":"https:\/\/www.csj-emballages.com\/de\/wp-json\/wp\/v2\/media?parent=19318"}],"wp:term":[{"taxonomy":"product_brand","embeddable":true,"href":"https:\/\/www.csj-emballages.com\/de\/wp-json\/wp\/v2\/product_brand?post=19318"},{"taxonomy":"product_cat","embeddable":true,"href":"https:\/\/www.csj-emballages.com\/de\/wp-json\/wp\/v2\/product_cat?post=19318"},{"taxonomy":"product_tag","embeddable":true,"href":"https:\/\/www.csj-emballages.com\/de\/wp-json\/wp\/v2\/product_tag?post=19318"}],"curies":[{"name":"wp","href":"https:\/\/api.w.org\/{rel}","templated":true}]}}