{"id":19269,"date":"2024-03-01T16:57:23","date_gmt":"2024-03-01T15:57:23","guid":{"rendered":"https:\/\/u15jnbdpoq.preview.infomaniak.website\/produit\/100-einwegschalen-aus-aluminium-890-ml-nicht-verschliessbar\/"},"modified":"2026-04-11T02:11:13","modified_gmt":"2026-04-11T00:11:13","slug":"100-einwegschalen-aus-aluminium-890-ml-nicht-verschliessbar","status":"publish","type":"product","link":"https:\/\/www.csj-emballages.com\/de\/produit\/100-einwegschalen-aus-aluminium-890-ml-nicht-verschliessbar\/","title":{"rendered":"Aluminiumschale 890 ml, nicht versiegelbar, 100 St\u00fcck"},"content":{"rendered":"<h2 class=\"p1\">Aluminiumschale<\/h2>\n<hr>\n<h3>Beschreibung unserer Aluminiumschale 890 ml nicht verschlie\u00dfbar pro 100<\/h3>\n<p><!--more--><\/p>\n<p data-start=\"31\" data-end=\"357\">Ideal f\u00fcr <strong data-start=\"79\" data-end=\"123\">Caterer, Gastronomen und Privatpersonen<\/strong>: Diese <strong>Aluminiumschale<\/strong> mit <strong>890 ml<\/strong> Fassungsverm\u00f6gen ist perfekt zum Verpacken und Transportieren Ihrer warmen oder kalten Speisen. Hitzebest\u00e4ndig und temperaturschwankungsresistent, kann sie zum <strong data-start=\"341\" data-end=\"387\">Kochen, Aufw\u00e4rmen und Aufbewahren<\/strong> von Lebensmitteln verwendet werden. Dank ihrer St\u00e4rke und Praktikabilit\u00e4t ist diese <strong>Aluminiumschale<\/strong> eine unverzichtbare Wahl f\u00fcr die Pr\u00e4sentation in der Vitrine, im Gesch\u00e4ft oder sogar f\u00fcr die Vakuumverpackung. Ihr <strong>recycelbares Material<\/strong> macht sie zu einer umweltfreundlichen L\u00f6sung, die den Anforderungen von Profis und Privatpersonen gerecht wird, die Wert auf die Qualit\u00e4t ihrer Verpackung legen.   <\/p>\n<p><!--more--><\/p>\n<h4>Vorteile :<\/h4>\n<ul>\n<li data-start=\"913\" data-end=\"971\">Diese Aluminiumschale ist f\u00fcr warme und kalte Speisen geeignet.<\/li>\n<li data-start=\"972\" data-end=\"1041\">Geeignet zum Kochen und Aufw\u00e4rmen.<\/li>\n<li data-start=\"1042\" data-end=\"1109\">Ideal f\u00fcr Pr\u00e4sentation und Vakuumverpackung.<\/li>\n<li data-start=\"1110\" data-end=\"1190\">Eine umweltfreundlichere L\u00f6sung.<\/li>\n<li data-start=\"1191\" data-end=\"1265\">890 ml, perfekt f\u00fcr kleine Portionen.<\/li>\n<\/ul>\n<p>&nbsp;<\/p>\n<p><!--more--><\/p>\n<h4>Weitere Informationen :<\/h4>\n<ul>\n<li><strong>Verpackung<\/strong>: Packung mit 100 St\u00fcck<\/li>\n<li><strong>Ma\u00dfe<\/strong>: 203 x 138 x 50 mm<\/li>\n<li><strong>Volumen<\/strong>: 890 ml<\/li>\n<li><strong>Material<\/strong>: Aluminium<\/li>\n<li><strong>Widerstand<\/strong>: 60 Mikron<\/li>\n<li><strong>Gebrauchstemperatur<\/strong>: -40\u00b0C \/ +350\u00b0C<\/li>\n<\/ul>\n<p>&nbsp;<\/p>\n<p><!--more--><\/p>\n<p>Dieses Produkt ist auch in verschiedenen Gr\u00f6\u00dfen erh\u00e4ltlich : <span style=\"color: #d12727;\"><a style=\"color: #d12727;\" href=\"https:\/\/www.csj-emballages.com\/es\/produit\/100-bandejas-de-aluminio-desechables-250-ml-sin-tapa\/\">250 ml<\/a><\/span> \/ <span style=\"color: #d12727;\"><a style=\"color: #d12727;\" href=\"https:\/\/www.csj-emballages.com\/es\/produit\/100-bandejas-de-aluminio-desechables-no-sellables-de-350-ml\/\">350 ml<\/a><\/span> \/ <span style=\"color: #d12727;\"><a style=\"color: #d12727;\" href=\"https:\/\/www.csj-emballages.com\/es\/produit\/100-bandejas-de-aluminio-desechables-490-ml-no-precintables\/\">490 ml<\/a><\/span> \/ <span style=\"color: #d12727;\"><a style=\"color: #d12727;\" href=\"https:\/\/www.csj-emballages.com\/es\/produit\/100-bandejas-de-aluminio-desechables-825-ml-sin-precinto\/\">825 ml<\/a><\/span><\/p>\n<p>&nbsp;<\/p>\n<p><!--more--><\/p>\n<p><a href=\"https:\/\/www.csj-emballages.com\/de\/categorie-produit\/lebensmittelverpackungen\/metzgerei-und-feinkostgeschaft\/schalen-dosen-und-glaser\/aluminiumschalen-schalen-formen-tabletts-becher-auflaufformen-tortenschalen\/aluminiumteller\/\">Entdecken Sie den Rest unseres Aluminiumverpackungssortiments<\/a><\/p>\n","protected":false},"excerpt":{"rendered":"<p>Aluminiumschale Beschreibung unserer Aluminiumschale 890 ml nicht verschlie\u00dfbar pro 100<\/p>\n","protected":false},"featured_media":227824,"template":"","meta":{"_acf_changed":false},"product_brand":[],"product_cat":[1137,1170,1997,2041],"product_tag":[],"class_list":{"0":"post-19269","1":"product","2":"type-product","3":"status-publish","4":"has-post-thumbnail","6":"product_cat-lebensmittelverpackungen","7":"product_cat-metzgerei-und-feinkostgeschaft","8":"product_cat-aluminiumschalen-schalen-formen-tabletts-becher-auflaufformen-tortenschalen","9":"product_cat-nicht-verschliesbare-schalen","11":"first","12":"instock","13":"taxable","14":"shipping-taxable","15":"purchasable","16":"product-type-simple"},"acf":[],"yoast_head":"<!-- This site is optimized with the Yoast SEO Premium plugin v26.6 (Yoast SEO v26.6) - https:\/\/yoast.com\/wordpress\/plugins\/seo\/ -->\n<title>Aluminiumschale 890 ml Nicht verschlie\u00dfbar pro 100<\/title>\n<meta name=\"description\" content=\"Aluminiumschale 890 ml, nicht versiegelbar \u2013 ideal zum Kochen, Transportieren und Aufbewahren von Speisen. 100 St\u00fcck\" \/>\n<meta name=\"robots\" content=\"index, follow, max-snippet:-1, max-image-preview:large, max-video-preview:-1\" \/>\n<link rel=\"canonical\" href=\"https:\/\/www.csj-emballages.com\/de\/produit\/100-einwegschalen-aus-aluminium-890-ml-nicht-verschliessbar\/\" \/>\n<meta property=\"og:locale\" content=\"de_DE\" \/>\n<meta property=\"og:type\" content=\"article\" \/>\n<meta property=\"og:title\" content=\"Aluminiumschale 890 ml, nicht versiegelbar, 100 St\u00fcck\" \/>\n<meta property=\"og:description\" content=\"Aluminiumschale 890 ml, nicht versiegelbar \u2013 ideal zum Kochen, Transportieren und Aufbewahren von Speisen. 100 St\u00fcck\" \/>\n<meta property=\"og:url\" content=\"https:\/\/www.csj-emballages.com\/de\/produit\/100-einwegschalen-aus-aluminium-890-ml-nicht-verschliessbar\/\" \/>\n<meta property=\"og:site_name\" content=\"CSJ Emballages\" \/>\n<meta property=\"article:publisher\" content=\"https:\/\/www.facebook.com\/csjemballages\" \/>\n<meta property=\"article:modified_time\" content=\"2026-04-11T00:11:13+00:00\" \/>\n<meta property=\"og:image\" content=\"https:\/\/www.csj-emballages.com\/wp-content\/uploads\/2024\/03\/BA911.webp\" \/>\n\t<meta property=\"og:image:width\" content=\"800\" \/>\n\t<meta property=\"og:image:height\" content=\"800\" \/>\n\t<meta property=\"og:image:type\" content=\"image\/webp\" \/>\n<meta name=\"twitter:card\" content=\"summary_large_image\" \/>\n<meta name=\"twitter:label1\" content=\"Gesch\u00e4tzte Lesezeit\" \/>\n\t<meta name=\"twitter:data1\" content=\"1\u00a0Minute\" \/>\n<script type=\"application\/ld+json\" class=\"yoast-schema-graph\">{\"@context\":\"https:\/\/schema.org\",\"@graph\":[{\"@type\":\"WebPage\",\"@id\":\"https:\/\/www.csj-emballages.com\/de\/produit\/100-einwegschalen-aus-aluminium-890-ml-nicht-verschliessbar\/\",\"url\":\"https:\/\/www.csj-emballages.com\/de\/produit\/100-einwegschalen-aus-aluminium-890-ml-nicht-verschliessbar\/\",\"name\":\"Aluminiumschale 890 ml Nicht verschlie\u00dfbar pro 100\",\"isPartOf\":{\"@id\":\"https:\/\/www.csj-emballages.com\/de\/#website\"},\"primaryImageOfPage\":{\"@id\":\"https:\/\/www.csj-emballages.com\/de\/produit\/100-einwegschalen-aus-aluminium-890-ml-nicht-verschliessbar\/#primaryimage\"},\"image\":{\"@id\":\"https:\/\/www.csj-emballages.com\/de\/produit\/100-einwegschalen-aus-aluminium-890-ml-nicht-verschliessbar\/#primaryimage\"},\"thumbnailUrl\":\"https:\/\/www.csj-emballages.com\/wp-content\/uploads\/2024\/03\/BA911.webp\",\"datePublished\":\"2024-03-01T15:57:23+00:00\",\"dateModified\":\"2026-04-11T00:11:13+00:00\",\"description\":\"Aluminiumschale 890 ml, nicht versiegelbar \u2013 ideal zum Kochen, Transportieren und Aufbewahren von Speisen. 100 St\u00fcck\",\"breadcrumb\":{\"@id\":\"https:\/\/www.csj-emballages.com\/de\/produit\/100-einwegschalen-aus-aluminium-890-ml-nicht-verschliessbar\/#breadcrumb\"},\"inLanguage\":\"de\",\"potentialAction\":[{\"@type\":\"ReadAction\",\"target\":[\"https:\/\/www.csj-emballages.com\/de\/produit\/100-einwegschalen-aus-aluminium-890-ml-nicht-verschliessbar\/\"]}]},{\"@type\":\"ImageObject\",\"inLanguage\":\"de\",\"@id\":\"https:\/\/www.csj-emballages.com\/de\/produit\/100-einwegschalen-aus-aluminium-890-ml-nicht-verschliessbar\/#primaryimage\",\"url\":\"https:\/\/www.csj-emballages.com\/wp-content\/uploads\/2024\/03\/BA911.webp\",\"contentUrl\":\"https:\/\/www.csj-emballages.com\/wp-content\/uploads\/2024\/03\/BA911.webp\",\"width\":800,\"height\":800,\"caption\":\"barquette aluminium\"},{\"@type\":\"BreadcrumbList\",\"@id\":\"https:\/\/www.csj-emballages.com\/de\/produit\/100-einwegschalen-aus-aluminium-890-ml-nicht-verschliessbar\/#breadcrumb\",\"itemListElement\":[{\"@type\":\"ListItem\",\"position\":1,\"name\":\"Accueil\",\"item\":\"https:\/\/www.csj-emballages.com\/de\/universum-lebensmittelverpackungen\/\"},{\"@type\":\"ListItem\",\"position\":2,\"name\":\"Shop\",\"item\":\"https:\/\/www.csj-emballages.com\/shop\/\"},{\"@type\":\"ListItem\",\"position\":3,\"name\":\"Aluminiumschale 890 ml, nicht versiegelbar, 100 St\u00fcck\"}]},{\"@type\":\"WebSite\",\"@id\":\"https:\/\/www.csj-emballages.com\/de\/#website\",\"url\":\"https:\/\/www.csj-emballages.com\/de\/\",\"name\":\"CSJ Emballages\",\"description\":\"\",\"publisher\":{\"@id\":\"https:\/\/www.csj-emballages.com\/de\/#organization\"},\"potentialAction\":[{\"@type\":\"SearchAction\",\"target\":{\"@type\":\"EntryPoint\",\"urlTemplate\":\"https:\/\/www.csj-emballages.com\/de\/?s={search_term_string}\"},\"query-input\":{\"@type\":\"PropertyValueSpecification\",\"valueRequired\":true,\"valueName\":\"search_term_string\"}}],\"inLanguage\":\"de\"},{\"@type\":\"Organization\",\"@id\":\"https:\/\/www.csj-emballages.com\/de\/#Organization\/\",\"name\":\"CSJ Emballages\",\"url\":\"https:\/\/www.csj-emballages.com\/de\/\",\"logo\":{\"@type\":\"ImageObject\",\"inLanguage\":\"de\",\"@id\":\"https:\/\/www.csj-emballages.com\/de\/#\/schema\/logo\/image\/\",\"url\":\"https:\/\/www.csj-emballages.com\/wp-content\/uploads\/2023\/10\/logo_csj.webp\",\"contentUrl\":\"https:\/\/www.csj-emballages.com\/wp-content\/uploads\/2023\/10\/logo_csj.webp\",\"width\":250,\"height\":95,\"caption\":\"CSJ Emballages\"},\"image\":{\"@id\":\"https:\/\/www.csj-emballages.com\/de\/#\/schema\/logo\/image\/\"},\"sameAs\":[\"https:\/\/www.facebook.com\/csjemballages\"],\"address\":{\"@type\":\"PostalAddress\",\"streetAddress\":\"ZI La Lechere\",\"addressLocality\":\"Patornay\",\"postalCode\":\"39130\",\"addressCountry\":\"FR\"},\"contactPoint\":[{\"@type\":\"ContactPoint\",\"contactType\":\"Service client\",\"telephone\":\"0384254272\",\"email\":\"contact@csj-emballages.com\"}]}]}<\/script>\n<!-- \/ Yoast SEO Premium plugin. -->","yoast_head_json":{"title":"Aluminiumschale 890 ml Nicht verschlie\u00dfbar pro 100","description":"Aluminiumschale 890 ml, nicht versiegelbar \u2013 ideal zum Kochen, Transportieren und Aufbewahren von Speisen. 100 St\u00fcck","robots":{"index":"index","follow":"follow","max-snippet":"max-snippet:-1","max-image-preview":"max-image-preview:large","max-video-preview":"max-video-preview:-1"},"canonical":"https:\/\/www.csj-emballages.com\/de\/produit\/100-einwegschalen-aus-aluminium-890-ml-nicht-verschliessbar\/","og_locale":"de_DE","og_type":"article","og_title":"Aluminiumschale 890 ml, nicht versiegelbar, 100 St\u00fcck","og_description":"Aluminiumschale 890 ml, nicht versiegelbar \u2013 ideal zum Kochen, Transportieren und Aufbewahren von Speisen. 100 St\u00fcck","og_url":"https:\/\/www.csj-emballages.com\/de\/produit\/100-einwegschalen-aus-aluminium-890-ml-nicht-verschliessbar\/","og_site_name":"CSJ Emballages","article_publisher":"https:\/\/www.facebook.com\/csjemballages","article_modified_time":"2026-04-11T00:11:13+00:00","og_image":[{"width":800,"height":800,"url":"https:\/\/www.csj-emballages.com\/wp-content\/uploads\/2024\/03\/BA911.webp","type":"image\/webp"}],"twitter_card":"summary_large_image","twitter_misc":{"Gesch\u00e4tzte Lesezeit":"1\u00a0Minute"},"schema":{"@context":"https:\/\/schema.org","@graph":[{"@type":"WebPage","@id":"https:\/\/www.csj-emballages.com\/de\/produit\/100-einwegschalen-aus-aluminium-890-ml-nicht-verschliessbar\/","url":"https:\/\/www.csj-emballages.com\/de\/produit\/100-einwegschalen-aus-aluminium-890-ml-nicht-verschliessbar\/","name":"Aluminiumschale 890 ml Nicht verschlie\u00dfbar pro 100","isPartOf":{"@id":"https:\/\/www.csj-emballages.com\/de\/#website"},"primaryImageOfPage":{"@id":"https:\/\/www.csj-emballages.com\/de\/produit\/100-einwegschalen-aus-aluminium-890-ml-nicht-verschliessbar\/#primaryimage"},"image":{"@id":"https:\/\/www.csj-emballages.com\/de\/produit\/100-einwegschalen-aus-aluminium-890-ml-nicht-verschliessbar\/#primaryimage"},"thumbnailUrl":"https:\/\/www.csj-emballages.com\/wp-content\/uploads\/2024\/03\/BA911.webp","datePublished":"2024-03-01T15:57:23+00:00","dateModified":"2026-04-11T00:11:13+00:00","description":"Aluminiumschale 890 ml, nicht versiegelbar \u2013 ideal zum Kochen, Transportieren und Aufbewahren von Speisen. 100 St\u00fcck","breadcrumb":{"@id":"https:\/\/www.csj-emballages.com\/de\/produit\/100-einwegschalen-aus-aluminium-890-ml-nicht-verschliessbar\/#breadcrumb"},"inLanguage":"de","potentialAction":[{"@type":"ReadAction","target":["https:\/\/www.csj-emballages.com\/de\/produit\/100-einwegschalen-aus-aluminium-890-ml-nicht-verschliessbar\/"]}]},{"@type":"ImageObject","inLanguage":"de","@id":"https:\/\/www.csj-emballages.com\/de\/produit\/100-einwegschalen-aus-aluminium-890-ml-nicht-verschliessbar\/#primaryimage","url":"https:\/\/www.csj-emballages.com\/wp-content\/uploads\/2024\/03\/BA911.webp","contentUrl":"https:\/\/www.csj-emballages.com\/wp-content\/uploads\/2024\/03\/BA911.webp","width":800,"height":800,"caption":"barquette aluminium"},{"@type":"BreadcrumbList","@id":"https:\/\/www.csj-emballages.com\/de\/produit\/100-einwegschalen-aus-aluminium-890-ml-nicht-verschliessbar\/#breadcrumb","itemListElement":[{"@type":"ListItem","position":1,"name":"Accueil","item":"https:\/\/www.csj-emballages.com\/de\/universum-lebensmittelverpackungen\/"},{"@type":"ListItem","position":2,"name":"Shop","item":"https:\/\/www.csj-emballages.com\/shop\/"},{"@type":"ListItem","position":3,"name":"Aluminiumschale 890 ml, nicht versiegelbar, 100 St\u00fcck"}]},{"@type":"WebSite","@id":"https:\/\/www.csj-emballages.com\/de\/#website","url":"https:\/\/www.csj-emballages.com\/de\/","name":"CSJ Emballages","description":"","publisher":{"@id":"https:\/\/www.csj-emballages.com\/de\/#organization"},"potentialAction":[{"@type":"SearchAction","target":{"@type":"EntryPoint","urlTemplate":"https:\/\/www.csj-emballages.com\/de\/?s={search_term_string}"},"query-input":{"@type":"PropertyValueSpecification","valueRequired":true,"valueName":"search_term_string"}}],"inLanguage":"de"},{"@type":"Organization","@id":"https:\/\/www.csj-emballages.com\/de\/#Organization\/","name":"CSJ Emballages","url":"https:\/\/www.csj-emballages.com\/de\/","logo":{"@type":"ImageObject","inLanguage":"de","@id":"https:\/\/www.csj-emballages.com\/de\/#\/schema\/logo\/image\/","url":"https:\/\/www.csj-emballages.com\/wp-content\/uploads\/2023\/10\/logo_csj.webp","contentUrl":"https:\/\/www.csj-emballages.com\/wp-content\/uploads\/2023\/10\/logo_csj.webp","width":250,"height":95,"caption":"CSJ Emballages"},"image":{"@id":"https:\/\/www.csj-emballages.com\/de\/#\/schema\/logo\/image\/"},"sameAs":["https:\/\/www.facebook.com\/csjemballages"],"address":{"@type":"PostalAddress","streetAddress":"ZI La Lechere","addressLocality":"Patornay","postalCode":"39130","addressCountry":"FR"},"contactPoint":[{"@type":"ContactPoint","contactType":"Service client","telephone":"0384254272","email":"contact@csj-emballages.com"}]}]}},"df_price":16.42,"df_sale_price":"","df_regular_price":16.42,"df_image_link":"https:\/\/www.csj-emballages.com\/wp-content\/uploads\/2024\/03\/BA911-300x300.webp","tiered_pricing_type":"fixed","tiered_pricing_fixed_rules":[],"tiered_pricing_percentage_rules":[],"tiered_pricing_minimum":1,"tiered_pricing_roles_data":[],"_links":{"self":[{"href":"https:\/\/www.csj-emballages.com\/de\/wp-json\/wp\/v2\/product\/19269","targetHints":{"allow":["GET"]}}],"collection":[{"href":"https:\/\/www.csj-emballages.com\/de\/wp-json\/wp\/v2\/product"}],"about":[{"href":"https:\/\/www.csj-emballages.com\/de\/wp-json\/wp\/v2\/types\/product"}],"wp:featuredmedia":[{"embeddable":true,"href":"https:\/\/www.csj-emballages.com\/de\/wp-json\/wp\/v2\/media\/227824"}],"wp:attachment":[{"href":"https:\/\/www.csj-emballages.com\/de\/wp-json\/wp\/v2\/media?parent=19269"}],"wp:term":[{"taxonomy":"product_brand","embeddable":true,"href":"https:\/\/www.csj-emballages.com\/de\/wp-json\/wp\/v2\/product_brand?post=19269"},{"taxonomy":"product_cat","embeddable":true,"href":"https:\/\/www.csj-emballages.com\/de\/wp-json\/wp\/v2\/product_cat?post=19269"},{"taxonomy":"product_tag","embeddable":true,"href":"https:\/\/www.csj-emballages.com\/de\/wp-json\/wp\/v2\/product_tag?post=19269"}],"curies":[{"name":"wp","href":"https:\/\/api.w.org\/{rel}","templated":true}]}}