{"id":19261,"date":"2024-03-01T16:57:23","date_gmt":"2024-03-01T15:57:23","guid":{"rendered":"https:\/\/u15jnbdpoq.preview.infomaniak.website\/produit\/50-amerikanische-essensdosen-doggy-bag-kraft-2-faecher-1300-ml\/"},"modified":"2026-04-14T02:12:08","modified_gmt":"2026-04-14T00:12:08","slug":"50-amerikanische-essensdosen-doggy-bag-kraft-2-faecher-1300-ml","status":"publish","type":"product","link":"https:\/\/www.csj-emballages.com\/de\/produit\/50-amerikanische-essensdosen-doggy-bag-kraft-2-faecher-1300-ml\/","title":{"rendered":"Amerikanische Mahlzeitendose &#8222;Doggy Bag&#8220; 2 F\u00e4cher 1300 ml pro 50"},"content":{"rendered":"<div style=\"font-family: Roboto, sans-serif;\">\n<div style=\"font-family: Roboto, sans-serif;\">\n<div style=\"font-family: Roboto, sans-serif;\">\n<h2>Mahlzeitbox<\/h2>\n<hr>\n<h3>Beschreibung unserer amerikanischen Mahlzeitendose &#8222;Doggy Bag&#8220; 1300 ml pro 450<\/h3>\n<p><!--more--><\/p>\n<div class=\"flex-shrink-0 flex flex-col relative items-end\">\n<div class=\"pt-0.5 juice:pt-0\">\n<div class=\"gizmo-bot-avatar flex h-6 w-6 items-center justify-center overflow-hidden rounded-full juice:h-8 juice:w-8\">\n<p data-start=\"255\" data-end=\"766\">Wenn Sie eine einfache, praktische und wirklich durchdachte Dose f\u00fcr Ihren Alltag suchen, wird die <strong data-start=\"345\" data-end=\"409\">Amerikanische Mahlzeitendose &#8222;Doggy Bag&#8220; mit 2 F\u00e4chern 1300 ml<\/strong> schnell zu einem unverzichtbaren Bestandteil Ihres Services werden. Sobald Sie sie \u00f6ffnen, fallen Ihnen sofort die <strong>beiden<\/strong> gut getrennten <strong>F\u00e4cher<\/strong> auf. Dank ihnen k\u00f6nnen Sie ein Hauptgericht auf der einen Seite und eine Beilage auf der anderen Seite anrichten, ohne dass die Gefahr einer Vermischung besteht. So bleiben die Pr\u00e4sentation sauber und der Geschmack bis zum Verzehr intakt.   <\/p>\n<p data-start=\"768\" data-end=\"1227\">Ebenso bietet Ihnen das <strong data-start=\"780\" data-end=\"810\">gro\u00dfe Fassungsverm\u00f6gen von 1300 ml<\/strong> gen\u00fcgend Platz, um gro\u00dfz\u00fcgige Portionen oder komplette Men\u00fcs anzubieten. Ob zum Mitnehmen, f\u00fcr die Lieferung oder um Ihren Kunden die M\u00f6glichkeit zu geben, ihre Reste mitzunehmen &#8211; diese <g id=\"gid_1\">Lunchbox<\/g> passt sich problemlos an jede Situation an. Zweitens, was Ihnen das Leben wirklich erleichtert, ist ihre einfache Handhabung: Sie falten und verschlie\u00dfen sie in wenigen Sekunden, ohne Kraftaufwand oder Zeitverlust.  <\/p>\n<p data-start=\"1229\" data-end=\"1590\">Au\u00dferdem h\u00e4lt das robuste Material <strong>sowohl hei\u00dfe als auch kalte Speisen<\/strong> sehr gut aus. So bleibt die Box auch beim Transport stabil und h\u00e4lt Ihre Speisen sicher an ihrem Platz. Der typische <strong>amerikanische<\/strong> &#8222;<strong>Doggy Bag<\/strong>&#8222;-Look verleiht Ihren Verpackungen au\u00dferdem eine moderne und authentische Note, die bei Ihren Kunden ein professionelles und gepflegtes Image vermittelt.  <\/p>\n<p data-start=\"1592\" data-end=\"1886\">Au\u00dferdem wird sie <strong data-start=\"1618\" data-end=\"1635\">in Packungen zu 50 St\u00fcck<\/strong> verkauft, sodass Sie Ihren Bestand gelassener verwalten k\u00f6nnen. Sie gewinnen an Organisation, Effizienz und Komfort bei der t\u00e4glichen Arbeit. Kurzum, diese Box ist eine zuverl\u00e4ssige, vielseitige und angenehme Wahl f\u00fcr alle Ihre Gerichte zum Mitnehmen.  <\/p>\n<p data-start=\"1592\" data-end=\"1886\">\n<\/div>\n<\/div>\n<\/div>\n<p><!--more--><\/p>\n<p><strong>Vorteile :<\/strong><\/p>\n<ul>\n<li data-start=\"1915\" data-end=\"1958\"><strong>2 F\u00e4cher<\/strong> zum Trennen von Lebensmitteln<\/li>\n<li data-start=\"1961\" data-end=\"1991\">Gro\u00dfes Fassungsverm\u00f6gen von<strong> 1300 ml.<\/strong><\/li>\n<li data-start=\"1994\" data-end=\"2030\">Geeignet f\u00fcr warme und kalte Speisen.<\/li>\n<li data-start=\"2033\" data-end=\"2061\">Schneller und zuverl\u00e4ssiger Verschluss.<\/li>\n<li data-start=\"2064\" data-end=\"2105\">Moderner und qualitativ hochwertiger &#8222;<strong>Doggy Bag<\/strong>&#8222;-Stil.<\/li>\n<li data-start=\"2108\" data-end=\"2144\"><strong>50er-Pack<\/strong>: preiswert und praktisch.<\/li>\n<\/ul>\n<p>&nbsp;<\/p>\n<p><!--more--><\/p>\n<h4>Weitere Informationen :<\/h4>\n<ul>\n<li><strong>Verpackung<\/strong>: Packung mit 50 St\u00fcck<\/li>\n<li><strong>Ma\u00dfe<\/strong>: 135 x 170 x 65 mm<\/li>\n<li><strong>Volumen<\/strong>: 1300 ml<\/li>\n<li><span style=\"font-weight: bold;\">Farbe <\/span>: Braun<\/li>\n<li><span style=\"font-weight: bold;\">Material <\/span>: Karton<\/li>\n<\/ul>\n<p>&nbsp;<\/p>\n<\/div>\n<\/div>\n<\/div>\n<p><!--more--><\/p>\n<p>Diese Doggy-Bag-Mahlzeitendose ist in verschiedenen Gr\u00f6\u00dfen erh\u00e4ltlich : <span style=\"color: #d12727;\"><a style=\"color: #d12727;\" href=\"https:\/\/www.csj-emballages.com\/es\/produit\/450-fiambreras-kraft-doggy-bag-de-780-ml\/\">780 ml<\/a><\/span> \/ <span style=\"color: #d12727;\"><a style=\"color: #d12727;\" href=\"https:\/\/www.csj-emballages.com\/es\/produit\/200-fiambreras-kraft-1500-ml-doggy-bag\/\">1500 ml<\/a><\/span> \/ <span style=\"color: #d12727;\"><a style=\"color: #d12727;\" href=\"https:\/\/www.csj-emballages.com\/es\/produit\/200-cajas-de-comida-kraft-doggy-bag-2000-ml\/\">2000 ml<\/a><\/span> \/ <span style=\"color: #d12727;\"><a style=\"color: #d12727;\" href=\"https:\/\/www.csj-emballages.com\/es\/produit\/40-cajas-de-comida-americana-kraft-doggy-bag-2800-ml\/\">2800 ml<\/a><\/span><\/p>\n<div style=\"font-family: Roboto, sans-serif;\">\n<div style=\"font-family: Roboto, sans-serif;\">\n<div style=\"font-family: Roboto, sans-serif;\">\n<p>&nbsp;<\/p>\n<p><!--more--><\/p>\n<p><a href=\"https:\/\/www.csj-emballages.com\/de\/categorie-produit\/lebensmittelverpackungen\/restauration-de\/dosen-schalen-beutel-konen\/schalen-kartons\/boxen-zum-mitnehmen-amerikanisch\/\">Sehen Sie sich den Rest unseres Sortiments an Amerikanischen Kartonschachteln an.<\/a><\/p>\n<\/div>\n<\/div>\n<\/div>\n","protected":false},"excerpt":{"rendered":"<p>Mahlzeitbox Beschreibung unserer amerikanischen Mahlzeitendose &#8222;Doggy Bag&#8220; 1300 ml pro 450<\/p>\n","protected":false},"featured_media":255268,"template":"","meta":{"_acf_changed":false},"product_brand":[],"product_cat":[1137,1134,2045],"product_tag":[],"class_list":{"0":"post-19261","1":"product","2":"type-product","3":"status-publish","4":"has-post-thumbnail","6":"product_cat-lebensmittelverpackungen","7":"product_cat-restauration-de","8":"product_cat-boxen-zum-mitnehmen-amerikanisch","10":"first","11":"instock","12":"taxable","13":"shipping-taxable","14":"purchasable","15":"product-type-simple"},"acf":[],"yoast_head":"<!-- This site is optimized with the Yoast SEO Premium plugin v26.6 (Yoast SEO v26.6) - https:\/\/yoast.com\/wordpress\/plugins\/seo\/ -->\n<title>Amerikanische Essensdose &quot;Doggy Bag&quot; 2 F\u00e4cher 1300 ml<\/title>\n<meta name=\"description\" content=\"Amerikanische Essensbox 780 ml aus Kraftpapier. Ideal f\u00fcr den Verkauf zum Mitnehmen, stabil, praktisch und preiswert. Lot von 450 Einheiten f\u00fcr Gastronomen.\" \/>\n<meta name=\"robots\" content=\"index, follow, max-snippet:-1, max-image-preview:large, max-video-preview:-1\" \/>\n<link rel=\"canonical\" href=\"https:\/\/www.csj-emballages.com\/de\/produit\/50-amerikanische-essensdosen-doggy-bag-kraft-2-faecher-1300-ml\/\" \/>\n<meta property=\"og:locale\" content=\"de_DE\" \/>\n<meta property=\"og:type\" content=\"article\" \/>\n<meta property=\"og:title\" content=\"Amerikanische Mahlzeitendose &quot;Doggy Bag&quot; 2 F\u00e4cher 1300 ml pro 50\" \/>\n<meta property=\"og:description\" content=\"Amerikanische Essensbox 780 ml aus Kraftpapier. Ideal f\u00fcr den Verkauf zum Mitnehmen, stabil, praktisch und preiswert. Lot von 450 Einheiten f\u00fcr Gastronomen.\" \/>\n<meta property=\"og:url\" content=\"https:\/\/www.csj-emballages.com\/de\/produit\/50-amerikanische-essensdosen-doggy-bag-kraft-2-faecher-1300-ml\/\" \/>\n<meta property=\"og:site_name\" content=\"CSJ Emballages\" \/>\n<meta property=\"article:publisher\" content=\"https:\/\/www.facebook.com\/csjemballages\" \/>\n<meta property=\"article:modified_time\" content=\"2026-04-14T00:12:08+00:00\" \/>\n<meta property=\"og:image\" content=\"https:\/\/www.csj-emballages.com\/wp-content\/uploads\/2024\/03\/BAG1302GE.webp\" \/>\n\t<meta property=\"og:image:width\" content=\"800\" \/>\n\t<meta property=\"og:image:height\" content=\"800\" \/>\n\t<meta property=\"og:image:type\" content=\"image\/webp\" \/>\n<meta name=\"twitter:card\" content=\"summary_large_image\" \/>\n<meta name=\"twitter:label1\" content=\"Gesch\u00e4tzte Lesezeit\" \/>\n\t<meta name=\"twitter:data1\" content=\"2 Minuten\" \/>\n<script type=\"application\/ld+json\" class=\"yoast-schema-graph\">{\"@context\":\"https:\/\/schema.org\",\"@graph\":[{\"@type\":\"WebPage\",\"@id\":\"https:\/\/www.csj-emballages.com\/de\/produit\/50-amerikanische-essensdosen-doggy-bag-kraft-2-faecher-1300-ml\/\",\"url\":\"https:\/\/www.csj-emballages.com\/de\/produit\/50-amerikanische-essensdosen-doggy-bag-kraft-2-faecher-1300-ml\/\",\"name\":\"Amerikanische Essensdose \\\"Doggy Bag\\\" 2 F\u00e4cher 1300 ml\",\"isPartOf\":{\"@id\":\"https:\/\/www.csj-emballages.com\/de\/#website\"},\"primaryImageOfPage\":{\"@id\":\"https:\/\/www.csj-emballages.com\/de\/produit\/50-amerikanische-essensdosen-doggy-bag-kraft-2-faecher-1300-ml\/#primaryimage\"},\"image\":{\"@id\":\"https:\/\/www.csj-emballages.com\/de\/produit\/50-amerikanische-essensdosen-doggy-bag-kraft-2-faecher-1300-ml\/#primaryimage\"},\"thumbnailUrl\":\"https:\/\/www.csj-emballages.com\/wp-content\/uploads\/2024\/03\/BAG1302GE.webp\",\"datePublished\":\"2024-03-01T15:57:23+00:00\",\"dateModified\":\"2026-04-14T00:12:08+00:00\",\"description\":\"Amerikanische Essensbox 780 ml aus Kraftpapier. Ideal f\u00fcr den Verkauf zum Mitnehmen, stabil, praktisch und preiswert. Lot von 450 Einheiten f\u00fcr Gastronomen.\",\"breadcrumb\":{\"@id\":\"https:\/\/www.csj-emballages.com\/de\/produit\/50-amerikanische-essensdosen-doggy-bag-kraft-2-faecher-1300-ml\/#breadcrumb\"},\"inLanguage\":\"de\",\"potentialAction\":[{\"@type\":\"ReadAction\",\"target\":[\"https:\/\/www.csj-emballages.com\/de\/produit\/50-amerikanische-essensdosen-doggy-bag-kraft-2-faecher-1300-ml\/\"]}]},{\"@type\":\"ImageObject\",\"inLanguage\":\"de\",\"@id\":\"https:\/\/www.csj-emballages.com\/de\/produit\/50-amerikanische-essensdosen-doggy-bag-kraft-2-faecher-1300-ml\/#primaryimage\",\"url\":\"https:\/\/www.csj-emballages.com\/wp-content\/uploads\/2024\/03\/BAG1302GE.webp\",\"contentUrl\":\"https:\/\/www.csj-emballages.com\/wp-content\/uploads\/2024\/03\/BAG1302GE.webp\",\"width\":800,\"height\":800,\"caption\":\"Boite repas\"},{\"@type\":\"BreadcrumbList\",\"@id\":\"https:\/\/www.csj-emballages.com\/de\/produit\/50-amerikanische-essensdosen-doggy-bag-kraft-2-faecher-1300-ml\/#breadcrumb\",\"itemListElement\":[{\"@type\":\"ListItem\",\"position\":1,\"name\":\"Accueil\",\"item\":\"https:\/\/www.csj-emballages.com\/de\/universum-lebensmittelverpackungen\/\"},{\"@type\":\"ListItem\",\"position\":2,\"name\":\"Shop\",\"item\":\"https:\/\/www.csj-emballages.com\/shop\/\"},{\"@type\":\"ListItem\",\"position\":3,\"name\":\"Amerikanische Mahlzeitendose \u00ab\u00a0Doggy Bag\u00a0\u00bb 2 F\u00e4cher 1300 ml pro 50\"}]},{\"@type\":\"WebSite\",\"@id\":\"https:\/\/www.csj-emballages.com\/de\/#website\",\"url\":\"https:\/\/www.csj-emballages.com\/de\/\",\"name\":\"CSJ Emballages\",\"description\":\"\",\"publisher\":{\"@id\":\"https:\/\/www.csj-emballages.com\/de\/#organization\"},\"potentialAction\":[{\"@type\":\"SearchAction\",\"target\":{\"@type\":\"EntryPoint\",\"urlTemplate\":\"https:\/\/www.csj-emballages.com\/de\/?s={search_term_string}\"},\"query-input\":{\"@type\":\"PropertyValueSpecification\",\"valueRequired\":true,\"valueName\":\"search_term_string\"}}],\"inLanguage\":\"de\"},{\"@type\":\"Organization\",\"@id\":\"https:\/\/www.csj-emballages.com\/de\/#Organization\/\",\"name\":\"CSJ Emballages\",\"url\":\"https:\/\/www.csj-emballages.com\/de\/\",\"logo\":{\"@type\":\"ImageObject\",\"inLanguage\":\"de\",\"@id\":\"https:\/\/www.csj-emballages.com\/de\/#\/schema\/logo\/image\/\",\"url\":\"https:\/\/www.csj-emballages.com\/wp-content\/uploads\/2023\/10\/logo_csj.webp\",\"contentUrl\":\"https:\/\/www.csj-emballages.com\/wp-content\/uploads\/2023\/10\/logo_csj.webp\",\"width\":250,\"height\":95,\"caption\":\"CSJ Emballages\"},\"image\":{\"@id\":\"https:\/\/www.csj-emballages.com\/de\/#\/schema\/logo\/image\/\"},\"sameAs\":[\"https:\/\/www.facebook.com\/csjemballages\"],\"address\":{\"@type\":\"PostalAddress\",\"streetAddress\":\"ZI La Lechere\",\"addressLocality\":\"Patornay\",\"postalCode\":\"39130\",\"addressCountry\":\"FR\"},\"contactPoint\":[{\"@type\":\"ContactPoint\",\"contactType\":\"Service client\",\"telephone\":\"0384254272\",\"email\":\"contact@csj-emballages.com\"}]}]}<\/script>\n<!-- \/ Yoast SEO Premium plugin. -->","yoast_head_json":{"title":"Amerikanische Essensdose \"Doggy Bag\" 2 F\u00e4cher 1300 ml","description":"Amerikanische Essensbox 780 ml aus Kraftpapier. Ideal f\u00fcr den Verkauf zum Mitnehmen, stabil, praktisch und preiswert. Lot von 450 Einheiten f\u00fcr Gastronomen.","robots":{"index":"index","follow":"follow","max-snippet":"max-snippet:-1","max-image-preview":"max-image-preview:large","max-video-preview":"max-video-preview:-1"},"canonical":"https:\/\/www.csj-emballages.com\/de\/produit\/50-amerikanische-essensdosen-doggy-bag-kraft-2-faecher-1300-ml\/","og_locale":"de_DE","og_type":"article","og_title":"Amerikanische Mahlzeitendose \"Doggy Bag\" 2 F\u00e4cher 1300 ml pro 50","og_description":"Amerikanische Essensbox 780 ml aus Kraftpapier. Ideal f\u00fcr den Verkauf zum Mitnehmen, stabil, praktisch und preiswert. Lot von 450 Einheiten f\u00fcr Gastronomen.","og_url":"https:\/\/www.csj-emballages.com\/de\/produit\/50-amerikanische-essensdosen-doggy-bag-kraft-2-faecher-1300-ml\/","og_site_name":"CSJ Emballages","article_publisher":"https:\/\/www.facebook.com\/csjemballages","article_modified_time":"2026-04-14T00:12:08+00:00","og_image":[{"width":800,"height":800,"url":"https:\/\/www.csj-emballages.com\/wp-content\/uploads\/2024\/03\/BAG1302GE.webp","type":"image\/webp"}],"twitter_card":"summary_large_image","twitter_misc":{"Gesch\u00e4tzte Lesezeit":"2 Minuten"},"schema":{"@context":"https:\/\/schema.org","@graph":[{"@type":"WebPage","@id":"https:\/\/www.csj-emballages.com\/de\/produit\/50-amerikanische-essensdosen-doggy-bag-kraft-2-faecher-1300-ml\/","url":"https:\/\/www.csj-emballages.com\/de\/produit\/50-amerikanische-essensdosen-doggy-bag-kraft-2-faecher-1300-ml\/","name":"Amerikanische Essensdose \"Doggy Bag\" 2 F\u00e4cher 1300 ml","isPartOf":{"@id":"https:\/\/www.csj-emballages.com\/de\/#website"},"primaryImageOfPage":{"@id":"https:\/\/www.csj-emballages.com\/de\/produit\/50-amerikanische-essensdosen-doggy-bag-kraft-2-faecher-1300-ml\/#primaryimage"},"image":{"@id":"https:\/\/www.csj-emballages.com\/de\/produit\/50-amerikanische-essensdosen-doggy-bag-kraft-2-faecher-1300-ml\/#primaryimage"},"thumbnailUrl":"https:\/\/www.csj-emballages.com\/wp-content\/uploads\/2024\/03\/BAG1302GE.webp","datePublished":"2024-03-01T15:57:23+00:00","dateModified":"2026-04-14T00:12:08+00:00","description":"Amerikanische Essensbox 780 ml aus Kraftpapier. Ideal f\u00fcr den Verkauf zum Mitnehmen, stabil, praktisch und preiswert. Lot von 450 Einheiten f\u00fcr Gastronomen.","breadcrumb":{"@id":"https:\/\/www.csj-emballages.com\/de\/produit\/50-amerikanische-essensdosen-doggy-bag-kraft-2-faecher-1300-ml\/#breadcrumb"},"inLanguage":"de","potentialAction":[{"@type":"ReadAction","target":["https:\/\/www.csj-emballages.com\/de\/produit\/50-amerikanische-essensdosen-doggy-bag-kraft-2-faecher-1300-ml\/"]}]},{"@type":"ImageObject","inLanguage":"de","@id":"https:\/\/www.csj-emballages.com\/de\/produit\/50-amerikanische-essensdosen-doggy-bag-kraft-2-faecher-1300-ml\/#primaryimage","url":"https:\/\/www.csj-emballages.com\/wp-content\/uploads\/2024\/03\/BAG1302GE.webp","contentUrl":"https:\/\/www.csj-emballages.com\/wp-content\/uploads\/2024\/03\/BAG1302GE.webp","width":800,"height":800,"caption":"Boite repas"},{"@type":"BreadcrumbList","@id":"https:\/\/www.csj-emballages.com\/de\/produit\/50-amerikanische-essensdosen-doggy-bag-kraft-2-faecher-1300-ml\/#breadcrumb","itemListElement":[{"@type":"ListItem","position":1,"name":"Accueil","item":"https:\/\/www.csj-emballages.com\/de\/universum-lebensmittelverpackungen\/"},{"@type":"ListItem","position":2,"name":"Shop","item":"https:\/\/www.csj-emballages.com\/shop\/"},{"@type":"ListItem","position":3,"name":"Amerikanische Mahlzeitendose \u00ab\u00a0Doggy Bag\u00a0\u00bb 2 F\u00e4cher 1300 ml pro 50"}]},{"@type":"WebSite","@id":"https:\/\/www.csj-emballages.com\/de\/#website","url":"https:\/\/www.csj-emballages.com\/de\/","name":"CSJ Emballages","description":"","publisher":{"@id":"https:\/\/www.csj-emballages.com\/de\/#organization"},"potentialAction":[{"@type":"SearchAction","target":{"@type":"EntryPoint","urlTemplate":"https:\/\/www.csj-emballages.com\/de\/?s={search_term_string}"},"query-input":{"@type":"PropertyValueSpecification","valueRequired":true,"valueName":"search_term_string"}}],"inLanguage":"de"},{"@type":"Organization","@id":"https:\/\/www.csj-emballages.com\/de\/#Organization\/","name":"CSJ Emballages","url":"https:\/\/www.csj-emballages.com\/de\/","logo":{"@type":"ImageObject","inLanguage":"de","@id":"https:\/\/www.csj-emballages.com\/de\/#\/schema\/logo\/image\/","url":"https:\/\/www.csj-emballages.com\/wp-content\/uploads\/2023\/10\/logo_csj.webp","contentUrl":"https:\/\/www.csj-emballages.com\/wp-content\/uploads\/2023\/10\/logo_csj.webp","width":250,"height":95,"caption":"CSJ Emballages"},"image":{"@id":"https:\/\/www.csj-emballages.com\/de\/#\/schema\/logo\/image\/"},"sameAs":["https:\/\/www.facebook.com\/csjemballages"],"address":{"@type":"PostalAddress","streetAddress":"ZI La Lechere","addressLocality":"Patornay","postalCode":"39130","addressCountry":"FR"},"contactPoint":[{"@type":"ContactPoint","contactType":"Service client","telephone":"0384254272","email":"contact@csj-emballages.com"}]}]}},"df_price":19.25,"df_sale_price":"","df_regular_price":19.25,"df_image_link":"https:\/\/www.csj-emballages.com\/wp-content\/uploads\/2024\/03\/BAG1302GE-300x300.webp","tiered_pricing_type":"fixed","tiered_pricing_fixed_rules":[],"tiered_pricing_percentage_rules":[],"tiered_pricing_minimum":1,"tiered_pricing_roles_data":[],"_links":{"self":[{"href":"https:\/\/www.csj-emballages.com\/de\/wp-json\/wp\/v2\/product\/19261","targetHints":{"allow":["GET"]}}],"collection":[{"href":"https:\/\/www.csj-emballages.com\/de\/wp-json\/wp\/v2\/product"}],"about":[{"href":"https:\/\/www.csj-emballages.com\/de\/wp-json\/wp\/v2\/types\/product"}],"wp:featuredmedia":[{"embeddable":true,"href":"https:\/\/www.csj-emballages.com\/de\/wp-json\/wp\/v2\/media\/255268"}],"wp:attachment":[{"href":"https:\/\/www.csj-emballages.com\/de\/wp-json\/wp\/v2\/media?parent=19261"}],"wp:term":[{"taxonomy":"product_brand","embeddable":true,"href":"https:\/\/www.csj-emballages.com\/de\/wp-json\/wp\/v2\/product_brand?post=19261"},{"taxonomy":"product_cat","embeddable":true,"href":"https:\/\/www.csj-emballages.com\/de\/wp-json\/wp\/v2\/product_cat?post=19261"},{"taxonomy":"product_tag","embeddable":true,"href":"https:\/\/www.csj-emballages.com\/de\/wp-json\/wp\/v2\/product_tag?post=19261"}],"curies":[{"name":"wp","href":"https:\/\/api.w.org\/{rel}","templated":true}]}}