{"id":19236,"date":"2024-03-01T16:57:27","date_gmt":"2024-03-01T15:57:27","guid":{"rendered":"https:\/\/u15jnbdpoq.preview.infomaniak.website\/produit\/50-biologisch-abbaubare-teller-26-cm\/"},"modified":"2026-04-28T02:11:51","modified_gmt":"2026-04-28T00:11:51","slug":"50-biologisch-abbaubare-teller-26-cm","status":"publish","type":"product","link":"https:\/\/www.csj-emballages.com\/de\/produit\/50-biologisch-abbaubare-teller-26-cm\/","title":{"rendered":"Biologisch abbaubarer runder Teller 26 cm pro 50"},"content":{"rendered":"<h2>Runder Teller<\/h2>\n<hr>\n<h3>Beschreibung von unserem runden biologisch abbaubaren Teller 26 cm x 50<\/h3>\n<p><!--more--><\/p>\n<p data-start=\"211\" data-end=\"605\">Sind Sie auf der Suche nach einer praktischen, eleganten und umweltfreundlichen L\u00f6sung f\u00fcr Ihre Veranstaltungen oder Ihr Cateringgesch\u00e4ft? Dieser <strong data-start=\"357\" data-end=\"398\">biologisch abbaubare runde Teller (26 cm<\/strong> ) ist ein sicherer Wert. Er wird aus nat\u00fcrlichen Materialien wie <strong>Bagasse<\/strong><strong>(Zuckerrohrmark<\/strong>) hergestellt und bietet eine sch\u00f6ne Alternative zu<strong>Einweg-Plastiktellern<\/strong>, ohne Kompromisse bei der Stabilit\u00e4t einzugehen. Mit seinem <g id=\"gid_3\">Durchmesser von 26 cm<\/g> ist er ein Allround-Format, das sich perfekt f\u00fcr Hauptgerichte, \u00fcppige Salate oder sogar gro\u00dfz\u00fcgige Desserts eignet. Denn egal ob f\u00fcr eine Hochzeit, ein Buffet, eine Firmenfeier oder einen umweltbewussten Cateringservice, er vereint <strong data-start=\"867\" data-end=\"899\">\u00c4sthetik und Funktionalit\u00e4t<\/strong>.    <\/p>\n<p data-start=\"902\" data-end=\"1204\">Da sie sowohl f\u00fcr hei\u00dfe als auch f\u00fcr kalte Speisen geeignet ist, kann sie sogar in der Mikrowelle oder im Gefrierschrank verwendet werden, ohne sich zu verformen. Und was passiert nach dem Gebrauch? Dann ab auf den Kompost! Sie ist <strong data-start=\"1066\" data-end=\"1087\">zu 100 % kompostierbar<\/strong>, so dass Sie Ihren Abfall erheblich reduzieren und gleichzeitig ein professionelles und engagiertes Image bewahren k\u00f6nnen.   <\/p>\n<p data-start=\"1206\" data-end=\"1445\">Dieser <strong>runde Teller<\/strong> wird in einem <strong data-start=\"1260\" data-end=\"1273\">Set von 50 St\u00fcck<\/strong> geliefert und ist sofort einsatzbereit f\u00fcr alle Ihre Bed\u00fcrfnisse, egal ob Sie ein Gastronom sind, der auf seine Umweltvertr\u00e4glichkeit achtet, eine Gemeinde oder eine Privatperson, die eine Veranstaltung organisiert.<\/p>\n<p data-start=\"1377\" data-end=\"1659\"><!--more--><\/p>\n<h4 data-start=\"1377\" data-end=\"1659\">Vorteile :<\/h4>\n<ul>\n<li>100 % biologisch abbaubar und kompostierbar.<\/li>\n<li>Wird aus Pflanzenfasern (Bagasse) hergestellt.<\/li>\n<li>Best\u00e4ndig gegen Fl\u00fcssigkeiten, Fette und Hitze.<\/li>\n<li>Mikrowellengeeignet.<\/li>\n<li>Nat\u00fcrliches, schlichtes Aussehen f\u00fcr eine sch\u00f6ne Pr\u00e4sentation.<\/li>\n<li>Perfekt f\u00fcr Caterer, Restaurants und Privatpersonen.<\/li>\n<\/ul>\n<p>&nbsp;<\/p>\n<p><!--more--><\/p>\n<h4>Weitere Informationen :<\/h4>\n<ul>\n<li><strong>Verpackung<\/strong>: Packung mit 50 St\u00fcck<\/li>\n<li><b>Au\u00dfendurchmesser <\/b>: 260 mm<\/li>\n<li><b>Innendurchmesser <\/b>: 195 mm<\/li>\n<li><strong>H\u00f6he<\/strong>: 15 mm<\/li>\n<li><strong>Material<\/strong>: Zuckerrohrpulpe \/ Bagasse<\/li>\n<li><strong>Farbe<\/strong>: Wei\u00df<\/li>\n<li><strong>Betriebstemperatur<\/strong>: -4\u00b0C \/ +100\u00b0C<\/li>\n<\/ul>\n<p>&nbsp;<\/p>\n<p><!--more--><\/p>\n<p>Hier finden Sie alle unsere runden Teller aus Bagasse, die in verschiedenen Gr\u00f6\u00dfen erh\u00e4ltlich sind: <span style=\"color: #d12727;\"><a style=\"color: #d12727;\" href=\"https:\/\/www.csj-emballages.com\/produit\/50-assiettes-a-dessert-biodegradables-17cm\/\">17 cm<\/a><\/span> \/ <span style=\"color: #d12727;\"><a style=\"color: #d12727;\" href=\"https:\/\/www.csj-emballages.com\/de\/produit\/50-biologisch-abbaubare-teller-22-cm\/\">22 cm<\/a><\/span><\/p>\n<p>&nbsp;<\/p>\n<p><!--more--><\/p>\n<p>Entdecken Sie auch unseren biologisch abbaubaren runden Teller mit 3 F\u00e4chern : <span style=\"color: #d12727;\"><a style=\"color: #d12727;\" href=\"https:\/\/www.csj-emballages.com\/produit\/50-assiettes-biodegradables-3-compartiments-26-cm\/\">AS263CBIO<\/a><\/span><\/p>\n<div style=\"text-align: center;\">\n<div style=\"text-align: center;\">\n<div style=\"text-align: center;\">\n<div style=\"text-align: center;\">\n<div style=\"text-align: center;\">\n<div style=\"text-align: center;\">\n<div style=\"text-align: center;\">\n<div style=\"text-align: center;\"><\/div>\n<\/div>\n<\/div>\n<\/div>\n<\/div>\n<\/div>\n<\/div>\n<\/div>\n<p><!--more--><\/p>\n<p><a href=\"https:\/\/www.csj-emballages.com\/de\/categorie-produit\/lebensmittelverpackungen\/bio-sortiment\/eller-abletts-boxen\/bio-teller\/\">Sehen Sie sich den Rest unseres Sortiments an biologisch abbaubaren Tellern an<\/a><\/p>\n","protected":false},"excerpt":{"rendered":"<p>Runder Teller Beschreibung von unserem runden biologisch abbaubaren Teller 26 cm x 50<\/p>\n","protected":false},"featured_media":239720,"template":"","meta":{"_acf_changed":false},"product_brand":[],"product_cat":[1146,2033],"product_tag":[],"class_list":{"0":"post-19236","1":"product","2":"type-product","3":"status-publish","4":"has-post-thumbnail","6":"product_cat-bio-sortiment","7":"product_cat-bio-teller","9":"first","10":"instock","11":"taxable","12":"shipping-taxable","13":"purchasable","14":"product-type-simple"},"acf":[],"yoast_head":"<!-- This site is optimized with the Yoast SEO Premium plugin v26.6 (Yoast SEO v26.6) - https:\/\/yoast.com\/wordpress\/plugins\/seo\/ -->\n<title>Runder biologisch abbaubarer Teller 26 cm pro 50<\/title>\n<meta name=\"description\" content=\"Biologisch abbaubarer Teller 26 cm aus Bagasse, stabil, kompostierbar und ideal f\u00fcr alle Ihre Veranstaltungen. Wird zu 50 St\u00fcck verkauft. Praktisch, umweltfreundlich und elegant.\" \/>\n<meta name=\"robots\" content=\"index, follow, max-snippet:-1, max-image-preview:large, max-video-preview:-1\" \/>\n<link rel=\"canonical\" href=\"https:\/\/www.csj-emballages.com\/de\/produit\/50-biologisch-abbaubare-teller-26-cm\/\" \/>\n<meta property=\"og:locale\" content=\"de_DE\" \/>\n<meta property=\"og:type\" content=\"article\" \/>\n<meta property=\"og:title\" content=\"Biologisch abbaubarer runder Teller 26 cm pro 50\" \/>\n<meta property=\"og:description\" content=\"Biologisch abbaubarer Teller 26 cm aus Bagasse, stabil, kompostierbar und ideal f\u00fcr alle Ihre Veranstaltungen. Wird zu 50 St\u00fcck verkauft. Praktisch, umweltfreundlich und elegant.\" \/>\n<meta property=\"og:url\" content=\"https:\/\/www.csj-emballages.com\/de\/produit\/50-biologisch-abbaubare-teller-26-cm\/\" \/>\n<meta property=\"og:site_name\" content=\"CSJ Emballages\" \/>\n<meta property=\"article:publisher\" content=\"https:\/\/www.facebook.com\/csjemballages\" \/>\n<meta property=\"article:modified_time\" content=\"2026-04-28T00:11:51+00:00\" \/>\n<meta property=\"og:image\" content=\"https:\/\/www.csj-emballages.com\/wp-content\/uploads\/2024\/03\/AS26BIO.webp\" \/>\n\t<meta property=\"og:image:width\" content=\"800\" \/>\n\t<meta property=\"og:image:height\" content=\"800\" \/>\n\t<meta property=\"og:image:type\" content=\"image\/webp\" \/>\n<meta name=\"twitter:card\" content=\"summary_large_image\" \/>\n<meta name=\"twitter:label1\" content=\"Gesch\u00e4tzte Lesezeit\" \/>\n\t<meta name=\"twitter:data1\" content=\"2 Minuten\" \/>\n<script type=\"application\/ld+json\" class=\"yoast-schema-graph\">{\"@context\":\"https:\/\/schema.org\",\"@graph\":[{\"@type\":\"WebPage\",\"@id\":\"https:\/\/www.csj-emballages.com\/de\/produit\/50-biologisch-abbaubare-teller-26-cm\/\",\"url\":\"https:\/\/www.csj-emballages.com\/de\/produit\/50-biologisch-abbaubare-teller-26-cm\/\",\"name\":\"Runder biologisch abbaubarer Teller 26 cm pro 50\",\"isPartOf\":{\"@id\":\"https:\/\/www.csj-emballages.com\/de\/#website\"},\"primaryImageOfPage\":{\"@id\":\"https:\/\/www.csj-emballages.com\/de\/produit\/50-biologisch-abbaubare-teller-26-cm\/#primaryimage\"},\"image\":{\"@id\":\"https:\/\/www.csj-emballages.com\/de\/produit\/50-biologisch-abbaubare-teller-26-cm\/#primaryimage\"},\"thumbnailUrl\":\"https:\/\/www.csj-emballages.com\/wp-content\/uploads\/2024\/03\/AS26BIO.webp\",\"datePublished\":\"2024-03-01T15:57:27+00:00\",\"dateModified\":\"2026-04-28T00:11:51+00:00\",\"description\":\"Biologisch abbaubarer Teller 26 cm aus Bagasse, stabil, kompostierbar und ideal f\u00fcr alle Ihre Veranstaltungen. Wird zu 50 St\u00fcck verkauft. Praktisch, umweltfreundlich und elegant.\",\"breadcrumb\":{\"@id\":\"https:\/\/www.csj-emballages.com\/de\/produit\/50-biologisch-abbaubare-teller-26-cm\/#breadcrumb\"},\"inLanguage\":\"de\",\"potentialAction\":[{\"@type\":\"ReadAction\",\"target\":[\"https:\/\/www.csj-emballages.com\/de\/produit\/50-biologisch-abbaubare-teller-26-cm\/\"]}]},{\"@type\":\"ImageObject\",\"inLanguage\":\"de\",\"@id\":\"https:\/\/www.csj-emballages.com\/de\/produit\/50-biologisch-abbaubare-teller-26-cm\/#primaryimage\",\"url\":\"https:\/\/www.csj-emballages.com\/wp-content\/uploads\/2024\/03\/AS26BIO.webp\",\"contentUrl\":\"https:\/\/www.csj-emballages.com\/wp-content\/uploads\/2024\/03\/AS26BIO.webp\",\"width\":800,\"height\":800,\"caption\":\"Assiette ronde\"},{\"@type\":\"BreadcrumbList\",\"@id\":\"https:\/\/www.csj-emballages.com\/de\/produit\/50-biologisch-abbaubare-teller-26-cm\/#breadcrumb\",\"itemListElement\":[{\"@type\":\"ListItem\",\"position\":1,\"name\":\"Accueil\",\"item\":\"https:\/\/www.csj-emballages.com\/de\/universum-lebensmittelverpackungen\/\"},{\"@type\":\"ListItem\",\"position\":2,\"name\":\"Shop\",\"item\":\"https:\/\/www.csj-emballages.com\/shop\/\"},{\"@type\":\"ListItem\",\"position\":3,\"name\":\"Biologisch abbaubarer runder Teller 26 cm pro 50\"}]},{\"@type\":\"WebSite\",\"@id\":\"https:\/\/www.csj-emballages.com\/de\/#website\",\"url\":\"https:\/\/www.csj-emballages.com\/de\/\",\"name\":\"CSJ Emballages\",\"description\":\"\",\"publisher\":{\"@id\":\"https:\/\/www.csj-emballages.com\/de\/#organization\"},\"potentialAction\":[{\"@type\":\"SearchAction\",\"target\":{\"@type\":\"EntryPoint\",\"urlTemplate\":\"https:\/\/www.csj-emballages.com\/de\/?s={search_term_string}\"},\"query-input\":{\"@type\":\"PropertyValueSpecification\",\"valueRequired\":true,\"valueName\":\"search_term_string\"}}],\"inLanguage\":\"de\"},{\"@type\":\"Organization\",\"@id\":\"https:\/\/www.csj-emballages.com\/de\/#Organization\/\",\"name\":\"CSJ Emballages\",\"url\":\"https:\/\/www.csj-emballages.com\/de\/\",\"logo\":{\"@type\":\"ImageObject\",\"inLanguage\":\"de\",\"@id\":\"https:\/\/www.csj-emballages.com\/de\/#\/schema\/logo\/image\/\",\"url\":\"https:\/\/www.csj-emballages.com\/wp-content\/uploads\/2023\/10\/logo_csj.webp\",\"contentUrl\":\"https:\/\/www.csj-emballages.com\/wp-content\/uploads\/2023\/10\/logo_csj.webp\",\"width\":250,\"height\":95,\"caption\":\"CSJ Emballages\"},\"image\":{\"@id\":\"https:\/\/www.csj-emballages.com\/de\/#\/schema\/logo\/image\/\"},\"sameAs\":[\"https:\/\/www.facebook.com\/csjemballages\"],\"address\":{\"@type\":\"PostalAddress\",\"streetAddress\":\"ZI La Lechere\",\"addressLocality\":\"Patornay\",\"postalCode\":\"39130\",\"addressCountry\":\"FR\"},\"contactPoint\":[{\"@type\":\"ContactPoint\",\"contactType\":\"Service client\",\"telephone\":\"0384254272\",\"email\":\"contact@csj-emballages.com\"}]}]}<\/script>\n<!-- \/ Yoast SEO Premium plugin. -->","yoast_head_json":{"title":"Runder biologisch abbaubarer Teller 26 cm pro 50","description":"Biologisch abbaubarer Teller 26 cm aus Bagasse, stabil, kompostierbar und ideal f\u00fcr alle Ihre Veranstaltungen. Wird zu 50 St\u00fcck verkauft. Praktisch, umweltfreundlich und elegant.","robots":{"index":"index","follow":"follow","max-snippet":"max-snippet:-1","max-image-preview":"max-image-preview:large","max-video-preview":"max-video-preview:-1"},"canonical":"https:\/\/www.csj-emballages.com\/de\/produit\/50-biologisch-abbaubare-teller-26-cm\/","og_locale":"de_DE","og_type":"article","og_title":"Biologisch abbaubarer runder Teller 26 cm pro 50","og_description":"Biologisch abbaubarer Teller 26 cm aus Bagasse, stabil, kompostierbar und ideal f\u00fcr alle Ihre Veranstaltungen. Wird zu 50 St\u00fcck verkauft. Praktisch, umweltfreundlich und elegant.","og_url":"https:\/\/www.csj-emballages.com\/de\/produit\/50-biologisch-abbaubare-teller-26-cm\/","og_site_name":"CSJ Emballages","article_publisher":"https:\/\/www.facebook.com\/csjemballages","article_modified_time":"2026-04-28T00:11:51+00:00","og_image":[{"width":800,"height":800,"url":"https:\/\/www.csj-emballages.com\/wp-content\/uploads\/2024\/03\/AS26BIO.webp","type":"image\/webp"}],"twitter_card":"summary_large_image","twitter_misc":{"Gesch\u00e4tzte Lesezeit":"2 Minuten"},"schema":{"@context":"https:\/\/schema.org","@graph":[{"@type":"WebPage","@id":"https:\/\/www.csj-emballages.com\/de\/produit\/50-biologisch-abbaubare-teller-26-cm\/","url":"https:\/\/www.csj-emballages.com\/de\/produit\/50-biologisch-abbaubare-teller-26-cm\/","name":"Runder biologisch abbaubarer Teller 26 cm pro 50","isPartOf":{"@id":"https:\/\/www.csj-emballages.com\/de\/#website"},"primaryImageOfPage":{"@id":"https:\/\/www.csj-emballages.com\/de\/produit\/50-biologisch-abbaubare-teller-26-cm\/#primaryimage"},"image":{"@id":"https:\/\/www.csj-emballages.com\/de\/produit\/50-biologisch-abbaubare-teller-26-cm\/#primaryimage"},"thumbnailUrl":"https:\/\/www.csj-emballages.com\/wp-content\/uploads\/2024\/03\/AS26BIO.webp","datePublished":"2024-03-01T15:57:27+00:00","dateModified":"2026-04-28T00:11:51+00:00","description":"Biologisch abbaubarer Teller 26 cm aus Bagasse, stabil, kompostierbar und ideal f\u00fcr alle Ihre Veranstaltungen. Wird zu 50 St\u00fcck verkauft. Praktisch, umweltfreundlich und elegant.","breadcrumb":{"@id":"https:\/\/www.csj-emballages.com\/de\/produit\/50-biologisch-abbaubare-teller-26-cm\/#breadcrumb"},"inLanguage":"de","potentialAction":[{"@type":"ReadAction","target":["https:\/\/www.csj-emballages.com\/de\/produit\/50-biologisch-abbaubare-teller-26-cm\/"]}]},{"@type":"ImageObject","inLanguage":"de","@id":"https:\/\/www.csj-emballages.com\/de\/produit\/50-biologisch-abbaubare-teller-26-cm\/#primaryimage","url":"https:\/\/www.csj-emballages.com\/wp-content\/uploads\/2024\/03\/AS26BIO.webp","contentUrl":"https:\/\/www.csj-emballages.com\/wp-content\/uploads\/2024\/03\/AS26BIO.webp","width":800,"height":800,"caption":"Assiette ronde"},{"@type":"BreadcrumbList","@id":"https:\/\/www.csj-emballages.com\/de\/produit\/50-biologisch-abbaubare-teller-26-cm\/#breadcrumb","itemListElement":[{"@type":"ListItem","position":1,"name":"Accueil","item":"https:\/\/www.csj-emballages.com\/de\/universum-lebensmittelverpackungen\/"},{"@type":"ListItem","position":2,"name":"Shop","item":"https:\/\/www.csj-emballages.com\/shop\/"},{"@type":"ListItem","position":3,"name":"Biologisch abbaubarer runder Teller 26 cm pro 50"}]},{"@type":"WebSite","@id":"https:\/\/www.csj-emballages.com\/de\/#website","url":"https:\/\/www.csj-emballages.com\/de\/","name":"CSJ Emballages","description":"","publisher":{"@id":"https:\/\/www.csj-emballages.com\/de\/#organization"},"potentialAction":[{"@type":"SearchAction","target":{"@type":"EntryPoint","urlTemplate":"https:\/\/www.csj-emballages.com\/de\/?s={search_term_string}"},"query-input":{"@type":"PropertyValueSpecification","valueRequired":true,"valueName":"search_term_string"}}],"inLanguage":"de"},{"@type":"Organization","@id":"https:\/\/www.csj-emballages.com\/de\/#Organization\/","name":"CSJ Emballages","url":"https:\/\/www.csj-emballages.com\/de\/","logo":{"@type":"ImageObject","inLanguage":"de","@id":"https:\/\/www.csj-emballages.com\/de\/#\/schema\/logo\/image\/","url":"https:\/\/www.csj-emballages.com\/wp-content\/uploads\/2023\/10\/logo_csj.webp","contentUrl":"https:\/\/www.csj-emballages.com\/wp-content\/uploads\/2023\/10\/logo_csj.webp","width":250,"height":95,"caption":"CSJ Emballages"},"image":{"@id":"https:\/\/www.csj-emballages.com\/de\/#\/schema\/logo\/image\/"},"sameAs":["https:\/\/www.facebook.com\/csjemballages"],"address":{"@type":"PostalAddress","streetAddress":"ZI La Lechere","addressLocality":"Patornay","postalCode":"39130","addressCountry":"FR"},"contactPoint":[{"@type":"ContactPoint","contactType":"Service client","telephone":"0384254272","email":"contact@csj-emballages.com"}]}]}},"df_price":6.22,"df_sale_price":"","df_regular_price":6.22,"df_image_link":"https:\/\/www.csj-emballages.com\/wp-content\/uploads\/2024\/03\/AS26BIO-300x300.webp","tiered_pricing_type":"fixed","tiered_pricing_fixed_rules":[],"tiered_pricing_percentage_rules":[],"tiered_pricing_minimum":1,"tiered_pricing_roles_data":[],"_links":{"self":[{"href":"https:\/\/www.csj-emballages.com\/de\/wp-json\/wp\/v2\/product\/19236","targetHints":{"allow":["GET"]}}],"collection":[{"href":"https:\/\/www.csj-emballages.com\/de\/wp-json\/wp\/v2\/product"}],"about":[{"href":"https:\/\/www.csj-emballages.com\/de\/wp-json\/wp\/v2\/types\/product"}],"wp:featuredmedia":[{"embeddable":true,"href":"https:\/\/www.csj-emballages.com\/de\/wp-json\/wp\/v2\/media\/239720"}],"wp:attachment":[{"href":"https:\/\/www.csj-emballages.com\/de\/wp-json\/wp\/v2\/media?parent=19236"}],"wp:term":[{"taxonomy":"product_brand","embeddable":true,"href":"https:\/\/www.csj-emballages.com\/de\/wp-json\/wp\/v2\/product_brand?post=19236"},{"taxonomy":"product_cat","embeddable":true,"href":"https:\/\/www.csj-emballages.com\/de\/wp-json\/wp\/v2\/product_cat?post=19236"},{"taxonomy":"product_tag","embeddable":true,"href":"https:\/\/www.csj-emballages.com\/de\/wp-json\/wp\/v2\/product_tag?post=19236"}],"curies":[{"name":"wp","href":"https:\/\/api.w.org\/{rel}","templated":true}]}}