{"id":19218,"date":"2024-03-01T16:57:25","date_gmt":"2024-03-01T15:57:25","guid":{"rendered":"https:\/\/u15jnbdpoq.preview.infomaniak.website\/produit\/50-biologisch-abbaubare-quadratische-dessertteller-16-cm\/"},"modified":"2026-04-03T02:13:06","modified_gmt":"2026-04-03T00:13:06","slug":"50-biologisch-abbaubare-quadratische-dessertteller-16-cm","status":"publish","type":"product","link":"https:\/\/www.csj-emballages.com\/de\/produit\/50-biologisch-abbaubare-quadratische-dessertteller-16-cm\/","title":{"rendered":"Biologisch abbaubarer quadratischer Dessertteller 16 cm pro 50"},"content":{"rendered":"<h2>Quadratischer Teller<\/h2>\n<hr>\n<h3>Beschreibung von unserem quadratischen biologisch abbaubaren Dessertteller 16 cm x 50<\/h3>\n<p><!--more--><\/p>\n<p data-start=\"235\" data-end=\"693\">Der<strong>biologisch abbaubare quadratische Dessertteller (16 cm<\/strong> ) ist die ideale L\u00f6sung, um <strong data-start=\"321\" data-end=\"371\">\u00c4sthetik, Praktikabilit\u00e4t und \u00f6kologisches Engagement<\/strong> miteinander zu verbinden. Er wird aus nat\u00fcrlichen Materialien wie <strong>Zuckerrohrpulpe (Bagasse)<\/strong> hergestellt <strong>und<\/strong> ist zu <strong>100 % kompostierbar und biologisch abbaubar<\/strong>, was ihn zu einer immer beliebteren Wahl f\u00fcr Caterer, Restaurantbesitzer, Eventveranstalter, aber auch f\u00fcr Privatpersonen macht, die auf ihre Umweltauswirkungen achten. <\/p>\n<p data-start=\"695\" data-end=\"1105\">Mit seinem <strong data-start=\"704\" data-end=\"739\">eleganten und modernen quadratischen Format<\/strong> eignet sich dieser <strong>16 cm gro\u00dfe quadratische Teller<\/strong> perfekt zum Anrichten von Desserts, Mignardises, K\u00e4se oder auch Vorspeisen bei Buffets. Er vereint Leichtigkeit und Stabilit\u00e4t und ist dabei \u00e4u\u00dferst widerstandsf\u00e4hig gegen Feuchtigkeit, Hitze und fettige Speisen. Sie k\u00f6nnen also sowohl einen Schokoladenfondant als auch einen Obstsalat darauf servieren, ohne dass sich etwas verformt oder ausl\u00e4uft.  <\/p>\n<p data-start=\"1107\" data-end=\"1444\">Er wird in <strong data-start=\"1124\" data-end=\"1137\">Sets zu 50 St\u00fcck<\/strong> verpackt und eignet sich ideal f\u00fcr mittelgro\u00dfe Veranstaltungen wie Geburtstage, Hochzeiten, Firmenessen oder \u00f6kologisch verantwortungsvolle Take-aways. Schluss mit Kompromissen zwischen \u00c4sthetik und \u00d6kologie: Dieser <strong>biologisch abbaubare Teller<\/strong> sieht professionell aus und ist gleichzeitig eine nachhaltige Alternative zu Plastikprodukten. <\/p>\n<p data-start=\"1446\" data-end=\"1583\">Mit diesem Produkt werten Sie Ihr Umweltengagement auf und sorgen gleichzeitig f\u00fcr eine gepflegte und qualitativ hochwertige Pr\u00e4sentation Ihrer Speisen.<\/p>\n<p data-start=\"1377\" data-end=\"1659\"><!--more--><\/p>\n<h4 data-start=\"1377\" data-end=\"1659\">Vorteile :<\/h4>\n<ul>\n<li><strong>Hergestellt aus Bagasse<\/strong>: einem nat\u00fcrlichen und kompostierbaren Material.<\/li>\n<li>Hitze- und feuchtigkeitsbest\u00e4ndig sowie best\u00e4ndig gegen Speisen in Saucen.<\/li>\n<li>Geeignet f\u00fcr den professionellen und privaten Gebrauch.<\/li>\n<li>Schlichtes, elegantes Design f\u00fcr alle Pr\u00e4sentationen.<\/li>\n<li>Umweltfreundliche Alternative zu Einwegplastik.<\/li>\n<li><strong>Wird in Packungen zu 50 St\u00fcck verkauft<\/strong>: preiswert und praktisch.<\/li>\n<\/ul>\n<p>&nbsp;<\/p>\n<p><!--more--><\/p>\n<h4>Weitere Informationen :<\/h4>\n<ul>\n<li><strong>Verpackung<\/strong>: Packung mit 50 St\u00fcck<\/li>\n<li><b>Abmessungen <\/b>: 160 x 160 x 130 (L x B x H in mm)<\/li>\n<li><strong>Material<\/strong>: Zuckerrohrpulpe \/ Bagasse<\/li>\n<li><strong>Farbe<\/strong>: Wei\u00df<\/li>\n<li><strong>Betriebstemperatur<\/strong>: -4\u00b0C \/ +100\u00b0C<\/li>\n<\/ul>\n<p>&nbsp;<\/p>\n<p><!--more--><\/p>\n<p>Hier finden Sie alle unsere quadratischen Teller aus Bagasse, die in verschiedenen Gr\u00f6\u00dfen erh\u00e4ltlich sind: <span style=\"color: #d12727;\"><a style=\"color: #d12727;\" href=\"https:\/\/www.csj-emballages.com\/produit\/50-assiettes-a-dessert-carree-biodegradables-20-cm\/\">20 cm<\/a><\/span> \/ <span style=\"color: #d12727;\"><a style=\"color: #d12727;\" href=\"https:\/\/www.csj-emballages.com\/produit\/50-assiettes-carrees-biodegradables-26-cm\/\">26 cm<\/a><\/span><\/p>\n<div style=\"text-align: center;\">\n<div style=\"text-align: center;\">\n<div style=\"text-align: center;\">\n<div style=\"text-align: center;\">\n<div style=\"text-align: center;\">\n<div style=\"text-align: center;\">\n<div style=\"text-align: center;\">\n<div style=\"text-align: center;\"><\/div>\n<\/div>\n<\/div>\n<\/div>\n<\/div>\n<\/div>\n<\/div>\n<\/div>\n<p><!--more--><\/p>\n<p><a href=\"https:\/\/www.csj-emballages.com\/de\/categorie-produit\/lebensmittelverpackungen\/bio-sortiment\/eller-abletts-boxen\/bio-teller\/\">Sehen Sie sich den Rest unseres Sortiments an biologisch abbaubaren Tellern an<\/a><\/p>\n","protected":false},"excerpt":{"rendered":"<p>Quadratischer Teller Beschreibung von unserem quadratischen biologisch abbaubaren Dessertteller 16 cm x 50<\/p>\n","protected":false},"featured_media":239679,"template":"","meta":{"_acf_changed":false},"product_brand":[],"product_cat":[1146,2033],"product_tag":[],"class_list":{"0":"post-19218","1":"product","2":"type-product","3":"status-publish","4":"has-post-thumbnail","6":"product_cat-bio-sortiment","7":"product_cat-bio-teller","9":"first","10":"instock","11":"taxable","12":"shipping-taxable","13":"purchasable","14":"product-type-simple"},"acf":[],"yoast_head":"<!-- This site is optimized with the Yoast SEO Premium plugin v26.6 (Yoast SEO v26.6) - https:\/\/yoast.com\/wordpress\/plugins\/seo\/ -->\n<title>Biologisch abbaubarer quadratischer Dessertteller 16 cm pro 50<\/title>\n<meta name=\"description\" content=\"Biologisch abbaubarer quadratischer Teller 16 cm, ideal f\u00fcr Desserts oder Vorspeisen. Elegant, widerstandsf\u00e4hig und kompostierbar. Set mit 50 St\u00fcck f\u00fcr Profis oder Privatpersonen.\" \/>\n<meta name=\"robots\" content=\"index, follow, max-snippet:-1, max-image-preview:large, max-video-preview:-1\" \/>\n<link rel=\"canonical\" href=\"https:\/\/www.csj-emballages.com\/de\/produit\/50-biologisch-abbaubare-quadratische-dessertteller-16-cm\/\" \/>\n<meta property=\"og:locale\" content=\"de_DE\" \/>\n<meta property=\"og:type\" content=\"article\" \/>\n<meta property=\"og:title\" content=\"Biologisch abbaubarer quadratischer Dessertteller 16 cm pro 50\" \/>\n<meta property=\"og:description\" content=\"Biologisch abbaubarer quadratischer Teller 16 cm, ideal f\u00fcr Desserts oder Vorspeisen. Elegant, widerstandsf\u00e4hig und kompostierbar. Set mit 50 St\u00fcck f\u00fcr Profis oder Privatpersonen.\" \/>\n<meta property=\"og:url\" content=\"https:\/\/www.csj-emballages.com\/de\/produit\/50-biologisch-abbaubare-quadratische-dessertteller-16-cm\/\" \/>\n<meta property=\"og:site_name\" content=\"CSJ Emballages\" \/>\n<meta property=\"article:publisher\" content=\"https:\/\/www.facebook.com\/csjemballages\" \/>\n<meta property=\"article:modified_time\" content=\"2026-04-03T00:13:06+00:00\" \/>\n<meta property=\"og:image\" content=\"https:\/\/www.csj-emballages.com\/wp-content\/uploads\/2024\/03\/ATC160BIO.webp\" \/>\n\t<meta property=\"og:image:width\" content=\"800\" \/>\n\t<meta property=\"og:image:height\" content=\"800\" \/>\n\t<meta property=\"og:image:type\" content=\"image\/webp\" \/>\n<meta name=\"twitter:card\" content=\"summary_large_image\" \/>\n<meta name=\"twitter:label1\" content=\"Gesch\u00e4tzte Lesezeit\" \/>\n\t<meta name=\"twitter:data1\" content=\"2 Minuten\" \/>\n<script type=\"application\/ld+json\" class=\"yoast-schema-graph\">{\"@context\":\"https:\/\/schema.org\",\"@graph\":[{\"@type\":\"WebPage\",\"@id\":\"https:\/\/www.csj-emballages.com\/de\/produit\/50-biologisch-abbaubare-quadratische-dessertteller-16-cm\/\",\"url\":\"https:\/\/www.csj-emballages.com\/de\/produit\/50-biologisch-abbaubare-quadratische-dessertteller-16-cm\/\",\"name\":\"Biologisch abbaubarer quadratischer Dessertteller 16 cm pro 50\",\"isPartOf\":{\"@id\":\"https:\/\/www.csj-emballages.com\/de\/#website\"},\"primaryImageOfPage\":{\"@id\":\"https:\/\/www.csj-emballages.com\/de\/produit\/50-biologisch-abbaubare-quadratische-dessertteller-16-cm\/#primaryimage\"},\"image\":{\"@id\":\"https:\/\/www.csj-emballages.com\/de\/produit\/50-biologisch-abbaubare-quadratische-dessertteller-16-cm\/#primaryimage\"},\"thumbnailUrl\":\"https:\/\/www.csj-emballages.com\/wp-content\/uploads\/2024\/03\/ATC160BIO.webp\",\"datePublished\":\"2024-03-01T15:57:25+00:00\",\"dateModified\":\"2026-04-03T00:13:06+00:00\",\"description\":\"Biologisch abbaubarer quadratischer Teller 16 cm, ideal f\u00fcr Desserts oder Vorspeisen. Elegant, widerstandsf\u00e4hig und kompostierbar. Set mit 50 St\u00fcck f\u00fcr Profis oder Privatpersonen.\",\"breadcrumb\":{\"@id\":\"https:\/\/www.csj-emballages.com\/de\/produit\/50-biologisch-abbaubare-quadratische-dessertteller-16-cm\/#breadcrumb\"},\"inLanguage\":\"de\",\"potentialAction\":[{\"@type\":\"ReadAction\",\"target\":[\"https:\/\/www.csj-emballages.com\/de\/produit\/50-biologisch-abbaubare-quadratische-dessertteller-16-cm\/\"]}]},{\"@type\":\"ImageObject\",\"inLanguage\":\"de\",\"@id\":\"https:\/\/www.csj-emballages.com\/de\/produit\/50-biologisch-abbaubare-quadratische-dessertteller-16-cm\/#primaryimage\",\"url\":\"https:\/\/www.csj-emballages.com\/wp-content\/uploads\/2024\/03\/ATC160BIO.webp\",\"contentUrl\":\"https:\/\/www.csj-emballages.com\/wp-content\/uploads\/2024\/03\/ATC160BIO.webp\",\"width\":800,\"height\":800,\"caption\":\"Assiette carr\u00e9\"},{\"@type\":\"BreadcrumbList\",\"@id\":\"https:\/\/www.csj-emballages.com\/de\/produit\/50-biologisch-abbaubare-quadratische-dessertteller-16-cm\/#breadcrumb\",\"itemListElement\":[{\"@type\":\"ListItem\",\"position\":1,\"name\":\"Accueil\",\"item\":\"https:\/\/www.csj-emballages.com\/de\/universum-lebensmittelverpackungen\/\"},{\"@type\":\"ListItem\",\"position\":2,\"name\":\"Shop\",\"item\":\"https:\/\/www.csj-emballages.com\/shop\/\"},{\"@type\":\"ListItem\",\"position\":3,\"name\":\"Biologisch abbaubarer quadratischer Dessertteller 16 cm pro 50\"}]},{\"@type\":\"WebSite\",\"@id\":\"https:\/\/www.csj-emballages.com\/de\/#website\",\"url\":\"https:\/\/www.csj-emballages.com\/de\/\",\"name\":\"CSJ Emballages\",\"description\":\"\",\"publisher\":{\"@id\":\"https:\/\/www.csj-emballages.com\/de\/#organization\"},\"potentialAction\":[{\"@type\":\"SearchAction\",\"target\":{\"@type\":\"EntryPoint\",\"urlTemplate\":\"https:\/\/www.csj-emballages.com\/de\/?s={search_term_string}\"},\"query-input\":{\"@type\":\"PropertyValueSpecification\",\"valueRequired\":true,\"valueName\":\"search_term_string\"}}],\"inLanguage\":\"de\"},{\"@type\":\"Organization\",\"@id\":\"https:\/\/www.csj-emballages.com\/de\/#Organization\/\",\"name\":\"CSJ Emballages\",\"url\":\"https:\/\/www.csj-emballages.com\/de\/\",\"logo\":{\"@type\":\"ImageObject\",\"inLanguage\":\"de\",\"@id\":\"https:\/\/www.csj-emballages.com\/de\/#\/schema\/logo\/image\/\",\"url\":\"https:\/\/www.csj-emballages.com\/wp-content\/uploads\/2023\/10\/logo_csj.webp\",\"contentUrl\":\"https:\/\/www.csj-emballages.com\/wp-content\/uploads\/2023\/10\/logo_csj.webp\",\"width\":250,\"height\":95,\"caption\":\"CSJ Emballages\"},\"image\":{\"@id\":\"https:\/\/www.csj-emballages.com\/de\/#\/schema\/logo\/image\/\"},\"sameAs\":[\"https:\/\/www.facebook.com\/csjemballages\"],\"address\":{\"@type\":\"PostalAddress\",\"streetAddress\":\"ZI La Lechere\",\"addressLocality\":\"Patornay\",\"postalCode\":\"39130\",\"addressCountry\":\"FR\"},\"contactPoint\":[{\"@type\":\"ContactPoint\",\"contactType\":\"Service client\",\"telephone\":\"0384254272\",\"email\":\"contact@csj-emballages.com\"}]}]}<\/script>\n<!-- \/ Yoast SEO Premium plugin. -->","yoast_head_json":{"title":"Biologisch abbaubarer quadratischer Dessertteller 16 cm pro 50","description":"Biologisch abbaubarer quadratischer Teller 16 cm, ideal f\u00fcr Desserts oder Vorspeisen. Elegant, widerstandsf\u00e4hig und kompostierbar. Set mit 50 St\u00fcck f\u00fcr Profis oder Privatpersonen.","robots":{"index":"index","follow":"follow","max-snippet":"max-snippet:-1","max-image-preview":"max-image-preview:large","max-video-preview":"max-video-preview:-1"},"canonical":"https:\/\/www.csj-emballages.com\/de\/produit\/50-biologisch-abbaubare-quadratische-dessertteller-16-cm\/","og_locale":"de_DE","og_type":"article","og_title":"Biologisch abbaubarer quadratischer Dessertteller 16 cm pro 50","og_description":"Biologisch abbaubarer quadratischer Teller 16 cm, ideal f\u00fcr Desserts oder Vorspeisen. Elegant, widerstandsf\u00e4hig und kompostierbar. Set mit 50 St\u00fcck f\u00fcr Profis oder Privatpersonen.","og_url":"https:\/\/www.csj-emballages.com\/de\/produit\/50-biologisch-abbaubare-quadratische-dessertteller-16-cm\/","og_site_name":"CSJ Emballages","article_publisher":"https:\/\/www.facebook.com\/csjemballages","article_modified_time":"2026-04-03T00:13:06+00:00","og_image":[{"width":800,"height":800,"url":"https:\/\/www.csj-emballages.com\/wp-content\/uploads\/2024\/03\/ATC160BIO.webp","type":"image\/webp"}],"twitter_card":"summary_large_image","twitter_misc":{"Gesch\u00e4tzte Lesezeit":"2 Minuten"},"schema":{"@context":"https:\/\/schema.org","@graph":[{"@type":"WebPage","@id":"https:\/\/www.csj-emballages.com\/de\/produit\/50-biologisch-abbaubare-quadratische-dessertteller-16-cm\/","url":"https:\/\/www.csj-emballages.com\/de\/produit\/50-biologisch-abbaubare-quadratische-dessertteller-16-cm\/","name":"Biologisch abbaubarer quadratischer Dessertteller 16 cm pro 50","isPartOf":{"@id":"https:\/\/www.csj-emballages.com\/de\/#website"},"primaryImageOfPage":{"@id":"https:\/\/www.csj-emballages.com\/de\/produit\/50-biologisch-abbaubare-quadratische-dessertteller-16-cm\/#primaryimage"},"image":{"@id":"https:\/\/www.csj-emballages.com\/de\/produit\/50-biologisch-abbaubare-quadratische-dessertteller-16-cm\/#primaryimage"},"thumbnailUrl":"https:\/\/www.csj-emballages.com\/wp-content\/uploads\/2024\/03\/ATC160BIO.webp","datePublished":"2024-03-01T15:57:25+00:00","dateModified":"2026-04-03T00:13:06+00:00","description":"Biologisch abbaubarer quadratischer Teller 16 cm, ideal f\u00fcr Desserts oder Vorspeisen. Elegant, widerstandsf\u00e4hig und kompostierbar. Set mit 50 St\u00fcck f\u00fcr Profis oder Privatpersonen.","breadcrumb":{"@id":"https:\/\/www.csj-emballages.com\/de\/produit\/50-biologisch-abbaubare-quadratische-dessertteller-16-cm\/#breadcrumb"},"inLanguage":"de","potentialAction":[{"@type":"ReadAction","target":["https:\/\/www.csj-emballages.com\/de\/produit\/50-biologisch-abbaubare-quadratische-dessertteller-16-cm\/"]}]},{"@type":"ImageObject","inLanguage":"de","@id":"https:\/\/www.csj-emballages.com\/de\/produit\/50-biologisch-abbaubare-quadratische-dessertteller-16-cm\/#primaryimage","url":"https:\/\/www.csj-emballages.com\/wp-content\/uploads\/2024\/03\/ATC160BIO.webp","contentUrl":"https:\/\/www.csj-emballages.com\/wp-content\/uploads\/2024\/03\/ATC160BIO.webp","width":800,"height":800,"caption":"Assiette carr\u00e9"},{"@type":"BreadcrumbList","@id":"https:\/\/www.csj-emballages.com\/de\/produit\/50-biologisch-abbaubare-quadratische-dessertteller-16-cm\/#breadcrumb","itemListElement":[{"@type":"ListItem","position":1,"name":"Accueil","item":"https:\/\/www.csj-emballages.com\/de\/universum-lebensmittelverpackungen\/"},{"@type":"ListItem","position":2,"name":"Shop","item":"https:\/\/www.csj-emballages.com\/shop\/"},{"@type":"ListItem","position":3,"name":"Biologisch abbaubarer quadratischer Dessertteller 16 cm pro 50"}]},{"@type":"WebSite","@id":"https:\/\/www.csj-emballages.com\/de\/#website","url":"https:\/\/www.csj-emballages.com\/de\/","name":"CSJ Emballages","description":"","publisher":{"@id":"https:\/\/www.csj-emballages.com\/de\/#organization"},"potentialAction":[{"@type":"SearchAction","target":{"@type":"EntryPoint","urlTemplate":"https:\/\/www.csj-emballages.com\/de\/?s={search_term_string}"},"query-input":{"@type":"PropertyValueSpecification","valueRequired":true,"valueName":"search_term_string"}}],"inLanguage":"de"},{"@type":"Organization","@id":"https:\/\/www.csj-emballages.com\/de\/#Organization\/","name":"CSJ Emballages","url":"https:\/\/www.csj-emballages.com\/de\/","logo":{"@type":"ImageObject","inLanguage":"de","@id":"https:\/\/www.csj-emballages.com\/de\/#\/schema\/logo\/image\/","url":"https:\/\/www.csj-emballages.com\/wp-content\/uploads\/2023\/10\/logo_csj.webp","contentUrl":"https:\/\/www.csj-emballages.com\/wp-content\/uploads\/2023\/10\/logo_csj.webp","width":250,"height":95,"caption":"CSJ Emballages"},"image":{"@id":"https:\/\/www.csj-emballages.com\/de\/#\/schema\/logo\/image\/"},"sameAs":["https:\/\/www.facebook.com\/csjemballages"],"address":{"@type":"PostalAddress","streetAddress":"ZI La Lechere","addressLocality":"Patornay","postalCode":"39130","addressCountry":"FR"},"contactPoint":[{"@type":"ContactPoint","contactType":"Service client","telephone":"0384254272","email":"contact@csj-emballages.com"}]}]}},"df_price":4.33,"df_sale_price":"","df_regular_price":4.33,"df_image_link":"https:\/\/www.csj-emballages.com\/wp-content\/uploads\/2024\/03\/ATC160BIO-300x300.webp","tiered_pricing_type":"fixed","tiered_pricing_fixed_rules":[],"tiered_pricing_percentage_rules":[],"tiered_pricing_minimum":1,"tiered_pricing_roles_data":[],"_links":{"self":[{"href":"https:\/\/www.csj-emballages.com\/de\/wp-json\/wp\/v2\/product\/19218","targetHints":{"allow":["GET"]}}],"collection":[{"href":"https:\/\/www.csj-emballages.com\/de\/wp-json\/wp\/v2\/product"}],"about":[{"href":"https:\/\/www.csj-emballages.com\/de\/wp-json\/wp\/v2\/types\/product"}],"wp:featuredmedia":[{"embeddable":true,"href":"https:\/\/www.csj-emballages.com\/de\/wp-json\/wp\/v2\/media\/239679"}],"wp:attachment":[{"href":"https:\/\/www.csj-emballages.com\/de\/wp-json\/wp\/v2\/media?parent=19218"}],"wp:term":[{"taxonomy":"product_brand","embeddable":true,"href":"https:\/\/www.csj-emballages.com\/de\/wp-json\/wp\/v2\/product_brand?post=19218"},{"taxonomy":"product_cat","embeddable":true,"href":"https:\/\/www.csj-emballages.com\/de\/wp-json\/wp\/v2\/product_cat?post=19218"},{"taxonomy":"product_tag","embeddable":true,"href":"https:\/\/www.csj-emballages.com\/de\/wp-json\/wp\/v2\/product_tag?post=19218"}],"curies":[{"name":"wp","href":"https:\/\/api.w.org\/{rel}","templated":true}]}}