{"id":19207,"date":"2024-03-01T16:57:26","date_gmt":"2024-03-01T15:57:26","guid":{"rendered":"https:\/\/u15jnbdpoq.preview.infomaniak.website\/produit\/50-biologisch-abbaubare-ovale-teller-32-cm\/"},"modified":"2026-04-27T17:00:34","modified_gmt":"2026-04-27T15:00:34","slug":"50-biologisch-abbaubare-ovale-teller-32-cm","status":"publish","type":"product","link":"https:\/\/www.csj-emballages.com\/de\/produit\/50-biologisch-abbaubare-ovale-teller-32-cm\/","title":{"rendered":"Biologisch abbaubarer ovaler Teller 32 cm pro 50"},"content":{"rendered":"<h2>Ovaler Teller<\/h2>\n<hr>\n<h3>Beschreibung von unserem biologisch abbaubaren ovalen Teller 32 cm x 50<\/h3>\n<p><!--more--><\/p>\n<p data-start=\"238\" data-end=\"636\">Dieser <strong>ovale, biologisch abbaubare Teller (32 cm<\/strong> ) wurde f\u00fcr professionelle Gastronomen, Caterer oder auch umweltbewusste Privatpersonen entwickelt und vereint Zweckm\u00e4\u00dfigkeit, Robustheit und \u00f6kologische Verantwortung. Er wird aus nat\u00fcrlichen Materialien wie <strong>Bagasse<\/strong> (Zuckerrohrr\u00fcckst\u00e4nde) hergestellt, ist <strong data-start=\"545\" data-end=\"572\">vollst\u00e4ndig kompostierbar<\/strong> und so konzipiert, dass er allen allt\u00e4glichen Verwendungen standh\u00e4lt. Dank seines <strong data-start=\"650\" data-end=\"675\">ovalen Formats von 32 cm<\/strong> eignet sich dieser <strong>biologisch abbaubare Teller<\/strong> ideal zum Servieren von Hauptgerichten, gemischten Salaten oder auch Buffets. Seine l\u00e4ngliche Form verleiht Ihren Pr\u00e4sentationen einen modernen und eleganten Touch und optimiert den Platz auf den Tischen oder in den Transportbeh\u00e4ltern.   <\/p>\n<p data-start=\"941\" data-end=\"1355\">Denn sie <strong data-start=\"963\" data-end=\"1004\">eignet sich<\/strong> perfekt <strong data-start=\"963\" data-end=\"1004\">f\u00fcr warme und kalte Speisen<\/strong>: Sie ist feuchtigkeits- und fettbest\u00e4ndig, <strong>mikrowellengeeignet<\/strong> und verformt sich nicht so leicht. Ihre glatte und feste Oberfl\u00e4che sorgt daf\u00fcr, dass die Speisen sicher stehen bleiben und nicht auslaufen oder zusammenbrechen.<br data-start=\"1218\" data-end=\"1221\">Au\u00dferdem ist diese L\u00f6sung besonders beliebt bei kurzlebigen Veranstaltungen, Essen zum Mitnehmen, Food Trucks oder Zero Waste Picknicks. <\/p>\n<p data-start=\"1357\" data-end=\"1617\">Wenn Sie sich f\u00fcr diesen <strong>biologisch abbaubaren ovalen Teller<\/strong> entscheiden, setzen Sie ein konkretes Zeichen f\u00fcr den Planeten, ohne Kompromisse bei der Qualit\u00e4t Ihres Services eingehen zu m\u00fcssen. Kurz gesagt: Er ist die ideale Verpackung f\u00fcr alle, die <strong data-start=\"1561\" data-end=\"1617\">\u00c4sthetik, Funktionalit\u00e4t und \u00f6kologisches Engagement<\/strong> miteinander verbinden m\u00f6chten. <\/p>\n<p data-start=\"1377\" data-end=\"1659\"><!--more--><\/p>\n<h4 data-start=\"1377\" data-end=\"1659\">Vorteile :<\/h4>\n<ul>\n<li>100 % biologisch abbaubar und kompostierbar.<\/li>\n<li>Elegantes und praktisches ovales Format.<\/li>\n<li>Best\u00e4ndig gegen hei\u00dfe und kalte Speisen.<\/li>\n<li>Verzieht sich nicht bei Feuchtigkeit.<\/li>\n<li>Nat\u00fcrliches, schlichtes Aussehen f\u00fcr eine sch\u00f6ne Pr\u00e4sentation.<\/li>\n<li>Perfekt f\u00fcr Caterer, Restaurants und Privatpersonen.<\/li>\n<\/ul>\n<p>&nbsp;<\/p>\n<p><!--more--><\/p>\n<h4>Weitere Informationen :<\/h4>\n<ul>\n<li><strong>Verpackung<\/strong>: Packung mit 50 St\u00fcck<\/li>\n<li><b>L\u00e4nge <\/b>: 320 mm<\/li>\n<li><b>Breite <\/b>: 250 mm<\/li>\n<li><strong>H\u00f6he<\/strong>: 20 mm<\/li>\n<li><strong>Material<\/strong>: Zuckerrohrpulpe \/ Bagasse<\/li>\n<li><strong>Farbe<\/strong>: Wei\u00df<\/li>\n<li><strong>Betriebstemperatur<\/strong>: -4\u00b0C \/ +100\u00b0C<\/li>\n<\/ul>\n<p>&nbsp;<\/p>\n<p><!--more--><\/p>\n<p>Dieser biologisch abbaubare ovale Teller ist auch in 26 cm erh\u00e4ltlich : <span style=\"color: #d12727;\"><a style=\"color: #d12727;\" href=\"https:\/\/www.csj-emballages.com\/pt-pt\/produit\/50-placas-ovais-biodegradaveis-de-26-cm\/\">AS26OVALBIO<\/a><\/span><\/p>\n<div style=\"text-align: center;\">\n<div style=\"text-align: center;\">\n<div style=\"text-align: center;\">\n<div style=\"text-align: center;\">\n<div style=\"text-align: center;\">\n<div style=\"text-align: center;\">\n<div style=\"text-align: center;\">\n<div style=\"text-align: center;\"><\/div>\n<\/div>\n<\/div>\n<\/div>\n<\/div>\n<\/div>\n<\/div>\n<\/div>\n<p><!--more--><\/p>\n<p><a href=\"https:\/\/www.csj-emballages.com\/de\/categorie-produit\/lebensmittelverpackungen\/bio-sortiment\/eller-abletts-boxen\/bio-teller\/\">Sehen Sie sich den Rest unseres Sortiments an biologisch abbaubaren Tellern an<\/a><\/p>\n","protected":false},"excerpt":{"rendered":"<p>Ovaler Teller Beschreibung von unserem biologisch abbaubaren ovalen Teller 32 cm x 50<\/p>\n","protected":false},"featured_media":239742,"template":"","meta":{"_acf_changed":false},"product_brand":[],"product_cat":[1146,2033],"product_tag":[],"class_list":{"0":"post-19207","1":"product","2":"type-product","3":"status-publish","4":"has-post-thumbnail","6":"product_cat-bio-sortiment","7":"product_cat-bio-teller","9":"first","10":"instock","11":"taxable","12":"shipping-taxable","13":"purchasable","14":"product-type-simple"},"acf":[],"yoast_head":"<!-- This site is optimized with the Yoast SEO Premium plugin v26.6 (Yoast SEO v26.6) - https:\/\/yoast.com\/wordpress\/plugins\/seo\/ -->\n<title>Ovaler biologisch abbaubarer Teller 32 cm pro 50<\/title>\n<meta name=\"description\" content=\"Biologisch abbaubarer ovaler Teller 32 cm - 50 St\u00fcck Ideal f\u00fcr warme und kalte Gerichte. Elegant, stabil und 100% kompostierbar.\" \/>\n<meta name=\"robots\" content=\"index, follow, max-snippet:-1, max-image-preview:large, max-video-preview:-1\" \/>\n<link rel=\"canonical\" href=\"https:\/\/www.csj-emballages.com\/de\/produit\/50-biologisch-abbaubare-ovale-teller-32-cm\/\" \/>\n<meta property=\"og:locale\" content=\"de_DE\" \/>\n<meta property=\"og:type\" content=\"article\" \/>\n<meta property=\"og:title\" content=\"Biologisch abbaubarer ovaler Teller 32 cm pro 50\" \/>\n<meta property=\"og:description\" content=\"Biologisch abbaubarer ovaler Teller 32 cm - 50 St\u00fcck Ideal f\u00fcr warme und kalte Gerichte. Elegant, stabil und 100% kompostierbar.\" \/>\n<meta property=\"og:url\" content=\"https:\/\/www.csj-emballages.com\/de\/produit\/50-biologisch-abbaubare-ovale-teller-32-cm\/\" \/>\n<meta property=\"og:site_name\" content=\"CSJ Emballages\" \/>\n<meta property=\"article:publisher\" content=\"https:\/\/www.facebook.com\/csjemballages\" \/>\n<meta property=\"article:modified_time\" content=\"2026-04-27T15:00:34+00:00\" \/>\n<meta property=\"og:image\" content=\"https:\/\/www.csj-emballages.com\/wp-content\/uploads\/2024\/03\/AS32OVALBIO.webp\" \/>\n\t<meta property=\"og:image:width\" content=\"800\" \/>\n\t<meta property=\"og:image:height\" content=\"800\" \/>\n\t<meta property=\"og:image:type\" content=\"image\/webp\" \/>\n<meta name=\"twitter:card\" content=\"summary_large_image\" \/>\n<meta name=\"twitter:label1\" content=\"Gesch\u00e4tzte Lesezeit\" \/>\n\t<meta name=\"twitter:data1\" content=\"2 Minuten\" \/>\n<script type=\"application\/ld+json\" class=\"yoast-schema-graph\">{\"@context\":\"https:\/\/schema.org\",\"@graph\":[{\"@type\":\"WebPage\",\"@id\":\"https:\/\/www.csj-emballages.com\/de\/produit\/50-biologisch-abbaubare-ovale-teller-32-cm\/\",\"url\":\"https:\/\/www.csj-emballages.com\/de\/produit\/50-biologisch-abbaubare-ovale-teller-32-cm\/\",\"name\":\"Ovaler biologisch abbaubarer Teller 32 cm pro 50\",\"isPartOf\":{\"@id\":\"https:\/\/www.csj-emballages.com\/de\/#website\"},\"primaryImageOfPage\":{\"@id\":\"https:\/\/www.csj-emballages.com\/de\/produit\/50-biologisch-abbaubare-ovale-teller-32-cm\/#primaryimage\"},\"image\":{\"@id\":\"https:\/\/www.csj-emballages.com\/de\/produit\/50-biologisch-abbaubare-ovale-teller-32-cm\/#primaryimage\"},\"thumbnailUrl\":\"https:\/\/www.csj-emballages.com\/wp-content\/uploads\/2024\/03\/AS32OVALBIO.webp\",\"datePublished\":\"2024-03-01T15:57:26+00:00\",\"dateModified\":\"2026-04-27T15:00:34+00:00\",\"description\":\"Biologisch abbaubarer ovaler Teller 32 cm - 50 St\u00fcck Ideal f\u00fcr warme und kalte Gerichte. Elegant, stabil und 100% kompostierbar.\",\"breadcrumb\":{\"@id\":\"https:\/\/www.csj-emballages.com\/de\/produit\/50-biologisch-abbaubare-ovale-teller-32-cm\/#breadcrumb\"},\"inLanguage\":\"de\",\"potentialAction\":[{\"@type\":\"ReadAction\",\"target\":[\"https:\/\/www.csj-emballages.com\/de\/produit\/50-biologisch-abbaubare-ovale-teller-32-cm\/\"]}]},{\"@type\":\"ImageObject\",\"inLanguage\":\"de\",\"@id\":\"https:\/\/www.csj-emballages.com\/de\/produit\/50-biologisch-abbaubare-ovale-teller-32-cm\/#primaryimage\",\"url\":\"https:\/\/www.csj-emballages.com\/wp-content\/uploads\/2024\/03\/AS32OVALBIO.webp\",\"contentUrl\":\"https:\/\/www.csj-emballages.com\/wp-content\/uploads\/2024\/03\/AS32OVALBIO.webp\",\"width\":800,\"height\":800,\"caption\":\"Assiette ovale\"},{\"@type\":\"BreadcrumbList\",\"@id\":\"https:\/\/www.csj-emballages.com\/de\/produit\/50-biologisch-abbaubare-ovale-teller-32-cm\/#breadcrumb\",\"itemListElement\":[{\"@type\":\"ListItem\",\"position\":1,\"name\":\"Accueil\",\"item\":\"https:\/\/www.csj-emballages.com\/de\/universum-lebensmittelverpackungen\/\"},{\"@type\":\"ListItem\",\"position\":2,\"name\":\"Shop\",\"item\":\"https:\/\/www.csj-emballages.com\/shop\/\"},{\"@type\":\"ListItem\",\"position\":3,\"name\":\"Biologisch abbaubarer ovaler Teller 32 cm pro 50\"}]},{\"@type\":\"WebSite\",\"@id\":\"https:\/\/www.csj-emballages.com\/de\/#website\",\"url\":\"https:\/\/www.csj-emballages.com\/de\/\",\"name\":\"CSJ Emballages\",\"description\":\"\",\"publisher\":{\"@id\":\"https:\/\/www.csj-emballages.com\/de\/#organization\"},\"potentialAction\":[{\"@type\":\"SearchAction\",\"target\":{\"@type\":\"EntryPoint\",\"urlTemplate\":\"https:\/\/www.csj-emballages.com\/de\/?s={search_term_string}\"},\"query-input\":{\"@type\":\"PropertyValueSpecification\",\"valueRequired\":true,\"valueName\":\"search_term_string\"}}],\"inLanguage\":\"de\"},{\"@type\":\"Organization\",\"@id\":\"https:\/\/www.csj-emballages.com\/de\/#Organization\/\",\"name\":\"CSJ Emballages\",\"url\":\"https:\/\/www.csj-emballages.com\/de\/\",\"logo\":{\"@type\":\"ImageObject\",\"inLanguage\":\"de\",\"@id\":\"https:\/\/www.csj-emballages.com\/de\/#\/schema\/logo\/image\/\",\"url\":\"https:\/\/www.csj-emballages.com\/wp-content\/uploads\/2023\/10\/logo_csj.webp\",\"contentUrl\":\"https:\/\/www.csj-emballages.com\/wp-content\/uploads\/2023\/10\/logo_csj.webp\",\"width\":250,\"height\":95,\"caption\":\"CSJ Emballages\"},\"image\":{\"@id\":\"https:\/\/www.csj-emballages.com\/de\/#\/schema\/logo\/image\/\"},\"sameAs\":[\"https:\/\/www.facebook.com\/csjemballages\"],\"address\":{\"@type\":\"PostalAddress\",\"streetAddress\":\"ZI La Lechere\",\"addressLocality\":\"Patornay\",\"postalCode\":\"39130\",\"addressCountry\":\"FR\"},\"contactPoint\":[{\"@type\":\"ContactPoint\",\"contactType\":\"Service client\",\"telephone\":\"0384254272\",\"email\":\"contact@csj-emballages.com\"}]}]}<\/script>\n<!-- \/ Yoast SEO Premium plugin. -->","yoast_head_json":{"title":"Ovaler biologisch abbaubarer Teller 32 cm pro 50","description":"Biologisch abbaubarer ovaler Teller 32 cm - 50 St\u00fcck Ideal f\u00fcr warme und kalte Gerichte. Elegant, stabil und 100% kompostierbar.","robots":{"index":"index","follow":"follow","max-snippet":"max-snippet:-1","max-image-preview":"max-image-preview:large","max-video-preview":"max-video-preview:-1"},"canonical":"https:\/\/www.csj-emballages.com\/de\/produit\/50-biologisch-abbaubare-ovale-teller-32-cm\/","og_locale":"de_DE","og_type":"article","og_title":"Biologisch abbaubarer ovaler Teller 32 cm pro 50","og_description":"Biologisch abbaubarer ovaler Teller 32 cm - 50 St\u00fcck Ideal f\u00fcr warme und kalte Gerichte. Elegant, stabil und 100% kompostierbar.","og_url":"https:\/\/www.csj-emballages.com\/de\/produit\/50-biologisch-abbaubare-ovale-teller-32-cm\/","og_site_name":"CSJ Emballages","article_publisher":"https:\/\/www.facebook.com\/csjemballages","article_modified_time":"2026-04-27T15:00:34+00:00","og_image":[{"width":800,"height":800,"url":"https:\/\/www.csj-emballages.com\/wp-content\/uploads\/2024\/03\/AS32OVALBIO.webp","type":"image\/webp"}],"twitter_card":"summary_large_image","twitter_misc":{"Gesch\u00e4tzte Lesezeit":"2 Minuten"},"schema":{"@context":"https:\/\/schema.org","@graph":[{"@type":"WebPage","@id":"https:\/\/www.csj-emballages.com\/de\/produit\/50-biologisch-abbaubare-ovale-teller-32-cm\/","url":"https:\/\/www.csj-emballages.com\/de\/produit\/50-biologisch-abbaubare-ovale-teller-32-cm\/","name":"Ovaler biologisch abbaubarer Teller 32 cm pro 50","isPartOf":{"@id":"https:\/\/www.csj-emballages.com\/de\/#website"},"primaryImageOfPage":{"@id":"https:\/\/www.csj-emballages.com\/de\/produit\/50-biologisch-abbaubare-ovale-teller-32-cm\/#primaryimage"},"image":{"@id":"https:\/\/www.csj-emballages.com\/de\/produit\/50-biologisch-abbaubare-ovale-teller-32-cm\/#primaryimage"},"thumbnailUrl":"https:\/\/www.csj-emballages.com\/wp-content\/uploads\/2024\/03\/AS32OVALBIO.webp","datePublished":"2024-03-01T15:57:26+00:00","dateModified":"2026-04-27T15:00:34+00:00","description":"Biologisch abbaubarer ovaler Teller 32 cm - 50 St\u00fcck Ideal f\u00fcr warme und kalte Gerichte. Elegant, stabil und 100% kompostierbar.","breadcrumb":{"@id":"https:\/\/www.csj-emballages.com\/de\/produit\/50-biologisch-abbaubare-ovale-teller-32-cm\/#breadcrumb"},"inLanguage":"de","potentialAction":[{"@type":"ReadAction","target":["https:\/\/www.csj-emballages.com\/de\/produit\/50-biologisch-abbaubare-ovale-teller-32-cm\/"]}]},{"@type":"ImageObject","inLanguage":"de","@id":"https:\/\/www.csj-emballages.com\/de\/produit\/50-biologisch-abbaubare-ovale-teller-32-cm\/#primaryimage","url":"https:\/\/www.csj-emballages.com\/wp-content\/uploads\/2024\/03\/AS32OVALBIO.webp","contentUrl":"https:\/\/www.csj-emballages.com\/wp-content\/uploads\/2024\/03\/AS32OVALBIO.webp","width":800,"height":800,"caption":"Assiette ovale"},{"@type":"BreadcrumbList","@id":"https:\/\/www.csj-emballages.com\/de\/produit\/50-biologisch-abbaubare-ovale-teller-32-cm\/#breadcrumb","itemListElement":[{"@type":"ListItem","position":1,"name":"Accueil","item":"https:\/\/www.csj-emballages.com\/de\/universum-lebensmittelverpackungen\/"},{"@type":"ListItem","position":2,"name":"Shop","item":"https:\/\/www.csj-emballages.com\/shop\/"},{"@type":"ListItem","position":3,"name":"Biologisch abbaubarer ovaler Teller 32 cm pro 50"}]},{"@type":"WebSite","@id":"https:\/\/www.csj-emballages.com\/de\/#website","url":"https:\/\/www.csj-emballages.com\/de\/","name":"CSJ Emballages","description":"","publisher":{"@id":"https:\/\/www.csj-emballages.com\/de\/#organization"},"potentialAction":[{"@type":"SearchAction","target":{"@type":"EntryPoint","urlTemplate":"https:\/\/www.csj-emballages.com\/de\/?s={search_term_string}"},"query-input":{"@type":"PropertyValueSpecification","valueRequired":true,"valueName":"search_term_string"}}],"inLanguage":"de"},{"@type":"Organization","@id":"https:\/\/www.csj-emballages.com\/de\/#Organization\/","name":"CSJ Emballages","url":"https:\/\/www.csj-emballages.com\/de\/","logo":{"@type":"ImageObject","inLanguage":"de","@id":"https:\/\/www.csj-emballages.com\/de\/#\/schema\/logo\/image\/","url":"https:\/\/www.csj-emballages.com\/wp-content\/uploads\/2023\/10\/logo_csj.webp","contentUrl":"https:\/\/www.csj-emballages.com\/wp-content\/uploads\/2023\/10\/logo_csj.webp","width":250,"height":95,"caption":"CSJ Emballages"},"image":{"@id":"https:\/\/www.csj-emballages.com\/de\/#\/schema\/logo\/image\/"},"sameAs":["https:\/\/www.facebook.com\/csjemballages"],"address":{"@type":"PostalAddress","streetAddress":"ZI La Lechere","addressLocality":"Patornay","postalCode":"39130","addressCountry":"FR"},"contactPoint":[{"@type":"ContactPoint","contactType":"Service client","telephone":"0384254272","email":"contact@csj-emballages.com"}]}]}},"df_price":10.76,"df_sale_price":"","df_regular_price":10.76,"df_image_link":"https:\/\/www.csj-emballages.com\/wp-content\/uploads\/2024\/03\/AS32OVALBIO-300x300.webp","tiered_pricing_type":"fixed","tiered_pricing_fixed_rules":[],"tiered_pricing_percentage_rules":[],"tiered_pricing_minimum":1,"tiered_pricing_roles_data":[],"_links":{"self":[{"href":"https:\/\/www.csj-emballages.com\/de\/wp-json\/wp\/v2\/product\/19207","targetHints":{"allow":["GET"]}}],"collection":[{"href":"https:\/\/www.csj-emballages.com\/de\/wp-json\/wp\/v2\/product"}],"about":[{"href":"https:\/\/www.csj-emballages.com\/de\/wp-json\/wp\/v2\/types\/product"}],"wp:featuredmedia":[{"embeddable":true,"href":"https:\/\/www.csj-emballages.com\/de\/wp-json\/wp\/v2\/media\/239742"}],"wp:attachment":[{"href":"https:\/\/www.csj-emballages.com\/de\/wp-json\/wp\/v2\/media?parent=19207"}],"wp:term":[{"taxonomy":"product_brand","embeddable":true,"href":"https:\/\/www.csj-emballages.com\/de\/wp-json\/wp\/v2\/product_brand?post=19207"},{"taxonomy":"product_cat","embeddable":true,"href":"https:\/\/www.csj-emballages.com\/de\/wp-json\/wp\/v2\/product_cat?post=19207"},{"taxonomy":"product_tag","embeddable":true,"href":"https:\/\/www.csj-emballages.com\/de\/wp-json\/wp\/v2\/product_tag?post=19207"}],"curies":[{"name":"wp","href":"https:\/\/api.w.org\/{rel}","templated":true}]}}