{"id":19112,"date":"2024-03-01T16:57:31","date_gmt":"2024-03-01T15:57:31","guid":{"rendered":"https:\/\/u15jnbdpoq.preview.infomaniak.website\/produit\/10-rote-pappteller-18-cm\/"},"modified":"2026-03-12T16:10:09","modified_gmt":"2026-03-12T15:10:09","slug":"10-rote-pappteller-18-cm","status":"publish","type":"product","link":"https:\/\/www.csj-emballages.com\/de\/produit\/10-rote-pappteller-18-cm\/","title":{"rendered":"Pappteller rot 18 cm pro 10"},"content":{"rendered":"<h2>Roter Pappteller<\/h2>\n<hr>\n<h3>Beschreibung von unserem Pappteller rot 18 cm pro 10<\/h3>\n<p><!--more--><\/p>\n<article class=\"text-token-text-primary w-full\" dir=\"auto\" data-testid=\"conversation-turn-16\" data-scroll-anchor=\"true\">\n<div class=\"text-base my-auto mx-auto py-5 px-6\">\n<div class=\"mx-auto flex flex-1 text-base gap-4 md:gap-5 lg:gap-6 md:max-w-3xl lg:max-w-[40rem] xl:max-w-[48rem] group\/turn-messages focus-visible:outline-hidden\">\n<div class=\"group\/conversation-turn relative flex w-full min-w-0 flex-col agent-turn @xs\/thread:px-0 @sm\/thread:px-1.5 @md\/thread:px-4\">\n<div class=\"relative flex-col gap-1 md:gap-3\">\n<div class=\"flex max-w-full flex-col grow\">\n<div class=\"min-h-8 text-message relative flex w-full flex-col items-end gap-2 text-start break-words whitespace-normal [.text-message+&amp;]:mt-5\" dir=\"auto\" data-message-author-role=\"assistant\" data-message-id=\"d62e6ffa-4ea5-4026-a1a5-06f5f5719fdc\" data-message-model-slug=\"gpt-4o\">\n<div class=\"flex w-full flex-col gap-1 empty:hidden first:pt-[3px]\">\n<div class=\"markdown prose dark:prose-invert w-full break-words dark\">\n<p class=\"\" data-start=\"31\" data-end=\"334\">Entscheiden Sie sich f\u00fcr eine elegante, praktische und umweltfreundliche L\u00f6sung mit unserem <strong>roten 18 cm gro\u00dfen Pappteller <\/strong>, der im <strong>10er-Pack<\/strong> verkauft wird. Er ist ideal f\u00fcr Caterer, Restaurants, Veranstaltungen und Privatpersonen und passt sich perfekt an alle Arten von Mahlzeiten an, egal ob warm oder kalt. Hergestellt aus Pappe, bietet dieser <strong>rote Teller<\/strong> eine ausgezeichnete Steifigkeit, um die Speisen zu tragen, ohne das Risiko einer Verformung. Sein schlichtes und modernes Design in neutralem <strong>Rot<\/strong> verleiht Ihren Tischen eine raffinierte Note, egal ob es sich um ein Buffet, ein Essen zum Mitnehmen oder eine private Feier handelt.   <\/p>\n<p class=\"\" data-start=\"645\" data-end=\"855\">Er ist praktisch und umweltfreundlich und stellt eine ideale Alternative zu Plastiktellern dar. Sein Format von <strong>18 cm<\/strong> eignet sich perfekt f\u00fcr Einzelportionen, Desserts oder Vorspeisen. <\/p>\n<p class=\"\" data-start=\"857\" data-end=\"1027\">Ob im Beruf oder zu Hause, dieser <strong>Pappteller<\/strong> vereint \u00c4sthetik, Robustheit und Praktikabilit\u00e4t f\u00fcr ein optimales Erlebnis.<\/p>\n<p data-start=\"857\" data-end=\"1027\">\n<\/div>\n<\/div>\n<\/div>\n<\/div>\n<\/div>\n<\/div>\n<\/div>\n<\/div>\n<\/article>\n<p data-start=\"108\" data-end=\"487\"><!--more--><\/p>\n<h4>Ihre Vorteile :<\/h4>\n<ul>\n<li data-start=\"749\" data-end=\"840\"><strong data-start=\"1249\" data-end=\"1263\">\u00d6kologisch<\/strong>: Nachhaltige Alternative zu Plastiktellern.<\/li>\n<li data-start=\"926\" data-end=\"1017\"><strong data-start=\"1318\" data-end=\"1332\">Widerstandsf\u00e4hig<\/strong>: Fester Karton, geeignet f\u00fcr hei\u00dfe und kalte Speisen.<\/li>\n<li data-start=\"1018\" data-end=\"1109\"><strong data-start=\"1392\" data-end=\"1404\">Elegant<\/strong>: Schlichtes, modernes <strong>rotes<\/strong> Design f\u00fcr jeden Anlass.<\/li>\n<li data-start=\"1110\" data-end=\"1215\"><strong data-start=\"1555\" data-end=\"1570\">Vielseitig<\/strong> einsetzbar : Geeignet f\u00fcr Berufst\u00e4tige und Privatpersonen.<\/li>\n<\/ul>\n<p>&nbsp;<\/p>\n<p><!--more--><\/p>\n<h4>Weitere Informationen :<\/h4>\n<ul>\n<li><strong>Verpackung<\/strong>: Packung mit 10 St\u00fcck<\/li>\n<li><strong>Durchmesser<\/strong>: 18 cm<\/li>\n<li><strong>H\u00f6he<\/strong>: 1,8 cm<\/li>\n<li><strong>Material<\/strong>: Karton<\/li>\n<li><strong>Farbe<\/strong>: Rot<\/li>\n<\/ul>\n<p>&nbsp;<\/p>\n<p><!--more--><\/p>\n<p>Dieses Produkt ist in einer gr\u00f6\u00dferen Gr\u00f6\u00dfe erh\u00e4ltlich : <span style=\"color: #d12727\"><a style=\"color: #d12727\" href=\"https:\/\/www.csj-emballages.com\/produit\/10-assiettes-rouges-carton-22-cm\/\">\u00d822 cm<\/a><\/span><\/p>\n<p>&nbsp;<\/p>\n<p><!--more--><\/p>\n<p>Dieses Produkt ist in verschiedenen Farben erh\u00e4ltlich : <span style=\"color: #d12727\"><a style=\"color: #d12727\" href=\"https:\/\/www.csj-emballages.com\/produit\/10-assiettes-noires-carton-18-cm\/\">Schwarz<\/a><\/span> \/ <span style=\"color: #d12727\"><a style=\"color: #d12727\" href=\"https:\/\/www.csj-emballages.com\/de\/produit\/10-goldene-pappteller-18-cm\/\">Gold<\/a><\/span> \/ <span style=\"color: #d12727\"><a style=\"color: #d12727\" href=\"https:\/\/www.csj-emballages.com\/produit\/10-assiettes-roses-pastel-carton-18-cm\/\">Pastellrosa<\/a><\/span> \/ <span style=\"color: #d12727\"><a style=\"color: #d12727\" href=\"https:\/\/www.csj-emballages.com\/produit\/10-assiettes-turquoises-carton-18-cm\/\">T\u00fcrkis<\/a><\/span> \/ <span style=\"color: #d12727\"><a style=\"color: #d12727\" href=\"https:\/\/www.csj-emballages.com\/produit\/10-assiettes-vert-anis-carton-18-cm\/\">Anisgr\u00fcn<\/a><\/span> \/ <span style=\"color: #d12727\"><a style=\"color: #d12727\" href=\"https:\/\/www.csj-emballages.com\/produit\/10-assiettes-vert-deau-carton-18-cm\/\">Wassergr\u00fcn<\/a><\/span> \/ <span style=\"color: #d12727\"><a style=\"color: #d12727\" href=\"https:\/\/www.csj-emballages.com\/de\/produit\/8-teller-cest-la-fete-karton-23-cm\/\">C&#8217;est la F\u00eate<\/a><\/span><\/p>\n<p>&nbsp;<\/p>\n<p><!--more--><\/p>\n<p><a href=\"https:\/\/www.csj-emballages.com\/de\/categorie-produit\/lebensmittelverpackungen\/restauration-de\/teller-einwegbesteck-strohhalme\/farbige-runde-pappteller\/\">Sehen Sie sich den Rest unseres Sortiments an bunten runden Papptellern an.<\/a><\/p>\n","protected":false},"excerpt":{"rendered":"<p>Roter Pappteller Beschreibung von unserem Pappteller rot 18 cm pro 10<\/p>\n","protected":false},"featured_media":229870,"template":"","meta":{"_acf_changed":false},"product_brand":[],"product_cat":[2020],"product_tag":[],"class_list":{"0":"post-19112","1":"product","2":"type-product","3":"status-publish","4":"has-post-thumbnail","6":"product_cat-farbige-runde-pappteller","8":"first","9":"instock","10":"taxable","11":"shipping-taxable","12":"purchasable","13":"product-type-simple"},"acf":[],"yoast_head":"<!-- This site is optimized with the Yoast SEO Premium plugin v26.6 (Yoast SEO v26.6) - https:\/\/yoast.com\/wordpress\/plugins\/seo\/ -->\n<title>Roter Pappteller - 18 cm pro 10 St\u00fcck<\/title>\n<meta name=\"description\" content=\"Roter Pappteller 18 cm - 10er-Set. Robust, elegant und praktisch, ideal f\u00fcr Catering, Restaurants und Veranstaltungen.\" \/>\n<meta name=\"robots\" content=\"index, follow, max-snippet:-1, max-image-preview:large, max-video-preview:-1\" \/>\n<link rel=\"canonical\" href=\"https:\/\/www.csj-emballages.com\/de\/produit\/10-rote-pappteller-18-cm\/\" \/>\n<meta property=\"og:locale\" content=\"de_DE\" \/>\n<meta property=\"og:type\" content=\"article\" \/>\n<meta property=\"og:title\" content=\"Pappteller rot 18 cm pro 10\" \/>\n<meta property=\"og:description\" content=\"Roter Pappteller 18 cm - 10er-Set. Robust, elegant und praktisch, ideal f\u00fcr Catering, Restaurants und Veranstaltungen.\" \/>\n<meta property=\"og:url\" content=\"https:\/\/www.csj-emballages.com\/de\/produit\/10-rote-pappteller-18-cm\/\" \/>\n<meta property=\"og:site_name\" content=\"CSJ Emballages\" \/>\n<meta property=\"article:publisher\" content=\"https:\/\/www.facebook.com\/csjemballages\" \/>\n<meta property=\"article:modified_time\" content=\"2026-03-12T15:10:09+00:00\" \/>\n<meta property=\"og:image\" content=\"https:\/\/www.csj-emballages.com\/wp-content\/uploads\/2024\/03\/AS18R.webp\" \/>\n\t<meta property=\"og:image:width\" content=\"800\" \/>\n\t<meta property=\"og:image:height\" content=\"800\" \/>\n\t<meta property=\"og:image:type\" content=\"image\/webp\" \/>\n<meta name=\"twitter:card\" content=\"summary_large_image\" \/>\n<meta name=\"twitter:label1\" content=\"Gesch\u00e4tzte Lesezeit\" \/>\n\t<meta name=\"twitter:data1\" content=\"1\u00a0Minute\" \/>\n<script type=\"application\/ld+json\" class=\"yoast-schema-graph\">{\"@context\":\"https:\/\/schema.org\",\"@graph\":[{\"@type\":\"WebPage\",\"@id\":\"https:\/\/www.csj-emballages.com\/de\/produit\/10-rote-pappteller-18-cm\/\",\"url\":\"https:\/\/www.csj-emballages.com\/de\/produit\/10-rote-pappteller-18-cm\/\",\"name\":\"Roter Pappteller - 18 cm pro 10 St\u00fcck\",\"isPartOf\":{\"@id\":\"https:\/\/www.csj-emballages.com\/de\/#website\"},\"primaryImageOfPage\":{\"@id\":\"https:\/\/www.csj-emballages.com\/de\/produit\/10-rote-pappteller-18-cm\/#primaryimage\"},\"image\":{\"@id\":\"https:\/\/www.csj-emballages.com\/de\/produit\/10-rote-pappteller-18-cm\/#primaryimage\"},\"thumbnailUrl\":\"https:\/\/www.csj-emballages.com\/wp-content\/uploads\/2024\/03\/AS18R.webp\",\"datePublished\":\"2024-03-01T15:57:31+00:00\",\"dateModified\":\"2026-03-12T15:10:09+00:00\",\"description\":\"Roter Pappteller 18 cm - 10er-Set. Robust, elegant und praktisch, ideal f\u00fcr Catering, Restaurants und Veranstaltungen.\",\"breadcrumb\":{\"@id\":\"https:\/\/www.csj-emballages.com\/de\/produit\/10-rote-pappteller-18-cm\/#breadcrumb\"},\"inLanguage\":\"de\",\"potentialAction\":[{\"@type\":\"ReadAction\",\"target\":[\"https:\/\/www.csj-emballages.com\/de\/produit\/10-rote-pappteller-18-cm\/\"]}]},{\"@type\":\"ImageObject\",\"inLanguage\":\"de\",\"@id\":\"https:\/\/www.csj-emballages.com\/de\/produit\/10-rote-pappteller-18-cm\/#primaryimage\",\"url\":\"https:\/\/www.csj-emballages.com\/wp-content\/uploads\/2024\/03\/AS18R.webp\",\"contentUrl\":\"https:\/\/www.csj-emballages.com\/wp-content\/uploads\/2024\/03\/AS18R.webp\",\"width\":800,\"height\":800,\"caption\":\"Assiette carton rouge\"},{\"@type\":\"BreadcrumbList\",\"@id\":\"https:\/\/www.csj-emballages.com\/de\/produit\/10-rote-pappteller-18-cm\/#breadcrumb\",\"itemListElement\":[{\"@type\":\"ListItem\",\"position\":1,\"name\":\"Accueil\",\"item\":\"https:\/\/www.csj-emballages.com\/de\/universum-lebensmittelverpackungen\/\"},{\"@type\":\"ListItem\",\"position\":2,\"name\":\"Shop\",\"item\":\"https:\/\/www.csj-emballages.com\/shop\/\"},{\"@type\":\"ListItem\",\"position\":3,\"name\":\"Pappteller rot 18 cm pro 10\"}]},{\"@type\":\"WebSite\",\"@id\":\"https:\/\/www.csj-emballages.com\/de\/#website\",\"url\":\"https:\/\/www.csj-emballages.com\/de\/\",\"name\":\"CSJ Emballages\",\"description\":\"\",\"publisher\":{\"@id\":\"https:\/\/www.csj-emballages.com\/de\/#organization\"},\"potentialAction\":[{\"@type\":\"SearchAction\",\"target\":{\"@type\":\"EntryPoint\",\"urlTemplate\":\"https:\/\/www.csj-emballages.com\/de\/?s={search_term_string}\"},\"query-input\":{\"@type\":\"PropertyValueSpecification\",\"valueRequired\":true,\"valueName\":\"search_term_string\"}}],\"inLanguage\":\"de\"},{\"@type\":\"Organization\",\"@id\":\"https:\/\/www.csj-emballages.com\/de\/#Organization\/\",\"name\":\"CSJ Emballages\",\"url\":\"https:\/\/www.csj-emballages.com\/de\/\",\"logo\":{\"@type\":\"ImageObject\",\"inLanguage\":\"de\",\"@id\":\"https:\/\/www.csj-emballages.com\/de\/#\/schema\/logo\/image\/\",\"url\":\"https:\/\/www.csj-emballages.com\/wp-content\/uploads\/2023\/10\/logo_csj.webp\",\"contentUrl\":\"https:\/\/www.csj-emballages.com\/wp-content\/uploads\/2023\/10\/logo_csj.webp\",\"width\":250,\"height\":95,\"caption\":\"CSJ Emballages\"},\"image\":{\"@id\":\"https:\/\/www.csj-emballages.com\/de\/#\/schema\/logo\/image\/\"},\"sameAs\":[\"https:\/\/www.facebook.com\/csjemballages\"],\"address\":{\"@type\":\"PostalAddress\",\"streetAddress\":\"ZI La Lechere\",\"addressLocality\":\"Patornay\",\"postalCode\":\"39130\",\"addressCountry\":\"FR\"},\"contactPoint\":[{\"@type\":\"ContactPoint\",\"contactType\":\"Service client\",\"telephone\":\"0384254272\",\"email\":\"contact@csj-emballages.com\"}]}]}<\/script>\n<!-- \/ Yoast SEO Premium plugin. -->","yoast_head_json":{"title":"Roter Pappteller - 18 cm pro 10 St\u00fcck","description":"Roter Pappteller 18 cm - 10er-Set. Robust, elegant und praktisch, ideal f\u00fcr Catering, Restaurants und Veranstaltungen.","robots":{"index":"index","follow":"follow","max-snippet":"max-snippet:-1","max-image-preview":"max-image-preview:large","max-video-preview":"max-video-preview:-1"},"canonical":"https:\/\/www.csj-emballages.com\/de\/produit\/10-rote-pappteller-18-cm\/","og_locale":"de_DE","og_type":"article","og_title":"Pappteller rot 18 cm pro 10","og_description":"Roter Pappteller 18 cm - 10er-Set. Robust, elegant und praktisch, ideal f\u00fcr Catering, Restaurants und Veranstaltungen.","og_url":"https:\/\/www.csj-emballages.com\/de\/produit\/10-rote-pappteller-18-cm\/","og_site_name":"CSJ Emballages","article_publisher":"https:\/\/www.facebook.com\/csjemballages","article_modified_time":"2026-03-12T15:10:09+00:00","og_image":[{"width":800,"height":800,"url":"https:\/\/www.csj-emballages.com\/wp-content\/uploads\/2024\/03\/AS18R.webp","type":"image\/webp"}],"twitter_card":"summary_large_image","twitter_misc":{"Gesch\u00e4tzte Lesezeit":"1\u00a0Minute"},"schema":{"@context":"https:\/\/schema.org","@graph":[{"@type":"WebPage","@id":"https:\/\/www.csj-emballages.com\/de\/produit\/10-rote-pappteller-18-cm\/","url":"https:\/\/www.csj-emballages.com\/de\/produit\/10-rote-pappteller-18-cm\/","name":"Roter Pappteller - 18 cm pro 10 St\u00fcck","isPartOf":{"@id":"https:\/\/www.csj-emballages.com\/de\/#website"},"primaryImageOfPage":{"@id":"https:\/\/www.csj-emballages.com\/de\/produit\/10-rote-pappteller-18-cm\/#primaryimage"},"image":{"@id":"https:\/\/www.csj-emballages.com\/de\/produit\/10-rote-pappteller-18-cm\/#primaryimage"},"thumbnailUrl":"https:\/\/www.csj-emballages.com\/wp-content\/uploads\/2024\/03\/AS18R.webp","datePublished":"2024-03-01T15:57:31+00:00","dateModified":"2026-03-12T15:10:09+00:00","description":"Roter Pappteller 18 cm - 10er-Set. Robust, elegant und praktisch, ideal f\u00fcr Catering, Restaurants und Veranstaltungen.","breadcrumb":{"@id":"https:\/\/www.csj-emballages.com\/de\/produit\/10-rote-pappteller-18-cm\/#breadcrumb"},"inLanguage":"de","potentialAction":[{"@type":"ReadAction","target":["https:\/\/www.csj-emballages.com\/de\/produit\/10-rote-pappteller-18-cm\/"]}]},{"@type":"ImageObject","inLanguage":"de","@id":"https:\/\/www.csj-emballages.com\/de\/produit\/10-rote-pappteller-18-cm\/#primaryimage","url":"https:\/\/www.csj-emballages.com\/wp-content\/uploads\/2024\/03\/AS18R.webp","contentUrl":"https:\/\/www.csj-emballages.com\/wp-content\/uploads\/2024\/03\/AS18R.webp","width":800,"height":800,"caption":"Assiette carton rouge"},{"@type":"BreadcrumbList","@id":"https:\/\/www.csj-emballages.com\/de\/produit\/10-rote-pappteller-18-cm\/#breadcrumb","itemListElement":[{"@type":"ListItem","position":1,"name":"Accueil","item":"https:\/\/www.csj-emballages.com\/de\/universum-lebensmittelverpackungen\/"},{"@type":"ListItem","position":2,"name":"Shop","item":"https:\/\/www.csj-emballages.com\/shop\/"},{"@type":"ListItem","position":3,"name":"Pappteller rot 18 cm pro 10"}]},{"@type":"WebSite","@id":"https:\/\/www.csj-emballages.com\/de\/#website","url":"https:\/\/www.csj-emballages.com\/de\/","name":"CSJ Emballages","description":"","publisher":{"@id":"https:\/\/www.csj-emballages.com\/de\/#organization"},"potentialAction":[{"@type":"SearchAction","target":{"@type":"EntryPoint","urlTemplate":"https:\/\/www.csj-emballages.com\/de\/?s={search_term_string}"},"query-input":{"@type":"PropertyValueSpecification","valueRequired":true,"valueName":"search_term_string"}}],"inLanguage":"de"},{"@type":"Organization","@id":"https:\/\/www.csj-emballages.com\/de\/#Organization\/","name":"CSJ Emballages","url":"https:\/\/www.csj-emballages.com\/de\/","logo":{"@type":"ImageObject","inLanguage":"de","@id":"https:\/\/www.csj-emballages.com\/de\/#\/schema\/logo\/image\/","url":"https:\/\/www.csj-emballages.com\/wp-content\/uploads\/2023\/10\/logo_csj.webp","contentUrl":"https:\/\/www.csj-emballages.com\/wp-content\/uploads\/2023\/10\/logo_csj.webp","width":250,"height":95,"caption":"CSJ Emballages"},"image":{"@id":"https:\/\/www.csj-emballages.com\/de\/#\/schema\/logo\/image\/"},"sameAs":["https:\/\/www.facebook.com\/csjemballages"],"address":{"@type":"PostalAddress","streetAddress":"ZI La Lechere","addressLocality":"Patornay","postalCode":"39130","addressCountry":"FR"},"contactPoint":[{"@type":"ContactPoint","contactType":"Service client","telephone":"0384254272","email":"contact@csj-emballages.com"}]}]}},"df_price":1.2,"df_sale_price":"","df_regular_price":1.2,"df_image_link":"https:\/\/www.csj-emballages.com\/wp-content\/uploads\/2024\/03\/AS18R-300x300.webp","tiered_pricing_type":"fixed","tiered_pricing_fixed_rules":[],"tiered_pricing_percentage_rules":[],"tiered_pricing_minimum":1,"tiered_pricing_roles_data":[],"_links":{"self":[{"href":"https:\/\/www.csj-emballages.com\/de\/wp-json\/wp\/v2\/product\/19112","targetHints":{"allow":["GET"]}}],"collection":[{"href":"https:\/\/www.csj-emballages.com\/de\/wp-json\/wp\/v2\/product"}],"about":[{"href":"https:\/\/www.csj-emballages.com\/de\/wp-json\/wp\/v2\/types\/product"}],"wp:featuredmedia":[{"embeddable":true,"href":"https:\/\/www.csj-emballages.com\/de\/wp-json\/wp\/v2\/media\/229870"}],"wp:attachment":[{"href":"https:\/\/www.csj-emballages.com\/de\/wp-json\/wp\/v2\/media?parent=19112"}],"wp:term":[{"taxonomy":"product_brand","embeddable":true,"href":"https:\/\/www.csj-emballages.com\/de\/wp-json\/wp\/v2\/product_brand?post=19112"},{"taxonomy":"product_cat","embeddable":true,"href":"https:\/\/www.csj-emballages.com\/de\/wp-json\/wp\/v2\/product_cat?post=19112"},{"taxonomy":"product_tag","embeddable":true,"href":"https:\/\/www.csj-emballages.com\/de\/wp-json\/wp\/v2\/product_tag?post=19112"}],"curies":[{"name":"wp","href":"https:\/\/api.w.org\/{rel}","templated":true}]}}