{"id":19099,"date":"2024-03-01T16:57:35","date_gmt":"2024-03-01T15:57:35","guid":{"rendered":"https:\/\/u15jnbdpoq.preview.infomaniak.website\/produit\/50-biologisch-abbaubare-dessertteller-17-cm\/"},"modified":"2026-05-01T02:10:50","modified_gmt":"2026-05-01T00:10:50","slug":"50-biologisch-abbaubare-dessertteller-17-cm","status":"publish","type":"product","link":"https:\/\/www.csj-emballages.com\/de\/produit\/50-biologisch-abbaubare-dessertteller-17-cm\/","title":{"rendered":"Runder biologisch abbaubarer Dessertteller 17 cm pro 50"},"content":{"rendered":"<div style=\"text-align: left;\">\n<div style=\"text-align: left;\">\n<div style=\"text-align: left;\">\n<div style=\"text-align: left;\">\n<div style=\"text-align: left;\">\n<div style=\"text-align: left;\">\n<div style=\"text-align: left;\">\n<div style=\"text-align: left;\">\n<h2>Runder Teller<\/h2>\n<hr>\n<h3>Beschreibung von unserem runden biologisch abbaubaren Dessertteller 17 cm x 50<\/h3>\n<p><!--more--><\/p>\n<p data-start=\"232\" data-end=\"710\">Ob Sie eine Veranstaltung, ein Buffet oder einfach ein Essen mit Freunden organisieren, dieser <strong data-start=\"317\" data-end=\"368\">biologisch abbaubare runde Dessertteller von 17 cm<\/strong> ist die ideale L\u00f6sung, um Praktikabilit\u00e4t und Umweltschutz zu verbinden. Hergestellt aus nat\u00fcrlichen und kompostierbaren Materialien wie <strong>Zuckerrohrfaser<\/strong>, ist er darauf ausgelegt, die Anforderungen von Gastronomieprofis zu erf\u00fcllen, aber auch von Privatpersonen, die ihren \u00f6kologischen Fu\u00dfabdruck begrenzen m\u00f6chten.<\/p>\n<p data-start=\"712\" data-end=\"1098\">Tats\u00e4chlich ist sein Format von <strong>17 cm<\/strong> perfekt f\u00fcr das Servieren von Desserts, kleinen Vorspeisen, Mignardises oder sogar f\u00fcr Verkostungen. Robust, widersteht er perfekt hei\u00dfen, kalten, trockenen oder leicht feuchten Speisen, ohne sich zu verformen oder aufzuweichen. Dank seiner nat\u00fcrlichen und schlichten Farbe verleiht er all Ihren Pr\u00e4sentationen eine authentische Note, ob klassisch oder modern.<\/p>\n<p data-start=\"1100\" data-end=\"1452\">Dieses Set von <strong>50 St\u00fcck<\/strong> garantiert Ihnen eine wirtschaftliche, hygienische und \u00e4sthetische L\u00f6sung f\u00fcr Ihre Veranstaltungen im Innen- und Au\u00dfenbereich. Zusammenfassend l\u00e4sst sich sagen: Ob Sie Caterer, Gastronom, Eventplaner oder einfach ein kochbegeisterter Privatkunde sind, dieser <strong>biologisch abbaubare Teller<\/strong> erf\u00fcllt Ihre Bed\u00fcrfnisse und respektiert dabei die aktuellen Umweltstandards.<\/p>\n<p data-start=\"1377\" data-end=\"1659\"><!--more--><\/p>\n<h4 data-start=\"1377\" data-end=\"1659\">Vorteile :<\/h4>\n<ul>\n<li><strong>Hergestellt aus Bagasse<\/strong>: einem nat\u00fcrlichen und kompostierbaren Material.<\/li>\n<li>Hitze- und feuchtigkeitsbest\u00e4ndig sowie best\u00e4ndig gegen Speisen in Saucen.<\/li>\n<li>Geeignet f\u00fcr den professionellen und privaten Gebrauch.<\/li>\n<li>Schlichtes, elegantes Design f\u00fcr alle Pr\u00e4sentationen.<\/li>\n<li>Umweltfreundliche Alternative zu Einwegplastik.<\/li>\n<li><strong>Wird in Packungen zu 50 St\u00fcck verkauft<\/strong>: preiswert und praktisch.<\/li>\n<\/ul>\n<p>&nbsp;<\/p>\n<p><!--more--><\/p>\n<h4>Weitere Informationen :<\/h4>\n<ul>\n<li><strong>Verpackung<\/strong>: Packung mit 50 St\u00fcck<\/li>\n<li><b>Au\u00dfendurchmesser <\/b>: 175 mm<\/li>\n<li><b>Innendurchmesser <\/b>: 125 mm<\/li>\n<li><strong>H\u00f6he<\/strong>: 13 mm<\/li>\n<li><strong>Material<\/strong>: Zuckerrohrpulpe \/ Bagasse<\/li>\n<li><strong>Farbe<\/strong>: Wei\u00df<\/li>\n<li><strong>Betriebstemperatur<\/strong>: -4\u00b0C \/ +100\u00b0C<\/li>\n<\/ul>\n<p>&nbsp;<\/p>\n<p><!--more--><\/p>\n<p>Hier finden Sie alle unsere runden Teller aus Bagasse, die in verschiedenen Gr\u00f6\u00dfen erh\u00e4ltlich sind: <span style=\"color: #d12727;\"><a style=\"color: #d12727;\" href=\"https:\/\/www.csj-emballages.com\/produit\/50-assiettes-biodegradables-22-cm\/\">22 cm<\/a><\/span> \/ <span style=\"color: #d12727;\"><a style=\"color: #d12727;\" href=\"https:\/\/www.csj-emballages.com\/produit\/50-assiettes-biodegradables-26-cm\/\">26 cm<\/a><\/span><\/p>\n<div style=\"text-align: center;\">\n<div style=\"text-align: center;\">\n<div style=\"text-align: center;\">\n<div style=\"text-align: center;\">\n<div style=\"text-align: center;\">\n<div style=\"text-align: center;\">\n<div style=\"text-align: center;\">\n<div style=\"text-align: center;\"><\/div>\n<\/div>\n<\/div>\n<\/div>\n<\/div>\n<\/div>\n<\/div>\n<\/div>\n<p><!--more--><\/p>\n<p><a href=\"https:\/\/www.csj-emballages.com\/de\/categorie-produit\/lebensmittelverpackungen\/bio-sortiment\/eller-abletts-boxen\/bio-teller\/\">Sehen Sie sich den Rest unseres Sortiments an biologisch abbaubaren Tellern an<\/a><\/p>\n<\/div>\n<\/div>\n<\/div>\n<\/div>\n<\/div>\n<\/div>\n<\/div>\n<\/div>\n","protected":false},"excerpt":{"rendered":"<p>Runder Teller Beschreibung von unserem runden biologisch abbaubaren Dessertteller 17 cm x 50<\/p>\n","protected":false},"featured_media":239698,"template":"","meta":{"_acf_changed":false},"product_brand":[],"product_cat":[1146,2033],"product_tag":[],"class_list":{"0":"post-19099","1":"product","2":"type-product","3":"status-publish","4":"has-post-thumbnail","6":"product_cat-bio-sortiment","7":"product_cat-bio-teller","9":"first","10":"instock","11":"taxable","12":"shipping-taxable","13":"purchasable","14":"product-type-simple"},"acf":[],"yoast_head":"<!-- This site is optimized with the Yoast SEO Premium plugin v26.6 (Yoast SEO v26.6) - https:\/\/yoast.com\/wordpress\/plugins\/seo\/ -->\n<title>Runder Dessertteller Biologisch abbaubar 17 cm pro 50<\/title>\n<meta name=\"description\" content=\"Biologisch abbaubarer runder Teller 17 cm \u2013 50er-Pack. Ideal f\u00fcr Desserts, widerstandsf\u00e4hig und kompostierbar. Perfekt f\u00fcr Caterer, Profis oder umweltbewusste Privatpersonen.\" \/>\n<meta name=\"robots\" content=\"index, follow, max-snippet:-1, max-image-preview:large, max-video-preview:-1\" \/>\n<link rel=\"canonical\" href=\"https:\/\/www.csj-emballages.com\/de\/produit\/50-biologisch-abbaubare-dessertteller-17-cm\/\" \/>\n<meta property=\"og:locale\" content=\"de_DE\" \/>\n<meta property=\"og:type\" content=\"article\" \/>\n<meta property=\"og:title\" content=\"Runder biologisch abbaubarer Dessertteller 17 cm pro 50\" \/>\n<meta property=\"og:description\" content=\"Biologisch abbaubarer runder Teller 17 cm \u2013 50er-Pack. Ideal f\u00fcr Desserts, widerstandsf\u00e4hig und kompostierbar. Perfekt f\u00fcr Caterer, Profis oder umweltbewusste Privatpersonen.\" \/>\n<meta property=\"og:url\" content=\"https:\/\/www.csj-emballages.com\/de\/produit\/50-biologisch-abbaubare-dessertteller-17-cm\/\" \/>\n<meta property=\"og:site_name\" content=\"CSJ Emballages\" \/>\n<meta property=\"article:publisher\" content=\"https:\/\/www.facebook.com\/csjemballages\" \/>\n<meta property=\"article:modified_time\" content=\"2026-05-01T00:10:50+00:00\" \/>\n<meta property=\"og:image\" content=\"https:\/\/www.csj-emballages.com\/wp-content\/uploads\/2024\/03\/AS17BIO.webp\" \/>\n\t<meta property=\"og:image:width\" content=\"800\" \/>\n\t<meta property=\"og:image:height\" content=\"799\" \/>\n\t<meta property=\"og:image:type\" content=\"image\/webp\" \/>\n<meta name=\"twitter:card\" content=\"summary_large_image\" \/>\n<meta name=\"twitter:label1\" content=\"Gesch\u00e4tzte Lesezeit\" \/>\n\t<meta name=\"twitter:data1\" content=\"1\u00a0Minute\" \/>\n<script type=\"application\/ld+json\" class=\"yoast-schema-graph\">{\"@context\":\"https:\/\/schema.org\",\"@graph\":[{\"@type\":\"WebPage\",\"@id\":\"https:\/\/www.csj-emballages.com\/de\/produit\/50-biologisch-abbaubare-dessertteller-17-cm\/\",\"url\":\"https:\/\/www.csj-emballages.com\/de\/produit\/50-biologisch-abbaubare-dessertteller-17-cm\/\",\"name\":\"Runder Dessertteller Biologisch abbaubar 17 cm pro 50\",\"isPartOf\":{\"@id\":\"https:\/\/www.csj-emballages.com\/de\/#website\"},\"primaryImageOfPage\":{\"@id\":\"https:\/\/www.csj-emballages.com\/de\/produit\/50-biologisch-abbaubare-dessertteller-17-cm\/#primaryimage\"},\"image\":{\"@id\":\"https:\/\/www.csj-emballages.com\/de\/produit\/50-biologisch-abbaubare-dessertteller-17-cm\/#primaryimage\"},\"thumbnailUrl\":\"https:\/\/www.csj-emballages.com\/wp-content\/uploads\/2024\/03\/AS17BIO.webp\",\"datePublished\":\"2024-03-01T15:57:35+00:00\",\"dateModified\":\"2026-05-01T00:10:50+00:00\",\"description\":\"Biologisch abbaubarer runder Teller 17 cm \u2013 50er-Pack. Ideal f\u00fcr Desserts, widerstandsf\u00e4hig und kompostierbar. Perfekt f\u00fcr Caterer, Profis oder umweltbewusste Privatpersonen.\",\"breadcrumb\":{\"@id\":\"https:\/\/www.csj-emballages.com\/de\/produit\/50-biologisch-abbaubare-dessertteller-17-cm\/#breadcrumb\"},\"inLanguage\":\"de\",\"potentialAction\":[{\"@type\":\"ReadAction\",\"target\":[\"https:\/\/www.csj-emballages.com\/de\/produit\/50-biologisch-abbaubare-dessertteller-17-cm\/\"]}]},{\"@type\":\"ImageObject\",\"inLanguage\":\"de\",\"@id\":\"https:\/\/www.csj-emballages.com\/de\/produit\/50-biologisch-abbaubare-dessertteller-17-cm\/#primaryimage\",\"url\":\"https:\/\/www.csj-emballages.com\/wp-content\/uploads\/2024\/03\/AS17BIO.webp\",\"contentUrl\":\"https:\/\/www.csj-emballages.com\/wp-content\/uploads\/2024\/03\/AS17BIO.webp\",\"width\":800,\"height\":799,\"caption\":\"Assiette ronde\"},{\"@type\":\"BreadcrumbList\",\"@id\":\"https:\/\/www.csj-emballages.com\/de\/produit\/50-biologisch-abbaubare-dessertteller-17-cm\/#breadcrumb\",\"itemListElement\":[{\"@type\":\"ListItem\",\"position\":1,\"name\":\"Accueil\",\"item\":\"https:\/\/www.csj-emballages.com\/de\/universum-lebensmittelverpackungen\/\"},{\"@type\":\"ListItem\",\"position\":2,\"name\":\"Shop\",\"item\":\"https:\/\/www.csj-emballages.com\/shop\/\"},{\"@type\":\"ListItem\",\"position\":3,\"name\":\"Runder biologisch abbaubarer Dessertteller 17 cm pro 50\"}]},{\"@type\":\"WebSite\",\"@id\":\"https:\/\/www.csj-emballages.com\/de\/#website\",\"url\":\"https:\/\/www.csj-emballages.com\/de\/\",\"name\":\"CSJ Emballages\",\"description\":\"\",\"publisher\":{\"@id\":\"https:\/\/www.csj-emballages.com\/de\/#organization\"},\"potentialAction\":[{\"@type\":\"SearchAction\",\"target\":{\"@type\":\"EntryPoint\",\"urlTemplate\":\"https:\/\/www.csj-emballages.com\/de\/?s={search_term_string}\"},\"query-input\":{\"@type\":\"PropertyValueSpecification\",\"valueRequired\":true,\"valueName\":\"search_term_string\"}}],\"inLanguage\":\"de\"},{\"@type\":\"Organization\",\"@id\":\"https:\/\/www.csj-emballages.com\/de\/#Organization\/\",\"name\":\"CSJ Emballages\",\"url\":\"https:\/\/www.csj-emballages.com\/de\/\",\"logo\":{\"@type\":\"ImageObject\",\"inLanguage\":\"de\",\"@id\":\"https:\/\/www.csj-emballages.com\/de\/#\/schema\/logo\/image\/\",\"url\":\"https:\/\/www.csj-emballages.com\/wp-content\/uploads\/2023\/10\/logo_csj.webp\",\"contentUrl\":\"https:\/\/www.csj-emballages.com\/wp-content\/uploads\/2023\/10\/logo_csj.webp\",\"width\":250,\"height\":95,\"caption\":\"CSJ Emballages\"},\"image\":{\"@id\":\"https:\/\/www.csj-emballages.com\/de\/#\/schema\/logo\/image\/\"},\"sameAs\":[\"https:\/\/www.facebook.com\/csjemballages\"],\"address\":{\"@type\":\"PostalAddress\",\"streetAddress\":\"ZI La Lechere\",\"addressLocality\":\"Patornay\",\"postalCode\":\"39130\",\"addressCountry\":\"FR\"},\"contactPoint\":[{\"@type\":\"ContactPoint\",\"contactType\":\"Service client\",\"telephone\":\"0384254272\",\"email\":\"contact@csj-emballages.com\"}]}]}<\/script>\n<!-- \/ Yoast SEO Premium plugin. -->","yoast_head_json":{"title":"Runder Dessertteller Biologisch abbaubar 17 cm pro 50","description":"Biologisch abbaubarer runder Teller 17 cm \u2013 50er-Pack. Ideal f\u00fcr Desserts, widerstandsf\u00e4hig und kompostierbar. Perfekt f\u00fcr Caterer, Profis oder umweltbewusste Privatpersonen.","robots":{"index":"index","follow":"follow","max-snippet":"max-snippet:-1","max-image-preview":"max-image-preview:large","max-video-preview":"max-video-preview:-1"},"canonical":"https:\/\/www.csj-emballages.com\/de\/produit\/50-biologisch-abbaubare-dessertteller-17-cm\/","og_locale":"de_DE","og_type":"article","og_title":"Runder biologisch abbaubarer Dessertteller 17 cm pro 50","og_description":"Biologisch abbaubarer runder Teller 17 cm \u2013 50er-Pack. Ideal f\u00fcr Desserts, widerstandsf\u00e4hig und kompostierbar. Perfekt f\u00fcr Caterer, Profis oder umweltbewusste Privatpersonen.","og_url":"https:\/\/www.csj-emballages.com\/de\/produit\/50-biologisch-abbaubare-dessertteller-17-cm\/","og_site_name":"CSJ Emballages","article_publisher":"https:\/\/www.facebook.com\/csjemballages","article_modified_time":"2026-05-01T00:10:50+00:00","og_image":[{"width":800,"height":799,"url":"https:\/\/www.csj-emballages.com\/wp-content\/uploads\/2024\/03\/AS17BIO.webp","type":"image\/webp"}],"twitter_card":"summary_large_image","twitter_misc":{"Gesch\u00e4tzte Lesezeit":"1\u00a0Minute"},"schema":{"@context":"https:\/\/schema.org","@graph":[{"@type":"WebPage","@id":"https:\/\/www.csj-emballages.com\/de\/produit\/50-biologisch-abbaubare-dessertteller-17-cm\/","url":"https:\/\/www.csj-emballages.com\/de\/produit\/50-biologisch-abbaubare-dessertteller-17-cm\/","name":"Runder Dessertteller Biologisch abbaubar 17 cm pro 50","isPartOf":{"@id":"https:\/\/www.csj-emballages.com\/de\/#website"},"primaryImageOfPage":{"@id":"https:\/\/www.csj-emballages.com\/de\/produit\/50-biologisch-abbaubare-dessertteller-17-cm\/#primaryimage"},"image":{"@id":"https:\/\/www.csj-emballages.com\/de\/produit\/50-biologisch-abbaubare-dessertteller-17-cm\/#primaryimage"},"thumbnailUrl":"https:\/\/www.csj-emballages.com\/wp-content\/uploads\/2024\/03\/AS17BIO.webp","datePublished":"2024-03-01T15:57:35+00:00","dateModified":"2026-05-01T00:10:50+00:00","description":"Biologisch abbaubarer runder Teller 17 cm \u2013 50er-Pack. Ideal f\u00fcr Desserts, widerstandsf\u00e4hig und kompostierbar. Perfekt f\u00fcr Caterer, Profis oder umweltbewusste Privatpersonen.","breadcrumb":{"@id":"https:\/\/www.csj-emballages.com\/de\/produit\/50-biologisch-abbaubare-dessertteller-17-cm\/#breadcrumb"},"inLanguage":"de","potentialAction":[{"@type":"ReadAction","target":["https:\/\/www.csj-emballages.com\/de\/produit\/50-biologisch-abbaubare-dessertteller-17-cm\/"]}]},{"@type":"ImageObject","inLanguage":"de","@id":"https:\/\/www.csj-emballages.com\/de\/produit\/50-biologisch-abbaubare-dessertteller-17-cm\/#primaryimage","url":"https:\/\/www.csj-emballages.com\/wp-content\/uploads\/2024\/03\/AS17BIO.webp","contentUrl":"https:\/\/www.csj-emballages.com\/wp-content\/uploads\/2024\/03\/AS17BIO.webp","width":800,"height":799,"caption":"Assiette ronde"},{"@type":"BreadcrumbList","@id":"https:\/\/www.csj-emballages.com\/de\/produit\/50-biologisch-abbaubare-dessertteller-17-cm\/#breadcrumb","itemListElement":[{"@type":"ListItem","position":1,"name":"Accueil","item":"https:\/\/www.csj-emballages.com\/de\/universum-lebensmittelverpackungen\/"},{"@type":"ListItem","position":2,"name":"Shop","item":"https:\/\/www.csj-emballages.com\/shop\/"},{"@type":"ListItem","position":3,"name":"Runder biologisch abbaubarer Dessertteller 17 cm pro 50"}]},{"@type":"WebSite","@id":"https:\/\/www.csj-emballages.com\/de\/#website","url":"https:\/\/www.csj-emballages.com\/de\/","name":"CSJ Emballages","description":"","publisher":{"@id":"https:\/\/www.csj-emballages.com\/de\/#organization"},"potentialAction":[{"@type":"SearchAction","target":{"@type":"EntryPoint","urlTemplate":"https:\/\/www.csj-emballages.com\/de\/?s={search_term_string}"},"query-input":{"@type":"PropertyValueSpecification","valueRequired":true,"valueName":"search_term_string"}}],"inLanguage":"de"},{"@type":"Organization","@id":"https:\/\/www.csj-emballages.com\/de\/#Organization\/","name":"CSJ Emballages","url":"https:\/\/www.csj-emballages.com\/de\/","logo":{"@type":"ImageObject","inLanguage":"de","@id":"https:\/\/www.csj-emballages.com\/de\/#\/schema\/logo\/image\/","url":"https:\/\/www.csj-emballages.com\/wp-content\/uploads\/2023\/10\/logo_csj.webp","contentUrl":"https:\/\/www.csj-emballages.com\/wp-content\/uploads\/2023\/10\/logo_csj.webp","width":250,"height":95,"caption":"CSJ Emballages"},"image":{"@id":"https:\/\/www.csj-emballages.com\/de\/#\/schema\/logo\/image\/"},"sameAs":["https:\/\/www.facebook.com\/csjemballages"],"address":{"@type":"PostalAddress","streetAddress":"ZI La Lechere","addressLocality":"Patornay","postalCode":"39130","addressCountry":"FR"},"contactPoint":[{"@type":"ContactPoint","contactType":"Service client","telephone":"0384254272","email":"contact@csj-emballages.com"}]}]}},"df_price":2.64,"df_sale_price":"","df_regular_price":2.64,"df_image_link":"https:\/\/www.csj-emballages.com\/wp-content\/uploads\/2024\/03\/AS17BIO-300x300.webp","tiered_pricing_type":"fixed","tiered_pricing_fixed_rules":[],"tiered_pricing_percentage_rules":[],"tiered_pricing_minimum":1,"tiered_pricing_roles_data":[],"_links":{"self":[{"href":"https:\/\/www.csj-emballages.com\/de\/wp-json\/wp\/v2\/product\/19099","targetHints":{"allow":["GET"]}}],"collection":[{"href":"https:\/\/www.csj-emballages.com\/de\/wp-json\/wp\/v2\/product"}],"about":[{"href":"https:\/\/www.csj-emballages.com\/de\/wp-json\/wp\/v2\/types\/product"}],"wp:featuredmedia":[{"embeddable":true,"href":"https:\/\/www.csj-emballages.com\/de\/wp-json\/wp\/v2\/media\/239698"}],"wp:attachment":[{"href":"https:\/\/www.csj-emballages.com\/de\/wp-json\/wp\/v2\/media?parent=19099"}],"wp:term":[{"taxonomy":"product_brand","embeddable":true,"href":"https:\/\/www.csj-emballages.com\/de\/wp-json\/wp\/v2\/product_brand?post=19099"},{"taxonomy":"product_cat","embeddable":true,"href":"https:\/\/www.csj-emballages.com\/de\/wp-json\/wp\/v2\/product_cat?post=19099"},{"taxonomy":"product_tag","embeddable":true,"href":"https:\/\/www.csj-emballages.com\/de\/wp-json\/wp\/v2\/product_tag?post=19099"}],"curies":[{"name":"wp","href":"https:\/\/api.w.org\/{rel}","templated":true}]}}