{"id":19090,"date":"2024-03-01T16:57:34","date_gmt":"2024-03-01T15:57:34","guid":{"rendered":"https:\/\/u15jnbdpoq.preview.infomaniak.website\/produit\/100-einweg-dessertteller-flach-rund-weiss-karton-18-cm\/"},"modified":"2026-05-05T02:11:29","modified_gmt":"2026-05-05T00:11:29","slug":"100-einweg-dessertteller-flach-rund-weiss-karton-18-cm","status":"publish","type":"product","link":"https:\/\/www.csj-emballages.com\/de\/produit\/100-einweg-dessertteller-flach-rund-weiss-karton-18-cm\/","title":{"rendered":"Wei\u00dfer runder Teller aus Pappe 18 cm pro 100"},"content":{"rendered":"<h2>Wei\u00dfer Teller<\/h2>\n<hr>\n<h3>Entdecken Sie unseren wei\u00dfen runden Pappteller 18 cm pro 100 St\u00fcck<\/h3>\n<p><!--more--><\/p>\n<p data-start=\"194\" data-end=\"688\">Wenn Sie eine einfache, saubere und elegante L\u00f6sung zum Servieren Ihrer Speisen suchen, sind diese <strong>wei\u00dfen, runden<\/strong> <strong data-start=\"311\" data-end=\"320\">18-cm-Teller<\/strong> genau das Richtige f\u00fcr Sie. Mit ihrem <g id=\"gid_2\">schlichten<\/g> Design passen sie \u00fcberall hin, ob zum Buffet, zur Firmenveranstaltung, zur Familienfeier, zum Imbiss oder zum Mitnehmen&#8230; Sie f\u00fcgen sich in jede Umgebung ein, ohne den Speisen die Show zu stehlen. Ihre <strong>wei\u00dfe Farbe<\/strong> hebt das, was Sie servieren, nat\u00fcrlich hervor, egal ob es sich um Geb\u00e4ck, eine Vorspeise, einen Kuchen oder eine kleine warme Portion handelt.  <\/p>\n<p data-start=\"690\" data-end=\"1029\">Dank ihrer <strong>festen Pappe<\/strong> halten sie problemlos die t\u00e4glichen Gerichte aus. Sie fallen nicht in sich zusammen, wenn eine gro\u00dfe Portion hinzugef\u00fcgt wird, was sie in hektischen Situationen sehr praktisch macht. Man kann sie stapeln, schnell verteilen und verwenden, ohne Angst haben zu m\u00fcssen, dass sie beim Servieren auseinanderfallen.  <\/p>\n<p data-start=\"1031\" data-end=\"1315\">Da sie <strong data-start=\"1056\" data-end=\"1067\">zu 100 St\u00fcck<\/strong> verkauft werden, haben Sie einen komfortablen Vorrat f\u00fcr hektische Tage oder Veranstaltungen, bei denen Sie viele Menschen bedienen m\u00fcssen. Dieses Format vermeidet Fehlmengen und erm\u00f6glicht es Ihnen, organisiert zu bleiben, ohne st\u00e4ndig hin- und herlaufen zu m\u00fcssen, um Nachschub zu besorgen. <\/p>\n<p data-start=\"1317\" data-end=\"1671\">Sie bieten auch einen nicht zu untersch\u00e4tzenden Vorteil: ihre Einfachheit. Man verschwendet keine Zeit damit, Geschirr zu sortieren, zu reinigen oder zusammenzustellen. Man nimmt, serviert und wirft. Es ist sauber, schnell und effizient. F\u00fcr Profis ist es ein echter Frischekick, f\u00fcr Privatleute die ideale L\u00f6sung, um sich nach einer Party das l\u00e4stige Geschirrsp\u00fclen zu ersparen.    <\/p>\n<p data-start=\"1673\" data-end=\"1890\">Zusammenfassend l\u00e4sst sich sagen, dass diese <strong>wei\u00dfen Pappteller<\/strong> <strong data-start=\"1727\" data-end=\"1765\">Unauff\u00e4lligkeit, Zweckm\u00e4\u00dfigkeit und Zuverl\u00e4ssigkeit<\/strong> in sich vereinen. Sie erf\u00fcllen ihre Aufgabe perfekt, ohne zu \u00fcbertreiben &#8211; und genau das ist es, was man von einem guten Einwegteller erwartet. <\/p>\n<p data-start=\"1673\" data-end=\"1890\">\n<p data-start=\"1673\" data-end=\"1890\"><!--more--><\/p>\n<h4>Vorteile :<\/h4>\n<ul>\n<li data-start=\"1918\" data-end=\"1969\">Schlichter <strong>wei\u00dfer<\/strong> Stil, der die Lebensmittel hervorhebt.<\/li>\n<li data-start=\"1972\" data-end=\"2009\"><strong>Fester Karton<\/strong>, liegt gut in der Hand.<\/li>\n<li data-start=\"2012\" data-end=\"2069\">Ideal f\u00fcr Buffets, Veranstaltungen, Picknicks und Snacks.<\/li>\n<li data-start=\"2072\" data-end=\"2101\">Praktisches Set von <strong>100 St\u00fcck<\/strong>.<\/li>\n<li data-start=\"2104\" data-end=\"2149\">Schneller Einsatz und null Geschirr zu verwalten.<\/li>\n<\/ul>\n<p>&nbsp;<\/p>\n<p><!--more--><\/p>\n<h4>Weitere Informationen :<\/h4>\n<ul>\n<li><strong>Verpackung<\/strong>: Packung mit 100 St\u00fcck<\/li>\n<li><strong>Ma\u00dfe<\/strong>: 17,5 x 1,8 (\u00d8 x H in cm)<\/li>\n<li><strong>Material<\/strong>: Karton<\/li>\n<li><strong>Farbe<\/strong>: Wei\u00df<\/li>\n<\/ul>\n<p>&nbsp;<\/p>\n<p><!--more--><\/p>\n<p>Dieser Pappteller mit \u00d818 cm ist auch in \u00d823 cm erh\u00e4ltlich : <span style=\"color: #d12727;\"><a style=\"color: #d12727;\" href=\"https:\/\/www.csj-emballages.com\/es\/produit\/100-platos-desechables-redondos-de-papel-blanco-23-cm\/\">AS23CART<\/a><\/span><\/p>\n<p>&nbsp;<\/p>\n<p><!--more--><\/p>\n<p><a href=\"https:\/\/www.csj-emballages.com\/de\/categorie-produit\/lebensmittelverpackungen\/restauration-de\/teller-einwegbesteck-strohhalme\/runde-einwegteller-aus-pappe\/\">Sehen Sie sich den Rest unseres Sortiments an wei\u00dfen Papptellern an  <\/a><\/p>\n","protected":false},"excerpt":{"rendered":"<p>Wei\u00dfer Teller Entdecken Sie unseren wei\u00dfen runden Pappteller 18 cm pro 100 St\u00fcck<\/p>\n","protected":false},"featured_media":165732,"template":"","meta":{"_acf_changed":false},"product_brand":[],"product_cat":[2032],"product_tag":[],"class_list":{"0":"post-19090","1":"product","2":"type-product","3":"status-publish","4":"has-post-thumbnail","6":"product_cat-runde-einwegteller-aus-pappe","8":"first","9":"instock","10":"taxable","11":"shipping-taxable","12":"purchasable","13":"product-type-simple"},"acf":[],"yoast_head":"<!-- This site is optimized with the Yoast SEO Premium plugin v26.6 (Yoast SEO v26.6) - https:\/\/yoast.com\/wordpress\/plugins\/seo\/ -->\n<title>Wei\u00dfer runder Teller aus Pappe - 18 cm<\/title>\n<meta name=\"description\" content=\"Entdecken Sie unseren runden wei\u00dfen Teller aus Pappe (18 cm)! Wir bieten Ihnen eine Packung mit 100 Papptellern zu g\u00fcnstigen Preisen an.\" \/>\n<meta name=\"robots\" content=\"index, follow, max-snippet:-1, max-image-preview:large, max-video-preview:-1\" \/>\n<link rel=\"canonical\" href=\"https:\/\/www.csj-emballages.com\/de\/produit\/100-einweg-dessertteller-flach-rund-weiss-karton-18-cm\/\" \/>\n<meta property=\"og:locale\" content=\"de_DE\" \/>\n<meta property=\"og:type\" content=\"article\" \/>\n<meta property=\"og:title\" content=\"Wei\u00dfer runder Teller aus Pappe 18 cm pro 100\" \/>\n<meta property=\"og:description\" content=\"Entdecken Sie unseren runden wei\u00dfen Teller aus Pappe (18 cm)! Wir bieten Ihnen eine Packung mit 100 Papptellern zu g\u00fcnstigen Preisen an.\" \/>\n<meta property=\"og:url\" content=\"https:\/\/www.csj-emballages.com\/de\/produit\/100-einweg-dessertteller-flach-rund-weiss-karton-18-cm\/\" \/>\n<meta property=\"og:site_name\" content=\"CSJ Emballages\" \/>\n<meta property=\"article:publisher\" content=\"https:\/\/www.facebook.com\/csjemballages\" \/>\n<meta property=\"article:modified_time\" content=\"2026-05-05T00:11:29+00:00\" \/>\n<meta property=\"og:image\" content=\"https:\/\/www.csj-emballages.com\/wp-content\/uploads\/2024\/03\/50-assiettes-en-carton-rondes-blanches-18cm-p-image-221704-grande-1-jpg-e1731485336172.webp\" \/>\n\t<meta property=\"og:image:width\" content=\"1000\" \/>\n\t<meta property=\"og:image:height\" content=\"1000\" \/>\n\t<meta property=\"og:image:type\" content=\"image\/jpeg\" \/>\n<meta name=\"twitter:card\" content=\"summary_large_image\" \/>\n<meta name=\"twitter:label1\" content=\"Gesch\u00e4tzte Lesezeit\" \/>\n\t<meta name=\"twitter:data1\" content=\"2 Minuten\" \/>\n<script type=\"application\/ld+json\" class=\"yoast-schema-graph\">{\"@context\":\"https:\/\/schema.org\",\"@graph\":[{\"@type\":\"WebPage\",\"@id\":\"https:\/\/www.csj-emballages.com\/de\/produit\/100-einweg-dessertteller-flach-rund-weiss-karton-18-cm\/\",\"url\":\"https:\/\/www.csj-emballages.com\/de\/produit\/100-einweg-dessertteller-flach-rund-weiss-karton-18-cm\/\",\"name\":\"Wei\u00dfer runder Teller aus Pappe - 18 cm\",\"isPartOf\":{\"@id\":\"https:\/\/www.csj-emballages.com\/de\/#website\"},\"primaryImageOfPage\":{\"@id\":\"https:\/\/www.csj-emballages.com\/de\/produit\/100-einweg-dessertteller-flach-rund-weiss-karton-18-cm\/#primaryimage\"},\"image\":{\"@id\":\"https:\/\/www.csj-emballages.com\/de\/produit\/100-einweg-dessertteller-flach-rund-weiss-karton-18-cm\/#primaryimage\"},\"thumbnailUrl\":\"https:\/\/www.csj-emballages.com\/wp-content\/uploads\/2024\/03\/50-assiettes-en-carton-rondes-blanches-18cm-p-image-221704-grande-1-jpg-e1731485336172.webp\",\"datePublished\":\"2024-03-01T15:57:34+00:00\",\"dateModified\":\"2026-05-05T00:11:29+00:00\",\"description\":\"Entdecken Sie unseren runden wei\u00dfen Teller aus Pappe (18 cm)! Wir bieten Ihnen eine Packung mit 100 Papptellern zu g\u00fcnstigen Preisen an.\",\"breadcrumb\":{\"@id\":\"https:\/\/www.csj-emballages.com\/de\/produit\/100-einweg-dessertteller-flach-rund-weiss-karton-18-cm\/#breadcrumb\"},\"inLanguage\":\"de\",\"potentialAction\":[{\"@type\":\"ReadAction\",\"target\":[\"https:\/\/www.csj-emballages.com\/de\/produit\/100-einweg-dessertteller-flach-rund-weiss-karton-18-cm\/\"]}]},{\"@type\":\"ImageObject\",\"inLanguage\":\"de\",\"@id\":\"https:\/\/www.csj-emballages.com\/de\/produit\/100-einweg-dessertteller-flach-rund-weiss-karton-18-cm\/#primaryimage\",\"url\":\"https:\/\/www.csj-emballages.com\/wp-content\/uploads\/2024\/03\/50-assiettes-en-carton-rondes-blanches-18cm-p-image-221704-grande-1-jpg-e1731485336172.webp\",\"contentUrl\":\"https:\/\/www.csj-emballages.com\/wp-content\/uploads\/2024\/03\/50-assiettes-en-carton-rondes-blanches-18cm-p-image-221704-grande-1-jpg-e1731485336172.webp\",\"width\":1000,\"height\":1000,\"caption\":\"Assiette blanche\"},{\"@type\":\"BreadcrumbList\",\"@id\":\"https:\/\/www.csj-emballages.com\/de\/produit\/100-einweg-dessertteller-flach-rund-weiss-karton-18-cm\/#breadcrumb\",\"itemListElement\":[{\"@type\":\"ListItem\",\"position\":1,\"name\":\"Accueil\",\"item\":\"https:\/\/www.csj-emballages.com\/de\/universum-lebensmittelverpackungen\/\"},{\"@type\":\"ListItem\",\"position\":2,\"name\":\"Shop\",\"item\":\"https:\/\/www.csj-emballages.com\/shop\/\"},{\"@type\":\"ListItem\",\"position\":3,\"name\":\"Wei\u00dfer runder Teller aus Pappe 18 cm pro 100\"}]},{\"@type\":\"WebSite\",\"@id\":\"https:\/\/www.csj-emballages.com\/de\/#website\",\"url\":\"https:\/\/www.csj-emballages.com\/de\/\",\"name\":\"CSJ Emballages\",\"description\":\"\",\"publisher\":{\"@id\":\"https:\/\/www.csj-emballages.com\/de\/#organization\"},\"potentialAction\":[{\"@type\":\"SearchAction\",\"target\":{\"@type\":\"EntryPoint\",\"urlTemplate\":\"https:\/\/www.csj-emballages.com\/de\/?s={search_term_string}\"},\"query-input\":{\"@type\":\"PropertyValueSpecification\",\"valueRequired\":true,\"valueName\":\"search_term_string\"}}],\"inLanguage\":\"de\"},{\"@type\":\"Organization\",\"@id\":\"https:\/\/www.csj-emballages.com\/de\/#Organization\/\",\"name\":\"CSJ Emballages\",\"url\":\"https:\/\/www.csj-emballages.com\/de\/\",\"logo\":{\"@type\":\"ImageObject\",\"inLanguage\":\"de\",\"@id\":\"https:\/\/www.csj-emballages.com\/de\/#\/schema\/logo\/image\/\",\"url\":\"https:\/\/www.csj-emballages.com\/wp-content\/uploads\/2023\/10\/logo_csj.webp\",\"contentUrl\":\"https:\/\/www.csj-emballages.com\/wp-content\/uploads\/2023\/10\/logo_csj.webp\",\"width\":250,\"height\":95,\"caption\":\"CSJ Emballages\"},\"image\":{\"@id\":\"https:\/\/www.csj-emballages.com\/de\/#\/schema\/logo\/image\/\"},\"sameAs\":[\"https:\/\/www.facebook.com\/csjemballages\"],\"address\":{\"@type\":\"PostalAddress\",\"streetAddress\":\"ZI La Lechere\",\"addressLocality\":\"Patornay\",\"postalCode\":\"39130\",\"addressCountry\":\"FR\"},\"contactPoint\":[{\"@type\":\"ContactPoint\",\"contactType\":\"Service client\",\"telephone\":\"0384254272\",\"email\":\"contact@csj-emballages.com\"}]}]}<\/script>\n<!-- \/ Yoast SEO Premium plugin. -->","yoast_head_json":{"title":"Wei\u00dfer runder Teller aus Pappe - 18 cm","description":"Entdecken Sie unseren runden wei\u00dfen Teller aus Pappe (18 cm)! Wir bieten Ihnen eine Packung mit 100 Papptellern zu g\u00fcnstigen Preisen an.","robots":{"index":"index","follow":"follow","max-snippet":"max-snippet:-1","max-image-preview":"max-image-preview:large","max-video-preview":"max-video-preview:-1"},"canonical":"https:\/\/www.csj-emballages.com\/de\/produit\/100-einweg-dessertteller-flach-rund-weiss-karton-18-cm\/","og_locale":"de_DE","og_type":"article","og_title":"Wei\u00dfer runder Teller aus Pappe 18 cm pro 100","og_description":"Entdecken Sie unseren runden wei\u00dfen Teller aus Pappe (18 cm)! Wir bieten Ihnen eine Packung mit 100 Papptellern zu g\u00fcnstigen Preisen an.","og_url":"https:\/\/www.csj-emballages.com\/de\/produit\/100-einweg-dessertteller-flach-rund-weiss-karton-18-cm\/","og_site_name":"CSJ Emballages","article_publisher":"https:\/\/www.facebook.com\/csjemballages","article_modified_time":"2026-05-05T00:11:29+00:00","og_image":[{"width":1000,"height":1000,"url":"https:\/\/www.csj-emballages.com\/wp-content\/uploads\/2024\/03\/50-assiettes-en-carton-rondes-blanches-18cm-p-image-221704-grande-1-jpg-e1731485336172.webp","type":"image\/jpeg"}],"twitter_card":"summary_large_image","twitter_misc":{"Gesch\u00e4tzte Lesezeit":"2 Minuten"},"schema":{"@context":"https:\/\/schema.org","@graph":[{"@type":"WebPage","@id":"https:\/\/www.csj-emballages.com\/de\/produit\/100-einweg-dessertteller-flach-rund-weiss-karton-18-cm\/","url":"https:\/\/www.csj-emballages.com\/de\/produit\/100-einweg-dessertteller-flach-rund-weiss-karton-18-cm\/","name":"Wei\u00dfer runder Teller aus Pappe - 18 cm","isPartOf":{"@id":"https:\/\/www.csj-emballages.com\/de\/#website"},"primaryImageOfPage":{"@id":"https:\/\/www.csj-emballages.com\/de\/produit\/100-einweg-dessertteller-flach-rund-weiss-karton-18-cm\/#primaryimage"},"image":{"@id":"https:\/\/www.csj-emballages.com\/de\/produit\/100-einweg-dessertteller-flach-rund-weiss-karton-18-cm\/#primaryimage"},"thumbnailUrl":"https:\/\/www.csj-emballages.com\/wp-content\/uploads\/2024\/03\/50-assiettes-en-carton-rondes-blanches-18cm-p-image-221704-grande-1-jpg-e1731485336172.webp","datePublished":"2024-03-01T15:57:34+00:00","dateModified":"2026-05-05T00:11:29+00:00","description":"Entdecken Sie unseren runden wei\u00dfen Teller aus Pappe (18 cm)! Wir bieten Ihnen eine Packung mit 100 Papptellern zu g\u00fcnstigen Preisen an.","breadcrumb":{"@id":"https:\/\/www.csj-emballages.com\/de\/produit\/100-einweg-dessertteller-flach-rund-weiss-karton-18-cm\/#breadcrumb"},"inLanguage":"de","potentialAction":[{"@type":"ReadAction","target":["https:\/\/www.csj-emballages.com\/de\/produit\/100-einweg-dessertteller-flach-rund-weiss-karton-18-cm\/"]}]},{"@type":"ImageObject","inLanguage":"de","@id":"https:\/\/www.csj-emballages.com\/de\/produit\/100-einweg-dessertteller-flach-rund-weiss-karton-18-cm\/#primaryimage","url":"https:\/\/www.csj-emballages.com\/wp-content\/uploads\/2024\/03\/50-assiettes-en-carton-rondes-blanches-18cm-p-image-221704-grande-1-jpg-e1731485336172.webp","contentUrl":"https:\/\/www.csj-emballages.com\/wp-content\/uploads\/2024\/03\/50-assiettes-en-carton-rondes-blanches-18cm-p-image-221704-grande-1-jpg-e1731485336172.webp","width":1000,"height":1000,"caption":"Assiette blanche"},{"@type":"BreadcrumbList","@id":"https:\/\/www.csj-emballages.com\/de\/produit\/100-einweg-dessertteller-flach-rund-weiss-karton-18-cm\/#breadcrumb","itemListElement":[{"@type":"ListItem","position":1,"name":"Accueil","item":"https:\/\/www.csj-emballages.com\/de\/universum-lebensmittelverpackungen\/"},{"@type":"ListItem","position":2,"name":"Shop","item":"https:\/\/www.csj-emballages.com\/shop\/"},{"@type":"ListItem","position":3,"name":"Wei\u00dfer runder Teller aus Pappe 18 cm pro 100"}]},{"@type":"WebSite","@id":"https:\/\/www.csj-emballages.com\/de\/#website","url":"https:\/\/www.csj-emballages.com\/de\/","name":"CSJ Emballages","description":"","publisher":{"@id":"https:\/\/www.csj-emballages.com\/de\/#organization"},"potentialAction":[{"@type":"SearchAction","target":{"@type":"EntryPoint","urlTemplate":"https:\/\/www.csj-emballages.com\/de\/?s={search_term_string}"},"query-input":{"@type":"PropertyValueSpecification","valueRequired":true,"valueName":"search_term_string"}}],"inLanguage":"de"},{"@type":"Organization","@id":"https:\/\/www.csj-emballages.com\/de\/#Organization\/","name":"CSJ Emballages","url":"https:\/\/www.csj-emballages.com\/de\/","logo":{"@type":"ImageObject","inLanguage":"de","@id":"https:\/\/www.csj-emballages.com\/de\/#\/schema\/logo\/image\/","url":"https:\/\/www.csj-emballages.com\/wp-content\/uploads\/2023\/10\/logo_csj.webp","contentUrl":"https:\/\/www.csj-emballages.com\/wp-content\/uploads\/2023\/10\/logo_csj.webp","width":250,"height":95,"caption":"CSJ Emballages"},"image":{"@id":"https:\/\/www.csj-emballages.com\/de\/#\/schema\/logo\/image\/"},"sameAs":["https:\/\/www.facebook.com\/csjemballages"],"address":{"@type":"PostalAddress","streetAddress":"ZI La Lechere","addressLocality":"Patornay","postalCode":"39130","addressCountry":"FR"},"contactPoint":[{"@type":"ContactPoint","contactType":"Service client","telephone":"0384254272","email":"contact@csj-emballages.com"}]}]}},"df_price":3.79,"df_sale_price":"","df_regular_price":3.79,"df_image_link":"https:\/\/www.csj-emballages.com\/wp-content\/uploads\/2024\/03\/50-assiettes-en-carton-rondes-blanches-18cm-p-image-221704-grande-1-300x300.webp","tiered_pricing_type":"fixed","tiered_pricing_fixed_rules":[],"tiered_pricing_percentage_rules":[],"tiered_pricing_minimum":1,"tiered_pricing_roles_data":[],"_links":{"self":[{"href":"https:\/\/www.csj-emballages.com\/de\/wp-json\/wp\/v2\/product\/19090","targetHints":{"allow":["GET"]}}],"collection":[{"href":"https:\/\/www.csj-emballages.com\/de\/wp-json\/wp\/v2\/product"}],"about":[{"href":"https:\/\/www.csj-emballages.com\/de\/wp-json\/wp\/v2\/types\/product"}],"wp:featuredmedia":[{"embeddable":true,"href":"https:\/\/www.csj-emballages.com\/de\/wp-json\/wp\/v2\/media\/165732"}],"wp:attachment":[{"href":"https:\/\/www.csj-emballages.com\/de\/wp-json\/wp\/v2\/media?parent=19090"}],"wp:term":[{"taxonomy":"product_brand","embeddable":true,"href":"https:\/\/www.csj-emballages.com\/de\/wp-json\/wp\/v2\/product_brand?post=19090"},{"taxonomy":"product_cat","embeddable":true,"href":"https:\/\/www.csj-emballages.com\/de\/wp-json\/wp\/v2\/product_cat?post=19090"},{"taxonomy":"product_tag","embeddable":true,"href":"https:\/\/www.csj-emballages.com\/de\/wp-json\/wp\/v2\/product_tag?post=19090"}],"curies":[{"name":"wp","href":"https:\/\/api.w.org\/{rel}","templated":true}]}}