{"id":19051,"date":"2024-03-01T16:57:36","date_gmt":"2024-03-01T15:57:36","guid":{"rendered":"https:\/\/u15jnbdpoq.preview.infomaniak.website\/produit\/aluminiumfolie-fuer-lebensmittel-30-x-200-m-in-einer-spenderbox\/"},"modified":"2026-04-30T10:00:29","modified_gmt":"2026-04-30T08:00:29","slug":"aluminiumfolie-fuer-lebensmittel-30-x-200-m-in-einer-spenderbox","status":"publish","type":"product","link":"https:\/\/www.csj-emballages.com\/de\/produit\/aluminiumfolie-fuer-lebensmittel-30-x-200-m-in-einer-spenderbox\/","title":{"rendered":"Lebensmitteltaugliche Aluminiumrolle 30 cm x 200 m in einer Schachtel"},"content":{"rendered":"<h2 class=\"p1\">Alu-Rolle<\/h2>\n<hr>\n<h3>Beschreibung von unserer Aluminiumrolle f\u00fcr Lebensmittel 30 cm x 200 m in der Box<\/h3>\n<p><!--more--><\/p>\n<p data-start=\"75\" data-end=\"572\">Die <strong>Aluminiumrolle f\u00fcr Lebensmittel 30 cm x 200 m<\/strong> ist ein Muss in der K\u00fcche, sowohl f\u00fcr Profis als auch f\u00fcr Privatpersonen. Dank ihrer hohen Festigkeit und ihrer gro\u00dfz\u00fcgigen L\u00e4nge bietet sie eine praktische L\u00f6sung zum Aufbewahren, Kochen und Sch\u00fctzen von Lebensmitteln. In einer <strong>Schachtel<\/strong> verpackt, erm\u00f6glicht sie eine einfache und schnelle Verwendung, vermeidet Verschwendung und garantiert bei jedem Gebrauch einen sauberen Schnitt.  <\/p>\n<p data-start=\"574\" data-end=\"807\">Kurz gesagt: Perfekt f\u00fcr Caterer, Restaurantbesitzer, B\u00e4cker und Hobbyk\u00f6che. Diese <strong>Aluminiumfolie<\/strong> h\u00e4lt hohen Temperaturen im Ofen und niedrigen Temperaturen im Gefrierschrank stand und sorgt so f\u00fcr eine au\u00dfergew\u00f6hnliche Vielseitigkeit.<\/p>\n<h3 data-start=\"809\" data-end=\"830\"><\/h3>\n<p><!--more--><\/p>\n<h4>Vorteile :<\/h4>\n<ul>\n<li data-start=\"959\" data-end=\"1054\">H\u00e4lt Lebensmittel frisch.<\/li>\n<li data-start=\"959\" data-end=\"1054\">In praktischer Spenderbox f\u00fcr einfache und effiziente Anwendung.<\/li>\n<li data-start=\"959\" data-end=\"1054\">Diese Aluminiumfolie ist ideal zum Backen, K\u00fchlen und Einfrieren.<\/li>\n<li data-start=\"959\" data-end=\"1054\">Sch\u00fctzt Lebensmittel vor \u00e4u\u00dferen Verunreinigungen.<\/li>\n<li data-start=\"959\" data-end=\"1054\">200 Meter L\u00e4nge f\u00fcr dauerhaften Gebrauch.<\/li>\n<\/ul>\n<p>&nbsp;<\/p>\n<p><!--more--><\/p>\n<h4>Weitere Informationen :<\/h4>\n<ul>\n<li><strong>Verpackung<\/strong>: Einzeln<\/li>\n<li><strong>Gr\u00f6\u00dfe<\/strong>: 30 cm x 200 m<\/li>\n<li><strong>Dicke<\/strong>: 11 Mikron<\/li>\n<li><strong>Material<\/strong>: Aluminium<\/li>\n<\/ul>\n<p>&nbsp;<\/p>\n<p><!--more--><\/p>\n<p>Dieses Produkt ist in verschiedenen Gr\u00f6\u00dfen erh\u00e4ltlich : <span style=\"color: #d12727;\"><a style=\"color: #d12727;\" href=\"https:\/\/www.csj-emballages.com\/produit\/rouleau-papier-aluminium-alimentaire-33-x-200-m-tres-epais-19%c2%b5-en-boite\/\">AL3320019<\/a><\/span> \/ <span style=\"color: #d12727;\"><a style=\"color: #d12727;\" href=\"https:\/\/www.csj-emballages.com\/es\/produit\/rollo-de-papel-de-aluminio-44-cm-x-200-m-en-caja-dispensadora\/\">AL45B<\/a><\/span><\/p>\n<p>&nbsp;<\/p>\n<p><!--more--><\/p>\n<p><a href=\"https:\/\/www.csj-emballages.com\/de\/categorie-produit\/lebensmittelverpackungen\/metzgerei-und-feinkostgeschaft\/lebensmittelfolien\/aluminiumfolien\/\">Sehen Sie sich den Rest unseres Sortiments an Aluminiumfolien an.<\/a><\/p>\n","protected":false},"excerpt":{"rendered":"<p>Alu-Rolle Beschreibung von unserer Aluminiumrolle f\u00fcr Lebensmittel 30 cm x 200 m in der Box<\/p>\n","protected":false},"featured_media":261516,"template":"","meta":{"_acf_changed":false},"product_brand":[],"product_cat":[1137,1170,2017,2018],"product_tag":[],"class_list":{"0":"post-19051","1":"product","2":"type-product","3":"status-publish","4":"has-post-thumbnail","6":"product_cat-lebensmittelverpackungen","7":"product_cat-metzgerei-und-feinkostgeschaft","8":"product_cat-lebensmittelfolien","9":"product_cat-aluminiumfolien","11":"first","12":"instock","13":"taxable","14":"shipping-taxable","15":"purchasable","16":"product-type-simple"},"acf":[],"yoast_head":"<!-- This site is optimized with the Yoast SEO Premium plugin v26.6 (Yoast SEO v26.6) - https:\/\/yoast.com\/wordpress\/plugins\/seo\/ -->\n<title>Aluminium-Lebensmittelrolle 30 cm x 200 m in Box<\/title>\n<meta name=\"description\" content=\"Entdecken Sie unsere lebensmittelechte Aluminiumrolle 30 cm x 200 m in einer Spenderbox. Ideal zum Aufbewahren, Kochen und Sch\u00fctzen von Lebensmitteln.\" \/>\n<meta name=\"robots\" content=\"index, follow, max-snippet:-1, max-image-preview:large, max-video-preview:-1\" \/>\n<link rel=\"canonical\" href=\"https:\/\/www.csj-emballages.com\/de\/produit\/aluminiumfolie-fuer-lebensmittel-30-x-200-m-in-einer-spenderbox\/\" \/>\n<meta property=\"og:locale\" content=\"de_DE\" \/>\n<meta property=\"og:type\" content=\"article\" \/>\n<meta property=\"og:title\" content=\"Lebensmitteltaugliche Aluminiumrolle 30 cm x 200 m in einer Schachtel\" \/>\n<meta property=\"og:description\" content=\"Entdecken Sie unsere lebensmittelechte Aluminiumrolle 30 cm x 200 m in einer Spenderbox. Ideal zum Aufbewahren, Kochen und Sch\u00fctzen von Lebensmitteln.\" \/>\n<meta property=\"og:url\" content=\"https:\/\/www.csj-emballages.com\/de\/produit\/aluminiumfolie-fuer-lebensmittel-30-x-200-m-in-einer-spenderbox\/\" \/>\n<meta property=\"og:site_name\" content=\"CSJ Emballages\" \/>\n<meta property=\"article:publisher\" content=\"https:\/\/www.facebook.com\/csjemballages\" \/>\n<meta property=\"article:modified_time\" content=\"2026-04-30T08:00:29+00:00\" \/>\n<meta property=\"og:image\" content=\"https:\/\/www.csj-emballages.com\/wp-content\/uploads\/2024\/03\/AL30B.webp\" \/>\n\t<meta property=\"og:image:width\" content=\"800\" \/>\n\t<meta property=\"og:image:height\" content=\"800\" \/>\n\t<meta property=\"og:image:type\" content=\"image\/webp\" \/>\n<meta name=\"twitter:card\" content=\"summary_large_image\" \/>\n<meta name=\"twitter:label1\" content=\"Gesch\u00e4tzte Lesezeit\" \/>\n\t<meta name=\"twitter:data1\" content=\"1\u00a0Minute\" \/>\n<script type=\"application\/ld+json\" class=\"yoast-schema-graph\">{\"@context\":\"https:\/\/schema.org\",\"@graph\":[{\"@type\":\"WebPage\",\"@id\":\"https:\/\/www.csj-emballages.com\/de\/produit\/aluminiumfolie-fuer-lebensmittel-30-x-200-m-in-einer-spenderbox\/\",\"url\":\"https:\/\/www.csj-emballages.com\/de\/produit\/aluminiumfolie-fuer-lebensmittel-30-x-200-m-in-einer-spenderbox\/\",\"name\":\"Aluminium-Lebensmittelrolle 30 cm x 200 m in Box\",\"isPartOf\":{\"@id\":\"https:\/\/www.csj-emballages.com\/de\/#website\"},\"primaryImageOfPage\":{\"@id\":\"https:\/\/www.csj-emballages.com\/de\/produit\/aluminiumfolie-fuer-lebensmittel-30-x-200-m-in-einer-spenderbox\/#primaryimage\"},\"image\":{\"@id\":\"https:\/\/www.csj-emballages.com\/de\/produit\/aluminiumfolie-fuer-lebensmittel-30-x-200-m-in-einer-spenderbox\/#primaryimage\"},\"thumbnailUrl\":\"https:\/\/www.csj-emballages.com\/wp-content\/uploads\/2024\/03\/AL30B.webp\",\"datePublished\":\"2024-03-01T15:57:36+00:00\",\"dateModified\":\"2026-04-30T08:00:29+00:00\",\"description\":\"Entdecken Sie unsere lebensmittelechte Aluminiumrolle 30 cm x 200 m in einer Spenderbox. Ideal zum Aufbewahren, Kochen und Sch\u00fctzen von Lebensmitteln.\",\"breadcrumb\":{\"@id\":\"https:\/\/www.csj-emballages.com\/de\/produit\/aluminiumfolie-fuer-lebensmittel-30-x-200-m-in-einer-spenderbox\/#breadcrumb\"},\"inLanguage\":\"de\",\"potentialAction\":[{\"@type\":\"ReadAction\",\"target\":[\"https:\/\/www.csj-emballages.com\/de\/produit\/aluminiumfolie-fuer-lebensmittel-30-x-200-m-in-einer-spenderbox\/\"]}]},{\"@type\":\"ImageObject\",\"inLanguage\":\"de\",\"@id\":\"https:\/\/www.csj-emballages.com\/de\/produit\/aluminiumfolie-fuer-lebensmittel-30-x-200-m-in-einer-spenderbox\/#primaryimage\",\"url\":\"https:\/\/www.csj-emballages.com\/wp-content\/uploads\/2024\/03\/AL30B.webp\",\"contentUrl\":\"https:\/\/www.csj-emballages.com\/wp-content\/uploads\/2024\/03\/AL30B.webp\",\"width\":800,\"height\":800,\"caption\":\"Rouleau aluminium\"},{\"@type\":\"BreadcrumbList\",\"@id\":\"https:\/\/www.csj-emballages.com\/de\/produit\/aluminiumfolie-fuer-lebensmittel-30-x-200-m-in-einer-spenderbox\/#breadcrumb\",\"itemListElement\":[{\"@type\":\"ListItem\",\"position\":1,\"name\":\"Accueil\",\"item\":\"https:\/\/www.csj-emballages.com\/de\/universum-lebensmittelverpackungen\/\"},{\"@type\":\"ListItem\",\"position\":2,\"name\":\"Shop\",\"item\":\"https:\/\/www.csj-emballages.com\/shop\/\"},{\"@type\":\"ListItem\",\"position\":3,\"name\":\"Lebensmitteltaugliche Aluminiumrolle 30 cm x 200 m in einer Schachtel\"}]},{\"@type\":\"WebSite\",\"@id\":\"https:\/\/www.csj-emballages.com\/de\/#website\",\"url\":\"https:\/\/www.csj-emballages.com\/de\/\",\"name\":\"CSJ Emballages\",\"description\":\"\",\"publisher\":{\"@id\":\"https:\/\/www.csj-emballages.com\/de\/#organization\"},\"potentialAction\":[{\"@type\":\"SearchAction\",\"target\":{\"@type\":\"EntryPoint\",\"urlTemplate\":\"https:\/\/www.csj-emballages.com\/de\/?s={search_term_string}\"},\"query-input\":{\"@type\":\"PropertyValueSpecification\",\"valueRequired\":true,\"valueName\":\"search_term_string\"}}],\"inLanguage\":\"de\"},{\"@type\":\"Organization\",\"@id\":\"https:\/\/www.csj-emballages.com\/de\/#Organization\/\",\"name\":\"CSJ Emballages\",\"url\":\"https:\/\/www.csj-emballages.com\/de\/\",\"logo\":{\"@type\":\"ImageObject\",\"inLanguage\":\"de\",\"@id\":\"https:\/\/www.csj-emballages.com\/de\/#\/schema\/logo\/image\/\",\"url\":\"https:\/\/www.csj-emballages.com\/wp-content\/uploads\/2023\/10\/logo_csj.webp\",\"contentUrl\":\"https:\/\/www.csj-emballages.com\/wp-content\/uploads\/2023\/10\/logo_csj.webp\",\"width\":250,\"height\":95,\"caption\":\"CSJ Emballages\"},\"image\":{\"@id\":\"https:\/\/www.csj-emballages.com\/de\/#\/schema\/logo\/image\/\"},\"sameAs\":[\"https:\/\/www.facebook.com\/csjemballages\"],\"address\":{\"@type\":\"PostalAddress\",\"streetAddress\":\"ZI La Lechere\",\"addressLocality\":\"Patornay\",\"postalCode\":\"39130\",\"addressCountry\":\"FR\"},\"contactPoint\":[{\"@type\":\"ContactPoint\",\"contactType\":\"Service client\",\"telephone\":\"0384254272\",\"email\":\"contact@csj-emballages.com\"}]}]}<\/script>\n<!-- \/ Yoast SEO Premium plugin. -->","yoast_head_json":{"title":"Aluminium-Lebensmittelrolle 30 cm x 200 m in Box","description":"Entdecken Sie unsere lebensmittelechte Aluminiumrolle 30 cm x 200 m in einer Spenderbox. Ideal zum Aufbewahren, Kochen und Sch\u00fctzen von Lebensmitteln.","robots":{"index":"index","follow":"follow","max-snippet":"max-snippet:-1","max-image-preview":"max-image-preview:large","max-video-preview":"max-video-preview:-1"},"canonical":"https:\/\/www.csj-emballages.com\/de\/produit\/aluminiumfolie-fuer-lebensmittel-30-x-200-m-in-einer-spenderbox\/","og_locale":"de_DE","og_type":"article","og_title":"Lebensmitteltaugliche Aluminiumrolle 30 cm x 200 m in einer Schachtel","og_description":"Entdecken Sie unsere lebensmittelechte Aluminiumrolle 30 cm x 200 m in einer Spenderbox. Ideal zum Aufbewahren, Kochen und Sch\u00fctzen von Lebensmitteln.","og_url":"https:\/\/www.csj-emballages.com\/de\/produit\/aluminiumfolie-fuer-lebensmittel-30-x-200-m-in-einer-spenderbox\/","og_site_name":"CSJ Emballages","article_publisher":"https:\/\/www.facebook.com\/csjemballages","article_modified_time":"2026-04-30T08:00:29+00:00","og_image":[{"width":800,"height":800,"url":"https:\/\/www.csj-emballages.com\/wp-content\/uploads\/2024\/03\/AL30B.webp","type":"image\/webp"}],"twitter_card":"summary_large_image","twitter_misc":{"Gesch\u00e4tzte Lesezeit":"1\u00a0Minute"},"schema":{"@context":"https:\/\/schema.org","@graph":[{"@type":"WebPage","@id":"https:\/\/www.csj-emballages.com\/de\/produit\/aluminiumfolie-fuer-lebensmittel-30-x-200-m-in-einer-spenderbox\/","url":"https:\/\/www.csj-emballages.com\/de\/produit\/aluminiumfolie-fuer-lebensmittel-30-x-200-m-in-einer-spenderbox\/","name":"Aluminium-Lebensmittelrolle 30 cm x 200 m in Box","isPartOf":{"@id":"https:\/\/www.csj-emballages.com\/de\/#website"},"primaryImageOfPage":{"@id":"https:\/\/www.csj-emballages.com\/de\/produit\/aluminiumfolie-fuer-lebensmittel-30-x-200-m-in-einer-spenderbox\/#primaryimage"},"image":{"@id":"https:\/\/www.csj-emballages.com\/de\/produit\/aluminiumfolie-fuer-lebensmittel-30-x-200-m-in-einer-spenderbox\/#primaryimage"},"thumbnailUrl":"https:\/\/www.csj-emballages.com\/wp-content\/uploads\/2024\/03\/AL30B.webp","datePublished":"2024-03-01T15:57:36+00:00","dateModified":"2026-04-30T08:00:29+00:00","description":"Entdecken Sie unsere lebensmittelechte Aluminiumrolle 30 cm x 200 m in einer Spenderbox. Ideal zum Aufbewahren, Kochen und Sch\u00fctzen von Lebensmitteln.","breadcrumb":{"@id":"https:\/\/www.csj-emballages.com\/de\/produit\/aluminiumfolie-fuer-lebensmittel-30-x-200-m-in-einer-spenderbox\/#breadcrumb"},"inLanguage":"de","potentialAction":[{"@type":"ReadAction","target":["https:\/\/www.csj-emballages.com\/de\/produit\/aluminiumfolie-fuer-lebensmittel-30-x-200-m-in-einer-spenderbox\/"]}]},{"@type":"ImageObject","inLanguage":"de","@id":"https:\/\/www.csj-emballages.com\/de\/produit\/aluminiumfolie-fuer-lebensmittel-30-x-200-m-in-einer-spenderbox\/#primaryimage","url":"https:\/\/www.csj-emballages.com\/wp-content\/uploads\/2024\/03\/AL30B.webp","contentUrl":"https:\/\/www.csj-emballages.com\/wp-content\/uploads\/2024\/03\/AL30B.webp","width":800,"height":800,"caption":"Rouleau aluminium"},{"@type":"BreadcrumbList","@id":"https:\/\/www.csj-emballages.com\/de\/produit\/aluminiumfolie-fuer-lebensmittel-30-x-200-m-in-einer-spenderbox\/#breadcrumb","itemListElement":[{"@type":"ListItem","position":1,"name":"Accueil","item":"https:\/\/www.csj-emballages.com\/de\/universum-lebensmittelverpackungen\/"},{"@type":"ListItem","position":2,"name":"Shop","item":"https:\/\/www.csj-emballages.com\/shop\/"},{"@type":"ListItem","position":3,"name":"Lebensmitteltaugliche Aluminiumrolle 30 cm x 200 m in einer Schachtel"}]},{"@type":"WebSite","@id":"https:\/\/www.csj-emballages.com\/de\/#website","url":"https:\/\/www.csj-emballages.com\/de\/","name":"CSJ Emballages","description":"","publisher":{"@id":"https:\/\/www.csj-emballages.com\/de\/#organization"},"potentialAction":[{"@type":"SearchAction","target":{"@type":"EntryPoint","urlTemplate":"https:\/\/www.csj-emballages.com\/de\/?s={search_term_string}"},"query-input":{"@type":"PropertyValueSpecification","valueRequired":true,"valueName":"search_term_string"}}],"inLanguage":"de"},{"@type":"Organization","@id":"https:\/\/www.csj-emballages.com\/de\/#Organization\/","name":"CSJ Emballages","url":"https:\/\/www.csj-emballages.com\/de\/","logo":{"@type":"ImageObject","inLanguage":"de","@id":"https:\/\/www.csj-emballages.com\/de\/#\/schema\/logo\/image\/","url":"https:\/\/www.csj-emballages.com\/wp-content\/uploads\/2023\/10\/logo_csj.webp","contentUrl":"https:\/\/www.csj-emballages.com\/wp-content\/uploads\/2023\/10\/logo_csj.webp","width":250,"height":95,"caption":"CSJ Emballages"},"image":{"@id":"https:\/\/www.csj-emballages.com\/de\/#\/schema\/logo\/image\/"},"sameAs":["https:\/\/www.facebook.com\/csjemballages"],"address":{"@type":"PostalAddress","streetAddress":"ZI La Lechere","addressLocality":"Patornay","postalCode":"39130","addressCountry":"FR"},"contactPoint":[{"@type":"ContactPoint","contactType":"Service client","telephone":"0384254272","email":"contact@csj-emballages.com"}]}]}},"df_price":15.98,"df_sale_price":"","df_regular_price":15.98,"df_image_link":"https:\/\/www.csj-emballages.com\/wp-content\/uploads\/2024\/03\/AL30B-300x300.webp","tiered_pricing_type":"fixed","tiered_pricing_fixed_rules":[],"tiered_pricing_percentage_rules":[],"tiered_pricing_minimum":1,"tiered_pricing_roles_data":[],"_links":{"self":[{"href":"https:\/\/www.csj-emballages.com\/de\/wp-json\/wp\/v2\/product\/19051","targetHints":{"allow":["GET"]}}],"collection":[{"href":"https:\/\/www.csj-emballages.com\/de\/wp-json\/wp\/v2\/product"}],"about":[{"href":"https:\/\/www.csj-emballages.com\/de\/wp-json\/wp\/v2\/types\/product"}],"wp:featuredmedia":[{"embeddable":true,"href":"https:\/\/www.csj-emballages.com\/de\/wp-json\/wp\/v2\/media\/261516"}],"wp:attachment":[{"href":"https:\/\/www.csj-emballages.com\/de\/wp-json\/wp\/v2\/media?parent=19051"}],"wp:term":[{"taxonomy":"product_brand","embeddable":true,"href":"https:\/\/www.csj-emballages.com\/de\/wp-json\/wp\/v2\/product_brand?post=19051"},{"taxonomy":"product_cat","embeddable":true,"href":"https:\/\/www.csj-emballages.com\/de\/wp-json\/wp\/v2\/product_cat?post=19051"},{"taxonomy":"product_tag","embeddable":true,"href":"https:\/\/www.csj-emballages.com\/de\/wp-json\/wp\/v2\/product_tag?post=19051"}],"curies":[{"name":"wp","href":"https:\/\/api.w.org\/{rel}","templated":true}]}}