{"id":19040,"date":"2024-03-01T16:57:36","date_gmt":"2024-03-01T15:57:36","guid":{"rendered":"https:\/\/u15jnbdpoq.preview.infomaniak.website\/produit\/weisse-wuerfelbloecke-einseitig-beleimt-800-blatt-90-x-90-x-90-mm-elve\/"},"modified":"2026-04-30T02:10:48","modified_gmt":"2026-04-30T00:10:48","slug":"weisse-wuerfelbloecke-einseitig-beleimt-800-blatt-90-x-90-x-90-mm-elve","status":"publish","type":"product","link":"https:\/\/www.csj-emballages.com\/de\/produit\/weisse-wuerfelbloecke-einseitig-beleimt-800-blatt-90-x-90-x-90-mm-elve\/","title":{"rendered":"Wei\u00dfer W\u00fcrfelblock, einseitig geleimt, +\/- 800 Blatt, 90 x 90 x 90 mm, ELVE"},"content":{"rendered":"<h2>Garderobenblock<\/h2>\n<hr>\n<h3>Entdecken Sie unseren wei\u00dfen Garderobenblock, 50 perforierte Bl\u00e4tter, kartoniert, 30 x 200 mm<\/h3>\n<p><!--more--><\/p>\n<p data-start=\"254\" data-end=\"615\">Es gibt B\u00fcroartikel, die man benutzt, ohne dar\u00fcber nachzudenken&#8230; und doch m\u00f6chte man sie nicht mehr missen. Dieser <strong data-start=\"365\" data-end=\"389\">wei\u00dfe ELVE W\u00fcrfelblock<\/strong> geh\u00f6rt eindeutig dazu. Auf dem Schreibtisch, am Empfang oder neben dem Telefon wird er schnell zu einem allt\u00e4glichen Helfer. Eine Idee notieren, eine Nachricht hinterlassen, eine schnelle Erinnerung? Sie haben immer ein Blatt zur Hand.    <\/p>\n<p data-start=\"617\" data-end=\"958\">Mit seinen Ma\u00dfen von <strong data-start=\"637\" data-end=\"656\">90 x 90 x 90 mm<\/strong> enth\u00e4lt dieser <strong>kompakte W\u00fcrfel<\/strong> etwa <strong data-start=\"688\" data-end=\"705\">800 Blatt<\/strong> wei\u00dfes Papier. Das bedeutet, Sie sind f\u00fcr lange Zeit versorgt. Das <strong>Innenpapier<\/strong> mit <strong data-start=\"803\" data-end=\"814\">80 g\/m\u00b2<\/strong> erm\u00f6glicht ein fl\u00fcssiges und angenehmes Schreiben, ohne \u00fcberm\u00e4\u00dfige Durchsichtigkeit. Bleistift, Kugelschreiber oder Fineliner: alles gleitet nat\u00fcrlich, ohne zu verschmieren.   <\/p>\n<p data-start=\"960\" data-end=\"1208\">Dank seiner <strong>einseitigen Leimung<\/strong> bleiben die Bl\u00e4tter gut fixiert und lassen sich dennoch <strong>leicht abl\u00f6sen<\/strong>. Kein starkes Ziehen oder Zeitverlust n\u00f6tig. Man nimmt ein Blatt, schreibt und widmet sich dem n\u00e4chsten. Einfach, effizient, unkompliziert.   <\/p>\n<p data-start=\"1210\" data-end=\"1489\">Sein <strong>schlichtes, wei\u00dfes Design<\/strong> f\u00fcgt sich \u00fcberall ein. Ob im professionellen B\u00fcro, im Besprechungsraum oder am Empfangstresen \u2013 er bleibt diskret und ist dabei stets n\u00fctzlich. Hergestellt in Frankreich, setzt dieser <strong>ELVE W\u00fcrfelblock<\/strong> auf Qualit\u00e4t und Zuverl\u00e4ssigkeit, ohne dabei aufdringlich zu wirken.  <\/p>\n<p data-start=\"1491\" data-end=\"1629\">Zusammenfassend ist er ein unverzichtbarer Alltagshelfer, konzipiert f\u00fcr alle, die praktische, gut gemachte und stets griffbereite Dinge sch\u00e4tzen.<\/p>\n<p data-start=\"1554\" data-end=\"1652\"><!--more--><\/p>\n<h4 data-start=\"1554\" data-end=\"1652\">Vorteile :<\/h4>\n<ul>\n<li data-start=\"1657\" data-end=\"1715\">Ca. <strong>800 Blatt<\/strong> f\u00fcr eine lange Nutzungsdauer<\/li>\n<li data-start=\"1718\" data-end=\"1758\"><strong>Wei\u00dfes 80 g\/m\u00b2 Papier<\/strong>, angenehm zu beschreiben<\/li>\n<li data-start=\"1761\" data-end=\"1811\">Bl\u00e4tter dank der Leimung leicht abl\u00f6sbar<\/li>\n<li data-start=\"1814\" data-end=\"1861\">Kompaktes Format, stabil und stets zug\u00e4nglich<\/li>\n<li data-start=\"1864\" data-end=\"1901\">Franz\u00f6sische Herstellung \u2013 <strong>Marke ELVE<\/strong>.<\/li>\n<\/ul>\n<p>&nbsp;<\/p>\n<p><!--more--><\/p>\n<h4>Weitere Informationen :<\/h4>\n<ul>\n<li><strong>Verpackung<\/strong>: Einzeln<\/li>\n<li><strong>Ma\u00dfe<\/strong>: 90 x 90 x 90 mm<\/li>\n<li><strong>Modell<\/strong>: W\u00fcrfelblock<\/li>\n<li><strong>Papierfarbe<\/strong>: Wei\u00df<\/li>\n<li><strong>Grammatur<\/strong>: 80 g\/m\u00b2<\/li>\n<li><strong>Anzahl der Bl\u00e4tter<\/strong> : 800<\/li>\n<\/ul>\n<p><!--more--><\/p>\n<p>Entdecken Sie auch unseren Garderobenblock mit 50 Blatt: <span style=\"color: #d12727;\"><a style=\"color: #d12727;\" href=\"https:\/\/www.csj-emballages.com\/es\/produit\/almohadillas-blancas-para-vestuarios-50-hojas-de-carton-perforadora-30-x-200-mm\/\">26<\/a><\/span><\/p>\n<p>&nbsp;<\/p>\n<p><!--more--><\/p>\n<p><a href=\"https:\/\/www.csj-emballages.com\/de\/categorie-produit\/lebensmittelverpackungen\/boutique-und-geschaft\/briefpapier-und-kleinmaterial\/blocke\/\">Sehen Sie sich den Rest unseres Blocksortiments an<\/a><\/p>\n","protected":false},"excerpt":{"rendered":"<p>Garderobenblock Entdecken Sie unseren wei\u00dfen Garderobenblock, 50 perforierte Bl\u00e4tter, kartoniert, 30 x 200 mm<\/p>\n","protected":false},"featured_media":260397,"template":"","meta":{"_acf_changed":false},"product_brand":[],"product_cat":[1137,1487,1921,3972],"product_tag":[],"class_list":{"0":"post-19040","1":"product","2":"type-product","3":"status-publish","4":"has-post-thumbnail","6":"product_cat-lebensmittelverpackungen","7":"product_cat-boutique-und-geschaft","8":"product_cat-briefpapier-und-kleinmaterial","9":"product_cat-blocke","11":"first","12":"instock","13":"taxable","14":"shipping-taxable","15":"purchasable","16":"product-type-simple"},"acf":[],"yoast_head":"<!-- This site is optimized with the Yoast SEO Premium plugin v26.6 (Yoast SEO v26.6) - https:\/\/yoast.com\/wordpress\/plugins\/seo\/ -->\n<title>W\u00fcrfelblock, einseitig geleimt, +\/- 800 Blatt, 90 x 90 x 90 mm<\/title>\n<meta name=\"description\" content=\"Wei\u00dfer ELVE W\u00fcrfelblock 90x90x90 mm mit 800 Blatt 80 g\/m\u00b2 Papier. Praktisch, stabil und unverzichtbar f\u00fcr B\u00fcro und Empfang.\" \/>\n<meta name=\"robots\" content=\"index, follow, max-snippet:-1, max-image-preview:large, max-video-preview:-1\" \/>\n<link rel=\"canonical\" href=\"https:\/\/www.csj-emballages.com\/de\/produit\/weisse-wuerfelbloecke-einseitig-beleimt-800-blatt-90-x-90-x-90-mm-elve\/\" \/>\n<meta property=\"og:locale\" content=\"de_DE\" \/>\n<meta property=\"og:type\" content=\"article\" \/>\n<meta property=\"og:title\" content=\"Wei\u00dfer W\u00fcrfelblock, einseitig geleimt, +\/- 800 Blatt, 90 x 90 x 90 mm, ELVE\" \/>\n<meta property=\"og:description\" content=\"Wei\u00dfer ELVE W\u00fcrfelblock 90x90x90 mm mit 800 Blatt 80 g\/m\u00b2 Papier. Praktisch, stabil und unverzichtbar f\u00fcr B\u00fcro und Empfang.\" \/>\n<meta property=\"og:url\" content=\"https:\/\/www.csj-emballages.com\/de\/produit\/weisse-wuerfelbloecke-einseitig-beleimt-800-blatt-90-x-90-x-90-mm-elve\/\" \/>\n<meta property=\"og:site_name\" content=\"CSJ Emballages\" \/>\n<meta property=\"article:publisher\" content=\"https:\/\/www.facebook.com\/csjemballages\" \/>\n<meta property=\"article:modified_time\" content=\"2026-04-30T00:10:48+00:00\" \/>\n<meta property=\"og:image\" content=\"https:\/\/www.csj-emballages.com\/wp-content\/uploads\/2024\/03\/998.webp\" \/>\n\t<meta property=\"og:image:width\" content=\"800\" \/>\n\t<meta property=\"og:image:height\" content=\"800\" \/>\n\t<meta property=\"og:image:type\" content=\"image\/webp\" \/>\n<meta name=\"twitter:card\" content=\"summary_large_image\" \/>\n<meta name=\"twitter:label1\" content=\"Gesch\u00e4tzte Lesezeit\" \/>\n\t<meta name=\"twitter:data1\" content=\"2 Minuten\" \/>\n<script type=\"application\/ld+json\" class=\"yoast-schema-graph\">{\"@context\":\"https:\/\/schema.org\",\"@graph\":[{\"@type\":\"WebPage\",\"@id\":\"https:\/\/www.csj-emballages.com\/de\/produit\/weisse-wuerfelbloecke-einseitig-beleimt-800-blatt-90-x-90-x-90-mm-elve\/\",\"url\":\"https:\/\/www.csj-emballages.com\/de\/produit\/weisse-wuerfelbloecke-einseitig-beleimt-800-blatt-90-x-90-x-90-mm-elve\/\",\"name\":\"W\u00fcrfelblock, einseitig geleimt, +\/- 800 Blatt, 90 x 90 x 90 mm\",\"isPartOf\":{\"@id\":\"https:\/\/www.csj-emballages.com\/de\/#website\"},\"primaryImageOfPage\":{\"@id\":\"https:\/\/www.csj-emballages.com\/de\/produit\/weisse-wuerfelbloecke-einseitig-beleimt-800-blatt-90-x-90-x-90-mm-elve\/#primaryimage\"},\"image\":{\"@id\":\"https:\/\/www.csj-emballages.com\/de\/produit\/weisse-wuerfelbloecke-einseitig-beleimt-800-blatt-90-x-90-x-90-mm-elve\/#primaryimage\"},\"thumbnailUrl\":\"https:\/\/www.csj-emballages.com\/wp-content\/uploads\/2024\/03\/998.webp\",\"datePublished\":\"2024-03-01T15:57:36+00:00\",\"dateModified\":\"2026-04-30T00:10:48+00:00\",\"description\":\"Wei\u00dfer ELVE W\u00fcrfelblock 90x90x90 mm mit 800 Blatt 80 g\/m\u00b2 Papier. Praktisch, stabil und unverzichtbar f\u00fcr B\u00fcro und Empfang.\",\"breadcrumb\":{\"@id\":\"https:\/\/www.csj-emballages.com\/de\/produit\/weisse-wuerfelbloecke-einseitig-beleimt-800-blatt-90-x-90-x-90-mm-elve\/#breadcrumb\"},\"inLanguage\":\"de\",\"potentialAction\":[{\"@type\":\"ReadAction\",\"target\":[\"https:\/\/www.csj-emballages.com\/de\/produit\/weisse-wuerfelbloecke-einseitig-beleimt-800-blatt-90-x-90-x-90-mm-elve\/\"]}]},{\"@type\":\"ImageObject\",\"inLanguage\":\"de\",\"@id\":\"https:\/\/www.csj-emballages.com\/de\/produit\/weisse-wuerfelbloecke-einseitig-beleimt-800-blatt-90-x-90-x-90-mm-elve\/#primaryimage\",\"url\":\"https:\/\/www.csj-emballages.com\/wp-content\/uploads\/2024\/03\/998.webp\",\"contentUrl\":\"https:\/\/www.csj-emballages.com\/wp-content\/uploads\/2024\/03\/998.webp\",\"width\":800,\"height\":800,\"caption\":\"Bloc cube\"},{\"@type\":\"BreadcrumbList\",\"@id\":\"https:\/\/www.csj-emballages.com\/de\/produit\/weisse-wuerfelbloecke-einseitig-beleimt-800-blatt-90-x-90-x-90-mm-elve\/#breadcrumb\",\"itemListElement\":[{\"@type\":\"ListItem\",\"position\":1,\"name\":\"Accueil\",\"item\":\"https:\/\/www.csj-emballages.com\/de\/universum-lebensmittelverpackungen\/\"},{\"@type\":\"ListItem\",\"position\":2,\"name\":\"Shop\",\"item\":\"https:\/\/www.csj-emballages.com\/shop\/\"},{\"@type\":\"ListItem\",\"position\":3,\"name\":\"Wei\u00dfer W\u00fcrfelblock, einseitig geleimt, +\/- 800 Blatt, 90 x 90 x 90 mm, ELVE\"}]},{\"@type\":\"WebSite\",\"@id\":\"https:\/\/www.csj-emballages.com\/de\/#website\",\"url\":\"https:\/\/www.csj-emballages.com\/de\/\",\"name\":\"CSJ Emballages\",\"description\":\"\",\"publisher\":{\"@id\":\"https:\/\/www.csj-emballages.com\/de\/#organization\"},\"potentialAction\":[{\"@type\":\"SearchAction\",\"target\":{\"@type\":\"EntryPoint\",\"urlTemplate\":\"https:\/\/www.csj-emballages.com\/de\/?s={search_term_string}\"},\"query-input\":{\"@type\":\"PropertyValueSpecification\",\"valueRequired\":true,\"valueName\":\"search_term_string\"}}],\"inLanguage\":\"de\"},{\"@type\":\"Organization\",\"@id\":\"https:\/\/www.csj-emballages.com\/de\/#Organization\/\",\"name\":\"CSJ Emballages\",\"url\":\"https:\/\/www.csj-emballages.com\/de\/\",\"logo\":{\"@type\":\"ImageObject\",\"inLanguage\":\"de\",\"@id\":\"https:\/\/www.csj-emballages.com\/de\/#\/schema\/logo\/image\/\",\"url\":\"https:\/\/www.csj-emballages.com\/wp-content\/uploads\/2023\/10\/logo_csj.webp\",\"contentUrl\":\"https:\/\/www.csj-emballages.com\/wp-content\/uploads\/2023\/10\/logo_csj.webp\",\"width\":250,\"height\":95,\"caption\":\"CSJ Emballages\"},\"image\":{\"@id\":\"https:\/\/www.csj-emballages.com\/de\/#\/schema\/logo\/image\/\"},\"sameAs\":[\"https:\/\/www.facebook.com\/csjemballages\"],\"address\":{\"@type\":\"PostalAddress\",\"streetAddress\":\"ZI La Lechere\",\"addressLocality\":\"Patornay\",\"postalCode\":\"39130\",\"addressCountry\":\"FR\"},\"contactPoint\":[{\"@type\":\"ContactPoint\",\"contactType\":\"Service client\",\"telephone\":\"0384254272\",\"email\":\"contact@csj-emballages.com\"}]}]}<\/script>\n<!-- \/ Yoast SEO Premium plugin. -->","yoast_head_json":{"title":"W\u00fcrfelblock, einseitig geleimt, +\/- 800 Blatt, 90 x 90 x 90 mm","description":"Wei\u00dfer ELVE W\u00fcrfelblock 90x90x90 mm mit 800 Blatt 80 g\/m\u00b2 Papier. Praktisch, stabil und unverzichtbar f\u00fcr B\u00fcro und Empfang.","robots":{"index":"index","follow":"follow","max-snippet":"max-snippet:-1","max-image-preview":"max-image-preview:large","max-video-preview":"max-video-preview:-1"},"canonical":"https:\/\/www.csj-emballages.com\/de\/produit\/weisse-wuerfelbloecke-einseitig-beleimt-800-blatt-90-x-90-x-90-mm-elve\/","og_locale":"de_DE","og_type":"article","og_title":"Wei\u00dfer W\u00fcrfelblock, einseitig geleimt, +\/- 800 Blatt, 90 x 90 x 90 mm, ELVE","og_description":"Wei\u00dfer ELVE W\u00fcrfelblock 90x90x90 mm mit 800 Blatt 80 g\/m\u00b2 Papier. Praktisch, stabil und unverzichtbar f\u00fcr B\u00fcro und Empfang.","og_url":"https:\/\/www.csj-emballages.com\/de\/produit\/weisse-wuerfelbloecke-einseitig-beleimt-800-blatt-90-x-90-x-90-mm-elve\/","og_site_name":"CSJ Emballages","article_publisher":"https:\/\/www.facebook.com\/csjemballages","article_modified_time":"2026-04-30T00:10:48+00:00","og_image":[{"width":800,"height":800,"url":"https:\/\/www.csj-emballages.com\/wp-content\/uploads\/2024\/03\/998.webp","type":"image\/webp"}],"twitter_card":"summary_large_image","twitter_misc":{"Gesch\u00e4tzte Lesezeit":"2 Minuten"},"schema":{"@context":"https:\/\/schema.org","@graph":[{"@type":"WebPage","@id":"https:\/\/www.csj-emballages.com\/de\/produit\/weisse-wuerfelbloecke-einseitig-beleimt-800-blatt-90-x-90-x-90-mm-elve\/","url":"https:\/\/www.csj-emballages.com\/de\/produit\/weisse-wuerfelbloecke-einseitig-beleimt-800-blatt-90-x-90-x-90-mm-elve\/","name":"W\u00fcrfelblock, einseitig geleimt, +\/- 800 Blatt, 90 x 90 x 90 mm","isPartOf":{"@id":"https:\/\/www.csj-emballages.com\/de\/#website"},"primaryImageOfPage":{"@id":"https:\/\/www.csj-emballages.com\/de\/produit\/weisse-wuerfelbloecke-einseitig-beleimt-800-blatt-90-x-90-x-90-mm-elve\/#primaryimage"},"image":{"@id":"https:\/\/www.csj-emballages.com\/de\/produit\/weisse-wuerfelbloecke-einseitig-beleimt-800-blatt-90-x-90-x-90-mm-elve\/#primaryimage"},"thumbnailUrl":"https:\/\/www.csj-emballages.com\/wp-content\/uploads\/2024\/03\/998.webp","datePublished":"2024-03-01T15:57:36+00:00","dateModified":"2026-04-30T00:10:48+00:00","description":"Wei\u00dfer ELVE W\u00fcrfelblock 90x90x90 mm mit 800 Blatt 80 g\/m\u00b2 Papier. Praktisch, stabil und unverzichtbar f\u00fcr B\u00fcro und Empfang.","breadcrumb":{"@id":"https:\/\/www.csj-emballages.com\/de\/produit\/weisse-wuerfelbloecke-einseitig-beleimt-800-blatt-90-x-90-x-90-mm-elve\/#breadcrumb"},"inLanguage":"de","potentialAction":[{"@type":"ReadAction","target":["https:\/\/www.csj-emballages.com\/de\/produit\/weisse-wuerfelbloecke-einseitig-beleimt-800-blatt-90-x-90-x-90-mm-elve\/"]}]},{"@type":"ImageObject","inLanguage":"de","@id":"https:\/\/www.csj-emballages.com\/de\/produit\/weisse-wuerfelbloecke-einseitig-beleimt-800-blatt-90-x-90-x-90-mm-elve\/#primaryimage","url":"https:\/\/www.csj-emballages.com\/wp-content\/uploads\/2024\/03\/998.webp","contentUrl":"https:\/\/www.csj-emballages.com\/wp-content\/uploads\/2024\/03\/998.webp","width":800,"height":800,"caption":"Bloc cube"},{"@type":"BreadcrumbList","@id":"https:\/\/www.csj-emballages.com\/de\/produit\/weisse-wuerfelbloecke-einseitig-beleimt-800-blatt-90-x-90-x-90-mm-elve\/#breadcrumb","itemListElement":[{"@type":"ListItem","position":1,"name":"Accueil","item":"https:\/\/www.csj-emballages.com\/de\/universum-lebensmittelverpackungen\/"},{"@type":"ListItem","position":2,"name":"Shop","item":"https:\/\/www.csj-emballages.com\/shop\/"},{"@type":"ListItem","position":3,"name":"Wei\u00dfer W\u00fcrfelblock, einseitig geleimt, +\/- 800 Blatt, 90 x 90 x 90 mm, ELVE"}]},{"@type":"WebSite","@id":"https:\/\/www.csj-emballages.com\/de\/#website","url":"https:\/\/www.csj-emballages.com\/de\/","name":"CSJ Emballages","description":"","publisher":{"@id":"https:\/\/www.csj-emballages.com\/de\/#organization"},"potentialAction":[{"@type":"SearchAction","target":{"@type":"EntryPoint","urlTemplate":"https:\/\/www.csj-emballages.com\/de\/?s={search_term_string}"},"query-input":{"@type":"PropertyValueSpecification","valueRequired":true,"valueName":"search_term_string"}}],"inLanguage":"de"},{"@type":"Organization","@id":"https:\/\/www.csj-emballages.com\/de\/#Organization\/","name":"CSJ Emballages","url":"https:\/\/www.csj-emballages.com\/de\/","logo":{"@type":"ImageObject","inLanguage":"de","@id":"https:\/\/www.csj-emballages.com\/de\/#\/schema\/logo\/image\/","url":"https:\/\/www.csj-emballages.com\/wp-content\/uploads\/2023\/10\/logo_csj.webp","contentUrl":"https:\/\/www.csj-emballages.com\/wp-content\/uploads\/2023\/10\/logo_csj.webp","width":250,"height":95,"caption":"CSJ Emballages"},"image":{"@id":"https:\/\/www.csj-emballages.com\/de\/#\/schema\/logo\/image\/"},"sameAs":["https:\/\/www.facebook.com\/csjemballages"],"address":{"@type":"PostalAddress","streetAddress":"ZI La Lechere","addressLocality":"Patornay","postalCode":"39130","addressCountry":"FR"},"contactPoint":[{"@type":"ContactPoint","contactType":"Service client","telephone":"0384254272","email":"contact@csj-emballages.com"}]}]}},"df_price":5.12,"df_sale_price":"","df_regular_price":5.12,"df_image_link":"https:\/\/www.csj-emballages.com\/wp-content\/uploads\/2024\/03\/998-300x300.webp","tiered_pricing_type":"fixed","tiered_pricing_fixed_rules":[],"tiered_pricing_percentage_rules":[],"tiered_pricing_minimum":1,"tiered_pricing_roles_data":[],"_links":{"self":[{"href":"https:\/\/www.csj-emballages.com\/de\/wp-json\/wp\/v2\/product\/19040","targetHints":{"allow":["GET"]}}],"collection":[{"href":"https:\/\/www.csj-emballages.com\/de\/wp-json\/wp\/v2\/product"}],"about":[{"href":"https:\/\/www.csj-emballages.com\/de\/wp-json\/wp\/v2\/types\/product"}],"wp:featuredmedia":[{"embeddable":true,"href":"https:\/\/www.csj-emballages.com\/de\/wp-json\/wp\/v2\/media\/260397"}],"wp:attachment":[{"href":"https:\/\/www.csj-emballages.com\/de\/wp-json\/wp\/v2\/media?parent=19040"}],"wp:term":[{"taxonomy":"product_brand","embeddable":true,"href":"https:\/\/www.csj-emballages.com\/de\/wp-json\/wp\/v2\/product_brand?post=19040"},{"taxonomy":"product_cat","embeddable":true,"href":"https:\/\/www.csj-emballages.com\/de\/wp-json\/wp\/v2\/product_cat?post=19040"},{"taxonomy":"product_tag","embeddable":true,"href":"https:\/\/www.csj-emballages.com\/de\/wp-json\/wp\/v2\/product_tag?post=19040"}],"curies":[{"name":"wp","href":"https:\/\/api.w.org\/{rel}","templated":true}]}}