{"id":19037,"date":"2024-03-01T16:57:37","date_gmt":"2024-03-01T15:57:37","guid":{"rendered":"https:\/\/u15jnbdpoq.preview.infomaniak.website\/produit\/edelstahl-glasschaber-komplett-45-cm\/"},"modified":"2026-04-29T02:11:17","modified_gmt":"2026-04-29T00:11:17","slug":"edelstahl-glasschaber-komplett-45-cm","status":"publish","type":"product","link":"https:\/\/www.csj-emballages.com\/de\/produit\/edelstahl-glasschaber-komplett-45-cm\/","title":{"rendered":"Edelstahl-Wischerschiene + Gummilippe 45 cm"},"content":{"rendered":"<h2>Edelstahl-Wischerschiene<\/h2>\n<hr>\n<h3>Beschreibung unserer Edelstahlschiene + Dichtung 45 cm<!--more--><\/h3>\n<div class=\"flex max-w-full flex-col flex-grow\">\n<div class=\"min-h-8 text-message flex w-full flex-col items-end gap-2 whitespace-normal break-words text-start [.text-message+&amp;]:mt-5\" dir=\"auto\" data-message-author-role=\"assistant\" data-message-id=\"266ca6f3-5e07-4948-bd20-80ac5e6da4a5\" data-message-model-slug=\"gpt-4o\">\n<div class=\"flex w-full flex-col gap-1 empty:hidden first:pt-[3px]\">\n<div class=\"markdown prose w-full break-words dark:prose-invert dark\">\n<div class=\"flex flex-col text-sm pb-25\">\n<section class=\"text-token-text-primary w-full focus:outline-none [--shadow-height:45px] has-data-writing-block:pointer-events-none has-data-writing-block:-mt-(--shadow-height) has-data-writing-block:pt-(--shadow-height) [&amp;:has([data-writing-block])&gt;*]:pointer-events-auto scroll-mt-[calc(var(--header-height)+min(200px,max(70px,20svh)))]\" dir=\"auto\" data-turn-id=\"request-WEB:67525d36-0a4a-4013-a512-fbd33aadeaea-4\" data-testid=\"conversation-turn-8\" data-scroll-anchor=\"true\" data-turn=\"assistant\">\n<div class=\"text-base my-auto mx-auto pb-10 [--thread-content-margin:var(--thread-content-margin-xs,calc(var(--spacing)*4))] @w-sm\/main:[--thread-content-margin:var(--thread-content-margin-sm,calc(var(--spacing)*6))] @w-lg\/main:[--thread-content-margin:var(--thread-content-margin-lg,calc(var(--spacing)*16))] px-(--thread-content-margin)\">\n<div class=\"[--thread-content-max-width:40rem] @w-lg\/main:[--thread-content-max-width:48rem] mx-auto max-w-(--thread-content-max-width) flex-1 group\/turn-messages focus-visible:outline-hidden relative flex w-full min-w-0 flex-col agent-turn\">\n<div class=\"flex max-w-full flex-col gap-4 grow\">\n<div class=\"min-h-8 text-message relative flex w-full flex-col items-end gap-2 text-start break-words whitespace-normal outline-none keyboard-focused:focus-ring [.text-message+&amp;]:mt-1\" dir=\"auto\" tabindex=\"0\" data-message-author-role=\"assistant\" data-message-id=\"e667932f-a782-4721-be41-0f6fcfedb252\" data-message-model-slug=\"gpt-5-3\" data-turn-start-message=\"true\">\n<div class=\"flex w-full flex-col gap-1 empty:hidden\">\n<div class=\"markdown prose dark:prose-invert w-full wrap-break-word dark markdown-new-styling\">\n<p data-start=\"148\" data-end=\"406\">Diese f\u00fcr eine saubere und streifenfreie Reinigung entwickelte <strong>Edelstahl-Schiene<\/strong> h\u00e4lt die <strong>Gummilippe<\/strong> perfekt f\u00fcr einen gleichm\u00e4\u00dfigen Kontakt mit der Oberfl\u00e4che. Der <strong>Gummi gleitet<\/strong> m\u00fchelos \u00fcber das Glas und erm\u00f6glicht es, Wasser in einem einzigen Durchgang zu entfernen, ohne Spuren zu hinterlassen. <\/p>\n<p data-start=\"408\" data-end=\"640\">Die robuste und widerstandsf\u00e4hige Edelstahl-Schiene sorgt f\u00fcr eine lange Lebensdauer, selbst bei regelm\u00e4\u00dfiger Nutzung. Die <strong>Gummilippe<\/strong> ist flexibel sowie effizient und garantiert ein sauberes und schnelles Ergebnis, egal ob auf Fenstern, Spiegeln oder anderen glatten Oberfl\u00e4chen. <\/p>\n<p data-start=\"642\" data-end=\"729\" data-is-last-node=\"\" data-is-only-node=\"\">Ein einfaches und zuverl\u00e4ssiges Duo, unverzichtbar f\u00fcr t\u00e4glich makellose Fenster.<\/p>\n<\/div>\n<\/div>\n<\/div>\n<\/div>\n<div class=\"z-0 flex min-h-[46px] justify-start\"><\/div>\n<div class=\"mt-3 w-full empty:hidden\">\n<div class=\"text-center\"><\/div>\n<\/div>\n<\/div>\n<\/div>\n<\/section>\n<\/div>\n<\/div>\n<\/div>\n<\/div>\n<\/div>\n<p><!--more--><\/p>\n<p><strong><span style=\"color: #ff0000;\">*Der Griff ist separat erh\u00e4ltlich (siehe Link unten)<\/span><\/strong><\/p>\n<p><!--more--><\/p>\n<h4>Vorteile :<\/h4>\n<ul>\n<li>Entfernt effektiv Wasser, Staub und Verschmutzungen f\u00fcr makellose Oberfl\u00e4chen.<\/li>\n<li>Breite Klinge von 45 cm, die es erm\u00f6glicht, schnell gr\u00f6\u00dfere Fl\u00e4chen abzudecken.<\/li>\n<li>Hochwertige Edelstahlklinge, widerstandsf\u00e4hig gegen Verschlei\u00df und intensive Nutzungsbedingungen.<\/li>\n<li>Ideal f\u00fcr Fenster, Spiegel, Duschkabinen und andere Glasfl\u00e4chen.<\/li>\n<\/ul>\n<p>&nbsp;<\/p>\n<p><!--more--><\/p>\n<h4>Weitere Informationen :<\/h4>\n<ul>\n<li><strong>Verpackung<\/strong>: Einzeln verkauft<\/li>\n<li><strong>L\u00e4nge<\/strong>: 45 cm<\/li>\n<li><strong>Verwendung<\/strong>: Scheibe<\/li>\n<li><strong>Material<\/strong>: Edelstahl<\/li>\n<\/ul>\n<p>&nbsp;<\/p>\n<p><!--more--><\/p>\n<p>Produkt in mehreren Gr\u00f6\u00dfen erh\u00e4ltlich: <span style=\"color: #d12727;\"><a style=\"color: #d12727;\" href=\"https:\/\/www.csj-emballages.com\/es\/produit\/rascavidrios-completo-de-acero-inoxidable-25-cm\/\">25 cm<\/a><\/span> \/ <span style=\"color: #d12727;\"><a style=\"color: #d12727;\" href=\"https:\/\/www.csj-emballages.com\/produit\/raclette-vitre-inox-complete-35-cm\/\">35 cm<\/a><\/span><\/p>\n<p>&nbsp;<\/p>\n<p><!--more--><\/p>\n<p>Hier finden Sie den passenden Griff f\u00fcr diesen Edelstahl-Wischer: <span style=\"color: #d12727;\"><a style=\"color: #d12727;\" href=\"https:\/\/www.csj-emballages.com\/es\/produit\/mango-para-limpiacristales-25-35-45-cm\/\">8524<\/a><\/span><\/p>\n<p>&nbsp;<\/p>\n<p><!--more--><\/p>\n<p><a href=\"\/?product_cat=raclette\">Entdecken Sie unser restliches Sortiment an Fensterabziehern<\/a><\/p>\n","protected":false},"excerpt":{"rendered":"<p>Edelstahl-Wischerschiene Beschreibung unserer Edelstahlschiene + Dichtung 45 cm<\/p>\n","protected":false},"featured_media":221477,"template":"","meta":{"_acf_changed":false},"product_brand":[],"product_cat":[1218,1449,1837],"product_tag":[],"class_list":{"0":"post-19037","1":"product","2":"type-product","3":"status-publish","4":"has-post-thumbnail","6":"product_cat-hygiene-und-pflege","7":"product_cat-bursten-und-besen","8":"product_cat-raclette-de","10":"first","11":"outofstock","12":"taxable","13":"shipping-taxable","14":"purchasable","15":"product-type-simple"},"acf":[],"yoast_head":"<!-- This site is optimized with the Yoast SEO Premium plugin v26.6 (Yoast SEO v26.6) - https:\/\/yoast.com\/wordpress\/plugins\/seo\/ -->\n<title>Edelstahl-Fensterwischer mit Gummi 45 cm<\/title>\n<meta name=\"description\" content=\"Der Edelstahl-Fensterwischer mit Gummi 45 cm ist das perfekte Werkzeug f\u00fcr eine streifenfreie Reinigung von Glasfl\u00e4chen. Ideal f\u00fcr Berufst\u00e4tige und Privatpersonen.\" \/>\n<meta name=\"robots\" content=\"index, follow, max-snippet:-1, max-image-preview:large, max-video-preview:-1\" \/>\n<link rel=\"canonical\" href=\"https:\/\/www.csj-emballages.com\/de\/produit\/edelstahl-glasschaber-komplett-45-cm\/\" \/>\n<meta property=\"og:locale\" content=\"de_DE\" \/>\n<meta property=\"og:type\" content=\"article\" \/>\n<meta property=\"og:title\" content=\"Edelstahl-Wischerschiene + Gummilippe 45 cm\" \/>\n<meta property=\"og:description\" content=\"Der Edelstahl-Fensterwischer mit Gummi 45 cm ist das perfekte Werkzeug f\u00fcr eine streifenfreie Reinigung von Glasfl\u00e4chen. Ideal f\u00fcr Berufst\u00e4tige und Privatpersonen.\" \/>\n<meta property=\"og:url\" content=\"https:\/\/www.csj-emballages.com\/de\/produit\/edelstahl-glasschaber-komplett-45-cm\/\" \/>\n<meta property=\"og:site_name\" content=\"CSJ Emballages\" \/>\n<meta property=\"article:publisher\" content=\"https:\/\/www.facebook.com\/csjemballages\" \/>\n<meta property=\"article:modified_time\" content=\"2026-04-29T00:11:17+00:00\" \/>\n<meta property=\"og:image\" content=\"https:\/\/www.csj-emballages.com\/wp-content\/uploads\/2024\/03\/Raclette-inox-1.webp\" \/>\n\t<meta property=\"og:image:width\" content=\"800\" \/>\n\t<meta property=\"og:image:height\" content=\"799\" \/>\n\t<meta property=\"og:image:type\" content=\"image\/webp\" \/>\n<meta name=\"twitter:card\" content=\"summary_large_image\" \/>\n<meta name=\"twitter:label1\" content=\"Gesch\u00e4tzte Lesezeit\" \/>\n\t<meta name=\"twitter:data1\" content=\"1\u00a0Minute\" \/>\n<script type=\"application\/ld+json\" class=\"yoast-schema-graph\">{\"@context\":\"https:\/\/schema.org\",\"@graph\":[{\"@type\":\"WebPage\",\"@id\":\"https:\/\/www.csj-emballages.com\/de\/produit\/edelstahl-glasschaber-komplett-45-cm\/\",\"url\":\"https:\/\/www.csj-emballages.com\/de\/produit\/edelstahl-glasschaber-komplett-45-cm\/\",\"name\":\"Edelstahl-Fensterwischer mit Gummi 45 cm\",\"isPartOf\":{\"@id\":\"https:\/\/www.csj-emballages.com\/de\/#website\"},\"primaryImageOfPage\":{\"@id\":\"https:\/\/www.csj-emballages.com\/de\/produit\/edelstahl-glasschaber-komplett-45-cm\/#primaryimage\"},\"image\":{\"@id\":\"https:\/\/www.csj-emballages.com\/de\/produit\/edelstahl-glasschaber-komplett-45-cm\/#primaryimage\"},\"thumbnailUrl\":\"https:\/\/www.csj-emballages.com\/wp-content\/uploads\/2024\/03\/Raclette-inox-1.webp\",\"datePublished\":\"2024-03-01T15:57:37+00:00\",\"dateModified\":\"2026-04-29T00:11:17+00:00\",\"description\":\"Der Edelstahl-Fensterwischer mit Gummi 45 cm ist das perfekte Werkzeug f\u00fcr eine streifenfreie Reinigung von Glasfl\u00e4chen. Ideal f\u00fcr Berufst\u00e4tige und Privatpersonen.\",\"breadcrumb\":{\"@id\":\"https:\/\/www.csj-emballages.com\/de\/produit\/edelstahl-glasschaber-komplett-45-cm\/#breadcrumb\"},\"inLanguage\":\"de\",\"potentialAction\":[{\"@type\":\"ReadAction\",\"target\":[\"https:\/\/www.csj-emballages.com\/de\/produit\/edelstahl-glasschaber-komplett-45-cm\/\"]}]},{\"@type\":\"ImageObject\",\"inLanguage\":\"de\",\"@id\":\"https:\/\/www.csj-emballages.com\/de\/produit\/edelstahl-glasschaber-komplett-45-cm\/#primaryimage\",\"url\":\"https:\/\/www.csj-emballages.com\/wp-content\/uploads\/2024\/03\/Raclette-inox-1.webp\",\"contentUrl\":\"https:\/\/www.csj-emballages.com\/wp-content\/uploads\/2024\/03\/Raclette-inox-1.webp\",\"width\":800,\"height\":799,\"caption\":\"Raclette vitre inox\"},{\"@type\":\"BreadcrumbList\",\"@id\":\"https:\/\/www.csj-emballages.com\/de\/produit\/edelstahl-glasschaber-komplett-45-cm\/#breadcrumb\",\"itemListElement\":[{\"@type\":\"ListItem\",\"position\":1,\"name\":\"Accueil\",\"item\":\"https:\/\/www.csj-emballages.com\/de\/universum-lebensmittelverpackungen\/\"},{\"@type\":\"ListItem\",\"position\":2,\"name\":\"Shop\",\"item\":\"https:\/\/www.csj-emballages.com\/shop\/\"},{\"@type\":\"ListItem\",\"position\":3,\"name\":\"Edelstahl-Wischerschiene + Gummilippe 45 cm\"}]},{\"@type\":\"WebSite\",\"@id\":\"https:\/\/www.csj-emballages.com\/de\/#website\",\"url\":\"https:\/\/www.csj-emballages.com\/de\/\",\"name\":\"CSJ Emballages\",\"description\":\"\",\"publisher\":{\"@id\":\"https:\/\/www.csj-emballages.com\/de\/#organization\"},\"potentialAction\":[{\"@type\":\"SearchAction\",\"target\":{\"@type\":\"EntryPoint\",\"urlTemplate\":\"https:\/\/www.csj-emballages.com\/de\/?s={search_term_string}\"},\"query-input\":{\"@type\":\"PropertyValueSpecification\",\"valueRequired\":true,\"valueName\":\"search_term_string\"}}],\"inLanguage\":\"de\"},{\"@type\":\"Organization\",\"@id\":\"https:\/\/www.csj-emballages.com\/de\/#Organization\/\",\"name\":\"CSJ Emballages\",\"url\":\"https:\/\/www.csj-emballages.com\/de\/\",\"logo\":{\"@type\":\"ImageObject\",\"inLanguage\":\"de\",\"@id\":\"https:\/\/www.csj-emballages.com\/de\/#\/schema\/logo\/image\/\",\"url\":\"https:\/\/www.csj-emballages.com\/wp-content\/uploads\/2023\/10\/logo_csj.webp\",\"contentUrl\":\"https:\/\/www.csj-emballages.com\/wp-content\/uploads\/2023\/10\/logo_csj.webp\",\"width\":250,\"height\":95,\"caption\":\"CSJ Emballages\"},\"image\":{\"@id\":\"https:\/\/www.csj-emballages.com\/de\/#\/schema\/logo\/image\/\"},\"sameAs\":[\"https:\/\/www.facebook.com\/csjemballages\"],\"address\":{\"@type\":\"PostalAddress\",\"streetAddress\":\"ZI La Lechere\",\"addressLocality\":\"Patornay\",\"postalCode\":\"39130\",\"addressCountry\":\"FR\"},\"contactPoint\":[{\"@type\":\"ContactPoint\",\"contactType\":\"Service client\",\"telephone\":\"0384254272\",\"email\":\"contact@csj-emballages.com\"}]}]}<\/script>\n<!-- \/ Yoast SEO Premium plugin. -->","yoast_head_json":{"title":"Edelstahl-Fensterwischer mit Gummi 45 cm","description":"Der Edelstahl-Fensterwischer mit Gummi 45 cm ist das perfekte Werkzeug f\u00fcr eine streifenfreie Reinigung von Glasfl\u00e4chen. Ideal f\u00fcr Berufst\u00e4tige und Privatpersonen.","robots":{"index":"index","follow":"follow","max-snippet":"max-snippet:-1","max-image-preview":"max-image-preview:large","max-video-preview":"max-video-preview:-1"},"canonical":"https:\/\/www.csj-emballages.com\/de\/produit\/edelstahl-glasschaber-komplett-45-cm\/","og_locale":"de_DE","og_type":"article","og_title":"Edelstahl-Wischerschiene + Gummilippe 45 cm","og_description":"Der Edelstahl-Fensterwischer mit Gummi 45 cm ist das perfekte Werkzeug f\u00fcr eine streifenfreie Reinigung von Glasfl\u00e4chen. Ideal f\u00fcr Berufst\u00e4tige und Privatpersonen.","og_url":"https:\/\/www.csj-emballages.com\/de\/produit\/edelstahl-glasschaber-komplett-45-cm\/","og_site_name":"CSJ Emballages","article_publisher":"https:\/\/www.facebook.com\/csjemballages","article_modified_time":"2026-04-29T00:11:17+00:00","og_image":[{"width":800,"height":799,"url":"https:\/\/www.csj-emballages.com\/wp-content\/uploads\/2024\/03\/Raclette-inox-1.webp","type":"image\/webp"}],"twitter_card":"summary_large_image","twitter_misc":{"Gesch\u00e4tzte Lesezeit":"1\u00a0Minute"},"schema":{"@context":"https:\/\/schema.org","@graph":[{"@type":"WebPage","@id":"https:\/\/www.csj-emballages.com\/de\/produit\/edelstahl-glasschaber-komplett-45-cm\/","url":"https:\/\/www.csj-emballages.com\/de\/produit\/edelstahl-glasschaber-komplett-45-cm\/","name":"Edelstahl-Fensterwischer mit Gummi 45 cm","isPartOf":{"@id":"https:\/\/www.csj-emballages.com\/de\/#website"},"primaryImageOfPage":{"@id":"https:\/\/www.csj-emballages.com\/de\/produit\/edelstahl-glasschaber-komplett-45-cm\/#primaryimage"},"image":{"@id":"https:\/\/www.csj-emballages.com\/de\/produit\/edelstahl-glasschaber-komplett-45-cm\/#primaryimage"},"thumbnailUrl":"https:\/\/www.csj-emballages.com\/wp-content\/uploads\/2024\/03\/Raclette-inox-1.webp","datePublished":"2024-03-01T15:57:37+00:00","dateModified":"2026-04-29T00:11:17+00:00","description":"Der Edelstahl-Fensterwischer mit Gummi 45 cm ist das perfekte Werkzeug f\u00fcr eine streifenfreie Reinigung von Glasfl\u00e4chen. Ideal f\u00fcr Berufst\u00e4tige und Privatpersonen.","breadcrumb":{"@id":"https:\/\/www.csj-emballages.com\/de\/produit\/edelstahl-glasschaber-komplett-45-cm\/#breadcrumb"},"inLanguage":"de","potentialAction":[{"@type":"ReadAction","target":["https:\/\/www.csj-emballages.com\/de\/produit\/edelstahl-glasschaber-komplett-45-cm\/"]}]},{"@type":"ImageObject","inLanguage":"de","@id":"https:\/\/www.csj-emballages.com\/de\/produit\/edelstahl-glasschaber-komplett-45-cm\/#primaryimage","url":"https:\/\/www.csj-emballages.com\/wp-content\/uploads\/2024\/03\/Raclette-inox-1.webp","contentUrl":"https:\/\/www.csj-emballages.com\/wp-content\/uploads\/2024\/03\/Raclette-inox-1.webp","width":800,"height":799,"caption":"Raclette vitre inox"},{"@type":"BreadcrumbList","@id":"https:\/\/www.csj-emballages.com\/de\/produit\/edelstahl-glasschaber-komplett-45-cm\/#breadcrumb","itemListElement":[{"@type":"ListItem","position":1,"name":"Accueil","item":"https:\/\/www.csj-emballages.com\/de\/universum-lebensmittelverpackungen\/"},{"@type":"ListItem","position":2,"name":"Shop","item":"https:\/\/www.csj-emballages.com\/shop\/"},{"@type":"ListItem","position":3,"name":"Edelstahl-Wischerschiene + Gummilippe 45 cm"}]},{"@type":"WebSite","@id":"https:\/\/www.csj-emballages.com\/de\/#website","url":"https:\/\/www.csj-emballages.com\/de\/","name":"CSJ Emballages","description":"","publisher":{"@id":"https:\/\/www.csj-emballages.com\/de\/#organization"},"potentialAction":[{"@type":"SearchAction","target":{"@type":"EntryPoint","urlTemplate":"https:\/\/www.csj-emballages.com\/de\/?s={search_term_string}"},"query-input":{"@type":"PropertyValueSpecification","valueRequired":true,"valueName":"search_term_string"}}],"inLanguage":"de"},{"@type":"Organization","@id":"https:\/\/www.csj-emballages.com\/de\/#Organization\/","name":"CSJ Emballages","url":"https:\/\/www.csj-emballages.com\/de\/","logo":{"@type":"ImageObject","inLanguage":"de","@id":"https:\/\/www.csj-emballages.com\/de\/#\/schema\/logo\/image\/","url":"https:\/\/www.csj-emballages.com\/wp-content\/uploads\/2023\/10\/logo_csj.webp","contentUrl":"https:\/\/www.csj-emballages.com\/wp-content\/uploads\/2023\/10\/logo_csj.webp","width":250,"height":95,"caption":"CSJ Emballages"},"image":{"@id":"https:\/\/www.csj-emballages.com\/de\/#\/schema\/logo\/image\/"},"sameAs":["https:\/\/www.facebook.com\/csjemballages"],"address":{"@type":"PostalAddress","streetAddress":"ZI La Lechere","addressLocality":"Patornay","postalCode":"39130","addressCountry":"FR"},"contactPoint":[{"@type":"ContactPoint","contactType":"Service client","telephone":"0384254272","email":"contact@csj-emballages.com"}]}]}},"df_price":3.64,"df_sale_price":"","df_regular_price":3.64,"df_image_link":"https:\/\/www.csj-emballages.com\/wp-content\/uploads\/2024\/03\/Raclette-inox-1-300x300.webp","tiered_pricing_type":"fixed","tiered_pricing_fixed_rules":[],"tiered_pricing_percentage_rules":[],"tiered_pricing_minimum":1,"tiered_pricing_roles_data":[],"_links":{"self":[{"href":"https:\/\/www.csj-emballages.com\/de\/wp-json\/wp\/v2\/product\/19037","targetHints":{"allow":["GET"]}}],"collection":[{"href":"https:\/\/www.csj-emballages.com\/de\/wp-json\/wp\/v2\/product"}],"about":[{"href":"https:\/\/www.csj-emballages.com\/de\/wp-json\/wp\/v2\/types\/product"}],"wp:featuredmedia":[{"embeddable":true,"href":"https:\/\/www.csj-emballages.com\/de\/wp-json\/wp\/v2\/media\/221477"}],"wp:attachment":[{"href":"https:\/\/www.csj-emballages.com\/de\/wp-json\/wp\/v2\/media?parent=19037"}],"wp:term":[{"taxonomy":"product_brand","embeddable":true,"href":"https:\/\/www.csj-emballages.com\/de\/wp-json\/wp\/v2\/product_brand?post=19037"},{"taxonomy":"product_cat","embeddable":true,"href":"https:\/\/www.csj-emballages.com\/de\/wp-json\/wp\/v2\/product_cat?post=19037"},{"taxonomy":"product_tag","embeddable":true,"href":"https:\/\/www.csj-emballages.com\/de\/wp-json\/wp\/v2\/product_tag?post=19037"}],"curies":[{"name":"wp","href":"https:\/\/api.w.org\/{rel}","templated":true}]}}