{"id":19014,"date":"2024-03-01T16:57:37","date_gmt":"2024-03-01T15:57:37","guid":{"rendered":"https:\/\/u15jnbdpoq.preview.infomaniak.website\/produit\/handcreme-vanille-5-liter\/"},"modified":"2026-04-17T02:11:12","modified_gmt":"2026-04-17T00:11:12","slug":"handcreme-vanille-5-liter","status":"publish","type":"product","link":"https:\/\/www.csj-emballages.com\/de\/produit\/handcreme-vanille-5-liter\/","title":{"rendered":"Mandel Handwaschcreme 5 Liter"},"content":{"rendered":"<h2 class=\"p1\">Handwaschcreme<\/h2>\n<hr>\n<h3>Beschreibung unserer Handwaschcreme Mandel 5 Liter<\/h3>\n<p><!--more--><\/p>\n<p data-start=\"233\" data-end=\"563\">Die <strong>Lav\u2019Mains Handwaschcreme Mandel 5 Liter<\/strong> ist speziell f\u00fcr das <strong>h\u00e4ufige H\u00e4ndewaschen im professionellen Umfeld<\/strong> entwickelt. Dank ihrer milden Formel mit neutralem pH-Wert reinigt sie die Haut effektiv und bewahrt zugleich ihr nat\u00fcrliches Gleichgewicht \u2013 so werden Risiken von Trockenheit und Reizungen durch wiederholtes Waschen reduziert. <\/p>\n<p data-start=\"565\" data-end=\"815\">Dezent mit <strong>Mandel<\/strong> parf\u00fcmiert, hinterl\u00e4sst sie nach jeder Anwendung ein angenehmes Gef\u00fchl von Sauberkeit und Frische. Die cremige Textur l\u00e4sst sich leicht absp\u00fclen und hinterl\u00e4sst keinen Fettfilm \u2013 f\u00fcr optimalen Komfort im Alltag. <\/p>\n<p data-start=\"817\" data-end=\"1150\">Geeignet f\u00fcr anspruchsvolle Umgebungen wie Einrichtungen der Gemeinschaftsversorgung, <strong>Gesundheitseinrichtungen, Industrie, Handel oder B\u00fcros \u2013 die Lav\u2019Mains Handwaschcreme<\/strong> ist ideal f\u00fcr Fl\u00fcssigseifenspender. Das Gro\u00dfformat mit <strong>5 Litern<\/strong> erm\u00f6glicht eine wirtschaftliche, langfristige Nutzung \u2013 perfekt f\u00fcr stark frequentierte Bereiche. <\/p>\n<p data-start=\"1152\" data-end=\"1387\">Hergestellt in <strong>Frankreich<\/strong>, erf\u00fcllt diese <strong>Handwaschcreme<\/strong> die Qualit\u00e4ts- und Zuverl\u00e4ssigkeitsstandards, die Profis erwarten. Eine wirksame L\u00f6sung f\u00fcr optimale H\u00e4ndehygiene \u2013 bei gleichzeitigem Schutz der Haut. <\/p>\n<p data-start=\"1152\" data-end=\"1387\">\n<p><!--more--><\/p>\n<h4><strong>Vorteile :<\/strong><\/h4>\n<ul>\n<li data-start=\"1425\" data-end=\"1453\">Milde Formel mit <strong>neutralem pH-Wert<\/strong>.<\/li>\n<li data-start=\"1456\" data-end=\"1500\">Reinigt effektiv, ohne die Haut anzugreifen.<\/li>\n<li data-start=\"1503\" data-end=\"1541\">F\u00fcr h\u00e4ufiges H\u00e4ndewaschen geeignet.<\/li>\n<li data-start=\"1544\" data-end=\"1572\">Angenehmer <strong>Mandel<\/strong>duft.<\/li>\n<li data-start=\"1615\" data-end=\"1663\">Kompatibel mit Fl\u00fcssigseifenspendern.<\/li>\n<li data-start=\"1666\" data-end=\"1694\">Wirtschaftliches Format <strong>5 Liter<\/strong>.<\/li>\n<li data-start=\"1697\" data-end=\"1725\">Produkt hergestellt in Frankreich.<\/li>\n<\/ul>\n<p>&nbsp;<\/p>\n<p><!--more--><\/p>\n<h4>Weitere Informationen :<\/h4>\n<ul>\n<li><strong>Verpackung<\/strong>: Einzeln<\/li>\n<li><strong>Verwendung<\/strong>: Handwaschcreme<\/li>\n<li><strong>Farbe<\/strong>: Farblos<\/li>\n<li><strong>Dosis\/Pumpe <\/strong>: 2 ml<\/li>\n<li><strong>Volumen<\/strong>: 5 Liter<\/li>\n<li><strong>Duftnote<\/strong>: Mandel<\/li>\n<\/ul>\n<p>&nbsp;<\/p>\n<p><!--more--><\/p>\n<p>Hier finden Sie unsere 500ml Flasche mit Waschseife f\u00fcr empfindliche Haut: <span style=\"color: #d12727;\"><a style=\"color: #d12727;\" href=\"https:\/\/www.csj-emballages.com\/produit\/flacon-savon-lavant-peaux-sensibles-pompe-500ml\/\"><span style=\"color: #d12727;\">0397<\/span><\/a><\/span><\/p>\n<p>&nbsp;<\/p>\n<p><!--more--><\/p>\n<p><a href=\"https:\/\/www.csj-emballages.com\/de\/categorie-produit\/hygiene-und-pflege\/pflegeprodukte\/korperhygiene\/handseife\/\">Sehen Sie sich den Rest unseres Sortiments an Handseifen an<\/a><\/p>\n","protected":false},"excerpt":{"rendered":"<p>Handwaschcreme Beschreibung unserer Handwaschcreme Mandel 5 Liter<\/p>\n","protected":false},"featured_media":264238,"template":"","meta":{"_acf_changed":false},"product_brand":[],"product_cat":[1218,1219,1351,1352],"product_tag":[],"class_list":{"0":"post-19014","1":"product","2":"type-product","3":"status-publish","4":"has-post-thumbnail","6":"product_cat-hygiene-und-pflege","7":"product_cat-pflegeprodukte","8":"product_cat-korperhygiene","9":"product_cat-handseife","10":"product_shipping_class-verboten-in-staffeln","12":"first","13":"instock","14":"taxable","15":"shipping-taxable","16":"purchasable","17":"product-type-simple"},"acf":[],"yoast_head":"<!-- This site is optimized with the Yoast SEO Premium plugin v26.6 (Yoast SEO v26.6) - https:\/\/yoast.com\/wordpress\/plugins\/seo\/ -->\n<title>Mandel Handwaschcreme 5 Liter<\/title>\n<meta name=\"description\" content=\"Mandel Handwaschcreme 5 Liter, weich und duftend. Effektive Reinigung f\u00fcr den Beruf oder zu Hause. Ideal f\u00fcr den h\u00e4ufigen Gebrauch.\" \/>\n<meta name=\"robots\" content=\"index, follow, max-snippet:-1, max-image-preview:large, max-video-preview:-1\" \/>\n<link rel=\"canonical\" href=\"https:\/\/www.csj-emballages.com\/de\/produit\/handcreme-vanille-5-liter\/\" \/>\n<meta property=\"og:locale\" content=\"de_DE\" \/>\n<meta property=\"og:type\" content=\"article\" \/>\n<meta property=\"og:title\" content=\"Mandel Handwaschcreme 5 Liter\" \/>\n<meta property=\"og:description\" content=\"Mandel Handwaschcreme 5 Liter, weich und duftend. Effektive Reinigung f\u00fcr den Beruf oder zu Hause. Ideal f\u00fcr den h\u00e4ufigen Gebrauch.\" \/>\n<meta property=\"og:url\" content=\"https:\/\/www.csj-emballages.com\/de\/produit\/handcreme-vanille-5-liter\/\" \/>\n<meta property=\"og:site_name\" content=\"CSJ Emballages\" \/>\n<meta property=\"article:publisher\" content=\"https:\/\/www.facebook.com\/csjemballages\" \/>\n<meta property=\"article:modified_time\" content=\"2026-04-17T00:11:12+00:00\" \/>\n<meta property=\"og:image\" content=\"https:\/\/www.csj-emballages.com\/wp-content\/uploads\/2024\/03\/92025.webp\" \/>\n\t<meta property=\"og:image:width\" content=\"800\" \/>\n\t<meta property=\"og:image:height\" content=\"800\" \/>\n\t<meta property=\"og:image:type\" content=\"image\/webp\" \/>\n<meta name=\"twitter:card\" content=\"summary_large_image\" \/>\n<meta name=\"twitter:label1\" content=\"Gesch\u00e4tzte Lesezeit\" \/>\n\t<meta name=\"twitter:data1\" content=\"1\u00a0Minute\" \/>\n<script type=\"application\/ld+json\" class=\"yoast-schema-graph\">{\"@context\":\"https:\/\/schema.org\",\"@graph\":[{\"@type\":\"WebPage\",\"@id\":\"https:\/\/www.csj-emballages.com\/de\/produit\/handcreme-vanille-5-liter\/\",\"url\":\"https:\/\/www.csj-emballages.com\/de\/produit\/handcreme-vanille-5-liter\/\",\"name\":\"Mandel Handwaschcreme 5 Liter\",\"isPartOf\":{\"@id\":\"https:\/\/www.csj-emballages.com\/de\/#website\"},\"primaryImageOfPage\":{\"@id\":\"https:\/\/www.csj-emballages.com\/de\/produit\/handcreme-vanille-5-liter\/#primaryimage\"},\"image\":{\"@id\":\"https:\/\/www.csj-emballages.com\/de\/produit\/handcreme-vanille-5-liter\/#primaryimage\"},\"thumbnailUrl\":\"https:\/\/www.csj-emballages.com\/wp-content\/uploads\/2024\/03\/92025.webp\",\"datePublished\":\"2024-03-01T15:57:37+00:00\",\"dateModified\":\"2026-04-17T00:11:12+00:00\",\"description\":\"Mandel Handwaschcreme 5 Liter, weich und duftend. Effektive Reinigung f\u00fcr den Beruf oder zu Hause. Ideal f\u00fcr den h\u00e4ufigen Gebrauch.\",\"breadcrumb\":{\"@id\":\"https:\/\/www.csj-emballages.com\/de\/produit\/handcreme-vanille-5-liter\/#breadcrumb\"},\"inLanguage\":\"de\",\"potentialAction\":[{\"@type\":\"ReadAction\",\"target\":[\"https:\/\/www.csj-emballages.com\/de\/produit\/handcreme-vanille-5-liter\/\"]}]},{\"@type\":\"ImageObject\",\"inLanguage\":\"de\",\"@id\":\"https:\/\/www.csj-emballages.com\/de\/produit\/handcreme-vanille-5-liter\/#primaryimage\",\"url\":\"https:\/\/www.csj-emballages.com\/wp-content\/uploads\/2024\/03\/92025.webp\",\"contentUrl\":\"https:\/\/www.csj-emballages.com\/wp-content\/uploads\/2024\/03\/92025.webp\",\"width\":800,\"height\":800,\"caption\":\"Cr\u00e8me lavante mains\"},{\"@type\":\"BreadcrumbList\",\"@id\":\"https:\/\/www.csj-emballages.com\/de\/produit\/handcreme-vanille-5-liter\/#breadcrumb\",\"itemListElement\":[{\"@type\":\"ListItem\",\"position\":1,\"name\":\"Accueil\",\"item\":\"https:\/\/www.csj-emballages.com\/de\/universum-lebensmittelverpackungen\/\"},{\"@type\":\"ListItem\",\"position\":2,\"name\":\"Shop\",\"item\":\"https:\/\/www.csj-emballages.com\/shop\/\"},{\"@type\":\"ListItem\",\"position\":3,\"name\":\"Mandel Handwaschcreme 5 Liter\"}]},{\"@type\":\"WebSite\",\"@id\":\"https:\/\/www.csj-emballages.com\/de\/#website\",\"url\":\"https:\/\/www.csj-emballages.com\/de\/\",\"name\":\"CSJ Emballages\",\"description\":\"\",\"publisher\":{\"@id\":\"https:\/\/www.csj-emballages.com\/de\/#organization\"},\"potentialAction\":[{\"@type\":\"SearchAction\",\"target\":{\"@type\":\"EntryPoint\",\"urlTemplate\":\"https:\/\/www.csj-emballages.com\/de\/?s={search_term_string}\"},\"query-input\":{\"@type\":\"PropertyValueSpecification\",\"valueRequired\":true,\"valueName\":\"search_term_string\"}}],\"inLanguage\":\"de\"},{\"@type\":\"Organization\",\"@id\":\"https:\/\/www.csj-emballages.com\/de\/#Organization\/\",\"name\":\"CSJ Emballages\",\"url\":\"https:\/\/www.csj-emballages.com\/de\/\",\"logo\":{\"@type\":\"ImageObject\",\"inLanguage\":\"de\",\"@id\":\"https:\/\/www.csj-emballages.com\/de\/#\/schema\/logo\/image\/\",\"url\":\"https:\/\/www.csj-emballages.com\/wp-content\/uploads\/2023\/10\/logo_csj.webp\",\"contentUrl\":\"https:\/\/www.csj-emballages.com\/wp-content\/uploads\/2023\/10\/logo_csj.webp\",\"width\":250,\"height\":95,\"caption\":\"CSJ Emballages\"},\"image\":{\"@id\":\"https:\/\/www.csj-emballages.com\/de\/#\/schema\/logo\/image\/\"},\"sameAs\":[\"https:\/\/www.facebook.com\/csjemballages\"],\"address\":{\"@type\":\"PostalAddress\",\"streetAddress\":\"ZI La Lechere\",\"addressLocality\":\"Patornay\",\"postalCode\":\"39130\",\"addressCountry\":\"FR\"},\"contactPoint\":[{\"@type\":\"ContactPoint\",\"contactType\":\"Service client\",\"telephone\":\"0384254272\",\"email\":\"contact@csj-emballages.com\"}]}]}<\/script>\n<!-- \/ Yoast SEO Premium plugin. -->","yoast_head_json":{"title":"Mandel Handwaschcreme 5 Liter","description":"Mandel Handwaschcreme 5 Liter, weich und duftend. Effektive Reinigung f\u00fcr den Beruf oder zu Hause. Ideal f\u00fcr den h\u00e4ufigen Gebrauch.","robots":{"index":"index","follow":"follow","max-snippet":"max-snippet:-1","max-image-preview":"max-image-preview:large","max-video-preview":"max-video-preview:-1"},"canonical":"https:\/\/www.csj-emballages.com\/de\/produit\/handcreme-vanille-5-liter\/","og_locale":"de_DE","og_type":"article","og_title":"Mandel Handwaschcreme 5 Liter","og_description":"Mandel Handwaschcreme 5 Liter, weich und duftend. Effektive Reinigung f\u00fcr den Beruf oder zu Hause. Ideal f\u00fcr den h\u00e4ufigen Gebrauch.","og_url":"https:\/\/www.csj-emballages.com\/de\/produit\/handcreme-vanille-5-liter\/","og_site_name":"CSJ Emballages","article_publisher":"https:\/\/www.facebook.com\/csjemballages","article_modified_time":"2026-04-17T00:11:12+00:00","og_image":[{"width":800,"height":800,"url":"https:\/\/www.csj-emballages.com\/wp-content\/uploads\/2024\/03\/92025.webp","type":"image\/webp"}],"twitter_card":"summary_large_image","twitter_misc":{"Gesch\u00e4tzte Lesezeit":"1\u00a0Minute"},"schema":{"@context":"https:\/\/schema.org","@graph":[{"@type":"WebPage","@id":"https:\/\/www.csj-emballages.com\/de\/produit\/handcreme-vanille-5-liter\/","url":"https:\/\/www.csj-emballages.com\/de\/produit\/handcreme-vanille-5-liter\/","name":"Mandel Handwaschcreme 5 Liter","isPartOf":{"@id":"https:\/\/www.csj-emballages.com\/de\/#website"},"primaryImageOfPage":{"@id":"https:\/\/www.csj-emballages.com\/de\/produit\/handcreme-vanille-5-liter\/#primaryimage"},"image":{"@id":"https:\/\/www.csj-emballages.com\/de\/produit\/handcreme-vanille-5-liter\/#primaryimage"},"thumbnailUrl":"https:\/\/www.csj-emballages.com\/wp-content\/uploads\/2024\/03\/92025.webp","datePublished":"2024-03-01T15:57:37+00:00","dateModified":"2026-04-17T00:11:12+00:00","description":"Mandel Handwaschcreme 5 Liter, weich und duftend. Effektive Reinigung f\u00fcr den Beruf oder zu Hause. Ideal f\u00fcr den h\u00e4ufigen Gebrauch.","breadcrumb":{"@id":"https:\/\/www.csj-emballages.com\/de\/produit\/handcreme-vanille-5-liter\/#breadcrumb"},"inLanguage":"de","potentialAction":[{"@type":"ReadAction","target":["https:\/\/www.csj-emballages.com\/de\/produit\/handcreme-vanille-5-liter\/"]}]},{"@type":"ImageObject","inLanguage":"de","@id":"https:\/\/www.csj-emballages.com\/de\/produit\/handcreme-vanille-5-liter\/#primaryimage","url":"https:\/\/www.csj-emballages.com\/wp-content\/uploads\/2024\/03\/92025.webp","contentUrl":"https:\/\/www.csj-emballages.com\/wp-content\/uploads\/2024\/03\/92025.webp","width":800,"height":800,"caption":"Cr\u00e8me lavante mains"},{"@type":"BreadcrumbList","@id":"https:\/\/www.csj-emballages.com\/de\/produit\/handcreme-vanille-5-liter\/#breadcrumb","itemListElement":[{"@type":"ListItem","position":1,"name":"Accueil","item":"https:\/\/www.csj-emballages.com\/de\/universum-lebensmittelverpackungen\/"},{"@type":"ListItem","position":2,"name":"Shop","item":"https:\/\/www.csj-emballages.com\/shop\/"},{"@type":"ListItem","position":3,"name":"Mandel Handwaschcreme 5 Liter"}]},{"@type":"WebSite","@id":"https:\/\/www.csj-emballages.com\/de\/#website","url":"https:\/\/www.csj-emballages.com\/de\/","name":"CSJ Emballages","description":"","publisher":{"@id":"https:\/\/www.csj-emballages.com\/de\/#organization"},"potentialAction":[{"@type":"SearchAction","target":{"@type":"EntryPoint","urlTemplate":"https:\/\/www.csj-emballages.com\/de\/?s={search_term_string}"},"query-input":{"@type":"PropertyValueSpecification","valueRequired":true,"valueName":"search_term_string"}}],"inLanguage":"de"},{"@type":"Organization","@id":"https:\/\/www.csj-emballages.com\/de\/#Organization\/","name":"CSJ Emballages","url":"https:\/\/www.csj-emballages.com\/de\/","logo":{"@type":"ImageObject","inLanguage":"de","@id":"https:\/\/www.csj-emballages.com\/de\/#\/schema\/logo\/image\/","url":"https:\/\/www.csj-emballages.com\/wp-content\/uploads\/2023\/10\/logo_csj.webp","contentUrl":"https:\/\/www.csj-emballages.com\/wp-content\/uploads\/2023\/10\/logo_csj.webp","width":250,"height":95,"caption":"CSJ Emballages"},"image":{"@id":"https:\/\/www.csj-emballages.com\/de\/#\/schema\/logo\/image\/"},"sameAs":["https:\/\/www.facebook.com\/csjemballages"],"address":{"@type":"PostalAddress","streetAddress":"ZI La Lechere","addressLocality":"Patornay","postalCode":"39130","addressCountry":"FR"},"contactPoint":[{"@type":"ContactPoint","contactType":"Service client","telephone":"0384254272","email":"contact@csj-emballages.com"}]}]}},"df_price":6.79,"df_sale_price":"","df_regular_price":6.79,"df_image_link":"https:\/\/www.csj-emballages.com\/wp-content\/uploads\/2024\/03\/92025-300x300.webp","tiered_pricing_type":"fixed","tiered_pricing_fixed_rules":[],"tiered_pricing_percentage_rules":[],"tiered_pricing_minimum":1,"tiered_pricing_roles_data":[],"_links":{"self":[{"href":"https:\/\/www.csj-emballages.com\/de\/wp-json\/wp\/v2\/product\/19014","targetHints":{"allow":["GET"]}}],"collection":[{"href":"https:\/\/www.csj-emballages.com\/de\/wp-json\/wp\/v2\/product"}],"about":[{"href":"https:\/\/www.csj-emballages.com\/de\/wp-json\/wp\/v2\/types\/product"}],"wp:featuredmedia":[{"embeddable":true,"href":"https:\/\/www.csj-emballages.com\/de\/wp-json\/wp\/v2\/media\/264238"}],"wp:attachment":[{"href":"https:\/\/www.csj-emballages.com\/de\/wp-json\/wp\/v2\/media?parent=19014"}],"wp:term":[{"taxonomy":"product_brand","embeddable":true,"href":"https:\/\/www.csj-emballages.com\/de\/wp-json\/wp\/v2\/product_brand?post=19014"},{"taxonomy":"product_cat","embeddable":true,"href":"https:\/\/www.csj-emballages.com\/de\/wp-json\/wp\/v2\/product_cat?post=19014"},{"taxonomy":"product_tag","embeddable":true,"href":"https:\/\/www.csj-emballages.com\/de\/wp-json\/wp\/v2\/product_tag?post=19014"}],"curies":[{"name":"wp","href":"https:\/\/api.w.org\/{rel}","templated":true}]}}