{"id":19010,"date":"2024-03-01T16:57:36","date_gmt":"2024-03-01T15:57:36","guid":{"rendered":"https:\/\/u15jnbdpoq.preview.infomaniak.website\/produit\/100-aluminiumteller-mit-schnecke-147-o\/"},"modified":"2026-04-28T16:00:27","modified_gmt":"2026-04-28T14:00:27","slug":"100-aluminiumteller-mit-schnecke-147-o","status":"publish","type":"product","link":"https:\/\/www.csj-emballages.com\/de\/produit\/100-aluminiumteller-mit-schnecke-147-o\/","title":{"rendered":"Schneckenteller Aluminium \u00d8174 mm pro 100"},"content":{"rendered":"<h2 class=\"p1\">Schneckenpfanne<\/h2>\n<hr>\n<h3>Beschreibung von unserem Schneckenteller Aluminium \u00d8174 mm pro 100<\/h3>\n<p><!--more--><\/p>\n<p data-start=\"31\" data-end=\"357\">Die <strong data-start=\"33\" data-end=\"78\">Schneckenpfanne aus Aluminium \u00d8 174 mm<\/strong> ist ein Muss f\u00fcr Gastronomieprofis und Liebhaber der traditionellen K\u00fcche. Speziell f\u00fcr das Garen und Servieren von <strong>Schnecken<\/strong> entwickelt, erm\u00f6glicht sie dank ihrer angepassten Vertiefungen eine elegante Pr\u00e4sentation und einen optimalen Halt der Geh\u00e4use. <\/p>\n<p data-start=\"359\" data-end=\"629\">Die Herstellung aus leichtem und widerstandsf\u00e4higem <strong data-start=\"377\" data-end=\"409\">Aluminium<\/strong> garantiert eine exzellente W\u00e4rmeverteilung f\u00fcr gleichm\u00e4\u00dfiges Garen bei gleichzeitig hoher Benutzerfreundlichkeit. Verkauft im Set zu <strong data-start=\"648\" data-end=\"665\">100 Tellern<\/strong>, ist dieses Produkt ideal f\u00fcr Caterer, Gastronomen und Privatpersonen, die bei Gourmet-Mahlzeiten oder besonderen Anl\u00e4ssen einen gepflegten Service bieten m\u00f6chten. Zusammenfassend ist diese <strong>Schneckenpfanne<\/strong>, ob f\u00fcr den Einsatz in der Profik\u00fcche oder zu Hause, die perfekte L\u00f6sung, um Ihre Zubereitungen zu veredeln und Ihren G\u00e4sten ein authentisches und exquisites Erlebnis zu bieten.  <\/p>\n<h3 data-start=\"1166\" data-end=\"1187\"><\/h3>\n<p><!--more--><\/p>\n<h4>Ihre Vorteile :<\/h4>\n<ul>\n<li data-start=\"959\" data-end=\"1054\"><strong data-start=\"1190\" data-end=\"1209\">Praktisches Format<\/strong>: Durchmesser 174 mm, ideal f\u00fcr eine gut pr\u00e4sentierte Portion Schnecken.<\/li>\n<li data-start=\"959\" data-end=\"1054\"><strong data-start=\"1287\" data-end=\"1310\">Qualit\u00e4tsmaterial<\/strong>: Leichtes Aluminium, hitzebest\u00e4ndig und recycelbar.<\/li>\n<li data-start=\"959\" data-end=\"1054\"><strong data-start=\"1372\" data-end=\"1392\">Gleichm\u00e4\u00dfiges Garen<\/strong>: Hervorragende W\u00e4rmeverteilung f\u00fcr eine perfekte Zubereitung.<\/li>\n<li data-start=\"959\" data-end=\"1054\"><strong data-start=\"1463\" data-end=\"1508\" data-is-only-node=\"\">Professionelle und private Nutzung<\/strong>: Geeignet f\u00fcr Gastronomen, Caterer und Privatpersonen.<\/li>\n<li data-start=\"959\" data-end=\"1054\"><strong data-start=\"1671\" data-end=\"1695\">Verkauf pro 100 St\u00fcck<\/strong>: Perfekt f\u00fcr Gro\u00dfbestellungen und Veranstaltungen.<\/li>\n<\/ul>\n<p>&nbsp;<\/p>\n<p><!--more--><\/p>\n<h4>Weitere Informationen :<\/h4>\n<ul>\n<li><strong>Verpackung<\/strong>: Packung mit 100 St\u00fcck<\/li>\n<li><strong>Ma\u00dfe<\/strong>: \u00d8174 mm<\/li>\n<li><strong>Material<\/strong>: Aluminium<\/li>\n<li><strong>Anzahl der Vertiefungen<\/strong>: 12<\/li>\n<li><strong>Hohlma\u00df<\/strong>: \u00d822 mm<\/li>\n<li><strong>Gebrauchstemperatur<\/strong>: -20\u00b0C \/ +350\u00b0C<\/li>\n<\/ul>\n<p>&nbsp;<\/p>\n<p><!--more--><\/p>\n<p><a href=\"https:\/\/www.csj-emballages.com\/de\/categorie-produit\/lebensmittelverpackungen\/metzgerei-und-feinkostgeschaft\/schalen-dosen-und-glaser\/aluminiumschalen-schalen-formen-tabletts-becher-auflaufformen-tortenschalen\/aluminiumteller\/\">Entdecken Sie unser restliches Sortiment an Aluminiumverpackungen<\/a><\/p>\n","protected":false},"excerpt":{"rendered":"<p>Schneckenpfanne Beschreibung von unserem Schneckenteller Aluminium \u00d8174 mm pro 100<\/p>\n","protected":false},"featured_media":227483,"template":"","meta":{"_acf_changed":false},"product_brand":[],"product_cat":[1170,1997,1998],"product_tag":[],"class_list":{"0":"post-19010","1":"product","2":"type-product","3":"status-publish","4":"has-post-thumbnail","6":"product_cat-metzgerei-und-feinkostgeschaft","7":"product_cat-aluminiumschalen-schalen-formen-tabletts-becher-auflaufformen-tortenschalen","8":"product_cat-aluminiumteller","10":"first","11":"instock","12":"taxable","13":"shipping-taxable","14":"purchasable","15":"product-type-simple"},"acf":[],"yoast_head":"<!-- This site is optimized with the Yoast SEO Premium plugin v26.6 (Yoast SEO v26.6) - https:\/\/yoast.com\/wordpress\/plugins\/seo\/ -->\n<title>Schneckenteller Aluminium \u00d8174 mm pro 100<\/title>\n<meta name=\"description\" content=\"Entdecken Sie den Schneckenteller aus Aluminium \u00d8174 mm f\u00fcr perfektes Kochen und Servieren. Ideal f\u00fcr Caterer, Restaurants und Privathaushalte.\" \/>\n<meta name=\"robots\" content=\"index, follow, max-snippet:-1, max-image-preview:large, max-video-preview:-1\" \/>\n<link rel=\"canonical\" href=\"https:\/\/www.csj-emballages.com\/de\/produit\/100-aluminiumteller-mit-schnecke-147-o\/\" \/>\n<meta property=\"og:locale\" content=\"de_DE\" \/>\n<meta property=\"og:type\" content=\"article\" \/>\n<meta property=\"og:title\" content=\"Schneckenteller Aluminium \u00d8174 mm pro 100\" \/>\n<meta property=\"og:description\" content=\"Entdecken Sie den Schneckenteller aus Aluminium \u00d8174 mm f\u00fcr perfektes Kochen und Servieren. Ideal f\u00fcr Caterer, Restaurants und Privathaushalte.\" \/>\n<meta property=\"og:url\" content=\"https:\/\/www.csj-emballages.com\/de\/produit\/100-aluminiumteller-mit-schnecke-147-o\/\" \/>\n<meta property=\"og:site_name\" content=\"CSJ Emballages\" \/>\n<meta property=\"article:publisher\" content=\"https:\/\/www.facebook.com\/csjemballages\" \/>\n<meta property=\"article:modified_time\" content=\"2026-04-28T14:00:27+00:00\" \/>\n<meta property=\"og:image\" content=\"https:\/\/www.csj-emballages.com\/wp-content\/uploads\/2024\/03\/AA-170.webp\" \/>\n\t<meta property=\"og:image:width\" content=\"800\" \/>\n\t<meta property=\"og:image:height\" content=\"800\" \/>\n\t<meta property=\"og:image:type\" content=\"image\/webp\" \/>\n<meta name=\"twitter:card\" content=\"summary_large_image\" \/>\n<meta name=\"twitter:label1\" content=\"Gesch\u00e4tzte Lesezeit\" \/>\n\t<meta name=\"twitter:data1\" content=\"1\u00a0Minute\" \/>\n<script type=\"application\/ld+json\" class=\"yoast-schema-graph\">{\"@context\":\"https:\/\/schema.org\",\"@graph\":[{\"@type\":\"WebPage\",\"@id\":\"https:\/\/www.csj-emballages.com\/de\/produit\/100-aluminiumteller-mit-schnecke-147-o\/\",\"url\":\"https:\/\/www.csj-emballages.com\/de\/produit\/100-aluminiumteller-mit-schnecke-147-o\/\",\"name\":\"Schneckenteller Aluminium \u00d8174 mm pro 100\",\"isPartOf\":{\"@id\":\"https:\/\/www.csj-emballages.com\/de\/#website\"},\"primaryImageOfPage\":{\"@id\":\"https:\/\/www.csj-emballages.com\/de\/produit\/100-aluminiumteller-mit-schnecke-147-o\/#primaryimage\"},\"image\":{\"@id\":\"https:\/\/www.csj-emballages.com\/de\/produit\/100-aluminiumteller-mit-schnecke-147-o\/#primaryimage\"},\"thumbnailUrl\":\"https:\/\/www.csj-emballages.com\/wp-content\/uploads\/2024\/03\/AA-170.webp\",\"datePublished\":\"2024-03-01T15:57:36+00:00\",\"dateModified\":\"2026-04-28T14:00:27+00:00\",\"description\":\"Entdecken Sie den Schneckenteller aus Aluminium \u00d8174 mm f\u00fcr perfektes Kochen und Servieren. Ideal f\u00fcr Caterer, Restaurants und Privathaushalte.\",\"breadcrumb\":{\"@id\":\"https:\/\/www.csj-emballages.com\/de\/produit\/100-aluminiumteller-mit-schnecke-147-o\/#breadcrumb\"},\"inLanguage\":\"de\",\"potentialAction\":[{\"@type\":\"ReadAction\",\"target\":[\"https:\/\/www.csj-emballages.com\/de\/produit\/100-aluminiumteller-mit-schnecke-147-o\/\"]}]},{\"@type\":\"ImageObject\",\"inLanguage\":\"de\",\"@id\":\"https:\/\/www.csj-emballages.com\/de\/produit\/100-aluminiumteller-mit-schnecke-147-o\/#primaryimage\",\"url\":\"https:\/\/www.csj-emballages.com\/wp-content\/uploads\/2024\/03\/AA-170.webp\",\"contentUrl\":\"https:\/\/www.csj-emballages.com\/wp-content\/uploads\/2024\/03\/AA-170.webp\",\"width\":800,\"height\":800,\"caption\":\"assiette \u00e0 escargots\"},{\"@type\":\"BreadcrumbList\",\"@id\":\"https:\/\/www.csj-emballages.com\/de\/produit\/100-aluminiumteller-mit-schnecke-147-o\/#breadcrumb\",\"itemListElement\":[{\"@type\":\"ListItem\",\"position\":1,\"name\":\"Accueil\",\"item\":\"https:\/\/www.csj-emballages.com\/de\/universum-lebensmittelverpackungen\/\"},{\"@type\":\"ListItem\",\"position\":2,\"name\":\"Shop\",\"item\":\"https:\/\/www.csj-emballages.com\/shop\/\"},{\"@type\":\"ListItem\",\"position\":3,\"name\":\"Schneckenteller Aluminium \u00d8174 mm pro 100\"}]},{\"@type\":\"WebSite\",\"@id\":\"https:\/\/www.csj-emballages.com\/de\/#website\",\"url\":\"https:\/\/www.csj-emballages.com\/de\/\",\"name\":\"CSJ Emballages\",\"description\":\"\",\"publisher\":{\"@id\":\"https:\/\/www.csj-emballages.com\/de\/#organization\"},\"potentialAction\":[{\"@type\":\"SearchAction\",\"target\":{\"@type\":\"EntryPoint\",\"urlTemplate\":\"https:\/\/www.csj-emballages.com\/de\/?s={search_term_string}\"},\"query-input\":{\"@type\":\"PropertyValueSpecification\",\"valueRequired\":true,\"valueName\":\"search_term_string\"}}],\"inLanguage\":\"de\"},{\"@type\":\"Organization\",\"@id\":\"https:\/\/www.csj-emballages.com\/de\/#Organization\/\",\"name\":\"CSJ Emballages\",\"url\":\"https:\/\/www.csj-emballages.com\/de\/\",\"logo\":{\"@type\":\"ImageObject\",\"inLanguage\":\"de\",\"@id\":\"https:\/\/www.csj-emballages.com\/de\/#\/schema\/logo\/image\/\",\"url\":\"https:\/\/www.csj-emballages.com\/wp-content\/uploads\/2023\/10\/logo_csj.webp\",\"contentUrl\":\"https:\/\/www.csj-emballages.com\/wp-content\/uploads\/2023\/10\/logo_csj.webp\",\"width\":250,\"height\":95,\"caption\":\"CSJ Emballages\"},\"image\":{\"@id\":\"https:\/\/www.csj-emballages.com\/de\/#\/schema\/logo\/image\/\"},\"sameAs\":[\"https:\/\/www.facebook.com\/csjemballages\"],\"address\":{\"@type\":\"PostalAddress\",\"streetAddress\":\"ZI La Lechere\",\"addressLocality\":\"Patornay\",\"postalCode\":\"39130\",\"addressCountry\":\"FR\"},\"contactPoint\":[{\"@type\":\"ContactPoint\",\"contactType\":\"Service client\",\"telephone\":\"0384254272\",\"email\":\"contact@csj-emballages.com\"}]}]}<\/script>\n<!-- \/ Yoast SEO Premium plugin. -->","yoast_head_json":{"title":"Schneckenteller Aluminium \u00d8174 mm pro 100","description":"Entdecken Sie den Schneckenteller aus Aluminium \u00d8174 mm f\u00fcr perfektes Kochen und Servieren. Ideal f\u00fcr Caterer, Restaurants und Privathaushalte.","robots":{"index":"index","follow":"follow","max-snippet":"max-snippet:-1","max-image-preview":"max-image-preview:large","max-video-preview":"max-video-preview:-1"},"canonical":"https:\/\/www.csj-emballages.com\/de\/produit\/100-aluminiumteller-mit-schnecke-147-o\/","og_locale":"de_DE","og_type":"article","og_title":"Schneckenteller Aluminium \u00d8174 mm pro 100","og_description":"Entdecken Sie den Schneckenteller aus Aluminium \u00d8174 mm f\u00fcr perfektes Kochen und Servieren. Ideal f\u00fcr Caterer, Restaurants und Privathaushalte.","og_url":"https:\/\/www.csj-emballages.com\/de\/produit\/100-aluminiumteller-mit-schnecke-147-o\/","og_site_name":"CSJ Emballages","article_publisher":"https:\/\/www.facebook.com\/csjemballages","article_modified_time":"2026-04-28T14:00:27+00:00","og_image":[{"width":800,"height":800,"url":"https:\/\/www.csj-emballages.com\/wp-content\/uploads\/2024\/03\/AA-170.webp","type":"image\/webp"}],"twitter_card":"summary_large_image","twitter_misc":{"Gesch\u00e4tzte Lesezeit":"1\u00a0Minute"},"schema":{"@context":"https:\/\/schema.org","@graph":[{"@type":"WebPage","@id":"https:\/\/www.csj-emballages.com\/de\/produit\/100-aluminiumteller-mit-schnecke-147-o\/","url":"https:\/\/www.csj-emballages.com\/de\/produit\/100-aluminiumteller-mit-schnecke-147-o\/","name":"Schneckenteller Aluminium \u00d8174 mm pro 100","isPartOf":{"@id":"https:\/\/www.csj-emballages.com\/de\/#website"},"primaryImageOfPage":{"@id":"https:\/\/www.csj-emballages.com\/de\/produit\/100-aluminiumteller-mit-schnecke-147-o\/#primaryimage"},"image":{"@id":"https:\/\/www.csj-emballages.com\/de\/produit\/100-aluminiumteller-mit-schnecke-147-o\/#primaryimage"},"thumbnailUrl":"https:\/\/www.csj-emballages.com\/wp-content\/uploads\/2024\/03\/AA-170.webp","datePublished":"2024-03-01T15:57:36+00:00","dateModified":"2026-04-28T14:00:27+00:00","description":"Entdecken Sie den Schneckenteller aus Aluminium \u00d8174 mm f\u00fcr perfektes Kochen und Servieren. Ideal f\u00fcr Caterer, Restaurants und Privathaushalte.","breadcrumb":{"@id":"https:\/\/www.csj-emballages.com\/de\/produit\/100-aluminiumteller-mit-schnecke-147-o\/#breadcrumb"},"inLanguage":"de","potentialAction":[{"@type":"ReadAction","target":["https:\/\/www.csj-emballages.com\/de\/produit\/100-aluminiumteller-mit-schnecke-147-o\/"]}]},{"@type":"ImageObject","inLanguage":"de","@id":"https:\/\/www.csj-emballages.com\/de\/produit\/100-aluminiumteller-mit-schnecke-147-o\/#primaryimage","url":"https:\/\/www.csj-emballages.com\/wp-content\/uploads\/2024\/03\/AA-170.webp","contentUrl":"https:\/\/www.csj-emballages.com\/wp-content\/uploads\/2024\/03\/AA-170.webp","width":800,"height":800,"caption":"assiette \u00e0 escargots"},{"@type":"BreadcrumbList","@id":"https:\/\/www.csj-emballages.com\/de\/produit\/100-aluminiumteller-mit-schnecke-147-o\/#breadcrumb","itemListElement":[{"@type":"ListItem","position":1,"name":"Accueil","item":"https:\/\/www.csj-emballages.com\/de\/universum-lebensmittelverpackungen\/"},{"@type":"ListItem","position":2,"name":"Shop","item":"https:\/\/www.csj-emballages.com\/shop\/"},{"@type":"ListItem","position":3,"name":"Schneckenteller Aluminium \u00d8174 mm pro 100"}]},{"@type":"WebSite","@id":"https:\/\/www.csj-emballages.com\/de\/#website","url":"https:\/\/www.csj-emballages.com\/de\/","name":"CSJ Emballages","description":"","publisher":{"@id":"https:\/\/www.csj-emballages.com\/de\/#organization"},"potentialAction":[{"@type":"SearchAction","target":{"@type":"EntryPoint","urlTemplate":"https:\/\/www.csj-emballages.com\/de\/?s={search_term_string}"},"query-input":{"@type":"PropertyValueSpecification","valueRequired":true,"valueName":"search_term_string"}}],"inLanguage":"de"},{"@type":"Organization","@id":"https:\/\/www.csj-emballages.com\/de\/#Organization\/","name":"CSJ Emballages","url":"https:\/\/www.csj-emballages.com\/de\/","logo":{"@type":"ImageObject","inLanguage":"de","@id":"https:\/\/www.csj-emballages.com\/de\/#\/schema\/logo\/image\/","url":"https:\/\/www.csj-emballages.com\/wp-content\/uploads\/2023\/10\/logo_csj.webp","contentUrl":"https:\/\/www.csj-emballages.com\/wp-content\/uploads\/2023\/10\/logo_csj.webp","width":250,"height":95,"caption":"CSJ Emballages"},"image":{"@id":"https:\/\/www.csj-emballages.com\/de\/#\/schema\/logo\/image\/"},"sameAs":["https:\/\/www.facebook.com\/csjemballages"],"address":{"@type":"PostalAddress","streetAddress":"ZI La Lechere","addressLocality":"Patornay","postalCode":"39130","addressCountry":"FR"},"contactPoint":[{"@type":"ContactPoint","contactType":"Service client","telephone":"0384254272","email":"contact@csj-emballages.com"}]}]}},"df_price":13.94,"df_sale_price":"","df_regular_price":13.94,"df_image_link":"https:\/\/www.csj-emballages.com\/wp-content\/uploads\/2024\/03\/AA-170-300x300.webp","tiered_pricing_type":"fixed","tiered_pricing_fixed_rules":[],"tiered_pricing_percentage_rules":[],"tiered_pricing_minimum":1,"tiered_pricing_roles_data":[],"_links":{"self":[{"href":"https:\/\/www.csj-emballages.com\/de\/wp-json\/wp\/v2\/product\/19010","targetHints":{"allow":["GET"]}}],"collection":[{"href":"https:\/\/www.csj-emballages.com\/de\/wp-json\/wp\/v2\/product"}],"about":[{"href":"https:\/\/www.csj-emballages.com\/de\/wp-json\/wp\/v2\/types\/product"}],"wp:featuredmedia":[{"embeddable":true,"href":"https:\/\/www.csj-emballages.com\/de\/wp-json\/wp\/v2\/media\/227483"}],"wp:attachment":[{"href":"https:\/\/www.csj-emballages.com\/de\/wp-json\/wp\/v2\/media?parent=19010"}],"wp:term":[{"taxonomy":"product_brand","embeddable":true,"href":"https:\/\/www.csj-emballages.com\/de\/wp-json\/wp\/v2\/product_brand?post=19010"},{"taxonomy":"product_cat","embeddable":true,"href":"https:\/\/www.csj-emballages.com\/de\/wp-json\/wp\/v2\/product_cat?post=19010"},{"taxonomy":"product_tag","embeddable":true,"href":"https:\/\/www.csj-emballages.com\/de\/wp-json\/wp\/v2\/product_tag?post=19010"}],"curies":[{"name":"wp","href":"https:\/\/api.w.org\/{rel}","templated":true}]}}