{"id":19000,"date":"2024-03-01T16:59:11","date_gmt":"2024-03-01T15:59:11","guid":{"rendered":"https:\/\/u15jnbdpoq.preview.infomaniak.website\/produit\/mietquittung-50-tripli-105-x-210-mm\/"},"modified":"2026-04-28T02:11:23","modified_gmt":"2026-04-28T00:11:23","slug":"mietquittung-50-tripli-105-x-210-mm","status":"publish","type":"product","link":"https:\/\/www.csj-emballages.com\/de\/produit\/mietquittung-50-tripli-105-x-210-mm\/","title":{"rendered":"Mietquittung 50 tripli 105 x 210 mm"},"content":{"rendered":"<h2>Mietquittung<\/h2>\n<hr>\n<h3>Entdecken Sie unsere Mietquittung 50 Tripli 105 x 210 mm<\/h3>\n<p><!--more--><\/p>\n<p data-start=\"267\" data-end=\"731\">Bei der Mietverwaltung sind Klarheit und Zuverl\u00e4ssigkeit unerl\u00e4sslich. Diese <strong data-start=\"346\" data-end=\"414\">selbstdurchschreibende Mietquittung im Block mit 50 dreifachen Bl\u00e4ttern<\/strong> erf\u00fcllt genau diese Anforderung. Ihr <strong data-start=\"457\" data-end=\"481\">Querformat 105 x 210 mm<\/strong> bietet eine komfortable Lesbarkeit und ausreichend Platz, um alle Informationen ohne Enge auszuf\u00fcllen. Jede Quittung liefert <strong data-start=\"628\" data-end=\"662\">ein Original und zwei Durchschl\u00e4ge<\/strong>, was die Nachverfolgung sowohl f\u00fcr den Vermieter als auch f\u00fcr den Mieter vereinfacht.   <\/p>\n<p data-start=\"733\" data-end=\"1077\">Dank des <strong>selbstdurchschreibenden<\/strong> Systems gen\u00fcgt ein einmaliges Ausf\u00fcllen. Sie sparen Zeit, vermeiden Abschreibfehler und erhalten perfekt identische Dokumente. Das <strong>wei\u00dfe Innenpapier<\/strong>, kombiniert mit einer ausgewogenen Qualit\u00e4t (<strong>56-53-57 g\/m\u00b2<\/strong>), gew\u00e4hrleistet eine gute Lesbarkeit und ist auch bei h\u00e4ufigem Gebrauch angenehm zu beschreiben.  <\/p>\n<p data-start=\"1079\" data-end=\"1391\">Ebenso erleichtert die klare und strukturierte Aufmachung das Ausf\u00fcllen. Die Felder sind klar definiert, wodurch jede Quittung auf den ersten Blick verst\u00e4ndlich ist. Der <strong>wei\u00dfe<\/strong> und <strong>gr\u00fcne Einband<\/strong> verleiht einen professionellen Touch, ohne k\u00fchl zu wirken, ideal f\u00fcr den regelm\u00e4\u00dfigen Einsatz im Mietbereich.  <\/p>\n<p data-start=\"1393\" data-end=\"1715\">Dieser <strong>Mietquittungsblock<\/strong> eignet sich sowohl f\u00fcr private Vermieter als auch f\u00fcr Immobilienagenturen oder Hausverwaltungen. Er erm\u00f6glicht eine saubere und organisierte Dokumentation jeder Zahlung, Monat f\u00fcr Monat. Und da er in Frankreich hergestellt wird, erf\u00fcllt er die Erwartungen derer, die ein zuverl\u00e4ssiges und gut durchdachtes Produkt suchen.  <\/p>\n<p data-start=\"1717\" data-end=\"1901\">Zusammenfassend kombiniert diese <strong>Mietquittung<\/strong> Benutzerfreundlichkeit, Effizienz und eine gepflegte Aufmachung. Ein unverzichtbares Hilfsmittel, um Mieten gelassen und unkompliziert zu verwalten. <\/p>\n<p data-start=\"1608\" data-end=\"1777\"><!--more--><\/p>\n<h4 data-start=\"1608\" data-end=\"1777\">Vorteile :<\/h4>\n<ul>\n<li data-start=\"1929\" data-end=\"1978\"><strong>Selbstdurchschreibender Block<\/strong> mit Original <strong>+ 2 Durchschl\u00e4gen.<\/strong><\/li>\n<li data-start=\"1981\" data-end=\"2014\">Klares und lesbares Querformat.<\/li>\n<li data-start=\"2017\" data-end=\"2060\"><strong>50 dreifache Bl\u00e4tter<\/strong> f\u00fcr eine dauerhafte Nachverfolgung.<\/li>\n<li data-start=\"2063\" data-end=\"2093\">Angenehm zu beschreibendes Papier.<\/li>\n<li data-start=\"2096\" data-end=\"2138\">Professionelle und praktische Aufmachung.<\/li>\n<li data-start=\"2141\" data-end=\"2164\">Franz\u00f6sische Herstellung.<\/li>\n<\/ul>\n<p>&nbsp;<\/p>\n<p><!--more--><\/p>\n<h4>Weitere Informationen :<\/h4>\n<ul>\n<li><strong>Verpackung<\/strong>: Einzeln<\/li>\n<li><strong>Ma\u00dfe<\/strong>: 105 x 210 mm<\/li>\n<li><strong>Modell<\/strong>: Mietquittung<\/li>\n<li><strong>Papierfarbe<\/strong>: Wei\u00df<\/li>\n<li><strong>Grammatur<\/strong>: 56-53-57 g\/m\u00b2<\/li>\n<li><strong>Anzahl der S\u00e4tze<\/strong>: 50 Tripli<\/li>\n<\/ul>\n<p>&nbsp;<\/p>\n<p><!--more--><\/p>\n<p><a href=\"https:\/\/www.csj-emballages.com\/de\/categorie-produit\/lebensmittelverpackungen\/boutique-und-geschaft\/briefpapier-und-kleinmaterial\/\">  Entdecken Sie unser weiteres Sortiment an Papier- und Kleinb\u00fcroartikeln  <\/a><\/p>\n","protected":false},"excerpt":{"rendered":"<p>Mietquittung Entdecken Sie unsere Mietquittung 50 Tripli 105 x 210 mm<\/p>\n","protected":false},"featured_media":260449,"template":"","meta":{"_acf_changed":false},"product_brand":[],"product_cat":[1487,1921,1924],"product_tag":[],"class_list":{"0":"post-19000","1":"product","2":"type-product","3":"status-publish","4":"has-post-thumbnail","6":"product_cat-boutique-und-geschaft","7":"product_cat-briefpapier-und-kleinmaterial","8":"product_cat-andere","10":"first","11":"instock","12":"taxable","13":"shipping-taxable","14":"purchasable","15":"product-type-simple"},"acf":[],"yoast_head":"<!-- This site is optimized with the Yoast SEO Premium plugin v26.6 (Yoast SEO v26.6) - https:\/\/yoast.com\/wordpress\/plugins\/seo\/ -->\n<title>Mietquittung 50 Tripli 105 x 210 mm<\/title>\n<meta name=\"description\" content=\"Selbstdurchschreibende Mietquittung 105x210 mm, Block mit 50 dreifachen S\u00e4tzen. Querformat, lesbar und praktisch f\u00fcr eine einfache und effiziente Mietverwaltung.\" \/>\n<meta name=\"robots\" content=\"index, follow, max-snippet:-1, max-image-preview:large, max-video-preview:-1\" \/>\n<link rel=\"canonical\" href=\"https:\/\/www.csj-emballages.com\/de\/produit\/mietquittung-50-tripli-105-x-210-mm\/\" \/>\n<meta property=\"og:locale\" content=\"de_DE\" \/>\n<meta property=\"og:type\" content=\"article\" \/>\n<meta property=\"og:title\" content=\"Mietquittung 50 tripli 105 x 210 mm\" \/>\n<meta property=\"og:description\" content=\"Selbstdurchschreibende Mietquittung 105x210 mm, Block mit 50 dreifachen S\u00e4tzen. Querformat, lesbar und praktisch f\u00fcr eine einfache und effiziente Mietverwaltung.\" \/>\n<meta property=\"og:url\" content=\"https:\/\/www.csj-emballages.com\/de\/produit\/mietquittung-50-tripli-105-x-210-mm\/\" \/>\n<meta property=\"og:site_name\" content=\"CSJ Emballages\" \/>\n<meta property=\"article:publisher\" content=\"https:\/\/www.facebook.com\/csjemballages\" \/>\n<meta property=\"article:modified_time\" content=\"2026-04-28T00:11:23+00:00\" \/>\n<meta property=\"og:image\" content=\"https:\/\/www.csj-emballages.com\/wp-content\/uploads\/2024\/03\/2307.webp\" \/>\n\t<meta property=\"og:image:width\" content=\"800\" \/>\n\t<meta property=\"og:image:height\" content=\"800\" \/>\n\t<meta property=\"og:image:type\" content=\"image\/webp\" \/>\n<meta name=\"twitter:card\" content=\"summary_large_image\" \/>\n<meta name=\"twitter:label1\" content=\"Gesch\u00e4tzte Lesezeit\" \/>\n\t<meta name=\"twitter:data1\" content=\"2 Minuten\" \/>\n<script type=\"application\/ld+json\" class=\"yoast-schema-graph\">{\"@context\":\"https:\/\/schema.org\",\"@graph\":[{\"@type\":\"WebPage\",\"@id\":\"https:\/\/www.csj-emballages.com\/de\/produit\/mietquittung-50-tripli-105-x-210-mm\/\",\"url\":\"https:\/\/www.csj-emballages.com\/de\/produit\/mietquittung-50-tripli-105-x-210-mm\/\",\"name\":\"Mietquittung 50 Tripli 105 x 210 mm\",\"isPartOf\":{\"@id\":\"https:\/\/www.csj-emballages.com\/de\/#website\"},\"primaryImageOfPage\":{\"@id\":\"https:\/\/www.csj-emballages.com\/de\/produit\/mietquittung-50-tripli-105-x-210-mm\/#primaryimage\"},\"image\":{\"@id\":\"https:\/\/www.csj-emballages.com\/de\/produit\/mietquittung-50-tripli-105-x-210-mm\/#primaryimage\"},\"thumbnailUrl\":\"https:\/\/www.csj-emballages.com\/wp-content\/uploads\/2024\/03\/2307.webp\",\"datePublished\":\"2024-03-01T15:59:11+00:00\",\"dateModified\":\"2026-04-28T00:11:23+00:00\",\"description\":\"Selbstdurchschreibende Mietquittung 105x210 mm, Block mit 50 dreifachen S\u00e4tzen. Querformat, lesbar und praktisch f\u00fcr eine einfache und effiziente Mietverwaltung.\",\"breadcrumb\":{\"@id\":\"https:\/\/www.csj-emballages.com\/de\/produit\/mietquittung-50-tripli-105-x-210-mm\/#breadcrumb\"},\"inLanguage\":\"de\",\"potentialAction\":[{\"@type\":\"ReadAction\",\"target\":[\"https:\/\/www.csj-emballages.com\/de\/produit\/mietquittung-50-tripli-105-x-210-mm\/\"]}]},{\"@type\":\"ImageObject\",\"inLanguage\":\"de\",\"@id\":\"https:\/\/www.csj-emballages.com\/de\/produit\/mietquittung-50-tripli-105-x-210-mm\/#primaryimage\",\"url\":\"https:\/\/www.csj-emballages.com\/wp-content\/uploads\/2024\/03\/2307.webp\",\"contentUrl\":\"https:\/\/www.csj-emballages.com\/wp-content\/uploads\/2024\/03\/2307.webp\",\"width\":800,\"height\":800,\"caption\":\"Quittance de loyer\"},{\"@type\":\"BreadcrumbList\",\"@id\":\"https:\/\/www.csj-emballages.com\/de\/produit\/mietquittung-50-tripli-105-x-210-mm\/#breadcrumb\",\"itemListElement\":[{\"@type\":\"ListItem\",\"position\":1,\"name\":\"Accueil\",\"item\":\"https:\/\/www.csj-emballages.com\/de\/universum-lebensmittelverpackungen\/\"},{\"@type\":\"ListItem\",\"position\":2,\"name\":\"Shop\",\"item\":\"https:\/\/www.csj-emballages.com\/shop\/\"},{\"@type\":\"ListItem\",\"position\":3,\"name\":\"Mietquittung 50 tripli 105 x 210 mm\"}]},{\"@type\":\"WebSite\",\"@id\":\"https:\/\/www.csj-emballages.com\/de\/#website\",\"url\":\"https:\/\/www.csj-emballages.com\/de\/\",\"name\":\"CSJ Emballages\",\"description\":\"\",\"publisher\":{\"@id\":\"https:\/\/www.csj-emballages.com\/de\/#organization\"},\"potentialAction\":[{\"@type\":\"SearchAction\",\"target\":{\"@type\":\"EntryPoint\",\"urlTemplate\":\"https:\/\/www.csj-emballages.com\/de\/?s={search_term_string}\"},\"query-input\":{\"@type\":\"PropertyValueSpecification\",\"valueRequired\":true,\"valueName\":\"search_term_string\"}}],\"inLanguage\":\"de\"},{\"@type\":\"Organization\",\"@id\":\"https:\/\/www.csj-emballages.com\/de\/#Organization\/\",\"name\":\"CSJ Emballages\",\"url\":\"https:\/\/www.csj-emballages.com\/de\/\",\"logo\":{\"@type\":\"ImageObject\",\"inLanguage\":\"de\",\"@id\":\"https:\/\/www.csj-emballages.com\/de\/#\/schema\/logo\/image\/\",\"url\":\"https:\/\/www.csj-emballages.com\/wp-content\/uploads\/2023\/10\/logo_csj.webp\",\"contentUrl\":\"https:\/\/www.csj-emballages.com\/wp-content\/uploads\/2023\/10\/logo_csj.webp\",\"width\":250,\"height\":95,\"caption\":\"CSJ Emballages\"},\"image\":{\"@id\":\"https:\/\/www.csj-emballages.com\/de\/#\/schema\/logo\/image\/\"},\"sameAs\":[\"https:\/\/www.facebook.com\/csjemballages\"],\"address\":{\"@type\":\"PostalAddress\",\"streetAddress\":\"ZI La Lechere\",\"addressLocality\":\"Patornay\",\"postalCode\":\"39130\",\"addressCountry\":\"FR\"},\"contactPoint\":[{\"@type\":\"ContactPoint\",\"contactType\":\"Service client\",\"telephone\":\"0384254272\",\"email\":\"contact@csj-emballages.com\"}]}]}<\/script>\n<!-- \/ Yoast SEO Premium plugin. -->","yoast_head_json":{"title":"Mietquittung 50 Tripli 105 x 210 mm","description":"Selbstdurchschreibende Mietquittung 105x210 mm, Block mit 50 dreifachen S\u00e4tzen. Querformat, lesbar und praktisch f\u00fcr eine einfache und effiziente Mietverwaltung.","robots":{"index":"index","follow":"follow","max-snippet":"max-snippet:-1","max-image-preview":"max-image-preview:large","max-video-preview":"max-video-preview:-1"},"canonical":"https:\/\/www.csj-emballages.com\/de\/produit\/mietquittung-50-tripli-105-x-210-mm\/","og_locale":"de_DE","og_type":"article","og_title":"Mietquittung 50 tripli 105 x 210 mm","og_description":"Selbstdurchschreibende Mietquittung 105x210 mm, Block mit 50 dreifachen S\u00e4tzen. Querformat, lesbar und praktisch f\u00fcr eine einfache und effiziente Mietverwaltung.","og_url":"https:\/\/www.csj-emballages.com\/de\/produit\/mietquittung-50-tripli-105-x-210-mm\/","og_site_name":"CSJ Emballages","article_publisher":"https:\/\/www.facebook.com\/csjemballages","article_modified_time":"2026-04-28T00:11:23+00:00","og_image":[{"width":800,"height":800,"url":"https:\/\/www.csj-emballages.com\/wp-content\/uploads\/2024\/03\/2307.webp","type":"image\/webp"}],"twitter_card":"summary_large_image","twitter_misc":{"Gesch\u00e4tzte Lesezeit":"2 Minuten"},"schema":{"@context":"https:\/\/schema.org","@graph":[{"@type":"WebPage","@id":"https:\/\/www.csj-emballages.com\/de\/produit\/mietquittung-50-tripli-105-x-210-mm\/","url":"https:\/\/www.csj-emballages.com\/de\/produit\/mietquittung-50-tripli-105-x-210-mm\/","name":"Mietquittung 50 Tripli 105 x 210 mm","isPartOf":{"@id":"https:\/\/www.csj-emballages.com\/de\/#website"},"primaryImageOfPage":{"@id":"https:\/\/www.csj-emballages.com\/de\/produit\/mietquittung-50-tripli-105-x-210-mm\/#primaryimage"},"image":{"@id":"https:\/\/www.csj-emballages.com\/de\/produit\/mietquittung-50-tripli-105-x-210-mm\/#primaryimage"},"thumbnailUrl":"https:\/\/www.csj-emballages.com\/wp-content\/uploads\/2024\/03\/2307.webp","datePublished":"2024-03-01T15:59:11+00:00","dateModified":"2026-04-28T00:11:23+00:00","description":"Selbstdurchschreibende Mietquittung 105x210 mm, Block mit 50 dreifachen S\u00e4tzen. Querformat, lesbar und praktisch f\u00fcr eine einfache und effiziente Mietverwaltung.","breadcrumb":{"@id":"https:\/\/www.csj-emballages.com\/de\/produit\/mietquittung-50-tripli-105-x-210-mm\/#breadcrumb"},"inLanguage":"de","potentialAction":[{"@type":"ReadAction","target":["https:\/\/www.csj-emballages.com\/de\/produit\/mietquittung-50-tripli-105-x-210-mm\/"]}]},{"@type":"ImageObject","inLanguage":"de","@id":"https:\/\/www.csj-emballages.com\/de\/produit\/mietquittung-50-tripli-105-x-210-mm\/#primaryimage","url":"https:\/\/www.csj-emballages.com\/wp-content\/uploads\/2024\/03\/2307.webp","contentUrl":"https:\/\/www.csj-emballages.com\/wp-content\/uploads\/2024\/03\/2307.webp","width":800,"height":800,"caption":"Quittance de loyer"},{"@type":"BreadcrumbList","@id":"https:\/\/www.csj-emballages.com\/de\/produit\/mietquittung-50-tripli-105-x-210-mm\/#breadcrumb","itemListElement":[{"@type":"ListItem","position":1,"name":"Accueil","item":"https:\/\/www.csj-emballages.com\/de\/universum-lebensmittelverpackungen\/"},{"@type":"ListItem","position":2,"name":"Shop","item":"https:\/\/www.csj-emballages.com\/shop\/"},{"@type":"ListItem","position":3,"name":"Mietquittung 50 tripli 105 x 210 mm"}]},{"@type":"WebSite","@id":"https:\/\/www.csj-emballages.com\/de\/#website","url":"https:\/\/www.csj-emballages.com\/de\/","name":"CSJ Emballages","description":"","publisher":{"@id":"https:\/\/www.csj-emballages.com\/de\/#organization"},"potentialAction":[{"@type":"SearchAction","target":{"@type":"EntryPoint","urlTemplate":"https:\/\/www.csj-emballages.com\/de\/?s={search_term_string}"},"query-input":{"@type":"PropertyValueSpecification","valueRequired":true,"valueName":"search_term_string"}}],"inLanguage":"de"},{"@type":"Organization","@id":"https:\/\/www.csj-emballages.com\/de\/#Organization\/","name":"CSJ Emballages","url":"https:\/\/www.csj-emballages.com\/de\/","logo":{"@type":"ImageObject","inLanguage":"de","@id":"https:\/\/www.csj-emballages.com\/de\/#\/schema\/logo\/image\/","url":"https:\/\/www.csj-emballages.com\/wp-content\/uploads\/2023\/10\/logo_csj.webp","contentUrl":"https:\/\/www.csj-emballages.com\/wp-content\/uploads\/2023\/10\/logo_csj.webp","width":250,"height":95,"caption":"CSJ Emballages"},"image":{"@id":"https:\/\/www.csj-emballages.com\/de\/#\/schema\/logo\/image\/"},"sameAs":["https:\/\/www.facebook.com\/csjemballages"],"address":{"@type":"PostalAddress","streetAddress":"ZI La Lechere","addressLocality":"Patornay","postalCode":"39130","addressCountry":"FR"},"contactPoint":[{"@type":"ContactPoint","contactType":"Service client","telephone":"0384254272","email":"contact@csj-emballages.com"}]}]}},"df_price":5.3,"df_sale_price":"","df_regular_price":5.3,"df_image_link":"https:\/\/www.csj-emballages.com\/wp-content\/uploads\/2024\/03\/2307-300x300.webp","tiered_pricing_type":"fixed","tiered_pricing_fixed_rules":[],"tiered_pricing_percentage_rules":[],"tiered_pricing_minimum":1,"tiered_pricing_roles_data":[],"_links":{"self":[{"href":"https:\/\/www.csj-emballages.com\/de\/wp-json\/wp\/v2\/product\/19000","targetHints":{"allow":["GET"]}}],"collection":[{"href":"https:\/\/www.csj-emballages.com\/de\/wp-json\/wp\/v2\/product"}],"about":[{"href":"https:\/\/www.csj-emballages.com\/de\/wp-json\/wp\/v2\/types\/product"}],"wp:featuredmedia":[{"embeddable":true,"href":"https:\/\/www.csj-emballages.com\/de\/wp-json\/wp\/v2\/media\/260449"}],"wp:attachment":[{"href":"https:\/\/www.csj-emballages.com\/de\/wp-json\/wp\/v2\/media?parent=19000"}],"wp:term":[{"taxonomy":"product_brand","embeddable":true,"href":"https:\/\/www.csj-emballages.com\/de\/wp-json\/wp\/v2\/product_brand?post=19000"},{"taxonomy":"product_cat","embeddable":true,"href":"https:\/\/www.csj-emballages.com\/de\/wp-json\/wp\/v2\/product_cat?post=19000"},{"taxonomy":"product_tag","embeddable":true,"href":"https:\/\/www.csj-emballages.com\/de\/wp-json\/wp\/v2\/product_tag?post=19000"}],"curies":[{"name":"wp","href":"https:\/\/api.w.org\/{rel}","templated":true}]}}