{"id":18993,"date":"2024-03-01T16:57:47","date_gmt":"2024-03-01T15:57:47","guid":{"rendered":"https:\/\/u15jnbdpoq.preview.infomaniak.website\/produit\/50-bedruckte-pappbecher-10-cl\/"},"modified":"2026-05-04T14:00:31","modified_gmt":"2026-05-04T12:00:31","slug":"50-bedruckte-pappbecher-10-cl","status":"publish","type":"product","link":"https:\/\/www.csj-emballages.com\/de\/produit\/50-bedruckte-pappbecher-10-cl\/","title":{"rendered":"Bedruckter Pappbecher 10 cl pro 50"},"content":{"rendered":"<h2>Pappbecher<\/h2>\n<hr>\n<h3>Beschreibung von unserem Bedruckter Pappbecher 10 cl pro 50<\/h3>\n<p><!--more--><\/p>\n<p data-start=\"218\" data-end=\"657\">Wenn Sie einen <strong>kleinen<\/strong>, praktischen <strong>Becher<\/strong> suchen, den Sie jeden Tag benutzen k\u00f6nnen, ist dieser <strong data-start=\"301\" data-end=\"333\">bedruckte Pappbecher 10 cl<\/strong> genau das Richtige f\u00fcr Sie. Er ist kompakt, leicht und h\u00fcbsch verziert und eignet sich perfekt f\u00fcr schnelle Pausen: einen Espresso vor der Arbeit, einen Kaffee, der bei einer Veranstaltung serviert wird, oder einen kleinen Tee, den man mit Kollegen teilt. Sein Fassungsverm\u00f6gen ist ideal f\u00fcr alle kurzen Hei\u00dfgetr\u00e4nke, ohne Verschwendung oder Exzesse.  <\/p>\n<p data-start=\"659\" data-end=\"1029\">Sein <strong>bedrucktes Design<\/strong> mit kleinen Illustrationen im &#8222;<strong>Coffee Break<\/strong>&#8222;-Stil verleiht ihm eine warme Note, die wirklich eine Abwechslung zum klassischen wei\u00dfen Becher darstellt. Nichts ist zu viel, sondern genau das Richtige f\u00fcr einen coolen Look, der sich gut in ein B\u00fcro, einen Stand oder ein Wartezimmer einf\u00fcgt. Dieses kleine visuelle Detail schafft eine freundlichere Atmosph\u00e4re, bleibt aber dennoch professionell.  <\/p>\n<p data-start=\"1031\" data-end=\"1475\">Ebenso sorgt der verwendete <strong>Karton<\/strong> f\u00fcr einen guten Halt in der Hand: keine W\u00e4nde, die aufweichen, keine unangenehmen Verbrennungen, wenn das Getr\u00e4nk sch\u00f6n hei\u00df ist. Man kann sie greifen, mit ihr herumlaufen, sogar ansto\u00dfen &#8211; sie bleibt bis zum letzten Schluck stabil. Und weil wir wissen, dass Sie die Dinge gerne einfach halten, werden diese Becher <strong data-start=\"1366\" data-end=\"1376\">in 50er-Packungen<\/strong> geliefert, so dass Sie den Verbrauch leicht verwalten k\u00f6nnen, ohne einen zu gro\u00dfen Vorrat zu haben.  <\/p>\n<p data-start=\"1477\" data-end=\"1760\">Egal, ob Sie in der Gastronomie, bei Veranstaltungen, in einem B\u00fcro oder in einem Empfangsbereich arbeiten, dieser Becher findet schnell seinen Platz. Er erleichtert das Servieren, h\u00e4lt die Pr\u00e4sentation sauber und hilft Ihnen, Ihren Kunden und Mitarbeitern einen angenehmen Moment zu bereiten. <\/p>\n<p><!--more--><\/p>\n<h4><strong>Vorteile :<\/strong><\/h4>\n<ul>\n<li data-start=\"1788\" data-end=\"1845\">Format <strong>10 cl<\/strong> perfekt f\u00fcr Espresso und kurze Getr\u00e4nke.<\/li>\n<li data-start=\"1848\" data-end=\"1905\">Sch\u00f6nes Druckdesign f\u00fcr eine gem\u00fctlichere Atmosph\u00e4re.<\/li>\n<li data-start=\"1908\" data-end=\"1943\">Stabiler Karton, der sich angenehm in der Hand h\u00e4lt.<\/li>\n<li data-start=\"1946\" data-end=\"1976\">Praktisches Set aus <strong>50 Bechern<\/strong>.<\/li>\n<li data-start=\"1979\" data-end=\"2027\">Ideal f\u00fcr B\u00fcros, Messen, Caf\u00e9s und Veranstaltungen.<\/li>\n<\/ul>\n<p>&nbsp;<\/p>\n<p><!--more--><\/p>\n<h4>Weitere Informationen :<\/h4>\n<ul>\n<li><strong>Verwendungstemperatur<\/strong>: -20\u00b0C \/ +100\u00b0C<\/li>\n<li>Enth\u00e4lt eine PE-Folie auf der Innenseite<\/li>\n<li><strong>Material<\/strong>: Karton<\/li>\n<li><strong>Volumen<\/strong>: 10 cl<\/li>\n<li><strong>Durchmesser unten<\/strong>: 45 mm<\/li>\n<li><strong>Durchmesser oben<\/strong>: 60 mm<\/li>\n<li><strong>H\u00f6he<\/strong>: 65 mm<\/li>\n<li><strong>Verpackung <\/strong>: Packung mit 50 Bechern<\/li>\n<li><strong>Farbe<\/strong>: Cipolinbeige<\/li>\n<\/ul>\n<p>&nbsp;<\/p>\n<p><!--more--><\/p>\n<p>Hier finden Sie die Deckel, die f\u00fcr diese Becher entwickelt wurden: <span style=\"color: #d12727;\"><a style=\"color: #d12727;\" href=\"https:\/\/www.csj-emballages.com\/produit\/50-couvercles-papier-pour-gobelets-10-cl-374bla-374k\/\">C374P<\/a><\/span><\/p>\n<p>&nbsp;<\/p>\n<p><!--more--><\/p>\n<p>Erh\u00e4ltlich in verschiedenen Gr\u00f6\u00dfen : <span style=\"color: #d12727;\"><a style=\"color: #d12727;\" href=\"https:\/\/www.csj-emballages.com\/produit\/50-gobelets-carton-imprimes-18-cl\/\">18 cl<\/a><\/span> \/ <span style=\"color: #d12727;\"><a style=\"color: #d12727;\" href=\"https:\/\/www.csj-emballages.com\/produit\/50-gobelets-carton-imprimes-24-cl\/\">24 cl<\/a><\/span><\/p>\n<p>&nbsp;<\/p>\n<p><!--more--><\/p>\n<p><a href=\"\/?product_cat=gobelets-gobelets-boissons-chaudes\">Sehen Sie sich den Rest unseres Sortiments an Pappbechern an<\/a><\/p>\n","protected":false},"excerpt":{"rendered":"<p>Pappbecher Beschreibung von unserem Bedruckter Pappbecher 10 cl pro 50<\/p>\n","protected":false},"featured_media":189298,"template":"","meta":{"_acf_changed":false},"product_brand":[],"product_cat":[1137,1134,1469,9244,9245],"product_tag":[],"class_list":{"0":"post-18993","1":"product","2":"type-product","3":"status-publish","4":"has-post-thumbnail","6":"product_cat-lebensmittelverpackungen","7":"product_cat-restauration-de","8":"product_cat-becher-glaser-eimer-flaschen","9":"product_cat-pappbecher","10":"product_cat-weise-becher","12":"first","13":"instock","14":"taxable","15":"shipping-taxable","16":"purchasable","17":"product-type-simple"},"acf":[],"yoast_head":"<!-- This site is optimized with the Yoast SEO Premium plugin v26.6 (Yoast SEO v26.6) - https:\/\/yoast.com\/wordpress\/plugins\/seo\/ -->\n<title>Bedruckter Pappbecher - 10 cl<\/title>\n<meta name=\"description\" content=\"Entdecken Sie unseren bedruckten Pappbecher f\u00fcr Hei\u00dfgetr\u00e4nke mit einem Fassungsverm\u00f6gen von 10 cl! Wir bieten Ihnen eine Packung mit 50 hochwertigen und widerstandsf\u00e4higen Bechern an.\" \/>\n<meta name=\"robots\" content=\"index, follow, max-snippet:-1, max-image-preview:large, max-video-preview:-1\" \/>\n<link rel=\"canonical\" href=\"https:\/\/www.csj-emballages.com\/de\/produit\/50-bedruckte-pappbecher-10-cl\/\" \/>\n<meta property=\"og:locale\" content=\"de_DE\" \/>\n<meta property=\"og:type\" content=\"article\" \/>\n<meta property=\"og:title\" content=\"Bedruckter Pappbecher 10 cl pro 50\" \/>\n<meta property=\"og:description\" content=\"Entdecken Sie unseren bedruckten Pappbecher f\u00fcr Hei\u00dfgetr\u00e4nke mit einem Fassungsverm\u00f6gen von 10 cl! Wir bieten Ihnen eine Packung mit 50 hochwertigen und widerstandsf\u00e4higen Bechern an.\" \/>\n<meta property=\"og:url\" content=\"https:\/\/www.csj-emballages.com\/de\/produit\/50-bedruckte-pappbecher-10-cl\/\" \/>\n<meta property=\"og:site_name\" content=\"CSJ Emballages\" \/>\n<meta property=\"article:publisher\" content=\"https:\/\/www.facebook.com\/csjemballages\" \/>\n<meta property=\"article:modified_time\" content=\"2026-05-04T12:00:31+00:00\" \/>\n<meta property=\"og:image\" content=\"https:\/\/www.csj-emballages.com\/wp-content\/uploads\/2024\/03\/374CS.webp\" \/>\n\t<meta property=\"og:image:width\" content=\"806\" \/>\n\t<meta property=\"og:image:height\" content=\"806\" \/>\n\t<meta property=\"og:image:type\" content=\"image\/webp\" \/>\n<meta name=\"twitter:card\" content=\"summary_large_image\" \/>\n<meta name=\"twitter:label1\" content=\"Gesch\u00e4tzte Lesezeit\" \/>\n\t<meta name=\"twitter:data1\" content=\"2 Minuten\" \/>\n<script type=\"application\/ld+json\" class=\"yoast-schema-graph\">{\"@context\":\"https:\/\/schema.org\",\"@graph\":[{\"@type\":\"WebPage\",\"@id\":\"https:\/\/www.csj-emballages.com\/de\/produit\/50-bedruckte-pappbecher-10-cl\/\",\"url\":\"https:\/\/www.csj-emballages.com\/de\/produit\/50-bedruckte-pappbecher-10-cl\/\",\"name\":\"Bedruckter Pappbecher - 10 cl\",\"isPartOf\":{\"@id\":\"https:\/\/www.csj-emballages.com\/de\/#website\"},\"primaryImageOfPage\":{\"@id\":\"https:\/\/www.csj-emballages.com\/de\/produit\/50-bedruckte-pappbecher-10-cl\/#primaryimage\"},\"image\":{\"@id\":\"https:\/\/www.csj-emballages.com\/de\/produit\/50-bedruckte-pappbecher-10-cl\/#primaryimage\"},\"thumbnailUrl\":\"https:\/\/www.csj-emballages.com\/wp-content\/uploads\/2024\/03\/374CS.webp\",\"datePublished\":\"2024-03-01T15:57:47+00:00\",\"dateModified\":\"2026-05-04T12:00:31+00:00\",\"description\":\"Entdecken Sie unseren bedruckten Pappbecher f\u00fcr Hei\u00dfgetr\u00e4nke mit einem Fassungsverm\u00f6gen von 10 cl! Wir bieten Ihnen eine Packung mit 50 hochwertigen und widerstandsf\u00e4higen Bechern an.\",\"breadcrumb\":{\"@id\":\"https:\/\/www.csj-emballages.com\/de\/produit\/50-bedruckte-pappbecher-10-cl\/#breadcrumb\"},\"inLanguage\":\"de\",\"potentialAction\":[{\"@type\":\"ReadAction\",\"target\":[\"https:\/\/www.csj-emballages.com\/de\/produit\/50-bedruckte-pappbecher-10-cl\/\"]}]},{\"@type\":\"ImageObject\",\"inLanguage\":\"de\",\"@id\":\"https:\/\/www.csj-emballages.com\/de\/produit\/50-bedruckte-pappbecher-10-cl\/#primaryimage\",\"url\":\"https:\/\/www.csj-emballages.com\/wp-content\/uploads\/2024\/03\/374CS.webp\",\"contentUrl\":\"https:\/\/www.csj-emballages.com\/wp-content\/uploads\/2024\/03\/374CS.webp\",\"width\":806,\"height\":806,\"caption\":\"gobelet carton\"},{\"@type\":\"BreadcrumbList\",\"@id\":\"https:\/\/www.csj-emballages.com\/de\/produit\/50-bedruckte-pappbecher-10-cl\/#breadcrumb\",\"itemListElement\":[{\"@type\":\"ListItem\",\"position\":1,\"name\":\"Accueil\",\"item\":\"https:\/\/www.csj-emballages.com\/de\/universum-lebensmittelverpackungen\/\"},{\"@type\":\"ListItem\",\"position\":2,\"name\":\"Shop\",\"item\":\"https:\/\/www.csj-emballages.com\/shop\/\"},{\"@type\":\"ListItem\",\"position\":3,\"name\":\"Bedruckter Pappbecher 10 cl pro 50\"}]},{\"@type\":\"WebSite\",\"@id\":\"https:\/\/www.csj-emballages.com\/de\/#website\",\"url\":\"https:\/\/www.csj-emballages.com\/de\/\",\"name\":\"CSJ Emballages\",\"description\":\"\",\"publisher\":{\"@id\":\"https:\/\/www.csj-emballages.com\/de\/#organization\"},\"potentialAction\":[{\"@type\":\"SearchAction\",\"target\":{\"@type\":\"EntryPoint\",\"urlTemplate\":\"https:\/\/www.csj-emballages.com\/de\/?s={search_term_string}\"},\"query-input\":{\"@type\":\"PropertyValueSpecification\",\"valueRequired\":true,\"valueName\":\"search_term_string\"}}],\"inLanguage\":\"de\"},{\"@type\":\"Organization\",\"@id\":\"https:\/\/www.csj-emballages.com\/de\/#Organization\/\",\"name\":\"CSJ Emballages\",\"url\":\"https:\/\/www.csj-emballages.com\/de\/\",\"logo\":{\"@type\":\"ImageObject\",\"inLanguage\":\"de\",\"@id\":\"https:\/\/www.csj-emballages.com\/de\/#\/schema\/logo\/image\/\",\"url\":\"https:\/\/www.csj-emballages.com\/wp-content\/uploads\/2023\/10\/logo_csj.webp\",\"contentUrl\":\"https:\/\/www.csj-emballages.com\/wp-content\/uploads\/2023\/10\/logo_csj.webp\",\"width\":250,\"height\":95,\"caption\":\"CSJ Emballages\"},\"image\":{\"@id\":\"https:\/\/www.csj-emballages.com\/de\/#\/schema\/logo\/image\/\"},\"sameAs\":[\"https:\/\/www.facebook.com\/csjemballages\"],\"address\":{\"@type\":\"PostalAddress\",\"streetAddress\":\"ZI La Lechere\",\"addressLocality\":\"Patornay\",\"postalCode\":\"39130\",\"addressCountry\":\"FR\"},\"contactPoint\":[{\"@type\":\"ContactPoint\",\"contactType\":\"Service client\",\"telephone\":\"0384254272\",\"email\":\"contact@csj-emballages.com\"}]}]}<\/script>\n<!-- \/ Yoast SEO Premium plugin. -->","yoast_head_json":{"title":"Bedruckter Pappbecher - 10 cl","description":"Entdecken Sie unseren bedruckten Pappbecher f\u00fcr Hei\u00dfgetr\u00e4nke mit einem Fassungsverm\u00f6gen von 10 cl! Wir bieten Ihnen eine Packung mit 50 hochwertigen und widerstandsf\u00e4higen Bechern an.","robots":{"index":"index","follow":"follow","max-snippet":"max-snippet:-1","max-image-preview":"max-image-preview:large","max-video-preview":"max-video-preview:-1"},"canonical":"https:\/\/www.csj-emballages.com\/de\/produit\/50-bedruckte-pappbecher-10-cl\/","og_locale":"de_DE","og_type":"article","og_title":"Bedruckter Pappbecher 10 cl pro 50","og_description":"Entdecken Sie unseren bedruckten Pappbecher f\u00fcr Hei\u00dfgetr\u00e4nke mit einem Fassungsverm\u00f6gen von 10 cl! Wir bieten Ihnen eine Packung mit 50 hochwertigen und widerstandsf\u00e4higen Bechern an.","og_url":"https:\/\/www.csj-emballages.com\/de\/produit\/50-bedruckte-pappbecher-10-cl\/","og_site_name":"CSJ Emballages","article_publisher":"https:\/\/www.facebook.com\/csjemballages","article_modified_time":"2026-05-04T12:00:31+00:00","og_image":[{"width":806,"height":806,"url":"https:\/\/www.csj-emballages.com\/wp-content\/uploads\/2024\/03\/374CS.webp","type":"image\/webp"}],"twitter_card":"summary_large_image","twitter_misc":{"Gesch\u00e4tzte Lesezeit":"2 Minuten"},"schema":{"@context":"https:\/\/schema.org","@graph":[{"@type":"WebPage","@id":"https:\/\/www.csj-emballages.com\/de\/produit\/50-bedruckte-pappbecher-10-cl\/","url":"https:\/\/www.csj-emballages.com\/de\/produit\/50-bedruckte-pappbecher-10-cl\/","name":"Bedruckter Pappbecher - 10 cl","isPartOf":{"@id":"https:\/\/www.csj-emballages.com\/de\/#website"},"primaryImageOfPage":{"@id":"https:\/\/www.csj-emballages.com\/de\/produit\/50-bedruckte-pappbecher-10-cl\/#primaryimage"},"image":{"@id":"https:\/\/www.csj-emballages.com\/de\/produit\/50-bedruckte-pappbecher-10-cl\/#primaryimage"},"thumbnailUrl":"https:\/\/www.csj-emballages.com\/wp-content\/uploads\/2024\/03\/374CS.webp","datePublished":"2024-03-01T15:57:47+00:00","dateModified":"2026-05-04T12:00:31+00:00","description":"Entdecken Sie unseren bedruckten Pappbecher f\u00fcr Hei\u00dfgetr\u00e4nke mit einem Fassungsverm\u00f6gen von 10 cl! Wir bieten Ihnen eine Packung mit 50 hochwertigen und widerstandsf\u00e4higen Bechern an.","breadcrumb":{"@id":"https:\/\/www.csj-emballages.com\/de\/produit\/50-bedruckte-pappbecher-10-cl\/#breadcrumb"},"inLanguage":"de","potentialAction":[{"@type":"ReadAction","target":["https:\/\/www.csj-emballages.com\/de\/produit\/50-bedruckte-pappbecher-10-cl\/"]}]},{"@type":"ImageObject","inLanguage":"de","@id":"https:\/\/www.csj-emballages.com\/de\/produit\/50-bedruckte-pappbecher-10-cl\/#primaryimage","url":"https:\/\/www.csj-emballages.com\/wp-content\/uploads\/2024\/03\/374CS.webp","contentUrl":"https:\/\/www.csj-emballages.com\/wp-content\/uploads\/2024\/03\/374CS.webp","width":806,"height":806,"caption":"gobelet carton"},{"@type":"BreadcrumbList","@id":"https:\/\/www.csj-emballages.com\/de\/produit\/50-bedruckte-pappbecher-10-cl\/#breadcrumb","itemListElement":[{"@type":"ListItem","position":1,"name":"Accueil","item":"https:\/\/www.csj-emballages.com\/de\/universum-lebensmittelverpackungen\/"},{"@type":"ListItem","position":2,"name":"Shop","item":"https:\/\/www.csj-emballages.com\/shop\/"},{"@type":"ListItem","position":3,"name":"Bedruckter Pappbecher 10 cl pro 50"}]},{"@type":"WebSite","@id":"https:\/\/www.csj-emballages.com\/de\/#website","url":"https:\/\/www.csj-emballages.com\/de\/","name":"CSJ Emballages","description":"","publisher":{"@id":"https:\/\/www.csj-emballages.com\/de\/#organization"},"potentialAction":[{"@type":"SearchAction","target":{"@type":"EntryPoint","urlTemplate":"https:\/\/www.csj-emballages.com\/de\/?s={search_term_string}"},"query-input":{"@type":"PropertyValueSpecification","valueRequired":true,"valueName":"search_term_string"}}],"inLanguage":"de"},{"@type":"Organization","@id":"https:\/\/www.csj-emballages.com\/de\/#Organization\/","name":"CSJ Emballages","url":"https:\/\/www.csj-emballages.com\/de\/","logo":{"@type":"ImageObject","inLanguage":"de","@id":"https:\/\/www.csj-emballages.com\/de\/#\/schema\/logo\/image\/","url":"https:\/\/www.csj-emballages.com\/wp-content\/uploads\/2023\/10\/logo_csj.webp","contentUrl":"https:\/\/www.csj-emballages.com\/wp-content\/uploads\/2023\/10\/logo_csj.webp","width":250,"height":95,"caption":"CSJ Emballages"},"image":{"@id":"https:\/\/www.csj-emballages.com\/de\/#\/schema\/logo\/image\/"},"sameAs":["https:\/\/www.facebook.com\/csjemballages"],"address":{"@type":"PostalAddress","streetAddress":"ZI La Lechere","addressLocality":"Patornay","postalCode":"39130","addressCountry":"FR"},"contactPoint":[{"@type":"ContactPoint","contactType":"Service client","telephone":"0384254272","email":"contact@csj-emballages.com"}]}]}},"df_price":1.22,"df_sale_price":"","df_regular_price":1.22,"df_image_link":"https:\/\/www.csj-emballages.com\/wp-content\/uploads\/2024\/03\/374CS-300x300.webp","tiered_pricing_type":"fixed","tiered_pricing_fixed_rules":[],"tiered_pricing_percentage_rules":[],"tiered_pricing_minimum":1,"tiered_pricing_roles_data":[],"_links":{"self":[{"href":"https:\/\/www.csj-emballages.com\/de\/wp-json\/wp\/v2\/product\/18993","targetHints":{"allow":["GET"]}}],"collection":[{"href":"https:\/\/www.csj-emballages.com\/de\/wp-json\/wp\/v2\/product"}],"about":[{"href":"https:\/\/www.csj-emballages.com\/de\/wp-json\/wp\/v2\/types\/product"}],"wp:featuredmedia":[{"embeddable":true,"href":"https:\/\/www.csj-emballages.com\/de\/wp-json\/wp\/v2\/media\/189298"}],"wp:attachment":[{"href":"https:\/\/www.csj-emballages.com\/de\/wp-json\/wp\/v2\/media?parent=18993"}],"wp:term":[{"taxonomy":"product_brand","embeddable":true,"href":"https:\/\/www.csj-emballages.com\/de\/wp-json\/wp\/v2\/product_brand?post=18993"},{"taxonomy":"product_cat","embeddable":true,"href":"https:\/\/www.csj-emballages.com\/de\/wp-json\/wp\/v2\/product_cat?post=18993"},{"taxonomy":"product_tag","embeddable":true,"href":"https:\/\/www.csj-emballages.com\/de\/wp-json\/wp\/v2\/product_tag?post=18993"}],"curies":[{"name":"wp","href":"https:\/\/api.w.org\/{rel}","templated":true}]}}